{"id":16413,"date":"2019-02-07T17:00:38","date_gmt":"2019-02-07T16:00:38","guid":{"rendered":"https:\/\/www.lassociation.fr\/contacts\/"},"modified":"2026-04-01T13:52:28","modified_gmt":"2026-04-01T11:52:28","slug":"contacts","status":"publish","type":"page","link":"https:\/\/www.lassociation.fr\/en\/contacts\/","title":{"rendered":"To contact us"},"content":{"rendered":"<div class=\"target-hg\"><\/div>\n<div class=\"garamondBold\">\n<p class=\"mobile-p\"><span class=\"intitules\">L\u2019ASSOCIATION<\/span><\/p>\n<p class=\"mobile-p\"> <br class=\"mobile-break\" \/><span class=\"mobile-hide\">&#8211;<\/span> 75020 PARIS &#8211; FRANCE<\/p>\n<p><span class=\"intitules\">General contact: <\/span><br class=\"mobile-break\" \/><a href=\"#\" class=\"email-obfusque\" data-email=\"yulqer@ynffbpvngvba.se\" data-texte=\"yulqer@ynffbpvngvba.se\"><\/a>\n            <script>\n            document.addEventListener(\"DOMContentLoaded\", function() {\n                var emailLinks = document.querySelectorAll(\".email-obfusque\");\n                emailLinks.forEach(function(link) {\n                    var encodedEmail = link.getAttribute(\"data-email\");\n                    var encodedTexte = link.getAttribute(\"data-texte\");\n                    \n                    \/\/ D\u00e9code r l'e m a il\n                    var normalEmail = encodedEmail.replace(\/[a-zA-Z]\/g, function(c) {\n                        return String.fromCharCode((c <= \"Z\" ? 90 : 122) >= (c = c.charCodeAt(0) + 13) ? c : c - 26);\n                    });\n                    \n                    \/\/ D\u00e9co der le t ex te\n                    var normalTexte = encodedTexte.replace(\/[a-zA-Z]\/g, function(c) {\n                        return String.fromCharCode((c <= \"Z\" ? 90 : 122) >= (c = c.charCodeAt(0) + 13) ? c : c - 26);\n                    });\n                    \n                    link.setAttribute(\"href\", \"mailto:\" + normalEmail);\n                    link.textContent = normalTexte;\n                });\n            });\n            <\/script><\/p>\n<div class=\"target-hd\"><\/div>\n<p><img class=\"contact-img mobile-hide\" alt=\"\" \/><br class=\"mobile-hide\" \/><span class=\"intitules\">Contact for members &amp; site orders: <\/span><br \/>\n<a href=\"#\" class=\"email-obfusque\" data-email=\"pyncvre@ynffbpvngvba.se\" data-texte=\"pyncvre@ynffbpvngvba.se\"><\/a>\n            <script>\n            document.addEventListener(\"DOMContentLoaded\", function() {\n                var emailLinks = document.querySelectorAll(\".email-obfusque\");\n                emailLinks.forEach(function(link) {\n                    var encodedEmail = link.getAttribute(\"data-email\");\n                    var encodedTexte = link.getAttribute(\"data-texte\");\n                    \n                    \/\/ D\u00e9code r l'e m a il\n                    var normalEmail = encodedEmail.replace(\/[a-zA-Z]\/g, function(c) {\n                        return String.fromCharCode((c <= \"Z\" ? 90 : 122) >= (c = c.charCodeAt(0) + 13) ? c : c - 26);\n                    });\n                    \n                    \/\/ D\u00e9co der le t ex te\n                    var normalTexte = encodedTexte.replace(\/[a-zA-Z]\/g, function(c) {\n                        return String.fromCharCode((c <= \"Z\" ? 90 : 122) >= (c = c.charCodeAt(0) + 13) ? c : c - 26);\n                    });\n                    \n                    link.setAttribute(\"href\", \"mailto:\" + normalEmail);\n                    link.textContent = normalTexte;\n                });\n            });\n            <\/script><\/p>\n<p><span class=\"intitules\"><a href=\"#\" class=\"email-obfusque\" data-email=\"pynver@ynffbpvngvba.se\" data-texte=\"Evtugf znantrzrag\"><\/a>\n            <script>\n            document.addEventListener(\"DOMContentLoaded\", function() {\n                var emailLinks = document.querySelectorAll(\".email-obfusque\");\n                emailLinks.forEach(function(link) {\n                    var encodedEmail = link.getAttribute(\"data-email\");\n                    var encodedTexte = link.getAttribute(\"data-texte\");\n                    \n                    \/\/ D\u00e9code r l'e m a il\n                    var normalEmail = encodedEmail.replace(\/[a-zA-Z]\/g, function(c) {\n                        return String.fromCharCode((c <= \"Z\" ? 90 : 122) >= (c = c.charCodeAt(0) + 13) ? c : c - 26);\n                    });\n                    \n                    \/\/ D\u00e9co der le t ex te\n                    var normalTexte = encodedTexte.replace(\/[a-zA-Z]\/g, function(c) {\n                        return String.fromCharCode((c <= \"Z\" ? 90 : 122) >= (c = c.charCodeAt(0) + 13) ? c : c - 26);\n                    });\n                    \n                    link.setAttribute(\"href\", \"mailto:\" + normalEmail);\n                    link.textContent = normalTexte;\n                });\n            });\n            <\/script> <\/span><br class=\"mobile-break\" \/><\/p>\n<p><span class=\"intitules\">Press contact, booksellers, trade fairs &amp; festivals: <br class=\"mobile-break\" \/><\/span><a href=\"#\" class=\"email-obfusque\" data-email=\"vfnoryyr@ynffbpvngvba.se\" data-texte=\"Vfnoryyr Punezrggr\"><\/a>\n            <script>\n            document.addEventListener(\"DOMContentLoaded\", function() {\n                var emailLinks = document.querySelectorAll(\".email-obfusque\");\n                emailLinks.forEach(function(link) {\n                    var encodedEmail = link.getAttribute(\"data-email\");\n                    var encodedTexte = link.getAttribute(\"data-texte\");\n                    \n                    \/\/ D\u00e9code r l'e m a il\n                    var normalEmail = encodedEmail.replace(\/[a-zA-Z]\/g, function(c) {\n                        return String.fromCharCode((c <= \"Z\" ? 90 : 122) >= (c = c.charCodeAt(0) + 13) ? c : c - 26);\n                    });\n                    \n                    \/\/ D\u00e9co der le t ex te\n                    var normalTexte = encodedTexte.replace(\/[a-zA-Z]\/g, function(c) {\n                        return String.fromCharCode((c <= \"Z\" ? 90 : 122) >= (c = c.charCodeAt(0) + 13) ? c : c - 26);\n                    });\n                    \n                    link.setAttribute(\"href\", \"mailto:\" + normalEmail);\n                    link.textContent = normalTexte;\n                });\n            });\n            <\/script><\/p>\n<p><span class=\"intitules\">Contact foreign rights: <br class=\"mobile-break\" \/><a href=\"#\" class=\"email-obfusque\" data-email=\"gvcunvar@ebhmyvgntrapl.pbz\" data-texte=\"Gvcunvar Yr Ebhk \/ Ntrapr Ebhm Serapu Pbzvpf\"><\/a>\n            <script>\n            document.addEventListener(\"DOMContentLoaded\", function() {\n                var emailLinks = document.querySelectorAll(\".email-obfusque\");\n                emailLinks.forEach(function(link) {\n                    var encodedEmail = link.getAttribute(\"data-email\");\n                    var encodedTexte = link.getAttribute(\"data-texte\");\n                    \n                    \/\/ D\u00e9code r l'e m a il\n                    var normalEmail = encodedEmail.replace(\/[a-zA-Z]\/g, function(c) {\n                        return String.fromCharCode((c <= \"Z\" ? 90 : 122) >= (c = c.charCodeAt(0) + 13) ? c : c - 26);\n                    });\n                    \n                    \/\/ D\u00e9co der le t ex te\n                    var normalTexte = encodedTexte.replace(\/[a-zA-Z]\/g, function(c) {\n                        return String.fromCharCode((c <= \"Z\" ? 90 : 122) >= (c = c.charCodeAt(0) + 13) ? c : c - 26);\n                    });\n                    \n                    link.setAttribute(\"href\", \"mailto:\" + normalEmail);\n                    link.textContent = normalTexte;\n                });\n            });\n            <\/script><\/span><\/p>\n<p><span class=\"intitules\">Diffusion\/distribution :<\/span> <br class=\"mobile-break\" \/>France &amp; Belgium : BLDD, Servidis (distribution) \u00b7 Canada : Dimedia<\/p>\n<p>&nbsp;<\/p>\n<p><span class=\"intitules\">Sending projects to the editorial committee: <\/span><br class=\"mobile-break\" \/><a href=\"#\" class=\"email-obfusque\" data-email=\"cebwrgcbheynffb@ynffbpvngvba.se\" data-texte=\"cebwrgcbheynffb@ynffbpvngvba.se\"><\/a>\n            <script>\n            document.addEventListener(\"DOMContentLoaded\", function() {\n                var emailLinks = document.querySelectorAll(\".email-obfusque\");\n                emailLinks.forEach(function(link) {\n                    var encodedEmail = link.getAttribute(\"data-email\");\n                    var encodedTexte = link.getAttribute(\"data-texte\");\n                    \n                    \/\/ D\u00e9code r l'e m a il\n                    var normalEmail = encodedEmail.replace(\/[a-zA-Z]\/g, function(c) {\n                        return String.fromCharCode((c <= \"Z\" ? 90 : 122) >= (c = c.charCodeAt(0) + 13) ? c : c - 26);\n                    });\n                    \n                    \/\/ D\u00e9co der le t ex te\n                    var normalTexte = encodedTexte.replace(\/[a-zA-Z]\/g, function(c) {\n                        return String.fromCharCode((c <= \"Z\" ? 90 : 122) >= (c = c.charCodeAt(0) + 13) ? c : c - 26);\n                    });\n                    \n                    link.setAttribute(\"href\", \"mailto:\" + normalEmail);\n                    link.textContent = normalTexte;\n                });\n            });\n            <\/script><\/p>\n<div class=\"line\"><\/div>\n<p><span class=\"intitules\">Attention : <\/span>Please send only projects whose format and spirit conform to our bibliography. We\u00a0will\u00a0only\u00a0respond to those. All files must not exceed 8 MB. Links to a visibility on a website are\u00a0accepted, but\u00a0not\u00a0links\u00a0to\u00a0direct\u00a0downloads.<\/p>\n<div class=\"line\"><\/div>\n<\/div>\n","protected":false},"excerpt":{"rendered":"<p>L\u2019ASSOCIATION &#8211; 75020 PARIS &#8211; FRANCE General contact: Contact for members &amp; site orders: Press contact, booksellers, trade fairs &amp; festivals: Contact foreign rights: Diffusion\/distribution : France &amp; Belgium : BLDD, Servidis (distribution) \u00b7 Canada : Dimedia &nbsp; Sending projects to the editorial committee: Attention : Please send only projects whose format and spirit conform [&hellip;]<\/p>\n","protected":false},"author":1,"featured_media":0,"parent":0,"menu_order":0,"comment_status":"closed","ping_status":"closed","template":"page-contact.php","meta":{"_acf_changed":false,"footnotes":""},"class_list":["post-16413","page","type-page","status-publish","hentry"],"acf":[],"yoast_head":"<title>Pour contacter L\u2019Association<\/title>\n<meta name=\"description\" content=\"Our details for contacting us or for sending projects to the editorial board of the Association in Paris, France.\" \/>\n<meta name=\"robots\" content=\"index, follow, max-snippet:-1, max-image-preview:large, max-video-preview:-1\" \/>\n<link rel=\"canonical\" href=\"https:\/\/www.lassociation.fr\/en\/contacts\/\" \/>\n<meta property=\"og:locale\" content=\"en_US\" \/>\n<meta property=\"og:type\" content=\"article\" \/>\n<meta property=\"og:title\" content=\"Pour contacter L\u2019Association\" \/>\n<meta property=\"og:description\" content=\"Our details for contacting us or for sending projects to the editorial board of the Association in Paris, France.\" \/>\n<meta property=\"og:url\" content=\"https:\/\/www.lassociation.fr\/en\/contacts\/\" \/>\n<meta property=\"og:site_name\" content=\"L\u2019Association\" \/>\n<meta property=\"article:publisher\" content=\"https:\/\/www.facebook.com\/lhydrelasso\/\" \/>\n<meta property=\"article:modified_time\" content=\"2026-04-01T11:52:28+00:00\" \/>\n<meta property=\"og:image\" content=\"https:\/\/www.lassociation.fr\/backoffice\/wp-content\/uploads\/2019\/11\/asso_large.png\" \/>\n\t<meta property=\"og:image:width\" content=\"1200\" \/>\n\t<meta property=\"og:image:height\" content=\"630\" \/>\n\t<meta property=\"og:image:type\" content=\"image\/png\" \/>\n<meta name=\"twitter:card\" content=\"summary_large_image\" \/>\n<meta name=\"twitter:site\" content=\"@lassociation\" \/>\n<script type=\"application\/ld+json\" class=\"yoast-schema-graph\">{\"@context\":\"https:\\\/\\\/schema.org\",\"@graph\":[{\"@type\":\"WebPage\",\"@id\":\"https:\\\/\\\/www.lassociation.fr\\\/en\\\/contacts\\\/\",\"url\":\"https:\\\/\\\/www.lassociation.fr\\\/en\\\/contacts\\\/\",\"name\":\"Pour contacter L\u2019Association\",\"isPartOf\":{\"@id\":\"https:\\\/\\\/www.lassociation.fr\\\/en\\\/#website\"},\"datePublished\":\"2019-02-07T16:00:38+00:00\",\"dateModified\":\"2026-04-01T11:52:28+00:00\",\"description\":\"Our details for contacting us or for sending projects to the editorial board of the Association in Paris, France.\",\"breadcrumb\":{\"@id\":\"https:\\\/\\\/www.lassociation.fr\\\/en\\\/contacts\\\/#breadcrumb\"},\"inLanguage\":\"en-US\",\"potentialAction\":[{\"@type\":\"ReadAction\",\"target\":[\"https:\\\/\\\/www.lassociation.fr\\\/en\\\/contacts\\\/\"]}]},{\"@type\":\"BreadcrumbList\",\"@id\":\"https:\\\/\\\/www.lassociation.fr\\\/en\\\/contacts\\\/#breadcrumb\",\"itemListElement\":[{\"@type\":\"ListItem\",\"position\":1,\"name\":\"Accueil\",\"item\":\"https:\\\/\\\/www.lassociation.fr\\\/en\\\/\"},{\"@type\":\"ListItem\",\"position\":2,\"name\":\"To contact us\"}]},{\"@type\":\"WebSite\",\"@id\":\"https:\\\/\\\/www.lassociation.fr\\\/en\\\/#website\",\"url\":\"https:\\\/\\\/www.lassociation.fr\\\/en\\\/\",\"name\":\"L\u2019Association\",\"description\":\"Maison d\u2019\u00e9dition fran\u00e7aise de bande dessin\u00e9e, fond\u00e9e en 1990.\",\"publisher\":{\"@id\":\"https:\\\/\\\/www.lassociation.fr\\\/en\\\/#organization\"},\"potentialAction\":[{\"@type\":\"SearchAction\",\"target\":{\"@type\":\"EntryPoint\",\"urlTemplate\":\"https:\\\/\\\/www.lassociation.fr\\\/en\\\/?s={search_term_string}\"},\"query-input\":{\"@type\":\"PropertyValueSpecification\",\"valueRequired\":true,\"valueName\":\"search_term_string\"}}],\"inLanguage\":\"en-US\"},{\"@type\":\"Organization\",\"@id\":\"https:\\\/\\\/www.lassociation.fr\\\/en\\\/#organization\",\"name\":\"L\u2019Association\",\"url\":\"https:\\\/\\\/www.lassociation.fr\\\/en\\\/\",\"logo\":{\"@type\":\"ImageObject\",\"inLanguage\":\"en-US\",\"@id\":\"https:\\\/\\\/www.lassociation.fr\\\/en\\\/#\\\/schema\\\/logo\\\/image\\\/\",\"url\":\"https:\\\/\\\/www.lassociation.fr\\\/backoffice\\\/wp-content\\\/uploads\\\/2019\\\/11\\\/asso_large.png\",\"contentUrl\":\"https:\\\/\\\/www.lassociation.fr\\\/backoffice\\\/wp-content\\\/uploads\\\/2019\\\/11\\\/asso_large.png\",\"width\":1200,\"height\":630,\"caption\":\"L\u2019Association\"},\"image\":{\"@id\":\"https:\\\/\\\/www.lassociation.fr\\\/en\\\/#\\\/schema\\\/logo\\\/image\\\/\"},\"sameAs\":[\"https:\\\/\\\/www.facebook.com\\\/lhydrelasso\\\/\",\"https:\\\/\\\/x.com\\\/lassociation\",\"https:\\\/\\\/www.instagram.com\\\/editions_lassociation\",\"https:\\\/\\\/fr.wikipedia.org\\\/wiki\\\/LAssociation\",\"https:\\\/\\\/www.youtube.com\\\/@editions_lassociation\"]}]}<\/script>","yoast_head_json":{"title":"Pour contacter L\u2019Association","description":"Our details for contacting us or for sending projects to the editorial board of the Association in Paris, France.","robots":{"index":"index","follow":"follow","max-snippet":"max-snippet:-1","max-image-preview":"max-image-preview:large","max-video-preview":"max-video-preview:-1"},"canonical":"https:\/\/www.lassociation.fr\/en\/contacts\/","og_locale":"en_US","og_type":"article","og_title":"Pour contacter L\u2019Association","og_description":"Our details for contacting us or for sending projects to the editorial board of the Association in Paris, France.","og_url":"https:\/\/www.lassociation.fr\/en\/contacts\/","og_site_name":"L\u2019Association","article_publisher":"https:\/\/www.facebook.com\/lhydrelasso\/","article_modified_time":"2026-04-01T11:52:28+00:00","og_image":[{"width":1200,"height":630,"url":"https:\/\/www.lassociation.fr\/backoffice\/wp-content\/uploads\/2019\/11\/asso_large.png","type":"image\/png"}],"twitter_card":"summary_large_image","twitter_site":"@lassociation","schema":{"@context":"https:\/\/schema.org","@graph":[{"@type":"WebPage","@id":"https:\/\/www.lassociation.fr\/en\/contacts\/","url":"https:\/\/www.lassociation.fr\/en\/contacts\/","name":"Pour contacter L\u2019Association","isPartOf":{"@id":"https:\/\/www.lassociation.fr\/en\/#website"},"datePublished":"2019-02-07T16:00:38+00:00","dateModified":"2026-04-01T11:52:28+00:00","description":"Our details for contacting us or for sending projects to the editorial board of the Association in Paris, France.","breadcrumb":{"@id":"https:\/\/www.lassociation.fr\/en\/contacts\/#breadcrumb"},"inLanguage":"en-US","potentialAction":[{"@type":"ReadAction","target":["https:\/\/www.lassociation.fr\/en\/contacts\/"]}]},{"@type":"BreadcrumbList","@id":"https:\/\/www.lassociation.fr\/en\/contacts\/#breadcrumb","itemListElement":[{"@type":"ListItem","position":1,"name":"Accueil","item":"https:\/\/www.lassociation.fr\/en\/"},{"@type":"ListItem","position":2,"name":"To contact us"}]},{"@type":"WebSite","@id":"https:\/\/www.lassociation.fr\/en\/#website","url":"https:\/\/www.lassociation.fr\/en\/","name":"L\u2019Association","description":"Maison d\u2019\u00e9dition fran\u00e7aise de bande dessin\u00e9e, fond\u00e9e en 1990.","publisher":{"@id":"https:\/\/www.lassociation.fr\/en\/#organization"},"potentialAction":[{"@type":"SearchAction","target":{"@type":"EntryPoint","urlTemplate":"https:\/\/www.lassociation.fr\/en\/?s={search_term_string}"},"query-input":{"@type":"PropertyValueSpecification","valueRequired":true,"valueName":"search_term_string"}}],"inLanguage":"en-US"},{"@type":"Organization","@id":"https:\/\/www.lassociation.fr\/en\/#organization","name":"L\u2019Association","url":"https:\/\/www.lassociation.fr\/en\/","logo":{"@type":"ImageObject","inLanguage":"en-US","@id":"https:\/\/www.lassociation.fr\/en\/#\/schema\/logo\/image\/","url":"https:\/\/www.lassociation.fr\/backoffice\/wp-content\/uploads\/2019\/11\/asso_large.png","contentUrl":"https:\/\/www.lassociation.fr\/backoffice\/wp-content\/uploads\/2019\/11\/asso_large.png","width":1200,"height":630,"caption":"L\u2019Association"},"image":{"@id":"https:\/\/www.lassociation.fr\/en\/#\/schema\/logo\/image\/"},"sameAs":["https:\/\/www.facebook.com\/lhydrelasso\/","https:\/\/x.com\/lassociation","https:\/\/www.instagram.com\/editions_lassociation","https:\/\/fr.wikipedia.org\/wiki\/LAssociation","https:\/\/www.youtube.com\/@editions_lassociation"]}]}},"_links":{"self":[{"href":"https:\/\/www.lassociation.fr\/en\/wp-json\/wp\/v2\/pages\/16413","targetHints":{"allow":["GET"]}}],"collection":[{"href":"https:\/\/www.lassociation.fr\/en\/wp-json\/wp\/v2\/pages"}],"about":[{"href":"https:\/\/www.lassociation.fr\/en\/wp-json\/wp\/v2\/types\/page"}],"author":[{"embeddable":true,"href":"https:\/\/www.lassociation.fr\/en\/wp-json\/wp\/v2\/users\/1"}],"replies":[{"embeddable":true,"href":"https:\/\/www.lassociation.fr\/en\/wp-json\/wp\/v2\/comments?post=16413"}],"version-history":[{"count":2,"href":"https:\/\/www.lassociation.fr\/en\/wp-json\/wp\/v2\/pages\/16413\/revisions"}],"predecessor-version":[{"id":27690,"href":"https:\/\/www.lassociation.fr\/en\/wp-json\/wp\/v2\/pages\/16413\/revisions\/27690"}],"wp:attachment":[{"href":"https:\/\/www.lassociation.fr\/en\/wp-json\/wp\/v2\/media?parent=16413"}],"curies":[{"name":"wp","href":"https:\/\/api.w.org\/{rel}","templated":true}]}}