{"id":16430,"date":"2019-02-07T17:00:38","date_gmt":"2019-02-07T16:00:38","guid":{"rendered":"https:\/\/www.lassociation.fr\/adhesion\/"},"modified":"2020-08-10T13:00:55","modified_gmt":"2020-08-10T11:00:55","slug":"membership","status":"publish","type":"page","link":"https:\/\/www.lassociation.fr\/en\/membership\/","title":{"rendered":"Membership"},"content":{"rendered":"<p><img loading=\"lazy\" decoding=\"async\" class=\"img-adhesion wp-image-726 size-full aligncenter\" title=\"Donnez du ressort \u00e0 vos jambes. Adh\u00e9rez \u00e0 L\u2019Association !\" src=\"https:\/\/www.lassociation.fr\/backoffice\/wp-content\/uploads\/2019\/02\/adhesionsite.png\" alt=\"Donnez du ressort \u00e0 vos jambes. Adh\u00e9rez \u00e0 L\u2019Association !\" width=\"1600\" height=\"1537\" srcset=\"https:\/\/www.lassociation.fr\/backoffice\/wp-content\/uploads\/2019\/02\/adhesionsite.png 1600w, https:\/\/www.lassociation.fr\/backoffice\/wp-content\/uploads\/2019\/02\/adhesionsite-300x288.png 300w, https:\/\/www.lassociation.fr\/backoffice\/wp-content\/uploads\/2019\/02\/adhesionsite-768x738.png 768w, https:\/\/www.lassociation.fr\/backoffice\/wp-content\/uploads\/2019\/02\/adhesionsite-100x96.png 100w, https:\/\/www.lassociation.fr\/backoffice\/wp-content\/uploads\/2019\/02\/adhesionsite-1280x1230.png 1280w, https:\/\/www.lassociation.fr\/backoffice\/wp-content\/uploads\/2019\/02\/adhesionsite-640x615.png 640w, https:\/\/www.lassociation.fr\/backoffice\/wp-content\/uploads\/2019\/02\/adhesionsite-1200x1153.png 1200w\" sizes=\"auto, (max-width: 1600px) 100vw, 1600px\" \/><\/p>\n","protected":false},"excerpt":{"rendered":"","protected":false},"author":1,"featured_media":0,"parent":0,"menu_order":0,"comment_status":"closed","ping_status":"closed","template":"","meta":{"_acf_changed":false,"footnotes":""},"class_list":["post-16430","page","type-page","status-publish","hentry"],"acf":[],"yoast_head":"<title>Membership of L\u2019Association<\/title>\n<meta name=\"description\" content=\"Pour tout savoir sur la face cach\u00e9e de L\u2019Association, une seule solution, l\u2019adh\u00e9sion ! Soutenez L\u2019Association et recevez des cadeaux et acc\u00e8s privil\u00e9gi\u00e9s.\" \/>\n<meta name=\"robots\" content=\"index, follow, max-snippet:-1, max-image-preview:large, max-video-preview:-1\" \/>\n<link rel=\"canonical\" href=\"https:\/\/www.lassociation.fr\/en\/membership\/\" \/>\n<meta property=\"og:locale\" content=\"en_US\" \/>\n<meta property=\"og:type\" content=\"article\" \/>\n<meta property=\"og:title\" content=\"Membership of L\u2019Association\" \/>\n<meta property=\"og:description\" content=\"Pour tout savoir sur la face cach\u00e9e de L\u2019Association, une seule solution, l\u2019adh\u00e9sion ! Soutenez L\u2019Association et recevez des cadeaux et acc\u00e8s privil\u00e9gi\u00e9s.\" \/>\n<meta property=\"og:url\" content=\"https:\/\/www.lassociation.fr\/en\/membership\/\" \/>\n<meta property=\"og:site_name\" content=\"L\u2019Association\" \/>\n<meta property=\"article:publisher\" content=\"https:\/\/www.facebook.com\/lhydrelasso\/\" \/>\n<meta property=\"article:modified_time\" content=\"2020-08-10T11:00:55+00:00\" \/>\n<meta property=\"og:image\" content=\"https:\/\/www.lassociation.fr\/backoffice\/wp-content\/uploads\/2019\/02\/adhesionsite.png\" \/>\n<meta name=\"twitter:card\" content=\"summary_large_image\" \/>\n<meta name=\"twitter:site\" content=\"@lassociation\" \/>\n<script type=\"application\/ld+json\" class=\"yoast-schema-graph\">{\"@context\":\"https:\\\/\\\/schema.org\",\"@graph\":[{\"@type\":\"WebPage\",\"@id\":\"https:\\\/\\\/www.lassociation.fr\\\/en\\\/membership\\\/\",\"url\":\"https:\\\/\\\/www.lassociation.fr\\\/en\\\/membership\\\/\",\"name\":\"Membership of L\u2019Association\",\"isPartOf\":{\"@id\":\"https:\\\/\\\/www.lassociation.fr\\\/en\\\/#website\"},\"primaryImageOfPage\":{\"@id\":\"https:\\\/\\\/www.lassociation.fr\\\/en\\\/membership\\\/#primaryimage\"},\"image\":{\"@id\":\"https:\\\/\\\/www.lassociation.fr\\\/en\\\/membership\\\/#primaryimage\"},\"thumbnailUrl\":\"https:\\\/\\\/www.lassociation.fr\\\/backoffice\\\/wp-content\\\/uploads\\\/2019\\\/02\\\/adhesionsite.png\",\"datePublished\":\"2019-02-07T16:00:38+00:00\",\"dateModified\":\"2020-08-10T11:00:55+00:00\",\"description\":\"Pour tout savoir sur la face cach\u00e9e de L\u2019Association, une seule solution, l\u2019adh\u00e9sion ! Soutenez L\u2019Association et recevez des cadeaux et acc\u00e8s privil\u00e9gi\u00e9s.\",\"breadcrumb\":{\"@id\":\"https:\\\/\\\/www.lassociation.fr\\\/en\\\/membership\\\/#breadcrumb\"},\"inLanguage\":\"en-US\",\"potentialAction\":[{\"@type\":\"ReadAction\",\"target\":[\"https:\\\/\\\/www.lassociation.fr\\\/en\\\/membership\\\/\"]}]},{\"@type\":\"ImageObject\",\"inLanguage\":\"en-US\",\"@id\":\"https:\\\/\\\/www.lassociation.fr\\\/en\\\/membership\\\/#primaryimage\",\"url\":\"https:\\\/\\\/www.lassociation.fr\\\/backoffice\\\/wp-content\\\/uploads\\\/2019\\\/02\\\/adhesionsite.png\",\"contentUrl\":\"https:\\\/\\\/www.lassociation.fr\\\/backoffice\\\/wp-content\\\/uploads\\\/2019\\\/02\\\/adhesionsite.png\"},{\"@type\":\"BreadcrumbList\",\"@id\":\"https:\\\/\\\/www.lassociation.fr\\\/en\\\/membership\\\/#breadcrumb\",\"itemListElement\":[{\"@type\":\"ListItem\",\"position\":1,\"name\":\"Accueil\",\"item\":\"https:\\\/\\\/www.lassociation.fr\\\/en\\\/\"},{\"@type\":\"ListItem\",\"position\":2,\"name\":\"Membership\"}]},{\"@type\":\"WebSite\",\"@id\":\"https:\\\/\\\/www.lassociation.fr\\\/en\\\/#website\",\"url\":\"https:\\\/\\\/www.lassociation.fr\\\/en\\\/\",\"name\":\"L\u2019Association\",\"description\":\"Maison d\u2019\u00e9dition fran\u00e7aise de bande dessin\u00e9e, fond\u00e9e en 1990.\",\"publisher\":{\"@id\":\"https:\\\/\\\/www.lassociation.fr\\\/en\\\/#organization\"},\"potentialAction\":[{\"@type\":\"SearchAction\",\"target\":{\"@type\":\"EntryPoint\",\"urlTemplate\":\"https:\\\/\\\/www.lassociation.fr\\\/en\\\/?s={search_term_string}\"},\"query-input\":{\"@type\":\"PropertyValueSpecification\",\"valueRequired\":true,\"valueName\":\"search_term_string\"}}],\"inLanguage\":\"en-US\"},{\"@type\":\"Organization\",\"@id\":\"https:\\\/\\\/www.lassociation.fr\\\/en\\\/#organization\",\"name\":\"L\u2019Association\",\"url\":\"https:\\\/\\\/www.lassociation.fr\\\/en\\\/\",\"logo\":{\"@type\":\"ImageObject\",\"inLanguage\":\"en-US\",\"@id\":\"https:\\\/\\\/www.lassociation.fr\\\/en\\\/#\\\/schema\\\/logo\\\/image\\\/\",\"url\":\"https:\\\/\\\/www.lassociation.fr\\\/backoffice\\\/wp-content\\\/uploads\\\/2019\\\/11\\\/asso_large.png\",\"contentUrl\":\"https:\\\/\\\/www.lassociation.fr\\\/backoffice\\\/wp-content\\\/uploads\\\/2019\\\/11\\\/asso_large.png\",\"width\":1200,\"height\":630,\"caption\":\"L\u2019Association\"},\"image\":{\"@id\":\"https:\\\/\\\/www.lassociation.fr\\\/en\\\/#\\\/schema\\\/logo\\\/image\\\/\"},\"sameAs\":[\"https:\\\/\\\/www.facebook.com\\\/lhydrelasso\\\/\",\"https:\\\/\\\/x.com\\\/lassociation\",\"https:\\\/\\\/www.instagram.com\\\/editions_lassociation\",\"https:\\\/\\\/fr.wikipedia.org\\\/wiki\\\/LAssociation\",\"https:\\\/\\\/www.youtube.com\\\/@editions_lassociation\"]}]}<\/script>","yoast_head_json":{"title":"Membership of L\u2019Association","description":"Pour tout savoir sur la face cach\u00e9e de L\u2019Association, une seule solution, l\u2019adh\u00e9sion ! Soutenez L\u2019Association et recevez des cadeaux et acc\u00e8s privil\u00e9gi\u00e9s.","robots":{"index":"index","follow":"follow","max-snippet":"max-snippet:-1","max-image-preview":"max-image-preview:large","max-video-preview":"max-video-preview:-1"},"canonical":"https:\/\/www.lassociation.fr\/en\/membership\/","og_locale":"en_US","og_type":"article","og_title":"Membership of L\u2019Association","og_description":"Pour tout savoir sur la face cach\u00e9e de L\u2019Association, une seule solution, l\u2019adh\u00e9sion ! Soutenez L\u2019Association et recevez des cadeaux et acc\u00e8s privil\u00e9gi\u00e9s.","og_url":"https:\/\/www.lassociation.fr\/en\/membership\/","og_site_name":"L\u2019Association","article_publisher":"https:\/\/www.facebook.com\/lhydrelasso\/","article_modified_time":"2020-08-10T11:00:55+00:00","og_image":[{"url":"https:\/\/www.lassociation.fr\/backoffice\/wp-content\/uploads\/2019\/02\/adhesionsite.png","type":"","width":"","height":""}],"twitter_card":"summary_large_image","twitter_site":"@lassociation","schema":{"@context":"https:\/\/schema.org","@graph":[{"@type":"WebPage","@id":"https:\/\/www.lassociation.fr\/en\/membership\/","url":"https:\/\/www.lassociation.fr\/en\/membership\/","name":"Membership of L\u2019Association","isPartOf":{"@id":"https:\/\/www.lassociation.fr\/en\/#website"},"primaryImageOfPage":{"@id":"https:\/\/www.lassociation.fr\/en\/membership\/#primaryimage"},"image":{"@id":"https:\/\/www.lassociation.fr\/en\/membership\/#primaryimage"},"thumbnailUrl":"https:\/\/www.lassociation.fr\/backoffice\/wp-content\/uploads\/2019\/02\/adhesionsite.png","datePublished":"2019-02-07T16:00:38+00:00","dateModified":"2020-08-10T11:00:55+00:00","description":"Pour tout savoir sur la face cach\u00e9e de L\u2019Association, une seule solution, l\u2019adh\u00e9sion ! Soutenez L\u2019Association et recevez des cadeaux et acc\u00e8s privil\u00e9gi\u00e9s.","breadcrumb":{"@id":"https:\/\/www.lassociation.fr\/en\/membership\/#breadcrumb"},"inLanguage":"en-US","potentialAction":[{"@type":"ReadAction","target":["https:\/\/www.lassociation.fr\/en\/membership\/"]}]},{"@type":"ImageObject","inLanguage":"en-US","@id":"https:\/\/www.lassociation.fr\/en\/membership\/#primaryimage","url":"https:\/\/www.lassociation.fr\/backoffice\/wp-content\/uploads\/2019\/02\/adhesionsite.png","contentUrl":"https:\/\/www.lassociation.fr\/backoffice\/wp-content\/uploads\/2019\/02\/adhesionsite.png"},{"@type":"BreadcrumbList","@id":"https:\/\/www.lassociation.fr\/en\/membership\/#breadcrumb","itemListElement":[{"@type":"ListItem","position":1,"name":"Accueil","item":"https:\/\/www.lassociation.fr\/en\/"},{"@type":"ListItem","position":2,"name":"Membership"}]},{"@type":"WebSite","@id":"https:\/\/www.lassociation.fr\/en\/#website","url":"https:\/\/www.lassociation.fr\/en\/","name":"L\u2019Association","description":"Maison d\u2019\u00e9dition fran\u00e7aise de bande dessin\u00e9e, fond\u00e9e en 1990.","publisher":{"@id":"https:\/\/www.lassociation.fr\/en\/#organization"},"potentialAction":[{"@type":"SearchAction","target":{"@type":"EntryPoint","urlTemplate":"https:\/\/www.lassociation.fr\/en\/?s={search_term_string}"},"query-input":{"@type":"PropertyValueSpecification","valueRequired":true,"valueName":"search_term_string"}}],"inLanguage":"en-US"},{"@type":"Organization","@id":"https:\/\/www.lassociation.fr\/en\/#organization","name":"L\u2019Association","url":"https:\/\/www.lassociation.fr\/en\/","logo":{"@type":"ImageObject","inLanguage":"en-US","@id":"https:\/\/www.lassociation.fr\/en\/#\/schema\/logo\/image\/","url":"https:\/\/www.lassociation.fr\/backoffice\/wp-content\/uploads\/2019\/11\/asso_large.png","contentUrl":"https:\/\/www.lassociation.fr\/backoffice\/wp-content\/uploads\/2019\/11\/asso_large.png","width":1200,"height":630,"caption":"L\u2019Association"},"image":{"@id":"https:\/\/www.lassociation.fr\/en\/#\/schema\/logo\/image\/"},"sameAs":["https:\/\/www.facebook.com\/lhydrelasso\/","https:\/\/x.com\/lassociation","https:\/\/www.instagram.com\/editions_lassociation","https:\/\/fr.wikipedia.org\/wiki\/LAssociation","https:\/\/www.youtube.com\/@editions_lassociation"]}]}},"_links":{"self":[{"href":"https:\/\/www.lassociation.fr\/en\/wp-json\/wp\/v2\/pages\/16430","targetHints":{"allow":["GET"]}}],"collection":[{"href":"https:\/\/www.lassociation.fr\/en\/wp-json\/wp\/v2\/pages"}],"about":[{"href":"https:\/\/www.lassociation.fr\/en\/wp-json\/wp\/v2\/types\/page"}],"author":[{"embeddable":true,"href":"https:\/\/www.lassociation.fr\/en\/wp-json\/wp\/v2\/users\/1"}],"replies":[{"embeddable":true,"href":"https:\/\/www.lassociation.fr\/en\/wp-json\/wp\/v2\/comments?post=16430"}],"version-history":[{"count":2,"href":"https:\/\/www.lassociation.fr\/en\/wp-json\/wp\/v2\/pages\/16430\/revisions"}],"predecessor-version":[{"id":16432,"href":"https:\/\/www.lassociation.fr\/en\/wp-json\/wp\/v2\/pages\/16430\/revisions\/16432"}],"wp:attachment":[{"href":"https:\/\/www.lassociation.fr\/en\/wp-json\/wp\/v2\/media?parent=16430"}],"curies":[{"name":"wp","href":"https:\/\/api.w.org\/{rel}","templated":true}]}}