{"id":10934,"date":"2019-12-24T12:47:23","date_gmt":"2019-12-24T11:47:23","guid":{"rendered":"https:\/\/www.lassociation.fr\/?post_type=product&#038;p=10934"},"modified":"2026-01-22T11:39:31","modified_gmt":"2026-01-22T10:39:31","slug":"le-taureau-par-les-cornes","status":"publish","type":"product","link":"https:\/\/www.lassociation.fr\/en\/catalogue\/le-taureau-par-les-cornes\/","title":{"rendered":"Taureau par les cornes (Le)"},"content":{"rendered":"<p>Juin 2005. Un diagnostic est enfin pos\u00e9 : sa m\u00e8re souffre de d\u00e9mence fronto-temporale pr\u00e9coce, affection cousine de la maladie d\u2019Alzheimer.<br \/>\nSeptembre 2005. Son fils \u00c9mile na\u00eet pr\u00e9matur\u00e9ment. Il est porteur de trisomie.<br \/>\n\u00c0 quelques mois d\u2019intervalle, Morvandiau doit faire le deuil de la m\u00e8re qu\u2019il a connue et de l\u2019enfant qu\u2019il avait attendu.<\/p>\n<p>C\u2019est l\u2019occasion pour lui de revenir, avec pudeur et po\u00e9sie, sur l\u2019histoire de sa famille et plus particuli\u00e8rement celle de sa m\u00e8re, femme tr\u00e8s pieuse au fort caract\u00e8re, alliant conformisme et fantaisie. C\u2019est aussi le r\u00e9cit du difficile apprentissage de la vie aupr\u00e8s d\u2019un enfant handicap\u00e9, du regard port\u00e9 par les autres, de la jungle administrative qu\u2019il doit affronter.<\/p>\n<p>\u00c0 travers le regard tant\u00f4t amus\u00e9, tant\u00f4t agac\u00e9 qu\u2019il porte sur les incongruit\u00e9s de la diff\u00e9rence et ce qui l\u2019entoure, Morvandiau \u00e9voque avec tendresse l\u2019intensit\u00e9 des \u00e9motions d\u2019un p\u00e8re et d\u2019un fils face \u00e0 la maladie, et finalement, le bonheur d\u2019\u00eatre en vie.<\/p>\n<p>&nbsp;<\/p>\n","protected":false},"excerpt":{"rendered":"<p>Juin 2005. Un diagnostic est enfin pos\u00e9 : sa m\u00e8re souffre de d\u00e9mence fronto-temporale pr\u00e9coce, affection cousine de la maladie d\u2019Alzheimer. Septembre 2005. Son fils \u00c9mile na\u00eet pr\u00e9matur\u00e9ment. Il est porteur de trisomie. \u00c0 quelques mois d\u2019intervalle, Morvandiau doit faire le deuil de la m\u00e8re qu\u2019il a connue et de l\u2019enfant qu\u2019il avait attendu. C\u2019est [&hellip;]<\/p>\n","protected":false},"featured_media":10935,"template":"","meta":{"_acf_changed":false},"product_cat":[48],"product_tag":[],"class_list":{"0":"post-10934","1":"product","2":"type-product","3":"status-publish","4":"has-post-thumbnail","6":"product_cat-hors-collection","7":"member-discount","8":"discount-restricted","10":"first","11":"instock","12":"taxable","13":"shipping-taxable","14":"purchasable","15":"product-type-simple"},"acf":[],"yoast_head":"<title>Taureau par les cornes (Le) - L\u2019Association<\/title>\n<meta name=\"robots\" content=\"index, follow, max-snippet:-1, max-image-preview:large, max-video-preview:-1\" \/>\n<link rel=\"canonical\" href=\"https:\/\/www.lassociation.fr\/en\/catalogue\/le-taureau-par-les-cornes\/\" \/>\n<meta property=\"og:locale\" content=\"en_US\" \/>\n<meta property=\"og:type\" content=\"article\" \/>\n<meta property=\"og:title\" content=\"Taureau par les cornes (Le) - L\u2019Association\" \/>\n<meta property=\"og:description\" content=\"Juin 2005. Un diagnostic est enfin pos\u00e9 : sa m\u00e8re souffre de d\u00e9mence fronto-temporale pr\u00e9coce, affection cousine de la maladie d\u2019Alzheimer. Septembre 2005. Son fils \u00c9mile na\u00eet pr\u00e9matur\u00e9ment. Il est porteur de trisomie. \u00c0 quelques mois d\u2019intervalle, Morvandiau doit faire le deuil de la m\u00e8re qu\u2019il a connue et de l\u2019enfant qu\u2019il avait attendu. C\u2019est [&hellip;]\" \/>\n<meta property=\"og:url\" content=\"https:\/\/www.lassociation.fr\/en\/catalogue\/le-taureau-par-les-cornes\/\" \/>\n<meta property=\"og:site_name\" content=\"L\u2019Association\" \/>\n<meta property=\"article:publisher\" content=\"https:\/\/www.facebook.com\/lhydrelasso\/\" \/>\n<meta property=\"article:modified_time\" content=\"2026-01-22T10:39:31+00:00\" \/>\n<meta property=\"og:image\" content=\"https:\/\/www.lassociation.fr\/backoffice\/wp-content\/uploads\/2019\/12\/9782844145871-couv.png\" \/>\n\t<meta property=\"og:image:width\" content=\"2244\" \/>\n\t<meta property=\"og:image:height\" content=\"2244\" \/>\n\t<meta property=\"og:image:type\" content=\"image\/png\" \/>\n<meta name=\"twitter:card\" content=\"summary_large_image\" \/>\n<meta name=\"twitter:site\" content=\"@lassociation\" \/>\n<script type=\"application\/ld+json\" class=\"yoast-schema-graph\">{\"@context\":\"https:\\\/\\\/schema.org\",\"@graph\":[{\"@type\":\"WebPage\",\"@id\":\"https:\\\/\\\/www.lassociation.fr\\\/en\\\/catalogue\\\/le-taureau-par-les-cornes\\\/\",\"url\":\"https:\\\/\\\/www.lassociation.fr\\\/en\\\/catalogue\\\/le-taureau-par-les-cornes\\\/\",\"name\":\"Taureau par les cornes (Le) - L\u2019Association\",\"isPartOf\":{\"@id\":\"https:\\\/\\\/www.lassociation.fr\\\/en\\\/#website\"},\"primaryImageOfPage\":{\"@id\":\"https:\\\/\\\/www.lassociation.fr\\\/en\\\/catalogue\\\/le-taureau-par-les-cornes\\\/#primaryimage\"},\"image\":{\"@id\":\"https:\\\/\\\/www.lassociation.fr\\\/en\\\/catalogue\\\/le-taureau-par-les-cornes\\\/#primaryimage\"},\"thumbnailUrl\":\"https:\\\/\\\/www.lassociation.fr\\\/backoffice\\\/wp-content\\\/uploads\\\/2019\\\/12\\\/9782844145871-couv.png\",\"datePublished\":\"2019-12-24T11:47:23+00:00\",\"dateModified\":\"2026-01-22T10:39:31+00:00\",\"breadcrumb\":{\"@id\":\"https:\\\/\\\/www.lassociation.fr\\\/en\\\/catalogue\\\/le-taureau-par-les-cornes\\\/#breadcrumb\"},\"inLanguage\":\"en-US\",\"potentialAction\":[{\"@type\":\"ReadAction\",\"target\":[\"https:\\\/\\\/www.lassociation.fr\\\/en\\\/catalogue\\\/le-taureau-par-les-cornes\\\/\"]}]},{\"@type\":\"ImageObject\",\"inLanguage\":\"en-US\",\"@id\":\"https:\\\/\\\/www.lassociation.fr\\\/en\\\/catalogue\\\/le-taureau-par-les-cornes\\\/#primaryimage\",\"url\":\"https:\\\/\\\/www.lassociation.fr\\\/backoffice\\\/wp-content\\\/uploads\\\/2019\\\/12\\\/9782844145871-couv.png\",\"contentUrl\":\"https:\\\/\\\/www.lassociation.fr\\\/backoffice\\\/wp-content\\\/uploads\\\/2019\\\/12\\\/9782844145871-couv.png\",\"width\":2244,\"height\":2244},{\"@type\":\"BreadcrumbList\",\"@id\":\"https:\\\/\\\/www.lassociation.fr\\\/en\\\/catalogue\\\/le-taureau-par-les-cornes\\\/#breadcrumb\",\"itemListElement\":[{\"@type\":\"ListItem\",\"position\":1,\"name\":\"Accueil\",\"item\":\"https:\\\/\\\/www.lassociation.fr\\\/en\\\/\"},{\"@type\":\"ListItem\",\"position\":2,\"name\":\"Catalog\",\"item\":\"https:\\\/\\\/www.lassociation.fr\\\/en\\\/catalogue\\\/\"},{\"@type\":\"ListItem\",\"position\":3,\"name\":\"Taureau par les cornes (Le)\"}]},{\"@type\":\"WebSite\",\"@id\":\"https:\\\/\\\/www.lassociation.fr\\\/en\\\/#website\",\"url\":\"https:\\\/\\\/www.lassociation.fr\\\/en\\\/\",\"name\":\"L\u2019Association\",\"description\":\"Maison d\u2019\u00e9dition fran\u00e7aise de bande dessin\u00e9e, fond\u00e9e en 1990.\",\"publisher\":{\"@id\":\"https:\\\/\\\/www.lassociation.fr\\\/en\\\/#organization\"},\"potentialAction\":[{\"@type\":\"SearchAction\",\"target\":{\"@type\":\"EntryPoint\",\"urlTemplate\":\"https:\\\/\\\/www.lassociation.fr\\\/en\\\/?s={search_term_string}\"},\"query-input\":{\"@type\":\"PropertyValueSpecification\",\"valueRequired\":true,\"valueName\":\"search_term_string\"}}],\"inLanguage\":\"en-US\"},{\"@type\":\"Organization\",\"@id\":\"https:\\\/\\\/www.lassociation.fr\\\/en\\\/#organization\",\"name\":\"L\u2019Association\",\"url\":\"https:\\\/\\\/www.lassociation.fr\\\/en\\\/\",\"logo\":{\"@type\":\"ImageObject\",\"inLanguage\":\"en-US\",\"@id\":\"https:\\\/\\\/www.lassociation.fr\\\/en\\\/#\\\/schema\\\/logo\\\/image\\\/\",\"url\":\"https:\\\/\\\/www.lassociation.fr\\\/backoffice\\\/wp-content\\\/uploads\\\/2019\\\/11\\\/asso_large.png\",\"contentUrl\":\"https:\\\/\\\/www.lassociation.fr\\\/backoffice\\\/wp-content\\\/uploads\\\/2019\\\/11\\\/asso_large.png\",\"width\":1200,\"height\":630,\"caption\":\"L\u2019Association\"},\"image\":{\"@id\":\"https:\\\/\\\/www.lassociation.fr\\\/en\\\/#\\\/schema\\\/logo\\\/image\\\/\"},\"sameAs\":[\"https:\\\/\\\/www.facebook.com\\\/lhydrelasso\\\/\",\"https:\\\/\\\/x.com\\\/lassociation\",\"https:\\\/\\\/www.instagram.com\\\/editions_lassociation\",\"https:\\\/\\\/fr.wikipedia.org\\\/wiki\\\/LAssociation\",\"https:\\\/\\\/www.youtube.com\\\/@editions_lassociation\"]}]}<\/script>","yoast_head_json":{"title":"Taureau par les cornes (Le) - L\u2019Association","robots":{"index":"index","follow":"follow","max-snippet":"max-snippet:-1","max-image-preview":"max-image-preview:large","max-video-preview":"max-video-preview:-1"},"canonical":"https:\/\/www.lassociation.fr\/en\/catalogue\/le-taureau-par-les-cornes\/","og_locale":"en_US","og_type":"article","og_title":"Taureau par les cornes (Le) - L\u2019Association","og_description":"Juin 2005. Un diagnostic est enfin pos\u00e9 : sa m\u00e8re souffre de d\u00e9mence fronto-temporale pr\u00e9coce, affection cousine de la maladie d\u2019Alzheimer. Septembre 2005. Son fils \u00c9mile na\u00eet pr\u00e9matur\u00e9ment. Il est porteur de trisomie. \u00c0 quelques mois d\u2019intervalle, Morvandiau doit faire le deuil de la m\u00e8re qu\u2019il a connue et de l\u2019enfant qu\u2019il avait attendu. C\u2019est [&hellip;]","og_url":"https:\/\/www.lassociation.fr\/en\/catalogue\/le-taureau-par-les-cornes\/","og_site_name":"L\u2019Association","article_publisher":"https:\/\/www.facebook.com\/lhydrelasso\/","article_modified_time":"2026-01-22T10:39:31+00:00","og_image":[{"width":2244,"height":2244,"url":"https:\/\/www.lassociation.fr\/backoffice\/wp-content\/uploads\/2019\/12\/9782844145871-couv.png","type":"image\/png"}],"twitter_card":"summary_large_image","twitter_site":"@lassociation","schema":{"@context":"https:\/\/schema.org","@graph":[{"@type":"WebPage","@id":"https:\/\/www.lassociation.fr\/en\/catalogue\/le-taureau-par-les-cornes\/","url":"https:\/\/www.lassociation.fr\/en\/catalogue\/le-taureau-par-les-cornes\/","name":"Taureau par les cornes (Le) - L\u2019Association","isPartOf":{"@id":"https:\/\/www.lassociation.fr\/en\/#website"},"primaryImageOfPage":{"@id":"https:\/\/www.lassociation.fr\/en\/catalogue\/le-taureau-par-les-cornes\/#primaryimage"},"image":{"@id":"https:\/\/www.lassociation.fr\/en\/catalogue\/le-taureau-par-les-cornes\/#primaryimage"},"thumbnailUrl":"https:\/\/www.lassociation.fr\/backoffice\/wp-content\/uploads\/2019\/12\/9782844145871-couv.png","datePublished":"2019-12-24T11:47:23+00:00","dateModified":"2026-01-22T10:39:31+00:00","breadcrumb":{"@id":"https:\/\/www.lassociation.fr\/en\/catalogue\/le-taureau-par-les-cornes\/#breadcrumb"},"inLanguage":"en-US","potentialAction":[{"@type":"ReadAction","target":["https:\/\/www.lassociation.fr\/en\/catalogue\/le-taureau-par-les-cornes\/"]}]},{"@type":"ImageObject","inLanguage":"en-US","@id":"https:\/\/www.lassociation.fr\/en\/catalogue\/le-taureau-par-les-cornes\/#primaryimage","url":"https:\/\/www.lassociation.fr\/backoffice\/wp-content\/uploads\/2019\/12\/9782844145871-couv.png","contentUrl":"https:\/\/www.lassociation.fr\/backoffice\/wp-content\/uploads\/2019\/12\/9782844145871-couv.png","width":2244,"height":2244},{"@type":"BreadcrumbList","@id":"https:\/\/www.lassociation.fr\/en\/catalogue\/le-taureau-par-les-cornes\/#breadcrumb","itemListElement":[{"@type":"ListItem","position":1,"name":"Accueil","item":"https:\/\/www.lassociation.fr\/en\/"},{"@type":"ListItem","position":2,"name":"Catalog","item":"https:\/\/www.lassociation.fr\/en\/catalogue\/"},{"@type":"ListItem","position":3,"name":"Taureau par les cornes (Le)"}]},{"@type":"WebSite","@id":"https:\/\/www.lassociation.fr\/en\/#website","url":"https:\/\/www.lassociation.fr\/en\/","name":"L\u2019Association","description":"Maison d\u2019\u00e9dition fran\u00e7aise de bande dessin\u00e9e, fond\u00e9e en 1990.","publisher":{"@id":"https:\/\/www.lassociation.fr\/en\/#organization"},"potentialAction":[{"@type":"SearchAction","target":{"@type":"EntryPoint","urlTemplate":"https:\/\/www.lassociation.fr\/en\/?s={search_term_string}"},"query-input":{"@type":"PropertyValueSpecification","valueRequired":true,"valueName":"search_term_string"}}],"inLanguage":"en-US"},{"@type":"Organization","@id":"https:\/\/www.lassociation.fr\/en\/#organization","name":"L\u2019Association","url":"https:\/\/www.lassociation.fr\/en\/","logo":{"@type":"ImageObject","inLanguage":"en-US","@id":"https:\/\/www.lassociation.fr\/en\/#\/schema\/logo\/image\/","url":"https:\/\/www.lassociation.fr\/backoffice\/wp-content\/uploads\/2019\/11\/asso_large.png","contentUrl":"https:\/\/www.lassociation.fr\/backoffice\/wp-content\/uploads\/2019\/11\/asso_large.png","width":1200,"height":630,"caption":"L\u2019Association"},"image":{"@id":"https:\/\/www.lassociation.fr\/en\/#\/schema\/logo\/image\/"},"sameAs":["https:\/\/www.facebook.com\/lhydrelasso\/","https:\/\/x.com\/lassociation","https:\/\/www.instagram.com\/editions_lassociation","https:\/\/fr.wikipedia.org\/wiki\/LAssociation","https:\/\/www.youtube.com\/@editions_lassociation"]}]}},"_links":{"self":[{"href":"https:\/\/www.lassociation.fr\/en\/wp-json\/wp\/v2\/product\/10934","targetHints":{"allow":["GET"]}}],"collection":[{"href":"https:\/\/www.lassociation.fr\/en\/wp-json\/wp\/v2\/product"}],"about":[{"href":"https:\/\/www.lassociation.fr\/en\/wp-json\/wp\/v2\/types\/product"}],"wp:featuredmedia":[{"embeddable":true,"href":"https:\/\/www.lassociation.fr\/en\/wp-json\/wp\/v2\/media\/10935"}],"wp:attachment":[{"href":"https:\/\/www.lassociation.fr\/en\/wp-json\/wp\/v2\/media?parent=10934"}],"wp:term":[{"taxonomy":"product_cat","embeddable":true,"href":"https:\/\/www.lassociation.fr\/en\/wp-json\/wp\/v2\/product_cat?post=10934"},{"taxonomy":"product_tag","embeddable":true,"href":"https:\/\/www.lassociation.fr\/en\/wp-json\/wp\/v2\/product_tag?post=10934"}],"curies":[{"name":"wp","href":"https:\/\/api.w.org\/{rel}","templated":true}]}}