{"id":1505,"date":"2019-11-01T00:00:00","date_gmt":"2019-10-31T23:00:00","guid":{"rendered":"https:\/\/www.lassociation.fr\/product\/fifiches-a-gogo\/"},"modified":"2026-04-22T20:10:13","modified_gmt":"2026-04-22T18:10:13","slug":"fifiches-a-gogo","status":"publish","type":"product","link":"https:\/\/www.lassociation.fr\/en\/catalogue\/fifiches-a-gogo\/","title":{"rendered":"Fifiches \u00e0 gogo"},"content":{"rendered":"<p>\u00c9tienne L\u00e9croart, un des grands ma\u00eetres de l\u2019OuBaPo, nous pr\u00e9sente ses <i>Fifiches \u00e0 gogo<\/i>. Paru dans le journal <i>Spirou<\/i> depuis 1994, sous le nom <i>Les Fifiches du proprofesseur<\/i>, voil\u00e0 24 ans que l\u2019auteur fournit de fa\u00e7on hebdomadaire une fifiche. Cette compilation, de 224 pages de sayn\u00e8tes absurdes, nous pousse \u00e0 rire de nos habitudes, nos expressions et nos clich\u00e9s.<\/p>\n<p>Gr\u00e2ce aux inspirations prises de la culture populaire et de notre quotidien, dans ces dessins humoristiques, Blanche-Neige, les vikings, nos super h\u00e9ros pr\u00e9f\u00e9r\u00e9s mais aussi nous-m\u00eames sommes tourn\u00e9s en ridicule sous le pinceau farfelu de l\u2019artiste. Toujours dans l\u2019\u00e9conomie de moyens et dans la contrainte technique, une phrase accompagn\u00e9e d\u2019un dessin suffit \u00e0 notre plaisir. Parmi cette s\u00e9lection certains dessins sont totalement in\u00e9dits ou ont \u00e9t\u00e9 publi\u00e9s dans le journal <a href=\"https:\/\/www.fluideglacial.com\" target=\"_blank\" rel=\"noopener noreferrer\"><i>Fluide Glacial<\/i><\/a>.<\/p>\n<p>Le format carr\u00e9 de cet ouvrage rappellera \u00e0 ses adeptes l\u2019amour qu\u2019\u00c9tienne L\u00e9croart porte aux math\u00e9matiques. Pour l\u2019occasion, une de ses pr\u00e9c\u00e9dentes publications <a href=\"https:\/\/www.lassociation.fr\/catalogue\/contes-et-decomptes\/\"><i>Contes et D\u00e9comptes<\/i> <\/a>b\u00e9n\u00e9ficiera d\u2019une r\u00e9impression.<\/p>\n<p>&nbsp;<\/p>\n<p>Cet ouvrage est pr\u00e9fac\u00e9 par <a href=\"https:\/\/www.lassociation.fr\/auteur\/le-tellier\/\">Herv\u00e9 Le Tellier<\/a>.<\/p>\n<p>&nbsp;<\/p>\n","protected":false},"excerpt":{"rendered":"<p>\u00c9tienne L\u00e9croart, un des grands ma\u00eetres de l\u2019OuBaPo, nous pr\u00e9sente ses Fifiches \u00e0 gogo. Paru dans le journal Spirou depuis 1994, sous le nom Les Fifiches du proprofesseur, voil\u00e0 24 ans que l\u2019auteur fournit de fa\u00e7on hebdomadaire une fifiche. Cette compilation, de 224 pages de sayn\u00e8tes absurdes, nous pousse \u00e0 rire de nos habitudes, nos [&hellip;]<\/p>\n","protected":false},"featured_media":2170,"template":"","meta":{"_acf_changed":false},"product_cat":[48],"product_tag":[],"class_list":{"0":"post-1505","1":"product","2":"type-product","3":"status-publish","4":"has-post-thumbnail","6":"product_cat-hors-collection","7":"product_shipping_class-avec-signature","8":"member-discount","9":"discount-restricted","11":"first","12":"instock","13":"featured","14":"taxable","15":"shipping-taxable","16":"purchasable","17":"product-type-simple"},"acf":[],"yoast_head":"<title>Fifiches \u00e0 gogo - L\u2019Association<\/title>\n<meta name=\"robots\" content=\"index, follow, max-snippet:-1, max-image-preview:large, max-video-preview:-1\" \/>\n<link rel=\"canonical\" href=\"https:\/\/www.lassociation.fr\/en\/catalogue\/fifiches-a-gogo\/\" \/>\n<meta property=\"og:locale\" content=\"en_US\" \/>\n<meta property=\"og:type\" content=\"article\" \/>\n<meta property=\"og:title\" content=\"Fifiches \u00e0 gogo - L\u2019Association\" \/>\n<meta property=\"og:description\" content=\"\u00c9tienne L\u00e9croart, un des grands ma\u00eetres de l\u2019OuBaPo, nous pr\u00e9sente ses Fifiches \u00e0 gogo. Paru dans le journal Spirou depuis 1994, sous le nom Les Fifiches du proprofesseur, voil\u00e0 24 ans que l\u2019auteur fournit de fa\u00e7on hebdomadaire une fifiche. Cette compilation, de 224 pages de sayn\u00e8tes absurdes, nous pousse \u00e0 rire de nos habitudes, nos [&hellip;]\" \/>\n<meta property=\"og:url\" content=\"https:\/\/www.lassociation.fr\/en\/catalogue\/fifiches-a-gogo\/\" \/>\n<meta property=\"og:site_name\" content=\"L\u2019Association\" \/>\n<meta property=\"article:publisher\" content=\"https:\/\/www.facebook.com\/lhydrelasso\/\" \/>\n<meta property=\"article:modified_time\" content=\"2026-04-22T18:10:13+00:00\" \/>\n<meta property=\"og:image\" content=\"https:\/\/www.lassociation.fr\/backoffice\/wp-content\/uploads\/2019\/09\/3952.jpg\" \/>\n\t<meta property=\"og:image:width\" content=\"1754\" \/>\n\t<meta property=\"og:image:height\" content=\"1755\" \/>\n\t<meta property=\"og:image:type\" content=\"image\/jpeg\" \/>\n<meta name=\"twitter:card\" content=\"summary_large_image\" \/>\n<meta name=\"twitter:site\" content=\"@lassociation\" \/>\n<script type=\"application\/ld+json\" class=\"yoast-schema-graph\">{\"@context\":\"https:\\\/\\\/schema.org\",\"@graph\":[{\"@type\":\"WebPage\",\"@id\":\"https:\\\/\\\/www.lassociation.fr\\\/en\\\/catalogue\\\/fifiches-a-gogo\\\/\",\"url\":\"https:\\\/\\\/www.lassociation.fr\\\/en\\\/catalogue\\\/fifiches-a-gogo\\\/\",\"name\":\"Fifiches \u00e0 gogo - L\u2019Association\",\"isPartOf\":{\"@id\":\"https:\\\/\\\/www.lassociation.fr\\\/en\\\/#website\"},\"primaryImageOfPage\":{\"@id\":\"https:\\\/\\\/www.lassociation.fr\\\/en\\\/catalogue\\\/fifiches-a-gogo\\\/#primaryimage\"},\"image\":{\"@id\":\"https:\\\/\\\/www.lassociation.fr\\\/en\\\/catalogue\\\/fifiches-a-gogo\\\/#primaryimage\"},\"thumbnailUrl\":\"https:\\\/\\\/www.lassociation.fr\\\/backoffice\\\/wp-content\\\/uploads\\\/2019\\\/09\\\/3952.jpg\",\"datePublished\":\"2019-10-31T23:00:00+00:00\",\"dateModified\":\"2026-04-22T18:10:13+00:00\",\"breadcrumb\":{\"@id\":\"https:\\\/\\\/www.lassociation.fr\\\/en\\\/catalogue\\\/fifiches-a-gogo\\\/#breadcrumb\"},\"inLanguage\":\"en-US\",\"potentialAction\":[{\"@type\":\"ReadAction\",\"target\":[\"https:\\\/\\\/www.lassociation.fr\\\/en\\\/catalogue\\\/fifiches-a-gogo\\\/\"]}]},{\"@type\":\"ImageObject\",\"inLanguage\":\"en-US\",\"@id\":\"https:\\\/\\\/www.lassociation.fr\\\/en\\\/catalogue\\\/fifiches-a-gogo\\\/#primaryimage\",\"url\":\"https:\\\/\\\/www.lassociation.fr\\\/backoffice\\\/wp-content\\\/uploads\\\/2019\\\/09\\\/3952.jpg\",\"contentUrl\":\"https:\\\/\\\/www.lassociation.fr\\\/backoffice\\\/wp-content\\\/uploads\\\/2019\\\/09\\\/3952.jpg\",\"width\":1754,\"height\":1755},{\"@type\":\"BreadcrumbList\",\"@id\":\"https:\\\/\\\/www.lassociation.fr\\\/en\\\/catalogue\\\/fifiches-a-gogo\\\/#breadcrumb\",\"itemListElement\":[{\"@type\":\"ListItem\",\"position\":1,\"name\":\"Accueil\",\"item\":\"https:\\\/\\\/www.lassociation.fr\\\/en\\\/\"},{\"@type\":\"ListItem\",\"position\":2,\"name\":\"Catalog\",\"item\":\"https:\\\/\\\/www.lassociation.fr\\\/en\\\/catalogue\\\/\"},{\"@type\":\"ListItem\",\"position\":3,\"name\":\"Fifiches \u00e0 gogo\"}]},{\"@type\":\"WebSite\",\"@id\":\"https:\\\/\\\/www.lassociation.fr\\\/en\\\/#website\",\"url\":\"https:\\\/\\\/www.lassociation.fr\\\/en\\\/\",\"name\":\"L\u2019Association\",\"description\":\"Maison d\u2019\u00e9dition fran\u00e7aise de bande dessin\u00e9e, fond\u00e9e en 1990.\",\"publisher\":{\"@id\":\"https:\\\/\\\/www.lassociation.fr\\\/en\\\/#organization\"},\"potentialAction\":[{\"@type\":\"SearchAction\",\"target\":{\"@type\":\"EntryPoint\",\"urlTemplate\":\"https:\\\/\\\/www.lassociation.fr\\\/en\\\/?s={search_term_string}\"},\"query-input\":{\"@type\":\"PropertyValueSpecification\",\"valueRequired\":true,\"valueName\":\"search_term_string\"}}],\"inLanguage\":\"en-US\"},{\"@type\":\"Organization\",\"@id\":\"https:\\\/\\\/www.lassociation.fr\\\/en\\\/#organization\",\"name\":\"L\u2019Association\",\"url\":\"https:\\\/\\\/www.lassociation.fr\\\/en\\\/\",\"logo\":{\"@type\":\"ImageObject\",\"inLanguage\":\"en-US\",\"@id\":\"https:\\\/\\\/www.lassociation.fr\\\/en\\\/#\\\/schema\\\/logo\\\/image\\\/\",\"url\":\"https:\\\/\\\/www.lassociation.fr\\\/backoffice\\\/wp-content\\\/uploads\\\/2019\\\/11\\\/asso_large.png\",\"contentUrl\":\"https:\\\/\\\/www.lassociation.fr\\\/backoffice\\\/wp-content\\\/uploads\\\/2019\\\/11\\\/asso_large.png\",\"width\":1200,\"height\":630,\"caption\":\"L\u2019Association\"},\"image\":{\"@id\":\"https:\\\/\\\/www.lassociation.fr\\\/en\\\/#\\\/schema\\\/logo\\\/image\\\/\"},\"sameAs\":[\"https:\\\/\\\/www.facebook.com\\\/lhydrelasso\\\/\",\"https:\\\/\\\/x.com\\\/lassociation\",\"https:\\\/\\\/www.instagram.com\\\/editions_lassociation\",\"https:\\\/\\\/fr.wikipedia.org\\\/wiki\\\/LAssociation\",\"https:\\\/\\\/www.youtube.com\\\/@editions_lassociation\"]}]}<\/script>","yoast_head_json":{"title":"Fifiches \u00e0 gogo - L\u2019Association","robots":{"index":"index","follow":"follow","max-snippet":"max-snippet:-1","max-image-preview":"max-image-preview:large","max-video-preview":"max-video-preview:-1"},"canonical":"https:\/\/www.lassociation.fr\/en\/catalogue\/fifiches-a-gogo\/","og_locale":"en_US","og_type":"article","og_title":"Fifiches \u00e0 gogo - L\u2019Association","og_description":"\u00c9tienne L\u00e9croart, un des grands ma\u00eetres de l\u2019OuBaPo, nous pr\u00e9sente ses Fifiches \u00e0 gogo. Paru dans le journal Spirou depuis 1994, sous le nom Les Fifiches du proprofesseur, voil\u00e0 24 ans que l\u2019auteur fournit de fa\u00e7on hebdomadaire une fifiche. Cette compilation, de 224 pages de sayn\u00e8tes absurdes, nous pousse \u00e0 rire de nos habitudes, nos [&hellip;]","og_url":"https:\/\/www.lassociation.fr\/en\/catalogue\/fifiches-a-gogo\/","og_site_name":"L\u2019Association","article_publisher":"https:\/\/www.facebook.com\/lhydrelasso\/","article_modified_time":"2026-04-22T18:10:13+00:00","og_image":[{"width":1754,"height":1755,"url":"https:\/\/www.lassociation.fr\/backoffice\/wp-content\/uploads\/2019\/09\/3952.jpg","type":"image\/jpeg"}],"twitter_card":"summary_large_image","twitter_site":"@lassociation","schema":{"@context":"https:\/\/schema.org","@graph":[{"@type":"WebPage","@id":"https:\/\/www.lassociation.fr\/en\/catalogue\/fifiches-a-gogo\/","url":"https:\/\/www.lassociation.fr\/en\/catalogue\/fifiches-a-gogo\/","name":"Fifiches \u00e0 gogo - L\u2019Association","isPartOf":{"@id":"https:\/\/www.lassociation.fr\/en\/#website"},"primaryImageOfPage":{"@id":"https:\/\/www.lassociation.fr\/en\/catalogue\/fifiches-a-gogo\/#primaryimage"},"image":{"@id":"https:\/\/www.lassociation.fr\/en\/catalogue\/fifiches-a-gogo\/#primaryimage"},"thumbnailUrl":"https:\/\/www.lassociation.fr\/backoffice\/wp-content\/uploads\/2019\/09\/3952.jpg","datePublished":"2019-10-31T23:00:00+00:00","dateModified":"2026-04-22T18:10:13+00:00","breadcrumb":{"@id":"https:\/\/www.lassociation.fr\/en\/catalogue\/fifiches-a-gogo\/#breadcrumb"},"inLanguage":"en-US","potentialAction":[{"@type":"ReadAction","target":["https:\/\/www.lassociation.fr\/en\/catalogue\/fifiches-a-gogo\/"]}]},{"@type":"ImageObject","inLanguage":"en-US","@id":"https:\/\/www.lassociation.fr\/en\/catalogue\/fifiches-a-gogo\/#primaryimage","url":"https:\/\/www.lassociation.fr\/backoffice\/wp-content\/uploads\/2019\/09\/3952.jpg","contentUrl":"https:\/\/www.lassociation.fr\/backoffice\/wp-content\/uploads\/2019\/09\/3952.jpg","width":1754,"height":1755},{"@type":"BreadcrumbList","@id":"https:\/\/www.lassociation.fr\/en\/catalogue\/fifiches-a-gogo\/#breadcrumb","itemListElement":[{"@type":"ListItem","position":1,"name":"Accueil","item":"https:\/\/www.lassociation.fr\/en\/"},{"@type":"ListItem","position":2,"name":"Catalog","item":"https:\/\/www.lassociation.fr\/en\/catalogue\/"},{"@type":"ListItem","position":3,"name":"Fifiches \u00e0 gogo"}]},{"@type":"WebSite","@id":"https:\/\/www.lassociation.fr\/en\/#website","url":"https:\/\/www.lassociation.fr\/en\/","name":"L\u2019Association","description":"Maison d\u2019\u00e9dition fran\u00e7aise de bande dessin\u00e9e, fond\u00e9e en 1990.","publisher":{"@id":"https:\/\/www.lassociation.fr\/en\/#organization"},"potentialAction":[{"@type":"SearchAction","target":{"@type":"EntryPoint","urlTemplate":"https:\/\/www.lassociation.fr\/en\/?s={search_term_string}"},"query-input":{"@type":"PropertyValueSpecification","valueRequired":true,"valueName":"search_term_string"}}],"inLanguage":"en-US"},{"@type":"Organization","@id":"https:\/\/www.lassociation.fr\/en\/#organization","name":"L\u2019Association","url":"https:\/\/www.lassociation.fr\/en\/","logo":{"@type":"ImageObject","inLanguage":"en-US","@id":"https:\/\/www.lassociation.fr\/en\/#\/schema\/logo\/image\/","url":"https:\/\/www.lassociation.fr\/backoffice\/wp-content\/uploads\/2019\/11\/asso_large.png","contentUrl":"https:\/\/www.lassociation.fr\/backoffice\/wp-content\/uploads\/2019\/11\/asso_large.png","width":1200,"height":630,"caption":"L\u2019Association"},"image":{"@id":"https:\/\/www.lassociation.fr\/en\/#\/schema\/logo\/image\/"},"sameAs":["https:\/\/www.facebook.com\/lhydrelasso\/","https:\/\/x.com\/lassociation","https:\/\/www.instagram.com\/editions_lassociation","https:\/\/fr.wikipedia.org\/wiki\/LAssociation","https:\/\/www.youtube.com\/@editions_lassociation"]}]}},"_links":{"self":[{"href":"https:\/\/www.lassociation.fr\/en\/wp-json\/wp\/v2\/product\/1505","targetHints":{"allow":["GET"]}}],"collection":[{"href":"https:\/\/www.lassociation.fr\/en\/wp-json\/wp\/v2\/product"}],"about":[{"href":"https:\/\/www.lassociation.fr\/en\/wp-json\/wp\/v2\/types\/product"}],"wp:featuredmedia":[{"embeddable":true,"href":"https:\/\/www.lassociation.fr\/en\/wp-json\/wp\/v2\/media\/2170"}],"wp:attachment":[{"href":"https:\/\/www.lassociation.fr\/en\/wp-json\/wp\/v2\/media?parent=1505"}],"wp:term":[{"taxonomy":"product_cat","embeddable":true,"href":"https:\/\/www.lassociation.fr\/en\/wp-json\/wp\/v2\/product_cat?post=1505"},{"taxonomy":"product_tag","embeddable":true,"href":"https:\/\/www.lassociation.fr\/en\/wp-json\/wp\/v2\/product_tag?post=1505"}],"curies":[{"name":"wp","href":"https:\/\/api.w.org\/{rel}","templated":true}]}}