{"id":1509,"date":"2019-09-01T00:00:00","date_gmt":"2019-08-31T22:00:00","guid":{"rendered":"https:\/\/www.lassociation.fr\/product\/posada-genie-de-la-gravure\/"},"modified":"2026-01-22T11:38:51","modified_gmt":"2026-01-22T10:38:51","slug":"posada-genie-de-la-gravure","status":"publish","type":"product","link":"https:\/\/www.lassociation.fr\/en\/catalogue\/posada-genie-de-la-gravure\/","title":{"rendered":"POSADA, G\u00e9nie de la gravure"},"content":{"rendered":"<p><a href=\"https:\/\/fr.wikipedia.org\/wiki\/Jos%C3%A9_Guadalupe_Posada\" target=\"_blank\" rel=\"noopener noreferrer\">Jos\u00e9 Guadalupe Posada<\/a> (1852-1913). Une \u0153uvre unique, culte, un trait imm\u00e9diatement reconnaissable, qui continue d\u2019influencer les dessinateurs du monde entier. Cet ouvrage est la premi\u00e8re monographie consacr\u00e9e \u00e0 l\u2019\u0153uvre de ce g\u00e9nie de la gravure \u2013 \u00ab aussi grand que Goya \u00bb, disait de lui Diego Rivera \u2013 \u00e9tonnamment m\u00e9connu en France. Plus de quatre cents images reproduites dans une qualit\u00e9 qui rend enfin gr\u00e2ce \u00e0 leur finesse d\u2019ex\u00e9cution. Les gravures proviennent d\u2019une des plus importantes collections de son \u0153uvre, celle de l\u2019historien de l\u2019art mexicain Mercurio Lopez-Casillas, qui regroupe toutes les facettes de l\u2019extraordinaire Posada, renferme de nombreuses gravures in\u00e9dites et permet d\u2019admirer les diff\u00e9rentes techniques du graveur.<\/p>\n<p>Les inoubliables calaveras de Posada, squelettes qui rient, dansent, boivent et chantent, traduisant une conception mexicaine du rapport aux morts, sont d\u2019une force exceptionnelle et ont boulevers\u00e9 la repr\u00e9sentation de la mort dans l\u2019art.<\/p>\n<p>Dans cet ouvrage qui dresse un panorama complet de sa production, le lecteur pourra d\u00e9couvrir pas \u00e0 pas ses diverses p\u00e9riodes. Les images de Posada nous font voyager dans le Mexico des ann\u00e9es 1900, celui des injustices politiques, de la modernisation de la ville, des crimes et des tremblements de terre, et des petits livres vendus par les colporteurs. La R\u00e9volution, Dieu, le diable, l\u2019enfance, la mort, la vie l\u00e9g\u00e8re et insouciante de la haute soci\u00e9t\u00e9, la mis\u00e8re : aucun sujet n\u2019aura \u00e9chapp\u00e9 \u00e0 Posada, qui a d\u00e9peint la vie et la mort avec une compassion et un humour in\u00e9gal\u00e9s.<\/p>\n<p>L\u00e6titia Bianchi, franco-mexicaine, a \u00e9crit un ouvrage s\u2019adressant \u00e0 un lectorat fran\u00e7ais qui ne s\u2019en tient pas aux clich\u00e9s, mais prend en compte un point de vue mexicain et les tr\u00e8s r\u00e9centes avanc\u00e9es de la recherche sur Posada \u2013 recherches qui ont modifi\u00e9 bien des points de vue erron\u00e9s, le graveur \u00e9tant rest\u00e9 longtemps m\u00e9connu du fait de sa vie humble et tr\u00e8s discr\u00e8te. Plusieurs chefs-d\u2019\u0153uvre (ainsi la c\u00e9l\u00e8bre \u00ab Catrina \u00bb, calavera que l\u2019on reconna\u00eet ainsi au premier regard, squelette f\u00e9minin coiff\u00e9e d\u2019un luxueux chapeau, devenue une figure embl\u00e9matique du Mexique) sont comment\u00e9s en d\u00e9tail, afin d\u2019expliquer la gen\u00e8se de ces gravures.<\/p>\n<p>Enfin, de nombreux textes tr\u00e8s dr\u00f4les et impertinents dans les journaux qu\u2019illustraient les gravures de Posada sont pour la premi\u00e8re fois traduits dans cet ouvrage qui dresse donc un panorama complet de la vie et de l\u2019\u0153uvre de cet extraordinaire graveur mexicain.<\/p>\n","protected":false},"excerpt":{"rendered":"<p>Jos\u00e9 Guadalupe Posada (1852-1913). Une \u0153uvre unique, culte, un trait imm\u00e9diatement reconnaissable, qui continue d\u2019influencer les dessinateurs du monde entier. Cet ouvrage est la premi\u00e8re monographie consacr\u00e9e \u00e0 l\u2019\u0153uvre de ce g\u00e9nie de la gravure \u2013 \u00ab aussi grand que Goya \u00bb, disait de lui Diego Rivera \u2013 \u00e9tonnamment m\u00e9connu en France. Plus de quatre [&hellip;]<\/p>\n","protected":false},"featured_media":2175,"template":"","meta":{"_acf_changed":false},"product_cat":[48],"product_tag":[],"class_list":{"0":"post-1509","1":"product","2":"type-product","3":"status-publish","4":"has-post-thumbnail","6":"product_cat-hors-collection","7":"product_shipping_class-avec-signature","8":"member-discount","9":"discount-restricted","11":"first","12":"instock","13":"taxable","14":"shipping-taxable","15":"purchasable","16":"product-type-simple"},"acf":[],"yoast_head":"<title>POSADA, G\u00e9nie de la gravure - L\u2019Association<\/title>\n<meta name=\"robots\" content=\"index, follow, max-snippet:-1, max-image-preview:large, max-video-preview:-1\" \/>\n<link rel=\"canonical\" href=\"https:\/\/www.lassociation.fr\/en\/catalogue\/posada-genie-de-la-gravure\/\" \/>\n<meta property=\"og:locale\" content=\"en_US\" \/>\n<meta property=\"og:type\" content=\"article\" \/>\n<meta property=\"og:title\" content=\"POSADA, G\u00e9nie de la gravure - L\u2019Association\" \/>\n<meta property=\"og:description\" content=\"Jos\u00e9 Guadalupe Posada (1852-1913). Une \u0153uvre unique, culte, un trait imm\u00e9diatement reconnaissable, qui continue d\u2019influencer les dessinateurs du monde entier. Cet ouvrage est la premi\u00e8re monographie consacr\u00e9e \u00e0 l\u2019\u0153uvre de ce g\u00e9nie de la gravure \u2013 \u00ab aussi grand que Goya \u00bb, disait de lui Diego Rivera \u2013 \u00e9tonnamment m\u00e9connu en France. Plus de quatre [&hellip;]\" \/>\n<meta property=\"og:url\" content=\"https:\/\/www.lassociation.fr\/en\/catalogue\/posada-genie-de-la-gravure\/\" \/>\n<meta property=\"og:site_name\" content=\"L\u2019Association\" \/>\n<meta property=\"article:publisher\" content=\"https:\/\/www.facebook.com\/lhydrelasso\/\" \/>\n<meta property=\"article:modified_time\" content=\"2026-01-22T10:38:51+00:00\" \/>\n<meta property=\"og:image\" content=\"https:\/\/www.lassociation.fr\/backoffice\/wp-content\/uploads\/2019\/09\/3940.jpg\" \/>\n\t<meta property=\"og:image:width\" content=\"1338\" \/>\n\t<meta property=\"og:image:height\" content=\"1660\" \/>\n\t<meta property=\"og:image:type\" content=\"image\/jpeg\" \/>\n<meta name=\"twitter:card\" content=\"summary_large_image\" \/>\n<meta name=\"twitter:site\" content=\"@lassociation\" \/>\n<script type=\"application\/ld+json\" class=\"yoast-schema-graph\">{\"@context\":\"https:\\\/\\\/schema.org\",\"@graph\":[{\"@type\":\"WebPage\",\"@id\":\"https:\\\/\\\/www.lassociation.fr\\\/en\\\/catalogue\\\/posada-genie-de-la-gravure\\\/\",\"url\":\"https:\\\/\\\/www.lassociation.fr\\\/en\\\/catalogue\\\/posada-genie-de-la-gravure\\\/\",\"name\":\"POSADA, G\u00e9nie de la gravure - L\u2019Association\",\"isPartOf\":{\"@id\":\"https:\\\/\\\/www.lassociation.fr\\\/en\\\/#website\"},\"primaryImageOfPage\":{\"@id\":\"https:\\\/\\\/www.lassociation.fr\\\/en\\\/catalogue\\\/posada-genie-de-la-gravure\\\/#primaryimage\"},\"image\":{\"@id\":\"https:\\\/\\\/www.lassociation.fr\\\/en\\\/catalogue\\\/posada-genie-de-la-gravure\\\/#primaryimage\"},\"thumbnailUrl\":\"https:\\\/\\\/www.lassociation.fr\\\/backoffice\\\/wp-content\\\/uploads\\\/2019\\\/09\\\/3940.jpg\",\"datePublished\":\"2019-08-31T22:00:00+00:00\",\"dateModified\":\"2026-01-22T10:38:51+00:00\",\"breadcrumb\":{\"@id\":\"https:\\\/\\\/www.lassociation.fr\\\/en\\\/catalogue\\\/posada-genie-de-la-gravure\\\/#breadcrumb\"},\"inLanguage\":\"en-US\",\"potentialAction\":[{\"@type\":\"ReadAction\",\"target\":[\"https:\\\/\\\/www.lassociation.fr\\\/en\\\/catalogue\\\/posada-genie-de-la-gravure\\\/\"]}]},{\"@type\":\"ImageObject\",\"inLanguage\":\"en-US\",\"@id\":\"https:\\\/\\\/www.lassociation.fr\\\/en\\\/catalogue\\\/posada-genie-de-la-gravure\\\/#primaryimage\",\"url\":\"https:\\\/\\\/www.lassociation.fr\\\/backoffice\\\/wp-content\\\/uploads\\\/2019\\\/09\\\/3940.jpg\",\"contentUrl\":\"https:\\\/\\\/www.lassociation.fr\\\/backoffice\\\/wp-content\\\/uploads\\\/2019\\\/09\\\/3940.jpg\",\"width\":1338,\"height\":1660},{\"@type\":\"BreadcrumbList\",\"@id\":\"https:\\\/\\\/www.lassociation.fr\\\/en\\\/catalogue\\\/posada-genie-de-la-gravure\\\/#breadcrumb\",\"itemListElement\":[{\"@type\":\"ListItem\",\"position\":1,\"name\":\"Accueil\",\"item\":\"https:\\\/\\\/www.lassociation.fr\\\/en\\\/\"},{\"@type\":\"ListItem\",\"position\":2,\"name\":\"Catalog\",\"item\":\"https:\\\/\\\/www.lassociation.fr\\\/en\\\/catalogue\\\/\"},{\"@type\":\"ListItem\",\"position\":3,\"name\":\"POSADA, G\u00e9nie de la gravure\"}]},{\"@type\":\"WebSite\",\"@id\":\"https:\\\/\\\/www.lassociation.fr\\\/en\\\/#website\",\"url\":\"https:\\\/\\\/www.lassociation.fr\\\/en\\\/\",\"name\":\"L\u2019Association\",\"description\":\"Maison d\u2019\u00e9dition fran\u00e7aise de bande dessin\u00e9e, fond\u00e9e en 1990.\",\"publisher\":{\"@id\":\"https:\\\/\\\/www.lassociation.fr\\\/en\\\/#organization\"},\"potentialAction\":[{\"@type\":\"SearchAction\",\"target\":{\"@type\":\"EntryPoint\",\"urlTemplate\":\"https:\\\/\\\/www.lassociation.fr\\\/en\\\/?s={search_term_string}\"},\"query-input\":{\"@type\":\"PropertyValueSpecification\",\"valueRequired\":true,\"valueName\":\"search_term_string\"}}],\"inLanguage\":\"en-US\"},{\"@type\":\"Organization\",\"@id\":\"https:\\\/\\\/www.lassociation.fr\\\/en\\\/#organization\",\"name\":\"L\u2019Association\",\"url\":\"https:\\\/\\\/www.lassociation.fr\\\/en\\\/\",\"logo\":{\"@type\":\"ImageObject\",\"inLanguage\":\"en-US\",\"@id\":\"https:\\\/\\\/www.lassociation.fr\\\/en\\\/#\\\/schema\\\/logo\\\/image\\\/\",\"url\":\"https:\\\/\\\/www.lassociation.fr\\\/backoffice\\\/wp-content\\\/uploads\\\/2019\\\/11\\\/asso_large.png\",\"contentUrl\":\"https:\\\/\\\/www.lassociation.fr\\\/backoffice\\\/wp-content\\\/uploads\\\/2019\\\/11\\\/asso_large.png\",\"width\":1200,\"height\":630,\"caption\":\"L\u2019Association\"},\"image\":{\"@id\":\"https:\\\/\\\/www.lassociation.fr\\\/en\\\/#\\\/schema\\\/logo\\\/image\\\/\"},\"sameAs\":[\"https:\\\/\\\/www.facebook.com\\\/lhydrelasso\\\/\",\"https:\\\/\\\/x.com\\\/lassociation\",\"https:\\\/\\\/www.instagram.com\\\/editions_lassociation\",\"https:\\\/\\\/fr.wikipedia.org\\\/wiki\\\/LAssociation\",\"https:\\\/\\\/www.youtube.com\\\/@editions_lassociation\"]}]}<\/script>","yoast_head_json":{"title":"POSADA, G\u00e9nie de la gravure - L\u2019Association","robots":{"index":"index","follow":"follow","max-snippet":"max-snippet:-1","max-image-preview":"max-image-preview:large","max-video-preview":"max-video-preview:-1"},"canonical":"https:\/\/www.lassociation.fr\/en\/catalogue\/posada-genie-de-la-gravure\/","og_locale":"en_US","og_type":"article","og_title":"POSADA, G\u00e9nie de la gravure - L\u2019Association","og_description":"Jos\u00e9 Guadalupe Posada (1852-1913). Une \u0153uvre unique, culte, un trait imm\u00e9diatement reconnaissable, qui continue d\u2019influencer les dessinateurs du monde entier. Cet ouvrage est la premi\u00e8re monographie consacr\u00e9e \u00e0 l\u2019\u0153uvre de ce g\u00e9nie de la gravure \u2013 \u00ab aussi grand que Goya \u00bb, disait de lui Diego Rivera \u2013 \u00e9tonnamment m\u00e9connu en France. Plus de quatre [&hellip;]","og_url":"https:\/\/www.lassociation.fr\/en\/catalogue\/posada-genie-de-la-gravure\/","og_site_name":"L\u2019Association","article_publisher":"https:\/\/www.facebook.com\/lhydrelasso\/","article_modified_time":"2026-01-22T10:38:51+00:00","og_image":[{"width":1338,"height":1660,"url":"https:\/\/www.lassociation.fr\/backoffice\/wp-content\/uploads\/2019\/09\/3940.jpg","type":"image\/jpeg"}],"twitter_card":"summary_large_image","twitter_site":"@lassociation","schema":{"@context":"https:\/\/schema.org","@graph":[{"@type":"WebPage","@id":"https:\/\/www.lassociation.fr\/en\/catalogue\/posada-genie-de-la-gravure\/","url":"https:\/\/www.lassociation.fr\/en\/catalogue\/posada-genie-de-la-gravure\/","name":"POSADA, G\u00e9nie de la gravure - L\u2019Association","isPartOf":{"@id":"https:\/\/www.lassociation.fr\/en\/#website"},"primaryImageOfPage":{"@id":"https:\/\/www.lassociation.fr\/en\/catalogue\/posada-genie-de-la-gravure\/#primaryimage"},"image":{"@id":"https:\/\/www.lassociation.fr\/en\/catalogue\/posada-genie-de-la-gravure\/#primaryimage"},"thumbnailUrl":"https:\/\/www.lassociation.fr\/backoffice\/wp-content\/uploads\/2019\/09\/3940.jpg","datePublished":"2019-08-31T22:00:00+00:00","dateModified":"2026-01-22T10:38:51+00:00","breadcrumb":{"@id":"https:\/\/www.lassociation.fr\/en\/catalogue\/posada-genie-de-la-gravure\/#breadcrumb"},"inLanguage":"en-US","potentialAction":[{"@type":"ReadAction","target":["https:\/\/www.lassociation.fr\/en\/catalogue\/posada-genie-de-la-gravure\/"]}]},{"@type":"ImageObject","inLanguage":"en-US","@id":"https:\/\/www.lassociation.fr\/en\/catalogue\/posada-genie-de-la-gravure\/#primaryimage","url":"https:\/\/www.lassociation.fr\/backoffice\/wp-content\/uploads\/2019\/09\/3940.jpg","contentUrl":"https:\/\/www.lassociation.fr\/backoffice\/wp-content\/uploads\/2019\/09\/3940.jpg","width":1338,"height":1660},{"@type":"BreadcrumbList","@id":"https:\/\/www.lassociation.fr\/en\/catalogue\/posada-genie-de-la-gravure\/#breadcrumb","itemListElement":[{"@type":"ListItem","position":1,"name":"Accueil","item":"https:\/\/www.lassociation.fr\/en\/"},{"@type":"ListItem","position":2,"name":"Catalog","item":"https:\/\/www.lassociation.fr\/en\/catalogue\/"},{"@type":"ListItem","position":3,"name":"POSADA, G\u00e9nie de la gravure"}]},{"@type":"WebSite","@id":"https:\/\/www.lassociation.fr\/en\/#website","url":"https:\/\/www.lassociation.fr\/en\/","name":"L\u2019Association","description":"Maison d\u2019\u00e9dition fran\u00e7aise de bande dessin\u00e9e, fond\u00e9e en 1990.","publisher":{"@id":"https:\/\/www.lassociation.fr\/en\/#organization"},"potentialAction":[{"@type":"SearchAction","target":{"@type":"EntryPoint","urlTemplate":"https:\/\/www.lassociation.fr\/en\/?s={search_term_string}"},"query-input":{"@type":"PropertyValueSpecification","valueRequired":true,"valueName":"search_term_string"}}],"inLanguage":"en-US"},{"@type":"Organization","@id":"https:\/\/www.lassociation.fr\/en\/#organization","name":"L\u2019Association","url":"https:\/\/www.lassociation.fr\/en\/","logo":{"@type":"ImageObject","inLanguage":"en-US","@id":"https:\/\/www.lassociation.fr\/en\/#\/schema\/logo\/image\/","url":"https:\/\/www.lassociation.fr\/backoffice\/wp-content\/uploads\/2019\/11\/asso_large.png","contentUrl":"https:\/\/www.lassociation.fr\/backoffice\/wp-content\/uploads\/2019\/11\/asso_large.png","width":1200,"height":630,"caption":"L\u2019Association"},"image":{"@id":"https:\/\/www.lassociation.fr\/en\/#\/schema\/logo\/image\/"},"sameAs":["https:\/\/www.facebook.com\/lhydrelasso\/","https:\/\/x.com\/lassociation","https:\/\/www.instagram.com\/editions_lassociation","https:\/\/fr.wikipedia.org\/wiki\/LAssociation","https:\/\/www.youtube.com\/@editions_lassociation"]}]}},"_links":{"self":[{"href":"https:\/\/www.lassociation.fr\/en\/wp-json\/wp\/v2\/product\/1509","targetHints":{"allow":["GET"]}}],"collection":[{"href":"https:\/\/www.lassociation.fr\/en\/wp-json\/wp\/v2\/product"}],"about":[{"href":"https:\/\/www.lassociation.fr\/en\/wp-json\/wp\/v2\/types\/product"}],"wp:featuredmedia":[{"embeddable":true,"href":"https:\/\/www.lassociation.fr\/en\/wp-json\/wp\/v2\/media\/2175"}],"wp:attachment":[{"href":"https:\/\/www.lassociation.fr\/en\/wp-json\/wp\/v2\/media?parent=1509"}],"wp:term":[{"taxonomy":"product_cat","embeddable":true,"href":"https:\/\/www.lassociation.fr\/en\/wp-json\/wp\/v2\/product_cat?post=1509"},{"taxonomy":"product_tag","embeddable":true,"href":"https:\/\/www.lassociation.fr\/en\/wp-json\/wp\/v2\/product_tag?post=1509"}],"curies":[{"name":"wp","href":"https:\/\/api.w.org\/{rel}","templated":true}]}}