{"id":1520,"date":"2019-04-01T00:00:00","date_gmt":"2019-03-31T22:00:00","guid":{"rendered":"https:\/\/www.lassociation.fr\/product\/le-chien-de-la-voisine-et-le-retour-du-chien-de-la-voisine\/"},"modified":"2026-03-02T20:49:28","modified_gmt":"2026-03-02T19:49:28","slug":"le-chien-de-la-voisine-et-le-retour-du-chien-de-la-voisine","status":"publish","type":"product","link":"https:\/\/www.lassociation.fr\/en\/catalogue\/le-chien-de-la-voisine-et-le-retour-du-chien-de-la-voisine\/","title":{"rendered":"Chien de la voisine et le retour du chien de la voisine (Le)"},"content":{"rendered":"<p>Le chien de la voisine est plut\u00f4t m\u00e9chant, il mord les enfants.<br \/>\nMais \u00e0 la maison, le chien de la voisine a une ma\u00eetresse sexy et il est tr\u00e8s poli.<br \/>\nLorsque son voisin, en couple avec un enfant, la rencontre, il reste perturb\u00e9.<br \/>\nIl s\u2019ennuie avec sa femme, et l\u2019enfant est p\u00e9nible.<br \/>\nLe chien de la voisine est certainement le fantasme du voisin de sa ma\u00eetresse.<br \/>\nLorsque la voisine dispara\u00eet, il ne reste d\u2019elle que son chien.<br \/>\n\u00ab Le Chien de la voisine \u00bb nous raconte, par historiettes, un voisinage troubl\u00e9, un ennui p\u00e9riurbain, une violence latente et la frustration de la vie en famille.<\/p>\n<p>Initialement paru chez Les Taupes de l\u2019Espace sous le pseudonyme d\u2019Imius en 2002, S\u00e9bastien Lumineau nous offre une nouvelle \u00e9dition en un seul volume du \u00ab Chien de la voisine \u00bb.<\/p>\n","protected":false},"excerpt":{"rendered":"<p>Le chien de la voisine est plut\u00f4t m\u00e9chant, il mord les enfants. Mais \u00e0 la maison, le chien de la voisine a une ma\u00eetresse sexy et il est tr\u00e8s poli. Lorsque son voisin, en couple avec un enfant, la rencontre, il reste perturb\u00e9. Il s\u2019ennuie avec sa femme, et l\u2019enfant est p\u00e9nible. Le chien de [&hellip;]<\/p>\n","protected":false},"featured_media":2186,"template":"","meta":{"_acf_changed":false},"product_cat":[48],"product_tag":[],"class_list":{"0":"post-1520","1":"product","2":"type-product","3":"status-publish","4":"has-post-thumbnail","6":"product_cat-hors-collection","7":"member-discount","8":"discount-restricted","10":"first","11":"instock","12":"taxable","13":"shipping-taxable","14":"purchasable","15":"product-type-simple"},"acf":[],"yoast_head":"<title>Chien de la voisine et le retour du chien de la voisine (Le) - L\u2019Association<\/title>\n<meta name=\"robots\" content=\"index, follow, max-snippet:-1, max-image-preview:large, max-video-preview:-1\" \/>\n<link rel=\"canonical\" href=\"https:\/\/www.lassociation.fr\/en\/catalogue\/le-chien-de-la-voisine-et-le-retour-du-chien-de-la-voisine\/\" \/>\n<meta property=\"og:locale\" content=\"en_US\" \/>\n<meta property=\"og:type\" content=\"article\" \/>\n<meta property=\"og:title\" content=\"Chien de la voisine et le retour du chien de la voisine (Le) - L\u2019Association\" \/>\n<meta property=\"og:description\" content=\"Le chien de la voisine est plut\u00f4t m\u00e9chant, il mord les enfants. Mais \u00e0 la maison, le chien de la voisine a une ma\u00eetresse sexy et il est tr\u00e8s poli. Lorsque son voisin, en couple avec un enfant, la rencontre, il reste perturb\u00e9. Il s\u2019ennuie avec sa femme, et l\u2019enfant est p\u00e9nible. Le chien de [&hellip;]\" \/>\n<meta property=\"og:url\" content=\"https:\/\/www.lassociation.fr\/en\/catalogue\/le-chien-de-la-voisine-et-le-retour-du-chien-de-la-voisine\/\" \/>\n<meta property=\"og:site_name\" content=\"L\u2019Association\" \/>\n<meta property=\"article:publisher\" content=\"https:\/\/www.facebook.com\/lhydrelasso\/\" \/>\n<meta property=\"article:modified_time\" content=\"2026-03-02T19:49:28+00:00\" \/>\n<meta property=\"og:image\" content=\"https:\/\/www.lassociation.fr\/backoffice\/wp-content\/uploads\/2019\/09\/3879.png\" \/>\n\t<meta property=\"og:image:width\" content=\"428\" \/>\n\t<meta property=\"og:image:height\" content=\"567\" \/>\n\t<meta property=\"og:image:type\" content=\"image\/png\" \/>\n<meta name=\"twitter:card\" content=\"summary_large_image\" \/>\n<meta name=\"twitter:site\" content=\"@lassociation\" \/>\n<script type=\"application\/ld+json\" class=\"yoast-schema-graph\">{\"@context\":\"https:\\\/\\\/schema.org\",\"@graph\":[{\"@type\":\"WebPage\",\"@id\":\"https:\\\/\\\/www.lassociation.fr\\\/en\\\/catalogue\\\/le-chien-de-la-voisine-et-le-retour-du-chien-de-la-voisine\\\/\",\"url\":\"https:\\\/\\\/www.lassociation.fr\\\/en\\\/catalogue\\\/le-chien-de-la-voisine-et-le-retour-du-chien-de-la-voisine\\\/\",\"name\":\"Chien de la voisine et le retour du chien de la voisine (Le) - L\u2019Association\",\"isPartOf\":{\"@id\":\"https:\\\/\\\/www.lassociation.fr\\\/en\\\/#website\"},\"primaryImageOfPage\":{\"@id\":\"https:\\\/\\\/www.lassociation.fr\\\/en\\\/catalogue\\\/le-chien-de-la-voisine-et-le-retour-du-chien-de-la-voisine\\\/#primaryimage\"},\"image\":{\"@id\":\"https:\\\/\\\/www.lassociation.fr\\\/en\\\/catalogue\\\/le-chien-de-la-voisine-et-le-retour-du-chien-de-la-voisine\\\/#primaryimage\"},\"thumbnailUrl\":\"https:\\\/\\\/www.lassociation.fr\\\/backoffice\\\/wp-content\\\/uploads\\\/2019\\\/09\\\/3879.png\",\"datePublished\":\"2019-03-31T22:00:00+00:00\",\"dateModified\":\"2026-03-02T19:49:28+00:00\",\"breadcrumb\":{\"@id\":\"https:\\\/\\\/www.lassociation.fr\\\/en\\\/catalogue\\\/le-chien-de-la-voisine-et-le-retour-du-chien-de-la-voisine\\\/#breadcrumb\"},\"inLanguage\":\"en-US\",\"potentialAction\":[{\"@type\":\"ReadAction\",\"target\":[\"https:\\\/\\\/www.lassociation.fr\\\/en\\\/catalogue\\\/le-chien-de-la-voisine-et-le-retour-du-chien-de-la-voisine\\\/\"]}]},{\"@type\":\"ImageObject\",\"inLanguage\":\"en-US\",\"@id\":\"https:\\\/\\\/www.lassociation.fr\\\/en\\\/catalogue\\\/le-chien-de-la-voisine-et-le-retour-du-chien-de-la-voisine\\\/#primaryimage\",\"url\":\"https:\\\/\\\/www.lassociation.fr\\\/backoffice\\\/wp-content\\\/uploads\\\/2019\\\/09\\\/3879.png\",\"contentUrl\":\"https:\\\/\\\/www.lassociation.fr\\\/backoffice\\\/wp-content\\\/uploads\\\/2019\\\/09\\\/3879.png\",\"width\":428,\"height\":567},{\"@type\":\"BreadcrumbList\",\"@id\":\"https:\\\/\\\/www.lassociation.fr\\\/en\\\/catalogue\\\/le-chien-de-la-voisine-et-le-retour-du-chien-de-la-voisine\\\/#breadcrumb\",\"itemListElement\":[{\"@type\":\"ListItem\",\"position\":1,\"name\":\"Accueil\",\"item\":\"https:\\\/\\\/www.lassociation.fr\\\/en\\\/\"},{\"@type\":\"ListItem\",\"position\":2,\"name\":\"Catalog\",\"item\":\"https:\\\/\\\/www.lassociation.fr\\\/en\\\/catalogue\\\/\"},{\"@type\":\"ListItem\",\"position\":3,\"name\":\"Chien de la voisine et le retour du chien de la voisine (Le)\"}]},{\"@type\":\"WebSite\",\"@id\":\"https:\\\/\\\/www.lassociation.fr\\\/en\\\/#website\",\"url\":\"https:\\\/\\\/www.lassociation.fr\\\/en\\\/\",\"name\":\"L\u2019Association\",\"description\":\"Maison d\u2019\u00e9dition fran\u00e7aise de bande dessin\u00e9e, fond\u00e9e en 1990.\",\"publisher\":{\"@id\":\"https:\\\/\\\/www.lassociation.fr\\\/en\\\/#organization\"},\"potentialAction\":[{\"@type\":\"SearchAction\",\"target\":{\"@type\":\"EntryPoint\",\"urlTemplate\":\"https:\\\/\\\/www.lassociation.fr\\\/en\\\/?s={search_term_string}\"},\"query-input\":{\"@type\":\"PropertyValueSpecification\",\"valueRequired\":true,\"valueName\":\"search_term_string\"}}],\"inLanguage\":\"en-US\"},{\"@type\":\"Organization\",\"@id\":\"https:\\\/\\\/www.lassociation.fr\\\/en\\\/#organization\",\"name\":\"L\u2019Association\",\"url\":\"https:\\\/\\\/www.lassociation.fr\\\/en\\\/\",\"logo\":{\"@type\":\"ImageObject\",\"inLanguage\":\"en-US\",\"@id\":\"https:\\\/\\\/www.lassociation.fr\\\/en\\\/#\\\/schema\\\/logo\\\/image\\\/\",\"url\":\"https:\\\/\\\/www.lassociation.fr\\\/backoffice\\\/wp-content\\\/uploads\\\/2019\\\/11\\\/asso_large.png\",\"contentUrl\":\"https:\\\/\\\/www.lassociation.fr\\\/backoffice\\\/wp-content\\\/uploads\\\/2019\\\/11\\\/asso_large.png\",\"width\":1200,\"height\":630,\"caption\":\"L\u2019Association\"},\"image\":{\"@id\":\"https:\\\/\\\/www.lassociation.fr\\\/en\\\/#\\\/schema\\\/logo\\\/image\\\/\"},\"sameAs\":[\"https:\\\/\\\/www.facebook.com\\\/lhydrelasso\\\/\",\"https:\\\/\\\/x.com\\\/lassociation\",\"https:\\\/\\\/www.instagram.com\\\/editions_lassociation\",\"https:\\\/\\\/fr.wikipedia.org\\\/wiki\\\/LAssociation\",\"https:\\\/\\\/www.youtube.com\\\/@editions_lassociation\"]}]}<\/script>","yoast_head_json":{"title":"Chien de la voisine et le retour du chien de la voisine (Le) - L\u2019Association","robots":{"index":"index","follow":"follow","max-snippet":"max-snippet:-1","max-image-preview":"max-image-preview:large","max-video-preview":"max-video-preview:-1"},"canonical":"https:\/\/www.lassociation.fr\/en\/catalogue\/le-chien-de-la-voisine-et-le-retour-du-chien-de-la-voisine\/","og_locale":"en_US","og_type":"article","og_title":"Chien de la voisine et le retour du chien de la voisine (Le) - L\u2019Association","og_description":"Le chien de la voisine est plut\u00f4t m\u00e9chant, il mord les enfants. Mais \u00e0 la maison, le chien de la voisine a une ma\u00eetresse sexy et il est tr\u00e8s poli. Lorsque son voisin, en couple avec un enfant, la rencontre, il reste perturb\u00e9. Il s\u2019ennuie avec sa femme, et l\u2019enfant est p\u00e9nible. Le chien de [&hellip;]","og_url":"https:\/\/www.lassociation.fr\/en\/catalogue\/le-chien-de-la-voisine-et-le-retour-du-chien-de-la-voisine\/","og_site_name":"L\u2019Association","article_publisher":"https:\/\/www.facebook.com\/lhydrelasso\/","article_modified_time":"2026-03-02T19:49:28+00:00","og_image":[{"width":428,"height":567,"url":"https:\/\/www.lassociation.fr\/backoffice\/wp-content\/uploads\/2019\/09\/3879.png","type":"image\/png"}],"twitter_card":"summary_large_image","twitter_site":"@lassociation","schema":{"@context":"https:\/\/schema.org","@graph":[{"@type":"WebPage","@id":"https:\/\/www.lassociation.fr\/en\/catalogue\/le-chien-de-la-voisine-et-le-retour-du-chien-de-la-voisine\/","url":"https:\/\/www.lassociation.fr\/en\/catalogue\/le-chien-de-la-voisine-et-le-retour-du-chien-de-la-voisine\/","name":"Chien de la voisine et le retour du chien de la voisine (Le) - L\u2019Association","isPartOf":{"@id":"https:\/\/www.lassociation.fr\/en\/#website"},"primaryImageOfPage":{"@id":"https:\/\/www.lassociation.fr\/en\/catalogue\/le-chien-de-la-voisine-et-le-retour-du-chien-de-la-voisine\/#primaryimage"},"image":{"@id":"https:\/\/www.lassociation.fr\/en\/catalogue\/le-chien-de-la-voisine-et-le-retour-du-chien-de-la-voisine\/#primaryimage"},"thumbnailUrl":"https:\/\/www.lassociation.fr\/backoffice\/wp-content\/uploads\/2019\/09\/3879.png","datePublished":"2019-03-31T22:00:00+00:00","dateModified":"2026-03-02T19:49:28+00:00","breadcrumb":{"@id":"https:\/\/www.lassociation.fr\/en\/catalogue\/le-chien-de-la-voisine-et-le-retour-du-chien-de-la-voisine\/#breadcrumb"},"inLanguage":"en-US","potentialAction":[{"@type":"ReadAction","target":["https:\/\/www.lassociation.fr\/en\/catalogue\/le-chien-de-la-voisine-et-le-retour-du-chien-de-la-voisine\/"]}]},{"@type":"ImageObject","inLanguage":"en-US","@id":"https:\/\/www.lassociation.fr\/en\/catalogue\/le-chien-de-la-voisine-et-le-retour-du-chien-de-la-voisine\/#primaryimage","url":"https:\/\/www.lassociation.fr\/backoffice\/wp-content\/uploads\/2019\/09\/3879.png","contentUrl":"https:\/\/www.lassociation.fr\/backoffice\/wp-content\/uploads\/2019\/09\/3879.png","width":428,"height":567},{"@type":"BreadcrumbList","@id":"https:\/\/www.lassociation.fr\/en\/catalogue\/le-chien-de-la-voisine-et-le-retour-du-chien-de-la-voisine\/#breadcrumb","itemListElement":[{"@type":"ListItem","position":1,"name":"Accueil","item":"https:\/\/www.lassociation.fr\/en\/"},{"@type":"ListItem","position":2,"name":"Catalog","item":"https:\/\/www.lassociation.fr\/en\/catalogue\/"},{"@type":"ListItem","position":3,"name":"Chien de la voisine et le retour du chien de la voisine (Le)"}]},{"@type":"WebSite","@id":"https:\/\/www.lassociation.fr\/en\/#website","url":"https:\/\/www.lassociation.fr\/en\/","name":"L\u2019Association","description":"Maison d\u2019\u00e9dition fran\u00e7aise de bande dessin\u00e9e, fond\u00e9e en 1990.","publisher":{"@id":"https:\/\/www.lassociation.fr\/en\/#organization"},"potentialAction":[{"@type":"SearchAction","target":{"@type":"EntryPoint","urlTemplate":"https:\/\/www.lassociation.fr\/en\/?s={search_term_string}"},"query-input":{"@type":"PropertyValueSpecification","valueRequired":true,"valueName":"search_term_string"}}],"inLanguage":"en-US"},{"@type":"Organization","@id":"https:\/\/www.lassociation.fr\/en\/#organization","name":"L\u2019Association","url":"https:\/\/www.lassociation.fr\/en\/","logo":{"@type":"ImageObject","inLanguage":"en-US","@id":"https:\/\/www.lassociation.fr\/en\/#\/schema\/logo\/image\/","url":"https:\/\/www.lassociation.fr\/backoffice\/wp-content\/uploads\/2019\/11\/asso_large.png","contentUrl":"https:\/\/www.lassociation.fr\/backoffice\/wp-content\/uploads\/2019\/11\/asso_large.png","width":1200,"height":630,"caption":"L\u2019Association"},"image":{"@id":"https:\/\/www.lassociation.fr\/en\/#\/schema\/logo\/image\/"},"sameAs":["https:\/\/www.facebook.com\/lhydrelasso\/","https:\/\/x.com\/lassociation","https:\/\/www.instagram.com\/editions_lassociation","https:\/\/fr.wikipedia.org\/wiki\/LAssociation","https:\/\/www.youtube.com\/@editions_lassociation"]}]}},"_links":{"self":[{"href":"https:\/\/www.lassociation.fr\/en\/wp-json\/wp\/v2\/product\/1520","targetHints":{"allow":["GET"]}}],"collection":[{"href":"https:\/\/www.lassociation.fr\/en\/wp-json\/wp\/v2\/product"}],"about":[{"href":"https:\/\/www.lassociation.fr\/en\/wp-json\/wp\/v2\/types\/product"}],"wp:featuredmedia":[{"embeddable":true,"href":"https:\/\/www.lassociation.fr\/en\/wp-json\/wp\/v2\/media\/2186"}],"wp:attachment":[{"href":"https:\/\/www.lassociation.fr\/en\/wp-json\/wp\/v2\/media?parent=1520"}],"wp:term":[{"taxonomy":"product_cat","embeddable":true,"href":"https:\/\/www.lassociation.fr\/en\/wp-json\/wp\/v2\/product_cat?post=1520"},{"taxonomy":"product_tag","embeddable":true,"href":"https:\/\/www.lassociation.fr\/en\/wp-json\/wp\/v2\/product_tag?post=1520"}],"curies":[{"name":"wp","href":"https:\/\/api.w.org\/{rel}","templated":true}]}}