{"id":1527,"date":"2019-01-04T12:12:00","date_gmt":"2019-01-04T11:12:00","guid":{"rendered":"https:\/\/www.lassociation.fr\/product\/les-nouvelles-aventures-de-lapinot-tome-2-les-herbes-folles-edition-super-luxe\/"},"modified":"2026-01-22T11:38:52","modified_gmt":"2026-01-22T10:38:52","slug":"les-nouvelles-aventures-de-lapinot-tome-2-les-herbes-folles-edition-super-luxe","status":"publish","type":"product","link":"https:\/\/www.lassociation.fr\/en\/catalogue\/les-nouvelles-aventures-de-lapinot-tome-2-les-herbes-folles-edition-super-luxe\/","title":{"rendered":"Nouvelles aventures de Lapinot (Les) [Tome 2] Les Herbes folles &#8211; \u00c9dition SUPER LUXE"},"content":{"rendered":"<p>Pour les super amateurs, cette version avec couverture blanche, pourra \u00eatre dessin\u00e9e, personnalis\u00e9e et sign\u00e9e par l&#8217;auteur. Vous aurez alors un livre absolument unique.<\/p>\n<p>VERSION IDENTIQUE \u00e0 la version initiale (pas de pages suppl\u00e9mentaires), EN VENTE UNIQUEMENT SUR NOTRE SITE.<br \/>\nTIRAGE LIMIT\u00c9 \u00c0 50 EXEMPLAIRES<\/p>\n<p>Parmi les bonnes r\u00e9solutions que Lewis Trondheim a formul\u00e9es devant sa b\u00fbche au Grand-Marnier le premier janvier 2018, il y avait celle-ci : faire un dessin par jour dans un petit carnet moleskine, mis en couleur \u00e0 l\u2019aquarelle par ses propres soins. Et c\u2019est Lapinot qui est naturellement apparu sous sa plume.<br \/>\nHomme de parole, il r\u00e9alise depuis, chaque jour, une nouvelle case de ces nouvelles aventures de Lapinot, qui est rejoint par l\u2019incontournable Richard dans une \u00e9pop\u00e9e \u00e9chevel\u00e9e dans laquelle il est question de dimensions parall\u00e8les, de nature qui reprend ses droits (et un peu plus encore), avec de l\u2019amour et des bagarres, des ph\u00e9nom\u00e8nes surnaturels et du vomi, de l\u2019\u00e9motion et des coups de th\u00e9\u00e2tre.<\/p>\n","protected":false},"excerpt":{"rendered":"<p>Pour les super amateurs, cette version avec couverture blanche, pourra \u00eatre dessin\u00e9e, personnalis\u00e9e et sign\u00e9e par l&#8217;auteur. Vous aurez alors un livre absolument unique. VERSION IDENTIQUE \u00e0 la version initiale (pas de pages suppl\u00e9mentaires), EN VENTE UNIQUEMENT SUR NOTRE SITE. TIRAGE LIMIT\u00c9 \u00c0 50 EXEMPLAIRES Parmi les bonnes r\u00e9solutions que Lewis Trondheim a formul\u00e9es devant [&hellip;]<\/p>\n","protected":false},"featured_media":2193,"template":"","meta":{"_acf_changed":false},"product_cat":[51],"product_tag":[],"class_list":{"0":"post-1527","1":"product","2":"type-product","3":"status-publish","4":"has-post-thumbnail","6":"product_cat-48cc","7":"product_shipping_class-avec-signature","8":"member-discount","9":"discount-restricted","11":"first","12":"outofstock","13":"taxable","14":"shipping-taxable","15":"purchasable","16":"product-type-simple"},"acf":[],"yoast_head":"<title>Nouvelles aventures de Lapinot (Les) [Tome 2] Les Herbes folles - \u00c9dition SUPER LUXE - L\u2019Association<\/title>\n<meta name=\"robots\" content=\"index, follow, max-snippet:-1, max-image-preview:large, max-video-preview:-1\" \/>\n<link rel=\"canonical\" href=\"https:\/\/www.lassociation.fr\/en\/catalogue\/les-nouvelles-aventures-de-lapinot-tome-2-les-herbes-folles-edition-super-luxe\/\" \/>\n<meta property=\"og:locale\" content=\"en_US\" \/>\n<meta property=\"og:type\" content=\"article\" \/>\n<meta property=\"og:title\" content=\"Nouvelles aventures de Lapinot (Les) [Tome 2] Les Herbes folles - \u00c9dition SUPER LUXE - L\u2019Association\" \/>\n<meta property=\"og:description\" content=\"Pour les super amateurs, cette version avec couverture blanche, pourra \u00eatre dessin\u00e9e, personnalis\u00e9e et sign\u00e9e par l&#8217;auteur. Vous aurez alors un livre absolument unique. VERSION IDENTIQUE \u00e0 la version initiale (pas de pages suppl\u00e9mentaires), EN VENTE UNIQUEMENT SUR NOTRE SITE. TIRAGE LIMIT\u00c9 \u00c0 50 EXEMPLAIRES Parmi les bonnes r\u00e9solutions que Lewis Trondheim a formul\u00e9es devant [&hellip;]\" \/>\n<meta property=\"og:url\" content=\"https:\/\/www.lassociation.fr\/en\/catalogue\/les-nouvelles-aventures-de-lapinot-tome-2-les-herbes-folles-edition-super-luxe\/\" \/>\n<meta property=\"og:site_name\" content=\"L\u2019Association\" \/>\n<meta property=\"article:publisher\" content=\"https:\/\/www.facebook.com\/lhydrelasso\/\" \/>\n<meta property=\"article:modified_time\" content=\"2026-01-22T10:38:52+00:00\" \/>\n<meta property=\"og:image\" content=\"https:\/\/www.lassociation.fr\/backoffice\/wp-content\/uploads\/2019\/09\/3859.png\" \/>\n\t<meta property=\"og:image:width\" content=\"1181\" \/>\n\t<meta property=\"og:image:height\" content=\"984\" \/>\n\t<meta property=\"og:image:type\" content=\"image\/png\" \/>\n<meta name=\"twitter:card\" content=\"summary_large_image\" \/>\n<meta name=\"twitter:site\" content=\"@lassociation\" \/>\n<script type=\"application\/ld+json\" class=\"yoast-schema-graph\">{\"@context\":\"https:\\\/\\\/schema.org\",\"@graph\":[{\"@type\":\"WebPage\",\"@id\":\"https:\\\/\\\/www.lassociation.fr\\\/en\\\/catalogue\\\/les-nouvelles-aventures-de-lapinot-tome-2-les-herbes-folles-edition-super-luxe\\\/\",\"url\":\"https:\\\/\\\/www.lassociation.fr\\\/en\\\/catalogue\\\/les-nouvelles-aventures-de-lapinot-tome-2-les-herbes-folles-edition-super-luxe\\\/\",\"name\":\"Nouvelles aventures de Lapinot (Les) [Tome 2] Les Herbes folles - \u00c9dition SUPER LUXE - L\u2019Association\",\"isPartOf\":{\"@id\":\"https:\\\/\\\/www.lassociation.fr\\\/en\\\/#website\"},\"primaryImageOfPage\":{\"@id\":\"https:\\\/\\\/www.lassociation.fr\\\/en\\\/catalogue\\\/les-nouvelles-aventures-de-lapinot-tome-2-les-herbes-folles-edition-super-luxe\\\/#primaryimage\"},\"image\":{\"@id\":\"https:\\\/\\\/www.lassociation.fr\\\/en\\\/catalogue\\\/les-nouvelles-aventures-de-lapinot-tome-2-les-herbes-folles-edition-super-luxe\\\/#primaryimage\"},\"thumbnailUrl\":\"https:\\\/\\\/www.lassociation.fr\\\/backoffice\\\/wp-content\\\/uploads\\\/2019\\\/09\\\/3859.png\",\"datePublished\":\"2019-01-04T11:12:00+00:00\",\"dateModified\":\"2026-01-22T10:38:52+00:00\",\"breadcrumb\":{\"@id\":\"https:\\\/\\\/www.lassociation.fr\\\/en\\\/catalogue\\\/les-nouvelles-aventures-de-lapinot-tome-2-les-herbes-folles-edition-super-luxe\\\/#breadcrumb\"},\"inLanguage\":\"en-US\",\"potentialAction\":[{\"@type\":\"ReadAction\",\"target\":[\"https:\\\/\\\/www.lassociation.fr\\\/en\\\/catalogue\\\/les-nouvelles-aventures-de-lapinot-tome-2-les-herbes-folles-edition-super-luxe\\\/\"]}]},{\"@type\":\"ImageObject\",\"inLanguage\":\"en-US\",\"@id\":\"https:\\\/\\\/www.lassociation.fr\\\/en\\\/catalogue\\\/les-nouvelles-aventures-de-lapinot-tome-2-les-herbes-folles-edition-super-luxe\\\/#primaryimage\",\"url\":\"https:\\\/\\\/www.lassociation.fr\\\/backoffice\\\/wp-content\\\/uploads\\\/2019\\\/09\\\/3859.png\",\"contentUrl\":\"https:\\\/\\\/www.lassociation.fr\\\/backoffice\\\/wp-content\\\/uploads\\\/2019\\\/09\\\/3859.png\",\"width\":1181,\"height\":984},{\"@type\":\"BreadcrumbList\",\"@id\":\"https:\\\/\\\/www.lassociation.fr\\\/en\\\/catalogue\\\/les-nouvelles-aventures-de-lapinot-tome-2-les-herbes-folles-edition-super-luxe\\\/#breadcrumb\",\"itemListElement\":[{\"@type\":\"ListItem\",\"position\":1,\"name\":\"Accueil\",\"item\":\"https:\\\/\\\/www.lassociation.fr\\\/en\\\/\"},{\"@type\":\"ListItem\",\"position\":2,\"name\":\"Catalog\",\"item\":\"https:\\\/\\\/www.lassociation.fr\\\/en\\\/catalogue\\\/\"},{\"@type\":\"ListItem\",\"position\":3,\"name\":\"Nouvelles aventures de Lapinot (Les) [Tome 2] Les Herbes folles &#8211; \u00c9dition SUPER LUXE\"}]},{\"@type\":\"WebSite\",\"@id\":\"https:\\\/\\\/www.lassociation.fr\\\/en\\\/#website\",\"url\":\"https:\\\/\\\/www.lassociation.fr\\\/en\\\/\",\"name\":\"L\u2019Association\",\"description\":\"Maison d\u2019\u00e9dition fran\u00e7aise de bande dessin\u00e9e, fond\u00e9e en 1990.\",\"publisher\":{\"@id\":\"https:\\\/\\\/www.lassociation.fr\\\/en\\\/#organization\"},\"potentialAction\":[{\"@type\":\"SearchAction\",\"target\":{\"@type\":\"EntryPoint\",\"urlTemplate\":\"https:\\\/\\\/www.lassociation.fr\\\/en\\\/?s={search_term_string}\"},\"query-input\":{\"@type\":\"PropertyValueSpecification\",\"valueRequired\":true,\"valueName\":\"search_term_string\"}}],\"inLanguage\":\"en-US\"},{\"@type\":\"Organization\",\"@id\":\"https:\\\/\\\/www.lassociation.fr\\\/en\\\/#organization\",\"name\":\"L\u2019Association\",\"url\":\"https:\\\/\\\/www.lassociation.fr\\\/en\\\/\",\"logo\":{\"@type\":\"ImageObject\",\"inLanguage\":\"en-US\",\"@id\":\"https:\\\/\\\/www.lassociation.fr\\\/en\\\/#\\\/schema\\\/logo\\\/image\\\/\",\"url\":\"https:\\\/\\\/www.lassociation.fr\\\/backoffice\\\/wp-content\\\/uploads\\\/2019\\\/11\\\/asso_large.png\",\"contentUrl\":\"https:\\\/\\\/www.lassociation.fr\\\/backoffice\\\/wp-content\\\/uploads\\\/2019\\\/11\\\/asso_large.png\",\"width\":1200,\"height\":630,\"caption\":\"L\u2019Association\"},\"image\":{\"@id\":\"https:\\\/\\\/www.lassociation.fr\\\/en\\\/#\\\/schema\\\/logo\\\/image\\\/\"},\"sameAs\":[\"https:\\\/\\\/www.facebook.com\\\/lhydrelasso\\\/\",\"https:\\\/\\\/x.com\\\/lassociation\",\"https:\\\/\\\/www.instagram.com\\\/editions_lassociation\",\"https:\\\/\\\/fr.wikipedia.org\\\/wiki\\\/LAssociation\",\"https:\\\/\\\/www.youtube.com\\\/@editions_lassociation\"]}]}<\/script>","yoast_head_json":{"title":"Nouvelles aventures de Lapinot (Les) [Tome 2] Les Herbes folles - \u00c9dition SUPER LUXE - L\u2019Association","robots":{"index":"index","follow":"follow","max-snippet":"max-snippet:-1","max-image-preview":"max-image-preview:large","max-video-preview":"max-video-preview:-1"},"canonical":"https:\/\/www.lassociation.fr\/en\/catalogue\/les-nouvelles-aventures-de-lapinot-tome-2-les-herbes-folles-edition-super-luxe\/","og_locale":"en_US","og_type":"article","og_title":"Nouvelles aventures de Lapinot (Les) [Tome 2] Les Herbes folles - \u00c9dition SUPER LUXE - L\u2019Association","og_description":"Pour les super amateurs, cette version avec couverture blanche, pourra \u00eatre dessin\u00e9e, personnalis\u00e9e et sign\u00e9e par l&#8217;auteur. Vous aurez alors un livre absolument unique. VERSION IDENTIQUE \u00e0 la version initiale (pas de pages suppl\u00e9mentaires), EN VENTE UNIQUEMENT SUR NOTRE SITE. TIRAGE LIMIT\u00c9 \u00c0 50 EXEMPLAIRES Parmi les bonnes r\u00e9solutions que Lewis Trondheim a formul\u00e9es devant [&hellip;]","og_url":"https:\/\/www.lassociation.fr\/en\/catalogue\/les-nouvelles-aventures-de-lapinot-tome-2-les-herbes-folles-edition-super-luxe\/","og_site_name":"L\u2019Association","article_publisher":"https:\/\/www.facebook.com\/lhydrelasso\/","article_modified_time":"2026-01-22T10:38:52+00:00","og_image":[{"width":1181,"height":984,"url":"https:\/\/www.lassociation.fr\/backoffice\/wp-content\/uploads\/2019\/09\/3859.png","type":"image\/png"}],"twitter_card":"summary_large_image","twitter_site":"@lassociation","schema":{"@context":"https:\/\/schema.org","@graph":[{"@type":"WebPage","@id":"https:\/\/www.lassociation.fr\/en\/catalogue\/les-nouvelles-aventures-de-lapinot-tome-2-les-herbes-folles-edition-super-luxe\/","url":"https:\/\/www.lassociation.fr\/en\/catalogue\/les-nouvelles-aventures-de-lapinot-tome-2-les-herbes-folles-edition-super-luxe\/","name":"Nouvelles aventures de Lapinot (Les) [Tome 2] Les Herbes folles - \u00c9dition SUPER LUXE - L\u2019Association","isPartOf":{"@id":"https:\/\/www.lassociation.fr\/en\/#website"},"primaryImageOfPage":{"@id":"https:\/\/www.lassociation.fr\/en\/catalogue\/les-nouvelles-aventures-de-lapinot-tome-2-les-herbes-folles-edition-super-luxe\/#primaryimage"},"image":{"@id":"https:\/\/www.lassociation.fr\/en\/catalogue\/les-nouvelles-aventures-de-lapinot-tome-2-les-herbes-folles-edition-super-luxe\/#primaryimage"},"thumbnailUrl":"https:\/\/www.lassociation.fr\/backoffice\/wp-content\/uploads\/2019\/09\/3859.png","datePublished":"2019-01-04T11:12:00+00:00","dateModified":"2026-01-22T10:38:52+00:00","breadcrumb":{"@id":"https:\/\/www.lassociation.fr\/en\/catalogue\/les-nouvelles-aventures-de-lapinot-tome-2-les-herbes-folles-edition-super-luxe\/#breadcrumb"},"inLanguage":"en-US","potentialAction":[{"@type":"ReadAction","target":["https:\/\/www.lassociation.fr\/en\/catalogue\/les-nouvelles-aventures-de-lapinot-tome-2-les-herbes-folles-edition-super-luxe\/"]}]},{"@type":"ImageObject","inLanguage":"en-US","@id":"https:\/\/www.lassociation.fr\/en\/catalogue\/les-nouvelles-aventures-de-lapinot-tome-2-les-herbes-folles-edition-super-luxe\/#primaryimage","url":"https:\/\/www.lassociation.fr\/backoffice\/wp-content\/uploads\/2019\/09\/3859.png","contentUrl":"https:\/\/www.lassociation.fr\/backoffice\/wp-content\/uploads\/2019\/09\/3859.png","width":1181,"height":984},{"@type":"BreadcrumbList","@id":"https:\/\/www.lassociation.fr\/en\/catalogue\/les-nouvelles-aventures-de-lapinot-tome-2-les-herbes-folles-edition-super-luxe\/#breadcrumb","itemListElement":[{"@type":"ListItem","position":1,"name":"Accueil","item":"https:\/\/www.lassociation.fr\/en\/"},{"@type":"ListItem","position":2,"name":"Catalog","item":"https:\/\/www.lassociation.fr\/en\/catalogue\/"},{"@type":"ListItem","position":3,"name":"Nouvelles aventures de Lapinot (Les) [Tome 2] Les Herbes folles &#8211; \u00c9dition SUPER LUXE"}]},{"@type":"WebSite","@id":"https:\/\/www.lassociation.fr\/en\/#website","url":"https:\/\/www.lassociation.fr\/en\/","name":"L\u2019Association","description":"Maison d\u2019\u00e9dition fran\u00e7aise de bande dessin\u00e9e, fond\u00e9e en 1990.","publisher":{"@id":"https:\/\/www.lassociation.fr\/en\/#organization"},"potentialAction":[{"@type":"SearchAction","target":{"@type":"EntryPoint","urlTemplate":"https:\/\/www.lassociation.fr\/en\/?s={search_term_string}"},"query-input":{"@type":"PropertyValueSpecification","valueRequired":true,"valueName":"search_term_string"}}],"inLanguage":"en-US"},{"@type":"Organization","@id":"https:\/\/www.lassociation.fr\/en\/#organization","name":"L\u2019Association","url":"https:\/\/www.lassociation.fr\/en\/","logo":{"@type":"ImageObject","inLanguage":"en-US","@id":"https:\/\/www.lassociation.fr\/en\/#\/schema\/logo\/image\/","url":"https:\/\/www.lassociation.fr\/backoffice\/wp-content\/uploads\/2019\/11\/asso_large.png","contentUrl":"https:\/\/www.lassociation.fr\/backoffice\/wp-content\/uploads\/2019\/11\/asso_large.png","width":1200,"height":630,"caption":"L\u2019Association"},"image":{"@id":"https:\/\/www.lassociation.fr\/en\/#\/schema\/logo\/image\/"},"sameAs":["https:\/\/www.facebook.com\/lhydrelasso\/","https:\/\/x.com\/lassociation","https:\/\/www.instagram.com\/editions_lassociation","https:\/\/fr.wikipedia.org\/wiki\/LAssociation","https:\/\/www.youtube.com\/@editions_lassociation"]}]}},"_links":{"self":[{"href":"https:\/\/www.lassociation.fr\/en\/wp-json\/wp\/v2\/product\/1527","targetHints":{"allow":["GET"]}}],"collection":[{"href":"https:\/\/www.lassociation.fr\/en\/wp-json\/wp\/v2\/product"}],"about":[{"href":"https:\/\/www.lassociation.fr\/en\/wp-json\/wp\/v2\/types\/product"}],"wp:featuredmedia":[{"embeddable":true,"href":"https:\/\/www.lassociation.fr\/en\/wp-json\/wp\/v2\/media\/2193"}],"wp:attachment":[{"href":"https:\/\/www.lassociation.fr\/en\/wp-json\/wp\/v2\/media?parent=1527"}],"wp:term":[{"taxonomy":"product_cat","embeddable":true,"href":"https:\/\/www.lassociation.fr\/en\/wp-json\/wp\/v2\/product_cat?post=1527"},{"taxonomy":"product_tag","embeddable":true,"href":"https:\/\/www.lassociation.fr\/en\/wp-json\/wp\/v2\/product_tag?post=1527"}],"curies":[{"name":"wp","href":"https:\/\/api.w.org\/{rel}","templated":true}]}}