{"id":1552,"date":"2018-03-01T00:00:00","date_gmt":"2018-02-28T23:00:00","guid":{"rendered":"https:\/\/www.lassociation.fr\/product\/alice-dans-le-sussex\/"},"modified":"2026-01-22T11:38:54","modified_gmt":"2026-01-22T10:38:54","slug":"alice-dans-le-sussex","status":"publish","type":"product","link":"https:\/\/www.lassociation.fr\/en\/catalogue\/alice-dans-le-sussex\/","title":{"rendered":"Alice dans le Sussex"},"content":{"rendered":"<p>Nicolas Mahler poursuit ses adaptations en bande dessin\u00e9e des \u0153uvres du patrimoine litt\u00e9raire europ\u00e9en.<br \/>\nDans <i>Alice dans le Sussex<\/i>, il c\u00e9l\u00e8bre Lewis Carroll et H. C. Artmann (<i>Frankenstein in Sussex<\/i>, jamais traduit en fran\u00e7ais), mais aussi Mary Shelley, Jules Verne, Voltaire, Cioran\u2026<br \/>\nAlice suit encore le lapin blanc qui plonge cette fois-ci dans une chemin\u00e9e au ras du sol dans laquelle personne ne saute jamais. Il l\u2019entra\u00eene dans sa nouvelle demeure sous terre, \u00e0 la recherche d\u2019une \u00e9dition illustr\u00e9e de <i>Frankenstein dans le Sussex<\/i>.<br \/>\nUn voyage labyrinthique dans la \u00ab somptueuse maison dans le meilleur des mondes possibles \u00bb, o\u00f9 Alice rencontre la Chenille, le Chat de Cheschire, le Chapelier fou et Frankenstein\u2026<br \/>\n<i>\u00ab Pensez-vous vraiment que la cr\u00e9ature de mon imagination veuille du mal \u00e0 celle de monsieur Carroll ? \u00bb<\/i><br \/>\nNicolas Mahler nous offre un collage subtil et bondissant, un condens\u00e9 de textes classiques o\u00f9 l\u2019\u00e9conomie de moyen, la ligne \u00e9pur\u00e9e et l\u2019humour rencontrent la m\u00e9lancolie subtile, la po\u00e9sie et l\u2019autod\u00e9rision.<\/p>\n<p>Traduction de l&#8217;allemand par Aur\u00e9lie Marquer.<\/p>\n","protected":false},"excerpt":{"rendered":"<p>Nicolas Mahler poursuit ses adaptations en bande dessin\u00e9e des \u0153uvres du patrimoine litt\u00e9raire europ\u00e9en. Dans Alice dans le Sussex, il c\u00e9l\u00e8bre Lewis Carroll et H. C. Artmann (Frankenstein in Sussex, jamais traduit en fran\u00e7ais), mais aussi Mary Shelley, Jules Verne, Voltaire, Cioran\u2026 Alice suit encore le lapin blanc qui plonge cette fois-ci dans une chemin\u00e9e [&hellip;]<\/p>\n","protected":false},"featured_media":2217,"template":"","meta":{"_acf_changed":false},"product_cat":[41],"product_tag":[],"class_list":{"0":"post-1552","1":"product","2":"type-product","3":"status-publish","4":"has-post-thumbnail","6":"product_cat-ciboulette","7":"member-discount","8":"discount-restricted","10":"first","11":"instock","12":"taxable","13":"shipping-taxable","14":"purchasable","15":"product-type-simple"},"acf":[],"yoast_head":"<title>Alice dans le Sussex - L\u2019Association<\/title>\n<meta name=\"robots\" content=\"index, follow, max-snippet:-1, max-image-preview:large, max-video-preview:-1\" \/>\n<link rel=\"canonical\" href=\"https:\/\/www.lassociation.fr\/en\/catalogue\/alice-dans-le-sussex\/\" \/>\n<meta property=\"og:locale\" content=\"en_US\" \/>\n<meta property=\"og:type\" content=\"article\" \/>\n<meta property=\"og:title\" content=\"Alice dans le Sussex - L\u2019Association\" \/>\n<meta property=\"og:description\" content=\"Nicolas Mahler poursuit ses adaptations en bande dessin\u00e9e des \u0153uvres du patrimoine litt\u00e9raire europ\u00e9en. Dans Alice dans le Sussex, il c\u00e9l\u00e8bre Lewis Carroll et H. C. Artmann (Frankenstein in Sussex, jamais traduit en fran\u00e7ais), mais aussi Mary Shelley, Jules Verne, Voltaire, Cioran\u2026 Alice suit encore le lapin blanc qui plonge cette fois-ci dans une chemin\u00e9e [&hellip;]\" \/>\n<meta property=\"og:url\" content=\"https:\/\/www.lassociation.fr\/en\/catalogue\/alice-dans-le-sussex\/\" \/>\n<meta property=\"og:site_name\" content=\"L\u2019Association\" \/>\n<meta property=\"article:publisher\" content=\"https:\/\/www.facebook.com\/lhydrelasso\/\" \/>\n<meta property=\"article:modified_time\" content=\"2026-01-22T10:38:54+00:00\" \/>\n<meta property=\"og:image\" content=\"https:\/\/www.lassociation.fr\/backoffice\/wp-content\/uploads\/2019\/09\/3645.png\" \/>\n\t<meta property=\"og:image:width\" content=\"468\" \/>\n\t<meta property=\"og:image:height\" content=\"694\" \/>\n\t<meta property=\"og:image:type\" content=\"image\/png\" \/>\n<meta name=\"twitter:card\" content=\"summary_large_image\" \/>\n<meta name=\"twitter:site\" content=\"@lassociation\" \/>\n<script type=\"application\/ld+json\" class=\"yoast-schema-graph\">{\"@context\":\"https:\\\/\\\/schema.org\",\"@graph\":[{\"@type\":\"WebPage\",\"@id\":\"https:\\\/\\\/www.lassociation.fr\\\/en\\\/catalogue\\\/alice-dans-le-sussex\\\/\",\"url\":\"https:\\\/\\\/www.lassociation.fr\\\/en\\\/catalogue\\\/alice-dans-le-sussex\\\/\",\"name\":\"Alice dans le Sussex - L\u2019Association\",\"isPartOf\":{\"@id\":\"https:\\\/\\\/www.lassociation.fr\\\/en\\\/#website\"},\"primaryImageOfPage\":{\"@id\":\"https:\\\/\\\/www.lassociation.fr\\\/en\\\/catalogue\\\/alice-dans-le-sussex\\\/#primaryimage\"},\"image\":{\"@id\":\"https:\\\/\\\/www.lassociation.fr\\\/en\\\/catalogue\\\/alice-dans-le-sussex\\\/#primaryimage\"},\"thumbnailUrl\":\"https:\\\/\\\/www.lassociation.fr\\\/backoffice\\\/wp-content\\\/uploads\\\/2019\\\/09\\\/3645.png\",\"datePublished\":\"2018-02-28T23:00:00+00:00\",\"dateModified\":\"2026-01-22T10:38:54+00:00\",\"breadcrumb\":{\"@id\":\"https:\\\/\\\/www.lassociation.fr\\\/en\\\/catalogue\\\/alice-dans-le-sussex\\\/#breadcrumb\"},\"inLanguage\":\"en-US\",\"potentialAction\":[{\"@type\":\"ReadAction\",\"target\":[\"https:\\\/\\\/www.lassociation.fr\\\/en\\\/catalogue\\\/alice-dans-le-sussex\\\/\"]}]},{\"@type\":\"ImageObject\",\"inLanguage\":\"en-US\",\"@id\":\"https:\\\/\\\/www.lassociation.fr\\\/en\\\/catalogue\\\/alice-dans-le-sussex\\\/#primaryimage\",\"url\":\"https:\\\/\\\/www.lassociation.fr\\\/backoffice\\\/wp-content\\\/uploads\\\/2019\\\/09\\\/3645.png\",\"contentUrl\":\"https:\\\/\\\/www.lassociation.fr\\\/backoffice\\\/wp-content\\\/uploads\\\/2019\\\/09\\\/3645.png\",\"width\":468,\"height\":694},{\"@type\":\"BreadcrumbList\",\"@id\":\"https:\\\/\\\/www.lassociation.fr\\\/en\\\/catalogue\\\/alice-dans-le-sussex\\\/#breadcrumb\",\"itemListElement\":[{\"@type\":\"ListItem\",\"position\":1,\"name\":\"Accueil\",\"item\":\"https:\\\/\\\/www.lassociation.fr\\\/en\\\/\"},{\"@type\":\"ListItem\",\"position\":2,\"name\":\"Catalog\",\"item\":\"https:\\\/\\\/www.lassociation.fr\\\/en\\\/catalogue\\\/\"},{\"@type\":\"ListItem\",\"position\":3,\"name\":\"Alice dans le Sussex\"}]},{\"@type\":\"WebSite\",\"@id\":\"https:\\\/\\\/www.lassociation.fr\\\/en\\\/#website\",\"url\":\"https:\\\/\\\/www.lassociation.fr\\\/en\\\/\",\"name\":\"L\u2019Association\",\"description\":\"Maison d\u2019\u00e9dition fran\u00e7aise de bande dessin\u00e9e, fond\u00e9e en 1990.\",\"publisher\":{\"@id\":\"https:\\\/\\\/www.lassociation.fr\\\/en\\\/#organization\"},\"potentialAction\":[{\"@type\":\"SearchAction\",\"target\":{\"@type\":\"EntryPoint\",\"urlTemplate\":\"https:\\\/\\\/www.lassociation.fr\\\/en\\\/?s={search_term_string}\"},\"query-input\":{\"@type\":\"PropertyValueSpecification\",\"valueRequired\":true,\"valueName\":\"search_term_string\"}}],\"inLanguage\":\"en-US\"},{\"@type\":\"Organization\",\"@id\":\"https:\\\/\\\/www.lassociation.fr\\\/en\\\/#organization\",\"name\":\"L\u2019Association\",\"url\":\"https:\\\/\\\/www.lassociation.fr\\\/en\\\/\",\"logo\":{\"@type\":\"ImageObject\",\"inLanguage\":\"en-US\",\"@id\":\"https:\\\/\\\/www.lassociation.fr\\\/en\\\/#\\\/schema\\\/logo\\\/image\\\/\",\"url\":\"https:\\\/\\\/www.lassociation.fr\\\/backoffice\\\/wp-content\\\/uploads\\\/2019\\\/11\\\/asso_large.png\",\"contentUrl\":\"https:\\\/\\\/www.lassociation.fr\\\/backoffice\\\/wp-content\\\/uploads\\\/2019\\\/11\\\/asso_large.png\",\"width\":1200,\"height\":630,\"caption\":\"L\u2019Association\"},\"image\":{\"@id\":\"https:\\\/\\\/www.lassociation.fr\\\/en\\\/#\\\/schema\\\/logo\\\/image\\\/\"},\"sameAs\":[\"https:\\\/\\\/www.facebook.com\\\/lhydrelasso\\\/\",\"https:\\\/\\\/x.com\\\/lassociation\",\"https:\\\/\\\/www.instagram.com\\\/editions_lassociation\",\"https:\\\/\\\/fr.wikipedia.org\\\/wiki\\\/LAssociation\",\"https:\\\/\\\/www.youtube.com\\\/@editions_lassociation\"]}]}<\/script>","yoast_head_json":{"title":"Alice dans le Sussex - L\u2019Association","robots":{"index":"index","follow":"follow","max-snippet":"max-snippet:-1","max-image-preview":"max-image-preview:large","max-video-preview":"max-video-preview:-1"},"canonical":"https:\/\/www.lassociation.fr\/en\/catalogue\/alice-dans-le-sussex\/","og_locale":"en_US","og_type":"article","og_title":"Alice dans le Sussex - L\u2019Association","og_description":"Nicolas Mahler poursuit ses adaptations en bande dessin\u00e9e des \u0153uvres du patrimoine litt\u00e9raire europ\u00e9en. Dans Alice dans le Sussex, il c\u00e9l\u00e8bre Lewis Carroll et H. C. Artmann (Frankenstein in Sussex, jamais traduit en fran\u00e7ais), mais aussi Mary Shelley, Jules Verne, Voltaire, Cioran\u2026 Alice suit encore le lapin blanc qui plonge cette fois-ci dans une chemin\u00e9e [&hellip;]","og_url":"https:\/\/www.lassociation.fr\/en\/catalogue\/alice-dans-le-sussex\/","og_site_name":"L\u2019Association","article_publisher":"https:\/\/www.facebook.com\/lhydrelasso\/","article_modified_time":"2026-01-22T10:38:54+00:00","og_image":[{"width":468,"height":694,"url":"https:\/\/www.lassociation.fr\/backoffice\/wp-content\/uploads\/2019\/09\/3645.png","type":"image\/png"}],"twitter_card":"summary_large_image","twitter_site":"@lassociation","schema":{"@context":"https:\/\/schema.org","@graph":[{"@type":"WebPage","@id":"https:\/\/www.lassociation.fr\/en\/catalogue\/alice-dans-le-sussex\/","url":"https:\/\/www.lassociation.fr\/en\/catalogue\/alice-dans-le-sussex\/","name":"Alice dans le Sussex - L\u2019Association","isPartOf":{"@id":"https:\/\/www.lassociation.fr\/en\/#website"},"primaryImageOfPage":{"@id":"https:\/\/www.lassociation.fr\/en\/catalogue\/alice-dans-le-sussex\/#primaryimage"},"image":{"@id":"https:\/\/www.lassociation.fr\/en\/catalogue\/alice-dans-le-sussex\/#primaryimage"},"thumbnailUrl":"https:\/\/www.lassociation.fr\/backoffice\/wp-content\/uploads\/2019\/09\/3645.png","datePublished":"2018-02-28T23:00:00+00:00","dateModified":"2026-01-22T10:38:54+00:00","breadcrumb":{"@id":"https:\/\/www.lassociation.fr\/en\/catalogue\/alice-dans-le-sussex\/#breadcrumb"},"inLanguage":"en-US","potentialAction":[{"@type":"ReadAction","target":["https:\/\/www.lassociation.fr\/en\/catalogue\/alice-dans-le-sussex\/"]}]},{"@type":"ImageObject","inLanguage":"en-US","@id":"https:\/\/www.lassociation.fr\/en\/catalogue\/alice-dans-le-sussex\/#primaryimage","url":"https:\/\/www.lassociation.fr\/backoffice\/wp-content\/uploads\/2019\/09\/3645.png","contentUrl":"https:\/\/www.lassociation.fr\/backoffice\/wp-content\/uploads\/2019\/09\/3645.png","width":468,"height":694},{"@type":"BreadcrumbList","@id":"https:\/\/www.lassociation.fr\/en\/catalogue\/alice-dans-le-sussex\/#breadcrumb","itemListElement":[{"@type":"ListItem","position":1,"name":"Accueil","item":"https:\/\/www.lassociation.fr\/en\/"},{"@type":"ListItem","position":2,"name":"Catalog","item":"https:\/\/www.lassociation.fr\/en\/catalogue\/"},{"@type":"ListItem","position":3,"name":"Alice dans le Sussex"}]},{"@type":"WebSite","@id":"https:\/\/www.lassociation.fr\/en\/#website","url":"https:\/\/www.lassociation.fr\/en\/","name":"L\u2019Association","description":"Maison d\u2019\u00e9dition fran\u00e7aise de bande dessin\u00e9e, fond\u00e9e en 1990.","publisher":{"@id":"https:\/\/www.lassociation.fr\/en\/#organization"},"potentialAction":[{"@type":"SearchAction","target":{"@type":"EntryPoint","urlTemplate":"https:\/\/www.lassociation.fr\/en\/?s={search_term_string}"},"query-input":{"@type":"PropertyValueSpecification","valueRequired":true,"valueName":"search_term_string"}}],"inLanguage":"en-US"},{"@type":"Organization","@id":"https:\/\/www.lassociation.fr\/en\/#organization","name":"L\u2019Association","url":"https:\/\/www.lassociation.fr\/en\/","logo":{"@type":"ImageObject","inLanguage":"en-US","@id":"https:\/\/www.lassociation.fr\/en\/#\/schema\/logo\/image\/","url":"https:\/\/www.lassociation.fr\/backoffice\/wp-content\/uploads\/2019\/11\/asso_large.png","contentUrl":"https:\/\/www.lassociation.fr\/backoffice\/wp-content\/uploads\/2019\/11\/asso_large.png","width":1200,"height":630,"caption":"L\u2019Association"},"image":{"@id":"https:\/\/www.lassociation.fr\/en\/#\/schema\/logo\/image\/"},"sameAs":["https:\/\/www.facebook.com\/lhydrelasso\/","https:\/\/x.com\/lassociation","https:\/\/www.instagram.com\/editions_lassociation","https:\/\/fr.wikipedia.org\/wiki\/LAssociation","https:\/\/www.youtube.com\/@editions_lassociation"]}]}},"_links":{"self":[{"href":"https:\/\/www.lassociation.fr\/en\/wp-json\/wp\/v2\/product\/1552","targetHints":{"allow":["GET"]}}],"collection":[{"href":"https:\/\/www.lassociation.fr\/en\/wp-json\/wp\/v2\/product"}],"about":[{"href":"https:\/\/www.lassociation.fr\/en\/wp-json\/wp\/v2\/types\/product"}],"wp:featuredmedia":[{"embeddable":true,"href":"https:\/\/www.lassociation.fr\/en\/wp-json\/wp\/v2\/media\/2217"}],"wp:attachment":[{"href":"https:\/\/www.lassociation.fr\/en\/wp-json\/wp\/v2\/media?parent=1552"}],"wp:term":[{"taxonomy":"product_cat","embeddable":true,"href":"https:\/\/www.lassociation.fr\/en\/wp-json\/wp\/v2\/product_cat?post=1552"},{"taxonomy":"product_tag","embeddable":true,"href":"https:\/\/www.lassociation.fr\/en\/wp-json\/wp\/v2\/product_tag?post=1552"}],"curies":[{"name":"wp","href":"https:\/\/api.w.org\/{rel}","templated":true}]}}