{"id":1555,"date":"2018-03-01T00:00:00","date_gmt":"2018-02-28T23:00:00","guid":{"rendered":"https:\/\/www.lassociation.fr\/product\/safari-monseigneur-nouvelle-edition\/"},"modified":"2026-02-11T05:39:04","modified_gmt":"2026-02-11T04:39:04","slug":"safari-monseigneur-nouvelle-edition","status":"publish","type":"product","link":"https:\/\/www.lassociation.fr\/en\/catalogue\/safari-monseigneur-nouvelle-edition\/","title":{"rendered":"Safari Monseigneur *\u00e9dition 2018*"},"content":{"rendered":"<p>Le premier livre de Ruppert et Mulot r\u00e9\u00e9dit\u00e9 !<\/p>\n<p>\u00c9puis\u00e9 depuis plusieurs ann\u00e9es, (re)d\u00e9couvrez <i>Safari Monseigneur<\/i>, d\u00e9licieuse chronique de guerre coloniale qui m\u00eale avec subtilit\u00e9 les ingr\u00e9dients historico-politiques et la cruaut\u00e9 ordinaire. Deux photojournalistes embarquent sur un bateau quelque part en Afrique au d\u00e9but du si\u00e8cle dernier. Leurs rencontres avec les militaires, les prostitu\u00e9es, le capitaine (sourd et muet) agr\u00e9mentent un reportage mordant dans lequel tout l\u2019imaginaire colonial se d\u00e9ploie avec horreur, po\u00e9sie et humour noir.<\/p>\n<p>Dans une pr\u00e9face nouvelle et indispensable, Ruppert et Mulot jettent un regard contemporain sur leurs premiers travaux et nous livrent ENFIN la d\u00e9finition de Safari Monseigneur. \u00ab<em> Quand le Dr Livingstone, les Monty Python et le fant\u00f4me de Pierre Desproges se rencontrent au coin d\u2019un baobab, cela donne une succession de vignettes \u00e9gratign\u00e9es au bout de la plume par un duo qui promet le meilleur graphisme \u00e9pur\u00e9 et le pire mauvais esprit.<\/em> \u00bb (L\u2019Express, 03\/11\/2005)<\/p>\n","protected":false},"excerpt":{"rendered":"<p>Le premier livre de Ruppert et Mulot r\u00e9\u00e9dit\u00e9 ! \u00c9puis\u00e9 depuis plusieurs ann\u00e9es, (re)d\u00e9couvrez Safari Monseigneur, d\u00e9licieuse chronique de guerre coloniale qui m\u00eale avec subtilit\u00e9 les ingr\u00e9dients historico-politiques et la cruaut\u00e9 ordinaire. Deux photojournalistes embarquent sur un bateau quelque part en Afrique au d\u00e9but du si\u00e8cle dernier. Leurs rencontres avec les militaires, les prostitu\u00e9es, le [&hellip;]<\/p>\n","protected":false},"featured_media":2220,"template":"","meta":{"_acf_changed":false},"product_cat":[41],"product_tag":[],"class_list":{"0":"post-1555","1":"product","2":"type-product","3":"status-publish","4":"has-post-thumbnail","6":"product_cat-ciboulette","7":"member-discount","8":"discount-restricted","10":"first","11":"instock","12":"taxable","13":"shipping-taxable","14":"purchasable","15":"product-type-simple"},"acf":[],"yoast_head":"<title>Safari Monseigneur *\u00e9dition 2018* - L\u2019Association<\/title>\n<meta name=\"robots\" content=\"index, follow, max-snippet:-1, max-image-preview:large, max-video-preview:-1\" \/>\n<link rel=\"canonical\" href=\"https:\/\/www.lassociation.fr\/en\/catalogue\/safari-monseigneur-nouvelle-edition\/\" \/>\n<meta property=\"og:locale\" content=\"en_US\" \/>\n<meta property=\"og:type\" content=\"article\" \/>\n<meta property=\"og:title\" content=\"Safari Monseigneur *\u00e9dition 2018* - L\u2019Association\" \/>\n<meta property=\"og:description\" content=\"Le premier livre de Ruppert et Mulot r\u00e9\u00e9dit\u00e9 ! \u00c9puis\u00e9 depuis plusieurs ann\u00e9es, (re)d\u00e9couvrez Safari Monseigneur, d\u00e9licieuse chronique de guerre coloniale qui m\u00eale avec subtilit\u00e9 les ingr\u00e9dients historico-politiques et la cruaut\u00e9 ordinaire. Deux photojournalistes embarquent sur un bateau quelque part en Afrique au d\u00e9but du si\u00e8cle dernier. Leurs rencontres avec les militaires, les prostitu\u00e9es, le [&hellip;]\" \/>\n<meta property=\"og:url\" content=\"https:\/\/www.lassociation.fr\/en\/catalogue\/safari-monseigneur-nouvelle-edition\/\" \/>\n<meta property=\"og:site_name\" content=\"L\u2019Association\" \/>\n<meta property=\"article:publisher\" content=\"https:\/\/www.facebook.com\/lhydrelasso\/\" \/>\n<meta property=\"article:modified_time\" content=\"2026-02-11T04:39:04+00:00\" \/>\n<meta property=\"og:image\" content=\"https:\/\/www.lassociation.fr\/backoffice\/wp-content\/uploads\/2019\/09\/3653.png\" \/>\n\t<meta property=\"og:image:width\" content=\"468\" \/>\n\t<meta property=\"og:image:height\" content=\"694\" \/>\n\t<meta property=\"og:image:type\" content=\"image\/png\" \/>\n<meta name=\"twitter:card\" content=\"summary_large_image\" \/>\n<meta name=\"twitter:site\" content=\"@lassociation\" \/>\n<script type=\"application\/ld+json\" class=\"yoast-schema-graph\">{\"@context\":\"https:\\\/\\\/schema.org\",\"@graph\":[{\"@type\":\"WebPage\",\"@id\":\"https:\\\/\\\/www.lassociation.fr\\\/en\\\/catalogue\\\/safari-monseigneur-nouvelle-edition\\\/\",\"url\":\"https:\\\/\\\/www.lassociation.fr\\\/en\\\/catalogue\\\/safari-monseigneur-nouvelle-edition\\\/\",\"name\":\"Safari Monseigneur *\u00e9dition 2018* - L\u2019Association\",\"isPartOf\":{\"@id\":\"https:\\\/\\\/www.lassociation.fr\\\/en\\\/#website\"},\"primaryImageOfPage\":{\"@id\":\"https:\\\/\\\/www.lassociation.fr\\\/en\\\/catalogue\\\/safari-monseigneur-nouvelle-edition\\\/#primaryimage\"},\"image\":{\"@id\":\"https:\\\/\\\/www.lassociation.fr\\\/en\\\/catalogue\\\/safari-monseigneur-nouvelle-edition\\\/#primaryimage\"},\"thumbnailUrl\":\"https:\\\/\\\/www.lassociation.fr\\\/backoffice\\\/wp-content\\\/uploads\\\/2019\\\/09\\\/3653.png\",\"datePublished\":\"2018-02-28T23:00:00+00:00\",\"dateModified\":\"2026-02-11T04:39:04+00:00\",\"breadcrumb\":{\"@id\":\"https:\\\/\\\/www.lassociation.fr\\\/en\\\/catalogue\\\/safari-monseigneur-nouvelle-edition\\\/#breadcrumb\"},\"inLanguage\":\"en-US\",\"potentialAction\":[{\"@type\":\"ReadAction\",\"target\":[\"https:\\\/\\\/www.lassociation.fr\\\/en\\\/catalogue\\\/safari-monseigneur-nouvelle-edition\\\/\"]}]},{\"@type\":\"ImageObject\",\"inLanguage\":\"en-US\",\"@id\":\"https:\\\/\\\/www.lassociation.fr\\\/en\\\/catalogue\\\/safari-monseigneur-nouvelle-edition\\\/#primaryimage\",\"url\":\"https:\\\/\\\/www.lassociation.fr\\\/backoffice\\\/wp-content\\\/uploads\\\/2019\\\/09\\\/3653.png\",\"contentUrl\":\"https:\\\/\\\/www.lassociation.fr\\\/backoffice\\\/wp-content\\\/uploads\\\/2019\\\/09\\\/3653.png\",\"width\":468,\"height\":694},{\"@type\":\"BreadcrumbList\",\"@id\":\"https:\\\/\\\/www.lassociation.fr\\\/en\\\/catalogue\\\/safari-monseigneur-nouvelle-edition\\\/#breadcrumb\",\"itemListElement\":[{\"@type\":\"ListItem\",\"position\":1,\"name\":\"Accueil\",\"item\":\"https:\\\/\\\/www.lassociation.fr\\\/en\\\/\"},{\"@type\":\"ListItem\",\"position\":2,\"name\":\"Catalog\",\"item\":\"https:\\\/\\\/www.lassociation.fr\\\/en\\\/catalogue\\\/\"},{\"@type\":\"ListItem\",\"position\":3,\"name\":\"Safari Monseigneur *\u00e9dition 2018*\"}]},{\"@type\":\"WebSite\",\"@id\":\"https:\\\/\\\/www.lassociation.fr\\\/en\\\/#website\",\"url\":\"https:\\\/\\\/www.lassociation.fr\\\/en\\\/\",\"name\":\"L\u2019Association\",\"description\":\"Maison d\u2019\u00e9dition fran\u00e7aise de bande dessin\u00e9e, fond\u00e9e en 1990.\",\"publisher\":{\"@id\":\"https:\\\/\\\/www.lassociation.fr\\\/en\\\/#organization\"},\"potentialAction\":[{\"@type\":\"SearchAction\",\"target\":{\"@type\":\"EntryPoint\",\"urlTemplate\":\"https:\\\/\\\/www.lassociation.fr\\\/en\\\/?s={search_term_string}\"},\"query-input\":{\"@type\":\"PropertyValueSpecification\",\"valueRequired\":true,\"valueName\":\"search_term_string\"}}],\"inLanguage\":\"en-US\"},{\"@type\":\"Organization\",\"@id\":\"https:\\\/\\\/www.lassociation.fr\\\/en\\\/#organization\",\"name\":\"L\u2019Association\",\"url\":\"https:\\\/\\\/www.lassociation.fr\\\/en\\\/\",\"logo\":{\"@type\":\"ImageObject\",\"inLanguage\":\"en-US\",\"@id\":\"https:\\\/\\\/www.lassociation.fr\\\/en\\\/#\\\/schema\\\/logo\\\/image\\\/\",\"url\":\"https:\\\/\\\/www.lassociation.fr\\\/backoffice\\\/wp-content\\\/uploads\\\/2019\\\/11\\\/asso_large.png\",\"contentUrl\":\"https:\\\/\\\/www.lassociation.fr\\\/backoffice\\\/wp-content\\\/uploads\\\/2019\\\/11\\\/asso_large.png\",\"width\":1200,\"height\":630,\"caption\":\"L\u2019Association\"},\"image\":{\"@id\":\"https:\\\/\\\/www.lassociation.fr\\\/en\\\/#\\\/schema\\\/logo\\\/image\\\/\"},\"sameAs\":[\"https:\\\/\\\/www.facebook.com\\\/lhydrelasso\\\/\",\"https:\\\/\\\/x.com\\\/lassociation\",\"https:\\\/\\\/www.instagram.com\\\/editions_lassociation\",\"https:\\\/\\\/fr.wikipedia.org\\\/wiki\\\/LAssociation\",\"https:\\\/\\\/www.youtube.com\\\/@editions_lassociation\"]}]}<\/script>","yoast_head_json":{"title":"Safari Monseigneur *\u00e9dition 2018* - L\u2019Association","robots":{"index":"index","follow":"follow","max-snippet":"max-snippet:-1","max-image-preview":"max-image-preview:large","max-video-preview":"max-video-preview:-1"},"canonical":"https:\/\/www.lassociation.fr\/en\/catalogue\/safari-monseigneur-nouvelle-edition\/","og_locale":"en_US","og_type":"article","og_title":"Safari Monseigneur *\u00e9dition 2018* - L\u2019Association","og_description":"Le premier livre de Ruppert et Mulot r\u00e9\u00e9dit\u00e9 ! \u00c9puis\u00e9 depuis plusieurs ann\u00e9es, (re)d\u00e9couvrez Safari Monseigneur, d\u00e9licieuse chronique de guerre coloniale qui m\u00eale avec subtilit\u00e9 les ingr\u00e9dients historico-politiques et la cruaut\u00e9 ordinaire. Deux photojournalistes embarquent sur un bateau quelque part en Afrique au d\u00e9but du si\u00e8cle dernier. Leurs rencontres avec les militaires, les prostitu\u00e9es, le [&hellip;]","og_url":"https:\/\/www.lassociation.fr\/en\/catalogue\/safari-monseigneur-nouvelle-edition\/","og_site_name":"L\u2019Association","article_publisher":"https:\/\/www.facebook.com\/lhydrelasso\/","article_modified_time":"2026-02-11T04:39:04+00:00","og_image":[{"width":468,"height":694,"url":"https:\/\/www.lassociation.fr\/backoffice\/wp-content\/uploads\/2019\/09\/3653.png","type":"image\/png"}],"twitter_card":"summary_large_image","twitter_site":"@lassociation","schema":{"@context":"https:\/\/schema.org","@graph":[{"@type":"WebPage","@id":"https:\/\/www.lassociation.fr\/en\/catalogue\/safari-monseigneur-nouvelle-edition\/","url":"https:\/\/www.lassociation.fr\/en\/catalogue\/safari-monseigneur-nouvelle-edition\/","name":"Safari Monseigneur *\u00e9dition 2018* - L\u2019Association","isPartOf":{"@id":"https:\/\/www.lassociation.fr\/en\/#website"},"primaryImageOfPage":{"@id":"https:\/\/www.lassociation.fr\/en\/catalogue\/safari-monseigneur-nouvelle-edition\/#primaryimage"},"image":{"@id":"https:\/\/www.lassociation.fr\/en\/catalogue\/safari-monseigneur-nouvelle-edition\/#primaryimage"},"thumbnailUrl":"https:\/\/www.lassociation.fr\/backoffice\/wp-content\/uploads\/2019\/09\/3653.png","datePublished":"2018-02-28T23:00:00+00:00","dateModified":"2026-02-11T04:39:04+00:00","breadcrumb":{"@id":"https:\/\/www.lassociation.fr\/en\/catalogue\/safari-monseigneur-nouvelle-edition\/#breadcrumb"},"inLanguage":"en-US","potentialAction":[{"@type":"ReadAction","target":["https:\/\/www.lassociation.fr\/en\/catalogue\/safari-monseigneur-nouvelle-edition\/"]}]},{"@type":"ImageObject","inLanguage":"en-US","@id":"https:\/\/www.lassociation.fr\/en\/catalogue\/safari-monseigneur-nouvelle-edition\/#primaryimage","url":"https:\/\/www.lassociation.fr\/backoffice\/wp-content\/uploads\/2019\/09\/3653.png","contentUrl":"https:\/\/www.lassociation.fr\/backoffice\/wp-content\/uploads\/2019\/09\/3653.png","width":468,"height":694},{"@type":"BreadcrumbList","@id":"https:\/\/www.lassociation.fr\/en\/catalogue\/safari-monseigneur-nouvelle-edition\/#breadcrumb","itemListElement":[{"@type":"ListItem","position":1,"name":"Accueil","item":"https:\/\/www.lassociation.fr\/en\/"},{"@type":"ListItem","position":2,"name":"Catalog","item":"https:\/\/www.lassociation.fr\/en\/catalogue\/"},{"@type":"ListItem","position":3,"name":"Safari Monseigneur *\u00e9dition 2018*"}]},{"@type":"WebSite","@id":"https:\/\/www.lassociation.fr\/en\/#website","url":"https:\/\/www.lassociation.fr\/en\/","name":"L\u2019Association","description":"Maison d\u2019\u00e9dition fran\u00e7aise de bande dessin\u00e9e, fond\u00e9e en 1990.","publisher":{"@id":"https:\/\/www.lassociation.fr\/en\/#organization"},"potentialAction":[{"@type":"SearchAction","target":{"@type":"EntryPoint","urlTemplate":"https:\/\/www.lassociation.fr\/en\/?s={search_term_string}"},"query-input":{"@type":"PropertyValueSpecification","valueRequired":true,"valueName":"search_term_string"}}],"inLanguage":"en-US"},{"@type":"Organization","@id":"https:\/\/www.lassociation.fr\/en\/#organization","name":"L\u2019Association","url":"https:\/\/www.lassociation.fr\/en\/","logo":{"@type":"ImageObject","inLanguage":"en-US","@id":"https:\/\/www.lassociation.fr\/en\/#\/schema\/logo\/image\/","url":"https:\/\/www.lassociation.fr\/backoffice\/wp-content\/uploads\/2019\/11\/asso_large.png","contentUrl":"https:\/\/www.lassociation.fr\/backoffice\/wp-content\/uploads\/2019\/11\/asso_large.png","width":1200,"height":630,"caption":"L\u2019Association"},"image":{"@id":"https:\/\/www.lassociation.fr\/en\/#\/schema\/logo\/image\/"},"sameAs":["https:\/\/www.facebook.com\/lhydrelasso\/","https:\/\/x.com\/lassociation","https:\/\/www.instagram.com\/editions_lassociation","https:\/\/fr.wikipedia.org\/wiki\/LAssociation","https:\/\/www.youtube.com\/@editions_lassociation"]}]}},"_links":{"self":[{"href":"https:\/\/www.lassociation.fr\/en\/wp-json\/wp\/v2\/product\/1555","targetHints":{"allow":["GET"]}}],"collection":[{"href":"https:\/\/www.lassociation.fr\/en\/wp-json\/wp\/v2\/product"}],"about":[{"href":"https:\/\/www.lassociation.fr\/en\/wp-json\/wp\/v2\/types\/product"}],"wp:featuredmedia":[{"embeddable":true,"href":"https:\/\/www.lassociation.fr\/en\/wp-json\/wp\/v2\/media\/2220"}],"wp:attachment":[{"href":"https:\/\/www.lassociation.fr\/en\/wp-json\/wp\/v2\/media?parent=1555"}],"wp:term":[{"taxonomy":"product_cat","embeddable":true,"href":"https:\/\/www.lassociation.fr\/en\/wp-json\/wp\/v2\/product_cat?post=1555"},{"taxonomy":"product_tag","embeddable":true,"href":"https:\/\/www.lassociation.fr\/en\/wp-json\/wp\/v2\/product_tag?post=1555"}],"curies":[{"name":"wp","href":"https:\/\/api.w.org\/{rel}","templated":true}]}}