{"id":1561,"date":"2017-10-01T00:00:00","date_gmt":"2017-09-30T22:00:00","guid":{"rendered":"https:\/\/www.lassociation.fr\/product\/persepolis-monovolume-nouvelle-edition\/"},"modified":"2026-01-22T11:38:54","modified_gmt":"2026-01-22T10:38:54","slug":"persepolis-monovolume-nouvelle-edition","status":"publish","type":"product","link":"https:\/\/www.lassociation.fr\/en\/catalogue\/persepolis-monovolume-nouvelle-edition\/","title":{"rendered":"Persepolis &#8211; Monovolume *\u00e9dition 2017*"},"content":{"rendered":"<p><strong><span style=\"color: #808080\">NOUVELLE \u00c9DITION RELI\u00c9E, NOUVELLE COUVERTURE ORIGINALE !<\/span><\/strong><\/p>\n<p>T\u00e9h\u00e9ran 1978 : Marjane, huit ans, songe \u00e0 l&#8217;avenir et se r\u00eave en proph\u00e8te sauvant le monde.<\/p>\n<p>Traversant avec elle r\u00e9volutions, guerre, deuil, exil, mais aussi apprentissage de la vie, pubert\u00e9, premi\u00e8res amours, nous la suivrons jusqu\u2019\u00e0 son d\u00e9part d\u00e9finitif pour la France en 1994.<\/p>\n<p>Paru \u00e0 l\u2019origine entre 2000 et 2004 en 4 volumes, <i>Persepolis<\/i>, est la premi\u00e8re bande dessin\u00e9e iranienne, l\u2019autobiographie dessin\u00e9e d\u2019une orientale en exil.<\/p>\n<p>Depuis sa sortie, <i>Persepolis<\/i> a fait le tour du monde, est devenu un classique \u00e9tudi\u00e9 dans les \u00e9coles, et a fait l\u2019objet d\u2019une adaptation au cin\u00e9ma de nombreuses fois r\u00e9compens\u00e9e.<\/p>\n<p>Pour f\u00eater les 10 ans de la version monovolume, qui regroupe les quatre tomes, L\u2019Association se paye le luxe d\u2019une nouvelle \u00e9dition reli\u00e9e et cartonn\u00e9e dot\u00e9e d\u2019une toute nouvelle couverture et de pages de garde dessin\u00e9es pour l\u2019occasion par\u00a0Marjane Satrapi.<\/p>\n","protected":false},"excerpt":{"rendered":"<p>NOUVELLE \u00c9DITION RELI\u00c9E, NOUVELLE COUVERTURE ORIGINALE ! T\u00e9h\u00e9ran 1978 : Marjane, huit ans, songe \u00e0 l&#8217;avenir et se r\u00eave en proph\u00e8te sauvant le monde. Traversant avec elle r\u00e9volutions, guerre, deuil, exil, mais aussi apprentissage de la vie, pubert\u00e9, premi\u00e8res amours, nous la suivrons jusqu\u2019\u00e0 son d\u00e9part d\u00e9finitif pour la France en 1994. Paru \u00e0 l\u2019origine [&hellip;]<\/p>\n","protected":false},"featured_media":2226,"template":"","meta":{"_acf_changed":false},"product_cat":[48],"product_tag":[],"class_list":{"0":"post-1561","1":"product","2":"type-product","3":"status-publish","4":"has-post-thumbnail","6":"product_cat-hors-collection","7":"product_shipping_class-avec-signature","8":"member-discount","9":"discount-restricted","11":"first","12":"outofstock","13":"taxable","14":"shipping-taxable","15":"purchasable","16":"product-type-simple"},"acf":[],"yoast_head":"<title>Persepolis - Monovolume *\u00e9dition 2017* - L\u2019Association<\/title>\n<meta name=\"robots\" content=\"index, follow, max-snippet:-1, max-image-preview:large, max-video-preview:-1\" \/>\n<link rel=\"canonical\" href=\"https:\/\/www.lassociation.fr\/en\/catalogue\/persepolis-monovolume-nouvelle-edition\/\" \/>\n<meta property=\"og:locale\" content=\"en_US\" \/>\n<meta property=\"og:type\" content=\"article\" \/>\n<meta property=\"og:title\" content=\"Persepolis - Monovolume *\u00e9dition 2017* - L\u2019Association\" \/>\n<meta property=\"og:description\" content=\"NOUVELLE \u00c9DITION RELI\u00c9E, NOUVELLE COUVERTURE ORIGINALE ! T\u00e9h\u00e9ran 1978 : Marjane, huit ans, songe \u00e0 l&#8217;avenir et se r\u00eave en proph\u00e8te sauvant le monde. Traversant avec elle r\u00e9volutions, guerre, deuil, exil, mais aussi apprentissage de la vie, pubert\u00e9, premi\u00e8res amours, nous la suivrons jusqu\u2019\u00e0 son d\u00e9part d\u00e9finitif pour la France en 1994. Paru \u00e0 l\u2019origine [&hellip;]\" \/>\n<meta property=\"og:url\" content=\"https:\/\/www.lassociation.fr\/en\/catalogue\/persepolis-monovolume-nouvelle-edition\/\" \/>\n<meta property=\"og:site_name\" content=\"L\u2019Association\" \/>\n<meta property=\"article:publisher\" content=\"https:\/\/www.facebook.com\/lhydrelasso\/\" \/>\n<meta property=\"article:modified_time\" content=\"2026-01-22T10:38:54+00:00\" \/>\n<meta property=\"og:image\" content=\"https:\/\/www.lassociation.fr\/backoffice\/wp-content\/uploads\/2019\/09\/3603.png\" \/>\n\t<meta property=\"og:image:width\" content=\"476\" \/>\n\t<meta property=\"og:image:height\" content=\"723\" \/>\n\t<meta property=\"og:image:type\" content=\"image\/png\" \/>\n<meta name=\"twitter:card\" content=\"summary_large_image\" \/>\n<meta name=\"twitter:site\" content=\"@lassociation\" \/>\n<script type=\"application\/ld+json\" class=\"yoast-schema-graph\">{\"@context\":\"https:\\\/\\\/schema.org\",\"@graph\":[{\"@type\":\"WebPage\",\"@id\":\"https:\\\/\\\/www.lassociation.fr\\\/en\\\/catalogue\\\/persepolis-monovolume-nouvelle-edition\\\/\",\"url\":\"https:\\\/\\\/www.lassociation.fr\\\/en\\\/catalogue\\\/persepolis-monovolume-nouvelle-edition\\\/\",\"name\":\"Persepolis - Monovolume *\u00e9dition 2017* - L\u2019Association\",\"isPartOf\":{\"@id\":\"https:\\\/\\\/www.lassociation.fr\\\/en\\\/#website\"},\"primaryImageOfPage\":{\"@id\":\"https:\\\/\\\/www.lassociation.fr\\\/en\\\/catalogue\\\/persepolis-monovolume-nouvelle-edition\\\/#primaryimage\"},\"image\":{\"@id\":\"https:\\\/\\\/www.lassociation.fr\\\/en\\\/catalogue\\\/persepolis-monovolume-nouvelle-edition\\\/#primaryimage\"},\"thumbnailUrl\":\"https:\\\/\\\/www.lassociation.fr\\\/backoffice\\\/wp-content\\\/uploads\\\/2019\\\/09\\\/3603.png\",\"datePublished\":\"2017-09-30T22:00:00+00:00\",\"dateModified\":\"2026-01-22T10:38:54+00:00\",\"breadcrumb\":{\"@id\":\"https:\\\/\\\/www.lassociation.fr\\\/en\\\/catalogue\\\/persepolis-monovolume-nouvelle-edition\\\/#breadcrumb\"},\"inLanguage\":\"en-US\",\"potentialAction\":[{\"@type\":\"ReadAction\",\"target\":[\"https:\\\/\\\/www.lassociation.fr\\\/en\\\/catalogue\\\/persepolis-monovolume-nouvelle-edition\\\/\"]}]},{\"@type\":\"ImageObject\",\"inLanguage\":\"en-US\",\"@id\":\"https:\\\/\\\/www.lassociation.fr\\\/en\\\/catalogue\\\/persepolis-monovolume-nouvelle-edition\\\/#primaryimage\",\"url\":\"https:\\\/\\\/www.lassociation.fr\\\/backoffice\\\/wp-content\\\/uploads\\\/2019\\\/09\\\/3603.png\",\"contentUrl\":\"https:\\\/\\\/www.lassociation.fr\\\/backoffice\\\/wp-content\\\/uploads\\\/2019\\\/09\\\/3603.png\",\"width\":476,\"height\":723},{\"@type\":\"BreadcrumbList\",\"@id\":\"https:\\\/\\\/www.lassociation.fr\\\/en\\\/catalogue\\\/persepolis-monovolume-nouvelle-edition\\\/#breadcrumb\",\"itemListElement\":[{\"@type\":\"ListItem\",\"position\":1,\"name\":\"Accueil\",\"item\":\"https:\\\/\\\/www.lassociation.fr\\\/en\\\/\"},{\"@type\":\"ListItem\",\"position\":2,\"name\":\"Catalog\",\"item\":\"https:\\\/\\\/www.lassociation.fr\\\/en\\\/catalogue\\\/\"},{\"@type\":\"ListItem\",\"position\":3,\"name\":\"Persepolis &#8211; Monovolume *\u00e9dition 2017*\"}]},{\"@type\":\"WebSite\",\"@id\":\"https:\\\/\\\/www.lassociation.fr\\\/en\\\/#website\",\"url\":\"https:\\\/\\\/www.lassociation.fr\\\/en\\\/\",\"name\":\"L\u2019Association\",\"description\":\"Maison d\u2019\u00e9dition fran\u00e7aise de bande dessin\u00e9e, fond\u00e9e en 1990.\",\"publisher\":{\"@id\":\"https:\\\/\\\/www.lassociation.fr\\\/en\\\/#organization\"},\"potentialAction\":[{\"@type\":\"SearchAction\",\"target\":{\"@type\":\"EntryPoint\",\"urlTemplate\":\"https:\\\/\\\/www.lassociation.fr\\\/en\\\/?s={search_term_string}\"},\"query-input\":{\"@type\":\"PropertyValueSpecification\",\"valueRequired\":true,\"valueName\":\"search_term_string\"}}],\"inLanguage\":\"en-US\"},{\"@type\":\"Organization\",\"@id\":\"https:\\\/\\\/www.lassociation.fr\\\/en\\\/#organization\",\"name\":\"L\u2019Association\",\"url\":\"https:\\\/\\\/www.lassociation.fr\\\/en\\\/\",\"logo\":{\"@type\":\"ImageObject\",\"inLanguage\":\"en-US\",\"@id\":\"https:\\\/\\\/www.lassociation.fr\\\/en\\\/#\\\/schema\\\/logo\\\/image\\\/\",\"url\":\"https:\\\/\\\/www.lassociation.fr\\\/backoffice\\\/wp-content\\\/uploads\\\/2019\\\/11\\\/asso_large.png\",\"contentUrl\":\"https:\\\/\\\/www.lassociation.fr\\\/backoffice\\\/wp-content\\\/uploads\\\/2019\\\/11\\\/asso_large.png\",\"width\":1200,\"height\":630,\"caption\":\"L\u2019Association\"},\"image\":{\"@id\":\"https:\\\/\\\/www.lassociation.fr\\\/en\\\/#\\\/schema\\\/logo\\\/image\\\/\"},\"sameAs\":[\"https:\\\/\\\/www.facebook.com\\\/lhydrelasso\\\/\",\"https:\\\/\\\/x.com\\\/lassociation\",\"https:\\\/\\\/www.instagram.com\\\/editions_lassociation\",\"https:\\\/\\\/fr.wikipedia.org\\\/wiki\\\/LAssociation\",\"https:\\\/\\\/www.youtube.com\\\/@editions_lassociation\"]}]}<\/script>","yoast_head_json":{"title":"Persepolis - Monovolume *\u00e9dition 2017* - L\u2019Association","robots":{"index":"index","follow":"follow","max-snippet":"max-snippet:-1","max-image-preview":"max-image-preview:large","max-video-preview":"max-video-preview:-1"},"canonical":"https:\/\/www.lassociation.fr\/en\/catalogue\/persepolis-monovolume-nouvelle-edition\/","og_locale":"en_US","og_type":"article","og_title":"Persepolis - Monovolume *\u00e9dition 2017* - L\u2019Association","og_description":"NOUVELLE \u00c9DITION RELI\u00c9E, NOUVELLE COUVERTURE ORIGINALE ! T\u00e9h\u00e9ran 1978 : Marjane, huit ans, songe \u00e0 l&#8217;avenir et se r\u00eave en proph\u00e8te sauvant le monde. Traversant avec elle r\u00e9volutions, guerre, deuil, exil, mais aussi apprentissage de la vie, pubert\u00e9, premi\u00e8res amours, nous la suivrons jusqu\u2019\u00e0 son d\u00e9part d\u00e9finitif pour la France en 1994. Paru \u00e0 l\u2019origine [&hellip;]","og_url":"https:\/\/www.lassociation.fr\/en\/catalogue\/persepolis-monovolume-nouvelle-edition\/","og_site_name":"L\u2019Association","article_publisher":"https:\/\/www.facebook.com\/lhydrelasso\/","article_modified_time":"2026-01-22T10:38:54+00:00","og_image":[{"width":476,"height":723,"url":"https:\/\/www.lassociation.fr\/backoffice\/wp-content\/uploads\/2019\/09\/3603.png","type":"image\/png"}],"twitter_card":"summary_large_image","twitter_site":"@lassociation","schema":{"@context":"https:\/\/schema.org","@graph":[{"@type":"WebPage","@id":"https:\/\/www.lassociation.fr\/en\/catalogue\/persepolis-monovolume-nouvelle-edition\/","url":"https:\/\/www.lassociation.fr\/en\/catalogue\/persepolis-monovolume-nouvelle-edition\/","name":"Persepolis - Monovolume *\u00e9dition 2017* - L\u2019Association","isPartOf":{"@id":"https:\/\/www.lassociation.fr\/en\/#website"},"primaryImageOfPage":{"@id":"https:\/\/www.lassociation.fr\/en\/catalogue\/persepolis-monovolume-nouvelle-edition\/#primaryimage"},"image":{"@id":"https:\/\/www.lassociation.fr\/en\/catalogue\/persepolis-monovolume-nouvelle-edition\/#primaryimage"},"thumbnailUrl":"https:\/\/www.lassociation.fr\/backoffice\/wp-content\/uploads\/2019\/09\/3603.png","datePublished":"2017-09-30T22:00:00+00:00","dateModified":"2026-01-22T10:38:54+00:00","breadcrumb":{"@id":"https:\/\/www.lassociation.fr\/en\/catalogue\/persepolis-monovolume-nouvelle-edition\/#breadcrumb"},"inLanguage":"en-US","potentialAction":[{"@type":"ReadAction","target":["https:\/\/www.lassociation.fr\/en\/catalogue\/persepolis-monovolume-nouvelle-edition\/"]}]},{"@type":"ImageObject","inLanguage":"en-US","@id":"https:\/\/www.lassociation.fr\/en\/catalogue\/persepolis-monovolume-nouvelle-edition\/#primaryimage","url":"https:\/\/www.lassociation.fr\/backoffice\/wp-content\/uploads\/2019\/09\/3603.png","contentUrl":"https:\/\/www.lassociation.fr\/backoffice\/wp-content\/uploads\/2019\/09\/3603.png","width":476,"height":723},{"@type":"BreadcrumbList","@id":"https:\/\/www.lassociation.fr\/en\/catalogue\/persepolis-monovolume-nouvelle-edition\/#breadcrumb","itemListElement":[{"@type":"ListItem","position":1,"name":"Accueil","item":"https:\/\/www.lassociation.fr\/en\/"},{"@type":"ListItem","position":2,"name":"Catalog","item":"https:\/\/www.lassociation.fr\/en\/catalogue\/"},{"@type":"ListItem","position":3,"name":"Persepolis &#8211; Monovolume *\u00e9dition 2017*"}]},{"@type":"WebSite","@id":"https:\/\/www.lassociation.fr\/en\/#website","url":"https:\/\/www.lassociation.fr\/en\/","name":"L\u2019Association","description":"Maison d\u2019\u00e9dition fran\u00e7aise de bande dessin\u00e9e, fond\u00e9e en 1990.","publisher":{"@id":"https:\/\/www.lassociation.fr\/en\/#organization"},"potentialAction":[{"@type":"SearchAction","target":{"@type":"EntryPoint","urlTemplate":"https:\/\/www.lassociation.fr\/en\/?s={search_term_string}"},"query-input":{"@type":"PropertyValueSpecification","valueRequired":true,"valueName":"search_term_string"}}],"inLanguage":"en-US"},{"@type":"Organization","@id":"https:\/\/www.lassociation.fr\/en\/#organization","name":"L\u2019Association","url":"https:\/\/www.lassociation.fr\/en\/","logo":{"@type":"ImageObject","inLanguage":"en-US","@id":"https:\/\/www.lassociation.fr\/en\/#\/schema\/logo\/image\/","url":"https:\/\/www.lassociation.fr\/backoffice\/wp-content\/uploads\/2019\/11\/asso_large.png","contentUrl":"https:\/\/www.lassociation.fr\/backoffice\/wp-content\/uploads\/2019\/11\/asso_large.png","width":1200,"height":630,"caption":"L\u2019Association"},"image":{"@id":"https:\/\/www.lassociation.fr\/en\/#\/schema\/logo\/image\/"},"sameAs":["https:\/\/www.facebook.com\/lhydrelasso\/","https:\/\/x.com\/lassociation","https:\/\/www.instagram.com\/editions_lassociation","https:\/\/fr.wikipedia.org\/wiki\/LAssociation","https:\/\/www.youtube.com\/@editions_lassociation"]}]}},"_links":{"self":[{"href":"https:\/\/www.lassociation.fr\/en\/wp-json\/wp\/v2\/product\/1561","targetHints":{"allow":["GET"]}}],"collection":[{"href":"https:\/\/www.lassociation.fr\/en\/wp-json\/wp\/v2\/product"}],"about":[{"href":"https:\/\/www.lassociation.fr\/en\/wp-json\/wp\/v2\/types\/product"}],"wp:featuredmedia":[{"embeddable":true,"href":"https:\/\/www.lassociation.fr\/en\/wp-json\/wp\/v2\/media\/2226"}],"wp:attachment":[{"href":"https:\/\/www.lassociation.fr\/en\/wp-json\/wp\/v2\/media?parent=1561"}],"wp:term":[{"taxonomy":"product_cat","embeddable":true,"href":"https:\/\/www.lassociation.fr\/en\/wp-json\/wp\/v2\/product_cat?post=1561"},{"taxonomy":"product_tag","embeddable":true,"href":"https:\/\/www.lassociation.fr\/en\/wp-json\/wp\/v2\/product_tag?post=1561"}],"curies":[{"name":"wp","href":"https:\/\/api.w.org\/{rel}","templated":true}]}}