{"id":1573,"date":"2017-08-01T00:00:00","date_gmt":"2017-07-31T22:00:00","guid":{"rendered":"https:\/\/www.lassociation.fr\/product\/les-nouvelles-aventures-de-lapinot-tome-1-un-monde-un-peu-meilleur\/"},"modified":"2026-03-02T20:49:26","modified_gmt":"2026-03-02T19:49:26","slug":"les-nouvelles-aventures-de-lapinot-tome-1-un-monde-un-peu-meilleur","status":"publish","type":"product","link":"https:\/\/www.lassociation.fr\/en\/catalogue\/les-nouvelles-aventures-de-lapinot-tome-1-un-monde-un-peu-meilleur\/","title":{"rendered":"Nouvelles aventures de Lapinot (Les) [Tome 1] Un monde un peu meilleur"},"content":{"rendered":"<p>Dans un parc ensoleill\u00e9, \u00e0 l\u2019heure du d\u00e9jeuner, Richard et Lapinot plaisantent \u00e0 propos de la mort. Une petite minute\u2026 Lapinot ? Vous avez bien lu, Lapinot est de retour !<\/p>\n<p>Tragiquement disparu en 2004 dans <i>La Vie comme elle vient<\/i>, il reprend aujourd\u2019hui, comme si de rien n\u2019\u00e9tait, le cours de ses aventures.<br \/>\nC\u2019est aussi son retour \u00e0 L\u2019Association, le terrier qui l\u2019a vu na\u00eetre en 1992 avec <i>Lapinot et les carottes de Patagonie<\/i>.<\/p>\n<p>Premier tome des \u00ab nouvelles aventures de Lapinot \u00bb (pourvu qu\u2019il y en ait beaucoup d\u2019autres), nous retrouvons dans <i>Un Monde un peu meilleur<\/i> Lapinot dans les tourments de la s\u00e9paration, nous faisons la connaissance de Gaspard, afflig\u00e9 de l\u2019encombrante aptitude de voir l\u2019\u00e9manation psychique des gens qu\u2019il croise, nous constatons que Richard, \u00e0 peine remis de ses blessures, a gard\u00e9 intacte la facult\u00e9 de d\u00e9clencher des catastrophes, que Titi, apr\u00e8s sa chimio, a toujours le sens de la f\u00eate et que l\u2019aura de Nadia est \u00e0 la mesure de ses ambitions journalistiques.On y utilise des applis, on participe \u00e0 des r\u00e8glements de compte, on rencontre une m\u00e8re toxique, et on assiste \u00e0 l\u2019intervention muscl\u00e9e des forces de l\u2019ordre dans un r\u00e9gime d\u2019\u00e9tat d\u2019urgence.<\/p>\n<p><i>Un monde un peu meilleur<\/i>, c\u2019est un monde avec Lapinot plut\u00f4t que sans, o\u00f9 la catastrophe qui s\u2019annonce n\u2019est pas aussi terrible qu\u2019on aurait pu le craindre, une p\u00e9riode contemporaine que Lewis Trondheim continue d\u2019interroger avec malice et dont il explore la po\u00e9sie du quotidien. Et puis, un type qui meure et qui ressuscite, pour nous parler d\u2019un monde (un peu) meilleur, \u00e7a nous rappelle quelque chose, non ? On esp\u00e8re que notre messie pointure 88 n\u2019a pas fini son \u00e9pop\u00e9e. On compte sur lui pour la suite.<\/p>\n<p>C\u2019est aussi pour L\u2019Association l\u2019occasion d\u2019inaugurer une nouvelle collection, la \u00ab 48CC \u00bb, au bon vieux format album cartonn\u00e9 couleurs de 48 pages, ce standard m\u00eame contre lequel, par sa forme et son contenu, L\u2019Association est n\u00e9e en 1990. Aujourd\u2019hui, les formats cr\u00e9\u00e9s par L\u2019Association ont \u00e9t\u00e9 depuis longtemps standardis\u00e9s et dig\u00e9r\u00e9s par la profession, c\u2019est donc avec fiert\u00e9 qu\u2019elle se r\u00e9approprie le 48CC, en mieux bien s\u00fbr !<\/p>\n","protected":false},"excerpt":{"rendered":"<p>Dans un parc ensoleill\u00e9, \u00e0 l\u2019heure du d\u00e9jeuner, Richard et Lapinot plaisantent \u00e0 propos de la mort. Une petite minute\u2026 Lapinot ? Vous avez bien lu, Lapinot est de retour ! Tragiquement disparu en 2004 dans La Vie comme elle vient, il reprend aujourd\u2019hui, comme si de rien n\u2019\u00e9tait, le cours de ses aventures. C\u2019est [&hellip;]<\/p>\n","protected":false},"featured_media":2238,"template":"","meta":{"_acf_changed":false},"product_cat":[51],"product_tag":[],"class_list":{"0":"post-1573","1":"product","2":"type-product","3":"status-publish","4":"has-post-thumbnail","6":"product_cat-48cc","7":"member-discount","8":"discount-restricted","10":"first","11":"instock","12":"taxable","13":"shipping-taxable","14":"purchasable","15":"product-type-simple"},"acf":[],"yoast_head":"<title>Nouvelles aventures de Lapinot (Les) [Tome 1] Un monde un peu meilleur - L\u2019Association<\/title>\n<meta name=\"robots\" content=\"index, follow, max-snippet:-1, max-image-preview:large, max-video-preview:-1\" \/>\n<link rel=\"canonical\" href=\"https:\/\/www.lassociation.fr\/en\/catalogue\/les-nouvelles-aventures-de-lapinot-tome-1-un-monde-un-peu-meilleur\/\" \/>\n<meta property=\"og:locale\" content=\"en_US\" \/>\n<meta property=\"og:type\" content=\"article\" \/>\n<meta property=\"og:title\" content=\"Nouvelles aventures de Lapinot (Les) [Tome 1] Un monde un peu meilleur - L\u2019Association\" \/>\n<meta property=\"og:description\" content=\"Dans un parc ensoleill\u00e9, \u00e0 l\u2019heure du d\u00e9jeuner, Richard et Lapinot plaisantent \u00e0 propos de la mort. Une petite minute\u2026 Lapinot ? Vous avez bien lu, Lapinot est de retour ! Tragiquement disparu en 2004 dans La Vie comme elle vient, il reprend aujourd\u2019hui, comme si de rien n\u2019\u00e9tait, le cours de ses aventures. C\u2019est [&hellip;]\" \/>\n<meta property=\"og:url\" content=\"https:\/\/www.lassociation.fr\/en\/catalogue\/les-nouvelles-aventures-de-lapinot-tome-1-un-monde-un-peu-meilleur\/\" \/>\n<meta property=\"og:site_name\" content=\"L\u2019Association\" \/>\n<meta property=\"article:publisher\" content=\"https:\/\/www.facebook.com\/lhydrelasso\/\" \/>\n<meta property=\"article:modified_time\" content=\"2026-03-02T19:49:26+00:00\" \/>\n<meta property=\"og:image\" content=\"https:\/\/www.lassociation.fr\/backoffice\/wp-content\/uploads\/2019\/09\/3573.jpg\" \/>\n\t<meta property=\"og:image:width\" content=\"620\" \/>\n\t<meta property=\"og:image:height\" content=\"813\" \/>\n\t<meta property=\"og:image:type\" content=\"image\/jpeg\" \/>\n<meta name=\"twitter:card\" content=\"summary_large_image\" \/>\n<meta name=\"twitter:site\" content=\"@lassociation\" \/>\n<script type=\"application\/ld+json\" class=\"yoast-schema-graph\">{\"@context\":\"https:\\\/\\\/schema.org\",\"@graph\":[{\"@type\":\"WebPage\",\"@id\":\"https:\\\/\\\/www.lassociation.fr\\\/en\\\/catalogue\\\/les-nouvelles-aventures-de-lapinot-tome-1-un-monde-un-peu-meilleur\\\/\",\"url\":\"https:\\\/\\\/www.lassociation.fr\\\/en\\\/catalogue\\\/les-nouvelles-aventures-de-lapinot-tome-1-un-monde-un-peu-meilleur\\\/\",\"name\":\"Nouvelles aventures de Lapinot (Les) [Tome 1] Un monde un peu meilleur - L\u2019Association\",\"isPartOf\":{\"@id\":\"https:\\\/\\\/www.lassociation.fr\\\/en\\\/#website\"},\"primaryImageOfPage\":{\"@id\":\"https:\\\/\\\/www.lassociation.fr\\\/en\\\/catalogue\\\/les-nouvelles-aventures-de-lapinot-tome-1-un-monde-un-peu-meilleur\\\/#primaryimage\"},\"image\":{\"@id\":\"https:\\\/\\\/www.lassociation.fr\\\/en\\\/catalogue\\\/les-nouvelles-aventures-de-lapinot-tome-1-un-monde-un-peu-meilleur\\\/#primaryimage\"},\"thumbnailUrl\":\"https:\\\/\\\/www.lassociation.fr\\\/backoffice\\\/wp-content\\\/uploads\\\/2019\\\/09\\\/3573.jpg\",\"datePublished\":\"2017-07-31T22:00:00+00:00\",\"dateModified\":\"2026-03-02T19:49:26+00:00\",\"breadcrumb\":{\"@id\":\"https:\\\/\\\/www.lassociation.fr\\\/en\\\/catalogue\\\/les-nouvelles-aventures-de-lapinot-tome-1-un-monde-un-peu-meilleur\\\/#breadcrumb\"},\"inLanguage\":\"en-US\",\"potentialAction\":[{\"@type\":\"ReadAction\",\"target\":[\"https:\\\/\\\/www.lassociation.fr\\\/en\\\/catalogue\\\/les-nouvelles-aventures-de-lapinot-tome-1-un-monde-un-peu-meilleur\\\/\"]}]},{\"@type\":\"ImageObject\",\"inLanguage\":\"en-US\",\"@id\":\"https:\\\/\\\/www.lassociation.fr\\\/en\\\/catalogue\\\/les-nouvelles-aventures-de-lapinot-tome-1-un-monde-un-peu-meilleur\\\/#primaryimage\",\"url\":\"https:\\\/\\\/www.lassociation.fr\\\/backoffice\\\/wp-content\\\/uploads\\\/2019\\\/09\\\/3573.jpg\",\"contentUrl\":\"https:\\\/\\\/www.lassociation.fr\\\/backoffice\\\/wp-content\\\/uploads\\\/2019\\\/09\\\/3573.jpg\",\"width\":620,\"height\":813},{\"@type\":\"BreadcrumbList\",\"@id\":\"https:\\\/\\\/www.lassociation.fr\\\/en\\\/catalogue\\\/les-nouvelles-aventures-de-lapinot-tome-1-un-monde-un-peu-meilleur\\\/#breadcrumb\",\"itemListElement\":[{\"@type\":\"ListItem\",\"position\":1,\"name\":\"Accueil\",\"item\":\"https:\\\/\\\/www.lassociation.fr\\\/en\\\/\"},{\"@type\":\"ListItem\",\"position\":2,\"name\":\"Catalog\",\"item\":\"https:\\\/\\\/www.lassociation.fr\\\/en\\\/catalogue\\\/\"},{\"@type\":\"ListItem\",\"position\":3,\"name\":\"Nouvelles aventures de Lapinot (Les) [Tome 1] Un monde un peu meilleur\"}]},{\"@type\":\"WebSite\",\"@id\":\"https:\\\/\\\/www.lassociation.fr\\\/en\\\/#website\",\"url\":\"https:\\\/\\\/www.lassociation.fr\\\/en\\\/\",\"name\":\"L\u2019Association\",\"description\":\"Maison d\u2019\u00e9dition fran\u00e7aise de bande dessin\u00e9e, fond\u00e9e en 1990.\",\"publisher\":{\"@id\":\"https:\\\/\\\/www.lassociation.fr\\\/en\\\/#organization\"},\"potentialAction\":[{\"@type\":\"SearchAction\",\"target\":{\"@type\":\"EntryPoint\",\"urlTemplate\":\"https:\\\/\\\/www.lassociation.fr\\\/en\\\/?s={search_term_string}\"},\"query-input\":{\"@type\":\"PropertyValueSpecification\",\"valueRequired\":true,\"valueName\":\"search_term_string\"}}],\"inLanguage\":\"en-US\"},{\"@type\":\"Organization\",\"@id\":\"https:\\\/\\\/www.lassociation.fr\\\/en\\\/#organization\",\"name\":\"L\u2019Association\",\"url\":\"https:\\\/\\\/www.lassociation.fr\\\/en\\\/\",\"logo\":{\"@type\":\"ImageObject\",\"inLanguage\":\"en-US\",\"@id\":\"https:\\\/\\\/www.lassociation.fr\\\/en\\\/#\\\/schema\\\/logo\\\/image\\\/\",\"url\":\"https:\\\/\\\/www.lassociation.fr\\\/backoffice\\\/wp-content\\\/uploads\\\/2019\\\/11\\\/asso_large.png\",\"contentUrl\":\"https:\\\/\\\/www.lassociation.fr\\\/backoffice\\\/wp-content\\\/uploads\\\/2019\\\/11\\\/asso_large.png\",\"width\":1200,\"height\":630,\"caption\":\"L\u2019Association\"},\"image\":{\"@id\":\"https:\\\/\\\/www.lassociation.fr\\\/en\\\/#\\\/schema\\\/logo\\\/image\\\/\"},\"sameAs\":[\"https:\\\/\\\/www.facebook.com\\\/lhydrelasso\\\/\",\"https:\\\/\\\/x.com\\\/lassociation\",\"https:\\\/\\\/www.instagram.com\\\/editions_lassociation\",\"https:\\\/\\\/fr.wikipedia.org\\\/wiki\\\/LAssociation\",\"https:\\\/\\\/www.youtube.com\\\/@editions_lassociation\"]}]}<\/script>","yoast_head_json":{"title":"Nouvelles aventures de Lapinot (Les) [Tome 1] Un monde un peu meilleur - L\u2019Association","robots":{"index":"index","follow":"follow","max-snippet":"max-snippet:-1","max-image-preview":"max-image-preview:large","max-video-preview":"max-video-preview:-1"},"canonical":"https:\/\/www.lassociation.fr\/en\/catalogue\/les-nouvelles-aventures-de-lapinot-tome-1-un-monde-un-peu-meilleur\/","og_locale":"en_US","og_type":"article","og_title":"Nouvelles aventures de Lapinot (Les) [Tome 1] Un monde un peu meilleur - L\u2019Association","og_description":"Dans un parc ensoleill\u00e9, \u00e0 l\u2019heure du d\u00e9jeuner, Richard et Lapinot plaisantent \u00e0 propos de la mort. Une petite minute\u2026 Lapinot ? Vous avez bien lu, Lapinot est de retour ! Tragiquement disparu en 2004 dans La Vie comme elle vient, il reprend aujourd\u2019hui, comme si de rien n\u2019\u00e9tait, le cours de ses aventures. C\u2019est [&hellip;]","og_url":"https:\/\/www.lassociation.fr\/en\/catalogue\/les-nouvelles-aventures-de-lapinot-tome-1-un-monde-un-peu-meilleur\/","og_site_name":"L\u2019Association","article_publisher":"https:\/\/www.facebook.com\/lhydrelasso\/","article_modified_time":"2026-03-02T19:49:26+00:00","og_image":[{"width":620,"height":813,"url":"https:\/\/www.lassociation.fr\/backoffice\/wp-content\/uploads\/2019\/09\/3573.jpg","type":"image\/jpeg"}],"twitter_card":"summary_large_image","twitter_site":"@lassociation","schema":{"@context":"https:\/\/schema.org","@graph":[{"@type":"WebPage","@id":"https:\/\/www.lassociation.fr\/en\/catalogue\/les-nouvelles-aventures-de-lapinot-tome-1-un-monde-un-peu-meilleur\/","url":"https:\/\/www.lassociation.fr\/en\/catalogue\/les-nouvelles-aventures-de-lapinot-tome-1-un-monde-un-peu-meilleur\/","name":"Nouvelles aventures de Lapinot (Les) [Tome 1] Un monde un peu meilleur - L\u2019Association","isPartOf":{"@id":"https:\/\/www.lassociation.fr\/en\/#website"},"primaryImageOfPage":{"@id":"https:\/\/www.lassociation.fr\/en\/catalogue\/les-nouvelles-aventures-de-lapinot-tome-1-un-monde-un-peu-meilleur\/#primaryimage"},"image":{"@id":"https:\/\/www.lassociation.fr\/en\/catalogue\/les-nouvelles-aventures-de-lapinot-tome-1-un-monde-un-peu-meilleur\/#primaryimage"},"thumbnailUrl":"https:\/\/www.lassociation.fr\/backoffice\/wp-content\/uploads\/2019\/09\/3573.jpg","datePublished":"2017-07-31T22:00:00+00:00","dateModified":"2026-03-02T19:49:26+00:00","breadcrumb":{"@id":"https:\/\/www.lassociation.fr\/en\/catalogue\/les-nouvelles-aventures-de-lapinot-tome-1-un-monde-un-peu-meilleur\/#breadcrumb"},"inLanguage":"en-US","potentialAction":[{"@type":"ReadAction","target":["https:\/\/www.lassociation.fr\/en\/catalogue\/les-nouvelles-aventures-de-lapinot-tome-1-un-monde-un-peu-meilleur\/"]}]},{"@type":"ImageObject","inLanguage":"en-US","@id":"https:\/\/www.lassociation.fr\/en\/catalogue\/les-nouvelles-aventures-de-lapinot-tome-1-un-monde-un-peu-meilleur\/#primaryimage","url":"https:\/\/www.lassociation.fr\/backoffice\/wp-content\/uploads\/2019\/09\/3573.jpg","contentUrl":"https:\/\/www.lassociation.fr\/backoffice\/wp-content\/uploads\/2019\/09\/3573.jpg","width":620,"height":813},{"@type":"BreadcrumbList","@id":"https:\/\/www.lassociation.fr\/en\/catalogue\/les-nouvelles-aventures-de-lapinot-tome-1-un-monde-un-peu-meilleur\/#breadcrumb","itemListElement":[{"@type":"ListItem","position":1,"name":"Accueil","item":"https:\/\/www.lassociation.fr\/en\/"},{"@type":"ListItem","position":2,"name":"Catalog","item":"https:\/\/www.lassociation.fr\/en\/catalogue\/"},{"@type":"ListItem","position":3,"name":"Nouvelles aventures de Lapinot (Les) [Tome 1] Un monde un peu meilleur"}]},{"@type":"WebSite","@id":"https:\/\/www.lassociation.fr\/en\/#website","url":"https:\/\/www.lassociation.fr\/en\/","name":"L\u2019Association","description":"Maison d\u2019\u00e9dition fran\u00e7aise de bande dessin\u00e9e, fond\u00e9e en 1990.","publisher":{"@id":"https:\/\/www.lassociation.fr\/en\/#organization"},"potentialAction":[{"@type":"SearchAction","target":{"@type":"EntryPoint","urlTemplate":"https:\/\/www.lassociation.fr\/en\/?s={search_term_string}"},"query-input":{"@type":"PropertyValueSpecification","valueRequired":true,"valueName":"search_term_string"}}],"inLanguage":"en-US"},{"@type":"Organization","@id":"https:\/\/www.lassociation.fr\/en\/#organization","name":"L\u2019Association","url":"https:\/\/www.lassociation.fr\/en\/","logo":{"@type":"ImageObject","inLanguage":"en-US","@id":"https:\/\/www.lassociation.fr\/en\/#\/schema\/logo\/image\/","url":"https:\/\/www.lassociation.fr\/backoffice\/wp-content\/uploads\/2019\/11\/asso_large.png","contentUrl":"https:\/\/www.lassociation.fr\/backoffice\/wp-content\/uploads\/2019\/11\/asso_large.png","width":1200,"height":630,"caption":"L\u2019Association"},"image":{"@id":"https:\/\/www.lassociation.fr\/en\/#\/schema\/logo\/image\/"},"sameAs":["https:\/\/www.facebook.com\/lhydrelasso\/","https:\/\/x.com\/lassociation","https:\/\/www.instagram.com\/editions_lassociation","https:\/\/fr.wikipedia.org\/wiki\/LAssociation","https:\/\/www.youtube.com\/@editions_lassociation"]}]}},"_links":{"self":[{"href":"https:\/\/www.lassociation.fr\/en\/wp-json\/wp\/v2\/product\/1573","targetHints":{"allow":["GET"]}}],"collection":[{"href":"https:\/\/www.lassociation.fr\/en\/wp-json\/wp\/v2\/product"}],"about":[{"href":"https:\/\/www.lassociation.fr\/en\/wp-json\/wp\/v2\/types\/product"}],"wp:featuredmedia":[{"embeddable":true,"href":"https:\/\/www.lassociation.fr\/en\/wp-json\/wp\/v2\/media\/2238"}],"wp:attachment":[{"href":"https:\/\/www.lassociation.fr\/en\/wp-json\/wp\/v2\/media?parent=1573"}],"wp:term":[{"taxonomy":"product_cat","embeddable":true,"href":"https:\/\/www.lassociation.fr\/en\/wp-json\/wp\/v2\/product_cat?post=1573"},{"taxonomy":"product_tag","embeddable":true,"href":"https:\/\/www.lassociation.fr\/en\/wp-json\/wp\/v2\/product_tag?post=1573"}],"curies":[{"name":"wp","href":"https:\/\/api.w.org\/{rel}","templated":true}]}}