{"id":1593,"date":"2016-10-01T00:00:00","date_gmt":"2016-09-30T22:00:00","guid":{"rendered":"https:\/\/www.lassociation.fr\/product\/autel-california-face-b-blue-moon\/"},"modified":"2026-01-22T11:38:56","modified_gmt":"2026-01-22T10:38:56","slug":"autel-california-face-b-blue-moon","status":"publish","type":"product","link":"https:\/\/www.lassociation.fr\/en\/catalogue\/autel-california-face-b-blue-moon\/","title":{"rendered":"Autel California, Face B: Blue Moon"},"content":{"rendered":"<p>C\u2019est le retour de Bouclette, Surfer Girl et Gypsy, les GTO\u2019s pour \u00ab Girls Together Outrageously \u00bb, les groupies embl\u00e9matiques qui ont embras\u00e9 la sc\u00e8ne rock des sixties. Plus excentriques que jamais, elles poursuivent leur idylle aupr\u00e8s des ic\u00f4nes de la pop-culture que sont Brian Jones, Jim Morrison ou encore Jimmy Page. Avec l\u2019appui de Frank Zappa, les voil\u00e0 encourag\u00e9es \u00e0 enregistrer un album. Elles chantent admirablement faux pour exprimer leur amour des gar\u00e7ons. Alors que les discours f\u00e9ministes de l\u2019\u00e9poque pr\u00e9sentent les groupies comme des femmes astreintes \u00e0 la domination des hommes, elles revendiquent leur pouvoir et leurs libert\u00e9s. La passion, le sexe, la drogue, la musique, tout s\u2019entrem\u00eale.<\/p>\n<p>Dans la Face B d\u2019<em>Autel California<\/em>, les h\u00e9ro\u00efnes ont d\u00e9sormais quitt\u00e9 l\u2019adolescence et perdent progressivement leur insouciance. C\u2019est le temps des remises en question pour Miss Pamela des Barres, a.k.a Bouclette. Apr\u00e8s le massacre perp\u00e9tr\u00e9 par Charles Manson et sa clique de fanatiques au 10050 Cielo Drive, rien ne sera jamais plus comme avant. On assiste vraisemblablement au d\u00e9clin de l\u2019utopie hippie, les groupes se s\u00e9parent et certaines \u00e9toiles de la contre-culture disparaissent d\u00e9finitivement dans l\u2019alcool et les psychotropes.<\/p>\n<p>Du swing de <em>Treat Me Nice<\/em> \u00e0 la ballade romantique <em>Blue Moon<\/em>, Elvis Presley, omnipr\u00e9sent, aura donn\u00e9 la tonalit\u00e9 du diptyque de Nine Antico. L\u2019intensit\u00e9 de la narration ferait passer la fiction pour une r\u00e9alit\u00e9, ou alors la r\u00e9alit\u00e9 pour une fiction, on ne saurait dire. Ici, rien n\u2019est id\u00e9alis\u00e9, tout est tr\u00e8s document\u00e9 et r\u00e9fl\u00e9chi jusqu\u2019aux r\u00e9f\u00e9rences musicales qui rythment le r\u00e9cit.<\/p>\n","protected":false},"excerpt":{"rendered":"<p>C\u2019est le retour de Bouclette, Surfer Girl et Gypsy, les GTO\u2019s pour \u00ab Girls Together Outrageously \u00bb, les groupies embl\u00e9matiques qui ont embras\u00e9 la sc\u00e8ne rock des sixties. Plus excentriques que jamais, elles poursuivent leur idylle aupr\u00e8s des ic\u00f4nes de la pop-culture que sont Brian Jones, Jim Morrison ou encore Jimmy Page. Avec l\u2019appui de [&hellip;]<\/p>\n","protected":false},"featured_media":2257,"template":"","meta":{"_acf_changed":false},"product_cat":[41],"product_tag":[],"class_list":{"0":"post-1593","1":"product","2":"type-product","3":"status-publish","4":"has-post-thumbnail","6":"product_cat-ciboulette","7":"product_shipping_class-avec-signature","8":"member-discount","9":"discount-restricted","11":"first","12":"instock","13":"taxable","14":"shipping-taxable","15":"purchasable","16":"product-type-simple"},"acf":[],"yoast_head":"<title>Autel California, Face B: Blue Moon - L\u2019Association<\/title>\n<meta name=\"robots\" content=\"index, follow, max-snippet:-1, max-image-preview:large, max-video-preview:-1\" \/>\n<link rel=\"canonical\" href=\"https:\/\/www.lassociation.fr\/en\/catalogue\/autel-california-face-b-blue-moon\/\" \/>\n<meta property=\"og:locale\" content=\"en_US\" \/>\n<meta property=\"og:type\" content=\"article\" \/>\n<meta property=\"og:title\" content=\"Autel California, Face B: Blue Moon - L\u2019Association\" \/>\n<meta property=\"og:description\" content=\"C\u2019est le retour de Bouclette, Surfer Girl et Gypsy, les GTO\u2019s pour \u00ab Girls Together Outrageously \u00bb, les groupies embl\u00e9matiques qui ont embras\u00e9 la sc\u00e8ne rock des sixties. Plus excentriques que jamais, elles poursuivent leur idylle aupr\u00e8s des ic\u00f4nes de la pop-culture que sont Brian Jones, Jim Morrison ou encore Jimmy Page. Avec l\u2019appui de [&hellip;]\" \/>\n<meta property=\"og:url\" content=\"https:\/\/www.lassociation.fr\/en\/catalogue\/autel-california-face-b-blue-moon\/\" \/>\n<meta property=\"og:site_name\" content=\"L\u2019Association\" \/>\n<meta property=\"article:publisher\" content=\"https:\/\/www.facebook.com\/lhydrelasso\/\" \/>\n<meta property=\"article:modified_time\" content=\"2026-01-22T10:38:56+00:00\" \/>\n<meta property=\"og:image\" content=\"https:\/\/www.lassociation.fr\/backoffice\/wp-content\/uploads\/2019\/09\/3427.png\" \/>\n\t<meta property=\"og:image:width\" content=\"464\" \/>\n\t<meta property=\"og:image:height\" content=\"694\" \/>\n\t<meta property=\"og:image:type\" content=\"image\/png\" \/>\n<meta name=\"twitter:card\" content=\"summary_large_image\" \/>\n<meta name=\"twitter:site\" content=\"@lassociation\" \/>\n<script type=\"application\/ld+json\" class=\"yoast-schema-graph\">{\"@context\":\"https:\\\/\\\/schema.org\",\"@graph\":[{\"@type\":\"WebPage\",\"@id\":\"https:\\\/\\\/www.lassociation.fr\\\/en\\\/catalogue\\\/autel-california-face-b-blue-moon\\\/\",\"url\":\"https:\\\/\\\/www.lassociation.fr\\\/en\\\/catalogue\\\/autel-california-face-b-blue-moon\\\/\",\"name\":\"Autel California, Face B: Blue Moon - L\u2019Association\",\"isPartOf\":{\"@id\":\"https:\\\/\\\/www.lassociation.fr\\\/en\\\/#website\"},\"primaryImageOfPage\":{\"@id\":\"https:\\\/\\\/www.lassociation.fr\\\/en\\\/catalogue\\\/autel-california-face-b-blue-moon\\\/#primaryimage\"},\"image\":{\"@id\":\"https:\\\/\\\/www.lassociation.fr\\\/en\\\/catalogue\\\/autel-california-face-b-blue-moon\\\/#primaryimage\"},\"thumbnailUrl\":\"https:\\\/\\\/www.lassociation.fr\\\/backoffice\\\/wp-content\\\/uploads\\\/2019\\\/09\\\/3427.png\",\"datePublished\":\"2016-09-30T22:00:00+00:00\",\"dateModified\":\"2026-01-22T10:38:56+00:00\",\"breadcrumb\":{\"@id\":\"https:\\\/\\\/www.lassociation.fr\\\/en\\\/catalogue\\\/autel-california-face-b-blue-moon\\\/#breadcrumb\"},\"inLanguage\":\"en-US\",\"potentialAction\":[{\"@type\":\"ReadAction\",\"target\":[\"https:\\\/\\\/www.lassociation.fr\\\/en\\\/catalogue\\\/autel-california-face-b-blue-moon\\\/\"]}]},{\"@type\":\"ImageObject\",\"inLanguage\":\"en-US\",\"@id\":\"https:\\\/\\\/www.lassociation.fr\\\/en\\\/catalogue\\\/autel-california-face-b-blue-moon\\\/#primaryimage\",\"url\":\"https:\\\/\\\/www.lassociation.fr\\\/backoffice\\\/wp-content\\\/uploads\\\/2019\\\/09\\\/3427.png\",\"contentUrl\":\"https:\\\/\\\/www.lassociation.fr\\\/backoffice\\\/wp-content\\\/uploads\\\/2019\\\/09\\\/3427.png\",\"width\":464,\"height\":694},{\"@type\":\"BreadcrumbList\",\"@id\":\"https:\\\/\\\/www.lassociation.fr\\\/en\\\/catalogue\\\/autel-california-face-b-blue-moon\\\/#breadcrumb\",\"itemListElement\":[{\"@type\":\"ListItem\",\"position\":1,\"name\":\"Accueil\",\"item\":\"https:\\\/\\\/www.lassociation.fr\\\/en\\\/\"},{\"@type\":\"ListItem\",\"position\":2,\"name\":\"Catalog\",\"item\":\"https:\\\/\\\/www.lassociation.fr\\\/en\\\/catalogue\\\/\"},{\"@type\":\"ListItem\",\"position\":3,\"name\":\"Autel California, Face B: Blue Moon\"}]},{\"@type\":\"WebSite\",\"@id\":\"https:\\\/\\\/www.lassociation.fr\\\/en\\\/#website\",\"url\":\"https:\\\/\\\/www.lassociation.fr\\\/en\\\/\",\"name\":\"L\u2019Association\",\"description\":\"Maison d\u2019\u00e9dition fran\u00e7aise de bande dessin\u00e9e, fond\u00e9e en 1990.\",\"publisher\":{\"@id\":\"https:\\\/\\\/www.lassociation.fr\\\/en\\\/#organization\"},\"potentialAction\":[{\"@type\":\"SearchAction\",\"target\":{\"@type\":\"EntryPoint\",\"urlTemplate\":\"https:\\\/\\\/www.lassociation.fr\\\/en\\\/?s={search_term_string}\"},\"query-input\":{\"@type\":\"PropertyValueSpecification\",\"valueRequired\":true,\"valueName\":\"search_term_string\"}}],\"inLanguage\":\"en-US\"},{\"@type\":\"Organization\",\"@id\":\"https:\\\/\\\/www.lassociation.fr\\\/en\\\/#organization\",\"name\":\"L\u2019Association\",\"url\":\"https:\\\/\\\/www.lassociation.fr\\\/en\\\/\",\"logo\":{\"@type\":\"ImageObject\",\"inLanguage\":\"en-US\",\"@id\":\"https:\\\/\\\/www.lassociation.fr\\\/en\\\/#\\\/schema\\\/logo\\\/image\\\/\",\"url\":\"https:\\\/\\\/www.lassociation.fr\\\/backoffice\\\/wp-content\\\/uploads\\\/2019\\\/11\\\/asso_large.png\",\"contentUrl\":\"https:\\\/\\\/www.lassociation.fr\\\/backoffice\\\/wp-content\\\/uploads\\\/2019\\\/11\\\/asso_large.png\",\"width\":1200,\"height\":630,\"caption\":\"L\u2019Association\"},\"image\":{\"@id\":\"https:\\\/\\\/www.lassociation.fr\\\/en\\\/#\\\/schema\\\/logo\\\/image\\\/\"},\"sameAs\":[\"https:\\\/\\\/www.facebook.com\\\/lhydrelasso\\\/\",\"https:\\\/\\\/x.com\\\/lassociation\",\"https:\\\/\\\/www.instagram.com\\\/editions_lassociation\",\"https:\\\/\\\/fr.wikipedia.org\\\/wiki\\\/LAssociation\",\"https:\\\/\\\/www.youtube.com\\\/@editions_lassociation\"]}]}<\/script>","yoast_head_json":{"title":"Autel California, Face B: Blue Moon - L\u2019Association","robots":{"index":"index","follow":"follow","max-snippet":"max-snippet:-1","max-image-preview":"max-image-preview:large","max-video-preview":"max-video-preview:-1"},"canonical":"https:\/\/www.lassociation.fr\/en\/catalogue\/autel-california-face-b-blue-moon\/","og_locale":"en_US","og_type":"article","og_title":"Autel California, Face B: Blue Moon - L\u2019Association","og_description":"C\u2019est le retour de Bouclette, Surfer Girl et Gypsy, les GTO\u2019s pour \u00ab Girls Together Outrageously \u00bb, les groupies embl\u00e9matiques qui ont embras\u00e9 la sc\u00e8ne rock des sixties. Plus excentriques que jamais, elles poursuivent leur idylle aupr\u00e8s des ic\u00f4nes de la pop-culture que sont Brian Jones, Jim Morrison ou encore Jimmy Page. Avec l\u2019appui de [&hellip;]","og_url":"https:\/\/www.lassociation.fr\/en\/catalogue\/autel-california-face-b-blue-moon\/","og_site_name":"L\u2019Association","article_publisher":"https:\/\/www.facebook.com\/lhydrelasso\/","article_modified_time":"2026-01-22T10:38:56+00:00","og_image":[{"width":464,"height":694,"url":"https:\/\/www.lassociation.fr\/backoffice\/wp-content\/uploads\/2019\/09\/3427.png","type":"image\/png"}],"twitter_card":"summary_large_image","twitter_site":"@lassociation","schema":{"@context":"https:\/\/schema.org","@graph":[{"@type":"WebPage","@id":"https:\/\/www.lassociation.fr\/en\/catalogue\/autel-california-face-b-blue-moon\/","url":"https:\/\/www.lassociation.fr\/en\/catalogue\/autel-california-face-b-blue-moon\/","name":"Autel California, Face B: Blue Moon - L\u2019Association","isPartOf":{"@id":"https:\/\/www.lassociation.fr\/en\/#website"},"primaryImageOfPage":{"@id":"https:\/\/www.lassociation.fr\/en\/catalogue\/autel-california-face-b-blue-moon\/#primaryimage"},"image":{"@id":"https:\/\/www.lassociation.fr\/en\/catalogue\/autel-california-face-b-blue-moon\/#primaryimage"},"thumbnailUrl":"https:\/\/www.lassociation.fr\/backoffice\/wp-content\/uploads\/2019\/09\/3427.png","datePublished":"2016-09-30T22:00:00+00:00","dateModified":"2026-01-22T10:38:56+00:00","breadcrumb":{"@id":"https:\/\/www.lassociation.fr\/en\/catalogue\/autel-california-face-b-blue-moon\/#breadcrumb"},"inLanguage":"en-US","potentialAction":[{"@type":"ReadAction","target":["https:\/\/www.lassociation.fr\/en\/catalogue\/autel-california-face-b-blue-moon\/"]}]},{"@type":"ImageObject","inLanguage":"en-US","@id":"https:\/\/www.lassociation.fr\/en\/catalogue\/autel-california-face-b-blue-moon\/#primaryimage","url":"https:\/\/www.lassociation.fr\/backoffice\/wp-content\/uploads\/2019\/09\/3427.png","contentUrl":"https:\/\/www.lassociation.fr\/backoffice\/wp-content\/uploads\/2019\/09\/3427.png","width":464,"height":694},{"@type":"BreadcrumbList","@id":"https:\/\/www.lassociation.fr\/en\/catalogue\/autel-california-face-b-blue-moon\/#breadcrumb","itemListElement":[{"@type":"ListItem","position":1,"name":"Accueil","item":"https:\/\/www.lassociation.fr\/en\/"},{"@type":"ListItem","position":2,"name":"Catalog","item":"https:\/\/www.lassociation.fr\/en\/catalogue\/"},{"@type":"ListItem","position":3,"name":"Autel California, Face B: Blue Moon"}]},{"@type":"WebSite","@id":"https:\/\/www.lassociation.fr\/en\/#website","url":"https:\/\/www.lassociation.fr\/en\/","name":"L\u2019Association","description":"Maison d\u2019\u00e9dition fran\u00e7aise de bande dessin\u00e9e, fond\u00e9e en 1990.","publisher":{"@id":"https:\/\/www.lassociation.fr\/en\/#organization"},"potentialAction":[{"@type":"SearchAction","target":{"@type":"EntryPoint","urlTemplate":"https:\/\/www.lassociation.fr\/en\/?s={search_term_string}"},"query-input":{"@type":"PropertyValueSpecification","valueRequired":true,"valueName":"search_term_string"}}],"inLanguage":"en-US"},{"@type":"Organization","@id":"https:\/\/www.lassociation.fr\/en\/#organization","name":"L\u2019Association","url":"https:\/\/www.lassociation.fr\/en\/","logo":{"@type":"ImageObject","inLanguage":"en-US","@id":"https:\/\/www.lassociation.fr\/en\/#\/schema\/logo\/image\/","url":"https:\/\/www.lassociation.fr\/backoffice\/wp-content\/uploads\/2019\/11\/asso_large.png","contentUrl":"https:\/\/www.lassociation.fr\/backoffice\/wp-content\/uploads\/2019\/11\/asso_large.png","width":1200,"height":630,"caption":"L\u2019Association"},"image":{"@id":"https:\/\/www.lassociation.fr\/en\/#\/schema\/logo\/image\/"},"sameAs":["https:\/\/www.facebook.com\/lhydrelasso\/","https:\/\/x.com\/lassociation","https:\/\/www.instagram.com\/editions_lassociation","https:\/\/fr.wikipedia.org\/wiki\/LAssociation","https:\/\/www.youtube.com\/@editions_lassociation"]}]}},"_links":{"self":[{"href":"https:\/\/www.lassociation.fr\/en\/wp-json\/wp\/v2\/product\/1593","targetHints":{"allow":["GET"]}}],"collection":[{"href":"https:\/\/www.lassociation.fr\/en\/wp-json\/wp\/v2\/product"}],"about":[{"href":"https:\/\/www.lassociation.fr\/en\/wp-json\/wp\/v2\/types\/product"}],"wp:featuredmedia":[{"embeddable":true,"href":"https:\/\/www.lassociation.fr\/en\/wp-json\/wp\/v2\/media\/2257"}],"wp:attachment":[{"href":"https:\/\/www.lassociation.fr\/en\/wp-json\/wp\/v2\/media?parent=1593"}],"wp:term":[{"taxonomy":"product_cat","embeddable":true,"href":"https:\/\/www.lassociation.fr\/en\/wp-json\/wp\/v2\/product_cat?post=1593"},{"taxonomy":"product_tag","embeddable":true,"href":"https:\/\/www.lassociation.fr\/en\/wp-json\/wp\/v2\/product_tag?post=1593"}],"curies":[{"name":"wp","href":"https:\/\/api.w.org\/{rel}","templated":true}]}}