{"id":1595,"date":"2016-08-01T00:00:00","date_gmt":"2016-07-31T22:00:00","guid":{"rendered":"https:\/\/www.lassociation.fr\/product\/coquelicots-dirak\/"},"modified":"2026-01-22T11:38:56","modified_gmt":"2026-01-22T10:38:56","slug":"coquelicots-d-irak","status":"publish","type":"product","link":"https:\/\/www.lassociation.fr\/en\/catalogue\/coquelicots-d-irak\/","title":{"rendered":"Coquelicots d&#8217;Irak"},"content":{"rendered":"<p>Lewis Trondheim et Brigitte Findakly forment en bande dessin\u00e9e comme \u00e0 la ville un duo depuis de nombreuses ann\u00e9es. Si la bibliographie pl\u00e9thorique de Lewis Trondheim n\u2019a plus de secret pour personne, celle de Brigitte Findakly, son \u00e9pouse et coloriste, quoique toute aussi importante, reste moins connue. De <i>Pif Gadget<\/i>, \u00e0 ses d\u00e9buts, au <i>Chat du Rabbin<\/i>, des <i>Formidables aventures de Lapinot<\/i> au <i>Retour \u00e0 la terre<\/i>, en passant par <i>Ralph Azham<\/i>, on lui doit la mise en couleurs d\u2019une centaine d\u2019albums dont certains ont \u00e9t\u00e9 les plus marquants de ces derni\u00e8res ann\u00e9es.<\/p>\n<p>Avec ce livre \u00e0 quatre mains, Lewis Trondheim d\u00e9laisse ses animaux anthropomorphis\u00e9s et dessine de v\u00e9ritables \u00eatres humains pour raconter l\u2019histoire de celle qui partage sa vie. N\u00e9e en Irak, d\u2019un p\u00e8re irakien et d\u2019une m\u00e8re fran\u00e7aise \u00e0 l\u2019or\u00e9e des ann\u00e9es 1960, le livre retrace son enfance pass\u00e9e \u00e0 Mossoul, ville du nord de l\u2019Irak, \u00e0 une \u00e9poque o\u00f9, bien avant l\u2019arriv\u00e9e au pouvoir de Saddam Hussein, se succ\u00e8dent coups d\u2019\u00c9tat et dictatures militaires. D\u00e9roulant le fil de ses souvenirs, on d\u00e9couvre alors une vie de famille affect\u00e9e par les aberrations de la dictature et leurs r\u00e9percussions sur la vie quotidienne, jusqu\u2019\u00e0 l\u2019in\u00e9luctable exil vers la France au d\u00e9but des ann\u00e9es 1970. Une arriv\u00e9e en France elle aussi difficile, une exp\u00e9rience migratoire faite de difficult\u00e9s administratives, sociales et culturelles.<\/p>\n<p>Dans ce r\u00e9cit qui prend pour toile de fond une triste actualit\u00e9, Lewis Trondheim et Brigitte Findakly brossent en sayn\u00e8tes percutantes et sans ambages, mais pas moins sensibles, la trajectoire singuli\u00e8re de la coloriste qui, pour la premi\u00e8re fois, occupe le premier r\u00f4le dans un livre. Ponctu\u00e9 de photos et de parenth\u00e8ses sur les coutumes, la culture irakienne et les souvenirs de Brigitte Findakly, on partage avec elle, la nostalgie de ceux qui ont laiss\u00e9 derri\u00e8re eux leur pays d\u2019origine, et les liens fugaces qui subsistent. \u00c0 l\u2019image des coquelicots qui fanent si vite.<\/p>\n","protected":false},"excerpt":{"rendered":"<p>Lewis Trondheim et Brigitte Findakly forment en bande dessin\u00e9e comme \u00e0 la ville un duo depuis de nombreuses ann\u00e9es. Si la bibliographie pl\u00e9thorique de Lewis Trondheim n\u2019a plus de secret pour personne, celle de Brigitte Findakly, son \u00e9pouse et coloriste, quoique toute aussi importante, reste moins connue. De Pif Gadget, \u00e0 ses d\u00e9buts, au Chat [&hellip;]<\/p>\n","protected":false},"featured_media":2259,"template":"","meta":{"_acf_changed":false},"product_cat":[48],"product_tag":[],"class_list":{"0":"post-1595","1":"product","2":"type-product","3":"status-publish","4":"has-post-thumbnail","6":"product_cat-hors-collection","7":"member-discount","8":"discount-restricted","10":"first","11":"instock","12":"taxable","13":"shipping-taxable","14":"purchasable","15":"product-type-simple"},"acf":[],"yoast_head":"<title>Coquelicots d&#039;Irak - L\u2019Association<\/title>\n<meta name=\"robots\" content=\"index, follow, max-snippet:-1, max-image-preview:large, max-video-preview:-1\" \/>\n<link rel=\"canonical\" href=\"https:\/\/www.lassociation.fr\/en\/catalogue\/coquelicots-d-irak\/\" \/>\n<meta property=\"og:locale\" content=\"en_US\" \/>\n<meta property=\"og:type\" content=\"article\" \/>\n<meta property=\"og:title\" content=\"Coquelicots d&#039;Irak - L\u2019Association\" \/>\n<meta property=\"og:description\" content=\"Lewis Trondheim et Brigitte Findakly forment en bande dessin\u00e9e comme \u00e0 la ville un duo depuis de nombreuses ann\u00e9es. Si la bibliographie pl\u00e9thorique de Lewis Trondheim n\u2019a plus de secret pour personne, celle de Brigitte Findakly, son \u00e9pouse et coloriste, quoique toute aussi importante, reste moins connue. De Pif Gadget, \u00e0 ses d\u00e9buts, au Chat [&hellip;]\" \/>\n<meta property=\"og:url\" content=\"https:\/\/www.lassociation.fr\/en\/catalogue\/coquelicots-d-irak\/\" \/>\n<meta property=\"og:site_name\" content=\"L\u2019Association\" \/>\n<meta property=\"article:publisher\" content=\"https:\/\/www.facebook.com\/lhydrelasso\/\" \/>\n<meta property=\"article:modified_time\" content=\"2026-01-22T10:38:56+00:00\" \/>\n<meta property=\"og:image\" content=\"https:\/\/www.lassociation.fr\/backoffice\/wp-content\/uploads\/2019\/09\/3418.png\" \/>\n\t<meta property=\"og:image:width\" content=\"494\" \/>\n\t<meta property=\"og:image:height\" content=\"665\" \/>\n\t<meta property=\"og:image:type\" content=\"image\/png\" \/>\n<meta name=\"twitter:card\" content=\"summary_large_image\" \/>\n<meta name=\"twitter:site\" content=\"@lassociation\" \/>\n<script type=\"application\/ld+json\" class=\"yoast-schema-graph\">{\"@context\":\"https:\\\/\\\/schema.org\",\"@graph\":[{\"@type\":\"WebPage\",\"@id\":\"https:\\\/\\\/www.lassociation.fr\\\/en\\\/catalogue\\\/coquelicots-d-irak\\\/\",\"url\":\"https:\\\/\\\/www.lassociation.fr\\\/en\\\/catalogue\\\/coquelicots-d-irak\\\/\",\"name\":\"Coquelicots d'Irak - L\u2019Association\",\"isPartOf\":{\"@id\":\"https:\\\/\\\/www.lassociation.fr\\\/en\\\/#website\"},\"primaryImageOfPage\":{\"@id\":\"https:\\\/\\\/www.lassociation.fr\\\/en\\\/catalogue\\\/coquelicots-d-irak\\\/#primaryimage\"},\"image\":{\"@id\":\"https:\\\/\\\/www.lassociation.fr\\\/en\\\/catalogue\\\/coquelicots-d-irak\\\/#primaryimage\"},\"thumbnailUrl\":\"https:\\\/\\\/www.lassociation.fr\\\/backoffice\\\/wp-content\\\/uploads\\\/2019\\\/09\\\/3418.png\",\"datePublished\":\"2016-07-31T22:00:00+00:00\",\"dateModified\":\"2026-01-22T10:38:56+00:00\",\"breadcrumb\":{\"@id\":\"https:\\\/\\\/www.lassociation.fr\\\/en\\\/catalogue\\\/coquelicots-d-irak\\\/#breadcrumb\"},\"inLanguage\":\"en-US\",\"potentialAction\":[{\"@type\":\"ReadAction\",\"target\":[\"https:\\\/\\\/www.lassociation.fr\\\/en\\\/catalogue\\\/coquelicots-d-irak\\\/\"]}]},{\"@type\":\"ImageObject\",\"inLanguage\":\"en-US\",\"@id\":\"https:\\\/\\\/www.lassociation.fr\\\/en\\\/catalogue\\\/coquelicots-d-irak\\\/#primaryimage\",\"url\":\"https:\\\/\\\/www.lassociation.fr\\\/backoffice\\\/wp-content\\\/uploads\\\/2019\\\/09\\\/3418.png\",\"contentUrl\":\"https:\\\/\\\/www.lassociation.fr\\\/backoffice\\\/wp-content\\\/uploads\\\/2019\\\/09\\\/3418.png\",\"width\":494,\"height\":665},{\"@type\":\"BreadcrumbList\",\"@id\":\"https:\\\/\\\/www.lassociation.fr\\\/en\\\/catalogue\\\/coquelicots-d-irak\\\/#breadcrumb\",\"itemListElement\":[{\"@type\":\"ListItem\",\"position\":1,\"name\":\"Accueil\",\"item\":\"https:\\\/\\\/www.lassociation.fr\\\/en\\\/\"},{\"@type\":\"ListItem\",\"position\":2,\"name\":\"Catalog\",\"item\":\"https:\\\/\\\/www.lassociation.fr\\\/en\\\/catalogue\\\/\"},{\"@type\":\"ListItem\",\"position\":3,\"name\":\"Coquelicots d&rsquo;Irak\"}]},{\"@type\":\"WebSite\",\"@id\":\"https:\\\/\\\/www.lassociation.fr\\\/en\\\/#website\",\"url\":\"https:\\\/\\\/www.lassociation.fr\\\/en\\\/\",\"name\":\"L\u2019Association\",\"description\":\"Maison d\u2019\u00e9dition fran\u00e7aise de bande dessin\u00e9e, fond\u00e9e en 1990.\",\"publisher\":{\"@id\":\"https:\\\/\\\/www.lassociation.fr\\\/en\\\/#organization\"},\"potentialAction\":[{\"@type\":\"SearchAction\",\"target\":{\"@type\":\"EntryPoint\",\"urlTemplate\":\"https:\\\/\\\/www.lassociation.fr\\\/en\\\/?s={search_term_string}\"},\"query-input\":{\"@type\":\"PropertyValueSpecification\",\"valueRequired\":true,\"valueName\":\"search_term_string\"}}],\"inLanguage\":\"en-US\"},{\"@type\":\"Organization\",\"@id\":\"https:\\\/\\\/www.lassociation.fr\\\/en\\\/#organization\",\"name\":\"L\u2019Association\",\"url\":\"https:\\\/\\\/www.lassociation.fr\\\/en\\\/\",\"logo\":{\"@type\":\"ImageObject\",\"inLanguage\":\"en-US\",\"@id\":\"https:\\\/\\\/www.lassociation.fr\\\/en\\\/#\\\/schema\\\/logo\\\/image\\\/\",\"url\":\"https:\\\/\\\/www.lassociation.fr\\\/backoffice\\\/wp-content\\\/uploads\\\/2019\\\/11\\\/asso_large.png\",\"contentUrl\":\"https:\\\/\\\/www.lassociation.fr\\\/backoffice\\\/wp-content\\\/uploads\\\/2019\\\/11\\\/asso_large.png\",\"width\":1200,\"height\":630,\"caption\":\"L\u2019Association\"},\"image\":{\"@id\":\"https:\\\/\\\/www.lassociation.fr\\\/en\\\/#\\\/schema\\\/logo\\\/image\\\/\"},\"sameAs\":[\"https:\\\/\\\/www.facebook.com\\\/lhydrelasso\\\/\",\"https:\\\/\\\/x.com\\\/lassociation\",\"https:\\\/\\\/www.instagram.com\\\/editions_lassociation\",\"https:\\\/\\\/fr.wikipedia.org\\\/wiki\\\/LAssociation\",\"https:\\\/\\\/www.youtube.com\\\/@editions_lassociation\"]}]}<\/script>","yoast_head_json":{"title":"Coquelicots d'Irak - L\u2019Association","robots":{"index":"index","follow":"follow","max-snippet":"max-snippet:-1","max-image-preview":"max-image-preview:large","max-video-preview":"max-video-preview:-1"},"canonical":"https:\/\/www.lassociation.fr\/en\/catalogue\/coquelicots-d-irak\/","og_locale":"en_US","og_type":"article","og_title":"Coquelicots d'Irak - L\u2019Association","og_description":"Lewis Trondheim et Brigitte Findakly forment en bande dessin\u00e9e comme \u00e0 la ville un duo depuis de nombreuses ann\u00e9es. Si la bibliographie pl\u00e9thorique de Lewis Trondheim n\u2019a plus de secret pour personne, celle de Brigitte Findakly, son \u00e9pouse et coloriste, quoique toute aussi importante, reste moins connue. De Pif Gadget, \u00e0 ses d\u00e9buts, au Chat [&hellip;]","og_url":"https:\/\/www.lassociation.fr\/en\/catalogue\/coquelicots-d-irak\/","og_site_name":"L\u2019Association","article_publisher":"https:\/\/www.facebook.com\/lhydrelasso\/","article_modified_time":"2026-01-22T10:38:56+00:00","og_image":[{"width":494,"height":665,"url":"https:\/\/www.lassociation.fr\/backoffice\/wp-content\/uploads\/2019\/09\/3418.png","type":"image\/png"}],"twitter_card":"summary_large_image","twitter_site":"@lassociation","schema":{"@context":"https:\/\/schema.org","@graph":[{"@type":"WebPage","@id":"https:\/\/www.lassociation.fr\/en\/catalogue\/coquelicots-d-irak\/","url":"https:\/\/www.lassociation.fr\/en\/catalogue\/coquelicots-d-irak\/","name":"Coquelicots d'Irak - L\u2019Association","isPartOf":{"@id":"https:\/\/www.lassociation.fr\/en\/#website"},"primaryImageOfPage":{"@id":"https:\/\/www.lassociation.fr\/en\/catalogue\/coquelicots-d-irak\/#primaryimage"},"image":{"@id":"https:\/\/www.lassociation.fr\/en\/catalogue\/coquelicots-d-irak\/#primaryimage"},"thumbnailUrl":"https:\/\/www.lassociation.fr\/backoffice\/wp-content\/uploads\/2019\/09\/3418.png","datePublished":"2016-07-31T22:00:00+00:00","dateModified":"2026-01-22T10:38:56+00:00","breadcrumb":{"@id":"https:\/\/www.lassociation.fr\/en\/catalogue\/coquelicots-d-irak\/#breadcrumb"},"inLanguage":"en-US","potentialAction":[{"@type":"ReadAction","target":["https:\/\/www.lassociation.fr\/en\/catalogue\/coquelicots-d-irak\/"]}]},{"@type":"ImageObject","inLanguage":"en-US","@id":"https:\/\/www.lassociation.fr\/en\/catalogue\/coquelicots-d-irak\/#primaryimage","url":"https:\/\/www.lassociation.fr\/backoffice\/wp-content\/uploads\/2019\/09\/3418.png","contentUrl":"https:\/\/www.lassociation.fr\/backoffice\/wp-content\/uploads\/2019\/09\/3418.png","width":494,"height":665},{"@type":"BreadcrumbList","@id":"https:\/\/www.lassociation.fr\/en\/catalogue\/coquelicots-d-irak\/#breadcrumb","itemListElement":[{"@type":"ListItem","position":1,"name":"Accueil","item":"https:\/\/www.lassociation.fr\/en\/"},{"@type":"ListItem","position":2,"name":"Catalog","item":"https:\/\/www.lassociation.fr\/en\/catalogue\/"},{"@type":"ListItem","position":3,"name":"Coquelicots d&rsquo;Irak"}]},{"@type":"WebSite","@id":"https:\/\/www.lassociation.fr\/en\/#website","url":"https:\/\/www.lassociation.fr\/en\/","name":"L\u2019Association","description":"Maison d\u2019\u00e9dition fran\u00e7aise de bande dessin\u00e9e, fond\u00e9e en 1990.","publisher":{"@id":"https:\/\/www.lassociation.fr\/en\/#organization"},"potentialAction":[{"@type":"SearchAction","target":{"@type":"EntryPoint","urlTemplate":"https:\/\/www.lassociation.fr\/en\/?s={search_term_string}"},"query-input":{"@type":"PropertyValueSpecification","valueRequired":true,"valueName":"search_term_string"}}],"inLanguage":"en-US"},{"@type":"Organization","@id":"https:\/\/www.lassociation.fr\/en\/#organization","name":"L\u2019Association","url":"https:\/\/www.lassociation.fr\/en\/","logo":{"@type":"ImageObject","inLanguage":"en-US","@id":"https:\/\/www.lassociation.fr\/en\/#\/schema\/logo\/image\/","url":"https:\/\/www.lassociation.fr\/backoffice\/wp-content\/uploads\/2019\/11\/asso_large.png","contentUrl":"https:\/\/www.lassociation.fr\/backoffice\/wp-content\/uploads\/2019\/11\/asso_large.png","width":1200,"height":630,"caption":"L\u2019Association"},"image":{"@id":"https:\/\/www.lassociation.fr\/en\/#\/schema\/logo\/image\/"},"sameAs":["https:\/\/www.facebook.com\/lhydrelasso\/","https:\/\/x.com\/lassociation","https:\/\/www.instagram.com\/editions_lassociation","https:\/\/fr.wikipedia.org\/wiki\/LAssociation","https:\/\/www.youtube.com\/@editions_lassociation"]}]}},"_links":{"self":[{"href":"https:\/\/www.lassociation.fr\/en\/wp-json\/wp\/v2\/product\/1595","targetHints":{"allow":["GET"]}}],"collection":[{"href":"https:\/\/www.lassociation.fr\/en\/wp-json\/wp\/v2\/product"}],"about":[{"href":"https:\/\/www.lassociation.fr\/en\/wp-json\/wp\/v2\/types\/product"}],"wp:featuredmedia":[{"embeddable":true,"href":"https:\/\/www.lassociation.fr\/en\/wp-json\/wp\/v2\/media\/2259"}],"wp:attachment":[{"href":"https:\/\/www.lassociation.fr\/en\/wp-json\/wp\/v2\/media?parent=1595"}],"wp:term":[{"taxonomy":"product_cat","embeddable":true,"href":"https:\/\/www.lassociation.fr\/en\/wp-json\/wp\/v2\/product_cat?post=1595"},{"taxonomy":"product_tag","embeddable":true,"href":"https:\/\/www.lassociation.fr\/en\/wp-json\/wp\/v2\/product_tag?post=1595"}],"curies":[{"name":"wp","href":"https:\/\/api.w.org\/{rel}","templated":true}]}}