{"id":1596,"date":"2016-06-01T00:00:00","date_gmt":"2016-05-31T22:00:00","guid":{"rendered":"https:\/\/www.lassociation.fr\/product\/rg\/"},"modified":"2026-01-22T11:38:56","modified_gmt":"2026-01-22T10:38:56","slug":"rg","status":"publish","type":"product","link":"https:\/\/www.lassociation.fr\/en\/catalogue\/rg\/","title":{"rendered":"RG"},"content":{"rendered":"<p><em>RG<\/em> est \u00e0 la fois un livre de cr\u00e9ation et un essai, une bande dessin\u00e9e, un po\u00e8me et un livre d\u2019art. Un hommage \u00e0 l\u2019\u0153uvre de Herg\u00e9, un prolongement de cette \u0153uvre et un travail th\u00e9orique sur elle. Cinq propositions de relecture de l\u2019ensemble des aventures de Tintin (couleurs imprim\u00e9es, formes dessin\u00e9es, subtilit\u00e9s narratives, couleurs mentionn\u00e9es).<\/p>\n<p>Fait \u00e0 quatre mains, par Jochen Gerner et Emmanuel Rabu, ce livre s\u2019intitule <em>RG<\/em> en r\u00e9f\u00e9rence directe aux initiales de Herg\u00e9. Cela fait \u00e9galement r\u00e9f\u00e9rence aux Renseignements G\u00e9n\u00e9raux, pour souligner les notions d\u2019enqu\u00eate et de r\u00e9v\u00e9lations de ce projet. Enfin, ce titre reprend les initiales des noms des deux auteurs (Rabu Gerner).<\/p>\n<p>Le projet <em>RG<\/em> est une relecture chromatique litt\u00e9rale des aventures de Tintin. Il est compos\u00e9 de cinq parties : quatre parties image (M\u00e9gacycle, Ectoplasme, Supercolor, Cyclotron) et une partie texte (Gyroscope). Chaque titre est issu du lexique herg\u00e9en.<\/p>\n<p>Chacune de ces cinq parties propose une relecture de l\u2019ensemble des albums \u2013 selon le postulat qu\u2019une pr\u00e9dominance de couleur a gouvern\u00e9 la composition, les formes, les th\u00e9matiques de chacun des 22 albums de la s\u00e9rie.<\/p>\n<p>Si on ne pr\u00e9sente plus Jochen Gerner, l\u2019auteur, le graphiste, le plasticien, compagnon de route de L\u2019Association depuis toujours, Emmanuel Rabu est un nouveau (bien)venu chez nous. \u00c9crivain, po\u00e8te et musicien, on lui doit notamment <em>Typhon tournesol<\/em> et <em>Isidore Isou<\/em> (Le Seuil, 2007), <em>Cargo Culte<\/em> (Dernier T\u00e9l\u00e9gramme, 2007) ou <em>Futur Fleuve<\/em> (L\u00e9o Sheer, 2011).<\/p>\n<p>Pour les amateurs de Herg\u00e9 et pour les autres, une vision de son \u0153uvre, \u00e0 la fois chromatique, plastique, litt\u00e9raire, sonore et \u00e0 chaque fois inou\u00efe.<\/p>\n","protected":false},"excerpt":{"rendered":"<p>RG est \u00e0 la fois un livre de cr\u00e9ation et un essai, une bande dessin\u00e9e, un po\u00e8me et un livre d\u2019art. Un hommage \u00e0 l\u2019\u0153uvre de Herg\u00e9, un prolongement de cette \u0153uvre et un travail th\u00e9orique sur elle. Cinq propositions de relecture de l\u2019ensemble des aventures de Tintin (couleurs imprim\u00e9es, formes dessin\u00e9es, subtilit\u00e9s narratives, couleurs [&hellip;]<\/p>\n","protected":false},"featured_media":2260,"template":"","meta":{"_acf_changed":false},"product_cat":[48,47],"product_tag":[],"class_list":{"0":"post-1596","1":"product","2":"type-product","3":"status-publish","4":"has-post-thumbnail","6":"product_cat-hors-collection","7":"product_cat-oubapo","8":"product_shipping_class-avec-signature","9":"member-discount","10":"discount-restricted","12":"first","13":"instock","14":"taxable","15":"shipping-taxable","16":"purchasable","17":"product-type-simple"},"acf":[],"yoast_head":"<title>RG - L\u2019Association<\/title>\n<meta name=\"robots\" content=\"index, follow, max-snippet:-1, max-image-preview:large, max-video-preview:-1\" \/>\n<link rel=\"canonical\" href=\"https:\/\/www.lassociation.fr\/en\/catalogue\/rg\/\" \/>\n<meta property=\"og:locale\" content=\"en_US\" \/>\n<meta property=\"og:type\" content=\"article\" \/>\n<meta property=\"og:title\" content=\"RG - L\u2019Association\" \/>\n<meta property=\"og:description\" content=\"RG est \u00e0 la fois un livre de cr\u00e9ation et un essai, une bande dessin\u00e9e, un po\u00e8me et un livre d\u2019art. Un hommage \u00e0 l\u2019\u0153uvre de Herg\u00e9, un prolongement de cette \u0153uvre et un travail th\u00e9orique sur elle. Cinq propositions de relecture de l\u2019ensemble des aventures de Tintin (couleurs imprim\u00e9es, formes dessin\u00e9es, subtilit\u00e9s narratives, couleurs [&hellip;]\" \/>\n<meta property=\"og:url\" content=\"https:\/\/www.lassociation.fr\/en\/catalogue\/rg\/\" \/>\n<meta property=\"og:site_name\" content=\"L\u2019Association\" \/>\n<meta property=\"article:publisher\" content=\"https:\/\/www.facebook.com\/lhydrelasso\/\" \/>\n<meta property=\"article:modified_time\" content=\"2026-01-22T10:38:56+00:00\" \/>\n<meta property=\"og:image\" content=\"https:\/\/www.lassociation.fr\/backoffice\/wp-content\/uploads\/2019\/09\/3414.png\" \/>\n\t<meta property=\"og:image:width\" content=\"567\" \/>\n\t<meta property=\"og:image:height\" content=\"737\" \/>\n\t<meta property=\"og:image:type\" content=\"image\/png\" \/>\n<meta name=\"twitter:card\" content=\"summary_large_image\" \/>\n<meta name=\"twitter:site\" content=\"@lassociation\" \/>\n<script type=\"application\/ld+json\" class=\"yoast-schema-graph\">{\"@context\":\"https:\\\/\\\/schema.org\",\"@graph\":[{\"@type\":\"WebPage\",\"@id\":\"https:\\\/\\\/www.lassociation.fr\\\/en\\\/catalogue\\\/rg\\\/\",\"url\":\"https:\\\/\\\/www.lassociation.fr\\\/en\\\/catalogue\\\/rg\\\/\",\"name\":\"RG - L\u2019Association\",\"isPartOf\":{\"@id\":\"https:\\\/\\\/www.lassociation.fr\\\/en\\\/#website\"},\"primaryImageOfPage\":{\"@id\":\"https:\\\/\\\/www.lassociation.fr\\\/en\\\/catalogue\\\/rg\\\/#primaryimage\"},\"image\":{\"@id\":\"https:\\\/\\\/www.lassociation.fr\\\/en\\\/catalogue\\\/rg\\\/#primaryimage\"},\"thumbnailUrl\":\"https:\\\/\\\/www.lassociation.fr\\\/backoffice\\\/wp-content\\\/uploads\\\/2019\\\/09\\\/3414.png\",\"datePublished\":\"2016-05-31T22:00:00+00:00\",\"dateModified\":\"2026-01-22T10:38:56+00:00\",\"breadcrumb\":{\"@id\":\"https:\\\/\\\/www.lassociation.fr\\\/en\\\/catalogue\\\/rg\\\/#breadcrumb\"},\"inLanguage\":\"en-US\",\"potentialAction\":[{\"@type\":\"ReadAction\",\"target\":[\"https:\\\/\\\/www.lassociation.fr\\\/en\\\/catalogue\\\/rg\\\/\"]}]},{\"@type\":\"ImageObject\",\"inLanguage\":\"en-US\",\"@id\":\"https:\\\/\\\/www.lassociation.fr\\\/en\\\/catalogue\\\/rg\\\/#primaryimage\",\"url\":\"https:\\\/\\\/www.lassociation.fr\\\/backoffice\\\/wp-content\\\/uploads\\\/2019\\\/09\\\/3414.png\",\"contentUrl\":\"https:\\\/\\\/www.lassociation.fr\\\/backoffice\\\/wp-content\\\/uploads\\\/2019\\\/09\\\/3414.png\",\"width\":567,\"height\":737},{\"@type\":\"BreadcrumbList\",\"@id\":\"https:\\\/\\\/www.lassociation.fr\\\/en\\\/catalogue\\\/rg\\\/#breadcrumb\",\"itemListElement\":[{\"@type\":\"ListItem\",\"position\":1,\"name\":\"Accueil\",\"item\":\"https:\\\/\\\/www.lassociation.fr\\\/en\\\/\"},{\"@type\":\"ListItem\",\"position\":2,\"name\":\"Catalog\",\"item\":\"https:\\\/\\\/www.lassociation.fr\\\/en\\\/catalogue\\\/\"},{\"@type\":\"ListItem\",\"position\":3,\"name\":\"RG\"}]},{\"@type\":\"WebSite\",\"@id\":\"https:\\\/\\\/www.lassociation.fr\\\/en\\\/#website\",\"url\":\"https:\\\/\\\/www.lassociation.fr\\\/en\\\/\",\"name\":\"L\u2019Association\",\"description\":\"Maison d\u2019\u00e9dition fran\u00e7aise de bande dessin\u00e9e, fond\u00e9e en 1990.\",\"publisher\":{\"@id\":\"https:\\\/\\\/www.lassociation.fr\\\/en\\\/#organization\"},\"potentialAction\":[{\"@type\":\"SearchAction\",\"target\":{\"@type\":\"EntryPoint\",\"urlTemplate\":\"https:\\\/\\\/www.lassociation.fr\\\/en\\\/?s={search_term_string}\"},\"query-input\":{\"@type\":\"PropertyValueSpecification\",\"valueRequired\":true,\"valueName\":\"search_term_string\"}}],\"inLanguage\":\"en-US\"},{\"@type\":\"Organization\",\"@id\":\"https:\\\/\\\/www.lassociation.fr\\\/en\\\/#organization\",\"name\":\"L\u2019Association\",\"url\":\"https:\\\/\\\/www.lassociation.fr\\\/en\\\/\",\"logo\":{\"@type\":\"ImageObject\",\"inLanguage\":\"en-US\",\"@id\":\"https:\\\/\\\/www.lassociation.fr\\\/en\\\/#\\\/schema\\\/logo\\\/image\\\/\",\"url\":\"https:\\\/\\\/www.lassociation.fr\\\/backoffice\\\/wp-content\\\/uploads\\\/2019\\\/11\\\/asso_large.png\",\"contentUrl\":\"https:\\\/\\\/www.lassociation.fr\\\/backoffice\\\/wp-content\\\/uploads\\\/2019\\\/11\\\/asso_large.png\",\"width\":1200,\"height\":630,\"caption\":\"L\u2019Association\"},\"image\":{\"@id\":\"https:\\\/\\\/www.lassociation.fr\\\/en\\\/#\\\/schema\\\/logo\\\/image\\\/\"},\"sameAs\":[\"https:\\\/\\\/www.facebook.com\\\/lhydrelasso\\\/\",\"https:\\\/\\\/x.com\\\/lassociation\",\"https:\\\/\\\/www.instagram.com\\\/editions_lassociation\",\"https:\\\/\\\/fr.wikipedia.org\\\/wiki\\\/LAssociation\",\"https:\\\/\\\/www.youtube.com\\\/@editions_lassociation\"]}]}<\/script>","yoast_head_json":{"title":"RG - L\u2019Association","robots":{"index":"index","follow":"follow","max-snippet":"max-snippet:-1","max-image-preview":"max-image-preview:large","max-video-preview":"max-video-preview:-1"},"canonical":"https:\/\/www.lassociation.fr\/en\/catalogue\/rg\/","og_locale":"en_US","og_type":"article","og_title":"RG - L\u2019Association","og_description":"RG est \u00e0 la fois un livre de cr\u00e9ation et un essai, une bande dessin\u00e9e, un po\u00e8me et un livre d\u2019art. Un hommage \u00e0 l\u2019\u0153uvre de Herg\u00e9, un prolongement de cette \u0153uvre et un travail th\u00e9orique sur elle. Cinq propositions de relecture de l\u2019ensemble des aventures de Tintin (couleurs imprim\u00e9es, formes dessin\u00e9es, subtilit\u00e9s narratives, couleurs [&hellip;]","og_url":"https:\/\/www.lassociation.fr\/en\/catalogue\/rg\/","og_site_name":"L\u2019Association","article_publisher":"https:\/\/www.facebook.com\/lhydrelasso\/","article_modified_time":"2026-01-22T10:38:56+00:00","og_image":[{"width":567,"height":737,"url":"https:\/\/www.lassociation.fr\/backoffice\/wp-content\/uploads\/2019\/09\/3414.png","type":"image\/png"}],"twitter_card":"summary_large_image","twitter_site":"@lassociation","schema":{"@context":"https:\/\/schema.org","@graph":[{"@type":"WebPage","@id":"https:\/\/www.lassociation.fr\/en\/catalogue\/rg\/","url":"https:\/\/www.lassociation.fr\/en\/catalogue\/rg\/","name":"RG - L\u2019Association","isPartOf":{"@id":"https:\/\/www.lassociation.fr\/en\/#website"},"primaryImageOfPage":{"@id":"https:\/\/www.lassociation.fr\/en\/catalogue\/rg\/#primaryimage"},"image":{"@id":"https:\/\/www.lassociation.fr\/en\/catalogue\/rg\/#primaryimage"},"thumbnailUrl":"https:\/\/www.lassociation.fr\/backoffice\/wp-content\/uploads\/2019\/09\/3414.png","datePublished":"2016-05-31T22:00:00+00:00","dateModified":"2026-01-22T10:38:56+00:00","breadcrumb":{"@id":"https:\/\/www.lassociation.fr\/en\/catalogue\/rg\/#breadcrumb"},"inLanguage":"en-US","potentialAction":[{"@type":"ReadAction","target":["https:\/\/www.lassociation.fr\/en\/catalogue\/rg\/"]}]},{"@type":"ImageObject","inLanguage":"en-US","@id":"https:\/\/www.lassociation.fr\/en\/catalogue\/rg\/#primaryimage","url":"https:\/\/www.lassociation.fr\/backoffice\/wp-content\/uploads\/2019\/09\/3414.png","contentUrl":"https:\/\/www.lassociation.fr\/backoffice\/wp-content\/uploads\/2019\/09\/3414.png","width":567,"height":737},{"@type":"BreadcrumbList","@id":"https:\/\/www.lassociation.fr\/en\/catalogue\/rg\/#breadcrumb","itemListElement":[{"@type":"ListItem","position":1,"name":"Accueil","item":"https:\/\/www.lassociation.fr\/en\/"},{"@type":"ListItem","position":2,"name":"Catalog","item":"https:\/\/www.lassociation.fr\/en\/catalogue\/"},{"@type":"ListItem","position":3,"name":"RG"}]},{"@type":"WebSite","@id":"https:\/\/www.lassociation.fr\/en\/#website","url":"https:\/\/www.lassociation.fr\/en\/","name":"L\u2019Association","description":"Maison d\u2019\u00e9dition fran\u00e7aise de bande dessin\u00e9e, fond\u00e9e en 1990.","publisher":{"@id":"https:\/\/www.lassociation.fr\/en\/#organization"},"potentialAction":[{"@type":"SearchAction","target":{"@type":"EntryPoint","urlTemplate":"https:\/\/www.lassociation.fr\/en\/?s={search_term_string}"},"query-input":{"@type":"PropertyValueSpecification","valueRequired":true,"valueName":"search_term_string"}}],"inLanguage":"en-US"},{"@type":"Organization","@id":"https:\/\/www.lassociation.fr\/en\/#organization","name":"L\u2019Association","url":"https:\/\/www.lassociation.fr\/en\/","logo":{"@type":"ImageObject","inLanguage":"en-US","@id":"https:\/\/www.lassociation.fr\/en\/#\/schema\/logo\/image\/","url":"https:\/\/www.lassociation.fr\/backoffice\/wp-content\/uploads\/2019\/11\/asso_large.png","contentUrl":"https:\/\/www.lassociation.fr\/backoffice\/wp-content\/uploads\/2019\/11\/asso_large.png","width":1200,"height":630,"caption":"L\u2019Association"},"image":{"@id":"https:\/\/www.lassociation.fr\/en\/#\/schema\/logo\/image\/"},"sameAs":["https:\/\/www.facebook.com\/lhydrelasso\/","https:\/\/x.com\/lassociation","https:\/\/www.instagram.com\/editions_lassociation","https:\/\/fr.wikipedia.org\/wiki\/LAssociation","https:\/\/www.youtube.com\/@editions_lassociation"]}]}},"_links":{"self":[{"href":"https:\/\/www.lassociation.fr\/en\/wp-json\/wp\/v2\/product\/1596","targetHints":{"allow":["GET"]}}],"collection":[{"href":"https:\/\/www.lassociation.fr\/en\/wp-json\/wp\/v2\/product"}],"about":[{"href":"https:\/\/www.lassociation.fr\/en\/wp-json\/wp\/v2\/types\/product"}],"wp:featuredmedia":[{"embeddable":true,"href":"https:\/\/www.lassociation.fr\/en\/wp-json\/wp\/v2\/media\/2260"}],"wp:attachment":[{"href":"https:\/\/www.lassociation.fr\/en\/wp-json\/wp\/v2\/media?parent=1596"}],"wp:term":[{"taxonomy":"product_cat","embeddable":true,"href":"https:\/\/www.lassociation.fr\/en\/wp-json\/wp\/v2\/product_cat?post=1596"},{"taxonomy":"product_tag","embeddable":true,"href":"https:\/\/www.lassociation.fr\/en\/wp-json\/wp\/v2\/product_tag?post=1596"}],"curies":[{"name":"wp","href":"https:\/\/api.w.org\/{rel}","templated":true}]}}