{"id":1598,"date":"2016-05-01T00:00:00","date_gmt":"2016-04-30T22:00:00","guid":{"rendered":"https:\/\/www.lassociation.fr\/product\/highbone-theater\/"},"modified":"2026-03-14T01:06:48","modified_gmt":"2026-03-14T00:06:48","slug":"highbone-theater","status":"publish","type":"product","link":"https:\/\/www.lassociation.fr\/en\/catalogue\/highbone-theater\/","title":{"rendered":"Highbone Theater"},"content":{"rendered":"<p>Chasse aux requins, m\u00e2les dominants, beuveries, d\u00e9fonce, d\u00e9s\u0153uvrement et inertie, le chaos r\u00e8gne sur le monde. Jeune ouvrier dans une usine \u00e0 papier, \u00c9ric Palmer emm\u00e9nage en colocation avec Perry, un coureur de jupons d\u00e9sinvolte. Jusque-l\u00e0, il supportait les d\u00e9rives d\u00e9cadentes de ses amis, mais sa vie va prendre une tournure particuli\u00e8re lorsqu\u2019il sympathise avec un de ses coll\u00e8gues, un marginal d\u00e9nomm\u00e9 Billy Boy. Sous son influence, il plonge alors, t\u00eate baiss\u00e9e, dans un univers myst\u00e9rieux et sinistre o\u00f9 triomphe la sorcellerie. Face au complot ma\u00e7onnique, aux organisations souterraines, aux conspirations occultes, aux manipulations psychologiques et aux gnomes errants, notre h\u00e9ros n\u2019a d\u2019autres choix que de se lancer dans une qu\u00eate moraliste impossible pour sauver l\u2019humanit\u00e9. Pour cela, il s\u2019impose une discipline rigoureuse \u00e0 grands coups d\u2019introspection mystique, de gonflette et de r\u00e9gimes constitu\u00e9s uniquement de navets et d\u2019huile de poisson. Tant que l\u2019ordre des choses ne sera pas r\u00e9tabli, le n\u00e9ant dominera la terre. Mo\u00efse des temps modernes, Palmer apprendra \u00e0 ses d\u00e9pens que nul n\u2019est proph\u00e8te en son pays.<\/p>\n<p><em>Highbone Theater<\/em> raconte une saga \u00e9trange et hilarante imagin\u00e9e par Joe Daly, l\u2019auteur de la s\u00e9rie \u00ab Dungeon Quest \u00bb. On retrouve dans cette fable psych\u00e9d\u00e9lique de 580 pages le go\u00fbt du Sud-Africain pour les blagues d\u00e9biles, les personnages maladroits et les quiproquos vaudevillesques. Son style visuel troublant associ\u00e9 \u00e0 son \u00e9criture, qui entrem\u00eale \u00e0 outrance d\u00e9lires parano\u00efaques, r\u00e9f\u00e9rences bibliques et \u00e9sot\u00e9riques, \u00e9voque une s\u00e9rie B hallucin\u00e9e. Assur\u00e9ment, cette histoire aurait pu \u00eatre une com\u00e9die \u00ab stoners \u00bb, un genre cin\u00e9matographique populaire aux \u00c9tats-Unis, prenant pour sujet de jeunes consommateurs de cannabis \u00e0 qui il arrive de surprenantes p\u00e9rip\u00e9ties.<\/p>\n","protected":false},"excerpt":{"rendered":"<p>Chasse aux requins, m\u00e2les dominants, beuveries, d\u00e9fonce, d\u00e9s\u0153uvrement et inertie, le chaos r\u00e8gne sur le monde. Jeune ouvrier dans une usine \u00e0 papier, \u00c9ric Palmer emm\u00e9nage en colocation avec Perry, un coureur de jupons d\u00e9sinvolte. Jusque-l\u00e0, il supportait les d\u00e9rives d\u00e9cadentes de ses amis, mais sa vie va prendre une tournure particuli\u00e8re lorsqu\u2019il sympathise avec [&hellip;]<\/p>\n","protected":false},"featured_media":2262,"template":"","meta":{"_acf_changed":false},"product_cat":[48],"product_tag":[],"class_list":{"0":"post-1598","1":"product","2":"type-product","3":"status-publish","4":"has-post-thumbnail","6":"product_cat-hors-collection","7":"product_shipping_class-avec-signature","8":"member-discount","9":"discount-restricted","11":"first","12":"instock","13":"taxable","14":"shipping-taxable","15":"purchasable","16":"product-type-simple"},"acf":[],"yoast_head":"<title>Highbone Theater - L\u2019Association<\/title>\n<meta name=\"robots\" content=\"index, follow, max-snippet:-1, max-image-preview:large, max-video-preview:-1\" \/>\n<link rel=\"canonical\" href=\"https:\/\/www.lassociation.fr\/en\/catalogue\/highbone-theater\/\" \/>\n<meta property=\"og:locale\" content=\"en_US\" \/>\n<meta property=\"og:type\" content=\"article\" \/>\n<meta property=\"og:title\" content=\"Highbone Theater - L\u2019Association\" \/>\n<meta property=\"og:description\" content=\"Chasse aux requins, m\u00e2les dominants, beuveries, d\u00e9fonce, d\u00e9s\u0153uvrement et inertie, le chaos r\u00e8gne sur le monde. Jeune ouvrier dans une usine \u00e0 papier, \u00c9ric Palmer emm\u00e9nage en colocation avec Perry, un coureur de jupons d\u00e9sinvolte. Jusque-l\u00e0, il supportait les d\u00e9rives d\u00e9cadentes de ses amis, mais sa vie va prendre une tournure particuli\u00e8re lorsqu\u2019il sympathise avec [&hellip;]\" \/>\n<meta property=\"og:url\" content=\"https:\/\/www.lassociation.fr\/en\/catalogue\/highbone-theater\/\" \/>\n<meta property=\"og:site_name\" content=\"L\u2019Association\" \/>\n<meta property=\"article:publisher\" content=\"https:\/\/www.facebook.com\/lhydrelasso\/\" \/>\n<meta property=\"article:modified_time\" content=\"2026-03-14T00:06:48+00:00\" \/>\n<meta property=\"og:image\" content=\"https:\/\/www.lassociation.fr\/backoffice\/wp-content\/uploads\/2019\/09\/3304.png\" \/>\n\t<meta property=\"og:image:width\" content=\"422\" \/>\n\t<meta property=\"og:image:height\" content=\"510\" \/>\n\t<meta property=\"og:image:type\" content=\"image\/png\" \/>\n<meta name=\"twitter:card\" content=\"summary_large_image\" \/>\n<meta name=\"twitter:site\" content=\"@lassociation\" \/>\n<script type=\"application\/ld+json\" class=\"yoast-schema-graph\">{\"@context\":\"https:\\\/\\\/schema.org\",\"@graph\":[{\"@type\":\"WebPage\",\"@id\":\"https:\\\/\\\/www.lassociation.fr\\\/en\\\/catalogue\\\/highbone-theater\\\/\",\"url\":\"https:\\\/\\\/www.lassociation.fr\\\/en\\\/catalogue\\\/highbone-theater\\\/\",\"name\":\"Highbone Theater - L\u2019Association\",\"isPartOf\":{\"@id\":\"https:\\\/\\\/www.lassociation.fr\\\/en\\\/#website\"},\"primaryImageOfPage\":{\"@id\":\"https:\\\/\\\/www.lassociation.fr\\\/en\\\/catalogue\\\/highbone-theater\\\/#primaryimage\"},\"image\":{\"@id\":\"https:\\\/\\\/www.lassociation.fr\\\/en\\\/catalogue\\\/highbone-theater\\\/#primaryimage\"},\"thumbnailUrl\":\"https:\\\/\\\/www.lassociation.fr\\\/backoffice\\\/wp-content\\\/uploads\\\/2019\\\/09\\\/3304.png\",\"datePublished\":\"2016-04-30T22:00:00+00:00\",\"dateModified\":\"2026-03-14T00:06:48+00:00\",\"breadcrumb\":{\"@id\":\"https:\\\/\\\/www.lassociation.fr\\\/en\\\/catalogue\\\/highbone-theater\\\/#breadcrumb\"},\"inLanguage\":\"en-US\",\"potentialAction\":[{\"@type\":\"ReadAction\",\"target\":[\"https:\\\/\\\/www.lassociation.fr\\\/en\\\/catalogue\\\/highbone-theater\\\/\"]}]},{\"@type\":\"ImageObject\",\"inLanguage\":\"en-US\",\"@id\":\"https:\\\/\\\/www.lassociation.fr\\\/en\\\/catalogue\\\/highbone-theater\\\/#primaryimage\",\"url\":\"https:\\\/\\\/www.lassociation.fr\\\/backoffice\\\/wp-content\\\/uploads\\\/2019\\\/09\\\/3304.png\",\"contentUrl\":\"https:\\\/\\\/www.lassociation.fr\\\/backoffice\\\/wp-content\\\/uploads\\\/2019\\\/09\\\/3304.png\",\"width\":422,\"height\":510},{\"@type\":\"BreadcrumbList\",\"@id\":\"https:\\\/\\\/www.lassociation.fr\\\/en\\\/catalogue\\\/highbone-theater\\\/#breadcrumb\",\"itemListElement\":[{\"@type\":\"ListItem\",\"position\":1,\"name\":\"Accueil\",\"item\":\"https:\\\/\\\/www.lassociation.fr\\\/en\\\/\"},{\"@type\":\"ListItem\",\"position\":2,\"name\":\"Catalog\",\"item\":\"https:\\\/\\\/www.lassociation.fr\\\/en\\\/catalogue\\\/\"},{\"@type\":\"ListItem\",\"position\":3,\"name\":\"Highbone Theater\"}]},{\"@type\":\"WebSite\",\"@id\":\"https:\\\/\\\/www.lassociation.fr\\\/en\\\/#website\",\"url\":\"https:\\\/\\\/www.lassociation.fr\\\/en\\\/\",\"name\":\"L\u2019Association\",\"description\":\"Maison d\u2019\u00e9dition fran\u00e7aise de bande dessin\u00e9e, fond\u00e9e en 1990.\",\"publisher\":{\"@id\":\"https:\\\/\\\/www.lassociation.fr\\\/en\\\/#organization\"},\"potentialAction\":[{\"@type\":\"SearchAction\",\"target\":{\"@type\":\"EntryPoint\",\"urlTemplate\":\"https:\\\/\\\/www.lassociation.fr\\\/en\\\/?s={search_term_string}\"},\"query-input\":{\"@type\":\"PropertyValueSpecification\",\"valueRequired\":true,\"valueName\":\"search_term_string\"}}],\"inLanguage\":\"en-US\"},{\"@type\":\"Organization\",\"@id\":\"https:\\\/\\\/www.lassociation.fr\\\/en\\\/#organization\",\"name\":\"L\u2019Association\",\"url\":\"https:\\\/\\\/www.lassociation.fr\\\/en\\\/\",\"logo\":{\"@type\":\"ImageObject\",\"inLanguage\":\"en-US\",\"@id\":\"https:\\\/\\\/www.lassociation.fr\\\/en\\\/#\\\/schema\\\/logo\\\/image\\\/\",\"url\":\"https:\\\/\\\/www.lassociation.fr\\\/backoffice\\\/wp-content\\\/uploads\\\/2019\\\/11\\\/asso_large.png\",\"contentUrl\":\"https:\\\/\\\/www.lassociation.fr\\\/backoffice\\\/wp-content\\\/uploads\\\/2019\\\/11\\\/asso_large.png\",\"width\":1200,\"height\":630,\"caption\":\"L\u2019Association\"},\"image\":{\"@id\":\"https:\\\/\\\/www.lassociation.fr\\\/en\\\/#\\\/schema\\\/logo\\\/image\\\/\"},\"sameAs\":[\"https:\\\/\\\/www.facebook.com\\\/lhydrelasso\\\/\",\"https:\\\/\\\/x.com\\\/lassociation\",\"https:\\\/\\\/www.instagram.com\\\/editions_lassociation\",\"https:\\\/\\\/fr.wikipedia.org\\\/wiki\\\/LAssociation\",\"https:\\\/\\\/www.youtube.com\\\/@editions_lassociation\"]}]}<\/script>","yoast_head_json":{"title":"Highbone Theater - L\u2019Association","robots":{"index":"index","follow":"follow","max-snippet":"max-snippet:-1","max-image-preview":"max-image-preview:large","max-video-preview":"max-video-preview:-1"},"canonical":"https:\/\/www.lassociation.fr\/en\/catalogue\/highbone-theater\/","og_locale":"en_US","og_type":"article","og_title":"Highbone Theater - L\u2019Association","og_description":"Chasse aux requins, m\u00e2les dominants, beuveries, d\u00e9fonce, d\u00e9s\u0153uvrement et inertie, le chaos r\u00e8gne sur le monde. Jeune ouvrier dans une usine \u00e0 papier, \u00c9ric Palmer emm\u00e9nage en colocation avec Perry, un coureur de jupons d\u00e9sinvolte. Jusque-l\u00e0, il supportait les d\u00e9rives d\u00e9cadentes de ses amis, mais sa vie va prendre une tournure particuli\u00e8re lorsqu\u2019il sympathise avec [&hellip;]","og_url":"https:\/\/www.lassociation.fr\/en\/catalogue\/highbone-theater\/","og_site_name":"L\u2019Association","article_publisher":"https:\/\/www.facebook.com\/lhydrelasso\/","article_modified_time":"2026-03-14T00:06:48+00:00","og_image":[{"width":422,"height":510,"url":"https:\/\/www.lassociation.fr\/backoffice\/wp-content\/uploads\/2019\/09\/3304.png","type":"image\/png"}],"twitter_card":"summary_large_image","twitter_site":"@lassociation","schema":{"@context":"https:\/\/schema.org","@graph":[{"@type":"WebPage","@id":"https:\/\/www.lassociation.fr\/en\/catalogue\/highbone-theater\/","url":"https:\/\/www.lassociation.fr\/en\/catalogue\/highbone-theater\/","name":"Highbone Theater - L\u2019Association","isPartOf":{"@id":"https:\/\/www.lassociation.fr\/en\/#website"},"primaryImageOfPage":{"@id":"https:\/\/www.lassociation.fr\/en\/catalogue\/highbone-theater\/#primaryimage"},"image":{"@id":"https:\/\/www.lassociation.fr\/en\/catalogue\/highbone-theater\/#primaryimage"},"thumbnailUrl":"https:\/\/www.lassociation.fr\/backoffice\/wp-content\/uploads\/2019\/09\/3304.png","datePublished":"2016-04-30T22:00:00+00:00","dateModified":"2026-03-14T00:06:48+00:00","breadcrumb":{"@id":"https:\/\/www.lassociation.fr\/en\/catalogue\/highbone-theater\/#breadcrumb"},"inLanguage":"en-US","potentialAction":[{"@type":"ReadAction","target":["https:\/\/www.lassociation.fr\/en\/catalogue\/highbone-theater\/"]}]},{"@type":"ImageObject","inLanguage":"en-US","@id":"https:\/\/www.lassociation.fr\/en\/catalogue\/highbone-theater\/#primaryimage","url":"https:\/\/www.lassociation.fr\/backoffice\/wp-content\/uploads\/2019\/09\/3304.png","contentUrl":"https:\/\/www.lassociation.fr\/backoffice\/wp-content\/uploads\/2019\/09\/3304.png","width":422,"height":510},{"@type":"BreadcrumbList","@id":"https:\/\/www.lassociation.fr\/en\/catalogue\/highbone-theater\/#breadcrumb","itemListElement":[{"@type":"ListItem","position":1,"name":"Accueil","item":"https:\/\/www.lassociation.fr\/en\/"},{"@type":"ListItem","position":2,"name":"Catalog","item":"https:\/\/www.lassociation.fr\/en\/catalogue\/"},{"@type":"ListItem","position":3,"name":"Highbone Theater"}]},{"@type":"WebSite","@id":"https:\/\/www.lassociation.fr\/en\/#website","url":"https:\/\/www.lassociation.fr\/en\/","name":"L\u2019Association","description":"Maison d\u2019\u00e9dition fran\u00e7aise de bande dessin\u00e9e, fond\u00e9e en 1990.","publisher":{"@id":"https:\/\/www.lassociation.fr\/en\/#organization"},"potentialAction":[{"@type":"SearchAction","target":{"@type":"EntryPoint","urlTemplate":"https:\/\/www.lassociation.fr\/en\/?s={search_term_string}"},"query-input":{"@type":"PropertyValueSpecification","valueRequired":true,"valueName":"search_term_string"}}],"inLanguage":"en-US"},{"@type":"Organization","@id":"https:\/\/www.lassociation.fr\/en\/#organization","name":"L\u2019Association","url":"https:\/\/www.lassociation.fr\/en\/","logo":{"@type":"ImageObject","inLanguage":"en-US","@id":"https:\/\/www.lassociation.fr\/en\/#\/schema\/logo\/image\/","url":"https:\/\/www.lassociation.fr\/backoffice\/wp-content\/uploads\/2019\/11\/asso_large.png","contentUrl":"https:\/\/www.lassociation.fr\/backoffice\/wp-content\/uploads\/2019\/11\/asso_large.png","width":1200,"height":630,"caption":"L\u2019Association"},"image":{"@id":"https:\/\/www.lassociation.fr\/en\/#\/schema\/logo\/image\/"},"sameAs":["https:\/\/www.facebook.com\/lhydrelasso\/","https:\/\/x.com\/lassociation","https:\/\/www.instagram.com\/editions_lassociation","https:\/\/fr.wikipedia.org\/wiki\/LAssociation","https:\/\/www.youtube.com\/@editions_lassociation"]}]}},"_links":{"self":[{"href":"https:\/\/www.lassociation.fr\/en\/wp-json\/wp\/v2\/product\/1598","targetHints":{"allow":["GET"]}}],"collection":[{"href":"https:\/\/www.lassociation.fr\/en\/wp-json\/wp\/v2\/product"}],"about":[{"href":"https:\/\/www.lassociation.fr\/en\/wp-json\/wp\/v2\/types\/product"}],"wp:featuredmedia":[{"embeddable":true,"href":"https:\/\/www.lassociation.fr\/en\/wp-json\/wp\/v2\/media\/2262"}],"wp:attachment":[{"href":"https:\/\/www.lassociation.fr\/en\/wp-json\/wp\/v2\/media?parent=1598"}],"wp:term":[{"taxonomy":"product_cat","embeddable":true,"href":"https:\/\/www.lassociation.fr\/en\/wp-json\/wp\/v2\/product_cat?post=1598"},{"taxonomy":"product_tag","embeddable":true,"href":"https:\/\/www.lassociation.fr\/en\/wp-json\/wp\/v2\/product_tag?post=1598"}],"curies":[{"name":"wp","href":"https:\/\/api.w.org\/{rel}","templated":true}]}}