{"id":1601,"date":"2016-04-01T00:00:00","date_gmt":"2016-03-31T22:00:00","guid":{"rendered":"https:\/\/www.lassociation.fr\/product\/edmond-un-portrait-de-baudouin-eloge-de-limpuissance\/"},"modified":"2026-02-19T10:26:34","modified_gmt":"2026-02-19T09:26:34","slug":"edmond-un-portrait-de-baudouin-et-eloge-de-l-impuissance","status":"publish","type":"product","link":"https:\/\/www.lassociation.fr\/en\/catalogue\/edmond-un-portrait-de-baudouin-et-eloge-de-l-impuissance\/","title":{"rendered":"Edmond, un portrait de Baudouin &#038; \u00c9loge de l\u2019impuissance"},"content":{"rendered":"<p><span style=\"color: #000000;\">Dans le film\u00a0<em>Edmond, un portrait de Baudoin<\/em>, on retrouve Baudoin face \u00e0 ses r\u00e9flexions, ses r\u00eaveries de cr\u00e9ateur et son besoin de repr\u00e9senter la vie. Les discussions complices avec la documentariste Laetitia Carton le poussent \u00e0 exprimer son rapport passionnel au dessin, au r\u00e9el et aux hommes.<\/span><\/p>\n<p><span style=\"color: #000000;\">C\u2019est le portrait d\u2019un auteur atypique, d\u2019un personnage unique, libre, humble et attachant, dont l\u2019existence s\u2019enchev\u00eatre souvent avec ses r\u00e9cits. On le d\u00e9couvre ainsi po\u00e8te, peintre et philosophe.<\/span><\/p>\n<p><span style=\"color: #000000;\">Edmond demeure invariablement d\u2019une grande g\u00e9n\u00e9rosit\u00e9 et d\u2019une intense spontan\u00e9it\u00e9 aussi bien dans son \u00e9loquence que dans son art. Ce livre-DVD constitue un t\u00e9moignage fort qui le montre comme un cr\u00e9ateur permanent, \u00e0 sa table \u00e0 dessin comme dans sa vie de tous les jours. Le film peut tenir lieu de porte d\u2019entr\u00e9e dans son univers ou de document fascinant pour ses lecteurs de toujours.<\/span><\/p>\n<p><span style=\"color: #000000;\"><em>\u00c9loge de l\u2019impuissance<\/em> fait \u00e9cho \u00e0 ses \u0153uvres les plus personnelles comme <em>Le Portrait<\/em>, <em>Couma ac\u00f2<\/em> ou\u00a0<em>Le Chemin de Saint-Jean<\/em>, parues \u00e0 L\u2019Association. Il y d\u00e9fend son \u00ab impuissance de dire\u00a0\u00bb\u00a0 et la n\u00e9cessit\u00e9 d\u2019exprimer cette fragilit\u00e9 par le dessin. Dans la nature, dans les montagnes, pr\u00e8s de ses amis, de sa famille, les sources d\u2019inspiration sont in\u00e9puisables pour cet auteur qui se pensait \u00ab nul en tout sauf en dessin\u00a0\u00bb. Cette bande dessin\u00e9e, contrepoint essentiel et indissociable du film, pr\u00e9sente l\u2019artiste bouscul\u00e9 dans ses retranchements les plus intimes.<\/span><\/p>\n","protected":false},"excerpt":{"rendered":"<p>Dans le film\u00a0Edmond, un portrait de Baudoin, on retrouve Baudoin face \u00e0 ses r\u00e9flexions, ses r\u00eaveries de cr\u00e9ateur et son besoin de repr\u00e9senter la vie. Les discussions complices avec la documentariste Laetitia Carton le poussent \u00e0 exprimer son rapport passionnel au dessin, au r\u00e9el et aux hommes. C\u2019est le portrait d\u2019un auteur atypique, d\u2019un personnage [&hellip;]<\/p>\n","protected":false},"featured_media":2265,"template":"","meta":{"_acf_changed":false},"product_cat":[48],"product_tag":[],"class_list":{"0":"post-1601","1":"product","2":"type-product","3":"status-publish","4":"has-post-thumbnail","6":"product_cat-hors-collection","7":"member-discount","8":"discount-restricted","10":"first","11":"instock","12":"taxable","13":"shipping-taxable","14":"purchasable","15":"product-type-simple"},"acf":[],"yoast_head":"<title>Edmond, un portrait de Baudouin &amp; \u00c9loge de l\u2019impuissance - L\u2019Association<\/title>\n<meta name=\"robots\" content=\"index, follow, max-snippet:-1, max-image-preview:large, max-video-preview:-1\" \/>\n<link rel=\"canonical\" href=\"https:\/\/www.lassociation.fr\/en\/catalogue\/edmond-un-portrait-de-baudouin-et-eloge-de-l-impuissance\/\" \/>\n<meta property=\"og:locale\" content=\"en_US\" \/>\n<meta property=\"og:type\" content=\"article\" \/>\n<meta property=\"og:title\" content=\"Edmond, un portrait de Baudouin &amp; \u00c9loge de l\u2019impuissance - L\u2019Association\" \/>\n<meta property=\"og:description\" content=\"Dans le film\u00a0Edmond, un portrait de Baudoin, on retrouve Baudoin face \u00e0 ses r\u00e9flexions, ses r\u00eaveries de cr\u00e9ateur et son besoin de repr\u00e9senter la vie. Les discussions complices avec la documentariste Laetitia Carton le poussent \u00e0 exprimer son rapport passionnel au dessin, au r\u00e9el et aux hommes. C\u2019est le portrait d\u2019un auteur atypique, d\u2019un personnage [&hellip;]\" \/>\n<meta property=\"og:url\" content=\"https:\/\/www.lassociation.fr\/en\/catalogue\/edmond-un-portrait-de-baudouin-et-eloge-de-l-impuissance\/\" \/>\n<meta property=\"og:site_name\" content=\"L\u2019Association\" \/>\n<meta property=\"article:publisher\" content=\"https:\/\/www.facebook.com\/lhydrelasso\/\" \/>\n<meta property=\"article:modified_time\" content=\"2026-02-19T09:26:34+00:00\" \/>\n<meta property=\"og:image\" content=\"https:\/\/www.lassociation.fr\/backoffice\/wp-content\/uploads\/2019\/09\/3308.png\" \/>\n\t<meta property=\"og:image:width\" content=\"488\" \/>\n\t<meta property=\"og:image:height\" content=\"706\" \/>\n\t<meta property=\"og:image:type\" content=\"image\/png\" \/>\n<meta name=\"twitter:card\" content=\"summary_large_image\" \/>\n<meta name=\"twitter:site\" content=\"@lassociation\" \/>\n<script type=\"application\/ld+json\" class=\"yoast-schema-graph\">{\"@context\":\"https:\\\/\\\/schema.org\",\"@graph\":[{\"@type\":\"WebPage\",\"@id\":\"https:\\\/\\\/www.lassociation.fr\\\/en\\\/catalogue\\\/edmond-un-portrait-de-baudouin-et-eloge-de-l-impuissance\\\/\",\"url\":\"https:\\\/\\\/www.lassociation.fr\\\/en\\\/catalogue\\\/edmond-un-portrait-de-baudouin-et-eloge-de-l-impuissance\\\/\",\"name\":\"Edmond, un portrait de Baudouin & \u00c9loge de l\u2019impuissance - L\u2019Association\",\"isPartOf\":{\"@id\":\"https:\\\/\\\/www.lassociation.fr\\\/en\\\/#website\"},\"primaryImageOfPage\":{\"@id\":\"https:\\\/\\\/www.lassociation.fr\\\/en\\\/catalogue\\\/edmond-un-portrait-de-baudouin-et-eloge-de-l-impuissance\\\/#primaryimage\"},\"image\":{\"@id\":\"https:\\\/\\\/www.lassociation.fr\\\/en\\\/catalogue\\\/edmond-un-portrait-de-baudouin-et-eloge-de-l-impuissance\\\/#primaryimage\"},\"thumbnailUrl\":\"https:\\\/\\\/www.lassociation.fr\\\/backoffice\\\/wp-content\\\/uploads\\\/2019\\\/09\\\/3308.png\",\"datePublished\":\"2016-03-31T22:00:00+00:00\",\"dateModified\":\"2026-02-19T09:26:34+00:00\",\"breadcrumb\":{\"@id\":\"https:\\\/\\\/www.lassociation.fr\\\/en\\\/catalogue\\\/edmond-un-portrait-de-baudouin-et-eloge-de-l-impuissance\\\/#breadcrumb\"},\"inLanguage\":\"en-US\",\"potentialAction\":[{\"@type\":\"ReadAction\",\"target\":[\"https:\\\/\\\/www.lassociation.fr\\\/en\\\/catalogue\\\/edmond-un-portrait-de-baudouin-et-eloge-de-l-impuissance\\\/\"]}]},{\"@type\":\"ImageObject\",\"inLanguage\":\"en-US\",\"@id\":\"https:\\\/\\\/www.lassociation.fr\\\/en\\\/catalogue\\\/edmond-un-portrait-de-baudouin-et-eloge-de-l-impuissance\\\/#primaryimage\",\"url\":\"https:\\\/\\\/www.lassociation.fr\\\/backoffice\\\/wp-content\\\/uploads\\\/2019\\\/09\\\/3308.png\",\"contentUrl\":\"https:\\\/\\\/www.lassociation.fr\\\/backoffice\\\/wp-content\\\/uploads\\\/2019\\\/09\\\/3308.png\",\"width\":488,\"height\":706},{\"@type\":\"BreadcrumbList\",\"@id\":\"https:\\\/\\\/www.lassociation.fr\\\/en\\\/catalogue\\\/edmond-un-portrait-de-baudouin-et-eloge-de-l-impuissance\\\/#breadcrumb\",\"itemListElement\":[{\"@type\":\"ListItem\",\"position\":1,\"name\":\"Accueil\",\"item\":\"https:\\\/\\\/www.lassociation.fr\\\/en\\\/\"},{\"@type\":\"ListItem\",\"position\":2,\"name\":\"Catalog\",\"item\":\"https:\\\/\\\/www.lassociation.fr\\\/en\\\/catalogue\\\/\"},{\"@type\":\"ListItem\",\"position\":3,\"name\":\"Edmond, un portrait de Baudouin &#038; \u00c9loge de l\u2019impuissance\"}]},{\"@type\":\"WebSite\",\"@id\":\"https:\\\/\\\/www.lassociation.fr\\\/en\\\/#website\",\"url\":\"https:\\\/\\\/www.lassociation.fr\\\/en\\\/\",\"name\":\"L\u2019Association\",\"description\":\"Maison d\u2019\u00e9dition fran\u00e7aise de bande dessin\u00e9e, fond\u00e9e en 1990.\",\"publisher\":{\"@id\":\"https:\\\/\\\/www.lassociation.fr\\\/en\\\/#organization\"},\"potentialAction\":[{\"@type\":\"SearchAction\",\"target\":{\"@type\":\"EntryPoint\",\"urlTemplate\":\"https:\\\/\\\/www.lassociation.fr\\\/en\\\/?s={search_term_string}\"},\"query-input\":{\"@type\":\"PropertyValueSpecification\",\"valueRequired\":true,\"valueName\":\"search_term_string\"}}],\"inLanguage\":\"en-US\"},{\"@type\":\"Organization\",\"@id\":\"https:\\\/\\\/www.lassociation.fr\\\/en\\\/#organization\",\"name\":\"L\u2019Association\",\"url\":\"https:\\\/\\\/www.lassociation.fr\\\/en\\\/\",\"logo\":{\"@type\":\"ImageObject\",\"inLanguage\":\"en-US\",\"@id\":\"https:\\\/\\\/www.lassociation.fr\\\/en\\\/#\\\/schema\\\/logo\\\/image\\\/\",\"url\":\"https:\\\/\\\/www.lassociation.fr\\\/backoffice\\\/wp-content\\\/uploads\\\/2019\\\/11\\\/asso_large.png\",\"contentUrl\":\"https:\\\/\\\/www.lassociation.fr\\\/backoffice\\\/wp-content\\\/uploads\\\/2019\\\/11\\\/asso_large.png\",\"width\":1200,\"height\":630,\"caption\":\"L\u2019Association\"},\"image\":{\"@id\":\"https:\\\/\\\/www.lassociation.fr\\\/en\\\/#\\\/schema\\\/logo\\\/image\\\/\"},\"sameAs\":[\"https:\\\/\\\/www.facebook.com\\\/lhydrelasso\\\/\",\"https:\\\/\\\/x.com\\\/lassociation\",\"https:\\\/\\\/www.instagram.com\\\/editions_lassociation\",\"https:\\\/\\\/fr.wikipedia.org\\\/wiki\\\/LAssociation\",\"https:\\\/\\\/www.youtube.com\\\/@editions_lassociation\"]}]}<\/script>","yoast_head_json":{"title":"Edmond, un portrait de Baudouin & \u00c9loge de l\u2019impuissance - L\u2019Association","robots":{"index":"index","follow":"follow","max-snippet":"max-snippet:-1","max-image-preview":"max-image-preview:large","max-video-preview":"max-video-preview:-1"},"canonical":"https:\/\/www.lassociation.fr\/en\/catalogue\/edmond-un-portrait-de-baudouin-et-eloge-de-l-impuissance\/","og_locale":"en_US","og_type":"article","og_title":"Edmond, un portrait de Baudouin & \u00c9loge de l\u2019impuissance - L\u2019Association","og_description":"Dans le film\u00a0Edmond, un portrait de Baudoin, on retrouve Baudoin face \u00e0 ses r\u00e9flexions, ses r\u00eaveries de cr\u00e9ateur et son besoin de repr\u00e9senter la vie. Les discussions complices avec la documentariste Laetitia Carton le poussent \u00e0 exprimer son rapport passionnel au dessin, au r\u00e9el et aux hommes. C\u2019est le portrait d\u2019un auteur atypique, d\u2019un personnage [&hellip;]","og_url":"https:\/\/www.lassociation.fr\/en\/catalogue\/edmond-un-portrait-de-baudouin-et-eloge-de-l-impuissance\/","og_site_name":"L\u2019Association","article_publisher":"https:\/\/www.facebook.com\/lhydrelasso\/","article_modified_time":"2026-02-19T09:26:34+00:00","og_image":[{"width":488,"height":706,"url":"https:\/\/www.lassociation.fr\/backoffice\/wp-content\/uploads\/2019\/09\/3308.png","type":"image\/png"}],"twitter_card":"summary_large_image","twitter_site":"@lassociation","schema":{"@context":"https:\/\/schema.org","@graph":[{"@type":"WebPage","@id":"https:\/\/www.lassociation.fr\/en\/catalogue\/edmond-un-portrait-de-baudouin-et-eloge-de-l-impuissance\/","url":"https:\/\/www.lassociation.fr\/en\/catalogue\/edmond-un-portrait-de-baudouin-et-eloge-de-l-impuissance\/","name":"Edmond, un portrait de Baudouin & \u00c9loge de l\u2019impuissance - L\u2019Association","isPartOf":{"@id":"https:\/\/www.lassociation.fr\/en\/#website"},"primaryImageOfPage":{"@id":"https:\/\/www.lassociation.fr\/en\/catalogue\/edmond-un-portrait-de-baudouin-et-eloge-de-l-impuissance\/#primaryimage"},"image":{"@id":"https:\/\/www.lassociation.fr\/en\/catalogue\/edmond-un-portrait-de-baudouin-et-eloge-de-l-impuissance\/#primaryimage"},"thumbnailUrl":"https:\/\/www.lassociation.fr\/backoffice\/wp-content\/uploads\/2019\/09\/3308.png","datePublished":"2016-03-31T22:00:00+00:00","dateModified":"2026-02-19T09:26:34+00:00","breadcrumb":{"@id":"https:\/\/www.lassociation.fr\/en\/catalogue\/edmond-un-portrait-de-baudouin-et-eloge-de-l-impuissance\/#breadcrumb"},"inLanguage":"en-US","potentialAction":[{"@type":"ReadAction","target":["https:\/\/www.lassociation.fr\/en\/catalogue\/edmond-un-portrait-de-baudouin-et-eloge-de-l-impuissance\/"]}]},{"@type":"ImageObject","inLanguage":"en-US","@id":"https:\/\/www.lassociation.fr\/en\/catalogue\/edmond-un-portrait-de-baudouin-et-eloge-de-l-impuissance\/#primaryimage","url":"https:\/\/www.lassociation.fr\/backoffice\/wp-content\/uploads\/2019\/09\/3308.png","contentUrl":"https:\/\/www.lassociation.fr\/backoffice\/wp-content\/uploads\/2019\/09\/3308.png","width":488,"height":706},{"@type":"BreadcrumbList","@id":"https:\/\/www.lassociation.fr\/en\/catalogue\/edmond-un-portrait-de-baudouin-et-eloge-de-l-impuissance\/#breadcrumb","itemListElement":[{"@type":"ListItem","position":1,"name":"Accueil","item":"https:\/\/www.lassociation.fr\/en\/"},{"@type":"ListItem","position":2,"name":"Catalog","item":"https:\/\/www.lassociation.fr\/en\/catalogue\/"},{"@type":"ListItem","position":3,"name":"Edmond, un portrait de Baudouin &#038; \u00c9loge de l\u2019impuissance"}]},{"@type":"WebSite","@id":"https:\/\/www.lassociation.fr\/en\/#website","url":"https:\/\/www.lassociation.fr\/en\/","name":"L\u2019Association","description":"Maison d\u2019\u00e9dition fran\u00e7aise de bande dessin\u00e9e, fond\u00e9e en 1990.","publisher":{"@id":"https:\/\/www.lassociation.fr\/en\/#organization"},"potentialAction":[{"@type":"SearchAction","target":{"@type":"EntryPoint","urlTemplate":"https:\/\/www.lassociation.fr\/en\/?s={search_term_string}"},"query-input":{"@type":"PropertyValueSpecification","valueRequired":true,"valueName":"search_term_string"}}],"inLanguage":"en-US"},{"@type":"Organization","@id":"https:\/\/www.lassociation.fr\/en\/#organization","name":"L\u2019Association","url":"https:\/\/www.lassociation.fr\/en\/","logo":{"@type":"ImageObject","inLanguage":"en-US","@id":"https:\/\/www.lassociation.fr\/en\/#\/schema\/logo\/image\/","url":"https:\/\/www.lassociation.fr\/backoffice\/wp-content\/uploads\/2019\/11\/asso_large.png","contentUrl":"https:\/\/www.lassociation.fr\/backoffice\/wp-content\/uploads\/2019\/11\/asso_large.png","width":1200,"height":630,"caption":"L\u2019Association"},"image":{"@id":"https:\/\/www.lassociation.fr\/en\/#\/schema\/logo\/image\/"},"sameAs":["https:\/\/www.facebook.com\/lhydrelasso\/","https:\/\/x.com\/lassociation","https:\/\/www.instagram.com\/editions_lassociation","https:\/\/fr.wikipedia.org\/wiki\/LAssociation","https:\/\/www.youtube.com\/@editions_lassociation"]}]}},"_links":{"self":[{"href":"https:\/\/www.lassociation.fr\/en\/wp-json\/wp\/v2\/product\/1601","targetHints":{"allow":["GET"]}}],"collection":[{"href":"https:\/\/www.lassociation.fr\/en\/wp-json\/wp\/v2\/product"}],"about":[{"href":"https:\/\/www.lassociation.fr\/en\/wp-json\/wp\/v2\/types\/product"}],"wp:featuredmedia":[{"embeddable":true,"href":"https:\/\/www.lassociation.fr\/en\/wp-json\/wp\/v2\/media\/2265"}],"wp:attachment":[{"href":"https:\/\/www.lassociation.fr\/en\/wp-json\/wp\/v2\/media?parent=1601"}],"wp:term":[{"taxonomy":"product_cat","embeddable":true,"href":"https:\/\/www.lassociation.fr\/en\/wp-json\/wp\/v2\/product_cat?post=1601"},{"taxonomy":"product_tag","embeddable":true,"href":"https:\/\/www.lassociation.fr\/en\/wp-json\/wp\/v2\/product_tag?post=1601"}],"curies":[{"name":"wp","href":"https:\/\/api.w.org\/{rel}","templated":true}]}}