{"id":1604,"date":"2016-02-01T00:00:00","date_gmt":"2016-01-31T23:00:00","guid":{"rendered":"https:\/\/www.lassociation.fr\/product\/borgne-gauchet-le-ned\/"},"modified":"2026-02-15T18:56:58","modified_gmt":"2026-02-15T17:56:58","slug":"le-borgne-gauchet-nouvelle-edition","status":"publish","type":"product","link":"https:\/\/www.lassociation.fr\/en\/catalogue\/le-borgne-gauchet-nouvelle-edition\/","title":{"rendered":"Borgne Gauchet (Le) &#8211; *\u00e9dition 2016*"},"content":{"rendered":"<p>En ce temps-l\u00e0, Joann Sfar \u00e9tait plus jeune, il faisait encore ses premi\u00e8res armes : des capes et des \u00e9p\u00e9es et se faisait les dents sur&#8230; tout. D\u00e9j\u00e0. Sa fringale ne connaissait pas de bornes et n\u2019a jamais \u00e9t\u00e9 rassasi\u00e9e depuis.<\/p>\n<p>\u00c0 (re)lire cet album \u00e9dit\u00e9 pour la premi\u00e8re fois en 1995, outre le pur plaisir de lecture que Sfar a su nous communiquer par le pur plaisir de cr\u00e9ation qu\u2019il a de toute \u00e9vidence \u00e9prouv\u00e9 \u00e0 le faire, on est fascin\u00e9 de voir la naissance d\u2019un univers qui ira en se ramifiant, en se d\u00e9veloppant pour atteindre l\u2019\u00e9tendue que l\u2019on sait aujourd\u2019hui.<\/p>\n<p>Tout n\u2019y est pas d\u00e9j\u00e0, non, l\u2019univers de Sfar est trop grand pour entrer tout entier dans les limites d\u2019un seul livre, mais comme tout livre de Sfar, l\u2019histoire qui se raconte, comme d\u2019elle-m\u00eame, toute seule comme une grande, plante les germes d\u2019autres univers, d\u2019autres histoires, concomitantes ou \u00e0 venir, \u00e9voque d\u2019autres personnages, d\u2019autres vies. Joann Sfar est, lui, d\u00e9j\u00e0 l\u00e0 tout entier, en revanche. Tout son enthousiasme, sa libert\u00e9, sa faconde.<\/p>\n<p>Dans les aventures picaresques du <em>Borgne Gauchet<\/em>, mousquetaire plus Depardieu que D\u2019Artagnan, plus Portos que Cyrano, brute lettr\u00e9e, bretteur hors pair qui baise \u00e0 couilles rabattues la reine de Saba, t\u00e8te des monstres, ferraille contre des spectres, le r\u00e9cit est d\u00e9brid\u00e9. Pas de limites \u00e0 l\u2019imagination, pas de bornes \u00e0 la libert\u00e9.<\/p>\n<p>Des capes, donc, des \u00e9p\u00e9es, bien s\u00fbr et toute une quincaillerie baroque de monstres, de fant\u00f4mes, de pirates, de cr\u00e9atures lascives, infernales, mortes, des histoires dans l\u2019histoire&#8230; Et m\u00eame un chat. D\u00e9j\u00e0.<\/p>\n","protected":false},"excerpt":{"rendered":"<p>En ce temps-l\u00e0, Joann Sfar \u00e9tait plus jeune, il faisait encore ses premi\u00e8res armes : des capes et des \u00e9p\u00e9es et se faisait les dents sur&#8230; tout. D\u00e9j\u00e0. Sa fringale ne connaissait pas de bornes et n\u2019a jamais \u00e9t\u00e9 rassasi\u00e9e depuis. \u00c0 (re)lire cet album \u00e9dit\u00e9 pour la premi\u00e8re fois en 1995, outre le pur [&hellip;]<\/p>\n","protected":false},"featured_media":2268,"template":"","meta":{"_acf_changed":false},"product_cat":[41],"product_tag":[],"class_list":{"0":"post-1604","1":"product","2":"type-product","3":"status-publish","4":"has-post-thumbnail","6":"product_cat-ciboulette","7":"member-discount","8":"discount-restricted","10":"first","11":"instock","12":"taxable","13":"shipping-taxable","14":"purchasable","15":"product-type-simple"},"acf":[],"yoast_head":"<title>Borgne Gauchet (Le) - *\u00e9dition 2016* - L\u2019Association<\/title>\n<meta name=\"robots\" content=\"index, follow, max-snippet:-1, max-image-preview:large, max-video-preview:-1\" \/>\n<link rel=\"canonical\" href=\"https:\/\/www.lassociation.fr\/en\/catalogue\/le-borgne-gauchet-nouvelle-edition\/\" \/>\n<meta property=\"og:locale\" content=\"en_US\" \/>\n<meta property=\"og:type\" content=\"article\" \/>\n<meta property=\"og:title\" content=\"Borgne Gauchet (Le) - *\u00e9dition 2016* - L\u2019Association\" \/>\n<meta property=\"og:description\" content=\"En ce temps-l\u00e0, Joann Sfar \u00e9tait plus jeune, il faisait encore ses premi\u00e8res armes : des capes et des \u00e9p\u00e9es et se faisait les dents sur&#8230; tout. D\u00e9j\u00e0. Sa fringale ne connaissait pas de bornes et n\u2019a jamais \u00e9t\u00e9 rassasi\u00e9e depuis. \u00c0 (re)lire cet album \u00e9dit\u00e9 pour la premi\u00e8re fois en 1995, outre le pur [&hellip;]\" \/>\n<meta property=\"og:url\" content=\"https:\/\/www.lassociation.fr\/en\/catalogue\/le-borgne-gauchet-nouvelle-edition\/\" \/>\n<meta property=\"og:site_name\" content=\"L\u2019Association\" \/>\n<meta property=\"article:publisher\" content=\"https:\/\/www.facebook.com\/lhydrelasso\/\" \/>\n<meta property=\"article:modified_time\" content=\"2026-02-15T17:56:58+00:00\" \/>\n<meta property=\"og:image\" content=\"https:\/\/www.lassociation.fr\/backoffice\/wp-content\/uploads\/2019\/09\/3293.png\" \/>\n\t<meta property=\"og:image:width\" content=\"468\" \/>\n\t<meta property=\"og:image:height\" content=\"694\" \/>\n\t<meta property=\"og:image:type\" content=\"image\/png\" \/>\n<meta name=\"twitter:card\" content=\"summary_large_image\" \/>\n<meta name=\"twitter:site\" content=\"@lassociation\" \/>\n<script type=\"application\/ld+json\" class=\"yoast-schema-graph\">{\"@context\":\"https:\\\/\\\/schema.org\",\"@graph\":[{\"@type\":\"WebPage\",\"@id\":\"https:\\\/\\\/www.lassociation.fr\\\/en\\\/catalogue\\\/le-borgne-gauchet-nouvelle-edition\\\/\",\"url\":\"https:\\\/\\\/www.lassociation.fr\\\/en\\\/catalogue\\\/le-borgne-gauchet-nouvelle-edition\\\/\",\"name\":\"Borgne Gauchet (Le) - *\u00e9dition 2016* - L\u2019Association\",\"isPartOf\":{\"@id\":\"https:\\\/\\\/www.lassociation.fr\\\/en\\\/#website\"},\"primaryImageOfPage\":{\"@id\":\"https:\\\/\\\/www.lassociation.fr\\\/en\\\/catalogue\\\/le-borgne-gauchet-nouvelle-edition\\\/#primaryimage\"},\"image\":{\"@id\":\"https:\\\/\\\/www.lassociation.fr\\\/en\\\/catalogue\\\/le-borgne-gauchet-nouvelle-edition\\\/#primaryimage\"},\"thumbnailUrl\":\"https:\\\/\\\/www.lassociation.fr\\\/backoffice\\\/wp-content\\\/uploads\\\/2019\\\/09\\\/3293.png\",\"datePublished\":\"2016-01-31T23:00:00+00:00\",\"dateModified\":\"2026-02-15T17:56:58+00:00\",\"breadcrumb\":{\"@id\":\"https:\\\/\\\/www.lassociation.fr\\\/en\\\/catalogue\\\/le-borgne-gauchet-nouvelle-edition\\\/#breadcrumb\"},\"inLanguage\":\"en-US\",\"potentialAction\":[{\"@type\":\"ReadAction\",\"target\":[\"https:\\\/\\\/www.lassociation.fr\\\/en\\\/catalogue\\\/le-borgne-gauchet-nouvelle-edition\\\/\"]}]},{\"@type\":\"ImageObject\",\"inLanguage\":\"en-US\",\"@id\":\"https:\\\/\\\/www.lassociation.fr\\\/en\\\/catalogue\\\/le-borgne-gauchet-nouvelle-edition\\\/#primaryimage\",\"url\":\"https:\\\/\\\/www.lassociation.fr\\\/backoffice\\\/wp-content\\\/uploads\\\/2019\\\/09\\\/3293.png\",\"contentUrl\":\"https:\\\/\\\/www.lassociation.fr\\\/backoffice\\\/wp-content\\\/uploads\\\/2019\\\/09\\\/3293.png\",\"width\":468,\"height\":694},{\"@type\":\"BreadcrumbList\",\"@id\":\"https:\\\/\\\/www.lassociation.fr\\\/en\\\/catalogue\\\/le-borgne-gauchet-nouvelle-edition\\\/#breadcrumb\",\"itemListElement\":[{\"@type\":\"ListItem\",\"position\":1,\"name\":\"Accueil\",\"item\":\"https:\\\/\\\/www.lassociation.fr\\\/en\\\/\"},{\"@type\":\"ListItem\",\"position\":2,\"name\":\"Catalog\",\"item\":\"https:\\\/\\\/www.lassociation.fr\\\/en\\\/catalogue\\\/\"},{\"@type\":\"ListItem\",\"position\":3,\"name\":\"Borgne Gauchet (Le) &#8211; *\u00e9dition 2016*\"}]},{\"@type\":\"WebSite\",\"@id\":\"https:\\\/\\\/www.lassociation.fr\\\/en\\\/#website\",\"url\":\"https:\\\/\\\/www.lassociation.fr\\\/en\\\/\",\"name\":\"L\u2019Association\",\"description\":\"Maison d\u2019\u00e9dition fran\u00e7aise de bande dessin\u00e9e, fond\u00e9e en 1990.\",\"publisher\":{\"@id\":\"https:\\\/\\\/www.lassociation.fr\\\/en\\\/#organization\"},\"potentialAction\":[{\"@type\":\"SearchAction\",\"target\":{\"@type\":\"EntryPoint\",\"urlTemplate\":\"https:\\\/\\\/www.lassociation.fr\\\/en\\\/?s={search_term_string}\"},\"query-input\":{\"@type\":\"PropertyValueSpecification\",\"valueRequired\":true,\"valueName\":\"search_term_string\"}}],\"inLanguage\":\"en-US\"},{\"@type\":\"Organization\",\"@id\":\"https:\\\/\\\/www.lassociation.fr\\\/en\\\/#organization\",\"name\":\"L\u2019Association\",\"url\":\"https:\\\/\\\/www.lassociation.fr\\\/en\\\/\",\"logo\":{\"@type\":\"ImageObject\",\"inLanguage\":\"en-US\",\"@id\":\"https:\\\/\\\/www.lassociation.fr\\\/en\\\/#\\\/schema\\\/logo\\\/image\\\/\",\"url\":\"https:\\\/\\\/www.lassociation.fr\\\/backoffice\\\/wp-content\\\/uploads\\\/2019\\\/11\\\/asso_large.png\",\"contentUrl\":\"https:\\\/\\\/www.lassociation.fr\\\/backoffice\\\/wp-content\\\/uploads\\\/2019\\\/11\\\/asso_large.png\",\"width\":1200,\"height\":630,\"caption\":\"L\u2019Association\"},\"image\":{\"@id\":\"https:\\\/\\\/www.lassociation.fr\\\/en\\\/#\\\/schema\\\/logo\\\/image\\\/\"},\"sameAs\":[\"https:\\\/\\\/www.facebook.com\\\/lhydrelasso\\\/\",\"https:\\\/\\\/x.com\\\/lassociation\",\"https:\\\/\\\/www.instagram.com\\\/editions_lassociation\",\"https:\\\/\\\/fr.wikipedia.org\\\/wiki\\\/LAssociation\",\"https:\\\/\\\/www.youtube.com\\\/@editions_lassociation\"]}]}<\/script>","yoast_head_json":{"title":"Borgne Gauchet (Le) - *\u00e9dition 2016* - L\u2019Association","robots":{"index":"index","follow":"follow","max-snippet":"max-snippet:-1","max-image-preview":"max-image-preview:large","max-video-preview":"max-video-preview:-1"},"canonical":"https:\/\/www.lassociation.fr\/en\/catalogue\/le-borgne-gauchet-nouvelle-edition\/","og_locale":"en_US","og_type":"article","og_title":"Borgne Gauchet (Le) - *\u00e9dition 2016* - L\u2019Association","og_description":"En ce temps-l\u00e0, Joann Sfar \u00e9tait plus jeune, il faisait encore ses premi\u00e8res armes : des capes et des \u00e9p\u00e9es et se faisait les dents sur&#8230; tout. D\u00e9j\u00e0. Sa fringale ne connaissait pas de bornes et n\u2019a jamais \u00e9t\u00e9 rassasi\u00e9e depuis. \u00c0 (re)lire cet album \u00e9dit\u00e9 pour la premi\u00e8re fois en 1995, outre le pur [&hellip;]","og_url":"https:\/\/www.lassociation.fr\/en\/catalogue\/le-borgne-gauchet-nouvelle-edition\/","og_site_name":"L\u2019Association","article_publisher":"https:\/\/www.facebook.com\/lhydrelasso\/","article_modified_time":"2026-02-15T17:56:58+00:00","og_image":[{"width":468,"height":694,"url":"https:\/\/www.lassociation.fr\/backoffice\/wp-content\/uploads\/2019\/09\/3293.png","type":"image\/png"}],"twitter_card":"summary_large_image","twitter_site":"@lassociation","schema":{"@context":"https:\/\/schema.org","@graph":[{"@type":"WebPage","@id":"https:\/\/www.lassociation.fr\/en\/catalogue\/le-borgne-gauchet-nouvelle-edition\/","url":"https:\/\/www.lassociation.fr\/en\/catalogue\/le-borgne-gauchet-nouvelle-edition\/","name":"Borgne Gauchet (Le) - *\u00e9dition 2016* - L\u2019Association","isPartOf":{"@id":"https:\/\/www.lassociation.fr\/en\/#website"},"primaryImageOfPage":{"@id":"https:\/\/www.lassociation.fr\/en\/catalogue\/le-borgne-gauchet-nouvelle-edition\/#primaryimage"},"image":{"@id":"https:\/\/www.lassociation.fr\/en\/catalogue\/le-borgne-gauchet-nouvelle-edition\/#primaryimage"},"thumbnailUrl":"https:\/\/www.lassociation.fr\/backoffice\/wp-content\/uploads\/2019\/09\/3293.png","datePublished":"2016-01-31T23:00:00+00:00","dateModified":"2026-02-15T17:56:58+00:00","breadcrumb":{"@id":"https:\/\/www.lassociation.fr\/en\/catalogue\/le-borgne-gauchet-nouvelle-edition\/#breadcrumb"},"inLanguage":"en-US","potentialAction":[{"@type":"ReadAction","target":["https:\/\/www.lassociation.fr\/en\/catalogue\/le-borgne-gauchet-nouvelle-edition\/"]}]},{"@type":"ImageObject","inLanguage":"en-US","@id":"https:\/\/www.lassociation.fr\/en\/catalogue\/le-borgne-gauchet-nouvelle-edition\/#primaryimage","url":"https:\/\/www.lassociation.fr\/backoffice\/wp-content\/uploads\/2019\/09\/3293.png","contentUrl":"https:\/\/www.lassociation.fr\/backoffice\/wp-content\/uploads\/2019\/09\/3293.png","width":468,"height":694},{"@type":"BreadcrumbList","@id":"https:\/\/www.lassociation.fr\/en\/catalogue\/le-borgne-gauchet-nouvelle-edition\/#breadcrumb","itemListElement":[{"@type":"ListItem","position":1,"name":"Accueil","item":"https:\/\/www.lassociation.fr\/en\/"},{"@type":"ListItem","position":2,"name":"Catalog","item":"https:\/\/www.lassociation.fr\/en\/catalogue\/"},{"@type":"ListItem","position":3,"name":"Borgne Gauchet (Le) &#8211; *\u00e9dition 2016*"}]},{"@type":"WebSite","@id":"https:\/\/www.lassociation.fr\/en\/#website","url":"https:\/\/www.lassociation.fr\/en\/","name":"L\u2019Association","description":"Maison d\u2019\u00e9dition fran\u00e7aise de bande dessin\u00e9e, fond\u00e9e en 1990.","publisher":{"@id":"https:\/\/www.lassociation.fr\/en\/#organization"},"potentialAction":[{"@type":"SearchAction","target":{"@type":"EntryPoint","urlTemplate":"https:\/\/www.lassociation.fr\/en\/?s={search_term_string}"},"query-input":{"@type":"PropertyValueSpecification","valueRequired":true,"valueName":"search_term_string"}}],"inLanguage":"en-US"},{"@type":"Organization","@id":"https:\/\/www.lassociation.fr\/en\/#organization","name":"L\u2019Association","url":"https:\/\/www.lassociation.fr\/en\/","logo":{"@type":"ImageObject","inLanguage":"en-US","@id":"https:\/\/www.lassociation.fr\/en\/#\/schema\/logo\/image\/","url":"https:\/\/www.lassociation.fr\/backoffice\/wp-content\/uploads\/2019\/11\/asso_large.png","contentUrl":"https:\/\/www.lassociation.fr\/backoffice\/wp-content\/uploads\/2019\/11\/asso_large.png","width":1200,"height":630,"caption":"L\u2019Association"},"image":{"@id":"https:\/\/www.lassociation.fr\/en\/#\/schema\/logo\/image\/"},"sameAs":["https:\/\/www.facebook.com\/lhydrelasso\/","https:\/\/x.com\/lassociation","https:\/\/www.instagram.com\/editions_lassociation","https:\/\/fr.wikipedia.org\/wiki\/LAssociation","https:\/\/www.youtube.com\/@editions_lassociation"]}]}},"_links":{"self":[{"href":"https:\/\/www.lassociation.fr\/en\/wp-json\/wp\/v2\/product\/1604","targetHints":{"allow":["GET"]}}],"collection":[{"href":"https:\/\/www.lassociation.fr\/en\/wp-json\/wp\/v2\/product"}],"about":[{"href":"https:\/\/www.lassociation.fr\/en\/wp-json\/wp\/v2\/types\/product"}],"wp:featuredmedia":[{"embeddable":true,"href":"https:\/\/www.lassociation.fr\/en\/wp-json\/wp\/v2\/media\/2268"}],"wp:attachment":[{"href":"https:\/\/www.lassociation.fr\/en\/wp-json\/wp\/v2\/media?parent=1604"}],"wp:term":[{"taxonomy":"product_cat","embeddable":true,"href":"https:\/\/www.lassociation.fr\/en\/wp-json\/wp\/v2\/product_cat?post=1604"},{"taxonomy":"product_tag","embeddable":true,"href":"https:\/\/www.lassociation.fr\/en\/wp-json\/wp\/v2\/product_tag?post=1604"}],"curies":[{"name":"wp","href":"https:\/\/api.w.org\/{rel}","templated":true}]}}