{"id":1608,"date":"2016-01-01T00:00:00","date_gmt":"2015-12-31T23:00:00","guid":{"rendered":"https:\/\/www.lassociation.fr\/product\/mon-frere-et-le-roi-du-monde\/"},"modified":"2026-02-01T19:21:44","modified_gmt":"2026-02-01T18:21:44","slug":"mon-frere-et-le-roi-du-monde","status":"publish","type":"product","link":"https:\/\/www.lassociation.fr\/en\/catalogue\/mon-frere-et-le-roi-du-monde\/","title":{"rendered":"Mon Fr\u00e8re et le Roi du Monde"},"content":{"rendered":"<p><em>\u00ab L\u2019id\u00e9e m\u2019est venue assez t\u00f4t de dessiner quelque chose qui \u00e9voquerait toutes les crises de mon fr\u00e8re une \u00e0 une, de les dessiner chacune l\u2019une apr\u00e8s l\u2019autre. Un travail pour un titan et je n\u2019en suis pas un. Je me suis limit\u00e9 \u00e0 72, ce chiffre c\u2019est le tribut que je paye \u00e0 l\u2019\u00e9sot\u00e9risme, le chiffre qui comme tout ceux qui tourne autour de 70 symbolise la totalit\u00e9, d\u2019ailleurs dans les hadiths du Proph\u00e8te Mohamed il est \u00e9crit que les maladies sont au nombre de 72 et qu\u2019il faut absorber du sel avant et apr\u00e8s le repas pour les pr\u00e9venir. \u00bb<\/em><\/p>\n<p>Con\u00e7ue pour \u00eatre expos\u00e9e au centre d\u2019art Le Pavillon blanc de Colomiers d\u2019abord, puis au mus\u00e9e de l\u2019Abbaye Sainte-Croix des Sables d\u2019Olonne et enfin \u00e0 la galerie Anne Barrault, cette s\u00e9rie de dessins, r\u00e9v\u00e8le une autre forme d\u2019autobiographie, une autobiographie purement plastique r\u00e9alis\u00e9e au lavis, au crayon ou encore \u00e0 l\u2019acrylique.<\/p>\n<p>36 portraits de son fr\u00e8re confront\u00e9s \u00e0 36 portraits du Roi du Monde. <em>Le Roi du Monde<\/em> de Ren\u00e9 Gu\u00e9non, livre \u00e9sot\u00e9riste d\u00e9couvert dans la biblioth\u00e8que familiale, qui relate l\u2019existence d\u2019un roi mythique qui donnerait ordre et justesse au monde.<\/p>\n<p>Ce jalon dans la construction de son imaginaire, cette figure puissante et changeante fait appara\u00eetre en n\u00e9gatif le d\u00e9sordre, l\u2019injustice de la maladie et la perte des moyens de son fr\u00e8re.<br \/>\nUn face \u00e0 face qui, au-del\u00e0 de la virtuosit\u00e9 qu\u2019on lui conna\u00eet, va explorer un ailleurs d\u2019autant plus troublant qu\u2019il rel\u00e8ve d\u2019une inqui\u00e9tante familiarit\u00e9 : Un David B. qui renoue, qui tourne autour, qui revient \u00e0 son sujet, un autre lui-m\u00eame, son fr\u00e8re.<\/p>\n<p>Cette s\u00e9rie de dessins s\u2019accompagne en introduction d\u2019un tr\u00e8s beau texte de David B. ainsi que d\u2019un texte de l\u2019\u00e9crivain Philippe Vasset, qui raconte son \u00ab authentique \u00bb rencontre avec le Roi du Monde.<\/p>\n","protected":false},"excerpt":{"rendered":"<p>\u00ab L\u2019id\u00e9e m\u2019est venue assez t\u00f4t de dessiner quelque chose qui \u00e9voquerait toutes les crises de mon fr\u00e8re une \u00e0 une, de les dessiner chacune l\u2019une apr\u00e8s l\u2019autre. Un travail pour un titan et je n\u2019en suis pas un. Je me suis limit\u00e9 \u00e0 72, ce chiffre c\u2019est le tribut que je paye \u00e0 l\u2019\u00e9sot\u00e9risme, [&hellip;]<\/p>\n","protected":false},"featured_media":2272,"template":"","meta":{"_acf_changed":false},"product_cat":[48],"product_tag":[],"class_list":{"0":"post-1608","1":"product","2":"type-product","3":"status-publish","4":"has-post-thumbnail","6":"product_cat-hors-collection","7":"member-discount","8":"discount-restricted","10":"first","11":"instock","12":"taxable","13":"shipping-taxable","14":"purchasable","15":"product-type-simple"},"acf":[],"yoast_head":"<title>Mon Fr\u00e8re et le Roi du Monde - L\u2019Association<\/title>\n<meta name=\"robots\" content=\"index, follow, max-snippet:-1, max-image-preview:large, max-video-preview:-1\" \/>\n<link rel=\"canonical\" href=\"https:\/\/www.lassociation.fr\/en\/catalogue\/mon-frere-et-le-roi-du-monde\/\" \/>\n<meta property=\"og:locale\" content=\"en_US\" \/>\n<meta property=\"og:type\" content=\"article\" \/>\n<meta property=\"og:title\" content=\"Mon Fr\u00e8re et le Roi du Monde - L\u2019Association\" \/>\n<meta property=\"og:description\" content=\"\u00ab L\u2019id\u00e9e m\u2019est venue assez t\u00f4t de dessiner quelque chose qui \u00e9voquerait toutes les crises de mon fr\u00e8re une \u00e0 une, de les dessiner chacune l\u2019une apr\u00e8s l\u2019autre. Un travail pour un titan et je n\u2019en suis pas un. Je me suis limit\u00e9 \u00e0 72, ce chiffre c\u2019est le tribut que je paye \u00e0 l\u2019\u00e9sot\u00e9risme, [&hellip;]\" \/>\n<meta property=\"og:url\" content=\"https:\/\/www.lassociation.fr\/en\/catalogue\/mon-frere-et-le-roi-du-monde\/\" \/>\n<meta property=\"og:site_name\" content=\"L\u2019Association\" \/>\n<meta property=\"article:publisher\" content=\"https:\/\/www.facebook.com\/lhydrelasso\/\" \/>\n<meta property=\"article:modified_time\" content=\"2026-02-01T18:21:44+00:00\" \/>\n<meta property=\"og:image\" content=\"https:\/\/www.lassociation.fr\/backoffice\/wp-content\/uploads\/2019\/09\/3290.png\" \/>\n\t<meta property=\"og:image:width\" content=\"539\" \/>\n\t<meta property=\"og:image:height\" content=\"595\" \/>\n\t<meta property=\"og:image:type\" content=\"image\/png\" \/>\n<meta name=\"twitter:card\" content=\"summary_large_image\" \/>\n<meta name=\"twitter:site\" content=\"@lassociation\" \/>\n<script type=\"application\/ld+json\" class=\"yoast-schema-graph\">{\"@context\":\"https:\\\/\\\/schema.org\",\"@graph\":[{\"@type\":\"WebPage\",\"@id\":\"https:\\\/\\\/www.lassociation.fr\\\/en\\\/catalogue\\\/mon-frere-et-le-roi-du-monde\\\/\",\"url\":\"https:\\\/\\\/www.lassociation.fr\\\/en\\\/catalogue\\\/mon-frere-et-le-roi-du-monde\\\/\",\"name\":\"Mon Fr\u00e8re et le Roi du Monde - L\u2019Association\",\"isPartOf\":{\"@id\":\"https:\\\/\\\/www.lassociation.fr\\\/en\\\/#website\"},\"primaryImageOfPage\":{\"@id\":\"https:\\\/\\\/www.lassociation.fr\\\/en\\\/catalogue\\\/mon-frere-et-le-roi-du-monde\\\/#primaryimage\"},\"image\":{\"@id\":\"https:\\\/\\\/www.lassociation.fr\\\/en\\\/catalogue\\\/mon-frere-et-le-roi-du-monde\\\/#primaryimage\"},\"thumbnailUrl\":\"https:\\\/\\\/www.lassociation.fr\\\/backoffice\\\/wp-content\\\/uploads\\\/2019\\\/09\\\/3290.png\",\"datePublished\":\"2015-12-31T23:00:00+00:00\",\"dateModified\":\"2026-02-01T18:21:44+00:00\",\"breadcrumb\":{\"@id\":\"https:\\\/\\\/www.lassociation.fr\\\/en\\\/catalogue\\\/mon-frere-et-le-roi-du-monde\\\/#breadcrumb\"},\"inLanguage\":\"en-US\",\"potentialAction\":[{\"@type\":\"ReadAction\",\"target\":[\"https:\\\/\\\/www.lassociation.fr\\\/en\\\/catalogue\\\/mon-frere-et-le-roi-du-monde\\\/\"]}]},{\"@type\":\"ImageObject\",\"inLanguage\":\"en-US\",\"@id\":\"https:\\\/\\\/www.lassociation.fr\\\/en\\\/catalogue\\\/mon-frere-et-le-roi-du-monde\\\/#primaryimage\",\"url\":\"https:\\\/\\\/www.lassociation.fr\\\/backoffice\\\/wp-content\\\/uploads\\\/2019\\\/09\\\/3290.png\",\"contentUrl\":\"https:\\\/\\\/www.lassociation.fr\\\/backoffice\\\/wp-content\\\/uploads\\\/2019\\\/09\\\/3290.png\",\"width\":539,\"height\":595},{\"@type\":\"BreadcrumbList\",\"@id\":\"https:\\\/\\\/www.lassociation.fr\\\/en\\\/catalogue\\\/mon-frere-et-le-roi-du-monde\\\/#breadcrumb\",\"itemListElement\":[{\"@type\":\"ListItem\",\"position\":1,\"name\":\"Accueil\",\"item\":\"https:\\\/\\\/www.lassociation.fr\\\/en\\\/\"},{\"@type\":\"ListItem\",\"position\":2,\"name\":\"Catalog\",\"item\":\"https:\\\/\\\/www.lassociation.fr\\\/en\\\/catalogue\\\/\"},{\"@type\":\"ListItem\",\"position\":3,\"name\":\"Mon Fr\u00e8re et le Roi du Monde\"}]},{\"@type\":\"WebSite\",\"@id\":\"https:\\\/\\\/www.lassociation.fr\\\/en\\\/#website\",\"url\":\"https:\\\/\\\/www.lassociation.fr\\\/en\\\/\",\"name\":\"L\u2019Association\",\"description\":\"Maison d\u2019\u00e9dition fran\u00e7aise de bande dessin\u00e9e, fond\u00e9e en 1990.\",\"publisher\":{\"@id\":\"https:\\\/\\\/www.lassociation.fr\\\/en\\\/#organization\"},\"potentialAction\":[{\"@type\":\"SearchAction\",\"target\":{\"@type\":\"EntryPoint\",\"urlTemplate\":\"https:\\\/\\\/www.lassociation.fr\\\/en\\\/?s={search_term_string}\"},\"query-input\":{\"@type\":\"PropertyValueSpecification\",\"valueRequired\":true,\"valueName\":\"search_term_string\"}}],\"inLanguage\":\"en-US\"},{\"@type\":\"Organization\",\"@id\":\"https:\\\/\\\/www.lassociation.fr\\\/en\\\/#organization\",\"name\":\"L\u2019Association\",\"url\":\"https:\\\/\\\/www.lassociation.fr\\\/en\\\/\",\"logo\":{\"@type\":\"ImageObject\",\"inLanguage\":\"en-US\",\"@id\":\"https:\\\/\\\/www.lassociation.fr\\\/en\\\/#\\\/schema\\\/logo\\\/image\\\/\",\"url\":\"https:\\\/\\\/www.lassociation.fr\\\/backoffice\\\/wp-content\\\/uploads\\\/2019\\\/11\\\/asso_large.png\",\"contentUrl\":\"https:\\\/\\\/www.lassociation.fr\\\/backoffice\\\/wp-content\\\/uploads\\\/2019\\\/11\\\/asso_large.png\",\"width\":1200,\"height\":630,\"caption\":\"L\u2019Association\"},\"image\":{\"@id\":\"https:\\\/\\\/www.lassociation.fr\\\/en\\\/#\\\/schema\\\/logo\\\/image\\\/\"},\"sameAs\":[\"https:\\\/\\\/www.facebook.com\\\/lhydrelasso\\\/\",\"https:\\\/\\\/x.com\\\/lassociation\",\"https:\\\/\\\/www.instagram.com\\\/editions_lassociation\",\"https:\\\/\\\/fr.wikipedia.org\\\/wiki\\\/LAssociation\",\"https:\\\/\\\/www.youtube.com\\\/@editions_lassociation\"]}]}<\/script>","yoast_head_json":{"title":"Mon Fr\u00e8re et le Roi du Monde - L\u2019Association","robots":{"index":"index","follow":"follow","max-snippet":"max-snippet:-1","max-image-preview":"max-image-preview:large","max-video-preview":"max-video-preview:-1"},"canonical":"https:\/\/www.lassociation.fr\/en\/catalogue\/mon-frere-et-le-roi-du-monde\/","og_locale":"en_US","og_type":"article","og_title":"Mon Fr\u00e8re et le Roi du Monde - L\u2019Association","og_description":"\u00ab L\u2019id\u00e9e m\u2019est venue assez t\u00f4t de dessiner quelque chose qui \u00e9voquerait toutes les crises de mon fr\u00e8re une \u00e0 une, de les dessiner chacune l\u2019une apr\u00e8s l\u2019autre. Un travail pour un titan et je n\u2019en suis pas un. Je me suis limit\u00e9 \u00e0 72, ce chiffre c\u2019est le tribut que je paye \u00e0 l\u2019\u00e9sot\u00e9risme, [&hellip;]","og_url":"https:\/\/www.lassociation.fr\/en\/catalogue\/mon-frere-et-le-roi-du-monde\/","og_site_name":"L\u2019Association","article_publisher":"https:\/\/www.facebook.com\/lhydrelasso\/","article_modified_time":"2026-02-01T18:21:44+00:00","og_image":[{"width":539,"height":595,"url":"https:\/\/www.lassociation.fr\/backoffice\/wp-content\/uploads\/2019\/09\/3290.png","type":"image\/png"}],"twitter_card":"summary_large_image","twitter_site":"@lassociation","schema":{"@context":"https:\/\/schema.org","@graph":[{"@type":"WebPage","@id":"https:\/\/www.lassociation.fr\/en\/catalogue\/mon-frere-et-le-roi-du-monde\/","url":"https:\/\/www.lassociation.fr\/en\/catalogue\/mon-frere-et-le-roi-du-monde\/","name":"Mon Fr\u00e8re et le Roi du Monde - L\u2019Association","isPartOf":{"@id":"https:\/\/www.lassociation.fr\/en\/#website"},"primaryImageOfPage":{"@id":"https:\/\/www.lassociation.fr\/en\/catalogue\/mon-frere-et-le-roi-du-monde\/#primaryimage"},"image":{"@id":"https:\/\/www.lassociation.fr\/en\/catalogue\/mon-frere-et-le-roi-du-monde\/#primaryimage"},"thumbnailUrl":"https:\/\/www.lassociation.fr\/backoffice\/wp-content\/uploads\/2019\/09\/3290.png","datePublished":"2015-12-31T23:00:00+00:00","dateModified":"2026-02-01T18:21:44+00:00","breadcrumb":{"@id":"https:\/\/www.lassociation.fr\/en\/catalogue\/mon-frere-et-le-roi-du-monde\/#breadcrumb"},"inLanguage":"en-US","potentialAction":[{"@type":"ReadAction","target":["https:\/\/www.lassociation.fr\/en\/catalogue\/mon-frere-et-le-roi-du-monde\/"]}]},{"@type":"ImageObject","inLanguage":"en-US","@id":"https:\/\/www.lassociation.fr\/en\/catalogue\/mon-frere-et-le-roi-du-monde\/#primaryimage","url":"https:\/\/www.lassociation.fr\/backoffice\/wp-content\/uploads\/2019\/09\/3290.png","contentUrl":"https:\/\/www.lassociation.fr\/backoffice\/wp-content\/uploads\/2019\/09\/3290.png","width":539,"height":595},{"@type":"BreadcrumbList","@id":"https:\/\/www.lassociation.fr\/en\/catalogue\/mon-frere-et-le-roi-du-monde\/#breadcrumb","itemListElement":[{"@type":"ListItem","position":1,"name":"Accueil","item":"https:\/\/www.lassociation.fr\/en\/"},{"@type":"ListItem","position":2,"name":"Catalog","item":"https:\/\/www.lassociation.fr\/en\/catalogue\/"},{"@type":"ListItem","position":3,"name":"Mon Fr\u00e8re et le Roi du Monde"}]},{"@type":"WebSite","@id":"https:\/\/www.lassociation.fr\/en\/#website","url":"https:\/\/www.lassociation.fr\/en\/","name":"L\u2019Association","description":"Maison d\u2019\u00e9dition fran\u00e7aise de bande dessin\u00e9e, fond\u00e9e en 1990.","publisher":{"@id":"https:\/\/www.lassociation.fr\/en\/#organization"},"potentialAction":[{"@type":"SearchAction","target":{"@type":"EntryPoint","urlTemplate":"https:\/\/www.lassociation.fr\/en\/?s={search_term_string}"},"query-input":{"@type":"PropertyValueSpecification","valueRequired":true,"valueName":"search_term_string"}}],"inLanguage":"en-US"},{"@type":"Organization","@id":"https:\/\/www.lassociation.fr\/en\/#organization","name":"L\u2019Association","url":"https:\/\/www.lassociation.fr\/en\/","logo":{"@type":"ImageObject","inLanguage":"en-US","@id":"https:\/\/www.lassociation.fr\/en\/#\/schema\/logo\/image\/","url":"https:\/\/www.lassociation.fr\/backoffice\/wp-content\/uploads\/2019\/11\/asso_large.png","contentUrl":"https:\/\/www.lassociation.fr\/backoffice\/wp-content\/uploads\/2019\/11\/asso_large.png","width":1200,"height":630,"caption":"L\u2019Association"},"image":{"@id":"https:\/\/www.lassociation.fr\/en\/#\/schema\/logo\/image\/"},"sameAs":["https:\/\/www.facebook.com\/lhydrelasso\/","https:\/\/x.com\/lassociation","https:\/\/www.instagram.com\/editions_lassociation","https:\/\/fr.wikipedia.org\/wiki\/LAssociation","https:\/\/www.youtube.com\/@editions_lassociation"]}]}},"_links":{"self":[{"href":"https:\/\/www.lassociation.fr\/en\/wp-json\/wp\/v2\/product\/1608","targetHints":{"allow":["GET"]}}],"collection":[{"href":"https:\/\/www.lassociation.fr\/en\/wp-json\/wp\/v2\/product"}],"about":[{"href":"https:\/\/www.lassociation.fr\/en\/wp-json\/wp\/v2\/types\/product"}],"wp:featuredmedia":[{"embeddable":true,"href":"https:\/\/www.lassociation.fr\/en\/wp-json\/wp\/v2\/media\/2272"}],"wp:attachment":[{"href":"https:\/\/www.lassociation.fr\/en\/wp-json\/wp\/v2\/media?parent=1608"}],"wp:term":[{"taxonomy":"product_cat","embeddable":true,"href":"https:\/\/www.lassociation.fr\/en\/wp-json\/wp\/v2\/product_cat?post=1608"},{"taxonomy":"product_tag","embeddable":true,"href":"https:\/\/www.lassociation.fr\/en\/wp-json\/wp\/v2\/product_tag?post=1608"}],"curies":[{"name":"wp","href":"https:\/\/api.w.org\/{rel}","templated":true}]}}