{"id":1611,"date":"2015-10-01T00:00:00","date_gmt":"2015-09-30T22:00:00","guid":{"rendered":"https:\/\/www.lassociation.fr\/product\/ascension-du-haut-mal-l-ed-cartonnee\/"},"modified":"2026-03-23T13:02:56","modified_gmt":"2026-03-23T12:02:56","slug":"l-ascension-du-haut-mal-edition-cartonnee","status":"publish","type":"product","link":"https:\/\/www.lassociation.fr\/en\/catalogue\/l-ascension-du-haut-mal-edition-cartonnee\/","title":{"rendered":"Ascension du Haut Mal (L\u2019) &#8211; \u00c9dition cartonn\u00e9e"},"content":{"rendered":"<p>Le Haut Mal c\u2019est le nom qu\u2019on donnait \u00e0 l\u2019\u00e9pilepsie au Moyen \u00c2ge.<\/p>\n<p><em>L\u2019Ascension du Haut Mal<\/em> c\u2019est l\u2019histoire d\u2019une famille au milieu des ann\u00e9es soixante dont le fils a\u00een\u00e9, Jean-Christophe, est atteint par cette maladie \u00e0 l\u2019\u00e2ge de sept ans. C\u2019est le regard que porte son petit fr\u00e8re, Fafou, qui devient David, sur le bouleversement que ses crises entra\u00eenent dans la famille, sur la fa\u00e7on dont les adultes, parents, m\u00e9decins, passants, charlatans, gourous, r\u00e9agissent et tentent de gu\u00e9rir Jean-Christophe. Ce sont les souvenirs des anc\u00eatres de la famille. C\u2019est tout l\u2019imaginaire que Fafou projette sur le monde et les \u00e9v\u00e9nements qui l\u2019entourent et qui participent \u00e0 la construction du dessinateur qu\u2019il est devenu.<\/p>\n<p>Ce classique du catalogue de L\u2019Association et de la bande dessin\u00e9e, dont la premi\u00e8re \u00e9dition est maintenant \u00e9puis\u00e9e en librairie, est d\u00e9sormais r\u00e9\u00e9dit\u00e9 dans une version reli\u00e9e.<\/p>\n","protected":false},"excerpt":{"rendered":"<p>Le Haut Mal c\u2019est le nom qu\u2019on donnait \u00e0 l\u2019\u00e9pilepsie au Moyen \u00c2ge. L\u2019Ascension du Haut Mal c\u2019est l\u2019histoire d\u2019une famille au milieu des ann\u00e9es soixante dont le fils a\u00een\u00e9, Jean-Christophe, est atteint par cette maladie \u00e0 l\u2019\u00e2ge de sept ans. C\u2019est le regard que porte son petit fr\u00e8re, Fafou, qui devient David, sur le [&hellip;]<\/p>\n","protected":false},"featured_media":2275,"template":"","meta":{"_acf_changed":false},"product_cat":[48],"product_tag":[],"class_list":{"0":"post-1611","1":"product","2":"type-product","3":"status-publish","4":"has-post-thumbnail","6":"product_cat-hors-collection","7":"product_shipping_class-avec-signature","8":"member-discount","9":"discount-restricted","11":"first","12":"outofstock","13":"taxable","14":"shipping-taxable","15":"purchasable","16":"product-type-simple"},"acf":[],"yoast_head":"<title>Ascension du Haut Mal (L\u2019) - \u00c9dition cartonn\u00e9e - L\u2019Association<\/title>\n<meta name=\"robots\" content=\"index, follow, max-snippet:-1, max-image-preview:large, max-video-preview:-1\" \/>\n<link rel=\"canonical\" href=\"https:\/\/www.lassociation.fr\/en\/catalogue\/l-ascension-du-haut-mal-edition-cartonnee\/\" \/>\n<meta property=\"og:locale\" content=\"en_US\" \/>\n<meta property=\"og:type\" content=\"article\" \/>\n<meta property=\"og:title\" content=\"Ascension du Haut Mal (L\u2019) - \u00c9dition cartonn\u00e9e - L\u2019Association\" \/>\n<meta property=\"og:description\" content=\"Le Haut Mal c\u2019est le nom qu\u2019on donnait \u00e0 l\u2019\u00e9pilepsie au Moyen \u00c2ge. L\u2019Ascension du Haut Mal c\u2019est l\u2019histoire d\u2019une famille au milieu des ann\u00e9es soixante dont le fils a\u00een\u00e9, Jean-Christophe, est atteint par cette maladie \u00e0 l\u2019\u00e2ge de sept ans. C\u2019est le regard que porte son petit fr\u00e8re, Fafou, qui devient David, sur le [&hellip;]\" \/>\n<meta property=\"og:url\" content=\"https:\/\/www.lassociation.fr\/en\/catalogue\/l-ascension-du-haut-mal-edition-cartonnee\/\" \/>\n<meta property=\"og:site_name\" content=\"L\u2019Association\" \/>\n<meta property=\"article:publisher\" content=\"https:\/\/www.facebook.com\/lhydrelasso\/\" \/>\n<meta property=\"article:modified_time\" content=\"2026-03-23T12:02:56+00:00\" \/>\n<meta property=\"og:image\" content=\"https:\/\/www.lassociation.fr\/backoffice\/wp-content\/uploads\/2019\/09\/3276.png\" \/>\n\t<meta property=\"og:image:width\" content=\"822\" \/>\n\t<meta property=\"og:image:height\" content=\"1122\" \/>\n\t<meta property=\"og:image:type\" content=\"image\/png\" \/>\n<meta name=\"twitter:card\" content=\"summary_large_image\" \/>\n<meta name=\"twitter:site\" content=\"@lassociation\" \/>\n<script type=\"application\/ld+json\" class=\"yoast-schema-graph\">{\"@context\":\"https:\\\/\\\/schema.org\",\"@graph\":[{\"@type\":\"WebPage\",\"@id\":\"https:\\\/\\\/www.lassociation.fr\\\/en\\\/catalogue\\\/l-ascension-du-haut-mal-edition-cartonnee\\\/\",\"url\":\"https:\\\/\\\/www.lassociation.fr\\\/en\\\/catalogue\\\/l-ascension-du-haut-mal-edition-cartonnee\\\/\",\"name\":\"Ascension du Haut Mal (L\u2019) - \u00c9dition cartonn\u00e9e - L\u2019Association\",\"isPartOf\":{\"@id\":\"https:\\\/\\\/www.lassociation.fr\\\/en\\\/#website\"},\"primaryImageOfPage\":{\"@id\":\"https:\\\/\\\/www.lassociation.fr\\\/en\\\/catalogue\\\/l-ascension-du-haut-mal-edition-cartonnee\\\/#primaryimage\"},\"image\":{\"@id\":\"https:\\\/\\\/www.lassociation.fr\\\/en\\\/catalogue\\\/l-ascension-du-haut-mal-edition-cartonnee\\\/#primaryimage\"},\"thumbnailUrl\":\"https:\\\/\\\/www.lassociation.fr\\\/backoffice\\\/wp-content\\\/uploads\\\/2019\\\/09\\\/3276.png\",\"datePublished\":\"2015-09-30T22:00:00+00:00\",\"dateModified\":\"2026-03-23T12:02:56+00:00\",\"breadcrumb\":{\"@id\":\"https:\\\/\\\/www.lassociation.fr\\\/en\\\/catalogue\\\/l-ascension-du-haut-mal-edition-cartonnee\\\/#breadcrumb\"},\"inLanguage\":\"en-US\",\"potentialAction\":[{\"@type\":\"ReadAction\",\"target\":[\"https:\\\/\\\/www.lassociation.fr\\\/en\\\/catalogue\\\/l-ascension-du-haut-mal-edition-cartonnee\\\/\"]}]},{\"@type\":\"ImageObject\",\"inLanguage\":\"en-US\",\"@id\":\"https:\\\/\\\/www.lassociation.fr\\\/en\\\/catalogue\\\/l-ascension-du-haut-mal-edition-cartonnee\\\/#primaryimage\",\"url\":\"https:\\\/\\\/www.lassociation.fr\\\/backoffice\\\/wp-content\\\/uploads\\\/2019\\\/09\\\/3276.png\",\"contentUrl\":\"https:\\\/\\\/www.lassociation.fr\\\/backoffice\\\/wp-content\\\/uploads\\\/2019\\\/09\\\/3276.png\",\"width\":822,\"height\":1122},{\"@type\":\"BreadcrumbList\",\"@id\":\"https:\\\/\\\/www.lassociation.fr\\\/en\\\/catalogue\\\/l-ascension-du-haut-mal-edition-cartonnee\\\/#breadcrumb\",\"itemListElement\":[{\"@type\":\"ListItem\",\"position\":1,\"name\":\"Accueil\",\"item\":\"https:\\\/\\\/www.lassociation.fr\\\/en\\\/\"},{\"@type\":\"ListItem\",\"position\":2,\"name\":\"Catalog\",\"item\":\"https:\\\/\\\/www.lassociation.fr\\\/en\\\/catalogue\\\/\"},{\"@type\":\"ListItem\",\"position\":3,\"name\":\"Ascension du Haut Mal (L\u2019) &#8211; \u00c9dition cartonn\u00e9e\"}]},{\"@type\":\"WebSite\",\"@id\":\"https:\\\/\\\/www.lassociation.fr\\\/en\\\/#website\",\"url\":\"https:\\\/\\\/www.lassociation.fr\\\/en\\\/\",\"name\":\"L\u2019Association\",\"description\":\"Maison d\u2019\u00e9dition fran\u00e7aise de bande dessin\u00e9e, fond\u00e9e en 1990.\",\"publisher\":{\"@id\":\"https:\\\/\\\/www.lassociation.fr\\\/en\\\/#organization\"},\"potentialAction\":[{\"@type\":\"SearchAction\",\"target\":{\"@type\":\"EntryPoint\",\"urlTemplate\":\"https:\\\/\\\/www.lassociation.fr\\\/en\\\/?s={search_term_string}\"},\"query-input\":{\"@type\":\"PropertyValueSpecification\",\"valueRequired\":true,\"valueName\":\"search_term_string\"}}],\"inLanguage\":\"en-US\"},{\"@type\":\"Organization\",\"@id\":\"https:\\\/\\\/www.lassociation.fr\\\/en\\\/#organization\",\"name\":\"L\u2019Association\",\"url\":\"https:\\\/\\\/www.lassociation.fr\\\/en\\\/\",\"logo\":{\"@type\":\"ImageObject\",\"inLanguage\":\"en-US\",\"@id\":\"https:\\\/\\\/www.lassociation.fr\\\/en\\\/#\\\/schema\\\/logo\\\/image\\\/\",\"url\":\"https:\\\/\\\/www.lassociation.fr\\\/backoffice\\\/wp-content\\\/uploads\\\/2019\\\/11\\\/asso_large.png\",\"contentUrl\":\"https:\\\/\\\/www.lassociation.fr\\\/backoffice\\\/wp-content\\\/uploads\\\/2019\\\/11\\\/asso_large.png\",\"width\":1200,\"height\":630,\"caption\":\"L\u2019Association\"},\"image\":{\"@id\":\"https:\\\/\\\/www.lassociation.fr\\\/en\\\/#\\\/schema\\\/logo\\\/image\\\/\"},\"sameAs\":[\"https:\\\/\\\/www.facebook.com\\\/lhydrelasso\\\/\",\"https:\\\/\\\/x.com\\\/lassociation\",\"https:\\\/\\\/www.instagram.com\\\/editions_lassociation\",\"https:\\\/\\\/fr.wikipedia.org\\\/wiki\\\/LAssociation\",\"https:\\\/\\\/www.youtube.com\\\/@editions_lassociation\"]}]}<\/script>","yoast_head_json":{"title":"Ascension du Haut Mal (L\u2019) - \u00c9dition cartonn\u00e9e - L\u2019Association","robots":{"index":"index","follow":"follow","max-snippet":"max-snippet:-1","max-image-preview":"max-image-preview:large","max-video-preview":"max-video-preview:-1"},"canonical":"https:\/\/www.lassociation.fr\/en\/catalogue\/l-ascension-du-haut-mal-edition-cartonnee\/","og_locale":"en_US","og_type":"article","og_title":"Ascension du Haut Mal (L\u2019) - \u00c9dition cartonn\u00e9e - L\u2019Association","og_description":"Le Haut Mal c\u2019est le nom qu\u2019on donnait \u00e0 l\u2019\u00e9pilepsie au Moyen \u00c2ge. L\u2019Ascension du Haut Mal c\u2019est l\u2019histoire d\u2019une famille au milieu des ann\u00e9es soixante dont le fils a\u00een\u00e9, Jean-Christophe, est atteint par cette maladie \u00e0 l\u2019\u00e2ge de sept ans. C\u2019est le regard que porte son petit fr\u00e8re, Fafou, qui devient David, sur le [&hellip;]","og_url":"https:\/\/www.lassociation.fr\/en\/catalogue\/l-ascension-du-haut-mal-edition-cartonnee\/","og_site_name":"L\u2019Association","article_publisher":"https:\/\/www.facebook.com\/lhydrelasso\/","article_modified_time":"2026-03-23T12:02:56+00:00","og_image":[{"width":822,"height":1122,"url":"https:\/\/www.lassociation.fr\/backoffice\/wp-content\/uploads\/2019\/09\/3276.png","type":"image\/png"}],"twitter_card":"summary_large_image","twitter_site":"@lassociation","schema":{"@context":"https:\/\/schema.org","@graph":[{"@type":"WebPage","@id":"https:\/\/www.lassociation.fr\/en\/catalogue\/l-ascension-du-haut-mal-edition-cartonnee\/","url":"https:\/\/www.lassociation.fr\/en\/catalogue\/l-ascension-du-haut-mal-edition-cartonnee\/","name":"Ascension du Haut Mal (L\u2019) - \u00c9dition cartonn\u00e9e - L\u2019Association","isPartOf":{"@id":"https:\/\/www.lassociation.fr\/en\/#website"},"primaryImageOfPage":{"@id":"https:\/\/www.lassociation.fr\/en\/catalogue\/l-ascension-du-haut-mal-edition-cartonnee\/#primaryimage"},"image":{"@id":"https:\/\/www.lassociation.fr\/en\/catalogue\/l-ascension-du-haut-mal-edition-cartonnee\/#primaryimage"},"thumbnailUrl":"https:\/\/www.lassociation.fr\/backoffice\/wp-content\/uploads\/2019\/09\/3276.png","datePublished":"2015-09-30T22:00:00+00:00","dateModified":"2026-03-23T12:02:56+00:00","breadcrumb":{"@id":"https:\/\/www.lassociation.fr\/en\/catalogue\/l-ascension-du-haut-mal-edition-cartonnee\/#breadcrumb"},"inLanguage":"en-US","potentialAction":[{"@type":"ReadAction","target":["https:\/\/www.lassociation.fr\/en\/catalogue\/l-ascension-du-haut-mal-edition-cartonnee\/"]}]},{"@type":"ImageObject","inLanguage":"en-US","@id":"https:\/\/www.lassociation.fr\/en\/catalogue\/l-ascension-du-haut-mal-edition-cartonnee\/#primaryimage","url":"https:\/\/www.lassociation.fr\/backoffice\/wp-content\/uploads\/2019\/09\/3276.png","contentUrl":"https:\/\/www.lassociation.fr\/backoffice\/wp-content\/uploads\/2019\/09\/3276.png","width":822,"height":1122},{"@type":"BreadcrumbList","@id":"https:\/\/www.lassociation.fr\/en\/catalogue\/l-ascension-du-haut-mal-edition-cartonnee\/#breadcrumb","itemListElement":[{"@type":"ListItem","position":1,"name":"Accueil","item":"https:\/\/www.lassociation.fr\/en\/"},{"@type":"ListItem","position":2,"name":"Catalog","item":"https:\/\/www.lassociation.fr\/en\/catalogue\/"},{"@type":"ListItem","position":3,"name":"Ascension du Haut Mal (L\u2019) &#8211; \u00c9dition cartonn\u00e9e"}]},{"@type":"WebSite","@id":"https:\/\/www.lassociation.fr\/en\/#website","url":"https:\/\/www.lassociation.fr\/en\/","name":"L\u2019Association","description":"Maison d\u2019\u00e9dition fran\u00e7aise de bande dessin\u00e9e, fond\u00e9e en 1990.","publisher":{"@id":"https:\/\/www.lassociation.fr\/en\/#organization"},"potentialAction":[{"@type":"SearchAction","target":{"@type":"EntryPoint","urlTemplate":"https:\/\/www.lassociation.fr\/en\/?s={search_term_string}"},"query-input":{"@type":"PropertyValueSpecification","valueRequired":true,"valueName":"search_term_string"}}],"inLanguage":"en-US"},{"@type":"Organization","@id":"https:\/\/www.lassociation.fr\/en\/#organization","name":"L\u2019Association","url":"https:\/\/www.lassociation.fr\/en\/","logo":{"@type":"ImageObject","inLanguage":"en-US","@id":"https:\/\/www.lassociation.fr\/en\/#\/schema\/logo\/image\/","url":"https:\/\/www.lassociation.fr\/backoffice\/wp-content\/uploads\/2019\/11\/asso_large.png","contentUrl":"https:\/\/www.lassociation.fr\/backoffice\/wp-content\/uploads\/2019\/11\/asso_large.png","width":1200,"height":630,"caption":"L\u2019Association"},"image":{"@id":"https:\/\/www.lassociation.fr\/en\/#\/schema\/logo\/image\/"},"sameAs":["https:\/\/www.facebook.com\/lhydrelasso\/","https:\/\/x.com\/lassociation","https:\/\/www.instagram.com\/editions_lassociation","https:\/\/fr.wikipedia.org\/wiki\/LAssociation","https:\/\/www.youtube.com\/@editions_lassociation"]}]}},"_links":{"self":[{"href":"https:\/\/www.lassociation.fr\/en\/wp-json\/wp\/v2\/product\/1611","targetHints":{"allow":["GET"]}}],"collection":[{"href":"https:\/\/www.lassociation.fr\/en\/wp-json\/wp\/v2\/product"}],"about":[{"href":"https:\/\/www.lassociation.fr\/en\/wp-json\/wp\/v2\/types\/product"}],"wp:featuredmedia":[{"embeddable":true,"href":"https:\/\/www.lassociation.fr\/en\/wp-json\/wp\/v2\/media\/2275"}],"wp:attachment":[{"href":"https:\/\/www.lassociation.fr\/en\/wp-json\/wp\/v2\/media?parent=1611"}],"wp:term":[{"taxonomy":"product_cat","embeddable":true,"href":"https:\/\/www.lassociation.fr\/en\/wp-json\/wp\/v2\/product_cat?post=1611"},{"taxonomy":"product_tag","embeddable":true,"href":"https:\/\/www.lassociation.fr\/en\/wp-json\/wp\/v2\/product_tag?post=1611"}],"curies":[{"name":"wp","href":"https:\/\/api.w.org\/{rel}","templated":true}]}}