{"id":1612,"date":"2015-10-01T00:00:00","date_gmt":"2015-09-30T22:00:00","guid":{"rendered":"https:\/\/www.lassociation.fr\/product\/arsene-schrauwen\/"},"modified":"2026-01-22T11:38:56","modified_gmt":"2026-01-22T10:38:56","slug":"arsene-schrauwen","status":"publish","type":"product","link":"https:\/\/www.lassociation.fr\/en\/catalogue\/arsene-schrauwen\/","title":{"rendered":"Ars\u00e8ne Schrauwen"},"content":{"rendered":"<p>En 1947, Ars\u00e8ne Schrauwen embarque sur un paquebot. Il traverse l\u2019oc\u00e9an pour rallier une myst\u00e9rieuse colonie. Le grand-p\u00e8re d\u2019Olivier Schrauwen a fait ce long voyage \u00e0 la demande de son cousin Roger. Sur place, il r\u00e9side sur le vaste domaine de son parent et s\u2019acclimate p\u00e9niblement \u00e0 la vie locale. Une fois sur pied, Roger lui d\u00e9voile ses projets. Ensemble, ils vont cr\u00e9er l\u2019impossible, une cit\u00e9 utopique au c\u0153ur du monde sauvage qui r\u00e9pondra au doux nom de \u00ab Freedom Town \u00bb. Atteindre cet objectif sera une entreprise des plus difficiles.<\/p>\n<p>Ars\u00e8ne tombe \u00e9perdument amoureux de Marieke, la femme de son cousin au moment o\u00f9 ce dernier est intern\u00e9 \u00e0 cause d\u2019un d\u00e9s\u00e9quilibre mental passager. Ars\u00e8ne partira alors seul et inexp\u00e9riment\u00e9 \u00e0 la t\u00eate de l\u2019exp\u00e9dition \u00e0 destination de la terre promise. Il devra faire face aux dangers de la jungle, s\u2019accommoder de ses sentiments pour Marieke et faire avec un \u00e9trange virus tropical qui menace de d\u00e9cimer ses hommes. Progressivement, il va perdre le contr\u00f4le et s\u2019\u00e9loigner de la r\u00e9alit\u00e9, s\u2019engouffrant dans sa propre parano\u00efa.<\/p>\n<p>Biographie fantasm\u00e9e, parodie de r\u00e9cits d\u2019aventures colonialistes, l\u2019histoire narr\u00e9e par Olivier Schrauwen est captivante, dr\u00f4le, et r\u00e9solument surr\u00e9aliste. Cette figure montante et immanquable de la nouvelle bande dessin\u00e9e flamande n\u2019en est pas \u00e0 son premier coup d\u2019essai. Il se joue all\u00e8grement des codes et se r\u00e9invente \u00e0 chacun de ses projets. Apr\u00e8s quelques publications remarqu\u00e9es, l\u2019auteur \u00e0 l\u2019imagination fertile livre ici une grande \u0153uvre qui va faire parler d\u2019elle, tant par son ambition que par la ma\u00eetrise de son ex\u00e9cution.<\/p>\n<p>Gr\u00e2ce \u00e0 une composition parfaitement pens\u00e9e, le lecteur est invit\u00e9 \u00e0 se perdre au fil des \u00e9v\u00e8nements et des digressions oniriques du personnage principal. \u00c0 cette fin, Olivier Shrauwen emploie un dispositif graphique atypique m\u00ealant repr\u00e9sentations figuratives et formes g\u00e9om\u00e9triques qui fr\u00f4lent parfois l\u2019abstraction. Son style au charme d\u00e9suet est accompagn\u00e9 d\u2019une bichromie bleu et rouge ; didascalies d\u00e9limitant le r\u00e9el de l\u2019imaginaire.<\/p>\n<p>&nbsp;<\/p>\n","protected":false},"excerpt":{"rendered":"<p>En 1947, Ars\u00e8ne Schrauwen embarque sur un paquebot. Il traverse l\u2019oc\u00e9an pour rallier une myst\u00e9rieuse colonie. Le grand-p\u00e8re d\u2019Olivier Schrauwen a fait ce long voyage \u00e0 la demande de son cousin Roger. Sur place, il r\u00e9side sur le vaste domaine de son parent et s\u2019acclimate p\u00e9niblement \u00e0 la vie locale. Une fois sur pied, Roger [&hellip;]<\/p>\n","protected":false},"featured_media":2276,"template":"","meta":{"_acf_changed":false},"product_cat":[48],"product_tag":[],"class_list":{"0":"post-1612","1":"product","2":"type-product","3":"status-publish","4":"has-post-thumbnail","6":"product_cat-hors-collection","7":"member-discount","8":"discount-restricted","10":"first","11":"instock","12":"taxable","13":"shipping-taxable","14":"purchasable","15":"product-type-simple"},"acf":[],"yoast_head":"<title>Ars\u00e8ne Schrauwen - L\u2019Association<\/title>\n<meta name=\"robots\" content=\"index, follow, max-snippet:-1, max-image-preview:large, max-video-preview:-1\" \/>\n<link rel=\"canonical\" href=\"https:\/\/www.lassociation.fr\/en\/catalogue\/arsene-schrauwen\/\" \/>\n<meta property=\"og:locale\" content=\"en_US\" \/>\n<meta property=\"og:type\" content=\"article\" \/>\n<meta property=\"og:title\" content=\"Ars\u00e8ne Schrauwen - L\u2019Association\" \/>\n<meta property=\"og:description\" content=\"En 1947, Ars\u00e8ne Schrauwen embarque sur un paquebot. Il traverse l\u2019oc\u00e9an pour rallier une myst\u00e9rieuse colonie. Le grand-p\u00e8re d\u2019Olivier Schrauwen a fait ce long voyage \u00e0 la demande de son cousin Roger. Sur place, il r\u00e9side sur le vaste domaine de son parent et s\u2019acclimate p\u00e9niblement \u00e0 la vie locale. Une fois sur pied, Roger [&hellip;]\" \/>\n<meta property=\"og:url\" content=\"https:\/\/www.lassociation.fr\/en\/catalogue\/arsene-schrauwen\/\" \/>\n<meta property=\"og:site_name\" content=\"L\u2019Association\" \/>\n<meta property=\"article:publisher\" content=\"https:\/\/www.facebook.com\/lhydrelasso\/\" \/>\n<meta property=\"article:modified_time\" content=\"2026-01-22T10:38:56+00:00\" \/>\n<meta property=\"og:image\" content=\"https:\/\/www.lassociation.fr\/backoffice\/wp-content\/uploads\/2019\/09\/3272.png\" \/>\n\t<meta property=\"og:image:width\" content=\"628\" \/>\n\t<meta property=\"og:image:height\" content=\"811\" \/>\n\t<meta property=\"og:image:type\" content=\"image\/png\" \/>\n<meta name=\"twitter:card\" content=\"summary_large_image\" \/>\n<meta name=\"twitter:site\" content=\"@lassociation\" \/>\n<script type=\"application\/ld+json\" class=\"yoast-schema-graph\">{\"@context\":\"https:\\\/\\\/schema.org\",\"@graph\":[{\"@type\":\"WebPage\",\"@id\":\"https:\\\/\\\/www.lassociation.fr\\\/en\\\/catalogue\\\/arsene-schrauwen\\\/\",\"url\":\"https:\\\/\\\/www.lassociation.fr\\\/en\\\/catalogue\\\/arsene-schrauwen\\\/\",\"name\":\"Ars\u00e8ne Schrauwen - L\u2019Association\",\"isPartOf\":{\"@id\":\"https:\\\/\\\/www.lassociation.fr\\\/en\\\/#website\"},\"primaryImageOfPage\":{\"@id\":\"https:\\\/\\\/www.lassociation.fr\\\/en\\\/catalogue\\\/arsene-schrauwen\\\/#primaryimage\"},\"image\":{\"@id\":\"https:\\\/\\\/www.lassociation.fr\\\/en\\\/catalogue\\\/arsene-schrauwen\\\/#primaryimage\"},\"thumbnailUrl\":\"https:\\\/\\\/www.lassociation.fr\\\/backoffice\\\/wp-content\\\/uploads\\\/2019\\\/09\\\/3272.png\",\"datePublished\":\"2015-09-30T22:00:00+00:00\",\"dateModified\":\"2026-01-22T10:38:56+00:00\",\"breadcrumb\":{\"@id\":\"https:\\\/\\\/www.lassociation.fr\\\/en\\\/catalogue\\\/arsene-schrauwen\\\/#breadcrumb\"},\"inLanguage\":\"en-US\",\"potentialAction\":[{\"@type\":\"ReadAction\",\"target\":[\"https:\\\/\\\/www.lassociation.fr\\\/en\\\/catalogue\\\/arsene-schrauwen\\\/\"]}]},{\"@type\":\"ImageObject\",\"inLanguage\":\"en-US\",\"@id\":\"https:\\\/\\\/www.lassociation.fr\\\/en\\\/catalogue\\\/arsene-schrauwen\\\/#primaryimage\",\"url\":\"https:\\\/\\\/www.lassociation.fr\\\/backoffice\\\/wp-content\\\/uploads\\\/2019\\\/09\\\/3272.png\",\"contentUrl\":\"https:\\\/\\\/www.lassociation.fr\\\/backoffice\\\/wp-content\\\/uploads\\\/2019\\\/09\\\/3272.png\",\"width\":628,\"height\":811},{\"@type\":\"BreadcrumbList\",\"@id\":\"https:\\\/\\\/www.lassociation.fr\\\/en\\\/catalogue\\\/arsene-schrauwen\\\/#breadcrumb\",\"itemListElement\":[{\"@type\":\"ListItem\",\"position\":1,\"name\":\"Accueil\",\"item\":\"https:\\\/\\\/www.lassociation.fr\\\/en\\\/\"},{\"@type\":\"ListItem\",\"position\":2,\"name\":\"Catalog\",\"item\":\"https:\\\/\\\/www.lassociation.fr\\\/en\\\/catalogue\\\/\"},{\"@type\":\"ListItem\",\"position\":3,\"name\":\"Ars\u00e8ne Schrauwen\"}]},{\"@type\":\"WebSite\",\"@id\":\"https:\\\/\\\/www.lassociation.fr\\\/en\\\/#website\",\"url\":\"https:\\\/\\\/www.lassociation.fr\\\/en\\\/\",\"name\":\"L\u2019Association\",\"description\":\"Maison d\u2019\u00e9dition fran\u00e7aise de bande dessin\u00e9e, fond\u00e9e en 1990.\",\"publisher\":{\"@id\":\"https:\\\/\\\/www.lassociation.fr\\\/en\\\/#organization\"},\"potentialAction\":[{\"@type\":\"SearchAction\",\"target\":{\"@type\":\"EntryPoint\",\"urlTemplate\":\"https:\\\/\\\/www.lassociation.fr\\\/en\\\/?s={search_term_string}\"},\"query-input\":{\"@type\":\"PropertyValueSpecification\",\"valueRequired\":true,\"valueName\":\"search_term_string\"}}],\"inLanguage\":\"en-US\"},{\"@type\":\"Organization\",\"@id\":\"https:\\\/\\\/www.lassociation.fr\\\/en\\\/#organization\",\"name\":\"L\u2019Association\",\"url\":\"https:\\\/\\\/www.lassociation.fr\\\/en\\\/\",\"logo\":{\"@type\":\"ImageObject\",\"inLanguage\":\"en-US\",\"@id\":\"https:\\\/\\\/www.lassociation.fr\\\/en\\\/#\\\/schema\\\/logo\\\/image\\\/\",\"url\":\"https:\\\/\\\/www.lassociation.fr\\\/backoffice\\\/wp-content\\\/uploads\\\/2019\\\/11\\\/asso_large.png\",\"contentUrl\":\"https:\\\/\\\/www.lassociation.fr\\\/backoffice\\\/wp-content\\\/uploads\\\/2019\\\/11\\\/asso_large.png\",\"width\":1200,\"height\":630,\"caption\":\"L\u2019Association\"},\"image\":{\"@id\":\"https:\\\/\\\/www.lassociation.fr\\\/en\\\/#\\\/schema\\\/logo\\\/image\\\/\"},\"sameAs\":[\"https:\\\/\\\/www.facebook.com\\\/lhydrelasso\\\/\",\"https:\\\/\\\/x.com\\\/lassociation\",\"https:\\\/\\\/www.instagram.com\\\/editions_lassociation\",\"https:\\\/\\\/fr.wikipedia.org\\\/wiki\\\/LAssociation\",\"https:\\\/\\\/www.youtube.com\\\/@editions_lassociation\"]}]}<\/script>","yoast_head_json":{"title":"Ars\u00e8ne Schrauwen - L\u2019Association","robots":{"index":"index","follow":"follow","max-snippet":"max-snippet:-1","max-image-preview":"max-image-preview:large","max-video-preview":"max-video-preview:-1"},"canonical":"https:\/\/www.lassociation.fr\/en\/catalogue\/arsene-schrauwen\/","og_locale":"en_US","og_type":"article","og_title":"Ars\u00e8ne Schrauwen - L\u2019Association","og_description":"En 1947, Ars\u00e8ne Schrauwen embarque sur un paquebot. Il traverse l\u2019oc\u00e9an pour rallier une myst\u00e9rieuse colonie. Le grand-p\u00e8re d\u2019Olivier Schrauwen a fait ce long voyage \u00e0 la demande de son cousin Roger. Sur place, il r\u00e9side sur le vaste domaine de son parent et s\u2019acclimate p\u00e9niblement \u00e0 la vie locale. Une fois sur pied, Roger [&hellip;]","og_url":"https:\/\/www.lassociation.fr\/en\/catalogue\/arsene-schrauwen\/","og_site_name":"L\u2019Association","article_publisher":"https:\/\/www.facebook.com\/lhydrelasso\/","article_modified_time":"2026-01-22T10:38:56+00:00","og_image":[{"width":628,"height":811,"url":"https:\/\/www.lassociation.fr\/backoffice\/wp-content\/uploads\/2019\/09\/3272.png","type":"image\/png"}],"twitter_card":"summary_large_image","twitter_site":"@lassociation","schema":{"@context":"https:\/\/schema.org","@graph":[{"@type":"WebPage","@id":"https:\/\/www.lassociation.fr\/en\/catalogue\/arsene-schrauwen\/","url":"https:\/\/www.lassociation.fr\/en\/catalogue\/arsene-schrauwen\/","name":"Ars\u00e8ne Schrauwen - L\u2019Association","isPartOf":{"@id":"https:\/\/www.lassociation.fr\/en\/#website"},"primaryImageOfPage":{"@id":"https:\/\/www.lassociation.fr\/en\/catalogue\/arsene-schrauwen\/#primaryimage"},"image":{"@id":"https:\/\/www.lassociation.fr\/en\/catalogue\/arsene-schrauwen\/#primaryimage"},"thumbnailUrl":"https:\/\/www.lassociation.fr\/backoffice\/wp-content\/uploads\/2019\/09\/3272.png","datePublished":"2015-09-30T22:00:00+00:00","dateModified":"2026-01-22T10:38:56+00:00","breadcrumb":{"@id":"https:\/\/www.lassociation.fr\/en\/catalogue\/arsene-schrauwen\/#breadcrumb"},"inLanguage":"en-US","potentialAction":[{"@type":"ReadAction","target":["https:\/\/www.lassociation.fr\/en\/catalogue\/arsene-schrauwen\/"]}]},{"@type":"ImageObject","inLanguage":"en-US","@id":"https:\/\/www.lassociation.fr\/en\/catalogue\/arsene-schrauwen\/#primaryimage","url":"https:\/\/www.lassociation.fr\/backoffice\/wp-content\/uploads\/2019\/09\/3272.png","contentUrl":"https:\/\/www.lassociation.fr\/backoffice\/wp-content\/uploads\/2019\/09\/3272.png","width":628,"height":811},{"@type":"BreadcrumbList","@id":"https:\/\/www.lassociation.fr\/en\/catalogue\/arsene-schrauwen\/#breadcrumb","itemListElement":[{"@type":"ListItem","position":1,"name":"Accueil","item":"https:\/\/www.lassociation.fr\/en\/"},{"@type":"ListItem","position":2,"name":"Catalog","item":"https:\/\/www.lassociation.fr\/en\/catalogue\/"},{"@type":"ListItem","position":3,"name":"Ars\u00e8ne Schrauwen"}]},{"@type":"WebSite","@id":"https:\/\/www.lassociation.fr\/en\/#website","url":"https:\/\/www.lassociation.fr\/en\/","name":"L\u2019Association","description":"Maison d\u2019\u00e9dition fran\u00e7aise de bande dessin\u00e9e, fond\u00e9e en 1990.","publisher":{"@id":"https:\/\/www.lassociation.fr\/en\/#organization"},"potentialAction":[{"@type":"SearchAction","target":{"@type":"EntryPoint","urlTemplate":"https:\/\/www.lassociation.fr\/en\/?s={search_term_string}"},"query-input":{"@type":"PropertyValueSpecification","valueRequired":true,"valueName":"search_term_string"}}],"inLanguage":"en-US"},{"@type":"Organization","@id":"https:\/\/www.lassociation.fr\/en\/#organization","name":"L\u2019Association","url":"https:\/\/www.lassociation.fr\/en\/","logo":{"@type":"ImageObject","inLanguage":"en-US","@id":"https:\/\/www.lassociation.fr\/en\/#\/schema\/logo\/image\/","url":"https:\/\/www.lassociation.fr\/backoffice\/wp-content\/uploads\/2019\/11\/asso_large.png","contentUrl":"https:\/\/www.lassociation.fr\/backoffice\/wp-content\/uploads\/2019\/11\/asso_large.png","width":1200,"height":630,"caption":"L\u2019Association"},"image":{"@id":"https:\/\/www.lassociation.fr\/en\/#\/schema\/logo\/image\/"},"sameAs":["https:\/\/www.facebook.com\/lhydrelasso\/","https:\/\/x.com\/lassociation","https:\/\/www.instagram.com\/editions_lassociation","https:\/\/fr.wikipedia.org\/wiki\/LAssociation","https:\/\/www.youtube.com\/@editions_lassociation"]}]}},"_links":{"self":[{"href":"https:\/\/www.lassociation.fr\/en\/wp-json\/wp\/v2\/product\/1612","targetHints":{"allow":["GET"]}}],"collection":[{"href":"https:\/\/www.lassociation.fr\/en\/wp-json\/wp\/v2\/product"}],"about":[{"href":"https:\/\/www.lassociation.fr\/en\/wp-json\/wp\/v2\/types\/product"}],"wp:featuredmedia":[{"embeddable":true,"href":"https:\/\/www.lassociation.fr\/en\/wp-json\/wp\/v2\/media\/2276"}],"wp:attachment":[{"href":"https:\/\/www.lassociation.fr\/en\/wp-json\/wp\/v2\/media?parent=1612"}],"wp:term":[{"taxonomy":"product_cat","embeddable":true,"href":"https:\/\/www.lassociation.fr\/en\/wp-json\/wp\/v2\/product_cat?post=1612"},{"taxonomy":"product_tag","embeddable":true,"href":"https:\/\/www.lassociation.fr\/en\/wp-json\/wp\/v2\/product_tag?post=1612"}],"curies":[{"name":"wp","href":"https:\/\/api.w.org\/{rel}","templated":true}]}}