{"id":1617,"date":"2015-06-01T00:00:00","date_gmt":"2015-05-31T22:00:00","guid":{"rendered":"https:\/\/www.lassociation.fr\/product\/eclaircies-sur-le-terrain-vague\/"},"modified":"2026-01-22T11:38:57","modified_gmt":"2026-01-22T10:38:57","slug":"eclaircies-sur-le-terrain-vague","status":"publish","type":"product","link":"https:\/\/www.lassociation.fr\/en\/catalogue\/eclaircies-sur-le-terrain-vague\/","title":{"rendered":"\u00c9claircies sur le terrain vague"},"content":{"rendered":"<p>Apr\u00e8s les Avis d\u2019orage, Christian Rosset poursuit ses incursions dans les territoires de la bande dessin\u00e9e.<br \/>\nAventurier en chambre, il parcourt le terrain vague hant\u00e9 par quelques grands anciens (Franquin, Fred, ou encore Bret\u00e9cher et Mandryka) et nombre d\u2019auteurs contemporains (Blutch, Killoffer, Sardon, etc.)<br \/>\nDans cet espace ouvert soumis aux variations (atmosph\u00e9riques ou autres), les cl\u00f4tures mises \u00e0 bas et les balises d\u00e9laiss\u00e9es, il n\u2019\u00e9crit qu\u2019\u00e0 partir de ce qui lui \u00absouffle \u00e0 l\u2019oreille de belles et vraies questions\u00bb . Ici, point d\u2019opinions (les touristes de la BD s\u2019en chargent) mais des essais de voies, guid\u00e9s par son intuition qui le d\u00e9couvre \u00abintrigu\u00e9, touch\u00e9 et \u00e9merveill\u00e9\u00bb.<br \/>\nAppliquons \u00e0 Christian Rosset, la citation qu\u2019il fait de J. L. Borg\u00e8s : \u00abLes bons lecteurs sont des oiseaux rares, encore plus t\u00e9n\u00e9breux que les bons auteurs\u00bb.<\/p>\n","protected":false},"excerpt":{"rendered":"<p>Apr\u00e8s les Avis d\u2019orage, Christian Rosset poursuit ses incursions dans les territoires de la bande dessin\u00e9e. Aventurier en chambre, il parcourt le terrain vague hant\u00e9 par quelques grands anciens (Franquin, Fred, ou encore Bret\u00e9cher et Mandryka) et nombre d\u2019auteurs contemporains (Blutch, Killoffer, Sardon, etc.) Dans cet espace ouvert soumis aux variations (atmosph\u00e9riques ou autres), les [&hellip;]<\/p>\n","protected":false},"featured_media":2281,"template":"","meta":{"_acf_changed":false},"product_cat":[42],"product_tag":[],"class_list":{"0":"post-1617","1":"product","2":"type-product","3":"status-publish","4":"has-post-thumbnail","6":"product_cat-eprouvette","7":"member-discount","8":"discount-restricted","10":"first","11":"instock","12":"taxable","13":"shipping-taxable","14":"purchasable","15":"product-type-simple"},"acf":[],"yoast_head":"<title>\u00c9claircies sur le terrain vague - L\u2019Association<\/title>\n<meta name=\"robots\" content=\"index, follow, max-snippet:-1, max-image-preview:large, max-video-preview:-1\" \/>\n<link rel=\"canonical\" href=\"https:\/\/www.lassociation.fr\/en\/catalogue\/eclaircies-sur-le-terrain-vague\/\" \/>\n<meta property=\"og:locale\" content=\"en_US\" \/>\n<meta property=\"og:type\" content=\"article\" \/>\n<meta property=\"og:title\" content=\"\u00c9claircies sur le terrain vague - L\u2019Association\" \/>\n<meta property=\"og:description\" content=\"Apr\u00e8s les Avis d\u2019orage, Christian Rosset poursuit ses incursions dans les territoires de la bande dessin\u00e9e. Aventurier en chambre, il parcourt le terrain vague hant\u00e9 par quelques grands anciens (Franquin, Fred, ou encore Bret\u00e9cher et Mandryka) et nombre d\u2019auteurs contemporains (Blutch, Killoffer, Sardon, etc.) Dans cet espace ouvert soumis aux variations (atmosph\u00e9riques ou autres), les [&hellip;]\" \/>\n<meta property=\"og:url\" content=\"https:\/\/www.lassociation.fr\/en\/catalogue\/eclaircies-sur-le-terrain-vague\/\" \/>\n<meta property=\"og:site_name\" content=\"L\u2019Association\" \/>\n<meta property=\"article:publisher\" content=\"https:\/\/www.facebook.com\/lhydrelasso\/\" \/>\n<meta property=\"article:modified_time\" content=\"2026-01-22T10:38:57+00:00\" \/>\n<meta property=\"og:image\" content=\"https:\/\/www.lassociation.fr\/backoffice\/wp-content\/uploads\/2019\/09\/3243.png\" \/>\n\t<meta property=\"og:image:width\" content=\"397\" \/>\n\t<meta property=\"og:image:height\" content=\"539\" \/>\n\t<meta property=\"og:image:type\" content=\"image\/png\" \/>\n<meta name=\"twitter:card\" content=\"summary_large_image\" \/>\n<meta name=\"twitter:site\" content=\"@lassociation\" \/>\n<script type=\"application\/ld+json\" class=\"yoast-schema-graph\">{\"@context\":\"https:\\\/\\\/schema.org\",\"@graph\":[{\"@type\":\"WebPage\",\"@id\":\"https:\\\/\\\/www.lassociation.fr\\\/en\\\/catalogue\\\/eclaircies-sur-le-terrain-vague\\\/\",\"url\":\"https:\\\/\\\/www.lassociation.fr\\\/en\\\/catalogue\\\/eclaircies-sur-le-terrain-vague\\\/\",\"name\":\"\u00c9claircies sur le terrain vague - L\u2019Association\",\"isPartOf\":{\"@id\":\"https:\\\/\\\/www.lassociation.fr\\\/en\\\/#website\"},\"primaryImageOfPage\":{\"@id\":\"https:\\\/\\\/www.lassociation.fr\\\/en\\\/catalogue\\\/eclaircies-sur-le-terrain-vague\\\/#primaryimage\"},\"image\":{\"@id\":\"https:\\\/\\\/www.lassociation.fr\\\/en\\\/catalogue\\\/eclaircies-sur-le-terrain-vague\\\/#primaryimage\"},\"thumbnailUrl\":\"https:\\\/\\\/www.lassociation.fr\\\/backoffice\\\/wp-content\\\/uploads\\\/2019\\\/09\\\/3243.png\",\"datePublished\":\"2015-05-31T22:00:00+00:00\",\"dateModified\":\"2026-01-22T10:38:57+00:00\",\"breadcrumb\":{\"@id\":\"https:\\\/\\\/www.lassociation.fr\\\/en\\\/catalogue\\\/eclaircies-sur-le-terrain-vague\\\/#breadcrumb\"},\"inLanguage\":\"en-US\",\"potentialAction\":[{\"@type\":\"ReadAction\",\"target\":[\"https:\\\/\\\/www.lassociation.fr\\\/en\\\/catalogue\\\/eclaircies-sur-le-terrain-vague\\\/\"]}]},{\"@type\":\"ImageObject\",\"inLanguage\":\"en-US\",\"@id\":\"https:\\\/\\\/www.lassociation.fr\\\/en\\\/catalogue\\\/eclaircies-sur-le-terrain-vague\\\/#primaryimage\",\"url\":\"https:\\\/\\\/www.lassociation.fr\\\/backoffice\\\/wp-content\\\/uploads\\\/2019\\\/09\\\/3243.png\",\"contentUrl\":\"https:\\\/\\\/www.lassociation.fr\\\/backoffice\\\/wp-content\\\/uploads\\\/2019\\\/09\\\/3243.png\",\"width\":397,\"height\":539},{\"@type\":\"BreadcrumbList\",\"@id\":\"https:\\\/\\\/www.lassociation.fr\\\/en\\\/catalogue\\\/eclaircies-sur-le-terrain-vague\\\/#breadcrumb\",\"itemListElement\":[{\"@type\":\"ListItem\",\"position\":1,\"name\":\"Accueil\",\"item\":\"https:\\\/\\\/www.lassociation.fr\\\/en\\\/\"},{\"@type\":\"ListItem\",\"position\":2,\"name\":\"Catalog\",\"item\":\"https:\\\/\\\/www.lassociation.fr\\\/en\\\/catalogue\\\/\"},{\"@type\":\"ListItem\",\"position\":3,\"name\":\"\u00c9claircies sur le terrain vague\"}]},{\"@type\":\"WebSite\",\"@id\":\"https:\\\/\\\/www.lassociation.fr\\\/en\\\/#website\",\"url\":\"https:\\\/\\\/www.lassociation.fr\\\/en\\\/\",\"name\":\"L\u2019Association\",\"description\":\"Maison d\u2019\u00e9dition fran\u00e7aise de bande dessin\u00e9e, fond\u00e9e en 1990.\",\"publisher\":{\"@id\":\"https:\\\/\\\/www.lassociation.fr\\\/en\\\/#organization\"},\"potentialAction\":[{\"@type\":\"SearchAction\",\"target\":{\"@type\":\"EntryPoint\",\"urlTemplate\":\"https:\\\/\\\/www.lassociation.fr\\\/en\\\/?s={search_term_string}\"},\"query-input\":{\"@type\":\"PropertyValueSpecification\",\"valueRequired\":true,\"valueName\":\"search_term_string\"}}],\"inLanguage\":\"en-US\"},{\"@type\":\"Organization\",\"@id\":\"https:\\\/\\\/www.lassociation.fr\\\/en\\\/#organization\",\"name\":\"L\u2019Association\",\"url\":\"https:\\\/\\\/www.lassociation.fr\\\/en\\\/\",\"logo\":{\"@type\":\"ImageObject\",\"inLanguage\":\"en-US\",\"@id\":\"https:\\\/\\\/www.lassociation.fr\\\/en\\\/#\\\/schema\\\/logo\\\/image\\\/\",\"url\":\"https:\\\/\\\/www.lassociation.fr\\\/backoffice\\\/wp-content\\\/uploads\\\/2019\\\/11\\\/asso_large.png\",\"contentUrl\":\"https:\\\/\\\/www.lassociation.fr\\\/backoffice\\\/wp-content\\\/uploads\\\/2019\\\/11\\\/asso_large.png\",\"width\":1200,\"height\":630,\"caption\":\"L\u2019Association\"},\"image\":{\"@id\":\"https:\\\/\\\/www.lassociation.fr\\\/en\\\/#\\\/schema\\\/logo\\\/image\\\/\"},\"sameAs\":[\"https:\\\/\\\/www.facebook.com\\\/lhydrelasso\\\/\",\"https:\\\/\\\/x.com\\\/lassociation\",\"https:\\\/\\\/www.instagram.com\\\/editions_lassociation\",\"https:\\\/\\\/fr.wikipedia.org\\\/wiki\\\/LAssociation\",\"https:\\\/\\\/www.youtube.com\\\/@editions_lassociation\"]}]}<\/script>","yoast_head_json":{"title":"\u00c9claircies sur le terrain vague - L\u2019Association","robots":{"index":"index","follow":"follow","max-snippet":"max-snippet:-1","max-image-preview":"max-image-preview:large","max-video-preview":"max-video-preview:-1"},"canonical":"https:\/\/www.lassociation.fr\/en\/catalogue\/eclaircies-sur-le-terrain-vague\/","og_locale":"en_US","og_type":"article","og_title":"\u00c9claircies sur le terrain vague - L\u2019Association","og_description":"Apr\u00e8s les Avis d\u2019orage, Christian Rosset poursuit ses incursions dans les territoires de la bande dessin\u00e9e. Aventurier en chambre, il parcourt le terrain vague hant\u00e9 par quelques grands anciens (Franquin, Fred, ou encore Bret\u00e9cher et Mandryka) et nombre d\u2019auteurs contemporains (Blutch, Killoffer, Sardon, etc.) Dans cet espace ouvert soumis aux variations (atmosph\u00e9riques ou autres), les [&hellip;]","og_url":"https:\/\/www.lassociation.fr\/en\/catalogue\/eclaircies-sur-le-terrain-vague\/","og_site_name":"L\u2019Association","article_publisher":"https:\/\/www.facebook.com\/lhydrelasso\/","article_modified_time":"2026-01-22T10:38:57+00:00","og_image":[{"width":397,"height":539,"url":"https:\/\/www.lassociation.fr\/backoffice\/wp-content\/uploads\/2019\/09\/3243.png","type":"image\/png"}],"twitter_card":"summary_large_image","twitter_site":"@lassociation","schema":{"@context":"https:\/\/schema.org","@graph":[{"@type":"WebPage","@id":"https:\/\/www.lassociation.fr\/en\/catalogue\/eclaircies-sur-le-terrain-vague\/","url":"https:\/\/www.lassociation.fr\/en\/catalogue\/eclaircies-sur-le-terrain-vague\/","name":"\u00c9claircies sur le terrain vague - L\u2019Association","isPartOf":{"@id":"https:\/\/www.lassociation.fr\/en\/#website"},"primaryImageOfPage":{"@id":"https:\/\/www.lassociation.fr\/en\/catalogue\/eclaircies-sur-le-terrain-vague\/#primaryimage"},"image":{"@id":"https:\/\/www.lassociation.fr\/en\/catalogue\/eclaircies-sur-le-terrain-vague\/#primaryimage"},"thumbnailUrl":"https:\/\/www.lassociation.fr\/backoffice\/wp-content\/uploads\/2019\/09\/3243.png","datePublished":"2015-05-31T22:00:00+00:00","dateModified":"2026-01-22T10:38:57+00:00","breadcrumb":{"@id":"https:\/\/www.lassociation.fr\/en\/catalogue\/eclaircies-sur-le-terrain-vague\/#breadcrumb"},"inLanguage":"en-US","potentialAction":[{"@type":"ReadAction","target":["https:\/\/www.lassociation.fr\/en\/catalogue\/eclaircies-sur-le-terrain-vague\/"]}]},{"@type":"ImageObject","inLanguage":"en-US","@id":"https:\/\/www.lassociation.fr\/en\/catalogue\/eclaircies-sur-le-terrain-vague\/#primaryimage","url":"https:\/\/www.lassociation.fr\/backoffice\/wp-content\/uploads\/2019\/09\/3243.png","contentUrl":"https:\/\/www.lassociation.fr\/backoffice\/wp-content\/uploads\/2019\/09\/3243.png","width":397,"height":539},{"@type":"BreadcrumbList","@id":"https:\/\/www.lassociation.fr\/en\/catalogue\/eclaircies-sur-le-terrain-vague\/#breadcrumb","itemListElement":[{"@type":"ListItem","position":1,"name":"Accueil","item":"https:\/\/www.lassociation.fr\/en\/"},{"@type":"ListItem","position":2,"name":"Catalog","item":"https:\/\/www.lassociation.fr\/en\/catalogue\/"},{"@type":"ListItem","position":3,"name":"\u00c9claircies sur le terrain vague"}]},{"@type":"WebSite","@id":"https:\/\/www.lassociation.fr\/en\/#website","url":"https:\/\/www.lassociation.fr\/en\/","name":"L\u2019Association","description":"Maison d\u2019\u00e9dition fran\u00e7aise de bande dessin\u00e9e, fond\u00e9e en 1990.","publisher":{"@id":"https:\/\/www.lassociation.fr\/en\/#organization"},"potentialAction":[{"@type":"SearchAction","target":{"@type":"EntryPoint","urlTemplate":"https:\/\/www.lassociation.fr\/en\/?s={search_term_string}"},"query-input":{"@type":"PropertyValueSpecification","valueRequired":true,"valueName":"search_term_string"}}],"inLanguage":"en-US"},{"@type":"Organization","@id":"https:\/\/www.lassociation.fr\/en\/#organization","name":"L\u2019Association","url":"https:\/\/www.lassociation.fr\/en\/","logo":{"@type":"ImageObject","inLanguage":"en-US","@id":"https:\/\/www.lassociation.fr\/en\/#\/schema\/logo\/image\/","url":"https:\/\/www.lassociation.fr\/backoffice\/wp-content\/uploads\/2019\/11\/asso_large.png","contentUrl":"https:\/\/www.lassociation.fr\/backoffice\/wp-content\/uploads\/2019\/11\/asso_large.png","width":1200,"height":630,"caption":"L\u2019Association"},"image":{"@id":"https:\/\/www.lassociation.fr\/en\/#\/schema\/logo\/image\/"},"sameAs":["https:\/\/www.facebook.com\/lhydrelasso\/","https:\/\/x.com\/lassociation","https:\/\/www.instagram.com\/editions_lassociation","https:\/\/fr.wikipedia.org\/wiki\/LAssociation","https:\/\/www.youtube.com\/@editions_lassociation"]}]}},"_links":{"self":[{"href":"https:\/\/www.lassociation.fr\/en\/wp-json\/wp\/v2\/product\/1617","targetHints":{"allow":["GET"]}}],"collection":[{"href":"https:\/\/www.lassociation.fr\/en\/wp-json\/wp\/v2\/product"}],"about":[{"href":"https:\/\/www.lassociation.fr\/en\/wp-json\/wp\/v2\/types\/product"}],"wp:featuredmedia":[{"embeddable":true,"href":"https:\/\/www.lassociation.fr\/en\/wp-json\/wp\/v2\/media\/2281"}],"wp:attachment":[{"href":"https:\/\/www.lassociation.fr\/en\/wp-json\/wp\/v2\/media?parent=1617"}],"wp:term":[{"taxonomy":"product_cat","embeddable":true,"href":"https:\/\/www.lassociation.fr\/en\/wp-json\/wp\/v2\/product_cat?post=1617"},{"taxonomy":"product_tag","embeddable":true,"href":"https:\/\/www.lassociation.fr\/en\/wp-json\/wp\/v2\/product_tag?post=1617"}],"curies":[{"name":"wp","href":"https:\/\/api.w.org\/{rel}","templated":true}]}}