{"id":1618,"date":"2015-06-01T00:00:00","date_gmt":"2015-05-31T22:00:00","guid":{"rendered":"https:\/\/www.lassociation.fr\/product\/oupus-6\/"},"modified":"2026-01-22T11:38:57","modified_gmt":"2026-01-22T10:38:57","slug":"oupus-6","status":"publish","type":"product","link":"https:\/\/www.lassociation.fr\/en\/catalogue\/oupus-6\/","title":{"rendered":"Oupus 6"},"content":{"rendered":"<p>Voil\u00e0 presque vingt-cinq ans que l\u2019Ouvroir de Bande Dessin\u00e9e Potentiel creuse le sillon de la cr\u00e9ation sous contraintes. Si l\u2019OuBaPo suit un rythme lunatique et erratique, son terrain d\u2019exp\u00e9rimentation n\u2019a cess\u00e9 de s\u2019agrandir.<\/p>\n<p>Cet Oupus 6 propose un regard r\u00e9trospectif et prospectif sur le champ en perp\u00e9tuel d\u00e9frichage qu\u2019il s\u2019est donn\u00e9. Revenant sur plus de dix ans de travaux, ce sixi\u00e8me Oupus donne \u00e0 lire les exp\u00e9rimentations de la plupart des treize membres de l\u2019OuBaPo class\u00e9s suivant la Table Approximative des Contraintes de L\u00e9croart. Sont ici rassembl\u00e9s une cinquantaine de travaux : it\u00e9rations de Gilles Ciment, upside-down de Killoffer, divisions d\u2019images d\u2019Alex Baladi, ordonnancements de Matt Madden, recadrages d\u2019Ibn Al Rabin, r\u00e9ordonnancements de Fran\u00e7ois Ayroles, divisions s\u00e9quentielles d\u2019Andr\u00e9as Ku?ndig, r\u00e9interpr\u00e9tations de Jochen Gerner, substitutions de Lewis Trondheim et d\u2019Anne Baraou, plurilecturabilit\u00e9 d\u2019\u00c9tienne L\u00e9croart, exercices collectifs avec J.-C. Menu, etc.<br \/>\nEnfin, Etienne L\u00e9croart, assist\u00e9 de Matt Madden, a entrepris de d\u00e9busquer l\u2019Oubapo dans un certain nombre de travaux extra-oubapiens qui entrent en r\u00e9sonance avec ses recherches.<\/p>\n<p>On y retrouvera aussi Chris Ware, Marc-Antoine Mathieu, Richard McGuire, Ruppert &amp;Mulot, Beno\u00eet Jacques, St\u00e9phane Blanquet et tant d\u2019autres \u00e0 d\u00e9couvrir ou red\u00e9couvrir.<\/p>\n","protected":false},"excerpt":{"rendered":"<p>Voil\u00e0 presque vingt-cinq ans que l\u2019Ouvroir de Bande Dessin\u00e9e Potentiel creuse le sillon de la cr\u00e9ation sous contraintes. Si l\u2019OuBaPo suit un rythme lunatique et erratique, son terrain d\u2019exp\u00e9rimentation n\u2019a cess\u00e9 de s\u2019agrandir. Cet Oupus 6 propose un regard r\u00e9trospectif et prospectif sur le champ en perp\u00e9tuel d\u00e9frichage qu\u2019il s\u2019est donn\u00e9. Revenant sur plus de [&hellip;]<\/p>\n","protected":false},"featured_media":2282,"template":"","meta":{"_acf_changed":false},"product_cat":[47],"product_tag":[],"class_list":{"0":"post-1618","1":"product","2":"type-product","3":"status-publish","4":"has-post-thumbnail","6":"product_cat-oubapo","7":"product_shipping_class-avec-signature","8":"member-discount","9":"discount-restricted","11":"first","12":"instock","13":"taxable","14":"shipping-taxable","15":"purchasable","16":"product-type-simple"},"acf":[],"yoast_head":"<title>Oupus 6 - L\u2019Association<\/title>\n<meta name=\"robots\" content=\"index, follow, max-snippet:-1, max-image-preview:large, max-video-preview:-1\" \/>\n<link rel=\"canonical\" href=\"https:\/\/www.lassociation.fr\/en\/catalogue\/oupus-6\/\" \/>\n<meta property=\"og:locale\" content=\"en_US\" \/>\n<meta property=\"og:type\" content=\"article\" \/>\n<meta property=\"og:title\" content=\"Oupus 6 - L\u2019Association\" \/>\n<meta property=\"og:description\" content=\"Voil\u00e0 presque vingt-cinq ans que l\u2019Ouvroir de Bande Dessin\u00e9e Potentiel creuse le sillon de la cr\u00e9ation sous contraintes. Si l\u2019OuBaPo suit un rythme lunatique et erratique, son terrain d\u2019exp\u00e9rimentation n\u2019a cess\u00e9 de s\u2019agrandir. Cet Oupus 6 propose un regard r\u00e9trospectif et prospectif sur le champ en perp\u00e9tuel d\u00e9frichage qu\u2019il s\u2019est donn\u00e9. Revenant sur plus de [&hellip;]\" \/>\n<meta property=\"og:url\" content=\"https:\/\/www.lassociation.fr\/en\/catalogue\/oupus-6\/\" \/>\n<meta property=\"og:site_name\" content=\"L\u2019Association\" \/>\n<meta property=\"article:publisher\" content=\"https:\/\/www.facebook.com\/lhydrelasso\/\" \/>\n<meta property=\"article:modified_time\" content=\"2026-01-22T10:38:57+00:00\" \/>\n<meta property=\"og:image\" content=\"https:\/\/www.lassociation.fr\/backoffice\/wp-content\/uploads\/2019\/09\/3242.png\" \/>\n\t<meta property=\"og:image:width\" content=\"539\" \/>\n\t<meta property=\"og:image:height\" content=\"836\" \/>\n\t<meta property=\"og:image:type\" content=\"image\/png\" \/>\n<meta name=\"twitter:card\" content=\"summary_large_image\" \/>\n<meta name=\"twitter:site\" content=\"@lassociation\" \/>\n<script type=\"application\/ld+json\" class=\"yoast-schema-graph\">{\"@context\":\"https:\\\/\\\/schema.org\",\"@graph\":[{\"@type\":\"WebPage\",\"@id\":\"https:\\\/\\\/www.lassociation.fr\\\/en\\\/catalogue\\\/oupus-6\\\/\",\"url\":\"https:\\\/\\\/www.lassociation.fr\\\/en\\\/catalogue\\\/oupus-6\\\/\",\"name\":\"Oupus 6 - L\u2019Association\",\"isPartOf\":{\"@id\":\"https:\\\/\\\/www.lassociation.fr\\\/en\\\/#website\"},\"primaryImageOfPage\":{\"@id\":\"https:\\\/\\\/www.lassociation.fr\\\/en\\\/catalogue\\\/oupus-6\\\/#primaryimage\"},\"image\":{\"@id\":\"https:\\\/\\\/www.lassociation.fr\\\/en\\\/catalogue\\\/oupus-6\\\/#primaryimage\"},\"thumbnailUrl\":\"https:\\\/\\\/www.lassociation.fr\\\/backoffice\\\/wp-content\\\/uploads\\\/2019\\\/09\\\/3242.png\",\"datePublished\":\"2015-05-31T22:00:00+00:00\",\"dateModified\":\"2026-01-22T10:38:57+00:00\",\"breadcrumb\":{\"@id\":\"https:\\\/\\\/www.lassociation.fr\\\/en\\\/catalogue\\\/oupus-6\\\/#breadcrumb\"},\"inLanguage\":\"en-US\",\"potentialAction\":[{\"@type\":\"ReadAction\",\"target\":[\"https:\\\/\\\/www.lassociation.fr\\\/en\\\/catalogue\\\/oupus-6\\\/\"]}]},{\"@type\":\"ImageObject\",\"inLanguage\":\"en-US\",\"@id\":\"https:\\\/\\\/www.lassociation.fr\\\/en\\\/catalogue\\\/oupus-6\\\/#primaryimage\",\"url\":\"https:\\\/\\\/www.lassociation.fr\\\/backoffice\\\/wp-content\\\/uploads\\\/2019\\\/09\\\/3242.png\",\"contentUrl\":\"https:\\\/\\\/www.lassociation.fr\\\/backoffice\\\/wp-content\\\/uploads\\\/2019\\\/09\\\/3242.png\",\"width\":539,\"height\":836},{\"@type\":\"BreadcrumbList\",\"@id\":\"https:\\\/\\\/www.lassociation.fr\\\/en\\\/catalogue\\\/oupus-6\\\/#breadcrumb\",\"itemListElement\":[{\"@type\":\"ListItem\",\"position\":1,\"name\":\"Accueil\",\"item\":\"https:\\\/\\\/www.lassociation.fr\\\/en\\\/\"},{\"@type\":\"ListItem\",\"position\":2,\"name\":\"Catalog\",\"item\":\"https:\\\/\\\/www.lassociation.fr\\\/en\\\/catalogue\\\/\"},{\"@type\":\"ListItem\",\"position\":3,\"name\":\"Oupus 6\"}]},{\"@type\":\"WebSite\",\"@id\":\"https:\\\/\\\/www.lassociation.fr\\\/en\\\/#website\",\"url\":\"https:\\\/\\\/www.lassociation.fr\\\/en\\\/\",\"name\":\"L\u2019Association\",\"description\":\"Maison d\u2019\u00e9dition fran\u00e7aise de bande dessin\u00e9e, fond\u00e9e en 1990.\",\"publisher\":{\"@id\":\"https:\\\/\\\/www.lassociation.fr\\\/en\\\/#organization\"},\"potentialAction\":[{\"@type\":\"SearchAction\",\"target\":{\"@type\":\"EntryPoint\",\"urlTemplate\":\"https:\\\/\\\/www.lassociation.fr\\\/en\\\/?s={search_term_string}\"},\"query-input\":{\"@type\":\"PropertyValueSpecification\",\"valueRequired\":true,\"valueName\":\"search_term_string\"}}],\"inLanguage\":\"en-US\"},{\"@type\":\"Organization\",\"@id\":\"https:\\\/\\\/www.lassociation.fr\\\/en\\\/#organization\",\"name\":\"L\u2019Association\",\"url\":\"https:\\\/\\\/www.lassociation.fr\\\/en\\\/\",\"logo\":{\"@type\":\"ImageObject\",\"inLanguage\":\"en-US\",\"@id\":\"https:\\\/\\\/www.lassociation.fr\\\/en\\\/#\\\/schema\\\/logo\\\/image\\\/\",\"url\":\"https:\\\/\\\/www.lassociation.fr\\\/backoffice\\\/wp-content\\\/uploads\\\/2019\\\/11\\\/asso_large.png\",\"contentUrl\":\"https:\\\/\\\/www.lassociation.fr\\\/backoffice\\\/wp-content\\\/uploads\\\/2019\\\/11\\\/asso_large.png\",\"width\":1200,\"height\":630,\"caption\":\"L\u2019Association\"},\"image\":{\"@id\":\"https:\\\/\\\/www.lassociation.fr\\\/en\\\/#\\\/schema\\\/logo\\\/image\\\/\"},\"sameAs\":[\"https:\\\/\\\/www.facebook.com\\\/lhydrelasso\\\/\",\"https:\\\/\\\/x.com\\\/lassociation\",\"https:\\\/\\\/www.instagram.com\\\/editions_lassociation\",\"https:\\\/\\\/fr.wikipedia.org\\\/wiki\\\/LAssociation\",\"https:\\\/\\\/www.youtube.com\\\/@editions_lassociation\"]}]}<\/script>","yoast_head_json":{"title":"Oupus 6 - L\u2019Association","robots":{"index":"index","follow":"follow","max-snippet":"max-snippet:-1","max-image-preview":"max-image-preview:large","max-video-preview":"max-video-preview:-1"},"canonical":"https:\/\/www.lassociation.fr\/en\/catalogue\/oupus-6\/","og_locale":"en_US","og_type":"article","og_title":"Oupus 6 - L\u2019Association","og_description":"Voil\u00e0 presque vingt-cinq ans que l\u2019Ouvroir de Bande Dessin\u00e9e Potentiel creuse le sillon de la cr\u00e9ation sous contraintes. Si l\u2019OuBaPo suit un rythme lunatique et erratique, son terrain d\u2019exp\u00e9rimentation n\u2019a cess\u00e9 de s\u2019agrandir. Cet Oupus 6 propose un regard r\u00e9trospectif et prospectif sur le champ en perp\u00e9tuel d\u00e9frichage qu\u2019il s\u2019est donn\u00e9. Revenant sur plus de [&hellip;]","og_url":"https:\/\/www.lassociation.fr\/en\/catalogue\/oupus-6\/","og_site_name":"L\u2019Association","article_publisher":"https:\/\/www.facebook.com\/lhydrelasso\/","article_modified_time":"2026-01-22T10:38:57+00:00","og_image":[{"width":539,"height":836,"url":"https:\/\/www.lassociation.fr\/backoffice\/wp-content\/uploads\/2019\/09\/3242.png","type":"image\/png"}],"twitter_card":"summary_large_image","twitter_site":"@lassociation","schema":{"@context":"https:\/\/schema.org","@graph":[{"@type":"WebPage","@id":"https:\/\/www.lassociation.fr\/en\/catalogue\/oupus-6\/","url":"https:\/\/www.lassociation.fr\/en\/catalogue\/oupus-6\/","name":"Oupus 6 - L\u2019Association","isPartOf":{"@id":"https:\/\/www.lassociation.fr\/en\/#website"},"primaryImageOfPage":{"@id":"https:\/\/www.lassociation.fr\/en\/catalogue\/oupus-6\/#primaryimage"},"image":{"@id":"https:\/\/www.lassociation.fr\/en\/catalogue\/oupus-6\/#primaryimage"},"thumbnailUrl":"https:\/\/www.lassociation.fr\/backoffice\/wp-content\/uploads\/2019\/09\/3242.png","datePublished":"2015-05-31T22:00:00+00:00","dateModified":"2026-01-22T10:38:57+00:00","breadcrumb":{"@id":"https:\/\/www.lassociation.fr\/en\/catalogue\/oupus-6\/#breadcrumb"},"inLanguage":"en-US","potentialAction":[{"@type":"ReadAction","target":["https:\/\/www.lassociation.fr\/en\/catalogue\/oupus-6\/"]}]},{"@type":"ImageObject","inLanguage":"en-US","@id":"https:\/\/www.lassociation.fr\/en\/catalogue\/oupus-6\/#primaryimage","url":"https:\/\/www.lassociation.fr\/backoffice\/wp-content\/uploads\/2019\/09\/3242.png","contentUrl":"https:\/\/www.lassociation.fr\/backoffice\/wp-content\/uploads\/2019\/09\/3242.png","width":539,"height":836},{"@type":"BreadcrumbList","@id":"https:\/\/www.lassociation.fr\/en\/catalogue\/oupus-6\/#breadcrumb","itemListElement":[{"@type":"ListItem","position":1,"name":"Accueil","item":"https:\/\/www.lassociation.fr\/en\/"},{"@type":"ListItem","position":2,"name":"Catalog","item":"https:\/\/www.lassociation.fr\/en\/catalogue\/"},{"@type":"ListItem","position":3,"name":"Oupus 6"}]},{"@type":"WebSite","@id":"https:\/\/www.lassociation.fr\/en\/#website","url":"https:\/\/www.lassociation.fr\/en\/","name":"L\u2019Association","description":"Maison d\u2019\u00e9dition fran\u00e7aise de bande dessin\u00e9e, fond\u00e9e en 1990.","publisher":{"@id":"https:\/\/www.lassociation.fr\/en\/#organization"},"potentialAction":[{"@type":"SearchAction","target":{"@type":"EntryPoint","urlTemplate":"https:\/\/www.lassociation.fr\/en\/?s={search_term_string}"},"query-input":{"@type":"PropertyValueSpecification","valueRequired":true,"valueName":"search_term_string"}}],"inLanguage":"en-US"},{"@type":"Organization","@id":"https:\/\/www.lassociation.fr\/en\/#organization","name":"L\u2019Association","url":"https:\/\/www.lassociation.fr\/en\/","logo":{"@type":"ImageObject","inLanguage":"en-US","@id":"https:\/\/www.lassociation.fr\/en\/#\/schema\/logo\/image\/","url":"https:\/\/www.lassociation.fr\/backoffice\/wp-content\/uploads\/2019\/11\/asso_large.png","contentUrl":"https:\/\/www.lassociation.fr\/backoffice\/wp-content\/uploads\/2019\/11\/asso_large.png","width":1200,"height":630,"caption":"L\u2019Association"},"image":{"@id":"https:\/\/www.lassociation.fr\/en\/#\/schema\/logo\/image\/"},"sameAs":["https:\/\/www.facebook.com\/lhydrelasso\/","https:\/\/x.com\/lassociation","https:\/\/www.instagram.com\/editions_lassociation","https:\/\/fr.wikipedia.org\/wiki\/LAssociation","https:\/\/www.youtube.com\/@editions_lassociation"]}]}},"_links":{"self":[{"href":"https:\/\/www.lassociation.fr\/en\/wp-json\/wp\/v2\/product\/1618","targetHints":{"allow":["GET"]}}],"collection":[{"href":"https:\/\/www.lassociation.fr\/en\/wp-json\/wp\/v2\/product"}],"about":[{"href":"https:\/\/www.lassociation.fr\/en\/wp-json\/wp\/v2\/types\/product"}],"wp:featuredmedia":[{"embeddable":true,"href":"https:\/\/www.lassociation.fr\/en\/wp-json\/wp\/v2\/media\/2282"}],"wp:attachment":[{"href":"https:\/\/www.lassociation.fr\/en\/wp-json\/wp\/v2\/media?parent=1618"}],"wp:term":[{"taxonomy":"product_cat","embeddable":true,"href":"https:\/\/www.lassociation.fr\/en\/wp-json\/wp\/v2\/product_cat?post=1618"},{"taxonomy":"product_tag","embeddable":true,"href":"https:\/\/www.lassociation.fr\/en\/wp-json\/wp\/v2\/product_tag?post=1618"}],"curies":[{"name":"wp","href":"https:\/\/api.w.org\/{rel}","templated":true}]}}