{"id":1625,"date":"2015-03-01T00:00:00","date_gmt":"2015-02-28T23:00:00","guid":{"rendered":"https:\/\/www.lassociation.fr\/product\/maitres-anciens\/"},"modified":"2026-01-22T11:38:58","modified_gmt":"2026-01-22T10:38:58","slug":"maitres-anciens","status":"publish","type":"product","link":"https:\/\/www.lassociation.fr\/en\/catalogue\/maitres-anciens\/","title":{"rendered":"Ma\u00eetres anciens"},"content":{"rendered":"<p>A l\u2019appel d\u2019un \u00e9diteur litt\u00e9raire allemand, Nicolas Mahler s\u2019est lanc\u00e9 depuis quelques ann\u00e9es dans une s\u00e9rie d\u2019adaptation en bande dessin\u00e9e salu\u00e9es outre-Rhin : Lewis Carroll, Franz Kafka, et deux \u00e9crivains autrichiens, Robert Musil et Thomas Bernhard.<\/p>\n<p>En choisissant un classique de Thomas Bernhard, <em>Ma\u00eetres anciens<\/em>, Nicolas Mahler se confronte \u00e0 un monument, \u00e0 la litt\u00e9rature, \u00e0 l\u2019histoire, \u00e0 l\u2019Autriche.<\/p>\n<p><em>Ma\u00eetres anciens<\/em> met en sc\u00e8ne la conversation (\u00e0 sens unique, bien s\u00fbr) entre Atzbacher et Reger, un vieil habitu\u00e9 du mus\u00e9e d\u2019Histoire de l\u2019art de Vienne. Depuis plus de 30 ans, celui-ci s\u2019assied sur le m\u00eame banc, deux fois par semaine, en face du m\u00eame tableau du Tintoret. Sous le regard bienveillant du gardien Irrsigler, il ressasse ses d\u00e9boires, sa vie routini\u00e8re et am\u00e8re, et se r\u00e9pand en diatribes bilieuses sur la m\u00e9diocrit\u00e9 des artistes, des touristes, de l\u2019Autriche, et de la vie en g\u00e9n\u00e9ral.<\/p>\n<p>Dans ce chef-d\u2019\u0153uvre de misanthropie, Nicolas Mahler taille et va \u00e0 l\u2019essentiel, sans rien toucher \u00e0 la lettre, dans une adaptation extr\u00eamement fid\u00e8le. <em>Ma\u00eetres anciens<\/em> \u00e9tonne par cette rencontre inattendue entre un romancier qui pratique la logorrh\u00e9e, la r\u00e9p\u00e9tition, la pulsion d\u00e9nigrante et le ressassement m\u00e9lancolique, et un auteur de bande dessin\u00e9e dont le dessin et l\u2019humour se caract\u00e9risent par l\u2019\u00e9conomie de moyens, la finesse, l\u2019usage du silence. Nicolas Mahler confirme ici l\u2019\u00e9tendue de son talent et l\u2019incroyable subtilit\u00e9 de son \u0153uvre.<\/p>\n","protected":false},"excerpt":{"rendered":"<p>A l\u2019appel d\u2019un \u00e9diteur litt\u00e9raire allemand, Nicolas Mahler s\u2019est lanc\u00e9 depuis quelques ann\u00e9es dans une s\u00e9rie d\u2019adaptation en bande dessin\u00e9e salu\u00e9es outre-Rhin : Lewis Carroll, Franz Kafka, et deux \u00e9crivains autrichiens, Robert Musil et Thomas Bernhard. En choisissant un classique de Thomas Bernhard, Ma\u00eetres anciens, Nicolas Mahler se confronte \u00e0 un monument, \u00e0 la litt\u00e9rature, [&hellip;]<\/p>\n","protected":false},"featured_media":4171,"template":"","meta":{"_acf_changed":false},"product_cat":[41],"product_tag":[],"class_list":{"0":"post-1625","1":"product","2":"type-product","3":"status-publish","4":"has-post-thumbnail","6":"product_cat-ciboulette","7":"member-discount","8":"discount-restricted","10":"first","11":"instock","12":"taxable","13":"shipping-taxable","14":"purchasable","15":"product-type-simple"},"acf":[],"yoast_head":"<title>Ma\u00eetres anciens - L\u2019Association<\/title>\n<meta name=\"robots\" content=\"index, follow, max-snippet:-1, max-image-preview:large, max-video-preview:-1\" \/>\n<link rel=\"canonical\" href=\"https:\/\/www.lassociation.fr\/en\/catalogue\/maitres-anciens\/\" \/>\n<meta property=\"og:locale\" content=\"en_US\" \/>\n<meta property=\"og:type\" content=\"article\" \/>\n<meta property=\"og:title\" content=\"Ma\u00eetres anciens - L\u2019Association\" \/>\n<meta property=\"og:description\" content=\"A l\u2019appel d\u2019un \u00e9diteur litt\u00e9raire allemand, Nicolas Mahler s\u2019est lanc\u00e9 depuis quelques ann\u00e9es dans une s\u00e9rie d\u2019adaptation en bande dessin\u00e9e salu\u00e9es outre-Rhin : Lewis Carroll, Franz Kafka, et deux \u00e9crivains autrichiens, Robert Musil et Thomas Bernhard. En choisissant un classique de Thomas Bernhard, Ma\u00eetres anciens, Nicolas Mahler se confronte \u00e0 un monument, \u00e0 la litt\u00e9rature, [&hellip;]\" \/>\n<meta property=\"og:url\" content=\"https:\/\/www.lassociation.fr\/en\/catalogue\/maitres-anciens\/\" \/>\n<meta property=\"og:site_name\" content=\"L\u2019Association\" \/>\n<meta property=\"article:publisher\" content=\"https:\/\/www.facebook.com\/lhydrelasso\/\" \/>\n<meta property=\"article:modified_time\" content=\"2026-01-22T10:38:58+00:00\" \/>\n<meta property=\"og:image\" content=\"https:\/\/www.lassociation.fr\/backoffice\/wp-content\/uploads\/2015\/03\/3238.png\" \/>\n\t<meta property=\"og:image:width\" content=\"468\" \/>\n\t<meta property=\"og:image:height\" content=\"694\" \/>\n\t<meta property=\"og:image:type\" content=\"image\/png\" \/>\n<meta name=\"twitter:card\" content=\"summary_large_image\" \/>\n<meta name=\"twitter:site\" content=\"@lassociation\" \/>\n<script type=\"application\/ld+json\" class=\"yoast-schema-graph\">{\"@context\":\"https:\\\/\\\/schema.org\",\"@graph\":[{\"@type\":\"WebPage\",\"@id\":\"https:\\\/\\\/www.lassociation.fr\\\/en\\\/catalogue\\\/maitres-anciens\\\/\",\"url\":\"https:\\\/\\\/www.lassociation.fr\\\/en\\\/catalogue\\\/maitres-anciens\\\/\",\"name\":\"Ma\u00eetres anciens - L\u2019Association\",\"isPartOf\":{\"@id\":\"https:\\\/\\\/www.lassociation.fr\\\/en\\\/#website\"},\"primaryImageOfPage\":{\"@id\":\"https:\\\/\\\/www.lassociation.fr\\\/en\\\/catalogue\\\/maitres-anciens\\\/#primaryimage\"},\"image\":{\"@id\":\"https:\\\/\\\/www.lassociation.fr\\\/en\\\/catalogue\\\/maitres-anciens\\\/#primaryimage\"},\"thumbnailUrl\":\"https:\\\/\\\/www.lassociation.fr\\\/backoffice\\\/wp-content\\\/uploads\\\/2015\\\/03\\\/3238.png\",\"datePublished\":\"2015-02-28T23:00:00+00:00\",\"dateModified\":\"2026-01-22T10:38:58+00:00\",\"breadcrumb\":{\"@id\":\"https:\\\/\\\/www.lassociation.fr\\\/en\\\/catalogue\\\/maitres-anciens\\\/#breadcrumb\"},\"inLanguage\":\"en-US\",\"potentialAction\":[{\"@type\":\"ReadAction\",\"target\":[\"https:\\\/\\\/www.lassociation.fr\\\/en\\\/catalogue\\\/maitres-anciens\\\/\"]}]},{\"@type\":\"ImageObject\",\"inLanguage\":\"en-US\",\"@id\":\"https:\\\/\\\/www.lassociation.fr\\\/en\\\/catalogue\\\/maitres-anciens\\\/#primaryimage\",\"url\":\"https:\\\/\\\/www.lassociation.fr\\\/backoffice\\\/wp-content\\\/uploads\\\/2015\\\/03\\\/3238.png\",\"contentUrl\":\"https:\\\/\\\/www.lassociation.fr\\\/backoffice\\\/wp-content\\\/uploads\\\/2015\\\/03\\\/3238.png\",\"width\":468,\"height\":694},{\"@type\":\"BreadcrumbList\",\"@id\":\"https:\\\/\\\/www.lassociation.fr\\\/en\\\/catalogue\\\/maitres-anciens\\\/#breadcrumb\",\"itemListElement\":[{\"@type\":\"ListItem\",\"position\":1,\"name\":\"Accueil\",\"item\":\"https:\\\/\\\/www.lassociation.fr\\\/en\\\/\"},{\"@type\":\"ListItem\",\"position\":2,\"name\":\"Catalog\",\"item\":\"https:\\\/\\\/www.lassociation.fr\\\/en\\\/catalogue\\\/\"},{\"@type\":\"ListItem\",\"position\":3,\"name\":\"Ma\u00eetres anciens\"}]},{\"@type\":\"WebSite\",\"@id\":\"https:\\\/\\\/www.lassociation.fr\\\/en\\\/#website\",\"url\":\"https:\\\/\\\/www.lassociation.fr\\\/en\\\/\",\"name\":\"L\u2019Association\",\"description\":\"Maison d\u2019\u00e9dition fran\u00e7aise de bande dessin\u00e9e, fond\u00e9e en 1990.\",\"publisher\":{\"@id\":\"https:\\\/\\\/www.lassociation.fr\\\/en\\\/#organization\"},\"potentialAction\":[{\"@type\":\"SearchAction\",\"target\":{\"@type\":\"EntryPoint\",\"urlTemplate\":\"https:\\\/\\\/www.lassociation.fr\\\/en\\\/?s={search_term_string}\"},\"query-input\":{\"@type\":\"PropertyValueSpecification\",\"valueRequired\":true,\"valueName\":\"search_term_string\"}}],\"inLanguage\":\"en-US\"},{\"@type\":\"Organization\",\"@id\":\"https:\\\/\\\/www.lassociation.fr\\\/en\\\/#organization\",\"name\":\"L\u2019Association\",\"url\":\"https:\\\/\\\/www.lassociation.fr\\\/en\\\/\",\"logo\":{\"@type\":\"ImageObject\",\"inLanguage\":\"en-US\",\"@id\":\"https:\\\/\\\/www.lassociation.fr\\\/en\\\/#\\\/schema\\\/logo\\\/image\\\/\",\"url\":\"https:\\\/\\\/www.lassociation.fr\\\/backoffice\\\/wp-content\\\/uploads\\\/2019\\\/11\\\/asso_large.png\",\"contentUrl\":\"https:\\\/\\\/www.lassociation.fr\\\/backoffice\\\/wp-content\\\/uploads\\\/2019\\\/11\\\/asso_large.png\",\"width\":1200,\"height\":630,\"caption\":\"L\u2019Association\"},\"image\":{\"@id\":\"https:\\\/\\\/www.lassociation.fr\\\/en\\\/#\\\/schema\\\/logo\\\/image\\\/\"},\"sameAs\":[\"https:\\\/\\\/www.facebook.com\\\/lhydrelasso\\\/\",\"https:\\\/\\\/x.com\\\/lassociation\",\"https:\\\/\\\/www.instagram.com\\\/editions_lassociation\",\"https:\\\/\\\/fr.wikipedia.org\\\/wiki\\\/LAssociation\",\"https:\\\/\\\/www.youtube.com\\\/@editions_lassociation\"]}]}<\/script>","yoast_head_json":{"title":"Ma\u00eetres anciens - L\u2019Association","robots":{"index":"index","follow":"follow","max-snippet":"max-snippet:-1","max-image-preview":"max-image-preview:large","max-video-preview":"max-video-preview:-1"},"canonical":"https:\/\/www.lassociation.fr\/en\/catalogue\/maitres-anciens\/","og_locale":"en_US","og_type":"article","og_title":"Ma\u00eetres anciens - L\u2019Association","og_description":"A l\u2019appel d\u2019un \u00e9diteur litt\u00e9raire allemand, Nicolas Mahler s\u2019est lanc\u00e9 depuis quelques ann\u00e9es dans une s\u00e9rie d\u2019adaptation en bande dessin\u00e9e salu\u00e9es outre-Rhin : Lewis Carroll, Franz Kafka, et deux \u00e9crivains autrichiens, Robert Musil et Thomas Bernhard. En choisissant un classique de Thomas Bernhard, Ma\u00eetres anciens, Nicolas Mahler se confronte \u00e0 un monument, \u00e0 la litt\u00e9rature, [&hellip;]","og_url":"https:\/\/www.lassociation.fr\/en\/catalogue\/maitres-anciens\/","og_site_name":"L\u2019Association","article_publisher":"https:\/\/www.facebook.com\/lhydrelasso\/","article_modified_time":"2026-01-22T10:38:58+00:00","og_image":[{"width":468,"height":694,"url":"https:\/\/www.lassociation.fr\/backoffice\/wp-content\/uploads\/2015\/03\/3238.png","type":"image\/png"}],"twitter_card":"summary_large_image","twitter_site":"@lassociation","schema":{"@context":"https:\/\/schema.org","@graph":[{"@type":"WebPage","@id":"https:\/\/www.lassociation.fr\/en\/catalogue\/maitres-anciens\/","url":"https:\/\/www.lassociation.fr\/en\/catalogue\/maitres-anciens\/","name":"Ma\u00eetres anciens - L\u2019Association","isPartOf":{"@id":"https:\/\/www.lassociation.fr\/en\/#website"},"primaryImageOfPage":{"@id":"https:\/\/www.lassociation.fr\/en\/catalogue\/maitres-anciens\/#primaryimage"},"image":{"@id":"https:\/\/www.lassociation.fr\/en\/catalogue\/maitres-anciens\/#primaryimage"},"thumbnailUrl":"https:\/\/www.lassociation.fr\/backoffice\/wp-content\/uploads\/2015\/03\/3238.png","datePublished":"2015-02-28T23:00:00+00:00","dateModified":"2026-01-22T10:38:58+00:00","breadcrumb":{"@id":"https:\/\/www.lassociation.fr\/en\/catalogue\/maitres-anciens\/#breadcrumb"},"inLanguage":"en-US","potentialAction":[{"@type":"ReadAction","target":["https:\/\/www.lassociation.fr\/en\/catalogue\/maitres-anciens\/"]}]},{"@type":"ImageObject","inLanguage":"en-US","@id":"https:\/\/www.lassociation.fr\/en\/catalogue\/maitres-anciens\/#primaryimage","url":"https:\/\/www.lassociation.fr\/backoffice\/wp-content\/uploads\/2015\/03\/3238.png","contentUrl":"https:\/\/www.lassociation.fr\/backoffice\/wp-content\/uploads\/2015\/03\/3238.png","width":468,"height":694},{"@type":"BreadcrumbList","@id":"https:\/\/www.lassociation.fr\/en\/catalogue\/maitres-anciens\/#breadcrumb","itemListElement":[{"@type":"ListItem","position":1,"name":"Accueil","item":"https:\/\/www.lassociation.fr\/en\/"},{"@type":"ListItem","position":2,"name":"Catalog","item":"https:\/\/www.lassociation.fr\/en\/catalogue\/"},{"@type":"ListItem","position":3,"name":"Ma\u00eetres anciens"}]},{"@type":"WebSite","@id":"https:\/\/www.lassociation.fr\/en\/#website","url":"https:\/\/www.lassociation.fr\/en\/","name":"L\u2019Association","description":"Maison d\u2019\u00e9dition fran\u00e7aise de bande dessin\u00e9e, fond\u00e9e en 1990.","publisher":{"@id":"https:\/\/www.lassociation.fr\/en\/#organization"},"potentialAction":[{"@type":"SearchAction","target":{"@type":"EntryPoint","urlTemplate":"https:\/\/www.lassociation.fr\/en\/?s={search_term_string}"},"query-input":{"@type":"PropertyValueSpecification","valueRequired":true,"valueName":"search_term_string"}}],"inLanguage":"en-US"},{"@type":"Organization","@id":"https:\/\/www.lassociation.fr\/en\/#organization","name":"L\u2019Association","url":"https:\/\/www.lassociation.fr\/en\/","logo":{"@type":"ImageObject","inLanguage":"en-US","@id":"https:\/\/www.lassociation.fr\/en\/#\/schema\/logo\/image\/","url":"https:\/\/www.lassociation.fr\/backoffice\/wp-content\/uploads\/2019\/11\/asso_large.png","contentUrl":"https:\/\/www.lassociation.fr\/backoffice\/wp-content\/uploads\/2019\/11\/asso_large.png","width":1200,"height":630,"caption":"L\u2019Association"},"image":{"@id":"https:\/\/www.lassociation.fr\/en\/#\/schema\/logo\/image\/"},"sameAs":["https:\/\/www.facebook.com\/lhydrelasso\/","https:\/\/x.com\/lassociation","https:\/\/www.instagram.com\/editions_lassociation","https:\/\/fr.wikipedia.org\/wiki\/LAssociation","https:\/\/www.youtube.com\/@editions_lassociation"]}]}},"_links":{"self":[{"href":"https:\/\/www.lassociation.fr\/en\/wp-json\/wp\/v2\/product\/1625","targetHints":{"allow":["GET"]}}],"collection":[{"href":"https:\/\/www.lassociation.fr\/en\/wp-json\/wp\/v2\/product"}],"about":[{"href":"https:\/\/www.lassociation.fr\/en\/wp-json\/wp\/v2\/types\/product"}],"wp:featuredmedia":[{"embeddable":true,"href":"https:\/\/www.lassociation.fr\/en\/wp-json\/wp\/v2\/media\/4171"}],"wp:attachment":[{"href":"https:\/\/www.lassociation.fr\/en\/wp-json\/wp\/v2\/media?parent=1625"}],"wp:term":[{"taxonomy":"product_cat","embeddable":true,"href":"https:\/\/www.lassociation.fr\/en\/wp-json\/wp\/v2\/product_cat?post=1625"},{"taxonomy":"product_tag","embeddable":true,"href":"https:\/\/www.lassociation.fr\/en\/wp-json\/wp\/v2\/product_tag?post=1625"}],"curies":[{"name":"wp","href":"https:\/\/api.w.org\/{rel}","templated":true}]}}