{"id":1638,"date":"2014-08-01T00:00:00","date_gmt":"2019-09-27T08:42:31","guid":{"rendered":"https:\/\/www.lassociation.fr\/product\/elle\/"},"modified":"2026-01-22T11:38:58","modified_gmt":"2026-01-22T10:38:58","slug":"elle","status":"publish","type":"product","link":"https:\/\/www.lassociation.fr\/en\/catalogue\/elle\/","title":{"rendered":"Elle"},"content":{"rendered":"<p>Masse, auteur dont l\u2019univers graphique exceptionnel a fait l\u2019admiration de Terry Gilliam ou d\u2019 Art Spiegelman, a donn\u00e9 ses meilleures heures \u00e0 la bande dessin\u00e9e des ann\u00e9es 1970-80, participant \u00e0 de nombreuses revues telles que Actuel, Charlie hebdo, Hara Kiri, Fluide Glacial, l\u2019\u00c9cho des Savanes, M\u00e9tal Hurlant, \u00c0 suivre ou Raw, avant de s\u2019\u00e9clipser quelques ann\u00e9es pour se tourner vers d&#8217;autres rives artistiques. Apr\u00e8s la r\u00e9\u00e9dition de On m\u2019appelle l\u2019avalanche en 2005, L\u2019association publie un nouvel ouvrage de cet auteur devenu si rare.<\/p>\n<p>Dans Elle, Masse revient avec un personnage de \u00ab bonhomme \u00e0 b\u00e9ret \u00bb qui \u00e9volue dans une s\u00e9rie de strips au dessin \u00e9pur\u00e9. &#8220;Il ne peut l\u2019avoir tu\u00e9e. Il l\u2019aimait. Trop, peut-\u00eatre&#8221;, pr\u00e9vient l\u2019introduction et pourtant, install\u00e9 sur un fauteuil qui fait office de cellule, le personnage purge bien une peine de prison. Dans sa position de spectateur, plus qu\u2019\u00e0 l\u2019enfermement, il s\u2019est condamn\u00e9 tout seul \u00e0 l\u2019attendre, \u00ab Elle \u00bb, qui ne viendra donc jamais. Ce fauteuil devient alors une lorgnette qui d\u00e9r\u00e8gle la r\u00e9alit\u00e9 o\u00f9 &#8220;le dehors du monde est maintenant retourn\u00e9 comme une chaussette, dans le dedans de sa prison comme dans sa t\u00eate&#8221;.<\/p>\n<p>Dans cet univers carc\u00e9ral \u00e9trange et d\u00e9voy\u00e9, ce personnage au langage rudimentaire et laconique, use d\u2019un humour d\u00e9routant, se joue du lecteur, et am\u00e8rement de lui-m\u00eame &#8220;faire spectacle 6 cases \u2026toujours pareilles-pas-pareilles&#8221;, tout comme son maton qui raille &#8220;Hahaha ! Absurde-humour-b\u00e9d\u00e9-Masse&#8221;. Masse aime se jouer de son m\u00e9dia et &#8220;Elle&#8221;, dont on ne ne sait si elle est r\u00e9elle, imaginaire, morte ou vivante, rappellera une certaine \u00ab dame assise \u00bb et pourra laisser penser que l\u2019on rencontre ici son pendant masculin d\u00e9sabus\u00e9 et esseul\u00e9.<\/p>\n","protected":false},"excerpt":{"rendered":"<p>Masse, auteur dont l\u2019univers graphique exceptionnel a fait l\u2019admiration de Terry Gilliam ou d\u2019 Art Spiegelman, a donn\u00e9 ses meilleures heures \u00e0 la bande dessin\u00e9e des ann\u00e9es 1970-80, participant \u00e0 de nombreuses revues telles que Actuel, Charlie hebdo, Hara Kiri, Fluide Glacial, l\u2019\u00c9cho des Savanes, M\u00e9tal Hurlant, \u00c0 suivre ou Raw, avant de s\u2019\u00e9clipser quelques [&hellip;]<\/p>\n","protected":false},"featured_media":2301,"template":"","meta":{"_acf_changed":false},"product_cat":[44],"product_tag":[],"class_list":{"0":"post-1638","1":"product","2":"type-product","3":"status-publish","4":"has-post-thumbnail","6":"product_cat-espolette","7":"member-discount","8":"discount-restricted","10":"first","11":"instock","12":"taxable","13":"shipping-taxable","14":"purchasable","15":"product-type-simple"},"acf":[],"yoast_head":"<title>Elle - L\u2019Association<\/title>\n<meta name=\"robots\" content=\"index, follow, max-snippet:-1, max-image-preview:large, max-video-preview:-1\" \/>\n<link rel=\"canonical\" href=\"https:\/\/www.lassociation.fr\/en\/catalogue\/elle\/\" \/>\n<meta property=\"og:locale\" content=\"en_US\" \/>\n<meta property=\"og:type\" content=\"article\" \/>\n<meta property=\"og:title\" content=\"Elle - L\u2019Association\" \/>\n<meta property=\"og:description\" content=\"Masse, auteur dont l\u2019univers graphique exceptionnel a fait l\u2019admiration de Terry Gilliam ou d\u2019 Art Spiegelman, a donn\u00e9 ses meilleures heures \u00e0 la bande dessin\u00e9e des ann\u00e9es 1970-80, participant \u00e0 de nombreuses revues telles que Actuel, Charlie hebdo, Hara Kiri, Fluide Glacial, l\u2019\u00c9cho des Savanes, M\u00e9tal Hurlant, \u00c0 suivre ou Raw, avant de s\u2019\u00e9clipser quelques [&hellip;]\" \/>\n<meta property=\"og:url\" content=\"https:\/\/www.lassociation.fr\/en\/catalogue\/elle\/\" \/>\n<meta property=\"og:site_name\" content=\"L\u2019Association\" \/>\n<meta property=\"article:publisher\" content=\"https:\/\/www.facebook.com\/lhydrelasso\/\" \/>\n<meta property=\"article:modified_time\" content=\"2026-01-22T10:38:58+00:00\" \/>\n<meta property=\"og:image\" content=\"https:\/\/www.lassociation.fr\/backoffice\/wp-content\/uploads\/2019\/09\/3204.png\" \/>\n\t<meta property=\"og:image:width\" content=\"434\" \/>\n\t<meta property=\"og:image:height\" content=\"618\" \/>\n\t<meta property=\"og:image:type\" content=\"image\/png\" \/>\n<meta name=\"twitter:card\" content=\"summary_large_image\" \/>\n<meta name=\"twitter:site\" content=\"@lassociation\" \/>\n<script type=\"application\/ld+json\" class=\"yoast-schema-graph\">{\"@context\":\"https:\\\/\\\/schema.org\",\"@graph\":[{\"@type\":\"WebPage\",\"@id\":\"https:\\\/\\\/www.lassociation.fr\\\/en\\\/catalogue\\\/elle\\\/\",\"url\":\"https:\\\/\\\/www.lassociation.fr\\\/en\\\/catalogue\\\/elle\\\/\",\"name\":\"Elle - L\u2019Association\",\"isPartOf\":{\"@id\":\"https:\\\/\\\/www.lassociation.fr\\\/en\\\/#website\"},\"primaryImageOfPage\":{\"@id\":\"https:\\\/\\\/www.lassociation.fr\\\/en\\\/catalogue\\\/elle\\\/#primaryimage\"},\"image\":{\"@id\":\"https:\\\/\\\/www.lassociation.fr\\\/en\\\/catalogue\\\/elle\\\/#primaryimage\"},\"thumbnailUrl\":\"https:\\\/\\\/www.lassociation.fr\\\/backoffice\\\/wp-content\\\/uploads\\\/2019\\\/09\\\/3204.png\",\"datePublished\":\"2019-09-27T08:42:31+00:00\",\"dateModified\":\"2026-01-22T10:38:58+00:00\",\"breadcrumb\":{\"@id\":\"https:\\\/\\\/www.lassociation.fr\\\/en\\\/catalogue\\\/elle\\\/#breadcrumb\"},\"inLanguage\":\"en-US\",\"potentialAction\":[{\"@type\":\"ReadAction\",\"target\":[\"https:\\\/\\\/www.lassociation.fr\\\/en\\\/catalogue\\\/elle\\\/\"]}]},{\"@type\":\"ImageObject\",\"inLanguage\":\"en-US\",\"@id\":\"https:\\\/\\\/www.lassociation.fr\\\/en\\\/catalogue\\\/elle\\\/#primaryimage\",\"url\":\"https:\\\/\\\/www.lassociation.fr\\\/backoffice\\\/wp-content\\\/uploads\\\/2019\\\/09\\\/3204.png\",\"contentUrl\":\"https:\\\/\\\/www.lassociation.fr\\\/backoffice\\\/wp-content\\\/uploads\\\/2019\\\/09\\\/3204.png\",\"width\":434,\"height\":618},{\"@type\":\"BreadcrumbList\",\"@id\":\"https:\\\/\\\/www.lassociation.fr\\\/en\\\/catalogue\\\/elle\\\/#breadcrumb\",\"itemListElement\":[{\"@type\":\"ListItem\",\"position\":1,\"name\":\"Accueil\",\"item\":\"https:\\\/\\\/www.lassociation.fr\\\/en\\\/\"},{\"@type\":\"ListItem\",\"position\":2,\"name\":\"Catalog\",\"item\":\"https:\\\/\\\/www.lassociation.fr\\\/en\\\/catalogue\\\/\"},{\"@type\":\"ListItem\",\"position\":3,\"name\":\"Elle\"}]},{\"@type\":\"WebSite\",\"@id\":\"https:\\\/\\\/www.lassociation.fr\\\/en\\\/#website\",\"url\":\"https:\\\/\\\/www.lassociation.fr\\\/en\\\/\",\"name\":\"L\u2019Association\",\"description\":\"Maison d\u2019\u00e9dition fran\u00e7aise de bande dessin\u00e9e, fond\u00e9e en 1990.\",\"publisher\":{\"@id\":\"https:\\\/\\\/www.lassociation.fr\\\/en\\\/#organization\"},\"potentialAction\":[{\"@type\":\"SearchAction\",\"target\":{\"@type\":\"EntryPoint\",\"urlTemplate\":\"https:\\\/\\\/www.lassociation.fr\\\/en\\\/?s={search_term_string}\"},\"query-input\":{\"@type\":\"PropertyValueSpecification\",\"valueRequired\":true,\"valueName\":\"search_term_string\"}}],\"inLanguage\":\"en-US\"},{\"@type\":\"Organization\",\"@id\":\"https:\\\/\\\/www.lassociation.fr\\\/en\\\/#organization\",\"name\":\"L\u2019Association\",\"url\":\"https:\\\/\\\/www.lassociation.fr\\\/en\\\/\",\"logo\":{\"@type\":\"ImageObject\",\"inLanguage\":\"en-US\",\"@id\":\"https:\\\/\\\/www.lassociation.fr\\\/en\\\/#\\\/schema\\\/logo\\\/image\\\/\",\"url\":\"https:\\\/\\\/www.lassociation.fr\\\/backoffice\\\/wp-content\\\/uploads\\\/2019\\\/11\\\/asso_large.png\",\"contentUrl\":\"https:\\\/\\\/www.lassociation.fr\\\/backoffice\\\/wp-content\\\/uploads\\\/2019\\\/11\\\/asso_large.png\",\"width\":1200,\"height\":630,\"caption\":\"L\u2019Association\"},\"image\":{\"@id\":\"https:\\\/\\\/www.lassociation.fr\\\/en\\\/#\\\/schema\\\/logo\\\/image\\\/\"},\"sameAs\":[\"https:\\\/\\\/www.facebook.com\\\/lhydrelasso\\\/\",\"https:\\\/\\\/x.com\\\/lassociation\",\"https:\\\/\\\/www.instagram.com\\\/editions_lassociation\",\"https:\\\/\\\/fr.wikipedia.org\\\/wiki\\\/LAssociation\",\"https:\\\/\\\/www.youtube.com\\\/@editions_lassociation\"]}]}<\/script>","yoast_head_json":{"title":"Elle - L\u2019Association","robots":{"index":"index","follow":"follow","max-snippet":"max-snippet:-1","max-image-preview":"max-image-preview:large","max-video-preview":"max-video-preview:-1"},"canonical":"https:\/\/www.lassociation.fr\/en\/catalogue\/elle\/","og_locale":"en_US","og_type":"article","og_title":"Elle - L\u2019Association","og_description":"Masse, auteur dont l\u2019univers graphique exceptionnel a fait l\u2019admiration de Terry Gilliam ou d\u2019 Art Spiegelman, a donn\u00e9 ses meilleures heures \u00e0 la bande dessin\u00e9e des ann\u00e9es 1970-80, participant \u00e0 de nombreuses revues telles que Actuel, Charlie hebdo, Hara Kiri, Fluide Glacial, l\u2019\u00c9cho des Savanes, M\u00e9tal Hurlant, \u00c0 suivre ou Raw, avant de s\u2019\u00e9clipser quelques [&hellip;]","og_url":"https:\/\/www.lassociation.fr\/en\/catalogue\/elle\/","og_site_name":"L\u2019Association","article_publisher":"https:\/\/www.facebook.com\/lhydrelasso\/","article_modified_time":"2026-01-22T10:38:58+00:00","og_image":[{"width":434,"height":618,"url":"https:\/\/www.lassociation.fr\/backoffice\/wp-content\/uploads\/2019\/09\/3204.png","type":"image\/png"}],"twitter_card":"summary_large_image","twitter_site":"@lassociation","schema":{"@context":"https:\/\/schema.org","@graph":[{"@type":"WebPage","@id":"https:\/\/www.lassociation.fr\/en\/catalogue\/elle\/","url":"https:\/\/www.lassociation.fr\/en\/catalogue\/elle\/","name":"Elle - L\u2019Association","isPartOf":{"@id":"https:\/\/www.lassociation.fr\/en\/#website"},"primaryImageOfPage":{"@id":"https:\/\/www.lassociation.fr\/en\/catalogue\/elle\/#primaryimage"},"image":{"@id":"https:\/\/www.lassociation.fr\/en\/catalogue\/elle\/#primaryimage"},"thumbnailUrl":"https:\/\/www.lassociation.fr\/backoffice\/wp-content\/uploads\/2019\/09\/3204.png","datePublished":"2019-09-27T08:42:31+00:00","dateModified":"2026-01-22T10:38:58+00:00","breadcrumb":{"@id":"https:\/\/www.lassociation.fr\/en\/catalogue\/elle\/#breadcrumb"},"inLanguage":"en-US","potentialAction":[{"@type":"ReadAction","target":["https:\/\/www.lassociation.fr\/en\/catalogue\/elle\/"]}]},{"@type":"ImageObject","inLanguage":"en-US","@id":"https:\/\/www.lassociation.fr\/en\/catalogue\/elle\/#primaryimage","url":"https:\/\/www.lassociation.fr\/backoffice\/wp-content\/uploads\/2019\/09\/3204.png","contentUrl":"https:\/\/www.lassociation.fr\/backoffice\/wp-content\/uploads\/2019\/09\/3204.png","width":434,"height":618},{"@type":"BreadcrumbList","@id":"https:\/\/www.lassociation.fr\/en\/catalogue\/elle\/#breadcrumb","itemListElement":[{"@type":"ListItem","position":1,"name":"Accueil","item":"https:\/\/www.lassociation.fr\/en\/"},{"@type":"ListItem","position":2,"name":"Catalog","item":"https:\/\/www.lassociation.fr\/en\/catalogue\/"},{"@type":"ListItem","position":3,"name":"Elle"}]},{"@type":"WebSite","@id":"https:\/\/www.lassociation.fr\/en\/#website","url":"https:\/\/www.lassociation.fr\/en\/","name":"L\u2019Association","description":"Maison d\u2019\u00e9dition fran\u00e7aise de bande dessin\u00e9e, fond\u00e9e en 1990.","publisher":{"@id":"https:\/\/www.lassociation.fr\/en\/#organization"},"potentialAction":[{"@type":"SearchAction","target":{"@type":"EntryPoint","urlTemplate":"https:\/\/www.lassociation.fr\/en\/?s={search_term_string}"},"query-input":{"@type":"PropertyValueSpecification","valueRequired":true,"valueName":"search_term_string"}}],"inLanguage":"en-US"},{"@type":"Organization","@id":"https:\/\/www.lassociation.fr\/en\/#organization","name":"L\u2019Association","url":"https:\/\/www.lassociation.fr\/en\/","logo":{"@type":"ImageObject","inLanguage":"en-US","@id":"https:\/\/www.lassociation.fr\/en\/#\/schema\/logo\/image\/","url":"https:\/\/www.lassociation.fr\/backoffice\/wp-content\/uploads\/2019\/11\/asso_large.png","contentUrl":"https:\/\/www.lassociation.fr\/backoffice\/wp-content\/uploads\/2019\/11\/asso_large.png","width":1200,"height":630,"caption":"L\u2019Association"},"image":{"@id":"https:\/\/www.lassociation.fr\/en\/#\/schema\/logo\/image\/"},"sameAs":["https:\/\/www.facebook.com\/lhydrelasso\/","https:\/\/x.com\/lassociation","https:\/\/www.instagram.com\/editions_lassociation","https:\/\/fr.wikipedia.org\/wiki\/LAssociation","https:\/\/www.youtube.com\/@editions_lassociation"]}]}},"_links":{"self":[{"href":"https:\/\/www.lassociation.fr\/en\/wp-json\/wp\/v2\/product\/1638","targetHints":{"allow":["GET"]}}],"collection":[{"href":"https:\/\/www.lassociation.fr\/en\/wp-json\/wp\/v2\/product"}],"about":[{"href":"https:\/\/www.lassociation.fr\/en\/wp-json\/wp\/v2\/types\/product"}],"wp:featuredmedia":[{"embeddable":true,"href":"https:\/\/www.lassociation.fr\/en\/wp-json\/wp\/v2\/media\/2301"}],"wp:attachment":[{"href":"https:\/\/www.lassociation.fr\/en\/wp-json\/wp\/v2\/media?parent=1638"}],"wp:term":[{"taxonomy":"product_cat","embeddable":true,"href":"https:\/\/www.lassociation.fr\/en\/wp-json\/wp\/v2\/product_cat?post=1638"},{"taxonomy":"product_tag","embeddable":true,"href":"https:\/\/www.lassociation.fr\/en\/wp-json\/wp\/v2\/product_tag?post=1638"}],"curies":[{"name":"wp","href":"https:\/\/api.w.org\/{rel}","templated":true}]}}