{"id":1671,"date":"2013-05-01T00:00:00","date_gmt":"2013-04-30T22:00:00","guid":{"rendered":"https:\/\/www.lassociation.fr\/product\/panorama-du-froid\/"},"modified":"2026-01-22T11:39:00","modified_gmt":"2026-01-22T10:39:00","slug":"panorama-du-froid","status":"publish","type":"product","link":"https:\/\/www.lassociation.fr\/en\/catalogue\/panorama-du-froid\/","title":{"rendered":"Panorama du froid"},"content":{"rendered":"<p>Cet ensemble de 76 cartes postales touristiques recouvertes \u00e0 la peinture acrylique, qui font surgir les icebergs d&#8217;un paysage rural ou urbain, a \u00e9t\u00e9 expos\u00e9 \u00e0 la galerie Anne Barrault en 2009, dans le cadre de son exposition Panoramica. <i>Panorama du Froid<\/i> est donc, apr\u00e8s <i>Panorama du Feu<\/i>, le deuxi\u00e8me livre issu de cette exposition.<\/p>\n<p>Par co\u00efncidence, lors de la r\u00e9alisation de cette s\u00e9rie de dessins, Jochen Gerner a \u00e9t\u00e9 contact\u00e9 par une jeune voyageuse, Jeanne Lacland (pseudonyme emprunt\u00e9 \u00e0 Jack London), pour \u00eatre un des correspondants de la travers\u00e9e qu&#8217;elle entreprenait en bateau par le Passage du Nord-Ouest. Au fur et \u00e0 mesure, Jochen Gerner envoyait ses dessins avec lesquels elle illustrait son journal de voyage (<a href=\"http:\/\/jeannelacland.unblog.fr\/\" target=\"_blank\" rel=\"noopener noreferrer\">jeannelacland.unblog.fr<\/a>). <\/p>\n<p>Ce livre repr\u00e9sente donc la troisi\u00e8me vie d&#8217;un travail au fascinant pouvoir de pr\u00e9monition. comme dans <i>Panorama du Feu<\/i> ou <i>Abstraction<\/i>, le d\u00e9voilement proc\u00e8de du recouvrement. Les blocs de glace monolithiques sugg\u00e8rent les lignes g\u00e9om\u00e9triques de l&#8217;architecture moderne, ou sch\u00e9matisent les paysages d\u00e9vast\u00e9s de Pomp\u00e9i. Surtout, Jochen Gerner r\u00e9v\u00e8le un monde de correspondances g\u00e9ographiques, de formes aux structures imm\u00e9moriales. Tout est l\u00e0, dans la contemplation de ces r\u00e9v\u00e9lations et de ces co\u00efncidences.<\/p>\n","protected":false},"excerpt":{"rendered":"<p>Cet ensemble de 76 cartes postales touristiques recouvertes \u00e0 la peinture acrylique, qui font surgir les icebergs d&#8217;un paysage rural ou urbain, a \u00e9t\u00e9 expos\u00e9 \u00e0 la galerie Anne Barrault en 2009, dans le cadre de son exposition Panoramica. Panorama du Froid est donc, apr\u00e8s Panorama du Feu, le deuxi\u00e8me livre issu de cette exposition. [&hellip;]<\/p>\n","protected":false},"featured_media":2333,"template":"","meta":{"_acf_changed":false},"product_cat":[48],"product_tag":[],"class_list":{"0":"post-1671","1":"product","2":"type-product","3":"status-publish","4":"has-post-thumbnail","6":"product_cat-hors-collection","7":"member-discount","8":"discount-restricted","10":"first","11":"instock","12":"taxable","13":"shipping-taxable","14":"purchasable","15":"product-type-simple"},"acf":[],"yoast_head":"<title>Panorama du froid - L\u2019Association<\/title>\n<meta name=\"robots\" content=\"index, follow, max-snippet:-1, max-image-preview:large, max-video-preview:-1\" \/>\n<link rel=\"canonical\" href=\"https:\/\/www.lassociation.fr\/en\/catalogue\/panorama-du-froid\/\" \/>\n<meta property=\"og:locale\" content=\"en_US\" \/>\n<meta property=\"og:type\" content=\"article\" \/>\n<meta property=\"og:title\" content=\"Panorama du froid - L\u2019Association\" \/>\n<meta property=\"og:description\" content=\"Cet ensemble de 76 cartes postales touristiques recouvertes \u00e0 la peinture acrylique, qui font surgir les icebergs d&#8217;un paysage rural ou urbain, a \u00e9t\u00e9 expos\u00e9 \u00e0 la galerie Anne Barrault en 2009, dans le cadre de son exposition Panoramica. Panorama du Froid est donc, apr\u00e8s Panorama du Feu, le deuxi\u00e8me livre issu de cette exposition. [&hellip;]\" \/>\n<meta property=\"og:url\" content=\"https:\/\/www.lassociation.fr\/en\/catalogue\/panorama-du-froid\/\" \/>\n<meta property=\"og:site_name\" content=\"L\u2019Association\" \/>\n<meta property=\"article:publisher\" content=\"https:\/\/www.facebook.com\/lhydrelasso\/\" \/>\n<meta property=\"article:modified_time\" content=\"2026-01-22T10:39:00+00:00\" \/>\n<meta property=\"og:image\" content=\"https:\/\/www.lassociation.fr\/backoffice\/wp-content\/uploads\/2019\/09\/3046.png\" \/>\n\t<meta property=\"og:image:width\" content=\"510\" \/>\n\t<meta property=\"og:image:height\" content=\"680\" \/>\n\t<meta property=\"og:image:type\" content=\"image\/png\" \/>\n<meta name=\"twitter:card\" content=\"summary_large_image\" \/>\n<meta name=\"twitter:site\" content=\"@lassociation\" \/>\n<script type=\"application\/ld+json\" class=\"yoast-schema-graph\">{\"@context\":\"https:\\\/\\\/schema.org\",\"@graph\":[{\"@type\":\"WebPage\",\"@id\":\"https:\\\/\\\/www.lassociation.fr\\\/en\\\/catalogue\\\/panorama-du-froid\\\/\",\"url\":\"https:\\\/\\\/www.lassociation.fr\\\/en\\\/catalogue\\\/panorama-du-froid\\\/\",\"name\":\"Panorama du froid - L\u2019Association\",\"isPartOf\":{\"@id\":\"https:\\\/\\\/www.lassociation.fr\\\/en\\\/#website\"},\"primaryImageOfPage\":{\"@id\":\"https:\\\/\\\/www.lassociation.fr\\\/en\\\/catalogue\\\/panorama-du-froid\\\/#primaryimage\"},\"image\":{\"@id\":\"https:\\\/\\\/www.lassociation.fr\\\/en\\\/catalogue\\\/panorama-du-froid\\\/#primaryimage\"},\"thumbnailUrl\":\"https:\\\/\\\/www.lassociation.fr\\\/backoffice\\\/wp-content\\\/uploads\\\/2019\\\/09\\\/3046.png\",\"datePublished\":\"2013-04-30T22:00:00+00:00\",\"dateModified\":\"2026-01-22T10:39:00+00:00\",\"breadcrumb\":{\"@id\":\"https:\\\/\\\/www.lassociation.fr\\\/en\\\/catalogue\\\/panorama-du-froid\\\/#breadcrumb\"},\"inLanguage\":\"en-US\",\"potentialAction\":[{\"@type\":\"ReadAction\",\"target\":[\"https:\\\/\\\/www.lassociation.fr\\\/en\\\/catalogue\\\/panorama-du-froid\\\/\"]}]},{\"@type\":\"ImageObject\",\"inLanguage\":\"en-US\",\"@id\":\"https:\\\/\\\/www.lassociation.fr\\\/en\\\/catalogue\\\/panorama-du-froid\\\/#primaryimage\",\"url\":\"https:\\\/\\\/www.lassociation.fr\\\/backoffice\\\/wp-content\\\/uploads\\\/2019\\\/09\\\/3046.png\",\"contentUrl\":\"https:\\\/\\\/www.lassociation.fr\\\/backoffice\\\/wp-content\\\/uploads\\\/2019\\\/09\\\/3046.png\",\"width\":510,\"height\":680},{\"@type\":\"BreadcrumbList\",\"@id\":\"https:\\\/\\\/www.lassociation.fr\\\/en\\\/catalogue\\\/panorama-du-froid\\\/#breadcrumb\",\"itemListElement\":[{\"@type\":\"ListItem\",\"position\":1,\"name\":\"Accueil\",\"item\":\"https:\\\/\\\/www.lassociation.fr\\\/en\\\/\"},{\"@type\":\"ListItem\",\"position\":2,\"name\":\"Catalog\",\"item\":\"https:\\\/\\\/www.lassociation.fr\\\/en\\\/catalogue\\\/\"},{\"@type\":\"ListItem\",\"position\":3,\"name\":\"Panorama du froid\"}]},{\"@type\":\"WebSite\",\"@id\":\"https:\\\/\\\/www.lassociation.fr\\\/en\\\/#website\",\"url\":\"https:\\\/\\\/www.lassociation.fr\\\/en\\\/\",\"name\":\"L\u2019Association\",\"description\":\"Maison d\u2019\u00e9dition fran\u00e7aise de bande dessin\u00e9e, fond\u00e9e en 1990.\",\"publisher\":{\"@id\":\"https:\\\/\\\/www.lassociation.fr\\\/en\\\/#organization\"},\"potentialAction\":[{\"@type\":\"SearchAction\",\"target\":{\"@type\":\"EntryPoint\",\"urlTemplate\":\"https:\\\/\\\/www.lassociation.fr\\\/en\\\/?s={search_term_string}\"},\"query-input\":{\"@type\":\"PropertyValueSpecification\",\"valueRequired\":true,\"valueName\":\"search_term_string\"}}],\"inLanguage\":\"en-US\"},{\"@type\":\"Organization\",\"@id\":\"https:\\\/\\\/www.lassociation.fr\\\/en\\\/#organization\",\"name\":\"L\u2019Association\",\"url\":\"https:\\\/\\\/www.lassociation.fr\\\/en\\\/\",\"logo\":{\"@type\":\"ImageObject\",\"inLanguage\":\"en-US\",\"@id\":\"https:\\\/\\\/www.lassociation.fr\\\/en\\\/#\\\/schema\\\/logo\\\/image\\\/\",\"url\":\"https:\\\/\\\/www.lassociation.fr\\\/backoffice\\\/wp-content\\\/uploads\\\/2019\\\/11\\\/asso_large.png\",\"contentUrl\":\"https:\\\/\\\/www.lassociation.fr\\\/backoffice\\\/wp-content\\\/uploads\\\/2019\\\/11\\\/asso_large.png\",\"width\":1200,\"height\":630,\"caption\":\"L\u2019Association\"},\"image\":{\"@id\":\"https:\\\/\\\/www.lassociation.fr\\\/en\\\/#\\\/schema\\\/logo\\\/image\\\/\"},\"sameAs\":[\"https:\\\/\\\/www.facebook.com\\\/lhydrelasso\\\/\",\"https:\\\/\\\/x.com\\\/lassociation\",\"https:\\\/\\\/www.instagram.com\\\/editions_lassociation\",\"https:\\\/\\\/fr.wikipedia.org\\\/wiki\\\/LAssociation\",\"https:\\\/\\\/www.youtube.com\\\/@editions_lassociation\"]}]}<\/script>","yoast_head_json":{"title":"Panorama du froid - L\u2019Association","robots":{"index":"index","follow":"follow","max-snippet":"max-snippet:-1","max-image-preview":"max-image-preview:large","max-video-preview":"max-video-preview:-1"},"canonical":"https:\/\/www.lassociation.fr\/en\/catalogue\/panorama-du-froid\/","og_locale":"en_US","og_type":"article","og_title":"Panorama du froid - L\u2019Association","og_description":"Cet ensemble de 76 cartes postales touristiques recouvertes \u00e0 la peinture acrylique, qui font surgir les icebergs d&#8217;un paysage rural ou urbain, a \u00e9t\u00e9 expos\u00e9 \u00e0 la galerie Anne Barrault en 2009, dans le cadre de son exposition Panoramica. Panorama du Froid est donc, apr\u00e8s Panorama du Feu, le deuxi\u00e8me livre issu de cette exposition. [&hellip;]","og_url":"https:\/\/www.lassociation.fr\/en\/catalogue\/panorama-du-froid\/","og_site_name":"L\u2019Association","article_publisher":"https:\/\/www.facebook.com\/lhydrelasso\/","article_modified_time":"2026-01-22T10:39:00+00:00","og_image":[{"width":510,"height":680,"url":"https:\/\/www.lassociation.fr\/backoffice\/wp-content\/uploads\/2019\/09\/3046.png","type":"image\/png"}],"twitter_card":"summary_large_image","twitter_site":"@lassociation","schema":{"@context":"https:\/\/schema.org","@graph":[{"@type":"WebPage","@id":"https:\/\/www.lassociation.fr\/en\/catalogue\/panorama-du-froid\/","url":"https:\/\/www.lassociation.fr\/en\/catalogue\/panorama-du-froid\/","name":"Panorama du froid - L\u2019Association","isPartOf":{"@id":"https:\/\/www.lassociation.fr\/en\/#website"},"primaryImageOfPage":{"@id":"https:\/\/www.lassociation.fr\/en\/catalogue\/panorama-du-froid\/#primaryimage"},"image":{"@id":"https:\/\/www.lassociation.fr\/en\/catalogue\/panorama-du-froid\/#primaryimage"},"thumbnailUrl":"https:\/\/www.lassociation.fr\/backoffice\/wp-content\/uploads\/2019\/09\/3046.png","datePublished":"2013-04-30T22:00:00+00:00","dateModified":"2026-01-22T10:39:00+00:00","breadcrumb":{"@id":"https:\/\/www.lassociation.fr\/en\/catalogue\/panorama-du-froid\/#breadcrumb"},"inLanguage":"en-US","potentialAction":[{"@type":"ReadAction","target":["https:\/\/www.lassociation.fr\/en\/catalogue\/panorama-du-froid\/"]}]},{"@type":"ImageObject","inLanguage":"en-US","@id":"https:\/\/www.lassociation.fr\/en\/catalogue\/panorama-du-froid\/#primaryimage","url":"https:\/\/www.lassociation.fr\/backoffice\/wp-content\/uploads\/2019\/09\/3046.png","contentUrl":"https:\/\/www.lassociation.fr\/backoffice\/wp-content\/uploads\/2019\/09\/3046.png","width":510,"height":680},{"@type":"BreadcrumbList","@id":"https:\/\/www.lassociation.fr\/en\/catalogue\/panorama-du-froid\/#breadcrumb","itemListElement":[{"@type":"ListItem","position":1,"name":"Accueil","item":"https:\/\/www.lassociation.fr\/en\/"},{"@type":"ListItem","position":2,"name":"Catalog","item":"https:\/\/www.lassociation.fr\/en\/catalogue\/"},{"@type":"ListItem","position":3,"name":"Panorama du froid"}]},{"@type":"WebSite","@id":"https:\/\/www.lassociation.fr\/en\/#website","url":"https:\/\/www.lassociation.fr\/en\/","name":"L\u2019Association","description":"Maison d\u2019\u00e9dition fran\u00e7aise de bande dessin\u00e9e, fond\u00e9e en 1990.","publisher":{"@id":"https:\/\/www.lassociation.fr\/en\/#organization"},"potentialAction":[{"@type":"SearchAction","target":{"@type":"EntryPoint","urlTemplate":"https:\/\/www.lassociation.fr\/en\/?s={search_term_string}"},"query-input":{"@type":"PropertyValueSpecification","valueRequired":true,"valueName":"search_term_string"}}],"inLanguage":"en-US"},{"@type":"Organization","@id":"https:\/\/www.lassociation.fr\/en\/#organization","name":"L\u2019Association","url":"https:\/\/www.lassociation.fr\/en\/","logo":{"@type":"ImageObject","inLanguage":"en-US","@id":"https:\/\/www.lassociation.fr\/en\/#\/schema\/logo\/image\/","url":"https:\/\/www.lassociation.fr\/backoffice\/wp-content\/uploads\/2019\/11\/asso_large.png","contentUrl":"https:\/\/www.lassociation.fr\/backoffice\/wp-content\/uploads\/2019\/11\/asso_large.png","width":1200,"height":630,"caption":"L\u2019Association"},"image":{"@id":"https:\/\/www.lassociation.fr\/en\/#\/schema\/logo\/image\/"},"sameAs":["https:\/\/www.facebook.com\/lhydrelasso\/","https:\/\/x.com\/lassociation","https:\/\/www.instagram.com\/editions_lassociation","https:\/\/fr.wikipedia.org\/wiki\/LAssociation","https:\/\/www.youtube.com\/@editions_lassociation"]}]}},"_links":{"self":[{"href":"https:\/\/www.lassociation.fr\/en\/wp-json\/wp\/v2\/product\/1671","targetHints":{"allow":["GET"]}}],"collection":[{"href":"https:\/\/www.lassociation.fr\/en\/wp-json\/wp\/v2\/product"}],"about":[{"href":"https:\/\/www.lassociation.fr\/en\/wp-json\/wp\/v2\/types\/product"}],"wp:featuredmedia":[{"embeddable":true,"href":"https:\/\/www.lassociation.fr\/en\/wp-json\/wp\/v2\/media\/2333"}],"wp:attachment":[{"href":"https:\/\/www.lassociation.fr\/en\/wp-json\/wp\/v2\/media?parent=1671"}],"wp:term":[{"taxonomy":"product_cat","embeddable":true,"href":"https:\/\/www.lassociation.fr\/en\/wp-json\/wp\/v2\/product_cat?post=1671"},{"taxonomy":"product_tag","embeddable":true,"href":"https:\/\/www.lassociation.fr\/en\/wp-json\/wp\/v2\/product_tag?post=1671"}],"curies":[{"name":"wp","href":"https:\/\/api.w.org\/{rel}","templated":true}]}}