{"id":1684,"date":"2012-10-01T00:00:00","date_gmt":"2012-09-30T22:00:00","guid":{"rendered":"https:\/\/www.lassociation.fr\/product\/vie-secrete-des-jeunes-3-la\/"},"modified":"2026-01-22T11:39:01","modified_gmt":"2026-01-22T10:39:01","slug":"la-vie-secrete-des-jeunes-3","status":"publish","type":"product","link":"https:\/\/www.lassociation.fr\/en\/catalogue\/la-vie-secrete-des-jeunes-3\/","title":{"rendered":"Vie secr\u00e8te des jeunes 3 (La)"},"content":{"rendered":"<p>Commenc\u00e9e en 2004 dans <em>Charlie Hebdo<\/em>, la parution de <em>La Vie Secr\u00e8te des jeunes<\/em> f\u00eate d\u00e9j\u00e0 sa huiti\u00e8me ann\u00e9e avec ce troisi\u00e8me opus. Fid\u00e8le \u00e0 sa ligne de d\u00e9part, Riad Sattouf d\u00e9veloppe une taxinomie sans appel des tares de nos contemporains, bas\u00e9e sur une stricte relation de conversations entendues dans des lieux publics.<\/p>\n<p>L\u2019accumulation des planches donne une consistance impressionnante \u00e0 l\u2019ensemble, et la chronique devient autobiographie quand on commence \u00e0 saisir les co\u00efncidences et les obsessions personnelles de l\u2019observateur. Sa fascination pour les dialogues aberrants ou son attrait pour les sc\u00e8nes de m\u00e9nage mis\u00e9rables nous ram\u00e8nent alors bien \u00e9videmment vers les th\u00e8mes favoris que Riad Sattouf d\u00e9veloppe dans son \u0153uvre de fiction (<em>Pascal Brutal<\/em>, <em>Les Beaux Gosses<\/em>\u2026). Couples en d\u00e9b\u00e2cle ou insupport\u00e9s par leurs enfants, c\u00e9libataires d\u00e9pressives, musulmans concupiscents, adolescents incultes : derri\u00e8re le rire, c\u2019est bien l\u2019inqui\u00e9tude qui pointe.<\/p>\n<p><em>La Vie secr\u00e8te des jeunes<\/em> est donc plus qu\u2019une l\u00e9g\u00e8re rubrique de presse, et pourrait bien \u00eatre la clef de vo\u00fbte de l\u2019univers de l\u2019auteur.<\/p>\n","protected":false},"excerpt":{"rendered":"<p>Commenc\u00e9e en 2004 dans Charlie Hebdo, la parution de La Vie Secr\u00e8te des jeunes f\u00eate d\u00e9j\u00e0 sa huiti\u00e8me ann\u00e9e avec ce troisi\u00e8me opus. Fid\u00e8le \u00e0 sa ligne de d\u00e9part, Riad Sattouf d\u00e9veloppe une taxinomie sans appel des tares de nos contemporains, bas\u00e9e sur une stricte relation de conversations entendues dans des lieux publics. L\u2019accumulation des [&hellip;]<\/p>\n","protected":false},"featured_media":2345,"template":"","meta":{"_acf_changed":false},"product_cat":[41],"product_tag":[],"class_list":{"0":"post-1684","1":"product","2":"type-product","3":"status-publish","4":"has-post-thumbnail","6":"product_cat-ciboulette","7":"member-discount","8":"discount-restricted","10":"first","11":"outofstock","12":"taxable","13":"shipping-taxable","14":"product-type-simple"},"acf":[],"yoast_head":"<title>Vie secr\u00e8te des jeunes 3 (La) - L\u2019Association<\/title>\n<meta name=\"robots\" content=\"index, follow, max-snippet:-1, max-image-preview:large, max-video-preview:-1\" \/>\n<link rel=\"canonical\" href=\"https:\/\/www.lassociation.fr\/en\/catalogue\/la-vie-secrete-des-jeunes-3\/\" \/>\n<meta property=\"og:locale\" content=\"en_US\" \/>\n<meta property=\"og:type\" content=\"article\" \/>\n<meta property=\"og:title\" content=\"Vie secr\u00e8te des jeunes 3 (La) - L\u2019Association\" \/>\n<meta property=\"og:description\" content=\"Commenc\u00e9e en 2004 dans Charlie Hebdo, la parution de La Vie Secr\u00e8te des jeunes f\u00eate d\u00e9j\u00e0 sa huiti\u00e8me ann\u00e9e avec ce troisi\u00e8me opus. Fid\u00e8le \u00e0 sa ligne de d\u00e9part, Riad Sattouf d\u00e9veloppe une taxinomie sans appel des tares de nos contemporains, bas\u00e9e sur une stricte relation de conversations entendues dans des lieux publics. L\u2019accumulation des [&hellip;]\" \/>\n<meta property=\"og:url\" content=\"https:\/\/www.lassociation.fr\/en\/catalogue\/la-vie-secrete-des-jeunes-3\/\" \/>\n<meta property=\"og:site_name\" content=\"L\u2019Association\" \/>\n<meta property=\"article:publisher\" content=\"https:\/\/www.facebook.com\/lhydrelasso\/\" \/>\n<meta property=\"article:modified_time\" content=\"2026-01-22T10:39:01+00:00\" \/>\n<meta property=\"og:image\" content=\"https:\/\/www.lassociation.fr\/backoffice\/wp-content\/uploads\/2019\/09\/2924.png\" \/>\n\t<meta property=\"og:image:width\" content=\"468\" \/>\n\t<meta property=\"og:image:height\" content=\"694\" \/>\n\t<meta property=\"og:image:type\" content=\"image\/png\" \/>\n<meta name=\"twitter:card\" content=\"summary_large_image\" \/>\n<meta name=\"twitter:site\" content=\"@lassociation\" \/>\n<script type=\"application\/ld+json\" class=\"yoast-schema-graph\">{\"@context\":\"https:\\\/\\\/schema.org\",\"@graph\":[{\"@type\":\"WebPage\",\"@id\":\"https:\\\/\\\/www.lassociation.fr\\\/en\\\/catalogue\\\/la-vie-secrete-des-jeunes-3\\\/\",\"url\":\"https:\\\/\\\/www.lassociation.fr\\\/en\\\/catalogue\\\/la-vie-secrete-des-jeunes-3\\\/\",\"name\":\"Vie secr\u00e8te des jeunes 3 (La) - L\u2019Association\",\"isPartOf\":{\"@id\":\"https:\\\/\\\/www.lassociation.fr\\\/en\\\/#website\"},\"primaryImageOfPage\":{\"@id\":\"https:\\\/\\\/www.lassociation.fr\\\/en\\\/catalogue\\\/la-vie-secrete-des-jeunes-3\\\/#primaryimage\"},\"image\":{\"@id\":\"https:\\\/\\\/www.lassociation.fr\\\/en\\\/catalogue\\\/la-vie-secrete-des-jeunes-3\\\/#primaryimage\"},\"thumbnailUrl\":\"https:\\\/\\\/www.lassociation.fr\\\/backoffice\\\/wp-content\\\/uploads\\\/2019\\\/09\\\/2924.png\",\"datePublished\":\"2012-09-30T22:00:00+00:00\",\"dateModified\":\"2026-01-22T10:39:01+00:00\",\"breadcrumb\":{\"@id\":\"https:\\\/\\\/www.lassociation.fr\\\/en\\\/catalogue\\\/la-vie-secrete-des-jeunes-3\\\/#breadcrumb\"},\"inLanguage\":\"en-US\",\"potentialAction\":[{\"@type\":\"ReadAction\",\"target\":[\"https:\\\/\\\/www.lassociation.fr\\\/en\\\/catalogue\\\/la-vie-secrete-des-jeunes-3\\\/\"]}]},{\"@type\":\"ImageObject\",\"inLanguage\":\"en-US\",\"@id\":\"https:\\\/\\\/www.lassociation.fr\\\/en\\\/catalogue\\\/la-vie-secrete-des-jeunes-3\\\/#primaryimage\",\"url\":\"https:\\\/\\\/www.lassociation.fr\\\/backoffice\\\/wp-content\\\/uploads\\\/2019\\\/09\\\/2924.png\",\"contentUrl\":\"https:\\\/\\\/www.lassociation.fr\\\/backoffice\\\/wp-content\\\/uploads\\\/2019\\\/09\\\/2924.png\",\"width\":468,\"height\":694},{\"@type\":\"BreadcrumbList\",\"@id\":\"https:\\\/\\\/www.lassociation.fr\\\/en\\\/catalogue\\\/la-vie-secrete-des-jeunes-3\\\/#breadcrumb\",\"itemListElement\":[{\"@type\":\"ListItem\",\"position\":1,\"name\":\"Accueil\",\"item\":\"https:\\\/\\\/www.lassociation.fr\\\/en\\\/\"},{\"@type\":\"ListItem\",\"position\":2,\"name\":\"Catalog\",\"item\":\"https:\\\/\\\/www.lassociation.fr\\\/en\\\/catalogue\\\/\"},{\"@type\":\"ListItem\",\"position\":3,\"name\":\"Vie secr\u00e8te des jeunes 3 (La)\"}]},{\"@type\":\"WebSite\",\"@id\":\"https:\\\/\\\/www.lassociation.fr\\\/en\\\/#website\",\"url\":\"https:\\\/\\\/www.lassociation.fr\\\/en\\\/\",\"name\":\"L\u2019Association\",\"description\":\"Maison d\u2019\u00e9dition fran\u00e7aise de bande dessin\u00e9e, fond\u00e9e en 1990.\",\"publisher\":{\"@id\":\"https:\\\/\\\/www.lassociation.fr\\\/en\\\/#organization\"},\"potentialAction\":[{\"@type\":\"SearchAction\",\"target\":{\"@type\":\"EntryPoint\",\"urlTemplate\":\"https:\\\/\\\/www.lassociation.fr\\\/en\\\/?s={search_term_string}\"},\"query-input\":{\"@type\":\"PropertyValueSpecification\",\"valueRequired\":true,\"valueName\":\"search_term_string\"}}],\"inLanguage\":\"en-US\"},{\"@type\":\"Organization\",\"@id\":\"https:\\\/\\\/www.lassociation.fr\\\/en\\\/#organization\",\"name\":\"L\u2019Association\",\"url\":\"https:\\\/\\\/www.lassociation.fr\\\/en\\\/\",\"logo\":{\"@type\":\"ImageObject\",\"inLanguage\":\"en-US\",\"@id\":\"https:\\\/\\\/www.lassociation.fr\\\/en\\\/#\\\/schema\\\/logo\\\/image\\\/\",\"url\":\"https:\\\/\\\/www.lassociation.fr\\\/backoffice\\\/wp-content\\\/uploads\\\/2019\\\/11\\\/asso_large.png\",\"contentUrl\":\"https:\\\/\\\/www.lassociation.fr\\\/backoffice\\\/wp-content\\\/uploads\\\/2019\\\/11\\\/asso_large.png\",\"width\":1200,\"height\":630,\"caption\":\"L\u2019Association\"},\"image\":{\"@id\":\"https:\\\/\\\/www.lassociation.fr\\\/en\\\/#\\\/schema\\\/logo\\\/image\\\/\"},\"sameAs\":[\"https:\\\/\\\/www.facebook.com\\\/lhydrelasso\\\/\",\"https:\\\/\\\/x.com\\\/lassociation\",\"https:\\\/\\\/www.instagram.com\\\/editions_lassociation\",\"https:\\\/\\\/fr.wikipedia.org\\\/wiki\\\/LAssociation\",\"https:\\\/\\\/www.youtube.com\\\/@editions_lassociation\"]}]}<\/script>","yoast_head_json":{"title":"Vie secr\u00e8te des jeunes 3 (La) - L\u2019Association","robots":{"index":"index","follow":"follow","max-snippet":"max-snippet:-1","max-image-preview":"max-image-preview:large","max-video-preview":"max-video-preview:-1"},"canonical":"https:\/\/www.lassociation.fr\/en\/catalogue\/la-vie-secrete-des-jeunes-3\/","og_locale":"en_US","og_type":"article","og_title":"Vie secr\u00e8te des jeunes 3 (La) - L\u2019Association","og_description":"Commenc\u00e9e en 2004 dans Charlie Hebdo, la parution de La Vie Secr\u00e8te des jeunes f\u00eate d\u00e9j\u00e0 sa huiti\u00e8me ann\u00e9e avec ce troisi\u00e8me opus. Fid\u00e8le \u00e0 sa ligne de d\u00e9part, Riad Sattouf d\u00e9veloppe une taxinomie sans appel des tares de nos contemporains, bas\u00e9e sur une stricte relation de conversations entendues dans des lieux publics. L\u2019accumulation des [&hellip;]","og_url":"https:\/\/www.lassociation.fr\/en\/catalogue\/la-vie-secrete-des-jeunes-3\/","og_site_name":"L\u2019Association","article_publisher":"https:\/\/www.facebook.com\/lhydrelasso\/","article_modified_time":"2026-01-22T10:39:01+00:00","og_image":[{"width":468,"height":694,"url":"https:\/\/www.lassociation.fr\/backoffice\/wp-content\/uploads\/2019\/09\/2924.png","type":"image\/png"}],"twitter_card":"summary_large_image","twitter_site":"@lassociation","schema":{"@context":"https:\/\/schema.org","@graph":[{"@type":"WebPage","@id":"https:\/\/www.lassociation.fr\/en\/catalogue\/la-vie-secrete-des-jeunes-3\/","url":"https:\/\/www.lassociation.fr\/en\/catalogue\/la-vie-secrete-des-jeunes-3\/","name":"Vie secr\u00e8te des jeunes 3 (La) - L\u2019Association","isPartOf":{"@id":"https:\/\/www.lassociation.fr\/en\/#website"},"primaryImageOfPage":{"@id":"https:\/\/www.lassociation.fr\/en\/catalogue\/la-vie-secrete-des-jeunes-3\/#primaryimage"},"image":{"@id":"https:\/\/www.lassociation.fr\/en\/catalogue\/la-vie-secrete-des-jeunes-3\/#primaryimage"},"thumbnailUrl":"https:\/\/www.lassociation.fr\/backoffice\/wp-content\/uploads\/2019\/09\/2924.png","datePublished":"2012-09-30T22:00:00+00:00","dateModified":"2026-01-22T10:39:01+00:00","breadcrumb":{"@id":"https:\/\/www.lassociation.fr\/en\/catalogue\/la-vie-secrete-des-jeunes-3\/#breadcrumb"},"inLanguage":"en-US","potentialAction":[{"@type":"ReadAction","target":["https:\/\/www.lassociation.fr\/en\/catalogue\/la-vie-secrete-des-jeunes-3\/"]}]},{"@type":"ImageObject","inLanguage":"en-US","@id":"https:\/\/www.lassociation.fr\/en\/catalogue\/la-vie-secrete-des-jeunes-3\/#primaryimage","url":"https:\/\/www.lassociation.fr\/backoffice\/wp-content\/uploads\/2019\/09\/2924.png","contentUrl":"https:\/\/www.lassociation.fr\/backoffice\/wp-content\/uploads\/2019\/09\/2924.png","width":468,"height":694},{"@type":"BreadcrumbList","@id":"https:\/\/www.lassociation.fr\/en\/catalogue\/la-vie-secrete-des-jeunes-3\/#breadcrumb","itemListElement":[{"@type":"ListItem","position":1,"name":"Accueil","item":"https:\/\/www.lassociation.fr\/en\/"},{"@type":"ListItem","position":2,"name":"Catalog","item":"https:\/\/www.lassociation.fr\/en\/catalogue\/"},{"@type":"ListItem","position":3,"name":"Vie secr\u00e8te des jeunes 3 (La)"}]},{"@type":"WebSite","@id":"https:\/\/www.lassociation.fr\/en\/#website","url":"https:\/\/www.lassociation.fr\/en\/","name":"L\u2019Association","description":"Maison d\u2019\u00e9dition fran\u00e7aise de bande dessin\u00e9e, fond\u00e9e en 1990.","publisher":{"@id":"https:\/\/www.lassociation.fr\/en\/#organization"},"potentialAction":[{"@type":"SearchAction","target":{"@type":"EntryPoint","urlTemplate":"https:\/\/www.lassociation.fr\/en\/?s={search_term_string}"},"query-input":{"@type":"PropertyValueSpecification","valueRequired":true,"valueName":"search_term_string"}}],"inLanguage":"en-US"},{"@type":"Organization","@id":"https:\/\/www.lassociation.fr\/en\/#organization","name":"L\u2019Association","url":"https:\/\/www.lassociation.fr\/en\/","logo":{"@type":"ImageObject","inLanguage":"en-US","@id":"https:\/\/www.lassociation.fr\/en\/#\/schema\/logo\/image\/","url":"https:\/\/www.lassociation.fr\/backoffice\/wp-content\/uploads\/2019\/11\/asso_large.png","contentUrl":"https:\/\/www.lassociation.fr\/backoffice\/wp-content\/uploads\/2019\/11\/asso_large.png","width":1200,"height":630,"caption":"L\u2019Association"},"image":{"@id":"https:\/\/www.lassociation.fr\/en\/#\/schema\/logo\/image\/"},"sameAs":["https:\/\/www.facebook.com\/lhydrelasso\/","https:\/\/x.com\/lassociation","https:\/\/www.instagram.com\/editions_lassociation","https:\/\/fr.wikipedia.org\/wiki\/LAssociation","https:\/\/www.youtube.com\/@editions_lassociation"]}]}},"_links":{"self":[{"href":"https:\/\/www.lassociation.fr\/en\/wp-json\/wp\/v2\/product\/1684","targetHints":{"allow":["GET"]}}],"collection":[{"href":"https:\/\/www.lassociation.fr\/en\/wp-json\/wp\/v2\/product"}],"about":[{"href":"https:\/\/www.lassociation.fr\/en\/wp-json\/wp\/v2\/types\/product"}],"wp:featuredmedia":[{"embeddable":true,"href":"https:\/\/www.lassociation.fr\/en\/wp-json\/wp\/v2\/media\/2345"}],"wp:attachment":[{"href":"https:\/\/www.lassociation.fr\/en\/wp-json\/wp\/v2\/media?parent=1684"}],"wp:term":[{"taxonomy":"product_cat","embeddable":true,"href":"https:\/\/www.lassociation.fr\/en\/wp-json\/wp\/v2\/product_cat?post=1684"},{"taxonomy":"product_tag","embeddable":true,"href":"https:\/\/www.lassociation.fr\/en\/wp-json\/wp\/v2\/product_tag?post=1684"}],"curies":[{"name":"wp","href":"https:\/\/api.w.org\/{rel}","templated":true}]}}