{"id":1687,"date":"2012-06-01T00:00:00","date_gmt":"2012-05-31T22:00:00","guid":{"rendered":"https:\/\/www.lassociation.fr\/product\/comete-a-quatre-pattes-la\/"},"modified":"2026-03-05T10:37:59","modified_gmt":"2026-03-05T09:37:59","slug":"la-comete-a-quatre-pattes","status":"publish","type":"product","link":"https:\/\/www.lassociation.fr\/en\/catalogue\/la-comete-a-quatre-pattes\/","title":{"rendered":"Com\u00e8te \u00e0 quatre pattes (La)"},"content":{"rendered":"<p>Une com\u00e8te s&#8217;abat sur terre, laissant \u00e0 une jeune femme esseul\u00e9e le soin d&#8217;\u00e9teindre elle-m\u00eame l&#8217;incendie&#8230; avant que la com\u00e8te ne se r\u00e9v\u00e8le \u00eatre un monstre passablement nymphomane, qui r\u00e9veille les d\u00e9sirs de tous les protagonistes. Le point de d\u00e9part d&#8217;une histoire apocalyptique aux accents dionysiaques qui r\u00e9pond \u00e0 la joie bruyante des quatre dessinateurs.<br \/>\nImprovisation festive \u00e0 huit mains compos\u00e9e sur le chemin d&#8217;un concert punk en Suisse, ce Patte de mouche de Mattt Konture, Willy T\u00e9nia, Lilas (qui ont d\u00e9j\u00e0 publi\u00e9 ensemble <em>L&#8217;Abb\u00e9 Noir<\/em>, chez Arbitraire) et Freaky Nasa, contient aussi les participations de quelques amis de passage.<\/p>\n","protected":false},"excerpt":{"rendered":"<p>Une com\u00e8te s&#8217;abat sur terre, laissant \u00e0 une jeune femme esseul\u00e9e le soin d&#8217;\u00e9teindre elle-m\u00eame l&#8217;incendie&#8230; avant que la com\u00e8te ne se r\u00e9v\u00e8le \u00eatre un monstre passablement nymphomane, qui r\u00e9veille les d\u00e9sirs de tous les protagonistes. Le point de d\u00e9part d&#8217;une histoire apocalyptique aux accents dionysiaques qui r\u00e9pond \u00e0 la joie bruyante des quatre dessinateurs. [&hellip;]<\/p>\n","protected":false},"featured_media":2348,"template":"","meta":{"_acf_changed":false},"product_cat":[49],"product_tag":[],"class_list":{"0":"post-1687","1":"product","2":"type-product","3":"status-publish","4":"has-post-thumbnail","6":"product_cat-patte-de-mouche","7":"member-discount","8":"discount-restricted","10":"first","11":"instock","12":"taxable","13":"shipping-taxable","14":"purchasable","15":"product-type-simple"},"acf":[],"yoast_head":"<title>Com\u00e8te \u00e0 quatre pattes (La) - L\u2019Association<\/title>\n<meta name=\"robots\" content=\"index, follow, max-snippet:-1, max-image-preview:large, max-video-preview:-1\" \/>\n<link rel=\"canonical\" href=\"https:\/\/www.lassociation.fr\/en\/catalogue\/la-comete-a-quatre-pattes\/\" \/>\n<meta property=\"og:locale\" content=\"en_US\" \/>\n<meta property=\"og:type\" content=\"article\" \/>\n<meta property=\"og:title\" content=\"Com\u00e8te \u00e0 quatre pattes (La) - L\u2019Association\" \/>\n<meta property=\"og:description\" content=\"Une com\u00e8te s&#8217;abat sur terre, laissant \u00e0 une jeune femme esseul\u00e9e le soin d&#8217;\u00e9teindre elle-m\u00eame l&#8217;incendie&#8230; avant que la com\u00e8te ne se r\u00e9v\u00e8le \u00eatre un monstre passablement nymphomane, qui r\u00e9veille les d\u00e9sirs de tous les protagonistes. Le point de d\u00e9part d&#8217;une histoire apocalyptique aux accents dionysiaques qui r\u00e9pond \u00e0 la joie bruyante des quatre dessinateurs. [&hellip;]\" \/>\n<meta property=\"og:url\" content=\"https:\/\/www.lassociation.fr\/en\/catalogue\/la-comete-a-quatre-pattes\/\" \/>\n<meta property=\"og:site_name\" content=\"L\u2019Association\" \/>\n<meta property=\"article:publisher\" content=\"https:\/\/www.facebook.com\/lhydrelasso\/\" \/>\n<meta property=\"article:modified_time\" content=\"2026-03-05T09:37:59+00:00\" \/>\n<meta property=\"og:image\" content=\"https:\/\/www.lassociation.fr\/backoffice\/wp-content\/uploads\/2019\/09\/2888.png\" \/>\n\t<meta property=\"og:image:width\" content=\"298\" \/>\n\t<meta property=\"og:image:height\" content=\"425\" \/>\n\t<meta property=\"og:image:type\" content=\"image\/png\" \/>\n<meta name=\"twitter:card\" content=\"summary_large_image\" \/>\n<meta name=\"twitter:site\" content=\"@lassociation\" \/>\n<script type=\"application\/ld+json\" class=\"yoast-schema-graph\">{\"@context\":\"https:\\\/\\\/schema.org\",\"@graph\":[{\"@type\":\"WebPage\",\"@id\":\"https:\\\/\\\/www.lassociation.fr\\\/en\\\/catalogue\\\/la-comete-a-quatre-pattes\\\/\",\"url\":\"https:\\\/\\\/www.lassociation.fr\\\/en\\\/catalogue\\\/la-comete-a-quatre-pattes\\\/\",\"name\":\"Com\u00e8te \u00e0 quatre pattes (La) - L\u2019Association\",\"isPartOf\":{\"@id\":\"https:\\\/\\\/www.lassociation.fr\\\/en\\\/#website\"},\"primaryImageOfPage\":{\"@id\":\"https:\\\/\\\/www.lassociation.fr\\\/en\\\/catalogue\\\/la-comete-a-quatre-pattes\\\/#primaryimage\"},\"image\":{\"@id\":\"https:\\\/\\\/www.lassociation.fr\\\/en\\\/catalogue\\\/la-comete-a-quatre-pattes\\\/#primaryimage\"},\"thumbnailUrl\":\"https:\\\/\\\/www.lassociation.fr\\\/backoffice\\\/wp-content\\\/uploads\\\/2019\\\/09\\\/2888.png\",\"datePublished\":\"2012-05-31T22:00:00+00:00\",\"dateModified\":\"2026-03-05T09:37:59+00:00\",\"breadcrumb\":{\"@id\":\"https:\\\/\\\/www.lassociation.fr\\\/en\\\/catalogue\\\/la-comete-a-quatre-pattes\\\/#breadcrumb\"},\"inLanguage\":\"en-US\",\"potentialAction\":[{\"@type\":\"ReadAction\",\"target\":[\"https:\\\/\\\/www.lassociation.fr\\\/en\\\/catalogue\\\/la-comete-a-quatre-pattes\\\/\"]}]},{\"@type\":\"ImageObject\",\"inLanguage\":\"en-US\",\"@id\":\"https:\\\/\\\/www.lassociation.fr\\\/en\\\/catalogue\\\/la-comete-a-quatre-pattes\\\/#primaryimage\",\"url\":\"https:\\\/\\\/www.lassociation.fr\\\/backoffice\\\/wp-content\\\/uploads\\\/2019\\\/09\\\/2888.png\",\"contentUrl\":\"https:\\\/\\\/www.lassociation.fr\\\/backoffice\\\/wp-content\\\/uploads\\\/2019\\\/09\\\/2888.png\",\"width\":298,\"height\":425},{\"@type\":\"BreadcrumbList\",\"@id\":\"https:\\\/\\\/www.lassociation.fr\\\/en\\\/catalogue\\\/la-comete-a-quatre-pattes\\\/#breadcrumb\",\"itemListElement\":[{\"@type\":\"ListItem\",\"position\":1,\"name\":\"Accueil\",\"item\":\"https:\\\/\\\/www.lassociation.fr\\\/en\\\/\"},{\"@type\":\"ListItem\",\"position\":2,\"name\":\"Catalog\",\"item\":\"https:\\\/\\\/www.lassociation.fr\\\/en\\\/catalogue\\\/\"},{\"@type\":\"ListItem\",\"position\":3,\"name\":\"Com\u00e8te \u00e0 quatre pattes (La)\"}]},{\"@type\":\"WebSite\",\"@id\":\"https:\\\/\\\/www.lassociation.fr\\\/en\\\/#website\",\"url\":\"https:\\\/\\\/www.lassociation.fr\\\/en\\\/\",\"name\":\"L\u2019Association\",\"description\":\"Maison d\u2019\u00e9dition fran\u00e7aise de bande dessin\u00e9e, fond\u00e9e en 1990.\",\"publisher\":{\"@id\":\"https:\\\/\\\/www.lassociation.fr\\\/en\\\/#organization\"},\"potentialAction\":[{\"@type\":\"SearchAction\",\"target\":{\"@type\":\"EntryPoint\",\"urlTemplate\":\"https:\\\/\\\/www.lassociation.fr\\\/en\\\/?s={search_term_string}\"},\"query-input\":{\"@type\":\"PropertyValueSpecification\",\"valueRequired\":true,\"valueName\":\"search_term_string\"}}],\"inLanguage\":\"en-US\"},{\"@type\":\"Organization\",\"@id\":\"https:\\\/\\\/www.lassociation.fr\\\/en\\\/#organization\",\"name\":\"L\u2019Association\",\"url\":\"https:\\\/\\\/www.lassociation.fr\\\/en\\\/\",\"logo\":{\"@type\":\"ImageObject\",\"inLanguage\":\"en-US\",\"@id\":\"https:\\\/\\\/www.lassociation.fr\\\/en\\\/#\\\/schema\\\/logo\\\/image\\\/\",\"url\":\"https:\\\/\\\/www.lassociation.fr\\\/backoffice\\\/wp-content\\\/uploads\\\/2019\\\/11\\\/asso_large.png\",\"contentUrl\":\"https:\\\/\\\/www.lassociation.fr\\\/backoffice\\\/wp-content\\\/uploads\\\/2019\\\/11\\\/asso_large.png\",\"width\":1200,\"height\":630,\"caption\":\"L\u2019Association\"},\"image\":{\"@id\":\"https:\\\/\\\/www.lassociation.fr\\\/en\\\/#\\\/schema\\\/logo\\\/image\\\/\"},\"sameAs\":[\"https:\\\/\\\/www.facebook.com\\\/lhydrelasso\\\/\",\"https:\\\/\\\/x.com\\\/lassociation\",\"https:\\\/\\\/www.instagram.com\\\/editions_lassociation\",\"https:\\\/\\\/fr.wikipedia.org\\\/wiki\\\/LAssociation\",\"https:\\\/\\\/www.youtube.com\\\/@editions_lassociation\"]}]}<\/script>","yoast_head_json":{"title":"Com\u00e8te \u00e0 quatre pattes (La) - L\u2019Association","robots":{"index":"index","follow":"follow","max-snippet":"max-snippet:-1","max-image-preview":"max-image-preview:large","max-video-preview":"max-video-preview:-1"},"canonical":"https:\/\/www.lassociation.fr\/en\/catalogue\/la-comete-a-quatre-pattes\/","og_locale":"en_US","og_type":"article","og_title":"Com\u00e8te \u00e0 quatre pattes (La) - L\u2019Association","og_description":"Une com\u00e8te s&#8217;abat sur terre, laissant \u00e0 une jeune femme esseul\u00e9e le soin d&#8217;\u00e9teindre elle-m\u00eame l&#8217;incendie&#8230; avant que la com\u00e8te ne se r\u00e9v\u00e8le \u00eatre un monstre passablement nymphomane, qui r\u00e9veille les d\u00e9sirs de tous les protagonistes. Le point de d\u00e9part d&#8217;une histoire apocalyptique aux accents dionysiaques qui r\u00e9pond \u00e0 la joie bruyante des quatre dessinateurs. [&hellip;]","og_url":"https:\/\/www.lassociation.fr\/en\/catalogue\/la-comete-a-quatre-pattes\/","og_site_name":"L\u2019Association","article_publisher":"https:\/\/www.facebook.com\/lhydrelasso\/","article_modified_time":"2026-03-05T09:37:59+00:00","og_image":[{"width":298,"height":425,"url":"https:\/\/www.lassociation.fr\/backoffice\/wp-content\/uploads\/2019\/09\/2888.png","type":"image\/png"}],"twitter_card":"summary_large_image","twitter_site":"@lassociation","schema":{"@context":"https:\/\/schema.org","@graph":[{"@type":"WebPage","@id":"https:\/\/www.lassociation.fr\/en\/catalogue\/la-comete-a-quatre-pattes\/","url":"https:\/\/www.lassociation.fr\/en\/catalogue\/la-comete-a-quatre-pattes\/","name":"Com\u00e8te \u00e0 quatre pattes (La) - L\u2019Association","isPartOf":{"@id":"https:\/\/www.lassociation.fr\/en\/#website"},"primaryImageOfPage":{"@id":"https:\/\/www.lassociation.fr\/en\/catalogue\/la-comete-a-quatre-pattes\/#primaryimage"},"image":{"@id":"https:\/\/www.lassociation.fr\/en\/catalogue\/la-comete-a-quatre-pattes\/#primaryimage"},"thumbnailUrl":"https:\/\/www.lassociation.fr\/backoffice\/wp-content\/uploads\/2019\/09\/2888.png","datePublished":"2012-05-31T22:00:00+00:00","dateModified":"2026-03-05T09:37:59+00:00","breadcrumb":{"@id":"https:\/\/www.lassociation.fr\/en\/catalogue\/la-comete-a-quatre-pattes\/#breadcrumb"},"inLanguage":"en-US","potentialAction":[{"@type":"ReadAction","target":["https:\/\/www.lassociation.fr\/en\/catalogue\/la-comete-a-quatre-pattes\/"]}]},{"@type":"ImageObject","inLanguage":"en-US","@id":"https:\/\/www.lassociation.fr\/en\/catalogue\/la-comete-a-quatre-pattes\/#primaryimage","url":"https:\/\/www.lassociation.fr\/backoffice\/wp-content\/uploads\/2019\/09\/2888.png","contentUrl":"https:\/\/www.lassociation.fr\/backoffice\/wp-content\/uploads\/2019\/09\/2888.png","width":298,"height":425},{"@type":"BreadcrumbList","@id":"https:\/\/www.lassociation.fr\/en\/catalogue\/la-comete-a-quatre-pattes\/#breadcrumb","itemListElement":[{"@type":"ListItem","position":1,"name":"Accueil","item":"https:\/\/www.lassociation.fr\/en\/"},{"@type":"ListItem","position":2,"name":"Catalog","item":"https:\/\/www.lassociation.fr\/en\/catalogue\/"},{"@type":"ListItem","position":3,"name":"Com\u00e8te \u00e0 quatre pattes (La)"}]},{"@type":"WebSite","@id":"https:\/\/www.lassociation.fr\/en\/#website","url":"https:\/\/www.lassociation.fr\/en\/","name":"L\u2019Association","description":"Maison d\u2019\u00e9dition fran\u00e7aise de bande dessin\u00e9e, fond\u00e9e en 1990.","publisher":{"@id":"https:\/\/www.lassociation.fr\/en\/#organization"},"potentialAction":[{"@type":"SearchAction","target":{"@type":"EntryPoint","urlTemplate":"https:\/\/www.lassociation.fr\/en\/?s={search_term_string}"},"query-input":{"@type":"PropertyValueSpecification","valueRequired":true,"valueName":"search_term_string"}}],"inLanguage":"en-US"},{"@type":"Organization","@id":"https:\/\/www.lassociation.fr\/en\/#organization","name":"L\u2019Association","url":"https:\/\/www.lassociation.fr\/en\/","logo":{"@type":"ImageObject","inLanguage":"en-US","@id":"https:\/\/www.lassociation.fr\/en\/#\/schema\/logo\/image\/","url":"https:\/\/www.lassociation.fr\/backoffice\/wp-content\/uploads\/2019\/11\/asso_large.png","contentUrl":"https:\/\/www.lassociation.fr\/backoffice\/wp-content\/uploads\/2019\/11\/asso_large.png","width":1200,"height":630,"caption":"L\u2019Association"},"image":{"@id":"https:\/\/www.lassociation.fr\/en\/#\/schema\/logo\/image\/"},"sameAs":["https:\/\/www.facebook.com\/lhydrelasso\/","https:\/\/x.com\/lassociation","https:\/\/www.instagram.com\/editions_lassociation","https:\/\/fr.wikipedia.org\/wiki\/LAssociation","https:\/\/www.youtube.com\/@editions_lassociation"]}]}},"_links":{"self":[{"href":"https:\/\/www.lassociation.fr\/en\/wp-json\/wp\/v2\/product\/1687","targetHints":{"allow":["GET"]}}],"collection":[{"href":"https:\/\/www.lassociation.fr\/en\/wp-json\/wp\/v2\/product"}],"about":[{"href":"https:\/\/www.lassociation.fr\/en\/wp-json\/wp\/v2\/types\/product"}],"wp:featuredmedia":[{"embeddable":true,"href":"https:\/\/www.lassociation.fr\/en\/wp-json\/wp\/v2\/media\/2348"}],"wp:attachment":[{"href":"https:\/\/www.lassociation.fr\/en\/wp-json\/wp\/v2\/media?parent=1687"}],"wp:term":[{"taxonomy":"product_cat","embeddable":true,"href":"https:\/\/www.lassociation.fr\/en\/wp-json\/wp\/v2\/product_cat?post=1687"},{"taxonomy":"product_tag","embeddable":true,"href":"https:\/\/www.lassociation.fr\/en\/wp-json\/wp\/v2\/product_tag?post=1687"}],"curies":[{"name":"wp","href":"https:\/\/api.w.org\/{rel}","templated":true}]}}