{"id":1691,"date":"2012-05-01T00:00:00","date_gmt":"2012-04-30T22:00:00","guid":{"rendered":"https:\/\/www.lassociation.fr\/product\/contes-decomptes\/"},"modified":"2026-01-22T11:39:02","modified_gmt":"2026-01-22T10:39:02","slug":"contes-et-decomptes","status":"publish","type":"product","link":"https:\/\/www.lassociation.fr\/en\/catalogue\/contes-et-decomptes\/","title":{"rendered":"Contes et d\u00e9comptes"},"content":{"rendered":"<p>Apr\u00e8s <i>Bande de sonnets<\/i> qui puisait son inspiration dans la po\u00e9sie classique, \u00c9tienne L\u00e9croart installe l\u2019Oubapo sur le terrain des math\u00e9matiques, \u00e0 l\u2019exemple des fondateurs de son pr\u00e9decesseur litt\u00e9raire, l\u2019Oulipo. Eodermdromes, carr\u00e9s latins orthogonaux, alg\u00e8bre de Boole : <em>Contes et d\u00e9comptes<\/em> propose de nouvelles contraintes, \u00e0 partir de formules, de calculs et de figures g\u00e9om\u00e9triques, comme autant de casse-t\u00eates ludiques \u00e0 d\u00e9chiffrer.<\/p>\n<p>Prenant appui sur le nombre d\u2019or, ou sur le chiffre II pour raconter ses vacances en Gr\u00e8ce, \u00c9tienne L\u00e9croart aime \u00e0 moquer la vanit\u00e9 humaine, les jeunes, les vieux, les savants et les l\u00e9gendes du Far West. Mais ces histoires rec\u00e8lent aussi beaucoup d\u2019\u00e9motion, dans la difficult\u00e9 de communiquer, dans l\u2019\u00e9vocation de ses souvenirs et de ses peines.<\/p>\n<p>Avec ces contraintes math\u00e9matiques, \u00c9tienne L\u00e9croart a trouv\u00e9 la voie pour livrer son recueil le plus introspectif.<\/p>\n","protected":false},"excerpt":{"rendered":"<p>Apr\u00e8s Bande de sonnets qui puisait son inspiration dans la po\u00e9sie classique, \u00c9tienne L\u00e9croart installe l\u2019Oubapo sur le terrain des math\u00e9matiques, \u00e0 l\u2019exemple des fondateurs de son pr\u00e9decesseur litt\u00e9raire, l\u2019Oulipo. Eodermdromes, carr\u00e9s latins orthogonaux, alg\u00e8bre de Boole : Contes et d\u00e9comptes propose de nouvelles contraintes, \u00e0 partir de formules, de calculs et de figures g\u00e9om\u00e9triques, [&hellip;]<\/p>\n","protected":false},"featured_media":2352,"template":"","meta":{"_acf_changed":false},"product_cat":[43,47],"product_tag":[],"class_list":{"0":"post-1691","1":"product","2":"type-product","3":"status-publish","4":"has-post-thumbnail","6":"product_cat-eperluette","7":"product_cat-oubapo","8":"member-discount","9":"discount-restricted","11":"first","12":"instock","13":"taxable","14":"shipping-taxable","15":"purchasable","16":"product-type-simple"},"acf":[],"yoast_head":"<title>Contes et d\u00e9comptes - L\u2019Association<\/title>\n<meta name=\"robots\" content=\"index, follow, max-snippet:-1, max-image-preview:large, max-video-preview:-1\" \/>\n<link rel=\"canonical\" href=\"https:\/\/www.lassociation.fr\/en\/catalogue\/contes-et-decomptes\/\" \/>\n<meta property=\"og:locale\" content=\"en_US\" \/>\n<meta property=\"og:type\" content=\"article\" \/>\n<meta property=\"og:title\" content=\"Contes et d\u00e9comptes - L\u2019Association\" \/>\n<meta property=\"og:description\" content=\"Apr\u00e8s Bande de sonnets qui puisait son inspiration dans la po\u00e9sie classique, \u00c9tienne L\u00e9croart installe l\u2019Oubapo sur le terrain des math\u00e9matiques, \u00e0 l\u2019exemple des fondateurs de son pr\u00e9decesseur litt\u00e9raire, l\u2019Oulipo. Eodermdromes, carr\u00e9s latins orthogonaux, alg\u00e8bre de Boole : Contes et d\u00e9comptes propose de nouvelles contraintes, \u00e0 partir de formules, de calculs et de figures g\u00e9om\u00e9triques, [&hellip;]\" \/>\n<meta property=\"og:url\" content=\"https:\/\/www.lassociation.fr\/en\/catalogue\/contes-et-decomptes\/\" \/>\n<meta property=\"og:site_name\" content=\"L\u2019Association\" \/>\n<meta property=\"article:publisher\" content=\"https:\/\/www.facebook.com\/lhydrelasso\/\" \/>\n<meta property=\"article:modified_time\" content=\"2026-01-22T10:39:02+00:00\" \/>\n<meta property=\"og:image\" content=\"https:\/\/www.lassociation.fr\/backoffice\/wp-content\/uploads\/2019\/09\/2877.png\" \/>\n\t<meta property=\"og:image:width\" content=\"624\" \/>\n\t<meta property=\"og:image:height\" content=\"822\" \/>\n\t<meta property=\"og:image:type\" content=\"image\/png\" \/>\n<meta name=\"twitter:card\" content=\"summary_large_image\" \/>\n<meta name=\"twitter:site\" content=\"@lassociation\" \/>\n<script type=\"application\/ld+json\" class=\"yoast-schema-graph\">{\"@context\":\"https:\\\/\\\/schema.org\",\"@graph\":[{\"@type\":\"WebPage\",\"@id\":\"https:\\\/\\\/www.lassociation.fr\\\/en\\\/catalogue\\\/contes-et-decomptes\\\/\",\"url\":\"https:\\\/\\\/www.lassociation.fr\\\/en\\\/catalogue\\\/contes-et-decomptes\\\/\",\"name\":\"Contes et d\u00e9comptes - L\u2019Association\",\"isPartOf\":{\"@id\":\"https:\\\/\\\/www.lassociation.fr\\\/en\\\/#website\"},\"primaryImageOfPage\":{\"@id\":\"https:\\\/\\\/www.lassociation.fr\\\/en\\\/catalogue\\\/contes-et-decomptes\\\/#primaryimage\"},\"image\":{\"@id\":\"https:\\\/\\\/www.lassociation.fr\\\/en\\\/catalogue\\\/contes-et-decomptes\\\/#primaryimage\"},\"thumbnailUrl\":\"https:\\\/\\\/www.lassociation.fr\\\/backoffice\\\/wp-content\\\/uploads\\\/2019\\\/09\\\/2877.png\",\"datePublished\":\"2012-04-30T22:00:00+00:00\",\"dateModified\":\"2026-01-22T10:39:02+00:00\",\"breadcrumb\":{\"@id\":\"https:\\\/\\\/www.lassociation.fr\\\/en\\\/catalogue\\\/contes-et-decomptes\\\/#breadcrumb\"},\"inLanguage\":\"en-US\",\"potentialAction\":[{\"@type\":\"ReadAction\",\"target\":[\"https:\\\/\\\/www.lassociation.fr\\\/en\\\/catalogue\\\/contes-et-decomptes\\\/\"]}]},{\"@type\":\"ImageObject\",\"inLanguage\":\"en-US\",\"@id\":\"https:\\\/\\\/www.lassociation.fr\\\/en\\\/catalogue\\\/contes-et-decomptes\\\/#primaryimage\",\"url\":\"https:\\\/\\\/www.lassociation.fr\\\/backoffice\\\/wp-content\\\/uploads\\\/2019\\\/09\\\/2877.png\",\"contentUrl\":\"https:\\\/\\\/www.lassociation.fr\\\/backoffice\\\/wp-content\\\/uploads\\\/2019\\\/09\\\/2877.png\",\"width\":624,\"height\":822},{\"@type\":\"BreadcrumbList\",\"@id\":\"https:\\\/\\\/www.lassociation.fr\\\/en\\\/catalogue\\\/contes-et-decomptes\\\/#breadcrumb\",\"itemListElement\":[{\"@type\":\"ListItem\",\"position\":1,\"name\":\"Accueil\",\"item\":\"https:\\\/\\\/www.lassociation.fr\\\/en\\\/\"},{\"@type\":\"ListItem\",\"position\":2,\"name\":\"Catalog\",\"item\":\"https:\\\/\\\/www.lassociation.fr\\\/en\\\/catalogue\\\/\"},{\"@type\":\"ListItem\",\"position\":3,\"name\":\"Contes et d\u00e9comptes\"}]},{\"@type\":\"WebSite\",\"@id\":\"https:\\\/\\\/www.lassociation.fr\\\/en\\\/#website\",\"url\":\"https:\\\/\\\/www.lassociation.fr\\\/en\\\/\",\"name\":\"L\u2019Association\",\"description\":\"Maison d\u2019\u00e9dition fran\u00e7aise de bande dessin\u00e9e, fond\u00e9e en 1990.\",\"publisher\":{\"@id\":\"https:\\\/\\\/www.lassociation.fr\\\/en\\\/#organization\"},\"potentialAction\":[{\"@type\":\"SearchAction\",\"target\":{\"@type\":\"EntryPoint\",\"urlTemplate\":\"https:\\\/\\\/www.lassociation.fr\\\/en\\\/?s={search_term_string}\"},\"query-input\":{\"@type\":\"PropertyValueSpecification\",\"valueRequired\":true,\"valueName\":\"search_term_string\"}}],\"inLanguage\":\"en-US\"},{\"@type\":\"Organization\",\"@id\":\"https:\\\/\\\/www.lassociation.fr\\\/en\\\/#organization\",\"name\":\"L\u2019Association\",\"url\":\"https:\\\/\\\/www.lassociation.fr\\\/en\\\/\",\"logo\":{\"@type\":\"ImageObject\",\"inLanguage\":\"en-US\",\"@id\":\"https:\\\/\\\/www.lassociation.fr\\\/en\\\/#\\\/schema\\\/logo\\\/image\\\/\",\"url\":\"https:\\\/\\\/www.lassociation.fr\\\/backoffice\\\/wp-content\\\/uploads\\\/2019\\\/11\\\/asso_large.png\",\"contentUrl\":\"https:\\\/\\\/www.lassociation.fr\\\/backoffice\\\/wp-content\\\/uploads\\\/2019\\\/11\\\/asso_large.png\",\"width\":1200,\"height\":630,\"caption\":\"L\u2019Association\"},\"image\":{\"@id\":\"https:\\\/\\\/www.lassociation.fr\\\/en\\\/#\\\/schema\\\/logo\\\/image\\\/\"},\"sameAs\":[\"https:\\\/\\\/www.facebook.com\\\/lhydrelasso\\\/\",\"https:\\\/\\\/x.com\\\/lassociation\",\"https:\\\/\\\/www.instagram.com\\\/editions_lassociation\",\"https:\\\/\\\/fr.wikipedia.org\\\/wiki\\\/LAssociation\",\"https:\\\/\\\/www.youtube.com\\\/@editions_lassociation\"]}]}<\/script>","yoast_head_json":{"title":"Contes et d\u00e9comptes - L\u2019Association","robots":{"index":"index","follow":"follow","max-snippet":"max-snippet:-1","max-image-preview":"max-image-preview:large","max-video-preview":"max-video-preview:-1"},"canonical":"https:\/\/www.lassociation.fr\/en\/catalogue\/contes-et-decomptes\/","og_locale":"en_US","og_type":"article","og_title":"Contes et d\u00e9comptes - L\u2019Association","og_description":"Apr\u00e8s Bande de sonnets qui puisait son inspiration dans la po\u00e9sie classique, \u00c9tienne L\u00e9croart installe l\u2019Oubapo sur le terrain des math\u00e9matiques, \u00e0 l\u2019exemple des fondateurs de son pr\u00e9decesseur litt\u00e9raire, l\u2019Oulipo. Eodermdromes, carr\u00e9s latins orthogonaux, alg\u00e8bre de Boole : Contes et d\u00e9comptes propose de nouvelles contraintes, \u00e0 partir de formules, de calculs et de figures g\u00e9om\u00e9triques, [&hellip;]","og_url":"https:\/\/www.lassociation.fr\/en\/catalogue\/contes-et-decomptes\/","og_site_name":"L\u2019Association","article_publisher":"https:\/\/www.facebook.com\/lhydrelasso\/","article_modified_time":"2026-01-22T10:39:02+00:00","og_image":[{"width":624,"height":822,"url":"https:\/\/www.lassociation.fr\/backoffice\/wp-content\/uploads\/2019\/09\/2877.png","type":"image\/png"}],"twitter_card":"summary_large_image","twitter_site":"@lassociation","schema":{"@context":"https:\/\/schema.org","@graph":[{"@type":"WebPage","@id":"https:\/\/www.lassociation.fr\/en\/catalogue\/contes-et-decomptes\/","url":"https:\/\/www.lassociation.fr\/en\/catalogue\/contes-et-decomptes\/","name":"Contes et d\u00e9comptes - L\u2019Association","isPartOf":{"@id":"https:\/\/www.lassociation.fr\/en\/#website"},"primaryImageOfPage":{"@id":"https:\/\/www.lassociation.fr\/en\/catalogue\/contes-et-decomptes\/#primaryimage"},"image":{"@id":"https:\/\/www.lassociation.fr\/en\/catalogue\/contes-et-decomptes\/#primaryimage"},"thumbnailUrl":"https:\/\/www.lassociation.fr\/backoffice\/wp-content\/uploads\/2019\/09\/2877.png","datePublished":"2012-04-30T22:00:00+00:00","dateModified":"2026-01-22T10:39:02+00:00","breadcrumb":{"@id":"https:\/\/www.lassociation.fr\/en\/catalogue\/contes-et-decomptes\/#breadcrumb"},"inLanguage":"en-US","potentialAction":[{"@type":"ReadAction","target":["https:\/\/www.lassociation.fr\/en\/catalogue\/contes-et-decomptes\/"]}]},{"@type":"ImageObject","inLanguage":"en-US","@id":"https:\/\/www.lassociation.fr\/en\/catalogue\/contes-et-decomptes\/#primaryimage","url":"https:\/\/www.lassociation.fr\/backoffice\/wp-content\/uploads\/2019\/09\/2877.png","contentUrl":"https:\/\/www.lassociation.fr\/backoffice\/wp-content\/uploads\/2019\/09\/2877.png","width":624,"height":822},{"@type":"BreadcrumbList","@id":"https:\/\/www.lassociation.fr\/en\/catalogue\/contes-et-decomptes\/#breadcrumb","itemListElement":[{"@type":"ListItem","position":1,"name":"Accueil","item":"https:\/\/www.lassociation.fr\/en\/"},{"@type":"ListItem","position":2,"name":"Catalog","item":"https:\/\/www.lassociation.fr\/en\/catalogue\/"},{"@type":"ListItem","position":3,"name":"Contes et d\u00e9comptes"}]},{"@type":"WebSite","@id":"https:\/\/www.lassociation.fr\/en\/#website","url":"https:\/\/www.lassociation.fr\/en\/","name":"L\u2019Association","description":"Maison d\u2019\u00e9dition fran\u00e7aise de bande dessin\u00e9e, fond\u00e9e en 1990.","publisher":{"@id":"https:\/\/www.lassociation.fr\/en\/#organization"},"potentialAction":[{"@type":"SearchAction","target":{"@type":"EntryPoint","urlTemplate":"https:\/\/www.lassociation.fr\/en\/?s={search_term_string}"},"query-input":{"@type":"PropertyValueSpecification","valueRequired":true,"valueName":"search_term_string"}}],"inLanguage":"en-US"},{"@type":"Organization","@id":"https:\/\/www.lassociation.fr\/en\/#organization","name":"L\u2019Association","url":"https:\/\/www.lassociation.fr\/en\/","logo":{"@type":"ImageObject","inLanguage":"en-US","@id":"https:\/\/www.lassociation.fr\/en\/#\/schema\/logo\/image\/","url":"https:\/\/www.lassociation.fr\/backoffice\/wp-content\/uploads\/2019\/11\/asso_large.png","contentUrl":"https:\/\/www.lassociation.fr\/backoffice\/wp-content\/uploads\/2019\/11\/asso_large.png","width":1200,"height":630,"caption":"L\u2019Association"},"image":{"@id":"https:\/\/www.lassociation.fr\/en\/#\/schema\/logo\/image\/"},"sameAs":["https:\/\/www.facebook.com\/lhydrelasso\/","https:\/\/x.com\/lassociation","https:\/\/www.instagram.com\/editions_lassociation","https:\/\/fr.wikipedia.org\/wiki\/LAssociation","https:\/\/www.youtube.com\/@editions_lassociation"]}]}},"_links":{"self":[{"href":"https:\/\/www.lassociation.fr\/en\/wp-json\/wp\/v2\/product\/1691","targetHints":{"allow":["GET"]}}],"collection":[{"href":"https:\/\/www.lassociation.fr\/en\/wp-json\/wp\/v2\/product"}],"about":[{"href":"https:\/\/www.lassociation.fr\/en\/wp-json\/wp\/v2\/types\/product"}],"wp:featuredmedia":[{"embeddable":true,"href":"https:\/\/www.lassociation.fr\/en\/wp-json\/wp\/v2\/media\/2352"}],"wp:attachment":[{"href":"https:\/\/www.lassociation.fr\/en\/wp-json\/wp\/v2\/media?parent=1691"}],"wp:term":[{"taxonomy":"product_cat","embeddable":true,"href":"https:\/\/www.lassociation.fr\/en\/wp-json\/wp\/v2\/product_cat?post=1691"},{"taxonomy":"product_tag","embeddable":true,"href":"https:\/\/www.lassociation.fr\/en\/wp-json\/wp\/v2\/product_tag?post=1691"}],"curies":[{"name":"wp","href":"https:\/\/api.w.org\/{rel}","templated":true}]}}