{"id":1694,"date":"2012-04-01T00:00:00","date_gmt":"2012-03-31T22:00:00","guid":{"rendered":"https:\/\/www.lassociation.fr\/product\/au-travail-1\/"},"modified":"2026-01-22T11:39:02","modified_gmt":"2026-01-22T10:39:02","slug":"au-travail-1","status":"publish","type":"product","link":"https:\/\/www.lassociation.fr\/en\/catalogue\/au-travail-1\/","title":{"rendered":"Au travail 1"},"content":{"rendered":"<p>\u00ab Pourquoi fais-je de la bande dessin\u00e9e ?&#8230; \u00bb<\/p>\n<p>Chez Olivier Josso Hamel, cette question r\u00e9currente a peu \u00e0 peu tiss\u00e9 un n\u0153ud de frustration, o\u00f9 s\u2019opposent l\u2019incommunicabilit\u00e9 et le d\u00e9sir de dire.<\/p>\n<p>Y r\u00e9pondre tient alors de l\u2019urgence, de la r\u00e9elle n\u00e9cessit\u00e9&#8230; dont acte : Au travail.\u2028Abandonnant la gomme, le crayon \u00e0 papier et les hachures peaufin\u00e9es -jusque l\u00e0, ses garde-fous habituels-, l\u2019auteur se jette \u00e0 l\u2019encre sans filet et plonge dans les profondeurs de son pass\u00e9.<\/p>\n<p>\u00c0 la surface du m\u00eame papier orange sur lequel il dessinait enfant, il fait remonter les manques et les silences, combl\u00e9s par l\u2019empreinte salutaire de lectures illustr\u00e9es.\u2028Ces derni\u00e8res font ici figure de tatouages, de madeleines voire de pierres angulaires, qu\u2019Olivier Josso Hamel revisite au gr\u00e9 de son histoire personnelle. \u2028O\u00f9 le noir et le blanc s\u2019allient, creusant l\u2019ombre comme la lumi\u00e8re afin de comprendre, d\u2019apaiser. Et si la plume se l\u00e2che, au risque de gratter, c\u2019est pour mieux respirer.<\/p>\n<p>Premier volume d\u2019une s\u00e9rie de plusieurs, Au travail est un jeu de piste et de construction, une qu\u00eate de sens et d\u2019identit\u00e9 autour de la cr\u00e9ation en bande dessin\u00e9e.<br \/>\nVERSION 2018 corrig\u00e9e par l\u2019auteur.<\/p>\n","protected":false},"excerpt":{"rendered":"<p>\u00ab Pourquoi fais-je de la bande dessin\u00e9e ?&#8230; \u00bb Chez Olivier Josso Hamel, cette question r\u00e9currente a peu \u00e0 peu tiss\u00e9 un n\u0153ud de frustration, o\u00f9 s\u2019opposent l\u2019incommunicabilit\u00e9 et le d\u00e9sir de dire. Y r\u00e9pondre tient alors de l\u2019urgence, de la r\u00e9elle n\u00e9cessit\u00e9&#8230; dont acte : Au travail.\u2028Abandonnant la gomme, le crayon \u00e0 papier et [&hellip;]<\/p>\n","protected":false},"featured_media":2355,"template":"","meta":{"_acf_changed":false},"product_cat":[43],"product_tag":[],"class_list":{"0":"post-1694","1":"product","2":"type-product","3":"status-publish","4":"has-post-thumbnail","6":"product_cat-eperluette","7":"member-discount","8":"discount-restricted","10":"first","11":"instock","12":"taxable","13":"shipping-taxable","14":"purchasable","15":"product-type-simple"},"acf":[],"yoast_head":"<title>Au travail 1 - L\u2019Association<\/title>\n<meta name=\"robots\" content=\"index, follow, max-snippet:-1, max-image-preview:large, max-video-preview:-1\" \/>\n<link rel=\"canonical\" href=\"https:\/\/www.lassociation.fr\/en\/catalogue\/au-travail-1\/\" \/>\n<meta property=\"og:locale\" content=\"en_US\" \/>\n<meta property=\"og:type\" content=\"article\" \/>\n<meta property=\"og:title\" content=\"Au travail 1 - L\u2019Association\" \/>\n<meta property=\"og:description\" content=\"\u00ab Pourquoi fais-je de la bande dessin\u00e9e ?&#8230; \u00bb Chez Olivier Josso Hamel, cette question r\u00e9currente a peu \u00e0 peu tiss\u00e9 un n\u0153ud de frustration, o\u00f9 s\u2019opposent l\u2019incommunicabilit\u00e9 et le d\u00e9sir de dire. Y r\u00e9pondre tient alors de l\u2019urgence, de la r\u00e9elle n\u00e9cessit\u00e9&#8230; dont acte : Au travail.\u2028Abandonnant la gomme, le crayon \u00e0 papier et [&hellip;]\" \/>\n<meta property=\"og:url\" content=\"https:\/\/www.lassociation.fr\/en\/catalogue\/au-travail-1\/\" \/>\n<meta property=\"og:site_name\" content=\"L\u2019Association\" \/>\n<meta property=\"article:publisher\" content=\"https:\/\/www.facebook.com\/lhydrelasso\/\" \/>\n<meta property=\"article:modified_time\" content=\"2026-01-22T10:39:02+00:00\" \/>\n<meta property=\"og:image\" content=\"https:\/\/www.lassociation.fr\/backoffice\/wp-content\/uploads\/2019\/09\/2933.png\" \/>\n\t<meta property=\"og:image:width\" content=\"624\" \/>\n\t<meta property=\"og:image:height\" content=\"822\" \/>\n\t<meta property=\"og:image:type\" content=\"image\/png\" \/>\n<meta name=\"twitter:card\" content=\"summary_large_image\" \/>\n<meta name=\"twitter:site\" content=\"@lassociation\" \/>\n<script type=\"application\/ld+json\" class=\"yoast-schema-graph\">{\"@context\":\"https:\\\/\\\/schema.org\",\"@graph\":[{\"@type\":\"WebPage\",\"@id\":\"https:\\\/\\\/www.lassociation.fr\\\/en\\\/catalogue\\\/au-travail-1\\\/\",\"url\":\"https:\\\/\\\/www.lassociation.fr\\\/en\\\/catalogue\\\/au-travail-1\\\/\",\"name\":\"Au travail 1 - L\u2019Association\",\"isPartOf\":{\"@id\":\"https:\\\/\\\/www.lassociation.fr\\\/en\\\/#website\"},\"primaryImageOfPage\":{\"@id\":\"https:\\\/\\\/www.lassociation.fr\\\/en\\\/catalogue\\\/au-travail-1\\\/#primaryimage\"},\"image\":{\"@id\":\"https:\\\/\\\/www.lassociation.fr\\\/en\\\/catalogue\\\/au-travail-1\\\/#primaryimage\"},\"thumbnailUrl\":\"https:\\\/\\\/www.lassociation.fr\\\/backoffice\\\/wp-content\\\/uploads\\\/2019\\\/09\\\/2933.png\",\"datePublished\":\"2012-03-31T22:00:00+00:00\",\"dateModified\":\"2026-01-22T10:39:02+00:00\",\"breadcrumb\":{\"@id\":\"https:\\\/\\\/www.lassociation.fr\\\/en\\\/catalogue\\\/au-travail-1\\\/#breadcrumb\"},\"inLanguage\":\"en-US\",\"potentialAction\":[{\"@type\":\"ReadAction\",\"target\":[\"https:\\\/\\\/www.lassociation.fr\\\/en\\\/catalogue\\\/au-travail-1\\\/\"]}]},{\"@type\":\"ImageObject\",\"inLanguage\":\"en-US\",\"@id\":\"https:\\\/\\\/www.lassociation.fr\\\/en\\\/catalogue\\\/au-travail-1\\\/#primaryimage\",\"url\":\"https:\\\/\\\/www.lassociation.fr\\\/backoffice\\\/wp-content\\\/uploads\\\/2019\\\/09\\\/2933.png\",\"contentUrl\":\"https:\\\/\\\/www.lassociation.fr\\\/backoffice\\\/wp-content\\\/uploads\\\/2019\\\/09\\\/2933.png\",\"width\":624,\"height\":822},{\"@type\":\"BreadcrumbList\",\"@id\":\"https:\\\/\\\/www.lassociation.fr\\\/en\\\/catalogue\\\/au-travail-1\\\/#breadcrumb\",\"itemListElement\":[{\"@type\":\"ListItem\",\"position\":1,\"name\":\"Accueil\",\"item\":\"https:\\\/\\\/www.lassociation.fr\\\/en\\\/\"},{\"@type\":\"ListItem\",\"position\":2,\"name\":\"Catalog\",\"item\":\"https:\\\/\\\/www.lassociation.fr\\\/en\\\/catalogue\\\/\"},{\"@type\":\"ListItem\",\"position\":3,\"name\":\"Au travail 1\"}]},{\"@type\":\"WebSite\",\"@id\":\"https:\\\/\\\/www.lassociation.fr\\\/en\\\/#website\",\"url\":\"https:\\\/\\\/www.lassociation.fr\\\/en\\\/\",\"name\":\"L\u2019Association\",\"description\":\"Maison d\u2019\u00e9dition fran\u00e7aise de bande dessin\u00e9e, fond\u00e9e en 1990.\",\"publisher\":{\"@id\":\"https:\\\/\\\/www.lassociation.fr\\\/en\\\/#organization\"},\"potentialAction\":[{\"@type\":\"SearchAction\",\"target\":{\"@type\":\"EntryPoint\",\"urlTemplate\":\"https:\\\/\\\/www.lassociation.fr\\\/en\\\/?s={search_term_string}\"},\"query-input\":{\"@type\":\"PropertyValueSpecification\",\"valueRequired\":true,\"valueName\":\"search_term_string\"}}],\"inLanguage\":\"en-US\"},{\"@type\":\"Organization\",\"@id\":\"https:\\\/\\\/www.lassociation.fr\\\/en\\\/#organization\",\"name\":\"L\u2019Association\",\"url\":\"https:\\\/\\\/www.lassociation.fr\\\/en\\\/\",\"logo\":{\"@type\":\"ImageObject\",\"inLanguage\":\"en-US\",\"@id\":\"https:\\\/\\\/www.lassociation.fr\\\/en\\\/#\\\/schema\\\/logo\\\/image\\\/\",\"url\":\"https:\\\/\\\/www.lassociation.fr\\\/backoffice\\\/wp-content\\\/uploads\\\/2019\\\/11\\\/asso_large.png\",\"contentUrl\":\"https:\\\/\\\/www.lassociation.fr\\\/backoffice\\\/wp-content\\\/uploads\\\/2019\\\/11\\\/asso_large.png\",\"width\":1200,\"height\":630,\"caption\":\"L\u2019Association\"},\"image\":{\"@id\":\"https:\\\/\\\/www.lassociation.fr\\\/en\\\/#\\\/schema\\\/logo\\\/image\\\/\"},\"sameAs\":[\"https:\\\/\\\/www.facebook.com\\\/lhydrelasso\\\/\",\"https:\\\/\\\/x.com\\\/lassociation\",\"https:\\\/\\\/www.instagram.com\\\/editions_lassociation\",\"https:\\\/\\\/fr.wikipedia.org\\\/wiki\\\/LAssociation\",\"https:\\\/\\\/www.youtube.com\\\/@editions_lassociation\"]}]}<\/script>","yoast_head_json":{"title":"Au travail 1 - L\u2019Association","robots":{"index":"index","follow":"follow","max-snippet":"max-snippet:-1","max-image-preview":"max-image-preview:large","max-video-preview":"max-video-preview:-1"},"canonical":"https:\/\/www.lassociation.fr\/en\/catalogue\/au-travail-1\/","og_locale":"en_US","og_type":"article","og_title":"Au travail 1 - L\u2019Association","og_description":"\u00ab Pourquoi fais-je de la bande dessin\u00e9e ?&#8230; \u00bb Chez Olivier Josso Hamel, cette question r\u00e9currente a peu \u00e0 peu tiss\u00e9 un n\u0153ud de frustration, o\u00f9 s\u2019opposent l\u2019incommunicabilit\u00e9 et le d\u00e9sir de dire. Y r\u00e9pondre tient alors de l\u2019urgence, de la r\u00e9elle n\u00e9cessit\u00e9&#8230; dont acte : Au travail.\u2028Abandonnant la gomme, le crayon \u00e0 papier et [&hellip;]","og_url":"https:\/\/www.lassociation.fr\/en\/catalogue\/au-travail-1\/","og_site_name":"L\u2019Association","article_publisher":"https:\/\/www.facebook.com\/lhydrelasso\/","article_modified_time":"2026-01-22T10:39:02+00:00","og_image":[{"width":624,"height":822,"url":"https:\/\/www.lassociation.fr\/backoffice\/wp-content\/uploads\/2019\/09\/2933.png","type":"image\/png"}],"twitter_card":"summary_large_image","twitter_site":"@lassociation","schema":{"@context":"https:\/\/schema.org","@graph":[{"@type":"WebPage","@id":"https:\/\/www.lassociation.fr\/en\/catalogue\/au-travail-1\/","url":"https:\/\/www.lassociation.fr\/en\/catalogue\/au-travail-1\/","name":"Au travail 1 - L\u2019Association","isPartOf":{"@id":"https:\/\/www.lassociation.fr\/en\/#website"},"primaryImageOfPage":{"@id":"https:\/\/www.lassociation.fr\/en\/catalogue\/au-travail-1\/#primaryimage"},"image":{"@id":"https:\/\/www.lassociation.fr\/en\/catalogue\/au-travail-1\/#primaryimage"},"thumbnailUrl":"https:\/\/www.lassociation.fr\/backoffice\/wp-content\/uploads\/2019\/09\/2933.png","datePublished":"2012-03-31T22:00:00+00:00","dateModified":"2026-01-22T10:39:02+00:00","breadcrumb":{"@id":"https:\/\/www.lassociation.fr\/en\/catalogue\/au-travail-1\/#breadcrumb"},"inLanguage":"en-US","potentialAction":[{"@type":"ReadAction","target":["https:\/\/www.lassociation.fr\/en\/catalogue\/au-travail-1\/"]}]},{"@type":"ImageObject","inLanguage":"en-US","@id":"https:\/\/www.lassociation.fr\/en\/catalogue\/au-travail-1\/#primaryimage","url":"https:\/\/www.lassociation.fr\/backoffice\/wp-content\/uploads\/2019\/09\/2933.png","contentUrl":"https:\/\/www.lassociation.fr\/backoffice\/wp-content\/uploads\/2019\/09\/2933.png","width":624,"height":822},{"@type":"BreadcrumbList","@id":"https:\/\/www.lassociation.fr\/en\/catalogue\/au-travail-1\/#breadcrumb","itemListElement":[{"@type":"ListItem","position":1,"name":"Accueil","item":"https:\/\/www.lassociation.fr\/en\/"},{"@type":"ListItem","position":2,"name":"Catalog","item":"https:\/\/www.lassociation.fr\/en\/catalogue\/"},{"@type":"ListItem","position":3,"name":"Au travail 1"}]},{"@type":"WebSite","@id":"https:\/\/www.lassociation.fr\/en\/#website","url":"https:\/\/www.lassociation.fr\/en\/","name":"L\u2019Association","description":"Maison d\u2019\u00e9dition fran\u00e7aise de bande dessin\u00e9e, fond\u00e9e en 1990.","publisher":{"@id":"https:\/\/www.lassociation.fr\/en\/#organization"},"potentialAction":[{"@type":"SearchAction","target":{"@type":"EntryPoint","urlTemplate":"https:\/\/www.lassociation.fr\/en\/?s={search_term_string}"},"query-input":{"@type":"PropertyValueSpecification","valueRequired":true,"valueName":"search_term_string"}}],"inLanguage":"en-US"},{"@type":"Organization","@id":"https:\/\/www.lassociation.fr\/en\/#organization","name":"L\u2019Association","url":"https:\/\/www.lassociation.fr\/en\/","logo":{"@type":"ImageObject","inLanguage":"en-US","@id":"https:\/\/www.lassociation.fr\/en\/#\/schema\/logo\/image\/","url":"https:\/\/www.lassociation.fr\/backoffice\/wp-content\/uploads\/2019\/11\/asso_large.png","contentUrl":"https:\/\/www.lassociation.fr\/backoffice\/wp-content\/uploads\/2019\/11\/asso_large.png","width":1200,"height":630,"caption":"L\u2019Association"},"image":{"@id":"https:\/\/www.lassociation.fr\/en\/#\/schema\/logo\/image\/"},"sameAs":["https:\/\/www.facebook.com\/lhydrelasso\/","https:\/\/x.com\/lassociation","https:\/\/www.instagram.com\/editions_lassociation","https:\/\/fr.wikipedia.org\/wiki\/LAssociation","https:\/\/www.youtube.com\/@editions_lassociation"]}]}},"_links":{"self":[{"href":"https:\/\/www.lassociation.fr\/en\/wp-json\/wp\/v2\/product\/1694","targetHints":{"allow":["GET"]}}],"collection":[{"href":"https:\/\/www.lassociation.fr\/en\/wp-json\/wp\/v2\/product"}],"about":[{"href":"https:\/\/www.lassociation.fr\/en\/wp-json\/wp\/v2\/types\/product"}],"wp:featuredmedia":[{"embeddable":true,"href":"https:\/\/www.lassociation.fr\/en\/wp-json\/wp\/v2\/media\/2355"}],"wp:attachment":[{"href":"https:\/\/www.lassociation.fr\/en\/wp-json\/wp\/v2\/media?parent=1694"}],"wp:term":[{"taxonomy":"product_cat","embeddable":true,"href":"https:\/\/www.lassociation.fr\/en\/wp-json\/wp\/v2\/product_cat?post=1694"},{"taxonomy":"product_tag","embeddable":true,"href":"https:\/\/www.lassociation.fr\/en\/wp-json\/wp\/v2\/product_tag?post=1694"}],"curies":[{"name":"wp","href":"https:\/\/api.w.org\/{rel}","templated":true}]}}