{"id":1697,"date":"2012-02-01T00:00:00","date_gmt":"2012-01-31T23:00:00","guid":{"rendered":"https:\/\/www.lassociation.fr\/product\/parfois-les-ennuis-mettent-un-chapeau\/"},"modified":"2026-01-22T11:39:02","modified_gmt":"2026-01-22T10:39:02","slug":"parfois-les-ennuis-mettent-un-chapeau","status":"publish","type":"product","link":"https:\/\/www.lassociation.fr\/en\/catalogue\/parfois-les-ennuis-mettent-un-chapeau\/","title":{"rendered":"Parfois les ennuis mettent un chapeau"},"content":{"rendered":"<p><em>\u201cQuand je parle tout seul je m\u2019\u00e9coute attentivement car j\u2019ai peut-\u00eatre des choses importantes \u00e0 dire\u201d.<\/em><\/p>\n<p>Les petits carnets de cuir de Jos\u00e9 Parrondo compilent une somme \u00e9difiante de consid\u00e9rations aff\u00e9rentes aux choses de la vie sous l\u2019exercice sobre et modeste d\u2019une phrase attel\u00e9e \u00e0 un dessin synth\u00e9tique au crayon de couleur ou \u00e0 l\u2019aquarelle.<\/p>\n<p>Interrogeant les corps de m\u00e9tiers, l\u2019imagerie populaire ou encore les cycles de la nature (et si c\u2019\u00e9tait les feuilles qui perdaient leurs arbres ?), l\u2019auteur joue avec les \u00e9chelles de temps, de taille et d\u2019espace. Recr\u00e9ant un rapport au monde quasiment ludique, avec un ton qui rappelle parfois au <i>Journal<\/i> de Jules Renard , <i>Parfois les ennuis mettent un chapeau<\/i>, dans la parfaite continuit\u00e9 de <i>La Porte<\/i>, \u00e9claire alors certaines v\u00e9rit\u00e9s d\u2019une lueur tout \u00e0 fait po\u00e9tique.<\/p>\n","protected":false},"excerpt":{"rendered":"<p>\u201cQuand je parle tout seul je m\u2019\u00e9coute attentivement car j\u2019ai peut-\u00eatre des choses importantes \u00e0 dire\u201d. Les petits carnets de cuir de Jos\u00e9 Parrondo compilent une somme \u00e9difiante de consid\u00e9rations aff\u00e9rentes aux choses de la vie sous l\u2019exercice sobre et modeste d\u2019une phrase attel\u00e9e \u00e0 un dessin synth\u00e9tique au crayon de couleur ou \u00e0 l\u2019aquarelle. [&hellip;]<\/p>\n","protected":false},"featured_media":2358,"template":"","meta":{"_acf_changed":false},"product_cat":[48],"product_tag":[],"class_list":{"0":"post-1697","1":"product","2":"type-product","3":"status-publish","4":"has-post-thumbnail","6":"product_cat-hors-collection","7":"member-discount","8":"discount-restricted","10":"first","11":"outofstock","12":"taxable","13":"shipping-taxable","14":"product-type-simple"},"acf":[],"yoast_head":"<title>Parfois les ennuis mettent un chapeau - L\u2019Association<\/title>\n<meta name=\"robots\" content=\"index, follow, max-snippet:-1, max-image-preview:large, max-video-preview:-1\" \/>\n<link rel=\"canonical\" href=\"https:\/\/www.lassociation.fr\/en\/catalogue\/parfois-les-ennuis-mettent-un-chapeau\/\" \/>\n<meta property=\"og:locale\" content=\"en_US\" \/>\n<meta property=\"og:type\" content=\"article\" \/>\n<meta property=\"og:title\" content=\"Parfois les ennuis mettent un chapeau - L\u2019Association\" \/>\n<meta property=\"og:description\" content=\"\u201cQuand je parle tout seul je m\u2019\u00e9coute attentivement car j\u2019ai peut-\u00eatre des choses importantes \u00e0 dire\u201d. Les petits carnets de cuir de Jos\u00e9 Parrondo compilent une somme \u00e9difiante de consid\u00e9rations aff\u00e9rentes aux choses de la vie sous l\u2019exercice sobre et modeste d\u2019une phrase attel\u00e9e \u00e0 un dessin synth\u00e9tique au crayon de couleur ou \u00e0 l\u2019aquarelle. [&hellip;]\" \/>\n<meta property=\"og:url\" content=\"https:\/\/www.lassociation.fr\/en\/catalogue\/parfois-les-ennuis-mettent-un-chapeau\/\" \/>\n<meta property=\"og:site_name\" content=\"L\u2019Association\" \/>\n<meta property=\"article:publisher\" content=\"https:\/\/www.facebook.com\/lhydrelasso\/\" \/>\n<meta property=\"article:modified_time\" content=\"2026-01-22T10:39:02+00:00\" \/>\n<meta property=\"og:image\" content=\"https:\/\/www.lassociation.fr\/backoffice\/wp-content\/uploads\/2019\/09\/2848.png\" \/>\n\t<meta property=\"og:image:width\" content=\"285\" \/>\n\t<meta property=\"og:image:height\" content=\"448\" \/>\n\t<meta property=\"og:image:type\" content=\"image\/png\" \/>\n<meta name=\"twitter:card\" content=\"summary_large_image\" \/>\n<meta name=\"twitter:site\" content=\"@lassociation\" \/>\n<script type=\"application\/ld+json\" class=\"yoast-schema-graph\">{\"@context\":\"https:\\\/\\\/schema.org\",\"@graph\":[{\"@type\":\"WebPage\",\"@id\":\"https:\\\/\\\/www.lassociation.fr\\\/en\\\/catalogue\\\/parfois-les-ennuis-mettent-un-chapeau\\\/\",\"url\":\"https:\\\/\\\/www.lassociation.fr\\\/en\\\/catalogue\\\/parfois-les-ennuis-mettent-un-chapeau\\\/\",\"name\":\"Parfois les ennuis mettent un chapeau - L\u2019Association\",\"isPartOf\":{\"@id\":\"https:\\\/\\\/www.lassociation.fr\\\/en\\\/#website\"},\"primaryImageOfPage\":{\"@id\":\"https:\\\/\\\/www.lassociation.fr\\\/en\\\/catalogue\\\/parfois-les-ennuis-mettent-un-chapeau\\\/#primaryimage\"},\"image\":{\"@id\":\"https:\\\/\\\/www.lassociation.fr\\\/en\\\/catalogue\\\/parfois-les-ennuis-mettent-un-chapeau\\\/#primaryimage\"},\"thumbnailUrl\":\"https:\\\/\\\/www.lassociation.fr\\\/backoffice\\\/wp-content\\\/uploads\\\/2019\\\/09\\\/2848.png\",\"datePublished\":\"2012-01-31T23:00:00+00:00\",\"dateModified\":\"2026-01-22T10:39:02+00:00\",\"breadcrumb\":{\"@id\":\"https:\\\/\\\/www.lassociation.fr\\\/en\\\/catalogue\\\/parfois-les-ennuis-mettent-un-chapeau\\\/#breadcrumb\"},\"inLanguage\":\"en-US\",\"potentialAction\":[{\"@type\":\"ReadAction\",\"target\":[\"https:\\\/\\\/www.lassociation.fr\\\/en\\\/catalogue\\\/parfois-les-ennuis-mettent-un-chapeau\\\/\"]}]},{\"@type\":\"ImageObject\",\"inLanguage\":\"en-US\",\"@id\":\"https:\\\/\\\/www.lassociation.fr\\\/en\\\/catalogue\\\/parfois-les-ennuis-mettent-un-chapeau\\\/#primaryimage\",\"url\":\"https:\\\/\\\/www.lassociation.fr\\\/backoffice\\\/wp-content\\\/uploads\\\/2019\\\/09\\\/2848.png\",\"contentUrl\":\"https:\\\/\\\/www.lassociation.fr\\\/backoffice\\\/wp-content\\\/uploads\\\/2019\\\/09\\\/2848.png\",\"width\":285,\"height\":448},{\"@type\":\"BreadcrumbList\",\"@id\":\"https:\\\/\\\/www.lassociation.fr\\\/en\\\/catalogue\\\/parfois-les-ennuis-mettent-un-chapeau\\\/#breadcrumb\",\"itemListElement\":[{\"@type\":\"ListItem\",\"position\":1,\"name\":\"Accueil\",\"item\":\"https:\\\/\\\/www.lassociation.fr\\\/en\\\/\"},{\"@type\":\"ListItem\",\"position\":2,\"name\":\"Catalog\",\"item\":\"https:\\\/\\\/www.lassociation.fr\\\/en\\\/catalogue\\\/\"},{\"@type\":\"ListItem\",\"position\":3,\"name\":\"Parfois les ennuis mettent un chapeau\"}]},{\"@type\":\"WebSite\",\"@id\":\"https:\\\/\\\/www.lassociation.fr\\\/en\\\/#website\",\"url\":\"https:\\\/\\\/www.lassociation.fr\\\/en\\\/\",\"name\":\"L\u2019Association\",\"description\":\"Maison d\u2019\u00e9dition fran\u00e7aise de bande dessin\u00e9e, fond\u00e9e en 1990.\",\"publisher\":{\"@id\":\"https:\\\/\\\/www.lassociation.fr\\\/en\\\/#organization\"},\"potentialAction\":[{\"@type\":\"SearchAction\",\"target\":{\"@type\":\"EntryPoint\",\"urlTemplate\":\"https:\\\/\\\/www.lassociation.fr\\\/en\\\/?s={search_term_string}\"},\"query-input\":{\"@type\":\"PropertyValueSpecification\",\"valueRequired\":true,\"valueName\":\"search_term_string\"}}],\"inLanguage\":\"en-US\"},{\"@type\":\"Organization\",\"@id\":\"https:\\\/\\\/www.lassociation.fr\\\/en\\\/#organization\",\"name\":\"L\u2019Association\",\"url\":\"https:\\\/\\\/www.lassociation.fr\\\/en\\\/\",\"logo\":{\"@type\":\"ImageObject\",\"inLanguage\":\"en-US\",\"@id\":\"https:\\\/\\\/www.lassociation.fr\\\/en\\\/#\\\/schema\\\/logo\\\/image\\\/\",\"url\":\"https:\\\/\\\/www.lassociation.fr\\\/backoffice\\\/wp-content\\\/uploads\\\/2019\\\/11\\\/asso_large.png\",\"contentUrl\":\"https:\\\/\\\/www.lassociation.fr\\\/backoffice\\\/wp-content\\\/uploads\\\/2019\\\/11\\\/asso_large.png\",\"width\":1200,\"height\":630,\"caption\":\"L\u2019Association\"},\"image\":{\"@id\":\"https:\\\/\\\/www.lassociation.fr\\\/en\\\/#\\\/schema\\\/logo\\\/image\\\/\"},\"sameAs\":[\"https:\\\/\\\/www.facebook.com\\\/lhydrelasso\\\/\",\"https:\\\/\\\/x.com\\\/lassociation\",\"https:\\\/\\\/www.instagram.com\\\/editions_lassociation\",\"https:\\\/\\\/fr.wikipedia.org\\\/wiki\\\/LAssociation\",\"https:\\\/\\\/www.youtube.com\\\/@editions_lassociation\"]}]}<\/script>","yoast_head_json":{"title":"Parfois les ennuis mettent un chapeau - L\u2019Association","robots":{"index":"index","follow":"follow","max-snippet":"max-snippet:-1","max-image-preview":"max-image-preview:large","max-video-preview":"max-video-preview:-1"},"canonical":"https:\/\/www.lassociation.fr\/en\/catalogue\/parfois-les-ennuis-mettent-un-chapeau\/","og_locale":"en_US","og_type":"article","og_title":"Parfois les ennuis mettent un chapeau - L\u2019Association","og_description":"\u201cQuand je parle tout seul je m\u2019\u00e9coute attentivement car j\u2019ai peut-\u00eatre des choses importantes \u00e0 dire\u201d. Les petits carnets de cuir de Jos\u00e9 Parrondo compilent une somme \u00e9difiante de consid\u00e9rations aff\u00e9rentes aux choses de la vie sous l\u2019exercice sobre et modeste d\u2019une phrase attel\u00e9e \u00e0 un dessin synth\u00e9tique au crayon de couleur ou \u00e0 l\u2019aquarelle. [&hellip;]","og_url":"https:\/\/www.lassociation.fr\/en\/catalogue\/parfois-les-ennuis-mettent-un-chapeau\/","og_site_name":"L\u2019Association","article_publisher":"https:\/\/www.facebook.com\/lhydrelasso\/","article_modified_time":"2026-01-22T10:39:02+00:00","og_image":[{"width":285,"height":448,"url":"https:\/\/www.lassociation.fr\/backoffice\/wp-content\/uploads\/2019\/09\/2848.png","type":"image\/png"}],"twitter_card":"summary_large_image","twitter_site":"@lassociation","schema":{"@context":"https:\/\/schema.org","@graph":[{"@type":"WebPage","@id":"https:\/\/www.lassociation.fr\/en\/catalogue\/parfois-les-ennuis-mettent-un-chapeau\/","url":"https:\/\/www.lassociation.fr\/en\/catalogue\/parfois-les-ennuis-mettent-un-chapeau\/","name":"Parfois les ennuis mettent un chapeau - L\u2019Association","isPartOf":{"@id":"https:\/\/www.lassociation.fr\/en\/#website"},"primaryImageOfPage":{"@id":"https:\/\/www.lassociation.fr\/en\/catalogue\/parfois-les-ennuis-mettent-un-chapeau\/#primaryimage"},"image":{"@id":"https:\/\/www.lassociation.fr\/en\/catalogue\/parfois-les-ennuis-mettent-un-chapeau\/#primaryimage"},"thumbnailUrl":"https:\/\/www.lassociation.fr\/backoffice\/wp-content\/uploads\/2019\/09\/2848.png","datePublished":"2012-01-31T23:00:00+00:00","dateModified":"2026-01-22T10:39:02+00:00","breadcrumb":{"@id":"https:\/\/www.lassociation.fr\/en\/catalogue\/parfois-les-ennuis-mettent-un-chapeau\/#breadcrumb"},"inLanguage":"en-US","potentialAction":[{"@type":"ReadAction","target":["https:\/\/www.lassociation.fr\/en\/catalogue\/parfois-les-ennuis-mettent-un-chapeau\/"]}]},{"@type":"ImageObject","inLanguage":"en-US","@id":"https:\/\/www.lassociation.fr\/en\/catalogue\/parfois-les-ennuis-mettent-un-chapeau\/#primaryimage","url":"https:\/\/www.lassociation.fr\/backoffice\/wp-content\/uploads\/2019\/09\/2848.png","contentUrl":"https:\/\/www.lassociation.fr\/backoffice\/wp-content\/uploads\/2019\/09\/2848.png","width":285,"height":448},{"@type":"BreadcrumbList","@id":"https:\/\/www.lassociation.fr\/en\/catalogue\/parfois-les-ennuis-mettent-un-chapeau\/#breadcrumb","itemListElement":[{"@type":"ListItem","position":1,"name":"Accueil","item":"https:\/\/www.lassociation.fr\/en\/"},{"@type":"ListItem","position":2,"name":"Catalog","item":"https:\/\/www.lassociation.fr\/en\/catalogue\/"},{"@type":"ListItem","position":3,"name":"Parfois les ennuis mettent un chapeau"}]},{"@type":"WebSite","@id":"https:\/\/www.lassociation.fr\/en\/#website","url":"https:\/\/www.lassociation.fr\/en\/","name":"L\u2019Association","description":"Maison d\u2019\u00e9dition fran\u00e7aise de bande dessin\u00e9e, fond\u00e9e en 1990.","publisher":{"@id":"https:\/\/www.lassociation.fr\/en\/#organization"},"potentialAction":[{"@type":"SearchAction","target":{"@type":"EntryPoint","urlTemplate":"https:\/\/www.lassociation.fr\/en\/?s={search_term_string}"},"query-input":{"@type":"PropertyValueSpecification","valueRequired":true,"valueName":"search_term_string"}}],"inLanguage":"en-US"},{"@type":"Organization","@id":"https:\/\/www.lassociation.fr\/en\/#organization","name":"L\u2019Association","url":"https:\/\/www.lassociation.fr\/en\/","logo":{"@type":"ImageObject","inLanguage":"en-US","@id":"https:\/\/www.lassociation.fr\/en\/#\/schema\/logo\/image\/","url":"https:\/\/www.lassociation.fr\/backoffice\/wp-content\/uploads\/2019\/11\/asso_large.png","contentUrl":"https:\/\/www.lassociation.fr\/backoffice\/wp-content\/uploads\/2019\/11\/asso_large.png","width":1200,"height":630,"caption":"L\u2019Association"},"image":{"@id":"https:\/\/www.lassociation.fr\/en\/#\/schema\/logo\/image\/"},"sameAs":["https:\/\/www.facebook.com\/lhydrelasso\/","https:\/\/x.com\/lassociation","https:\/\/www.instagram.com\/editions_lassociation","https:\/\/fr.wikipedia.org\/wiki\/LAssociation","https:\/\/www.youtube.com\/@editions_lassociation"]}]}},"_links":{"self":[{"href":"https:\/\/www.lassociation.fr\/en\/wp-json\/wp\/v2\/product\/1697","targetHints":{"allow":["GET"]}}],"collection":[{"href":"https:\/\/www.lassociation.fr\/en\/wp-json\/wp\/v2\/product"}],"about":[{"href":"https:\/\/www.lassociation.fr\/en\/wp-json\/wp\/v2\/types\/product"}],"wp:featuredmedia":[{"embeddable":true,"href":"https:\/\/www.lassociation.fr\/en\/wp-json\/wp\/v2\/media\/2358"}],"wp:attachment":[{"href":"https:\/\/www.lassociation.fr\/en\/wp-json\/wp\/v2\/media?parent=1697"}],"wp:term":[{"taxonomy":"product_cat","embeddable":true,"href":"https:\/\/www.lassociation.fr\/en\/wp-json\/wp\/v2\/product_cat?post=1697"},{"taxonomy":"product_tag","embeddable":true,"href":"https:\/\/www.lassociation.fr\/en\/wp-json\/wp\/v2\/product_tag?post=1697"}],"curies":[{"name":"wp","href":"https:\/\/api.w.org\/{rel}","templated":true}]}}