{"id":1702,"date":"2011-11-01T00:00:00","date_gmt":"2019-09-27T08:42:38","guid":{"rendered":"https:\/\/www.lassociation.fr\/product\/bons-points-modernes\/"},"modified":"2026-01-22T11:39:02","modified_gmt":"2026-01-22T10:39:02","slug":"bons-points-modernes","status":"publish","type":"product","link":"https:\/\/www.lassociation.fr\/en\/catalogue\/bons-points-modernes\/","title":{"rendered":"Bons points modernes"},"content":{"rendered":"<p><span style=\"color: #000000;\">\u25ba <\/span><a href=\"https:\/\/www.lassociation.fr\/catalogue\/bons-points-modernes-nouvelle-edition\/\"><span style=\"color: #808080;\"><span style=\"color: #3366ff;\">La Nouvelle \u00e9dition est disponible<\/span> <\/span><span style=\"color: #ff0000;\">ici<\/span><\/a><\/p>\n<p>L\u2019Association s\u2019enorgueillissait jusqu\u2019\u00e0 pr\u00e9sent de compter dans son catalogue un auteur comme Vincent Sardon et de pouvoir pr\u00e9senter son formidable et m\u00e9ticuleux travail d\u2019auteur de bandes dessin\u00e9es. H\u00e9las, il avait choisi de dispara\u00eetre dans une caverne et nous d\u00e9sesp\u00e9rions de ne plus pouvoir publier son travail. Nous sommes heureux de mettre \u00e0 disposition du public son carnet de <i>Bons Points Modernes<\/i> \u00e0 d\u00e9couper, imprim\u00e9s en trois couleurs selon les proc\u00e9d\u00e9s les plus antiques de l\u2019imprimerie nationale.<\/p>\n<p>Ce carnet est le pr\u00e9lude \u00e0 une publication qui fera date dans l\u2019histoire de la Tampographie contemporaine, puisque Sardon met actuellement la derni\u00e8re main \u00e0 un livre de 200 pages abondamment illustr\u00e9es, qui relatent quatre ann\u00e9es de travail et de d\u00e9pressions diverses sous la forme d\u2019un journal de cr\u00e9ation dont on peut saisir la tonalit\u00e9 irr\u00e9sistible et sinistre en se rendant sur le <a href=\"http:\/\/le-tampographe-sardon.blogspot.com\/\" target=\"_blank\" rel=\"noopener noreferrer\">site du tampographe Sardon<\/a>.<\/p>\n<p>Les <i>Bons Points Modernes<\/i> sont un v\u00e9ritable hommage au mat\u00e9riel p\u00e9dagogique des ann\u00e9es 50. Ce carnet broch\u00e9 de trente planches de bons points sur carton ivoire (format 24 \/ 16 cm) ravira les d\u00e9fenseurs de p\u00e9dagogie r\u00e9actionnaire et de pornographie amusante. Il fera un excellent cadeau de No\u00ebl, tout particuli\u00e8rement aupr\u00e8s du corps enseignant et des \u00e9tudiants de votre entourage, comme l\u2019explique son auteur : \u00ab Dans un souci de d\u00e9mocratisation du savoir et d\u2019\u00e9ducation populaire, le Tampographe Sardon \u00e9dite ces bons points d\u2019exception. Mis au point par une \u00e9quipe de chercheurs en psychop\u00e9dagogie et test\u00e9s sur un panel d\u2019enfants humains et de singes anthropo\u00efdes, ces bons points pr\u00e9sentent des images de qualit\u00e9 et des th\u00e9matiques qui passionneront les jeunes et combleront d\u2019aise les enseignants les plus sourcilleux. Un outil indispensable recommand\u00e9 par l\u2019inspection acad\u00e9mique. \u00bb<\/p>\n","protected":false},"excerpt":{"rendered":"<p>\u25ba La Nouvelle \u00e9dition est disponible ici L\u2019Association s\u2019enorgueillissait jusqu\u2019\u00e0 pr\u00e9sent de compter dans son catalogue un auteur comme Vincent Sardon et de pouvoir pr\u00e9senter son formidable et m\u00e9ticuleux travail d\u2019auteur de bandes dessin\u00e9es. H\u00e9las, il avait choisi de dispara\u00eetre dans une caverne et nous d\u00e9sesp\u00e9rions de ne plus pouvoir publier son travail. Nous sommes [&hellip;]<\/p>\n","protected":false},"featured_media":2363,"template":"","meta":{"_acf_changed":false},"product_cat":[48],"product_tag":[],"class_list":{"0":"post-1702","1":"product","2":"type-product","3":"status-publish","4":"has-post-thumbnail","6":"product_cat-hors-collection","7":"member-discount","8":"discount-restricted","10":"first","11":"outofstock","12":"taxable","13":"shipping-taxable","14":"product-type-simple"},"acf":[],"yoast_head":"<title>Bons points modernes - L\u2019Association<\/title>\n<meta name=\"robots\" content=\"index, follow, max-snippet:-1, max-image-preview:large, max-video-preview:-1\" \/>\n<link rel=\"canonical\" href=\"https:\/\/www.lassociation.fr\/en\/catalogue\/bons-points-modernes\/\" \/>\n<meta property=\"og:locale\" content=\"en_US\" \/>\n<meta property=\"og:type\" content=\"article\" \/>\n<meta property=\"og:title\" content=\"Bons points modernes - L\u2019Association\" \/>\n<meta property=\"og:description\" content=\"\u25ba La Nouvelle \u00e9dition est disponible ici L\u2019Association s\u2019enorgueillissait jusqu\u2019\u00e0 pr\u00e9sent de compter dans son catalogue un auteur comme Vincent Sardon et de pouvoir pr\u00e9senter son formidable et m\u00e9ticuleux travail d\u2019auteur de bandes dessin\u00e9es. H\u00e9las, il avait choisi de dispara\u00eetre dans une caverne et nous d\u00e9sesp\u00e9rions de ne plus pouvoir publier son travail. Nous sommes [&hellip;]\" \/>\n<meta property=\"og:url\" content=\"https:\/\/www.lassociation.fr\/en\/catalogue\/bons-points-modernes\/\" \/>\n<meta property=\"og:site_name\" content=\"L\u2019Association\" \/>\n<meta property=\"article:publisher\" content=\"https:\/\/www.facebook.com\/lhydrelasso\/\" \/>\n<meta property=\"article:modified_time\" content=\"2026-01-22T10:39:02+00:00\" \/>\n<meta property=\"og:image\" content=\"https:\/\/www.lassociation.fr\/backoffice\/wp-content\/uploads\/2019\/09\/2526.png\" \/>\n\t<meta property=\"og:image:width\" content=\"680\" \/>\n\t<meta property=\"og:image:height\" content=\"454\" \/>\n\t<meta property=\"og:image:type\" content=\"image\/png\" \/>\n<meta name=\"twitter:card\" content=\"summary_large_image\" \/>\n<meta name=\"twitter:site\" content=\"@lassociation\" \/>\n<script type=\"application\/ld+json\" class=\"yoast-schema-graph\">{\"@context\":\"https:\\\/\\\/schema.org\",\"@graph\":[{\"@type\":\"WebPage\",\"@id\":\"https:\\\/\\\/www.lassociation.fr\\\/en\\\/catalogue\\\/bons-points-modernes\\\/\",\"url\":\"https:\\\/\\\/www.lassociation.fr\\\/en\\\/catalogue\\\/bons-points-modernes\\\/\",\"name\":\"Bons points modernes - L\u2019Association\",\"isPartOf\":{\"@id\":\"https:\\\/\\\/www.lassociation.fr\\\/en\\\/#website\"},\"primaryImageOfPage\":{\"@id\":\"https:\\\/\\\/www.lassociation.fr\\\/en\\\/catalogue\\\/bons-points-modernes\\\/#primaryimage\"},\"image\":{\"@id\":\"https:\\\/\\\/www.lassociation.fr\\\/en\\\/catalogue\\\/bons-points-modernes\\\/#primaryimage\"},\"thumbnailUrl\":\"https:\\\/\\\/www.lassociation.fr\\\/backoffice\\\/wp-content\\\/uploads\\\/2019\\\/09\\\/2526.png\",\"datePublished\":\"2019-09-27T08:42:38+00:00\",\"dateModified\":\"2026-01-22T10:39:02+00:00\",\"breadcrumb\":{\"@id\":\"https:\\\/\\\/www.lassociation.fr\\\/en\\\/catalogue\\\/bons-points-modernes\\\/#breadcrumb\"},\"inLanguage\":\"en-US\",\"potentialAction\":[{\"@type\":\"ReadAction\",\"target\":[\"https:\\\/\\\/www.lassociation.fr\\\/en\\\/catalogue\\\/bons-points-modernes\\\/\"]}]},{\"@type\":\"ImageObject\",\"inLanguage\":\"en-US\",\"@id\":\"https:\\\/\\\/www.lassociation.fr\\\/en\\\/catalogue\\\/bons-points-modernes\\\/#primaryimage\",\"url\":\"https:\\\/\\\/www.lassociation.fr\\\/backoffice\\\/wp-content\\\/uploads\\\/2019\\\/09\\\/2526.png\",\"contentUrl\":\"https:\\\/\\\/www.lassociation.fr\\\/backoffice\\\/wp-content\\\/uploads\\\/2019\\\/09\\\/2526.png\",\"width\":680,\"height\":454},{\"@type\":\"BreadcrumbList\",\"@id\":\"https:\\\/\\\/www.lassociation.fr\\\/en\\\/catalogue\\\/bons-points-modernes\\\/#breadcrumb\",\"itemListElement\":[{\"@type\":\"ListItem\",\"position\":1,\"name\":\"Accueil\",\"item\":\"https:\\\/\\\/www.lassociation.fr\\\/en\\\/\"},{\"@type\":\"ListItem\",\"position\":2,\"name\":\"Catalog\",\"item\":\"https:\\\/\\\/www.lassociation.fr\\\/en\\\/catalogue\\\/\"},{\"@type\":\"ListItem\",\"position\":3,\"name\":\"Bons points modernes\"}]},{\"@type\":\"WebSite\",\"@id\":\"https:\\\/\\\/www.lassociation.fr\\\/en\\\/#website\",\"url\":\"https:\\\/\\\/www.lassociation.fr\\\/en\\\/\",\"name\":\"L\u2019Association\",\"description\":\"Maison d\u2019\u00e9dition fran\u00e7aise de bande dessin\u00e9e, fond\u00e9e en 1990.\",\"publisher\":{\"@id\":\"https:\\\/\\\/www.lassociation.fr\\\/en\\\/#organization\"},\"potentialAction\":[{\"@type\":\"SearchAction\",\"target\":{\"@type\":\"EntryPoint\",\"urlTemplate\":\"https:\\\/\\\/www.lassociation.fr\\\/en\\\/?s={search_term_string}\"},\"query-input\":{\"@type\":\"PropertyValueSpecification\",\"valueRequired\":true,\"valueName\":\"search_term_string\"}}],\"inLanguage\":\"en-US\"},{\"@type\":\"Organization\",\"@id\":\"https:\\\/\\\/www.lassociation.fr\\\/en\\\/#organization\",\"name\":\"L\u2019Association\",\"url\":\"https:\\\/\\\/www.lassociation.fr\\\/en\\\/\",\"logo\":{\"@type\":\"ImageObject\",\"inLanguage\":\"en-US\",\"@id\":\"https:\\\/\\\/www.lassociation.fr\\\/en\\\/#\\\/schema\\\/logo\\\/image\\\/\",\"url\":\"https:\\\/\\\/www.lassociation.fr\\\/backoffice\\\/wp-content\\\/uploads\\\/2019\\\/11\\\/asso_large.png\",\"contentUrl\":\"https:\\\/\\\/www.lassociation.fr\\\/backoffice\\\/wp-content\\\/uploads\\\/2019\\\/11\\\/asso_large.png\",\"width\":1200,\"height\":630,\"caption\":\"L\u2019Association\"},\"image\":{\"@id\":\"https:\\\/\\\/www.lassociation.fr\\\/en\\\/#\\\/schema\\\/logo\\\/image\\\/\"},\"sameAs\":[\"https:\\\/\\\/www.facebook.com\\\/lhydrelasso\\\/\",\"https:\\\/\\\/x.com\\\/lassociation\",\"https:\\\/\\\/www.instagram.com\\\/editions_lassociation\",\"https:\\\/\\\/fr.wikipedia.org\\\/wiki\\\/LAssociation\",\"https:\\\/\\\/www.youtube.com\\\/@editions_lassociation\"]}]}<\/script>","yoast_head_json":{"title":"Bons points modernes - L\u2019Association","robots":{"index":"index","follow":"follow","max-snippet":"max-snippet:-1","max-image-preview":"max-image-preview:large","max-video-preview":"max-video-preview:-1"},"canonical":"https:\/\/www.lassociation.fr\/en\/catalogue\/bons-points-modernes\/","og_locale":"en_US","og_type":"article","og_title":"Bons points modernes - L\u2019Association","og_description":"\u25ba La Nouvelle \u00e9dition est disponible ici L\u2019Association s\u2019enorgueillissait jusqu\u2019\u00e0 pr\u00e9sent de compter dans son catalogue un auteur comme Vincent Sardon et de pouvoir pr\u00e9senter son formidable et m\u00e9ticuleux travail d\u2019auteur de bandes dessin\u00e9es. H\u00e9las, il avait choisi de dispara\u00eetre dans une caverne et nous d\u00e9sesp\u00e9rions de ne plus pouvoir publier son travail. Nous sommes [&hellip;]","og_url":"https:\/\/www.lassociation.fr\/en\/catalogue\/bons-points-modernes\/","og_site_name":"L\u2019Association","article_publisher":"https:\/\/www.facebook.com\/lhydrelasso\/","article_modified_time":"2026-01-22T10:39:02+00:00","og_image":[{"width":680,"height":454,"url":"https:\/\/www.lassociation.fr\/backoffice\/wp-content\/uploads\/2019\/09\/2526.png","type":"image\/png"}],"twitter_card":"summary_large_image","twitter_site":"@lassociation","schema":{"@context":"https:\/\/schema.org","@graph":[{"@type":"WebPage","@id":"https:\/\/www.lassociation.fr\/en\/catalogue\/bons-points-modernes\/","url":"https:\/\/www.lassociation.fr\/en\/catalogue\/bons-points-modernes\/","name":"Bons points modernes - L\u2019Association","isPartOf":{"@id":"https:\/\/www.lassociation.fr\/en\/#website"},"primaryImageOfPage":{"@id":"https:\/\/www.lassociation.fr\/en\/catalogue\/bons-points-modernes\/#primaryimage"},"image":{"@id":"https:\/\/www.lassociation.fr\/en\/catalogue\/bons-points-modernes\/#primaryimage"},"thumbnailUrl":"https:\/\/www.lassociation.fr\/backoffice\/wp-content\/uploads\/2019\/09\/2526.png","datePublished":"2019-09-27T08:42:38+00:00","dateModified":"2026-01-22T10:39:02+00:00","breadcrumb":{"@id":"https:\/\/www.lassociation.fr\/en\/catalogue\/bons-points-modernes\/#breadcrumb"},"inLanguage":"en-US","potentialAction":[{"@type":"ReadAction","target":["https:\/\/www.lassociation.fr\/en\/catalogue\/bons-points-modernes\/"]}]},{"@type":"ImageObject","inLanguage":"en-US","@id":"https:\/\/www.lassociation.fr\/en\/catalogue\/bons-points-modernes\/#primaryimage","url":"https:\/\/www.lassociation.fr\/backoffice\/wp-content\/uploads\/2019\/09\/2526.png","contentUrl":"https:\/\/www.lassociation.fr\/backoffice\/wp-content\/uploads\/2019\/09\/2526.png","width":680,"height":454},{"@type":"BreadcrumbList","@id":"https:\/\/www.lassociation.fr\/en\/catalogue\/bons-points-modernes\/#breadcrumb","itemListElement":[{"@type":"ListItem","position":1,"name":"Accueil","item":"https:\/\/www.lassociation.fr\/en\/"},{"@type":"ListItem","position":2,"name":"Catalog","item":"https:\/\/www.lassociation.fr\/en\/catalogue\/"},{"@type":"ListItem","position":3,"name":"Bons points modernes"}]},{"@type":"WebSite","@id":"https:\/\/www.lassociation.fr\/en\/#website","url":"https:\/\/www.lassociation.fr\/en\/","name":"L\u2019Association","description":"Maison d\u2019\u00e9dition fran\u00e7aise de bande dessin\u00e9e, fond\u00e9e en 1990.","publisher":{"@id":"https:\/\/www.lassociation.fr\/en\/#organization"},"potentialAction":[{"@type":"SearchAction","target":{"@type":"EntryPoint","urlTemplate":"https:\/\/www.lassociation.fr\/en\/?s={search_term_string}"},"query-input":{"@type":"PropertyValueSpecification","valueRequired":true,"valueName":"search_term_string"}}],"inLanguage":"en-US"},{"@type":"Organization","@id":"https:\/\/www.lassociation.fr\/en\/#organization","name":"L\u2019Association","url":"https:\/\/www.lassociation.fr\/en\/","logo":{"@type":"ImageObject","inLanguage":"en-US","@id":"https:\/\/www.lassociation.fr\/en\/#\/schema\/logo\/image\/","url":"https:\/\/www.lassociation.fr\/backoffice\/wp-content\/uploads\/2019\/11\/asso_large.png","contentUrl":"https:\/\/www.lassociation.fr\/backoffice\/wp-content\/uploads\/2019\/11\/asso_large.png","width":1200,"height":630,"caption":"L\u2019Association"},"image":{"@id":"https:\/\/www.lassociation.fr\/en\/#\/schema\/logo\/image\/"},"sameAs":["https:\/\/www.facebook.com\/lhydrelasso\/","https:\/\/x.com\/lassociation","https:\/\/www.instagram.com\/editions_lassociation","https:\/\/fr.wikipedia.org\/wiki\/LAssociation","https:\/\/www.youtube.com\/@editions_lassociation"]}]}},"_links":{"self":[{"href":"https:\/\/www.lassociation.fr\/en\/wp-json\/wp\/v2\/product\/1702","targetHints":{"allow":["GET"]}}],"collection":[{"href":"https:\/\/www.lassociation.fr\/en\/wp-json\/wp\/v2\/product"}],"about":[{"href":"https:\/\/www.lassociation.fr\/en\/wp-json\/wp\/v2\/types\/product"}],"wp:featuredmedia":[{"embeddable":true,"href":"https:\/\/www.lassociation.fr\/en\/wp-json\/wp\/v2\/media\/2363"}],"wp:attachment":[{"href":"https:\/\/www.lassociation.fr\/en\/wp-json\/wp\/v2\/media?parent=1702"}],"wp:term":[{"taxonomy":"product_cat","embeddable":true,"href":"https:\/\/www.lassociation.fr\/en\/wp-json\/wp\/v2\/product_cat?post=1702"},{"taxonomy":"product_tag","embeddable":true,"href":"https:\/\/www.lassociation.fr\/en\/wp-json\/wp\/v2\/product_tag?post=1702"}],"curies":[{"name":"wp","href":"https:\/\/api.w.org\/{rel}","templated":true}]}}