{"id":17361,"date":"2020-11-10T11:19:39","date_gmt":"2020-11-10T10:19:39","guid":{"rendered":"https:\/\/www.lassociation.fr\/?post_type=product&#038;p=17361"},"modified":"2026-03-29T11:19:31","modified_gmt":"2026-03-29T09:19:31","slug":"les-nouvelles-aventures-de-lapinot-tome-5-l-apocalypse-joyeuse","status":"publish","type":"product","link":"https:\/\/www.lassociation.fr\/en\/catalogue\/les-nouvelles-aventures-de-lapinot-tome-5-l-apocalypse-joyeuse\/","title":{"rendered":"Nouvelles aventures de Lapinot (Les) [Tome 5] L\u2019Apocalypse joyeuse"},"content":{"rendered":"<p>Lapinot, le bras pl\u00e2tr\u00e9 est face \u00e0 un nouveau dilemme : doit-il ou non porter plainte contre les parents qui l\u2019ont injustement tabass\u00e9 dans un jardin public, apr\u00e8s l\u2019avoir pris pour un p\u00e9dophile\u00a0?<\/p>\n<p>Tiraill\u00e9 entre son besoin de justice et son empathie pour les familles de ses assaillants, Lapinot part se mettre au vert avec Richard. Une retraite compliqu\u00e9e, puisqu\u2019une m\u00e9t\u00e9orite s\u2019\u00e9crase sur le capot de la voiture, alors qu\u2019ils font une pause sur le parking d\u2019un supermarch\u00e9\u2026 et les ennuis commencent\u00a0!<\/p>\n<p>Bastons, app\u00e2t du gain, courses-poursuites en for\u00eat, collapsologues barr\u00e9s\u2026\u00a0 Lapinot et Richard ne sont d\u00e9cid\u00e9ment pas au bout de leurs peines. Toujours en phase avec les obsessions de ses contemporains, Lewis Trondheim signe ici un nouvel album au go\u00fbt musqu\u00e9 d\u2019apocalypse, comme un mode d\u2019emploi pour survivre en riant en milieu hostile, le cinqui\u00e8me de la s\u00e9rie triomphante <em>Les nouvelles aventures de Lapinot<\/em> \u00e0 L\u2019Association.<\/p>\n","protected":false},"excerpt":{"rendered":"<p>Lapinot, le bras pl\u00e2tr\u00e9 est face \u00e0 un nouveau dilemme : doit-il ou non porter plainte contre les parents qui l\u2019ont injustement tabass\u00e9 dans un jardin public, apr\u00e8s l\u2019avoir pris pour un p\u00e9dophile\u00a0? Tiraill\u00e9 entre son besoin de justice et son empathie pour les familles de ses assaillants, Lapinot part se mettre au vert avec [&hellip;]<\/p>\n","protected":false},"featured_media":17362,"template":"","meta":{"_acf_changed":false},"product_cat":[51],"product_tag":[],"class_list":{"0":"post-17361","1":"product","2":"type-product","3":"status-publish","4":"has-post-thumbnail","6":"product_cat-48cc","7":"member-discount","8":"discount-restricted","10":"first","11":"instock","12":"taxable","13":"shipping-taxable","14":"purchasable","15":"product-type-simple"},"acf":[],"yoast_head":"<title>Nouvelles aventures de Lapinot (Les) [Tome 5] L\u2019Apocalypse joyeuse - L\u2019Association<\/title>\n<meta name=\"robots\" content=\"index, follow, max-snippet:-1, max-image-preview:large, max-video-preview:-1\" \/>\n<link rel=\"canonical\" href=\"https:\/\/www.lassociation.fr\/en\/catalogue\/les-nouvelles-aventures-de-lapinot-tome-5-l-apocalypse-joyeuse\/\" \/>\n<meta property=\"og:locale\" content=\"en_US\" \/>\n<meta property=\"og:type\" content=\"article\" \/>\n<meta property=\"og:title\" content=\"Nouvelles aventures de Lapinot (Les) [Tome 5] L\u2019Apocalypse joyeuse - L\u2019Association\" \/>\n<meta property=\"og:description\" content=\"Lapinot, le bras pl\u00e2tr\u00e9 est face \u00e0 un nouveau dilemme : doit-il ou non porter plainte contre les parents qui l\u2019ont injustement tabass\u00e9 dans un jardin public, apr\u00e8s l\u2019avoir pris pour un p\u00e9dophile\u00a0? Tiraill\u00e9 entre son besoin de justice et son empathie pour les familles de ses assaillants, Lapinot part se mettre au vert avec [&hellip;]\" \/>\n<meta property=\"og:url\" content=\"https:\/\/www.lassociation.fr\/en\/catalogue\/les-nouvelles-aventures-de-lapinot-tome-5-l-apocalypse-joyeuse\/\" \/>\n<meta property=\"og:site_name\" content=\"L\u2019Association\" \/>\n<meta property=\"article:publisher\" content=\"https:\/\/www.facebook.com\/lhydrelasso\/\" \/>\n<meta property=\"article:modified_time\" content=\"2026-03-29T09:19:31+00:00\" \/>\n<meta property=\"og:image\" content=\"https:\/\/www.lassociation.fr\/backoffice\/wp-content\/uploads\/2020\/11\/LAPINOT5_48cc_couv.jpg\" \/>\n\t<meta property=\"og:image:width\" content=\"1977\" \/>\n\t<meta property=\"og:image:height\" content=\"2560\" \/>\n\t<meta property=\"og:image:type\" content=\"image\/jpeg\" \/>\n<meta name=\"twitter:card\" content=\"summary_large_image\" \/>\n<meta name=\"twitter:site\" content=\"@lassociation\" \/>\n<script type=\"application\/ld+json\" class=\"yoast-schema-graph\">{\"@context\":\"https:\\\/\\\/schema.org\",\"@graph\":[{\"@type\":\"WebPage\",\"@id\":\"https:\\\/\\\/www.lassociation.fr\\\/en\\\/catalogue\\\/les-nouvelles-aventures-de-lapinot-tome-5-l-apocalypse-joyeuse\\\/\",\"url\":\"https:\\\/\\\/www.lassociation.fr\\\/en\\\/catalogue\\\/les-nouvelles-aventures-de-lapinot-tome-5-l-apocalypse-joyeuse\\\/\",\"name\":\"Nouvelles aventures de Lapinot (Les) [Tome 5] L\u2019Apocalypse joyeuse - L\u2019Association\",\"isPartOf\":{\"@id\":\"https:\\\/\\\/www.lassociation.fr\\\/en\\\/#website\"},\"primaryImageOfPage\":{\"@id\":\"https:\\\/\\\/www.lassociation.fr\\\/en\\\/catalogue\\\/les-nouvelles-aventures-de-lapinot-tome-5-l-apocalypse-joyeuse\\\/#primaryimage\"},\"image\":{\"@id\":\"https:\\\/\\\/www.lassociation.fr\\\/en\\\/catalogue\\\/les-nouvelles-aventures-de-lapinot-tome-5-l-apocalypse-joyeuse\\\/#primaryimage\"},\"thumbnailUrl\":\"https:\\\/\\\/www.lassociation.fr\\\/backoffice\\\/wp-content\\\/uploads\\\/2020\\\/11\\\/LAPINOT5_48cc_couv.jpg\",\"datePublished\":\"2020-11-10T10:19:39+00:00\",\"dateModified\":\"2026-03-29T09:19:31+00:00\",\"breadcrumb\":{\"@id\":\"https:\\\/\\\/www.lassociation.fr\\\/en\\\/catalogue\\\/les-nouvelles-aventures-de-lapinot-tome-5-l-apocalypse-joyeuse\\\/#breadcrumb\"},\"inLanguage\":\"en-US\",\"potentialAction\":[{\"@type\":\"ReadAction\",\"target\":[\"https:\\\/\\\/www.lassociation.fr\\\/en\\\/catalogue\\\/les-nouvelles-aventures-de-lapinot-tome-5-l-apocalypse-joyeuse\\\/\"]}]},{\"@type\":\"ImageObject\",\"inLanguage\":\"en-US\",\"@id\":\"https:\\\/\\\/www.lassociation.fr\\\/en\\\/catalogue\\\/les-nouvelles-aventures-de-lapinot-tome-5-l-apocalypse-joyeuse\\\/#primaryimage\",\"url\":\"https:\\\/\\\/www.lassociation.fr\\\/backoffice\\\/wp-content\\\/uploads\\\/2020\\\/11\\\/LAPINOT5_48cc_couv.jpg\",\"contentUrl\":\"https:\\\/\\\/www.lassociation.fr\\\/backoffice\\\/wp-content\\\/uploads\\\/2020\\\/11\\\/LAPINOT5_48cc_couv.jpg\",\"width\":1977,\"height\":2560},{\"@type\":\"BreadcrumbList\",\"@id\":\"https:\\\/\\\/www.lassociation.fr\\\/en\\\/catalogue\\\/les-nouvelles-aventures-de-lapinot-tome-5-l-apocalypse-joyeuse\\\/#breadcrumb\",\"itemListElement\":[{\"@type\":\"ListItem\",\"position\":1,\"name\":\"Accueil\",\"item\":\"https:\\\/\\\/www.lassociation.fr\\\/en\\\/\"},{\"@type\":\"ListItem\",\"position\":2,\"name\":\"Catalog\",\"item\":\"https:\\\/\\\/www.lassociation.fr\\\/en\\\/catalogue\\\/\"},{\"@type\":\"ListItem\",\"position\":3,\"name\":\"Nouvelles aventures de Lapinot (Les) [Tome 5] L\u2019Apocalypse joyeuse\"}]},{\"@type\":\"WebSite\",\"@id\":\"https:\\\/\\\/www.lassociation.fr\\\/en\\\/#website\",\"url\":\"https:\\\/\\\/www.lassociation.fr\\\/en\\\/\",\"name\":\"L\u2019Association\",\"description\":\"Maison d\u2019\u00e9dition fran\u00e7aise de bande dessin\u00e9e, fond\u00e9e en 1990.\",\"publisher\":{\"@id\":\"https:\\\/\\\/www.lassociation.fr\\\/en\\\/#organization\"},\"potentialAction\":[{\"@type\":\"SearchAction\",\"target\":{\"@type\":\"EntryPoint\",\"urlTemplate\":\"https:\\\/\\\/www.lassociation.fr\\\/en\\\/?s={search_term_string}\"},\"query-input\":{\"@type\":\"PropertyValueSpecification\",\"valueRequired\":true,\"valueName\":\"search_term_string\"}}],\"inLanguage\":\"en-US\"},{\"@type\":\"Organization\",\"@id\":\"https:\\\/\\\/www.lassociation.fr\\\/en\\\/#organization\",\"name\":\"L\u2019Association\",\"url\":\"https:\\\/\\\/www.lassociation.fr\\\/en\\\/\",\"logo\":{\"@type\":\"ImageObject\",\"inLanguage\":\"en-US\",\"@id\":\"https:\\\/\\\/www.lassociation.fr\\\/en\\\/#\\\/schema\\\/logo\\\/image\\\/\",\"url\":\"https:\\\/\\\/www.lassociation.fr\\\/backoffice\\\/wp-content\\\/uploads\\\/2019\\\/11\\\/asso_large.png\",\"contentUrl\":\"https:\\\/\\\/www.lassociation.fr\\\/backoffice\\\/wp-content\\\/uploads\\\/2019\\\/11\\\/asso_large.png\",\"width\":1200,\"height\":630,\"caption\":\"L\u2019Association\"},\"image\":{\"@id\":\"https:\\\/\\\/www.lassociation.fr\\\/en\\\/#\\\/schema\\\/logo\\\/image\\\/\"},\"sameAs\":[\"https:\\\/\\\/www.facebook.com\\\/lhydrelasso\\\/\",\"https:\\\/\\\/x.com\\\/lassociation\",\"https:\\\/\\\/www.instagram.com\\\/editions_lassociation\",\"https:\\\/\\\/fr.wikipedia.org\\\/wiki\\\/LAssociation\",\"https:\\\/\\\/www.youtube.com\\\/@editions_lassociation\"]}]}<\/script>","yoast_head_json":{"title":"Nouvelles aventures de Lapinot (Les) [Tome 5] L\u2019Apocalypse joyeuse - L\u2019Association","robots":{"index":"index","follow":"follow","max-snippet":"max-snippet:-1","max-image-preview":"max-image-preview:large","max-video-preview":"max-video-preview:-1"},"canonical":"https:\/\/www.lassociation.fr\/en\/catalogue\/les-nouvelles-aventures-de-lapinot-tome-5-l-apocalypse-joyeuse\/","og_locale":"en_US","og_type":"article","og_title":"Nouvelles aventures de Lapinot (Les) [Tome 5] L\u2019Apocalypse joyeuse - L\u2019Association","og_description":"Lapinot, le bras pl\u00e2tr\u00e9 est face \u00e0 un nouveau dilemme : doit-il ou non porter plainte contre les parents qui l\u2019ont injustement tabass\u00e9 dans un jardin public, apr\u00e8s l\u2019avoir pris pour un p\u00e9dophile\u00a0? Tiraill\u00e9 entre son besoin de justice et son empathie pour les familles de ses assaillants, Lapinot part se mettre au vert avec [&hellip;]","og_url":"https:\/\/www.lassociation.fr\/en\/catalogue\/les-nouvelles-aventures-de-lapinot-tome-5-l-apocalypse-joyeuse\/","og_site_name":"L\u2019Association","article_publisher":"https:\/\/www.facebook.com\/lhydrelasso\/","article_modified_time":"2026-03-29T09:19:31+00:00","og_image":[{"width":1977,"height":2560,"url":"https:\/\/www.lassociation.fr\/backoffice\/wp-content\/uploads\/2020\/11\/LAPINOT5_48cc_couv.jpg","type":"image\/jpeg"}],"twitter_card":"summary_large_image","twitter_site":"@lassociation","schema":{"@context":"https:\/\/schema.org","@graph":[{"@type":"WebPage","@id":"https:\/\/www.lassociation.fr\/en\/catalogue\/les-nouvelles-aventures-de-lapinot-tome-5-l-apocalypse-joyeuse\/","url":"https:\/\/www.lassociation.fr\/en\/catalogue\/les-nouvelles-aventures-de-lapinot-tome-5-l-apocalypse-joyeuse\/","name":"Nouvelles aventures de Lapinot (Les) [Tome 5] L\u2019Apocalypse joyeuse - L\u2019Association","isPartOf":{"@id":"https:\/\/www.lassociation.fr\/en\/#website"},"primaryImageOfPage":{"@id":"https:\/\/www.lassociation.fr\/en\/catalogue\/les-nouvelles-aventures-de-lapinot-tome-5-l-apocalypse-joyeuse\/#primaryimage"},"image":{"@id":"https:\/\/www.lassociation.fr\/en\/catalogue\/les-nouvelles-aventures-de-lapinot-tome-5-l-apocalypse-joyeuse\/#primaryimage"},"thumbnailUrl":"https:\/\/www.lassociation.fr\/backoffice\/wp-content\/uploads\/2020\/11\/LAPINOT5_48cc_couv.jpg","datePublished":"2020-11-10T10:19:39+00:00","dateModified":"2026-03-29T09:19:31+00:00","breadcrumb":{"@id":"https:\/\/www.lassociation.fr\/en\/catalogue\/les-nouvelles-aventures-de-lapinot-tome-5-l-apocalypse-joyeuse\/#breadcrumb"},"inLanguage":"en-US","potentialAction":[{"@type":"ReadAction","target":["https:\/\/www.lassociation.fr\/en\/catalogue\/les-nouvelles-aventures-de-lapinot-tome-5-l-apocalypse-joyeuse\/"]}]},{"@type":"ImageObject","inLanguage":"en-US","@id":"https:\/\/www.lassociation.fr\/en\/catalogue\/les-nouvelles-aventures-de-lapinot-tome-5-l-apocalypse-joyeuse\/#primaryimage","url":"https:\/\/www.lassociation.fr\/backoffice\/wp-content\/uploads\/2020\/11\/LAPINOT5_48cc_couv.jpg","contentUrl":"https:\/\/www.lassociation.fr\/backoffice\/wp-content\/uploads\/2020\/11\/LAPINOT5_48cc_couv.jpg","width":1977,"height":2560},{"@type":"BreadcrumbList","@id":"https:\/\/www.lassociation.fr\/en\/catalogue\/les-nouvelles-aventures-de-lapinot-tome-5-l-apocalypse-joyeuse\/#breadcrumb","itemListElement":[{"@type":"ListItem","position":1,"name":"Accueil","item":"https:\/\/www.lassociation.fr\/en\/"},{"@type":"ListItem","position":2,"name":"Catalog","item":"https:\/\/www.lassociation.fr\/en\/catalogue\/"},{"@type":"ListItem","position":3,"name":"Nouvelles aventures de Lapinot (Les) [Tome 5] L\u2019Apocalypse joyeuse"}]},{"@type":"WebSite","@id":"https:\/\/www.lassociation.fr\/en\/#website","url":"https:\/\/www.lassociation.fr\/en\/","name":"L\u2019Association","description":"Maison d\u2019\u00e9dition fran\u00e7aise de bande dessin\u00e9e, fond\u00e9e en 1990.","publisher":{"@id":"https:\/\/www.lassociation.fr\/en\/#organization"},"potentialAction":[{"@type":"SearchAction","target":{"@type":"EntryPoint","urlTemplate":"https:\/\/www.lassociation.fr\/en\/?s={search_term_string}"},"query-input":{"@type":"PropertyValueSpecification","valueRequired":true,"valueName":"search_term_string"}}],"inLanguage":"en-US"},{"@type":"Organization","@id":"https:\/\/www.lassociation.fr\/en\/#organization","name":"L\u2019Association","url":"https:\/\/www.lassociation.fr\/en\/","logo":{"@type":"ImageObject","inLanguage":"en-US","@id":"https:\/\/www.lassociation.fr\/en\/#\/schema\/logo\/image\/","url":"https:\/\/www.lassociation.fr\/backoffice\/wp-content\/uploads\/2019\/11\/asso_large.png","contentUrl":"https:\/\/www.lassociation.fr\/backoffice\/wp-content\/uploads\/2019\/11\/asso_large.png","width":1200,"height":630,"caption":"L\u2019Association"},"image":{"@id":"https:\/\/www.lassociation.fr\/en\/#\/schema\/logo\/image\/"},"sameAs":["https:\/\/www.facebook.com\/lhydrelasso\/","https:\/\/x.com\/lassociation","https:\/\/www.instagram.com\/editions_lassociation","https:\/\/fr.wikipedia.org\/wiki\/LAssociation","https:\/\/www.youtube.com\/@editions_lassociation"]}]}},"_links":{"self":[{"href":"https:\/\/www.lassociation.fr\/en\/wp-json\/wp\/v2\/product\/17361","targetHints":{"allow":["GET"]}}],"collection":[{"href":"https:\/\/www.lassociation.fr\/en\/wp-json\/wp\/v2\/product"}],"about":[{"href":"https:\/\/www.lassociation.fr\/en\/wp-json\/wp\/v2\/types\/product"}],"wp:featuredmedia":[{"embeddable":true,"href":"https:\/\/www.lassociation.fr\/en\/wp-json\/wp\/v2\/media\/17362"}],"wp:attachment":[{"href":"https:\/\/www.lassociation.fr\/en\/wp-json\/wp\/v2\/media?parent=17361"}],"wp:term":[{"taxonomy":"product_cat","embeddable":true,"href":"https:\/\/www.lassociation.fr\/en\/wp-json\/wp\/v2\/product_cat?post=17361"},{"taxonomy":"product_tag","embeddable":true,"href":"https:\/\/www.lassociation.fr\/en\/wp-json\/wp\/v2\/product_tag?post=17361"}],"curies":[{"name":"wp","href":"https:\/\/api.w.org\/{rel}","templated":true}]}}