{"id":17363,"date":"2020-11-10T11:38:32","date_gmt":"2020-11-10T10:38:32","guid":{"rendered":"https:\/\/www.lassociation.fr\/?post_type=product&#038;p=17363"},"modified":"2026-01-22T11:39:31","modified_gmt":"2026-01-22T10:39:31","slug":"i-am-the-eggman","status":"publish","type":"product","link":"https:\/\/www.lassociation.fr\/en\/catalogue\/i-am-the-eggman\/","title":{"rendered":"I am the Eggman"},"content":{"rendered":"<p>Les strips de Jos\u00e9 Parrondo fonctionnent comme des \u00e9nigmes. Le trait est simple, les images \u00e9pur\u00e9es, le style minimaliste, l&#8217;attraction instantan\u00e9e. Mais face \u00e0 ces pages \u00e0 priori muettes, les questions affluent\u00a0: cette fen\u00eatre est-elle\u00a0un tableau ? Ce paysage est-il factice ou r\u00e9el ? Cet arbre est-il plat ou en volume\u00a0? Y a-t-il un Eggman ou plusieurs\u00a0? Est-il ici ou ailleurs ? L\u2019action se d\u00e9roule-t-elle \u00e0 l\u2019ext\u00e9rieur ou \u00e0 l\u2019int\u00e9rieur\u00a0? Ce qui nous regardons est-il vraiment ce que nous voyons ? Autant de questions que chaque lecteur devra n\u00e9gocier avec son moi profond pour en d\u00e9couvrir le non-sens qui m\u00e8ne au rire v\u00e9ritable.<\/p>\n<p>Eggman, petit \u0153uf dot\u00e9 de courtes pattes et de yeux ronds comme des billes, nous entra\u00eene dans un univers insolite o\u00f9 les jeux d\u2019\u00e9chelle, le trompe-l\u2019\u0153il et l\u2019illusion r\u00e8gnent en ma\u00eetres. Tableau, longue-vue, fen\u00eatre, escalier, serrure, bulles de bande dessin\u00e9e, ronds, carr\u00e9s, tirets pars\u00e8ment ses aventures. En m\u00ealant objets identifiables et \u00e9l\u00e9ments purement graphiques, Jos\u00e9 Parrondo s&#8217;amuse avec les signes et les codes de la bande dessin\u00e9e pour cr\u00e9er un univers d\u00e9licieusement absurde et plein de dissonances po\u00e9tiques, tout en jonglant sans retenue avec la r\u00e9tine et l&#8217;intelligence de ses lecteurs.<\/p>\n<p>Pour cet album, Jos\u00e9 Parrondo alterne \u00e0 nouveau les techniques\u00a0: aux strips muets en noir et blanc viennent s\u2019ajouter\u00a0une s\u00e9rie de peintures \u00e0 l\u2019acrylique m\u00e9langeant dessins, jeux de mots ainsi que quelques photographies.<\/p>\n","protected":false},"excerpt":{"rendered":"<p>Les strips de Jos\u00e9 Parrondo fonctionnent comme des \u00e9nigmes. Le trait est simple, les images \u00e9pur\u00e9es, le style minimaliste, l&#8217;attraction instantan\u00e9e. Mais face \u00e0 ces pages \u00e0 priori muettes, les questions affluent\u00a0: cette fen\u00eatre est-elle\u00a0un tableau ? Ce paysage est-il factice ou r\u00e9el ? Cet arbre est-il plat ou en volume\u00a0? Y a-t-il un Eggman [&hellip;]<\/p>\n","protected":false},"featured_media":17364,"template":"","meta":{"_acf_changed":false},"product_cat":[48],"product_tag":[],"class_list":{"0":"post-17363","1":"product","2":"type-product","3":"status-publish","4":"has-post-thumbnail","6":"product_cat-hors-collection","7":"product_shipping_class-avec-signature","8":"member-discount","9":"discount-restricted","11":"first","12":"instock","13":"taxable","14":"shipping-taxable","15":"purchasable","16":"product-type-simple"},"acf":[],"yoast_head":"<title>I am the Eggman - L\u2019Association<\/title>\n<meta name=\"robots\" content=\"index, follow, max-snippet:-1, max-image-preview:large, max-video-preview:-1\" \/>\n<link rel=\"canonical\" href=\"https:\/\/www.lassociation.fr\/en\/catalogue\/i-am-the-eggman\/\" \/>\n<meta property=\"og:locale\" content=\"en_US\" \/>\n<meta property=\"og:type\" content=\"article\" \/>\n<meta property=\"og:title\" content=\"I am the Eggman - L\u2019Association\" \/>\n<meta property=\"og:description\" content=\"Les strips de Jos\u00e9 Parrondo fonctionnent comme des \u00e9nigmes. Le trait est simple, les images \u00e9pur\u00e9es, le style minimaliste, l&#8217;attraction instantan\u00e9e. Mais face \u00e0 ces pages \u00e0 priori muettes, les questions affluent\u00a0: cette fen\u00eatre est-elle\u00a0un tableau ? Ce paysage est-il factice ou r\u00e9el ? Cet arbre est-il plat ou en volume\u00a0? Y a-t-il un Eggman [&hellip;]\" \/>\n<meta property=\"og:url\" content=\"https:\/\/www.lassociation.fr\/en\/catalogue\/i-am-the-eggman\/\" \/>\n<meta property=\"og:site_name\" content=\"L\u2019Association\" \/>\n<meta property=\"article:publisher\" content=\"https:\/\/www.facebook.com\/lhydrelasso\/\" \/>\n<meta property=\"article:modified_time\" content=\"2026-01-22T10:39:31+00:00\" \/>\n<meta property=\"og:image\" content=\"https:\/\/www.lassociation.fr\/backoffice\/wp-content\/uploads\/2020\/11\/Eggman_couv.jpg\" \/>\n\t<meta property=\"og:image:width\" content=\"2244\" \/>\n\t<meta property=\"og:image:height\" content=\"1654\" \/>\n\t<meta property=\"og:image:type\" content=\"image\/jpeg\" \/>\n<meta name=\"twitter:card\" content=\"summary_large_image\" \/>\n<meta name=\"twitter:site\" content=\"@lassociation\" \/>\n<script type=\"application\/ld+json\" class=\"yoast-schema-graph\">{\"@context\":\"https:\\\/\\\/schema.org\",\"@graph\":[{\"@type\":\"WebPage\",\"@id\":\"https:\\\/\\\/www.lassociation.fr\\\/en\\\/catalogue\\\/i-am-the-eggman\\\/\",\"url\":\"https:\\\/\\\/www.lassociation.fr\\\/en\\\/catalogue\\\/i-am-the-eggman\\\/\",\"name\":\"I am the Eggman - L\u2019Association\",\"isPartOf\":{\"@id\":\"https:\\\/\\\/www.lassociation.fr\\\/en\\\/#website\"},\"primaryImageOfPage\":{\"@id\":\"https:\\\/\\\/www.lassociation.fr\\\/en\\\/catalogue\\\/i-am-the-eggman\\\/#primaryimage\"},\"image\":{\"@id\":\"https:\\\/\\\/www.lassociation.fr\\\/en\\\/catalogue\\\/i-am-the-eggman\\\/#primaryimage\"},\"thumbnailUrl\":\"https:\\\/\\\/www.lassociation.fr\\\/backoffice\\\/wp-content\\\/uploads\\\/2020\\\/11\\\/Eggman_couv.jpg\",\"datePublished\":\"2020-11-10T10:38:32+00:00\",\"dateModified\":\"2026-01-22T10:39:31+00:00\",\"breadcrumb\":{\"@id\":\"https:\\\/\\\/www.lassociation.fr\\\/en\\\/catalogue\\\/i-am-the-eggman\\\/#breadcrumb\"},\"inLanguage\":\"en-US\",\"potentialAction\":[{\"@type\":\"ReadAction\",\"target\":[\"https:\\\/\\\/www.lassociation.fr\\\/en\\\/catalogue\\\/i-am-the-eggman\\\/\"]}]},{\"@type\":\"ImageObject\",\"inLanguage\":\"en-US\",\"@id\":\"https:\\\/\\\/www.lassociation.fr\\\/en\\\/catalogue\\\/i-am-the-eggman\\\/#primaryimage\",\"url\":\"https:\\\/\\\/www.lassociation.fr\\\/backoffice\\\/wp-content\\\/uploads\\\/2020\\\/11\\\/Eggman_couv.jpg\",\"contentUrl\":\"https:\\\/\\\/www.lassociation.fr\\\/backoffice\\\/wp-content\\\/uploads\\\/2020\\\/11\\\/Eggman_couv.jpg\",\"width\":2244,\"height\":1654},{\"@type\":\"BreadcrumbList\",\"@id\":\"https:\\\/\\\/www.lassociation.fr\\\/en\\\/catalogue\\\/i-am-the-eggman\\\/#breadcrumb\",\"itemListElement\":[{\"@type\":\"ListItem\",\"position\":1,\"name\":\"Accueil\",\"item\":\"https:\\\/\\\/www.lassociation.fr\\\/en\\\/\"},{\"@type\":\"ListItem\",\"position\":2,\"name\":\"Catalog\",\"item\":\"https:\\\/\\\/www.lassociation.fr\\\/en\\\/catalogue\\\/\"},{\"@type\":\"ListItem\",\"position\":3,\"name\":\"I am the Eggman\"}]},{\"@type\":\"WebSite\",\"@id\":\"https:\\\/\\\/www.lassociation.fr\\\/en\\\/#website\",\"url\":\"https:\\\/\\\/www.lassociation.fr\\\/en\\\/\",\"name\":\"L\u2019Association\",\"description\":\"Maison d\u2019\u00e9dition fran\u00e7aise de bande dessin\u00e9e, fond\u00e9e en 1990.\",\"publisher\":{\"@id\":\"https:\\\/\\\/www.lassociation.fr\\\/en\\\/#organization\"},\"potentialAction\":[{\"@type\":\"SearchAction\",\"target\":{\"@type\":\"EntryPoint\",\"urlTemplate\":\"https:\\\/\\\/www.lassociation.fr\\\/en\\\/?s={search_term_string}\"},\"query-input\":{\"@type\":\"PropertyValueSpecification\",\"valueRequired\":true,\"valueName\":\"search_term_string\"}}],\"inLanguage\":\"en-US\"},{\"@type\":\"Organization\",\"@id\":\"https:\\\/\\\/www.lassociation.fr\\\/en\\\/#organization\",\"name\":\"L\u2019Association\",\"url\":\"https:\\\/\\\/www.lassociation.fr\\\/en\\\/\",\"logo\":{\"@type\":\"ImageObject\",\"inLanguage\":\"en-US\",\"@id\":\"https:\\\/\\\/www.lassociation.fr\\\/en\\\/#\\\/schema\\\/logo\\\/image\\\/\",\"url\":\"https:\\\/\\\/www.lassociation.fr\\\/backoffice\\\/wp-content\\\/uploads\\\/2019\\\/11\\\/asso_large.png\",\"contentUrl\":\"https:\\\/\\\/www.lassociation.fr\\\/backoffice\\\/wp-content\\\/uploads\\\/2019\\\/11\\\/asso_large.png\",\"width\":1200,\"height\":630,\"caption\":\"L\u2019Association\"},\"image\":{\"@id\":\"https:\\\/\\\/www.lassociation.fr\\\/en\\\/#\\\/schema\\\/logo\\\/image\\\/\"},\"sameAs\":[\"https:\\\/\\\/www.facebook.com\\\/lhydrelasso\\\/\",\"https:\\\/\\\/x.com\\\/lassociation\",\"https:\\\/\\\/www.instagram.com\\\/editions_lassociation\",\"https:\\\/\\\/fr.wikipedia.org\\\/wiki\\\/LAssociation\",\"https:\\\/\\\/www.youtube.com\\\/@editions_lassociation\"]}]}<\/script>","yoast_head_json":{"title":"I am the Eggman - L\u2019Association","robots":{"index":"index","follow":"follow","max-snippet":"max-snippet:-1","max-image-preview":"max-image-preview:large","max-video-preview":"max-video-preview:-1"},"canonical":"https:\/\/www.lassociation.fr\/en\/catalogue\/i-am-the-eggman\/","og_locale":"en_US","og_type":"article","og_title":"I am the Eggman - L\u2019Association","og_description":"Les strips de Jos\u00e9 Parrondo fonctionnent comme des \u00e9nigmes. Le trait est simple, les images \u00e9pur\u00e9es, le style minimaliste, l&#8217;attraction instantan\u00e9e. Mais face \u00e0 ces pages \u00e0 priori muettes, les questions affluent\u00a0: cette fen\u00eatre est-elle\u00a0un tableau ? Ce paysage est-il factice ou r\u00e9el ? Cet arbre est-il plat ou en volume\u00a0? Y a-t-il un Eggman [&hellip;]","og_url":"https:\/\/www.lassociation.fr\/en\/catalogue\/i-am-the-eggman\/","og_site_name":"L\u2019Association","article_publisher":"https:\/\/www.facebook.com\/lhydrelasso\/","article_modified_time":"2026-01-22T10:39:31+00:00","og_image":[{"width":2244,"height":1654,"url":"https:\/\/www.lassociation.fr\/backoffice\/wp-content\/uploads\/2020\/11\/Eggman_couv.jpg","type":"image\/jpeg"}],"twitter_card":"summary_large_image","twitter_site":"@lassociation","schema":{"@context":"https:\/\/schema.org","@graph":[{"@type":"WebPage","@id":"https:\/\/www.lassociation.fr\/en\/catalogue\/i-am-the-eggman\/","url":"https:\/\/www.lassociation.fr\/en\/catalogue\/i-am-the-eggman\/","name":"I am the Eggman - L\u2019Association","isPartOf":{"@id":"https:\/\/www.lassociation.fr\/en\/#website"},"primaryImageOfPage":{"@id":"https:\/\/www.lassociation.fr\/en\/catalogue\/i-am-the-eggman\/#primaryimage"},"image":{"@id":"https:\/\/www.lassociation.fr\/en\/catalogue\/i-am-the-eggman\/#primaryimage"},"thumbnailUrl":"https:\/\/www.lassociation.fr\/backoffice\/wp-content\/uploads\/2020\/11\/Eggman_couv.jpg","datePublished":"2020-11-10T10:38:32+00:00","dateModified":"2026-01-22T10:39:31+00:00","breadcrumb":{"@id":"https:\/\/www.lassociation.fr\/en\/catalogue\/i-am-the-eggman\/#breadcrumb"},"inLanguage":"en-US","potentialAction":[{"@type":"ReadAction","target":["https:\/\/www.lassociation.fr\/en\/catalogue\/i-am-the-eggman\/"]}]},{"@type":"ImageObject","inLanguage":"en-US","@id":"https:\/\/www.lassociation.fr\/en\/catalogue\/i-am-the-eggman\/#primaryimage","url":"https:\/\/www.lassociation.fr\/backoffice\/wp-content\/uploads\/2020\/11\/Eggman_couv.jpg","contentUrl":"https:\/\/www.lassociation.fr\/backoffice\/wp-content\/uploads\/2020\/11\/Eggman_couv.jpg","width":2244,"height":1654},{"@type":"BreadcrumbList","@id":"https:\/\/www.lassociation.fr\/en\/catalogue\/i-am-the-eggman\/#breadcrumb","itemListElement":[{"@type":"ListItem","position":1,"name":"Accueil","item":"https:\/\/www.lassociation.fr\/en\/"},{"@type":"ListItem","position":2,"name":"Catalog","item":"https:\/\/www.lassociation.fr\/en\/catalogue\/"},{"@type":"ListItem","position":3,"name":"I am the Eggman"}]},{"@type":"WebSite","@id":"https:\/\/www.lassociation.fr\/en\/#website","url":"https:\/\/www.lassociation.fr\/en\/","name":"L\u2019Association","description":"Maison d\u2019\u00e9dition fran\u00e7aise de bande dessin\u00e9e, fond\u00e9e en 1990.","publisher":{"@id":"https:\/\/www.lassociation.fr\/en\/#organization"},"potentialAction":[{"@type":"SearchAction","target":{"@type":"EntryPoint","urlTemplate":"https:\/\/www.lassociation.fr\/en\/?s={search_term_string}"},"query-input":{"@type":"PropertyValueSpecification","valueRequired":true,"valueName":"search_term_string"}}],"inLanguage":"en-US"},{"@type":"Organization","@id":"https:\/\/www.lassociation.fr\/en\/#organization","name":"L\u2019Association","url":"https:\/\/www.lassociation.fr\/en\/","logo":{"@type":"ImageObject","inLanguage":"en-US","@id":"https:\/\/www.lassociation.fr\/en\/#\/schema\/logo\/image\/","url":"https:\/\/www.lassociation.fr\/backoffice\/wp-content\/uploads\/2019\/11\/asso_large.png","contentUrl":"https:\/\/www.lassociation.fr\/backoffice\/wp-content\/uploads\/2019\/11\/asso_large.png","width":1200,"height":630,"caption":"L\u2019Association"},"image":{"@id":"https:\/\/www.lassociation.fr\/en\/#\/schema\/logo\/image\/"},"sameAs":["https:\/\/www.facebook.com\/lhydrelasso\/","https:\/\/x.com\/lassociation","https:\/\/www.instagram.com\/editions_lassociation","https:\/\/fr.wikipedia.org\/wiki\/LAssociation","https:\/\/www.youtube.com\/@editions_lassociation"]}]}},"_links":{"self":[{"href":"https:\/\/www.lassociation.fr\/en\/wp-json\/wp\/v2\/product\/17363","targetHints":{"allow":["GET"]}}],"collection":[{"href":"https:\/\/www.lassociation.fr\/en\/wp-json\/wp\/v2\/product"}],"about":[{"href":"https:\/\/www.lassociation.fr\/en\/wp-json\/wp\/v2\/types\/product"}],"wp:featuredmedia":[{"embeddable":true,"href":"https:\/\/www.lassociation.fr\/en\/wp-json\/wp\/v2\/media\/17364"}],"wp:attachment":[{"href":"https:\/\/www.lassociation.fr\/en\/wp-json\/wp\/v2\/media?parent=17363"}],"wp:term":[{"taxonomy":"product_cat","embeddable":true,"href":"https:\/\/www.lassociation.fr\/en\/wp-json\/wp\/v2\/product_cat?post=17363"},{"taxonomy":"product_tag","embeddable":true,"href":"https:\/\/www.lassociation.fr\/en\/wp-json\/wp\/v2\/product_tag?post=17363"}],"curies":[{"name":"wp","href":"https:\/\/api.w.org\/{rel}","templated":true}]}}