{"id":1786,"date":"2008-09-01T00:00:00","date_gmt":"2008-08-31T22:00:00","guid":{"rendered":"https:\/\/www.lassociation.fr\/product\/colonnes-de-gebe-les\/"},"modified":"2026-01-22T11:39:08","modified_gmt":"2026-01-22T10:39:08","slug":"colonnes-de-gebe-les","status":"publish","type":"product","link":"https:\/\/www.lassociation.fr\/en\/catalogue\/colonnes-de-gebe-les\/","title":{"rendered":"Colonnes de G\u00e9b\u00e9 (Les)"},"content":{"rendered":"<p>Les Colonnes de G\u00e9b\u00e9 recueille ses chroniques d&#8217;actualit\u00e9 publi\u00e9es entre 1993 et 2003 dans Charlie Hebdo. Une rubrique toujours visionnaire, enrag\u00e9e et po\u00e9tique, sur les tares du monde qui est encore le n\u00f4tre. Chez ce G\u00e9b\u00e9-l\u00e0, l&#8217;anarchie douce a souvent c\u00e9d\u00e9 le pas \u00e0 une r\u00e9volte f\u00e9roce et sans concession. Les grands \u00e9v\u00e9nements d\u2019actualit\u00e9 se m\u00ealent \u00e0 des reportages, des mouvements d\u2019humeur et des exp\u00e9rimentations graphiques de toutes natures. Un exhaustif G\u00e9b\u00e9c\u00e9daire Parahistorique r\u00e9dig\u00e9 par Pac\u00f4me Thiellement permet de resituer les \u00e9v\u00e9nements et personnages dans leur contexte.<\/p>\n","protected":false},"excerpt":{"rendered":"<p>Les Colonnes de G\u00e9b\u00e9 recueille ses chroniques d&#8217;actualit\u00e9 publi\u00e9es entre 1993 et 2003 dans Charlie Hebdo. Une rubrique toujours visionnaire, enrag\u00e9e et po\u00e9tique, sur les tares du monde qui est encore le n\u00f4tre. Chez ce G\u00e9b\u00e9-l\u00e0, l&#8217;anarchie douce a souvent c\u00e9d\u00e9 le pas \u00e0 une r\u00e9volte f\u00e9roce et sans concession. Les grands \u00e9v\u00e9nements d\u2019actualit\u00e9 se [&hellip;]<\/p>\n","protected":false},"featured_media":2445,"template":"","meta":{"_acf_changed":false},"product_cat":[48],"product_tag":[],"class_list":{"0":"post-1786","1":"product","2":"type-product","3":"status-publish","4":"has-post-thumbnail","6":"product_cat-hors-collection","7":"member-discount","8":"discount-restricted","10":"first","11":"instock","12":"taxable","13":"shipping-taxable","14":"purchasable","15":"product-type-simple"},"acf":[],"yoast_head":"<title>Colonnes de G\u00e9b\u00e9 (Les) - L\u2019Association<\/title>\n<meta name=\"robots\" content=\"index, follow, max-snippet:-1, max-image-preview:large, max-video-preview:-1\" \/>\n<link rel=\"canonical\" href=\"https:\/\/www.lassociation.fr\/en\/catalogue\/colonnes-de-gebe-les\/\" \/>\n<meta property=\"og:locale\" content=\"en_US\" \/>\n<meta property=\"og:type\" content=\"article\" \/>\n<meta property=\"og:title\" content=\"Colonnes de G\u00e9b\u00e9 (Les) - L\u2019Association\" \/>\n<meta property=\"og:description\" content=\"Les Colonnes de G\u00e9b\u00e9 recueille ses chroniques d&#8217;actualit\u00e9 publi\u00e9es entre 1993 et 2003 dans Charlie Hebdo. Une rubrique toujours visionnaire, enrag\u00e9e et po\u00e9tique, sur les tares du monde qui est encore le n\u00f4tre. Chez ce G\u00e9b\u00e9-l\u00e0, l&#8217;anarchie douce a souvent c\u00e9d\u00e9 le pas \u00e0 une r\u00e9volte f\u00e9roce et sans concession. Les grands \u00e9v\u00e9nements d\u2019actualit\u00e9 se [&hellip;]\" \/>\n<meta property=\"og:url\" content=\"https:\/\/www.lassociation.fr\/en\/catalogue\/colonnes-de-gebe-les\/\" \/>\n<meta property=\"og:site_name\" content=\"L\u2019Association\" \/>\n<meta property=\"article:publisher\" content=\"https:\/\/www.facebook.com\/lhydrelasso\/\" \/>\n<meta property=\"article:modified_time\" content=\"2026-01-22T10:39:08+00:00\" \/>\n<meta property=\"og:image\" content=\"https:\/\/www.lassociation.fr\/backoffice\/wp-content\/uploads\/2019\/09\/1683.png\" \/>\n\t<meta property=\"og:image:width\" content=\"536\" \/>\n\t<meta property=\"og:image:height\" content=\"600\" \/>\n\t<meta property=\"og:image:type\" content=\"image\/png\" \/>\n<meta name=\"twitter:card\" content=\"summary_large_image\" \/>\n<meta name=\"twitter:site\" content=\"@lassociation\" \/>\n<script type=\"application\/ld+json\" class=\"yoast-schema-graph\">{\"@context\":\"https:\\\/\\\/schema.org\",\"@graph\":[{\"@type\":\"WebPage\",\"@id\":\"https:\\\/\\\/www.lassociation.fr\\\/en\\\/catalogue\\\/colonnes-de-gebe-les\\\/\",\"url\":\"https:\\\/\\\/www.lassociation.fr\\\/en\\\/catalogue\\\/colonnes-de-gebe-les\\\/\",\"name\":\"Colonnes de G\u00e9b\u00e9 (Les) - L\u2019Association\",\"isPartOf\":{\"@id\":\"https:\\\/\\\/www.lassociation.fr\\\/en\\\/#website\"},\"primaryImageOfPage\":{\"@id\":\"https:\\\/\\\/www.lassociation.fr\\\/en\\\/catalogue\\\/colonnes-de-gebe-les\\\/#primaryimage\"},\"image\":{\"@id\":\"https:\\\/\\\/www.lassociation.fr\\\/en\\\/catalogue\\\/colonnes-de-gebe-les\\\/#primaryimage\"},\"thumbnailUrl\":\"https:\\\/\\\/www.lassociation.fr\\\/backoffice\\\/wp-content\\\/uploads\\\/2019\\\/09\\\/1683.png\",\"datePublished\":\"2008-08-31T22:00:00+00:00\",\"dateModified\":\"2026-01-22T10:39:08+00:00\",\"breadcrumb\":{\"@id\":\"https:\\\/\\\/www.lassociation.fr\\\/en\\\/catalogue\\\/colonnes-de-gebe-les\\\/#breadcrumb\"},\"inLanguage\":\"en-US\",\"potentialAction\":[{\"@type\":\"ReadAction\",\"target\":[\"https:\\\/\\\/www.lassociation.fr\\\/en\\\/catalogue\\\/colonnes-de-gebe-les\\\/\"]}]},{\"@type\":\"ImageObject\",\"inLanguage\":\"en-US\",\"@id\":\"https:\\\/\\\/www.lassociation.fr\\\/en\\\/catalogue\\\/colonnes-de-gebe-les\\\/#primaryimage\",\"url\":\"https:\\\/\\\/www.lassociation.fr\\\/backoffice\\\/wp-content\\\/uploads\\\/2019\\\/09\\\/1683.png\",\"contentUrl\":\"https:\\\/\\\/www.lassociation.fr\\\/backoffice\\\/wp-content\\\/uploads\\\/2019\\\/09\\\/1683.png\",\"width\":536,\"height\":600},{\"@type\":\"BreadcrumbList\",\"@id\":\"https:\\\/\\\/www.lassociation.fr\\\/en\\\/catalogue\\\/colonnes-de-gebe-les\\\/#breadcrumb\",\"itemListElement\":[{\"@type\":\"ListItem\",\"position\":1,\"name\":\"Accueil\",\"item\":\"https:\\\/\\\/www.lassociation.fr\\\/en\\\/\"},{\"@type\":\"ListItem\",\"position\":2,\"name\":\"Catalog\",\"item\":\"https:\\\/\\\/www.lassociation.fr\\\/en\\\/catalogue\\\/\"},{\"@type\":\"ListItem\",\"position\":3,\"name\":\"Colonnes de G\u00e9b\u00e9 (Les)\"}]},{\"@type\":\"WebSite\",\"@id\":\"https:\\\/\\\/www.lassociation.fr\\\/en\\\/#website\",\"url\":\"https:\\\/\\\/www.lassociation.fr\\\/en\\\/\",\"name\":\"L\u2019Association\",\"description\":\"Maison d\u2019\u00e9dition fran\u00e7aise de bande dessin\u00e9e, fond\u00e9e en 1990.\",\"publisher\":{\"@id\":\"https:\\\/\\\/www.lassociation.fr\\\/en\\\/#organization\"},\"potentialAction\":[{\"@type\":\"SearchAction\",\"target\":{\"@type\":\"EntryPoint\",\"urlTemplate\":\"https:\\\/\\\/www.lassociation.fr\\\/en\\\/?s={search_term_string}\"},\"query-input\":{\"@type\":\"PropertyValueSpecification\",\"valueRequired\":true,\"valueName\":\"search_term_string\"}}],\"inLanguage\":\"en-US\"},{\"@type\":\"Organization\",\"@id\":\"https:\\\/\\\/www.lassociation.fr\\\/en\\\/#organization\",\"name\":\"L\u2019Association\",\"url\":\"https:\\\/\\\/www.lassociation.fr\\\/en\\\/\",\"logo\":{\"@type\":\"ImageObject\",\"inLanguage\":\"en-US\",\"@id\":\"https:\\\/\\\/www.lassociation.fr\\\/en\\\/#\\\/schema\\\/logo\\\/image\\\/\",\"url\":\"https:\\\/\\\/www.lassociation.fr\\\/backoffice\\\/wp-content\\\/uploads\\\/2019\\\/11\\\/asso_large.png\",\"contentUrl\":\"https:\\\/\\\/www.lassociation.fr\\\/backoffice\\\/wp-content\\\/uploads\\\/2019\\\/11\\\/asso_large.png\",\"width\":1200,\"height\":630,\"caption\":\"L\u2019Association\"},\"image\":{\"@id\":\"https:\\\/\\\/www.lassociation.fr\\\/en\\\/#\\\/schema\\\/logo\\\/image\\\/\"},\"sameAs\":[\"https:\\\/\\\/www.facebook.com\\\/lhydrelasso\\\/\",\"https:\\\/\\\/x.com\\\/lassociation\",\"https:\\\/\\\/www.instagram.com\\\/editions_lassociation\",\"https:\\\/\\\/fr.wikipedia.org\\\/wiki\\\/LAssociation\",\"https:\\\/\\\/www.youtube.com\\\/@editions_lassociation\"]}]}<\/script>","yoast_head_json":{"title":"Colonnes de G\u00e9b\u00e9 (Les) - L\u2019Association","robots":{"index":"index","follow":"follow","max-snippet":"max-snippet:-1","max-image-preview":"max-image-preview:large","max-video-preview":"max-video-preview:-1"},"canonical":"https:\/\/www.lassociation.fr\/en\/catalogue\/colonnes-de-gebe-les\/","og_locale":"en_US","og_type":"article","og_title":"Colonnes de G\u00e9b\u00e9 (Les) - L\u2019Association","og_description":"Les Colonnes de G\u00e9b\u00e9 recueille ses chroniques d&#8217;actualit\u00e9 publi\u00e9es entre 1993 et 2003 dans Charlie Hebdo. Une rubrique toujours visionnaire, enrag\u00e9e et po\u00e9tique, sur les tares du monde qui est encore le n\u00f4tre. Chez ce G\u00e9b\u00e9-l\u00e0, l&#8217;anarchie douce a souvent c\u00e9d\u00e9 le pas \u00e0 une r\u00e9volte f\u00e9roce et sans concession. Les grands \u00e9v\u00e9nements d\u2019actualit\u00e9 se [&hellip;]","og_url":"https:\/\/www.lassociation.fr\/en\/catalogue\/colonnes-de-gebe-les\/","og_site_name":"L\u2019Association","article_publisher":"https:\/\/www.facebook.com\/lhydrelasso\/","article_modified_time":"2026-01-22T10:39:08+00:00","og_image":[{"width":536,"height":600,"url":"https:\/\/www.lassociation.fr\/backoffice\/wp-content\/uploads\/2019\/09\/1683.png","type":"image\/png"}],"twitter_card":"summary_large_image","twitter_site":"@lassociation","schema":{"@context":"https:\/\/schema.org","@graph":[{"@type":"WebPage","@id":"https:\/\/www.lassociation.fr\/en\/catalogue\/colonnes-de-gebe-les\/","url":"https:\/\/www.lassociation.fr\/en\/catalogue\/colonnes-de-gebe-les\/","name":"Colonnes de G\u00e9b\u00e9 (Les) - L\u2019Association","isPartOf":{"@id":"https:\/\/www.lassociation.fr\/en\/#website"},"primaryImageOfPage":{"@id":"https:\/\/www.lassociation.fr\/en\/catalogue\/colonnes-de-gebe-les\/#primaryimage"},"image":{"@id":"https:\/\/www.lassociation.fr\/en\/catalogue\/colonnes-de-gebe-les\/#primaryimage"},"thumbnailUrl":"https:\/\/www.lassociation.fr\/backoffice\/wp-content\/uploads\/2019\/09\/1683.png","datePublished":"2008-08-31T22:00:00+00:00","dateModified":"2026-01-22T10:39:08+00:00","breadcrumb":{"@id":"https:\/\/www.lassociation.fr\/en\/catalogue\/colonnes-de-gebe-les\/#breadcrumb"},"inLanguage":"en-US","potentialAction":[{"@type":"ReadAction","target":["https:\/\/www.lassociation.fr\/en\/catalogue\/colonnes-de-gebe-les\/"]}]},{"@type":"ImageObject","inLanguage":"en-US","@id":"https:\/\/www.lassociation.fr\/en\/catalogue\/colonnes-de-gebe-les\/#primaryimage","url":"https:\/\/www.lassociation.fr\/backoffice\/wp-content\/uploads\/2019\/09\/1683.png","contentUrl":"https:\/\/www.lassociation.fr\/backoffice\/wp-content\/uploads\/2019\/09\/1683.png","width":536,"height":600},{"@type":"BreadcrumbList","@id":"https:\/\/www.lassociation.fr\/en\/catalogue\/colonnes-de-gebe-les\/#breadcrumb","itemListElement":[{"@type":"ListItem","position":1,"name":"Accueil","item":"https:\/\/www.lassociation.fr\/en\/"},{"@type":"ListItem","position":2,"name":"Catalog","item":"https:\/\/www.lassociation.fr\/en\/catalogue\/"},{"@type":"ListItem","position":3,"name":"Colonnes de G\u00e9b\u00e9 (Les)"}]},{"@type":"WebSite","@id":"https:\/\/www.lassociation.fr\/en\/#website","url":"https:\/\/www.lassociation.fr\/en\/","name":"L\u2019Association","description":"Maison d\u2019\u00e9dition fran\u00e7aise de bande dessin\u00e9e, fond\u00e9e en 1990.","publisher":{"@id":"https:\/\/www.lassociation.fr\/en\/#organization"},"potentialAction":[{"@type":"SearchAction","target":{"@type":"EntryPoint","urlTemplate":"https:\/\/www.lassociation.fr\/en\/?s={search_term_string}"},"query-input":{"@type":"PropertyValueSpecification","valueRequired":true,"valueName":"search_term_string"}}],"inLanguage":"en-US"},{"@type":"Organization","@id":"https:\/\/www.lassociation.fr\/en\/#organization","name":"L\u2019Association","url":"https:\/\/www.lassociation.fr\/en\/","logo":{"@type":"ImageObject","inLanguage":"en-US","@id":"https:\/\/www.lassociation.fr\/en\/#\/schema\/logo\/image\/","url":"https:\/\/www.lassociation.fr\/backoffice\/wp-content\/uploads\/2019\/11\/asso_large.png","contentUrl":"https:\/\/www.lassociation.fr\/backoffice\/wp-content\/uploads\/2019\/11\/asso_large.png","width":1200,"height":630,"caption":"L\u2019Association"},"image":{"@id":"https:\/\/www.lassociation.fr\/en\/#\/schema\/logo\/image\/"},"sameAs":["https:\/\/www.facebook.com\/lhydrelasso\/","https:\/\/x.com\/lassociation","https:\/\/www.instagram.com\/editions_lassociation","https:\/\/fr.wikipedia.org\/wiki\/LAssociation","https:\/\/www.youtube.com\/@editions_lassociation"]}]}},"_links":{"self":[{"href":"https:\/\/www.lassociation.fr\/en\/wp-json\/wp\/v2\/product\/1786","targetHints":{"allow":["GET"]}}],"collection":[{"href":"https:\/\/www.lassociation.fr\/en\/wp-json\/wp\/v2\/product"}],"about":[{"href":"https:\/\/www.lassociation.fr\/en\/wp-json\/wp\/v2\/types\/product"}],"wp:featuredmedia":[{"embeddable":true,"href":"https:\/\/www.lassociation.fr\/en\/wp-json\/wp\/v2\/media\/2445"}],"wp:attachment":[{"href":"https:\/\/www.lassociation.fr\/en\/wp-json\/wp\/v2\/media?parent=1786"}],"wp:term":[{"taxonomy":"product_cat","embeddable":true,"href":"https:\/\/www.lassociation.fr\/en\/wp-json\/wp\/v2\/product_cat?post=1786"},{"taxonomy":"product_tag","embeddable":true,"href":"https:\/\/www.lassociation.fr\/en\/wp-json\/wp\/v2\/product_tag?post=1786"}],"curies":[{"name":"wp","href":"https:\/\/api.w.org\/{rel}","templated":true}]}}