{"id":19447,"date":"2021-08-31T12:17:16","date_gmt":"2021-08-31T10:17:16","guid":{"rendered":"https:\/\/www.lassociation.fr\/?post_type=product&#038;p=19447"},"modified":"2026-03-18T19:57:38","modified_gmt":"2026-03-18T18:57:38","slug":"maxiplotte","status":"publish","type":"product","link":"https:\/\/www.lassociation.fr\/en\/catalogue\/maxiplotte\/","title":{"rendered":"Maxiplotte"},"content":{"rendered":"<p>Il est rare qu\u2019un auteur de bandes dessin\u00e9es ayant officiellement arr\u00eat\u00e9 d\u2019en faire vingt ans auparavant continue \u00e0 avoir une influence consid\u00e9rable. Cela devient exceptionnel lorsqu\u2019il s\u2019agit d&#8217;une autrice. C\u2019est pourtant bien le cas de la qu\u00e9b\u00e9coise Julie Doucet, active entre 1987 et 1999, \u00e0 une \u00e9poque o\u00f9 les dessinatrices n\u2019\u00e9taient pas l\u00e9gion, surtout \u00e0 se situer sur un terrain briseur de tabous et f\u00e9ministe \u00e0 la fois. Julie Doucet fait aujourd&#8217;hui figure de mythe. Les \u00e9ditions <a href=\"https:\/\/drawnandquarterly.com\/\" target=\"_blank\" rel=\"noopener\">Drawn &amp; Quarterly<\/a> \u00e0 Montr\u00e9al la rendront c\u00e9l\u00e8bre \u00e0 partir de 1990 avec le comic-book<em> Dirty Plotte<\/em>, que Julie avait commenc\u00e9 seule en tant que fanzine. En France, c\u2019est en majeure partie \u00e0 L\u2019Association que l\u2019on doit la publication de son travail : elle est pr\u00e9sente d\u00e8s 1990 dans le tout premier collectif de la structure, <em>Logique de Guerre Comix<\/em>. Puis ce sera <em>Ciboire de Criss\u00a0!<\/em> en 1995, d\u00e9j\u00e0 un recueil de fragments, et quatre autres livres.<\/p>\n<p>La conception \u00e9ditoriale et graphique de <em>Maxiplotte<\/em> a \u00e9t\u00e9 r\u00e9alis\u00e9e par Jean-Christophe Menu, premier \u00e9diteur de Julie Doucet en France et co-fondateur de L\u2019Association, en \u00e9troite collaboration avec l&#8217;autrice qu\u00e9b\u00e9coise. V\u00e9ritable panorama de l\u2019\u00e9volution de son travail, <em>Maxiplotte<\/em> rassemble des travaux r\u00e9alis\u00e9s au cours de ses douze ann\u00e9es d\u2019activit\u00e9 d&#8217;autrice de bande dessin\u00e9e. S\u2019y d\u00e9ploie une \u0153uvre \u00e0 la fois subversive, f\u00e9ministe et fantaisiste. Julie Doucet \u00e9voque cr\u00fbment et avec humour la vie du corps \u2013 des r\u00e8gles au d\u00e9sir sexuel en passant par les crottes de nez \u2013 les st\u00e9r\u00e9otypes de genre, ses exp\u00e9riences de jeune femme, sans oublier sa vie onirique qu\u2019elle relate abondamment. En noir et blanc, les r\u00e9cits s\u2019\u00e9panouissent au fil de cases aux d\u00e9cors minutieusement \u00e9labor\u00e9s, peupl\u00e9es de personnages aussi insolites qu\u2019attachants.<\/p>\n<p>Cette anthologie de 400 pages comporte, outre la totalit\u00e9 des histoires issues des recueils <em>Ciboire de Criss\u00a0! (L\u2019Association, 1996<\/em>),<em> Monkey and the Living Dead (L\u2019Association, <\/em>1999), tous deux \u00e9puis\u00e9s, et quelques r\u00e9cits extraits de <em>Changements d\u2019adresses (L\u2019Association, 1998),<\/em> des pages de carnet extraites de son journal intime au tournant des ann\u00e9es 80 et 90 ainsi que des reproductions des couvertures du l\u00e9gendaire<em> Dirty Plotte,<\/em> de divers fanzines et \u00e9ditions internationales. Soit plus de 200 pages d\u2019in\u00e9dits dont pr\u00e8s de 40 en couleurs. \u00c0 cela, s\u2019ajoutent une introduction de Jean-Christophe Menu, ainsi que la retranscription d&#8217;une passionnante interview de Julie Doucet avec le journaliste sp\u00e9cialiste de bande dessin\u00e9e Christian Gasser. Incontestablement, <em>Maxiplotte<\/em> fait partie des ouvrages de r\u00e9f\u00e9rence de la bande dessin\u00e9e alternative de ces trente derni\u00e8res ann\u00e9es.<\/p>\n","protected":false},"excerpt":{"rendered":"<p>Il est rare qu\u2019un auteur de bandes dessin\u00e9es ayant officiellement arr\u00eat\u00e9 d\u2019en faire vingt ans auparavant continue \u00e0 avoir une influence consid\u00e9rable. Cela devient exceptionnel lorsqu\u2019il s\u2019agit d&#8217;une autrice. C\u2019est pourtant bien le cas de la qu\u00e9b\u00e9coise Julie Doucet, active entre 1987 et 1999, \u00e0 une \u00e9poque o\u00f9 les dessinatrices n\u2019\u00e9taient pas l\u00e9gion, surtout \u00e0 [&hellip;]<\/p>\n","protected":false},"featured_media":19449,"template":"","meta":{"_acf_changed":false},"product_cat":[48],"product_tag":[],"class_list":{"0":"post-19447","1":"product","2":"type-product","3":"status-publish","4":"has-post-thumbnail","6":"product_cat-hors-collection","7":"product_shipping_class-avec-signature","8":"member-discount","9":"discount-restricted","11":"first","12":"instock","13":"taxable","14":"shipping-taxable","15":"purchasable","16":"product-type-simple"},"acf":[],"yoast_head":"<title>Maxiplotte - L\u2019Association<\/title>\n<meta name=\"robots\" content=\"index, follow, max-snippet:-1, max-image-preview:large, max-video-preview:-1\" \/>\n<link rel=\"canonical\" href=\"https:\/\/www.lassociation.fr\/en\/catalogue\/maxiplotte\/\" \/>\n<meta property=\"og:locale\" content=\"en_US\" \/>\n<meta property=\"og:type\" content=\"article\" \/>\n<meta property=\"og:title\" content=\"Maxiplotte - L\u2019Association\" \/>\n<meta property=\"og:description\" content=\"Il est rare qu\u2019un auteur de bandes dessin\u00e9es ayant officiellement arr\u00eat\u00e9 d\u2019en faire vingt ans auparavant continue \u00e0 avoir une influence consid\u00e9rable. Cela devient exceptionnel lorsqu\u2019il s\u2019agit d&#8217;une autrice. C\u2019est pourtant bien le cas de la qu\u00e9b\u00e9coise Julie Doucet, active entre 1987 et 1999, \u00e0 une \u00e9poque o\u00f9 les dessinatrices n\u2019\u00e9taient pas l\u00e9gion, surtout \u00e0 [&hellip;]\" \/>\n<meta property=\"og:url\" content=\"https:\/\/www.lassociation.fr\/en\/catalogue\/maxiplotte\/\" \/>\n<meta property=\"og:site_name\" content=\"L\u2019Association\" \/>\n<meta property=\"article:publisher\" content=\"https:\/\/www.facebook.com\/lhydrelasso\/\" \/>\n<meta property=\"article:modified_time\" content=\"2026-03-18T18:57:38+00:00\" \/>\n<meta property=\"og:image\" content=\"https:\/\/www.lassociation.fr\/backoffice\/wp-content\/uploads\/2021\/08\/Maxiplotte-3D.jpg\" \/>\n\t<meta property=\"og:image:width\" content=\"1065\" \/>\n\t<meta property=\"og:image:height\" content=\"1471\" \/>\n\t<meta property=\"og:image:type\" content=\"image\/jpeg\" \/>\n<meta name=\"twitter:card\" content=\"summary_large_image\" \/>\n<meta name=\"twitter:site\" content=\"@lassociation\" \/>\n<script type=\"application\/ld+json\" class=\"yoast-schema-graph\">{\"@context\":\"https:\\\/\\\/schema.org\",\"@graph\":[{\"@type\":\"WebPage\",\"@id\":\"https:\\\/\\\/www.lassociation.fr\\\/en\\\/catalogue\\\/maxiplotte\\\/\",\"url\":\"https:\\\/\\\/www.lassociation.fr\\\/en\\\/catalogue\\\/maxiplotte\\\/\",\"name\":\"Maxiplotte - L\u2019Association\",\"isPartOf\":{\"@id\":\"https:\\\/\\\/www.lassociation.fr\\\/en\\\/#website\"},\"primaryImageOfPage\":{\"@id\":\"https:\\\/\\\/www.lassociation.fr\\\/en\\\/catalogue\\\/maxiplotte\\\/#primaryimage\"},\"image\":{\"@id\":\"https:\\\/\\\/www.lassociation.fr\\\/en\\\/catalogue\\\/maxiplotte\\\/#primaryimage\"},\"thumbnailUrl\":\"https:\\\/\\\/www.lassociation.fr\\\/backoffice\\\/wp-content\\\/uploads\\\/2021\\\/08\\\/Maxiplotte-3D.jpg\",\"datePublished\":\"2021-08-31T10:17:16+00:00\",\"dateModified\":\"2026-03-18T18:57:38+00:00\",\"breadcrumb\":{\"@id\":\"https:\\\/\\\/www.lassociation.fr\\\/en\\\/catalogue\\\/maxiplotte\\\/#breadcrumb\"},\"inLanguage\":\"en-US\",\"potentialAction\":[{\"@type\":\"ReadAction\",\"target\":[\"https:\\\/\\\/www.lassociation.fr\\\/en\\\/catalogue\\\/maxiplotte\\\/\"]}]},{\"@type\":\"ImageObject\",\"inLanguage\":\"en-US\",\"@id\":\"https:\\\/\\\/www.lassociation.fr\\\/en\\\/catalogue\\\/maxiplotte\\\/#primaryimage\",\"url\":\"https:\\\/\\\/www.lassociation.fr\\\/backoffice\\\/wp-content\\\/uploads\\\/2021\\\/08\\\/Maxiplotte-3D.jpg\",\"contentUrl\":\"https:\\\/\\\/www.lassociation.fr\\\/backoffice\\\/wp-content\\\/uploads\\\/2021\\\/08\\\/Maxiplotte-3D.jpg\",\"width\":1065,\"height\":1471},{\"@type\":\"BreadcrumbList\",\"@id\":\"https:\\\/\\\/www.lassociation.fr\\\/en\\\/catalogue\\\/maxiplotte\\\/#breadcrumb\",\"itemListElement\":[{\"@type\":\"ListItem\",\"position\":1,\"name\":\"Accueil\",\"item\":\"https:\\\/\\\/www.lassociation.fr\\\/en\\\/\"},{\"@type\":\"ListItem\",\"position\":2,\"name\":\"Catalog\",\"item\":\"https:\\\/\\\/www.lassociation.fr\\\/en\\\/catalogue\\\/\"},{\"@type\":\"ListItem\",\"position\":3,\"name\":\"Maxiplotte\"}]},{\"@type\":\"WebSite\",\"@id\":\"https:\\\/\\\/www.lassociation.fr\\\/en\\\/#website\",\"url\":\"https:\\\/\\\/www.lassociation.fr\\\/en\\\/\",\"name\":\"L\u2019Association\",\"description\":\"Maison d\u2019\u00e9dition fran\u00e7aise de bande dessin\u00e9e, fond\u00e9e en 1990.\",\"publisher\":{\"@id\":\"https:\\\/\\\/www.lassociation.fr\\\/en\\\/#organization\"},\"potentialAction\":[{\"@type\":\"SearchAction\",\"target\":{\"@type\":\"EntryPoint\",\"urlTemplate\":\"https:\\\/\\\/www.lassociation.fr\\\/en\\\/?s={search_term_string}\"},\"query-input\":{\"@type\":\"PropertyValueSpecification\",\"valueRequired\":true,\"valueName\":\"search_term_string\"}}],\"inLanguage\":\"en-US\"},{\"@type\":\"Organization\",\"@id\":\"https:\\\/\\\/www.lassociation.fr\\\/en\\\/#organization\",\"name\":\"L\u2019Association\",\"url\":\"https:\\\/\\\/www.lassociation.fr\\\/en\\\/\",\"logo\":{\"@type\":\"ImageObject\",\"inLanguage\":\"en-US\",\"@id\":\"https:\\\/\\\/www.lassociation.fr\\\/en\\\/#\\\/schema\\\/logo\\\/image\\\/\",\"url\":\"https:\\\/\\\/www.lassociation.fr\\\/backoffice\\\/wp-content\\\/uploads\\\/2019\\\/11\\\/asso_large.png\",\"contentUrl\":\"https:\\\/\\\/www.lassociation.fr\\\/backoffice\\\/wp-content\\\/uploads\\\/2019\\\/11\\\/asso_large.png\",\"width\":1200,\"height\":630,\"caption\":\"L\u2019Association\"},\"image\":{\"@id\":\"https:\\\/\\\/www.lassociation.fr\\\/en\\\/#\\\/schema\\\/logo\\\/image\\\/\"},\"sameAs\":[\"https:\\\/\\\/www.facebook.com\\\/lhydrelasso\\\/\",\"https:\\\/\\\/x.com\\\/lassociation\",\"https:\\\/\\\/www.instagram.com\\\/editions_lassociation\",\"https:\\\/\\\/fr.wikipedia.org\\\/wiki\\\/LAssociation\",\"https:\\\/\\\/www.youtube.com\\\/@editions_lassociation\"]}]}<\/script>","yoast_head_json":{"title":"Maxiplotte - L\u2019Association","robots":{"index":"index","follow":"follow","max-snippet":"max-snippet:-1","max-image-preview":"max-image-preview:large","max-video-preview":"max-video-preview:-1"},"canonical":"https:\/\/www.lassociation.fr\/en\/catalogue\/maxiplotte\/","og_locale":"en_US","og_type":"article","og_title":"Maxiplotte - L\u2019Association","og_description":"Il est rare qu\u2019un auteur de bandes dessin\u00e9es ayant officiellement arr\u00eat\u00e9 d\u2019en faire vingt ans auparavant continue \u00e0 avoir une influence consid\u00e9rable. Cela devient exceptionnel lorsqu\u2019il s\u2019agit d&#8217;une autrice. C\u2019est pourtant bien le cas de la qu\u00e9b\u00e9coise Julie Doucet, active entre 1987 et 1999, \u00e0 une \u00e9poque o\u00f9 les dessinatrices n\u2019\u00e9taient pas l\u00e9gion, surtout \u00e0 [&hellip;]","og_url":"https:\/\/www.lassociation.fr\/en\/catalogue\/maxiplotte\/","og_site_name":"L\u2019Association","article_publisher":"https:\/\/www.facebook.com\/lhydrelasso\/","article_modified_time":"2026-03-18T18:57:38+00:00","og_image":[{"width":1065,"height":1471,"url":"https:\/\/www.lassociation.fr\/backoffice\/wp-content\/uploads\/2021\/08\/Maxiplotte-3D.jpg","type":"image\/jpeg"}],"twitter_card":"summary_large_image","twitter_site":"@lassociation","schema":{"@context":"https:\/\/schema.org","@graph":[{"@type":"WebPage","@id":"https:\/\/www.lassociation.fr\/en\/catalogue\/maxiplotte\/","url":"https:\/\/www.lassociation.fr\/en\/catalogue\/maxiplotte\/","name":"Maxiplotte - L\u2019Association","isPartOf":{"@id":"https:\/\/www.lassociation.fr\/en\/#website"},"primaryImageOfPage":{"@id":"https:\/\/www.lassociation.fr\/en\/catalogue\/maxiplotte\/#primaryimage"},"image":{"@id":"https:\/\/www.lassociation.fr\/en\/catalogue\/maxiplotte\/#primaryimage"},"thumbnailUrl":"https:\/\/www.lassociation.fr\/backoffice\/wp-content\/uploads\/2021\/08\/Maxiplotte-3D.jpg","datePublished":"2021-08-31T10:17:16+00:00","dateModified":"2026-03-18T18:57:38+00:00","breadcrumb":{"@id":"https:\/\/www.lassociation.fr\/en\/catalogue\/maxiplotte\/#breadcrumb"},"inLanguage":"en-US","potentialAction":[{"@type":"ReadAction","target":["https:\/\/www.lassociation.fr\/en\/catalogue\/maxiplotte\/"]}]},{"@type":"ImageObject","inLanguage":"en-US","@id":"https:\/\/www.lassociation.fr\/en\/catalogue\/maxiplotte\/#primaryimage","url":"https:\/\/www.lassociation.fr\/backoffice\/wp-content\/uploads\/2021\/08\/Maxiplotte-3D.jpg","contentUrl":"https:\/\/www.lassociation.fr\/backoffice\/wp-content\/uploads\/2021\/08\/Maxiplotte-3D.jpg","width":1065,"height":1471},{"@type":"BreadcrumbList","@id":"https:\/\/www.lassociation.fr\/en\/catalogue\/maxiplotte\/#breadcrumb","itemListElement":[{"@type":"ListItem","position":1,"name":"Accueil","item":"https:\/\/www.lassociation.fr\/en\/"},{"@type":"ListItem","position":2,"name":"Catalog","item":"https:\/\/www.lassociation.fr\/en\/catalogue\/"},{"@type":"ListItem","position":3,"name":"Maxiplotte"}]},{"@type":"WebSite","@id":"https:\/\/www.lassociation.fr\/en\/#website","url":"https:\/\/www.lassociation.fr\/en\/","name":"L\u2019Association","description":"Maison d\u2019\u00e9dition fran\u00e7aise de bande dessin\u00e9e, fond\u00e9e en 1990.","publisher":{"@id":"https:\/\/www.lassociation.fr\/en\/#organization"},"potentialAction":[{"@type":"SearchAction","target":{"@type":"EntryPoint","urlTemplate":"https:\/\/www.lassociation.fr\/en\/?s={search_term_string}"},"query-input":{"@type":"PropertyValueSpecification","valueRequired":true,"valueName":"search_term_string"}}],"inLanguage":"en-US"},{"@type":"Organization","@id":"https:\/\/www.lassociation.fr\/en\/#organization","name":"L\u2019Association","url":"https:\/\/www.lassociation.fr\/en\/","logo":{"@type":"ImageObject","inLanguage":"en-US","@id":"https:\/\/www.lassociation.fr\/en\/#\/schema\/logo\/image\/","url":"https:\/\/www.lassociation.fr\/backoffice\/wp-content\/uploads\/2019\/11\/asso_large.png","contentUrl":"https:\/\/www.lassociation.fr\/backoffice\/wp-content\/uploads\/2019\/11\/asso_large.png","width":1200,"height":630,"caption":"L\u2019Association"},"image":{"@id":"https:\/\/www.lassociation.fr\/en\/#\/schema\/logo\/image\/"},"sameAs":["https:\/\/www.facebook.com\/lhydrelasso\/","https:\/\/x.com\/lassociation","https:\/\/www.instagram.com\/editions_lassociation","https:\/\/fr.wikipedia.org\/wiki\/LAssociation","https:\/\/www.youtube.com\/@editions_lassociation"]}]}},"_links":{"self":[{"href":"https:\/\/www.lassociation.fr\/en\/wp-json\/wp\/v2\/product\/19447","targetHints":{"allow":["GET"]}}],"collection":[{"href":"https:\/\/www.lassociation.fr\/en\/wp-json\/wp\/v2\/product"}],"about":[{"href":"https:\/\/www.lassociation.fr\/en\/wp-json\/wp\/v2\/types\/product"}],"wp:featuredmedia":[{"embeddable":true,"href":"https:\/\/www.lassociation.fr\/en\/wp-json\/wp\/v2\/media\/19449"}],"wp:attachment":[{"href":"https:\/\/www.lassociation.fr\/en\/wp-json\/wp\/v2\/media?parent=19447"}],"wp:term":[{"taxonomy":"product_cat","embeddable":true,"href":"https:\/\/www.lassociation.fr\/en\/wp-json\/wp\/v2\/product_cat?post=19447"},{"taxonomy":"product_tag","embeddable":true,"href":"https:\/\/www.lassociation.fr\/en\/wp-json\/wp\/v2\/product_tag?post=19447"}],"curies":[{"name":"wp","href":"https:\/\/api.w.org\/{rel}","templated":true}]}}