{"id":19758,"date":"2021-11-09T15:57:50","date_gmt":"2021-11-09T14:57:50","guid":{"rendered":"https:\/\/www.lassociation.fr\/?post_type=product&#038;p=19758"},"modified":"2026-03-29T11:19:31","modified_gmt":"2026-03-29T09:19:31","slug":"les-nouvelles-aventures-de-lapinot-tome-5-2-ultra-secret","status":"publish","type":"product","link":"https:\/\/www.lassociation.fr\/en\/catalogue\/les-nouvelles-aventures-de-lapinot-tome-5-2-ultra-secret\/","title":{"rendered":"Nouvelles aventures de Lapinot (Les) [Tome 5.2] Ultra Secret"},"content":{"rendered":"<p>Lapinot se fait kidnapper par un gros costaud en costard et lunettes noires. Et qui retrouve-t-il \u00e0 l\u2019int\u00e9rieur de la camionnette\u00a0? Surprise, c\u2019est Richard\u00a0! Les deux comp\u00e8res sont soup\u00e7onn\u00e9s par le gouvernement de fomenter un sale coup. L\u2019humour ravageur de Richard embrouille leurs ravisseurs et s\u00e9duit le c\u0153ur d\u2019une espionne\u2026 Bienvenue dans le monde clandestin du renseignement\u00a0!<\/p>\n<p>Ces aventures de Lapinot au format Patte de mouche sont le fruit d&#8217;un jeu cr\u00e9\u00e9 par Lewis Trondheim pendant le premier confinement : chaque jour, l&#8217;auteur postait sur son fil Twitter les trois premi\u00e8res cases d&#8217;un strip et laissait le soin \u00e0 ses abonn\u00e9s d&#8217;en dessiner la derni\u00e8re case. Celui ou celle qui se rapprochait le plus de la fin imagin\u00e9e par l&#8217;auteur recevait une carte postale !<\/p>\n<p>Le d\u00e9but de ces strips est publi\u00e9 dans un premier Patte de mouche intitul\u00e9 : <em>Sous le trottoir.<\/em><\/p>\n","protected":false},"excerpt":{"rendered":"<p>Lapinot se fait kidnapper par un gros costaud en costard et lunettes noires. Et qui retrouve-t-il \u00e0 l\u2019int\u00e9rieur de la camionnette\u00a0? Surprise, c\u2019est Richard\u00a0! Les deux comp\u00e8res sont soup\u00e7onn\u00e9s par le gouvernement de fomenter un sale coup. L\u2019humour ravageur de Richard embrouille leurs ravisseurs et s\u00e9duit le c\u0153ur d\u2019une espionne\u2026 Bienvenue dans le monde clandestin [&hellip;]<\/p>\n","protected":false},"featured_media":19759,"template":"","meta":{"_acf_changed":false},"product_cat":[49],"product_tag":[],"class_list":{"0":"post-19758","1":"product","2":"type-product","3":"status-publish","4":"has-post-thumbnail","6":"product_cat-patte-de-mouche","7":"member-discount","8":"discount-restricted","10":"first","11":"instock","12":"taxable","13":"shipping-taxable","14":"purchasable","15":"product-type-simple"},"acf":[],"yoast_head":"<title>Nouvelles aventures de Lapinot (Les) [Tome 5.2] Ultra Secret - L\u2019Association<\/title>\n<meta name=\"robots\" content=\"index, follow, max-snippet:-1, max-image-preview:large, max-video-preview:-1\" \/>\n<link rel=\"canonical\" href=\"https:\/\/www.lassociation.fr\/en\/catalogue\/les-nouvelles-aventures-de-lapinot-tome-5-2-ultra-secret\/\" \/>\n<meta property=\"og:locale\" content=\"en_US\" \/>\n<meta property=\"og:type\" content=\"article\" \/>\n<meta property=\"og:title\" content=\"Nouvelles aventures de Lapinot (Les) [Tome 5.2] Ultra Secret - L\u2019Association\" \/>\n<meta property=\"og:description\" content=\"Lapinot se fait kidnapper par un gros costaud en costard et lunettes noires. Et qui retrouve-t-il \u00e0 l\u2019int\u00e9rieur de la camionnette\u00a0? Surprise, c\u2019est Richard\u00a0! Les deux comp\u00e8res sont soup\u00e7onn\u00e9s par le gouvernement de fomenter un sale coup. L\u2019humour ravageur de Richard embrouille leurs ravisseurs et s\u00e9duit le c\u0153ur d\u2019une espionne\u2026 Bienvenue dans le monde clandestin [&hellip;]\" \/>\n<meta property=\"og:url\" content=\"https:\/\/www.lassociation.fr\/en\/catalogue\/les-nouvelles-aventures-de-lapinot-tome-5-2-ultra-secret\/\" \/>\n<meta property=\"og:site_name\" content=\"L\u2019Association\" \/>\n<meta property=\"article:publisher\" content=\"https:\/\/www.facebook.com\/lhydrelasso\/\" \/>\n<meta property=\"article:modified_time\" content=\"2026-03-29T09:19:31+00:00\" \/>\n<meta property=\"og:image\" content=\"https:\/\/www.lassociation.fr\/backoffice\/wp-content\/uploads\/2021\/11\/PDMLapinot2_Ultra-secret_couv.jpg\" \/>\n\t<meta property=\"og:image:width\" content=\"826\" \/>\n\t<meta property=\"og:image:height\" content=\"1181\" \/>\n\t<meta property=\"og:image:type\" content=\"image\/jpeg\" \/>\n<meta name=\"twitter:card\" content=\"summary_large_image\" \/>\n<meta name=\"twitter:site\" content=\"@lassociation\" \/>\n<script type=\"application\/ld+json\" class=\"yoast-schema-graph\">{\"@context\":\"https:\\\/\\\/schema.org\",\"@graph\":[{\"@type\":\"WebPage\",\"@id\":\"https:\\\/\\\/www.lassociation.fr\\\/en\\\/catalogue\\\/les-nouvelles-aventures-de-lapinot-tome-5-2-ultra-secret\\\/\",\"url\":\"https:\\\/\\\/www.lassociation.fr\\\/en\\\/catalogue\\\/les-nouvelles-aventures-de-lapinot-tome-5-2-ultra-secret\\\/\",\"name\":\"Nouvelles aventures de Lapinot (Les) [Tome 5.2] Ultra Secret - L\u2019Association\",\"isPartOf\":{\"@id\":\"https:\\\/\\\/www.lassociation.fr\\\/en\\\/#website\"},\"primaryImageOfPage\":{\"@id\":\"https:\\\/\\\/www.lassociation.fr\\\/en\\\/catalogue\\\/les-nouvelles-aventures-de-lapinot-tome-5-2-ultra-secret\\\/#primaryimage\"},\"image\":{\"@id\":\"https:\\\/\\\/www.lassociation.fr\\\/en\\\/catalogue\\\/les-nouvelles-aventures-de-lapinot-tome-5-2-ultra-secret\\\/#primaryimage\"},\"thumbnailUrl\":\"https:\\\/\\\/www.lassociation.fr\\\/backoffice\\\/wp-content\\\/uploads\\\/2021\\\/11\\\/PDMLapinot2_Ultra-secret_couv.jpg\",\"datePublished\":\"2021-11-09T14:57:50+00:00\",\"dateModified\":\"2026-03-29T09:19:31+00:00\",\"breadcrumb\":{\"@id\":\"https:\\\/\\\/www.lassociation.fr\\\/en\\\/catalogue\\\/les-nouvelles-aventures-de-lapinot-tome-5-2-ultra-secret\\\/#breadcrumb\"},\"inLanguage\":\"en-US\",\"potentialAction\":[{\"@type\":\"ReadAction\",\"target\":[\"https:\\\/\\\/www.lassociation.fr\\\/en\\\/catalogue\\\/les-nouvelles-aventures-de-lapinot-tome-5-2-ultra-secret\\\/\"]}]},{\"@type\":\"ImageObject\",\"inLanguage\":\"en-US\",\"@id\":\"https:\\\/\\\/www.lassociation.fr\\\/en\\\/catalogue\\\/les-nouvelles-aventures-de-lapinot-tome-5-2-ultra-secret\\\/#primaryimage\",\"url\":\"https:\\\/\\\/www.lassociation.fr\\\/backoffice\\\/wp-content\\\/uploads\\\/2021\\\/11\\\/PDMLapinot2_Ultra-secret_couv.jpg\",\"contentUrl\":\"https:\\\/\\\/www.lassociation.fr\\\/backoffice\\\/wp-content\\\/uploads\\\/2021\\\/11\\\/PDMLapinot2_Ultra-secret_couv.jpg\",\"width\":826,\"height\":1181},{\"@type\":\"BreadcrumbList\",\"@id\":\"https:\\\/\\\/www.lassociation.fr\\\/en\\\/catalogue\\\/les-nouvelles-aventures-de-lapinot-tome-5-2-ultra-secret\\\/#breadcrumb\",\"itemListElement\":[{\"@type\":\"ListItem\",\"position\":1,\"name\":\"Accueil\",\"item\":\"https:\\\/\\\/www.lassociation.fr\\\/en\\\/\"},{\"@type\":\"ListItem\",\"position\":2,\"name\":\"Catalog\",\"item\":\"https:\\\/\\\/www.lassociation.fr\\\/en\\\/catalogue\\\/\"},{\"@type\":\"ListItem\",\"position\":3,\"name\":\"Nouvelles aventures de Lapinot (Les) [Tome 5.2] Ultra Secret\"}]},{\"@type\":\"WebSite\",\"@id\":\"https:\\\/\\\/www.lassociation.fr\\\/en\\\/#website\",\"url\":\"https:\\\/\\\/www.lassociation.fr\\\/en\\\/\",\"name\":\"L\u2019Association\",\"description\":\"Maison d\u2019\u00e9dition fran\u00e7aise de bande dessin\u00e9e, fond\u00e9e en 1990.\",\"publisher\":{\"@id\":\"https:\\\/\\\/www.lassociation.fr\\\/en\\\/#organization\"},\"potentialAction\":[{\"@type\":\"SearchAction\",\"target\":{\"@type\":\"EntryPoint\",\"urlTemplate\":\"https:\\\/\\\/www.lassociation.fr\\\/en\\\/?s={search_term_string}\"},\"query-input\":{\"@type\":\"PropertyValueSpecification\",\"valueRequired\":true,\"valueName\":\"search_term_string\"}}],\"inLanguage\":\"en-US\"},{\"@type\":\"Organization\",\"@id\":\"https:\\\/\\\/www.lassociation.fr\\\/en\\\/#organization\",\"name\":\"L\u2019Association\",\"url\":\"https:\\\/\\\/www.lassociation.fr\\\/en\\\/\",\"logo\":{\"@type\":\"ImageObject\",\"inLanguage\":\"en-US\",\"@id\":\"https:\\\/\\\/www.lassociation.fr\\\/en\\\/#\\\/schema\\\/logo\\\/image\\\/\",\"url\":\"https:\\\/\\\/www.lassociation.fr\\\/backoffice\\\/wp-content\\\/uploads\\\/2019\\\/11\\\/asso_large.png\",\"contentUrl\":\"https:\\\/\\\/www.lassociation.fr\\\/backoffice\\\/wp-content\\\/uploads\\\/2019\\\/11\\\/asso_large.png\",\"width\":1200,\"height\":630,\"caption\":\"L\u2019Association\"},\"image\":{\"@id\":\"https:\\\/\\\/www.lassociation.fr\\\/en\\\/#\\\/schema\\\/logo\\\/image\\\/\"},\"sameAs\":[\"https:\\\/\\\/www.facebook.com\\\/lhydrelasso\\\/\",\"https:\\\/\\\/x.com\\\/lassociation\",\"https:\\\/\\\/www.instagram.com\\\/editions_lassociation\",\"https:\\\/\\\/fr.wikipedia.org\\\/wiki\\\/LAssociation\",\"https:\\\/\\\/www.youtube.com\\\/@editions_lassociation\"]}]}<\/script>","yoast_head_json":{"title":"Nouvelles aventures de Lapinot (Les) [Tome 5.2] Ultra Secret - L\u2019Association","robots":{"index":"index","follow":"follow","max-snippet":"max-snippet:-1","max-image-preview":"max-image-preview:large","max-video-preview":"max-video-preview:-1"},"canonical":"https:\/\/www.lassociation.fr\/en\/catalogue\/les-nouvelles-aventures-de-lapinot-tome-5-2-ultra-secret\/","og_locale":"en_US","og_type":"article","og_title":"Nouvelles aventures de Lapinot (Les) [Tome 5.2] Ultra Secret - L\u2019Association","og_description":"Lapinot se fait kidnapper par un gros costaud en costard et lunettes noires. Et qui retrouve-t-il \u00e0 l\u2019int\u00e9rieur de la camionnette\u00a0? Surprise, c\u2019est Richard\u00a0! Les deux comp\u00e8res sont soup\u00e7onn\u00e9s par le gouvernement de fomenter un sale coup. L\u2019humour ravageur de Richard embrouille leurs ravisseurs et s\u00e9duit le c\u0153ur d\u2019une espionne\u2026 Bienvenue dans le monde clandestin [&hellip;]","og_url":"https:\/\/www.lassociation.fr\/en\/catalogue\/les-nouvelles-aventures-de-lapinot-tome-5-2-ultra-secret\/","og_site_name":"L\u2019Association","article_publisher":"https:\/\/www.facebook.com\/lhydrelasso\/","article_modified_time":"2026-03-29T09:19:31+00:00","og_image":[{"width":826,"height":1181,"url":"https:\/\/www.lassociation.fr\/backoffice\/wp-content\/uploads\/2021\/11\/PDMLapinot2_Ultra-secret_couv.jpg","type":"image\/jpeg"}],"twitter_card":"summary_large_image","twitter_site":"@lassociation","schema":{"@context":"https:\/\/schema.org","@graph":[{"@type":"WebPage","@id":"https:\/\/www.lassociation.fr\/en\/catalogue\/les-nouvelles-aventures-de-lapinot-tome-5-2-ultra-secret\/","url":"https:\/\/www.lassociation.fr\/en\/catalogue\/les-nouvelles-aventures-de-lapinot-tome-5-2-ultra-secret\/","name":"Nouvelles aventures de Lapinot (Les) [Tome 5.2] Ultra Secret - L\u2019Association","isPartOf":{"@id":"https:\/\/www.lassociation.fr\/en\/#website"},"primaryImageOfPage":{"@id":"https:\/\/www.lassociation.fr\/en\/catalogue\/les-nouvelles-aventures-de-lapinot-tome-5-2-ultra-secret\/#primaryimage"},"image":{"@id":"https:\/\/www.lassociation.fr\/en\/catalogue\/les-nouvelles-aventures-de-lapinot-tome-5-2-ultra-secret\/#primaryimage"},"thumbnailUrl":"https:\/\/www.lassociation.fr\/backoffice\/wp-content\/uploads\/2021\/11\/PDMLapinot2_Ultra-secret_couv.jpg","datePublished":"2021-11-09T14:57:50+00:00","dateModified":"2026-03-29T09:19:31+00:00","breadcrumb":{"@id":"https:\/\/www.lassociation.fr\/en\/catalogue\/les-nouvelles-aventures-de-lapinot-tome-5-2-ultra-secret\/#breadcrumb"},"inLanguage":"en-US","potentialAction":[{"@type":"ReadAction","target":["https:\/\/www.lassociation.fr\/en\/catalogue\/les-nouvelles-aventures-de-lapinot-tome-5-2-ultra-secret\/"]}]},{"@type":"ImageObject","inLanguage":"en-US","@id":"https:\/\/www.lassociation.fr\/en\/catalogue\/les-nouvelles-aventures-de-lapinot-tome-5-2-ultra-secret\/#primaryimage","url":"https:\/\/www.lassociation.fr\/backoffice\/wp-content\/uploads\/2021\/11\/PDMLapinot2_Ultra-secret_couv.jpg","contentUrl":"https:\/\/www.lassociation.fr\/backoffice\/wp-content\/uploads\/2021\/11\/PDMLapinot2_Ultra-secret_couv.jpg","width":826,"height":1181},{"@type":"BreadcrumbList","@id":"https:\/\/www.lassociation.fr\/en\/catalogue\/les-nouvelles-aventures-de-lapinot-tome-5-2-ultra-secret\/#breadcrumb","itemListElement":[{"@type":"ListItem","position":1,"name":"Accueil","item":"https:\/\/www.lassociation.fr\/en\/"},{"@type":"ListItem","position":2,"name":"Catalog","item":"https:\/\/www.lassociation.fr\/en\/catalogue\/"},{"@type":"ListItem","position":3,"name":"Nouvelles aventures de Lapinot (Les) [Tome 5.2] Ultra Secret"}]},{"@type":"WebSite","@id":"https:\/\/www.lassociation.fr\/en\/#website","url":"https:\/\/www.lassociation.fr\/en\/","name":"L\u2019Association","description":"Maison d\u2019\u00e9dition fran\u00e7aise de bande dessin\u00e9e, fond\u00e9e en 1990.","publisher":{"@id":"https:\/\/www.lassociation.fr\/en\/#organization"},"potentialAction":[{"@type":"SearchAction","target":{"@type":"EntryPoint","urlTemplate":"https:\/\/www.lassociation.fr\/en\/?s={search_term_string}"},"query-input":{"@type":"PropertyValueSpecification","valueRequired":true,"valueName":"search_term_string"}}],"inLanguage":"en-US"},{"@type":"Organization","@id":"https:\/\/www.lassociation.fr\/en\/#organization","name":"L\u2019Association","url":"https:\/\/www.lassociation.fr\/en\/","logo":{"@type":"ImageObject","inLanguage":"en-US","@id":"https:\/\/www.lassociation.fr\/en\/#\/schema\/logo\/image\/","url":"https:\/\/www.lassociation.fr\/backoffice\/wp-content\/uploads\/2019\/11\/asso_large.png","contentUrl":"https:\/\/www.lassociation.fr\/backoffice\/wp-content\/uploads\/2019\/11\/asso_large.png","width":1200,"height":630,"caption":"L\u2019Association"},"image":{"@id":"https:\/\/www.lassociation.fr\/en\/#\/schema\/logo\/image\/"},"sameAs":["https:\/\/www.facebook.com\/lhydrelasso\/","https:\/\/x.com\/lassociation","https:\/\/www.instagram.com\/editions_lassociation","https:\/\/fr.wikipedia.org\/wiki\/LAssociation","https:\/\/www.youtube.com\/@editions_lassociation"]}]}},"_links":{"self":[{"href":"https:\/\/www.lassociation.fr\/en\/wp-json\/wp\/v2\/product\/19758","targetHints":{"allow":["GET"]}}],"collection":[{"href":"https:\/\/www.lassociation.fr\/en\/wp-json\/wp\/v2\/product"}],"about":[{"href":"https:\/\/www.lassociation.fr\/en\/wp-json\/wp\/v2\/types\/product"}],"wp:featuredmedia":[{"embeddable":true,"href":"https:\/\/www.lassociation.fr\/en\/wp-json\/wp\/v2\/media\/19759"}],"wp:attachment":[{"href":"https:\/\/www.lassociation.fr\/en\/wp-json\/wp\/v2\/media?parent=19758"}],"wp:term":[{"taxonomy":"product_cat","embeddable":true,"href":"https:\/\/www.lassociation.fr\/en\/wp-json\/wp\/v2\/product_cat?post=19758"},{"taxonomy":"product_tag","embeddable":true,"href":"https:\/\/www.lassociation.fr\/en\/wp-json\/wp\/v2\/product_tag?post=19758"}],"curies":[{"name":"wp","href":"https:\/\/api.w.org\/{rel}","templated":true}]}}