{"id":19761,"date":"2021-11-09T16:11:40","date_gmt":"2021-11-09T15:11:40","guid":{"rendered":"https:\/\/www.lassociation.fr\/?post_type=product&#038;p=19761"},"modified":"2026-01-22T11:39:33","modified_gmt":"2026-01-22T10:39:33","slug":"le-gull-yettin","status":"publish","type":"product","link":"https:\/\/www.lassociation.fr\/en\/catalogue\/le-gull-yettin\/","title":{"rendered":"Gull Yettin (Le)"},"content":{"rendered":"<p>Il existe probablement mille fa\u00e7ons de raconter un livre de Joe Kessler. Pour en appr\u00e9cier la lecture, il faut accepter de s\u2019abandonner aux couleurs flamboyantes ainsi qu\u2019\u00e0 la narration effr\u00e9n\u00e9e et \u00e9nigmatique de ses r\u00e9cits. \u00c9tonnant m\u00e9lange d\u2019\u00e9l\u00e9ments prosa\u00efques et mythiques, <em>The Gull Yettin, <\/em>r\u00e9cit enti\u00e8rement muet, nous propulse dans un univers \u00e0 la fois magique et familier.<\/p>\n<p><em>Le Gull Yettin<\/em> met en sc\u00e8ne l\u2019esprit d\u2019une mouette, un petit enfant et une femme. On y trouve une explosion, un fleuve de lave, un grand oiseau d\u00e9gingand\u00e9 et inqui\u00e9tant, au pelage mouchet\u00e9 et au chapeau de paille, du pipi sur une cuvette, un voyage en train, de la vengeance, une bande de gamins, une nature enchanteresse, des vagues, de la cruaut\u00e9 et de la tendresse.<\/p>\n<p>Utilisant tant\u00f4t le feutre, le crayon, l\u2019ordinateur ou l\u2019aquarelle, Joe Kessler m\u00eale les techniques, dans un style expressionniste et d\u00e9brid\u00e9, pour \u00e9voquer ici la course d\u2019un enfant, l\u00e0 le reflet d\u2019un train dans les m\u00e9andres d\u2019une rivi\u00e8re, les \u00e9tincelles d\u2019une explosion ou l\u2019\u00e9clat rassurant d\u2019une fen\u00eatre dans la nuit. Il signe avec <em>Le Gull Yettin<\/em> une balade sensorielle et envo\u00fbtante au rythme enlev\u00e9.<\/p>\n","protected":false},"excerpt":{"rendered":"<p>Il existe probablement mille fa\u00e7ons de raconter un livre de Joe Kessler. Pour en appr\u00e9cier la lecture, il faut accepter de s\u2019abandonner aux couleurs flamboyantes ainsi qu\u2019\u00e0 la narration effr\u00e9n\u00e9e et \u00e9nigmatique de ses r\u00e9cits. \u00c9tonnant m\u00e9lange d\u2019\u00e9l\u00e9ments prosa\u00efques et mythiques, The Gull Yettin, r\u00e9cit enti\u00e8rement muet, nous propulse dans un univers \u00e0 la fois [&hellip;]<\/p>\n","protected":false},"featured_media":19762,"template":"","meta":{"_acf_changed":false},"product_cat":[48],"product_tag":[],"class_list":{"0":"post-19761","1":"product","2":"type-product","3":"status-publish","4":"has-post-thumbnail","6":"product_cat-hors-collection","7":"member-discount","8":"discount-restricted","10":"first","11":"instock","12":"taxable","13":"shipping-taxable","14":"purchasable","15":"product-type-simple"},"acf":[],"yoast_head":"<title>Gull Yettin (Le) - L\u2019Association<\/title>\n<meta name=\"robots\" content=\"index, follow, max-snippet:-1, max-image-preview:large, max-video-preview:-1\" \/>\n<link rel=\"canonical\" href=\"https:\/\/www.lassociation.fr\/en\/catalogue\/le-gull-yettin\/\" \/>\n<meta property=\"og:locale\" content=\"en_US\" \/>\n<meta property=\"og:type\" content=\"article\" \/>\n<meta property=\"og:title\" content=\"Gull Yettin (Le) - L\u2019Association\" \/>\n<meta property=\"og:description\" content=\"Il existe probablement mille fa\u00e7ons de raconter un livre de Joe Kessler. Pour en appr\u00e9cier la lecture, il faut accepter de s\u2019abandonner aux couleurs flamboyantes ainsi qu\u2019\u00e0 la narration effr\u00e9n\u00e9e et \u00e9nigmatique de ses r\u00e9cits. \u00c9tonnant m\u00e9lange d\u2019\u00e9l\u00e9ments prosa\u00efques et mythiques, The Gull Yettin, r\u00e9cit enti\u00e8rement muet, nous propulse dans un univers \u00e0 la fois [&hellip;]\" \/>\n<meta property=\"og:url\" content=\"https:\/\/www.lassociation.fr\/en\/catalogue\/le-gull-yettin\/\" \/>\n<meta property=\"og:site_name\" content=\"L\u2019Association\" \/>\n<meta property=\"article:publisher\" content=\"https:\/\/www.facebook.com\/lhydrelasso\/\" \/>\n<meta property=\"article:modified_time\" content=\"2026-01-22T10:39:33+00:00\" \/>\n<meta property=\"og:image\" content=\"https:\/\/www.lassociation.fr\/backoffice\/wp-content\/uploads\/2021\/11\/The-Gull-Yettin_CouvDEF.jpg\" \/>\n\t<meta property=\"og:image:width\" content=\"1634\" \/>\n\t<meta property=\"og:image:height\" content=\"2269\" \/>\n\t<meta property=\"og:image:type\" content=\"image\/jpeg\" \/>\n<meta name=\"twitter:card\" content=\"summary_large_image\" \/>\n<meta name=\"twitter:site\" content=\"@lassociation\" \/>\n<script type=\"application\/ld+json\" class=\"yoast-schema-graph\">{\"@context\":\"https:\\\/\\\/schema.org\",\"@graph\":[{\"@type\":\"WebPage\",\"@id\":\"https:\\\/\\\/www.lassociation.fr\\\/en\\\/catalogue\\\/le-gull-yettin\\\/\",\"url\":\"https:\\\/\\\/www.lassociation.fr\\\/en\\\/catalogue\\\/le-gull-yettin\\\/\",\"name\":\"Gull Yettin (Le) - L\u2019Association\",\"isPartOf\":{\"@id\":\"https:\\\/\\\/www.lassociation.fr\\\/en\\\/#website\"},\"primaryImageOfPage\":{\"@id\":\"https:\\\/\\\/www.lassociation.fr\\\/en\\\/catalogue\\\/le-gull-yettin\\\/#primaryimage\"},\"image\":{\"@id\":\"https:\\\/\\\/www.lassociation.fr\\\/en\\\/catalogue\\\/le-gull-yettin\\\/#primaryimage\"},\"thumbnailUrl\":\"https:\\\/\\\/www.lassociation.fr\\\/backoffice\\\/wp-content\\\/uploads\\\/2021\\\/11\\\/The-Gull-Yettin_CouvDEF.jpg\",\"datePublished\":\"2021-11-09T15:11:40+00:00\",\"dateModified\":\"2026-01-22T10:39:33+00:00\",\"breadcrumb\":{\"@id\":\"https:\\\/\\\/www.lassociation.fr\\\/en\\\/catalogue\\\/le-gull-yettin\\\/#breadcrumb\"},\"inLanguage\":\"en-US\",\"potentialAction\":[{\"@type\":\"ReadAction\",\"target\":[\"https:\\\/\\\/www.lassociation.fr\\\/en\\\/catalogue\\\/le-gull-yettin\\\/\"]}]},{\"@type\":\"ImageObject\",\"inLanguage\":\"en-US\",\"@id\":\"https:\\\/\\\/www.lassociation.fr\\\/en\\\/catalogue\\\/le-gull-yettin\\\/#primaryimage\",\"url\":\"https:\\\/\\\/www.lassociation.fr\\\/backoffice\\\/wp-content\\\/uploads\\\/2021\\\/11\\\/The-Gull-Yettin_CouvDEF.jpg\",\"contentUrl\":\"https:\\\/\\\/www.lassociation.fr\\\/backoffice\\\/wp-content\\\/uploads\\\/2021\\\/11\\\/The-Gull-Yettin_CouvDEF.jpg\",\"width\":1634,\"height\":2269},{\"@type\":\"BreadcrumbList\",\"@id\":\"https:\\\/\\\/www.lassociation.fr\\\/en\\\/catalogue\\\/le-gull-yettin\\\/#breadcrumb\",\"itemListElement\":[{\"@type\":\"ListItem\",\"position\":1,\"name\":\"Accueil\",\"item\":\"https:\\\/\\\/www.lassociation.fr\\\/en\\\/\"},{\"@type\":\"ListItem\",\"position\":2,\"name\":\"Catalog\",\"item\":\"https:\\\/\\\/www.lassociation.fr\\\/en\\\/catalogue\\\/\"},{\"@type\":\"ListItem\",\"position\":3,\"name\":\"Gull Yettin (Le)\"}]},{\"@type\":\"WebSite\",\"@id\":\"https:\\\/\\\/www.lassociation.fr\\\/en\\\/#website\",\"url\":\"https:\\\/\\\/www.lassociation.fr\\\/en\\\/\",\"name\":\"L\u2019Association\",\"description\":\"Maison d\u2019\u00e9dition fran\u00e7aise de bande dessin\u00e9e, fond\u00e9e en 1990.\",\"publisher\":{\"@id\":\"https:\\\/\\\/www.lassociation.fr\\\/en\\\/#organization\"},\"potentialAction\":[{\"@type\":\"SearchAction\",\"target\":{\"@type\":\"EntryPoint\",\"urlTemplate\":\"https:\\\/\\\/www.lassociation.fr\\\/en\\\/?s={search_term_string}\"},\"query-input\":{\"@type\":\"PropertyValueSpecification\",\"valueRequired\":true,\"valueName\":\"search_term_string\"}}],\"inLanguage\":\"en-US\"},{\"@type\":\"Organization\",\"@id\":\"https:\\\/\\\/www.lassociation.fr\\\/en\\\/#organization\",\"name\":\"L\u2019Association\",\"url\":\"https:\\\/\\\/www.lassociation.fr\\\/en\\\/\",\"logo\":{\"@type\":\"ImageObject\",\"inLanguage\":\"en-US\",\"@id\":\"https:\\\/\\\/www.lassociation.fr\\\/en\\\/#\\\/schema\\\/logo\\\/image\\\/\",\"url\":\"https:\\\/\\\/www.lassociation.fr\\\/backoffice\\\/wp-content\\\/uploads\\\/2019\\\/11\\\/asso_large.png\",\"contentUrl\":\"https:\\\/\\\/www.lassociation.fr\\\/backoffice\\\/wp-content\\\/uploads\\\/2019\\\/11\\\/asso_large.png\",\"width\":1200,\"height\":630,\"caption\":\"L\u2019Association\"},\"image\":{\"@id\":\"https:\\\/\\\/www.lassociation.fr\\\/en\\\/#\\\/schema\\\/logo\\\/image\\\/\"},\"sameAs\":[\"https:\\\/\\\/www.facebook.com\\\/lhydrelasso\\\/\",\"https:\\\/\\\/x.com\\\/lassociation\",\"https:\\\/\\\/www.instagram.com\\\/editions_lassociation\",\"https:\\\/\\\/fr.wikipedia.org\\\/wiki\\\/LAssociation\",\"https:\\\/\\\/www.youtube.com\\\/@editions_lassociation\"]}]}<\/script>","yoast_head_json":{"title":"Gull Yettin (Le) - L\u2019Association","robots":{"index":"index","follow":"follow","max-snippet":"max-snippet:-1","max-image-preview":"max-image-preview:large","max-video-preview":"max-video-preview:-1"},"canonical":"https:\/\/www.lassociation.fr\/en\/catalogue\/le-gull-yettin\/","og_locale":"en_US","og_type":"article","og_title":"Gull Yettin (Le) - L\u2019Association","og_description":"Il existe probablement mille fa\u00e7ons de raconter un livre de Joe Kessler. Pour en appr\u00e9cier la lecture, il faut accepter de s\u2019abandonner aux couleurs flamboyantes ainsi qu\u2019\u00e0 la narration effr\u00e9n\u00e9e et \u00e9nigmatique de ses r\u00e9cits. \u00c9tonnant m\u00e9lange d\u2019\u00e9l\u00e9ments prosa\u00efques et mythiques, The Gull Yettin, r\u00e9cit enti\u00e8rement muet, nous propulse dans un univers \u00e0 la fois [&hellip;]","og_url":"https:\/\/www.lassociation.fr\/en\/catalogue\/le-gull-yettin\/","og_site_name":"L\u2019Association","article_publisher":"https:\/\/www.facebook.com\/lhydrelasso\/","article_modified_time":"2026-01-22T10:39:33+00:00","og_image":[{"width":1634,"height":2269,"url":"https:\/\/www.lassociation.fr\/backoffice\/wp-content\/uploads\/2021\/11\/The-Gull-Yettin_CouvDEF.jpg","type":"image\/jpeg"}],"twitter_card":"summary_large_image","twitter_site":"@lassociation","schema":{"@context":"https:\/\/schema.org","@graph":[{"@type":"WebPage","@id":"https:\/\/www.lassociation.fr\/en\/catalogue\/le-gull-yettin\/","url":"https:\/\/www.lassociation.fr\/en\/catalogue\/le-gull-yettin\/","name":"Gull Yettin (Le) - L\u2019Association","isPartOf":{"@id":"https:\/\/www.lassociation.fr\/en\/#website"},"primaryImageOfPage":{"@id":"https:\/\/www.lassociation.fr\/en\/catalogue\/le-gull-yettin\/#primaryimage"},"image":{"@id":"https:\/\/www.lassociation.fr\/en\/catalogue\/le-gull-yettin\/#primaryimage"},"thumbnailUrl":"https:\/\/www.lassociation.fr\/backoffice\/wp-content\/uploads\/2021\/11\/The-Gull-Yettin_CouvDEF.jpg","datePublished":"2021-11-09T15:11:40+00:00","dateModified":"2026-01-22T10:39:33+00:00","breadcrumb":{"@id":"https:\/\/www.lassociation.fr\/en\/catalogue\/le-gull-yettin\/#breadcrumb"},"inLanguage":"en-US","potentialAction":[{"@type":"ReadAction","target":["https:\/\/www.lassociation.fr\/en\/catalogue\/le-gull-yettin\/"]}]},{"@type":"ImageObject","inLanguage":"en-US","@id":"https:\/\/www.lassociation.fr\/en\/catalogue\/le-gull-yettin\/#primaryimage","url":"https:\/\/www.lassociation.fr\/backoffice\/wp-content\/uploads\/2021\/11\/The-Gull-Yettin_CouvDEF.jpg","contentUrl":"https:\/\/www.lassociation.fr\/backoffice\/wp-content\/uploads\/2021\/11\/The-Gull-Yettin_CouvDEF.jpg","width":1634,"height":2269},{"@type":"BreadcrumbList","@id":"https:\/\/www.lassociation.fr\/en\/catalogue\/le-gull-yettin\/#breadcrumb","itemListElement":[{"@type":"ListItem","position":1,"name":"Accueil","item":"https:\/\/www.lassociation.fr\/en\/"},{"@type":"ListItem","position":2,"name":"Catalog","item":"https:\/\/www.lassociation.fr\/en\/catalogue\/"},{"@type":"ListItem","position":3,"name":"Gull Yettin (Le)"}]},{"@type":"WebSite","@id":"https:\/\/www.lassociation.fr\/en\/#website","url":"https:\/\/www.lassociation.fr\/en\/","name":"L\u2019Association","description":"Maison d\u2019\u00e9dition fran\u00e7aise de bande dessin\u00e9e, fond\u00e9e en 1990.","publisher":{"@id":"https:\/\/www.lassociation.fr\/en\/#organization"},"potentialAction":[{"@type":"SearchAction","target":{"@type":"EntryPoint","urlTemplate":"https:\/\/www.lassociation.fr\/en\/?s={search_term_string}"},"query-input":{"@type":"PropertyValueSpecification","valueRequired":true,"valueName":"search_term_string"}}],"inLanguage":"en-US"},{"@type":"Organization","@id":"https:\/\/www.lassociation.fr\/en\/#organization","name":"L\u2019Association","url":"https:\/\/www.lassociation.fr\/en\/","logo":{"@type":"ImageObject","inLanguage":"en-US","@id":"https:\/\/www.lassociation.fr\/en\/#\/schema\/logo\/image\/","url":"https:\/\/www.lassociation.fr\/backoffice\/wp-content\/uploads\/2019\/11\/asso_large.png","contentUrl":"https:\/\/www.lassociation.fr\/backoffice\/wp-content\/uploads\/2019\/11\/asso_large.png","width":1200,"height":630,"caption":"L\u2019Association"},"image":{"@id":"https:\/\/www.lassociation.fr\/en\/#\/schema\/logo\/image\/"},"sameAs":["https:\/\/www.facebook.com\/lhydrelasso\/","https:\/\/x.com\/lassociation","https:\/\/www.instagram.com\/editions_lassociation","https:\/\/fr.wikipedia.org\/wiki\/LAssociation","https:\/\/www.youtube.com\/@editions_lassociation"]}]}},"_links":{"self":[{"href":"https:\/\/www.lassociation.fr\/en\/wp-json\/wp\/v2\/product\/19761","targetHints":{"allow":["GET"]}}],"collection":[{"href":"https:\/\/www.lassociation.fr\/en\/wp-json\/wp\/v2\/product"}],"about":[{"href":"https:\/\/www.lassociation.fr\/en\/wp-json\/wp\/v2\/types\/product"}],"wp:featuredmedia":[{"embeddable":true,"href":"https:\/\/www.lassociation.fr\/en\/wp-json\/wp\/v2\/media\/19762"}],"wp:attachment":[{"href":"https:\/\/www.lassociation.fr\/en\/wp-json\/wp\/v2\/media?parent=19761"}],"wp:term":[{"taxonomy":"product_cat","embeddable":true,"href":"https:\/\/www.lassociation.fr\/en\/wp-json\/wp\/v2\/product_cat?post=19761"},{"taxonomy":"product_tag","embeddable":true,"href":"https:\/\/www.lassociation.fr\/en\/wp-json\/wp\/v2\/product_tag?post=19761"}],"curies":[{"name":"wp","href":"https:\/\/api.w.org\/{rel}","templated":true}]}}