{"id":19919,"date":"2021-11-19T16:35:23","date_gmt":"2021-11-19T15:35:23","guid":{"rendered":"https:\/\/www.lassociation.fr\/?post_type=product&#038;p=19919"},"modified":"2026-01-22T11:39:33","modified_gmt":"2026-01-22T10:39:33","slug":"le-pre-aux-moutons","status":"publish","type":"product","link":"https:\/\/www.lassociation.fr\/en\/catalogue\/le-pre-aux-moutons\/","title":{"rendered":"Pr\u00e9 aux moutons (Le)"},"content":{"rendered":"<p>Tof\u00e9pi quitte le cabanon qu\u2019il habite au fond du jardin de ses parents pour s\u2019installer dans un bled \u00e0 30 kilom\u00e8tres de chez eux. Il vit d\u00e9sormais seul et s\u2019adonne compl\u00e8tement \u00e0 la bande dessin\u00e9e. D\u00e9roulant les anecdotes am\u00e8res et cocasses, il \u00e9voque l\u2019exigu\u00eft\u00e9 et la froideur de son nouveau chez-lui, sa vie sociale limit\u00e9e, ses exp\u00e9riences rat\u00e9es de sourcier ou encore la routine qu\u2019il s\u2019impose afin de ne pas perdre pied. Mais heureusement, il y a les moments de gr\u00e2ce que le dessin lui procure. Ainsi, malgr\u00e9 la grisaille de ce quotidien solitaire, il se r\u00e9jouit\u00a0: c\u2019est le panard, il peut vivoter de la bande dessin\u00e9e.<\/p>\n<p>Apr\u00e8s <em>Le gars d\u2019Hebdo<\/em> (2020), dans lequel il \u00e9voque son retour chez ses parents et son boulot de reporter pour un journal local, et <em>Desh<\/em> (2018), o\u00f9 il d\u00e9crit son voyage dans le sous-continent indien et ses espoirs d\u2019un nouveau d\u00e9part, <a href=\"https:\/\/www.lassociation.fr\/auteur\/tofepi\/\">Tof\u00e9pi<\/a> poursuit le r\u00e9cit bucolico-m\u00e9lancolique de sa vie de dessinateur bien d\u00e9termin\u00e9 \u00e0 vivre pour son art.<\/p>\n","protected":false},"excerpt":{"rendered":"<p>Tof\u00e9pi quitte le cabanon qu\u2019il habite au fond du jardin de ses parents pour s\u2019installer dans un bled \u00e0 30 kilom\u00e8tres de chez eux. Il vit d\u00e9sormais seul et s\u2019adonne compl\u00e8tement \u00e0 la bande dessin\u00e9e. D\u00e9roulant les anecdotes am\u00e8res et cocasses, il \u00e9voque l\u2019exigu\u00eft\u00e9 et la froideur de son nouveau chez-lui, sa vie sociale limit\u00e9e, [&hellip;]<\/p>\n","protected":false},"featured_media":19920,"template":"","meta":{"_acf_changed":false},"product_cat":[41],"product_tag":[],"class_list":{"0":"post-19919","1":"product","2":"type-product","3":"status-publish","4":"has-post-thumbnail","6":"product_cat-ciboulette","7":"member-discount","8":"discount-restricted","10":"first","11":"instock","12":"taxable","13":"shipping-taxable","14":"purchasable","15":"product-type-simple"},"acf":[],"yoast_head":"<title>Pr\u00e9 aux moutons (Le) - L\u2019Association<\/title>\n<meta name=\"robots\" content=\"index, follow, max-snippet:-1, max-image-preview:large, max-video-preview:-1\" \/>\n<link rel=\"canonical\" href=\"https:\/\/www.lassociation.fr\/en\/catalogue\/le-pre-aux-moutons\/\" \/>\n<meta property=\"og:locale\" content=\"en_US\" \/>\n<meta property=\"og:type\" content=\"article\" \/>\n<meta property=\"og:title\" content=\"Pr\u00e9 aux moutons (Le) - L\u2019Association\" \/>\n<meta property=\"og:description\" content=\"Tof\u00e9pi quitte le cabanon qu\u2019il habite au fond du jardin de ses parents pour s\u2019installer dans un bled \u00e0 30 kilom\u00e8tres de chez eux. Il vit d\u00e9sormais seul et s\u2019adonne compl\u00e8tement \u00e0 la bande dessin\u00e9e. D\u00e9roulant les anecdotes am\u00e8res et cocasses, il \u00e9voque l\u2019exigu\u00eft\u00e9 et la froideur de son nouveau chez-lui, sa vie sociale limit\u00e9e, [&hellip;]\" \/>\n<meta property=\"og:url\" content=\"https:\/\/www.lassociation.fr\/en\/catalogue\/le-pre-aux-moutons\/\" \/>\n<meta property=\"og:site_name\" content=\"L\u2019Association\" \/>\n<meta property=\"article:publisher\" content=\"https:\/\/www.facebook.com\/lhydrelasso\/\" \/>\n<meta property=\"article:modified_time\" content=\"2026-01-22T10:39:33+00:00\" \/>\n<meta property=\"og:image\" content=\"https:\/\/www.lassociation.fr\/backoffice\/wp-content\/uploads\/2021\/11\/PreAuxMoutons_precouv-scaled.jpg\" \/>\n\t<meta property=\"og:image:width\" content=\"1724\" \/>\n\t<meta property=\"og:image:height\" content=\"2560\" \/>\n\t<meta property=\"og:image:type\" content=\"image\/jpeg\" \/>\n<meta name=\"twitter:card\" content=\"summary_large_image\" \/>\n<meta name=\"twitter:site\" content=\"@lassociation\" \/>\n<script type=\"application\/ld+json\" class=\"yoast-schema-graph\">{\"@context\":\"https:\\\/\\\/schema.org\",\"@graph\":[{\"@type\":\"WebPage\",\"@id\":\"https:\\\/\\\/www.lassociation.fr\\\/en\\\/catalogue\\\/le-pre-aux-moutons\\\/\",\"url\":\"https:\\\/\\\/www.lassociation.fr\\\/en\\\/catalogue\\\/le-pre-aux-moutons\\\/\",\"name\":\"Pr\u00e9 aux moutons (Le) - L\u2019Association\",\"isPartOf\":{\"@id\":\"https:\\\/\\\/www.lassociation.fr\\\/en\\\/#website\"},\"primaryImageOfPage\":{\"@id\":\"https:\\\/\\\/www.lassociation.fr\\\/en\\\/catalogue\\\/le-pre-aux-moutons\\\/#primaryimage\"},\"image\":{\"@id\":\"https:\\\/\\\/www.lassociation.fr\\\/en\\\/catalogue\\\/le-pre-aux-moutons\\\/#primaryimage\"},\"thumbnailUrl\":\"https:\\\/\\\/www.lassociation.fr\\\/backoffice\\\/wp-content\\\/uploads\\\/2021\\\/11\\\/PreAuxMoutons_precouv-scaled.jpg\",\"datePublished\":\"2021-11-19T15:35:23+00:00\",\"dateModified\":\"2026-01-22T10:39:33+00:00\",\"breadcrumb\":{\"@id\":\"https:\\\/\\\/www.lassociation.fr\\\/en\\\/catalogue\\\/le-pre-aux-moutons\\\/#breadcrumb\"},\"inLanguage\":\"en-US\",\"potentialAction\":[{\"@type\":\"ReadAction\",\"target\":[\"https:\\\/\\\/www.lassociation.fr\\\/en\\\/catalogue\\\/le-pre-aux-moutons\\\/\"]}]},{\"@type\":\"ImageObject\",\"inLanguage\":\"en-US\",\"@id\":\"https:\\\/\\\/www.lassociation.fr\\\/en\\\/catalogue\\\/le-pre-aux-moutons\\\/#primaryimage\",\"url\":\"https:\\\/\\\/www.lassociation.fr\\\/backoffice\\\/wp-content\\\/uploads\\\/2021\\\/11\\\/PreAuxMoutons_precouv-scaled.jpg\",\"contentUrl\":\"https:\\\/\\\/www.lassociation.fr\\\/backoffice\\\/wp-content\\\/uploads\\\/2021\\\/11\\\/PreAuxMoutons_precouv-scaled.jpg\",\"width\":1724,\"height\":2560},{\"@type\":\"BreadcrumbList\",\"@id\":\"https:\\\/\\\/www.lassociation.fr\\\/en\\\/catalogue\\\/le-pre-aux-moutons\\\/#breadcrumb\",\"itemListElement\":[{\"@type\":\"ListItem\",\"position\":1,\"name\":\"Accueil\",\"item\":\"https:\\\/\\\/www.lassociation.fr\\\/en\\\/\"},{\"@type\":\"ListItem\",\"position\":2,\"name\":\"Catalog\",\"item\":\"https:\\\/\\\/www.lassociation.fr\\\/en\\\/catalogue\\\/\"},{\"@type\":\"ListItem\",\"position\":3,\"name\":\"Pr\u00e9 aux moutons (Le)\"}]},{\"@type\":\"WebSite\",\"@id\":\"https:\\\/\\\/www.lassociation.fr\\\/en\\\/#website\",\"url\":\"https:\\\/\\\/www.lassociation.fr\\\/en\\\/\",\"name\":\"L\u2019Association\",\"description\":\"Maison d\u2019\u00e9dition fran\u00e7aise de bande dessin\u00e9e, fond\u00e9e en 1990.\",\"publisher\":{\"@id\":\"https:\\\/\\\/www.lassociation.fr\\\/en\\\/#organization\"},\"potentialAction\":[{\"@type\":\"SearchAction\",\"target\":{\"@type\":\"EntryPoint\",\"urlTemplate\":\"https:\\\/\\\/www.lassociation.fr\\\/en\\\/?s={search_term_string}\"},\"query-input\":{\"@type\":\"PropertyValueSpecification\",\"valueRequired\":true,\"valueName\":\"search_term_string\"}}],\"inLanguage\":\"en-US\"},{\"@type\":\"Organization\",\"@id\":\"https:\\\/\\\/www.lassociation.fr\\\/en\\\/#organization\",\"name\":\"L\u2019Association\",\"url\":\"https:\\\/\\\/www.lassociation.fr\\\/en\\\/\",\"logo\":{\"@type\":\"ImageObject\",\"inLanguage\":\"en-US\",\"@id\":\"https:\\\/\\\/www.lassociation.fr\\\/en\\\/#\\\/schema\\\/logo\\\/image\\\/\",\"url\":\"https:\\\/\\\/www.lassociation.fr\\\/backoffice\\\/wp-content\\\/uploads\\\/2019\\\/11\\\/asso_large.png\",\"contentUrl\":\"https:\\\/\\\/www.lassociation.fr\\\/backoffice\\\/wp-content\\\/uploads\\\/2019\\\/11\\\/asso_large.png\",\"width\":1200,\"height\":630,\"caption\":\"L\u2019Association\"},\"image\":{\"@id\":\"https:\\\/\\\/www.lassociation.fr\\\/en\\\/#\\\/schema\\\/logo\\\/image\\\/\"},\"sameAs\":[\"https:\\\/\\\/www.facebook.com\\\/lhydrelasso\\\/\",\"https:\\\/\\\/x.com\\\/lassociation\",\"https:\\\/\\\/www.instagram.com\\\/editions_lassociation\",\"https:\\\/\\\/fr.wikipedia.org\\\/wiki\\\/LAssociation\",\"https:\\\/\\\/www.youtube.com\\\/@editions_lassociation\"]}]}<\/script>","yoast_head_json":{"title":"Pr\u00e9 aux moutons (Le) - L\u2019Association","robots":{"index":"index","follow":"follow","max-snippet":"max-snippet:-1","max-image-preview":"max-image-preview:large","max-video-preview":"max-video-preview:-1"},"canonical":"https:\/\/www.lassociation.fr\/en\/catalogue\/le-pre-aux-moutons\/","og_locale":"en_US","og_type":"article","og_title":"Pr\u00e9 aux moutons (Le) - L\u2019Association","og_description":"Tof\u00e9pi quitte le cabanon qu\u2019il habite au fond du jardin de ses parents pour s\u2019installer dans un bled \u00e0 30 kilom\u00e8tres de chez eux. Il vit d\u00e9sormais seul et s\u2019adonne compl\u00e8tement \u00e0 la bande dessin\u00e9e. D\u00e9roulant les anecdotes am\u00e8res et cocasses, il \u00e9voque l\u2019exigu\u00eft\u00e9 et la froideur de son nouveau chez-lui, sa vie sociale limit\u00e9e, [&hellip;]","og_url":"https:\/\/www.lassociation.fr\/en\/catalogue\/le-pre-aux-moutons\/","og_site_name":"L\u2019Association","article_publisher":"https:\/\/www.facebook.com\/lhydrelasso\/","article_modified_time":"2026-01-22T10:39:33+00:00","og_image":[{"width":1724,"height":2560,"url":"https:\/\/www.lassociation.fr\/backoffice\/wp-content\/uploads\/2021\/11\/PreAuxMoutons_precouv-scaled.jpg","type":"image\/jpeg"}],"twitter_card":"summary_large_image","twitter_site":"@lassociation","schema":{"@context":"https:\/\/schema.org","@graph":[{"@type":"WebPage","@id":"https:\/\/www.lassociation.fr\/en\/catalogue\/le-pre-aux-moutons\/","url":"https:\/\/www.lassociation.fr\/en\/catalogue\/le-pre-aux-moutons\/","name":"Pr\u00e9 aux moutons (Le) - L\u2019Association","isPartOf":{"@id":"https:\/\/www.lassociation.fr\/en\/#website"},"primaryImageOfPage":{"@id":"https:\/\/www.lassociation.fr\/en\/catalogue\/le-pre-aux-moutons\/#primaryimage"},"image":{"@id":"https:\/\/www.lassociation.fr\/en\/catalogue\/le-pre-aux-moutons\/#primaryimage"},"thumbnailUrl":"https:\/\/www.lassociation.fr\/backoffice\/wp-content\/uploads\/2021\/11\/PreAuxMoutons_precouv-scaled.jpg","datePublished":"2021-11-19T15:35:23+00:00","dateModified":"2026-01-22T10:39:33+00:00","breadcrumb":{"@id":"https:\/\/www.lassociation.fr\/en\/catalogue\/le-pre-aux-moutons\/#breadcrumb"},"inLanguage":"en-US","potentialAction":[{"@type":"ReadAction","target":["https:\/\/www.lassociation.fr\/en\/catalogue\/le-pre-aux-moutons\/"]}]},{"@type":"ImageObject","inLanguage":"en-US","@id":"https:\/\/www.lassociation.fr\/en\/catalogue\/le-pre-aux-moutons\/#primaryimage","url":"https:\/\/www.lassociation.fr\/backoffice\/wp-content\/uploads\/2021\/11\/PreAuxMoutons_precouv-scaled.jpg","contentUrl":"https:\/\/www.lassociation.fr\/backoffice\/wp-content\/uploads\/2021\/11\/PreAuxMoutons_precouv-scaled.jpg","width":1724,"height":2560},{"@type":"BreadcrumbList","@id":"https:\/\/www.lassociation.fr\/en\/catalogue\/le-pre-aux-moutons\/#breadcrumb","itemListElement":[{"@type":"ListItem","position":1,"name":"Accueil","item":"https:\/\/www.lassociation.fr\/en\/"},{"@type":"ListItem","position":2,"name":"Catalog","item":"https:\/\/www.lassociation.fr\/en\/catalogue\/"},{"@type":"ListItem","position":3,"name":"Pr\u00e9 aux moutons (Le)"}]},{"@type":"WebSite","@id":"https:\/\/www.lassociation.fr\/en\/#website","url":"https:\/\/www.lassociation.fr\/en\/","name":"L\u2019Association","description":"Maison d\u2019\u00e9dition fran\u00e7aise de bande dessin\u00e9e, fond\u00e9e en 1990.","publisher":{"@id":"https:\/\/www.lassociation.fr\/en\/#organization"},"potentialAction":[{"@type":"SearchAction","target":{"@type":"EntryPoint","urlTemplate":"https:\/\/www.lassociation.fr\/en\/?s={search_term_string}"},"query-input":{"@type":"PropertyValueSpecification","valueRequired":true,"valueName":"search_term_string"}}],"inLanguage":"en-US"},{"@type":"Organization","@id":"https:\/\/www.lassociation.fr\/en\/#organization","name":"L\u2019Association","url":"https:\/\/www.lassociation.fr\/en\/","logo":{"@type":"ImageObject","inLanguage":"en-US","@id":"https:\/\/www.lassociation.fr\/en\/#\/schema\/logo\/image\/","url":"https:\/\/www.lassociation.fr\/backoffice\/wp-content\/uploads\/2019\/11\/asso_large.png","contentUrl":"https:\/\/www.lassociation.fr\/backoffice\/wp-content\/uploads\/2019\/11\/asso_large.png","width":1200,"height":630,"caption":"L\u2019Association"},"image":{"@id":"https:\/\/www.lassociation.fr\/en\/#\/schema\/logo\/image\/"},"sameAs":["https:\/\/www.facebook.com\/lhydrelasso\/","https:\/\/x.com\/lassociation","https:\/\/www.instagram.com\/editions_lassociation","https:\/\/fr.wikipedia.org\/wiki\/LAssociation","https:\/\/www.youtube.com\/@editions_lassociation"]}]}},"_links":{"self":[{"href":"https:\/\/www.lassociation.fr\/en\/wp-json\/wp\/v2\/product\/19919","targetHints":{"allow":["GET"]}}],"collection":[{"href":"https:\/\/www.lassociation.fr\/en\/wp-json\/wp\/v2\/product"}],"about":[{"href":"https:\/\/www.lassociation.fr\/en\/wp-json\/wp\/v2\/types\/product"}],"wp:featuredmedia":[{"embeddable":true,"href":"https:\/\/www.lassociation.fr\/en\/wp-json\/wp\/v2\/media\/19920"}],"wp:attachment":[{"href":"https:\/\/www.lassociation.fr\/en\/wp-json\/wp\/v2\/media?parent=19919"}],"wp:term":[{"taxonomy":"product_cat","embeddable":true,"href":"https:\/\/www.lassociation.fr\/en\/wp-json\/wp\/v2\/product_cat?post=19919"},{"taxonomy":"product_tag","embeddable":true,"href":"https:\/\/www.lassociation.fr\/en\/wp-json\/wp\/v2\/product_tag?post=19919"}],"curies":[{"name":"wp","href":"https:\/\/api.w.org\/{rel}","templated":true}]}}