{"id":20269,"date":"1999-12-12T00:12:28","date_gmt":"1999-12-11T23:12:28","guid":{"rendered":"https:\/\/www.lassociation.fr\/?post_type=product&#038;p=20269"},"modified":"2026-01-22T11:39:33","modified_gmt":"2026-01-22T10:39:33","slug":"comix-2000","status":"publish","type":"product","link":"https:\/\/www.lassociation.fr\/en\/catalogue\/comix-2000\/","title":{"rendered":"Comix 2000"},"content":{"rendered":"<p><em>Comix 2000<\/em> est un album de bandes dessin\u00e9es muettes de 2000 pages, dessin\u00e9 par 324 auteurs de 29 pays diff\u00e9rents \u00e0 l&#8217;occasion du passage \u00e0 l\u2019an 2000.<\/p>\n<p>Dario Adanti, Kalah Allen, Suzy Amakane, Ambre, Andreas, Anne-Fred, Craig Au Yeung Ying Chai, Diego Aranega, Aur\u00e9lia Aurita, Popay Ayguavives, Rafaele Bacchetta, Fred Belonie, Olle Berg, Nick Bertozzi, Brian Biggs, Clement Bikao, Paz Bo\u00efra, David Bolvin, Simon Boss\u00e9, Mat Brinkman, L\u00e6titia Brochier, Max Cachimba, Julio Caetano, Calpurnio, Jean-Fran\u00e7ois Caritte, R\u00e9my Cattelain, G\u00e9raldine Cavalli, Jean-Christophe Chauzy, Mariana Chiesa Mateos, Lee Chihoi, David Collier, Greg Cook, Marco Corona, \u00c9tienne Davodeau, Fr\u00e9d\u00e9ric de Broutelles, Jan-Willem de Vries, Jean-Philippe Delhomme, Mike Diana, Ga\u00ebtan Dor\u00e9mus, Boyan Drenec, Charles Dutertre, Edith, Mauro Entrialgo, Yann Fastier, Faujour, Ester Ferrandiz, Feuchtenbergerowa, Alex Fito, Sylvie Fontaine, \u00c9mile Franc, Frankyravi, Fredox, Ursula F\u00fcrst, G.G., G\u00e9rard Gaillard, Line Gamache, Philippe Gerbaud, Grabowski, Julie Graux, Guillaume Guerse, Aur\u00e9lie Guillerey, Thierry Guitard, Kazuichi Hanawa, Maaike Hartjes, Mark Hendriks, William Henne, Manolo Hidalgo, Hideshi Hino, Milan Hulsing, Ivang, Caroline Jaegy, Adam Jamieson, Jason, Brad Johnson, Joisson Philippe, Louis Joos, Jos\u00e9p\u00e9, Juanjo el R\u00e1pido, Kafka, Kakouwo, Hyuna Kang, Megan Kelso, Hironori Kikuchi, Patrice Kamel Khalif, Chris Knox, James Kochalka, Kohell, Yoshihiro Koizumi, Kati Kov\u00e1cs, Erik Kriek, Krystine Kryttre, La Sofrocogedec, \u00c9ric Lamb\u00e9, Sergio Langer, Roger Langdridge, Chris Lanier, Manu Larcenet, Karel Lauwers, Lauz\u00e1n, Yannick Lecoeur, Sandrine Lemoult, L\u00e9o, H\u00e5kan Lindgren, Linhart, Liniers, Xavier L\u00f6wenthal, Lubie, Maximiliano Luchini, M. Culbuto, Markus, Pauline Martin, G\u00e9rard Marty, Mathis, Mats?!, Micha\u00ebl Matthys, Pierre Maurel, Mazan, Mezzo, Sasha Mihajlovich, Mika, Mimi, Ricardo Mosner, Hideyasu Moto, Lillian Mousli, Mutis, Nash, Neurone Pip\u00e9ro, Carlos Nine, Nicoulaud, Hans Nissen, Nuvish, Terhi Numminen, Okuda Robot, Olaf, Javier Olivares, Annmari Olsson, Pierre Ouin, P.Gui, Pajak, Pascal, Pepe Farruqo, Jean-Michel Perrin, Renaud Perrin, Ethan Persoff, Lorenz Peter, Phil, Marc Pichelin, Elenio Pico, Michel Pirus, Fr\u00e9d\u00e9ric Poincelet, Carlos Portela, Brian Ralph, Claire, Ron Reg\u00e9, Jr., Sandrine Revel, Stefano Ricci, Fabrice Rivi\u00e8re, Jenni Rope, Marcel Ruijters, David Sandlin, Sanghon, Pablo Sapia, Lorenzo Sartori, Bart Schoofs, G\u00e9raldine Servais, Tamir Shefer, Natacha Sicaud, Allan Sieber, R. Sikoryak, Siris, Ted Stearn, Richard Suicide, Mathew Tait, Alfonso Tamayo, TG, Antonella Toffolo, Esteban Tolj, Tomasz Tomaszewski, Rick Trembles, Typex, Ulf K, Rod\u00e9ric Valambois, Valkeap\u00e4\u00e4, Stefan J. H. van Dinther, Peter Guido van Driel, Jean-Emmanuel Vermot-Desroches, Laurent Verron, Martin Veyron, Vladimir, Berend J. Vonk, Ben Vranken, Muddy Wehalla, Lorcan White, Skip Williamson, Wostok, Hok Tak Yeung, Yoan, Y\u00fclle, Zanzim Glouton, Danijel Zezelj.<\/p>\n","protected":false},"excerpt":{"rendered":"<p>Comix 2000 est un album de bandes dessin\u00e9es muettes de 2000 pages, dessin\u00e9 par 324 auteurs de 29 pays diff\u00e9rents \u00e0 l&#8217;occasion du passage \u00e0 l\u2019an 2000. Dario Adanti, Kalah Allen, Suzy Amakane, Ambre, Andreas, Anne-Fred, Craig Au Yeung Ying Chai, Diego Aranega, Aur\u00e9lia Aurita, Popay Ayguavives, Rafaele Bacchetta, Fred Belonie, Olle Berg, Nick Bertozzi, [&hellip;]<\/p>\n","protected":false},"featured_media":20270,"template":"","meta":{"_acf_changed":false},"product_cat":[48],"product_tag":[],"class_list":{"0":"post-20269","1":"product","2":"type-product","3":"status-publish","4":"has-post-thumbnail","6":"product_cat-hors-collection","7":"member-discount","8":"discount-restricted","10":"first","11":"outofstock","12":"taxable","13":"shipping-taxable","14":"product-type-simple"},"acf":[],"yoast_head":"<title>Comix 2000 - L\u2019Association<\/title>\n<meta name=\"robots\" content=\"index, follow, max-snippet:-1, max-image-preview:large, max-video-preview:-1\" \/>\n<link rel=\"canonical\" href=\"https:\/\/www.lassociation.fr\/en\/catalogue\/comix-2000\/\" \/>\n<meta property=\"og:locale\" content=\"en_US\" \/>\n<meta property=\"og:type\" content=\"article\" \/>\n<meta property=\"og:title\" content=\"Comix 2000 - L\u2019Association\" \/>\n<meta property=\"og:description\" content=\"Comix 2000 est un album de bandes dessin\u00e9es muettes de 2000 pages, dessin\u00e9 par 324 auteurs de 29 pays diff\u00e9rents \u00e0 l&#8217;occasion du passage \u00e0 l\u2019an 2000. Dario Adanti, Kalah Allen, Suzy Amakane, Ambre, Andreas, Anne-Fred, Craig Au Yeung Ying Chai, Diego Aranega, Aur\u00e9lia Aurita, Popay Ayguavives, Rafaele Bacchetta, Fred Belonie, Olle Berg, Nick Bertozzi, [&hellip;]\" \/>\n<meta property=\"og:url\" content=\"https:\/\/www.lassociation.fr\/en\/catalogue\/comix-2000\/\" \/>\n<meta property=\"og:site_name\" content=\"L\u2019Association\" \/>\n<meta property=\"article:publisher\" content=\"https:\/\/www.facebook.com\/lhydrelasso\/\" \/>\n<meta property=\"article:modified_time\" content=\"2026-01-22T10:39:33+00:00\" \/>\n<meta property=\"og:image\" content=\"https:\/\/www.lassociation.fr\/backoffice\/wp-content\/uploads\/2022\/01\/HC_2000_couv.jpg\" \/>\n\t<meta property=\"og:image:width\" content=\"974\" \/>\n\t<meta property=\"og:image:height\" content=\"1447\" \/>\n\t<meta property=\"og:image:type\" content=\"image\/jpeg\" \/>\n<meta name=\"twitter:card\" content=\"summary_large_image\" \/>\n<meta name=\"twitter:site\" content=\"@lassociation\" \/>\n<script type=\"application\/ld+json\" class=\"yoast-schema-graph\">{\"@context\":\"https:\\\/\\\/schema.org\",\"@graph\":[{\"@type\":\"WebPage\",\"@id\":\"https:\\\/\\\/www.lassociation.fr\\\/en\\\/catalogue\\\/comix-2000\\\/\",\"url\":\"https:\\\/\\\/www.lassociation.fr\\\/en\\\/catalogue\\\/comix-2000\\\/\",\"name\":\"Comix 2000 - L\u2019Association\",\"isPartOf\":{\"@id\":\"https:\\\/\\\/www.lassociation.fr\\\/en\\\/#website\"},\"primaryImageOfPage\":{\"@id\":\"https:\\\/\\\/www.lassociation.fr\\\/en\\\/catalogue\\\/comix-2000\\\/#primaryimage\"},\"image\":{\"@id\":\"https:\\\/\\\/www.lassociation.fr\\\/en\\\/catalogue\\\/comix-2000\\\/#primaryimage\"},\"thumbnailUrl\":\"https:\\\/\\\/www.lassociation.fr\\\/backoffice\\\/wp-content\\\/uploads\\\/2022\\\/01\\\/HC_2000_couv.jpg\",\"datePublished\":\"1999-12-11T23:12:28+00:00\",\"dateModified\":\"2026-01-22T10:39:33+00:00\",\"breadcrumb\":{\"@id\":\"https:\\\/\\\/www.lassociation.fr\\\/en\\\/catalogue\\\/comix-2000\\\/#breadcrumb\"},\"inLanguage\":\"en-US\",\"potentialAction\":[{\"@type\":\"ReadAction\",\"target\":[\"https:\\\/\\\/www.lassociation.fr\\\/en\\\/catalogue\\\/comix-2000\\\/\"]}]},{\"@type\":\"ImageObject\",\"inLanguage\":\"en-US\",\"@id\":\"https:\\\/\\\/www.lassociation.fr\\\/en\\\/catalogue\\\/comix-2000\\\/#primaryimage\",\"url\":\"https:\\\/\\\/www.lassociation.fr\\\/backoffice\\\/wp-content\\\/uploads\\\/2022\\\/01\\\/HC_2000_couv.jpg\",\"contentUrl\":\"https:\\\/\\\/www.lassociation.fr\\\/backoffice\\\/wp-content\\\/uploads\\\/2022\\\/01\\\/HC_2000_couv.jpg\",\"width\":974,\"height\":1447},{\"@type\":\"BreadcrumbList\",\"@id\":\"https:\\\/\\\/www.lassociation.fr\\\/en\\\/catalogue\\\/comix-2000\\\/#breadcrumb\",\"itemListElement\":[{\"@type\":\"ListItem\",\"position\":1,\"name\":\"Accueil\",\"item\":\"https:\\\/\\\/www.lassociation.fr\\\/en\\\/\"},{\"@type\":\"ListItem\",\"position\":2,\"name\":\"Catalog\",\"item\":\"https:\\\/\\\/www.lassociation.fr\\\/en\\\/catalogue\\\/\"},{\"@type\":\"ListItem\",\"position\":3,\"name\":\"Comix 2000\"}]},{\"@type\":\"WebSite\",\"@id\":\"https:\\\/\\\/www.lassociation.fr\\\/en\\\/#website\",\"url\":\"https:\\\/\\\/www.lassociation.fr\\\/en\\\/\",\"name\":\"L\u2019Association\",\"description\":\"Maison d\u2019\u00e9dition fran\u00e7aise de bande dessin\u00e9e, fond\u00e9e en 1990.\",\"publisher\":{\"@id\":\"https:\\\/\\\/www.lassociation.fr\\\/en\\\/#organization\"},\"potentialAction\":[{\"@type\":\"SearchAction\",\"target\":{\"@type\":\"EntryPoint\",\"urlTemplate\":\"https:\\\/\\\/www.lassociation.fr\\\/en\\\/?s={search_term_string}\"},\"query-input\":{\"@type\":\"PropertyValueSpecification\",\"valueRequired\":true,\"valueName\":\"search_term_string\"}}],\"inLanguage\":\"en-US\"},{\"@type\":\"Organization\",\"@id\":\"https:\\\/\\\/www.lassociation.fr\\\/en\\\/#organization\",\"name\":\"L\u2019Association\",\"url\":\"https:\\\/\\\/www.lassociation.fr\\\/en\\\/\",\"logo\":{\"@type\":\"ImageObject\",\"inLanguage\":\"en-US\",\"@id\":\"https:\\\/\\\/www.lassociation.fr\\\/en\\\/#\\\/schema\\\/logo\\\/image\\\/\",\"url\":\"https:\\\/\\\/www.lassociation.fr\\\/backoffice\\\/wp-content\\\/uploads\\\/2019\\\/11\\\/asso_large.png\",\"contentUrl\":\"https:\\\/\\\/www.lassociation.fr\\\/backoffice\\\/wp-content\\\/uploads\\\/2019\\\/11\\\/asso_large.png\",\"width\":1200,\"height\":630,\"caption\":\"L\u2019Association\"},\"image\":{\"@id\":\"https:\\\/\\\/www.lassociation.fr\\\/en\\\/#\\\/schema\\\/logo\\\/image\\\/\"},\"sameAs\":[\"https:\\\/\\\/www.facebook.com\\\/lhydrelasso\\\/\",\"https:\\\/\\\/x.com\\\/lassociation\",\"https:\\\/\\\/www.instagram.com\\\/editions_lassociation\",\"https:\\\/\\\/fr.wikipedia.org\\\/wiki\\\/LAssociation\",\"https:\\\/\\\/www.youtube.com\\\/@editions_lassociation\"]}]}<\/script>","yoast_head_json":{"title":"Comix 2000 - L\u2019Association","robots":{"index":"index","follow":"follow","max-snippet":"max-snippet:-1","max-image-preview":"max-image-preview:large","max-video-preview":"max-video-preview:-1"},"canonical":"https:\/\/www.lassociation.fr\/en\/catalogue\/comix-2000\/","og_locale":"en_US","og_type":"article","og_title":"Comix 2000 - L\u2019Association","og_description":"Comix 2000 est un album de bandes dessin\u00e9es muettes de 2000 pages, dessin\u00e9 par 324 auteurs de 29 pays diff\u00e9rents \u00e0 l&#8217;occasion du passage \u00e0 l\u2019an 2000. Dario Adanti, Kalah Allen, Suzy Amakane, Ambre, Andreas, Anne-Fred, Craig Au Yeung Ying Chai, Diego Aranega, Aur\u00e9lia Aurita, Popay Ayguavives, Rafaele Bacchetta, Fred Belonie, Olle Berg, Nick Bertozzi, [&hellip;]","og_url":"https:\/\/www.lassociation.fr\/en\/catalogue\/comix-2000\/","og_site_name":"L\u2019Association","article_publisher":"https:\/\/www.facebook.com\/lhydrelasso\/","article_modified_time":"2026-01-22T10:39:33+00:00","og_image":[{"width":974,"height":1447,"url":"https:\/\/www.lassociation.fr\/backoffice\/wp-content\/uploads\/2022\/01\/HC_2000_couv.jpg","type":"image\/jpeg"}],"twitter_card":"summary_large_image","twitter_site":"@lassociation","schema":{"@context":"https:\/\/schema.org","@graph":[{"@type":"WebPage","@id":"https:\/\/www.lassociation.fr\/en\/catalogue\/comix-2000\/","url":"https:\/\/www.lassociation.fr\/en\/catalogue\/comix-2000\/","name":"Comix 2000 - L\u2019Association","isPartOf":{"@id":"https:\/\/www.lassociation.fr\/en\/#website"},"primaryImageOfPage":{"@id":"https:\/\/www.lassociation.fr\/en\/catalogue\/comix-2000\/#primaryimage"},"image":{"@id":"https:\/\/www.lassociation.fr\/en\/catalogue\/comix-2000\/#primaryimage"},"thumbnailUrl":"https:\/\/www.lassociation.fr\/backoffice\/wp-content\/uploads\/2022\/01\/HC_2000_couv.jpg","datePublished":"1999-12-11T23:12:28+00:00","dateModified":"2026-01-22T10:39:33+00:00","breadcrumb":{"@id":"https:\/\/www.lassociation.fr\/en\/catalogue\/comix-2000\/#breadcrumb"},"inLanguage":"en-US","potentialAction":[{"@type":"ReadAction","target":["https:\/\/www.lassociation.fr\/en\/catalogue\/comix-2000\/"]}]},{"@type":"ImageObject","inLanguage":"en-US","@id":"https:\/\/www.lassociation.fr\/en\/catalogue\/comix-2000\/#primaryimage","url":"https:\/\/www.lassociation.fr\/backoffice\/wp-content\/uploads\/2022\/01\/HC_2000_couv.jpg","contentUrl":"https:\/\/www.lassociation.fr\/backoffice\/wp-content\/uploads\/2022\/01\/HC_2000_couv.jpg","width":974,"height":1447},{"@type":"BreadcrumbList","@id":"https:\/\/www.lassociation.fr\/en\/catalogue\/comix-2000\/#breadcrumb","itemListElement":[{"@type":"ListItem","position":1,"name":"Accueil","item":"https:\/\/www.lassociation.fr\/en\/"},{"@type":"ListItem","position":2,"name":"Catalog","item":"https:\/\/www.lassociation.fr\/en\/catalogue\/"},{"@type":"ListItem","position":3,"name":"Comix 2000"}]},{"@type":"WebSite","@id":"https:\/\/www.lassociation.fr\/en\/#website","url":"https:\/\/www.lassociation.fr\/en\/","name":"L\u2019Association","description":"Maison d\u2019\u00e9dition fran\u00e7aise de bande dessin\u00e9e, fond\u00e9e en 1990.","publisher":{"@id":"https:\/\/www.lassociation.fr\/en\/#organization"},"potentialAction":[{"@type":"SearchAction","target":{"@type":"EntryPoint","urlTemplate":"https:\/\/www.lassociation.fr\/en\/?s={search_term_string}"},"query-input":{"@type":"PropertyValueSpecification","valueRequired":true,"valueName":"search_term_string"}}],"inLanguage":"en-US"},{"@type":"Organization","@id":"https:\/\/www.lassociation.fr\/en\/#organization","name":"L\u2019Association","url":"https:\/\/www.lassociation.fr\/en\/","logo":{"@type":"ImageObject","inLanguage":"en-US","@id":"https:\/\/www.lassociation.fr\/en\/#\/schema\/logo\/image\/","url":"https:\/\/www.lassociation.fr\/backoffice\/wp-content\/uploads\/2019\/11\/asso_large.png","contentUrl":"https:\/\/www.lassociation.fr\/backoffice\/wp-content\/uploads\/2019\/11\/asso_large.png","width":1200,"height":630,"caption":"L\u2019Association"},"image":{"@id":"https:\/\/www.lassociation.fr\/en\/#\/schema\/logo\/image\/"},"sameAs":["https:\/\/www.facebook.com\/lhydrelasso\/","https:\/\/x.com\/lassociation","https:\/\/www.instagram.com\/editions_lassociation","https:\/\/fr.wikipedia.org\/wiki\/LAssociation","https:\/\/www.youtube.com\/@editions_lassociation"]}]}},"_links":{"self":[{"href":"https:\/\/www.lassociation.fr\/en\/wp-json\/wp\/v2\/product\/20269","targetHints":{"allow":["GET"]}}],"collection":[{"href":"https:\/\/www.lassociation.fr\/en\/wp-json\/wp\/v2\/product"}],"about":[{"href":"https:\/\/www.lassociation.fr\/en\/wp-json\/wp\/v2\/types\/product"}],"wp:featuredmedia":[{"embeddable":true,"href":"https:\/\/www.lassociation.fr\/en\/wp-json\/wp\/v2\/media\/20270"}],"wp:attachment":[{"href":"https:\/\/www.lassociation.fr\/en\/wp-json\/wp\/v2\/media?parent=20269"}],"wp:term":[{"taxonomy":"product_cat","embeddable":true,"href":"https:\/\/www.lassociation.fr\/en\/wp-json\/wp\/v2\/product_cat?post=20269"},{"taxonomy":"product_tag","embeddable":true,"href":"https:\/\/www.lassociation.fr\/en\/wp-json\/wp\/v2\/product_tag?post=20269"}],"curies":[{"name":"wp","href":"https:\/\/api.w.org\/{rel}","templated":true}]}}