{"id":21168,"date":"2022-04-21T17:02:12","date_gmt":"2022-04-21T15:02:12","guid":{"rendered":"https:\/\/www.lassociation.fr\/?post_type=product&#038;p=21168"},"modified":"2026-02-04T21:56:19","modified_gmt":"2026-02-04T20:56:19","slug":"les-nouvelles-aventures-de-lapinot-tome-6-par-toutatis","status":"publish","type":"product","link":"https:\/\/www.lassociation.fr\/en\/catalogue\/les-nouvelles-aventures-de-lapinot-tome-6-par-toutatis\/","title":{"rendered":"Nouvelles aventures de Lapinot (Les) [Tome 6] Par Toutatis"},"content":{"rendered":"<p>Quand Lapinot se r\u00e9veille en pleine for\u00eat, il n\u2019en croit ni ses yeux ni ses oreilles\u2026 un gros bonhomme, v\u00eatu de braies bleues et blanches et affubl\u00e9 d\u2019un casque l\u2019apostrophe\u00a0: \u00ab\u00a0Ast\u00e9rix\u00a0!\u00a0\u00bb. Lapinot, incr\u00e9dule, laisse ce curieux personnage en plan et poursuit son chemin. Une malencontreuse rencontre avec une patrouille romaine puis les soins donn\u00e9s par Panoramix \u2013 qui \u00e9videmment, lui fait boire de la potion magique \u2013 ach\u00e8vent de le convaincre\u00a0: il semble bien qu\u2019il ait \u00e9t\u00e9 t\u00e9l\u00e9port\u00e9 chez les irr\u00e9ductibles Gaulois. Et bizarrement, m\u00eame Toutatis est de la partie\u00a0!<\/p>\n","protected":false},"excerpt":{"rendered":"<p>Quand Lapinot se r\u00e9veille en pleine for\u00eat, il n\u2019en croit ni ses yeux ni ses oreilles\u2026 un gros bonhomme, v\u00eatu de braies bleues et blanches et affubl\u00e9 d\u2019un casque l\u2019apostrophe\u00a0: \u00ab\u00a0Ast\u00e9rix\u00a0!\u00a0\u00bb. Lapinot, incr\u00e9dule, laisse ce curieux personnage en plan et poursuit son chemin. Une malencontreuse rencontre avec une patrouille romaine puis les soins donn\u00e9s par [&hellip;]<\/p>\n","protected":false},"featured_media":21169,"template":"","meta":{"_acf_changed":false},"product_cat":[51],"product_tag":[],"class_list":{"0":"post-21168","1":"product","2":"type-product","3":"status-publish","4":"has-post-thumbnail","6":"product_cat-48cc","7":"member-discount","8":"discount-restricted","10":"first","11":"instock","12":"taxable","13":"shipping-taxable","14":"purchasable","15":"product-type-simple"},"acf":[],"yoast_head":"<title>Nouvelles aventures de Lapinot (Les) [Tome 6] Par Toutatis - L\u2019Association<\/title>\n<meta name=\"robots\" content=\"index, follow, max-snippet:-1, max-image-preview:large, max-video-preview:-1\" \/>\n<link rel=\"canonical\" href=\"https:\/\/www.lassociation.fr\/en\/catalogue\/les-nouvelles-aventures-de-lapinot-tome-6-par-toutatis\/\" \/>\n<meta property=\"og:locale\" content=\"en_US\" \/>\n<meta property=\"og:type\" content=\"article\" \/>\n<meta property=\"og:title\" content=\"Nouvelles aventures de Lapinot (Les) [Tome 6] Par Toutatis - L\u2019Association\" \/>\n<meta property=\"og:description\" content=\"Quand Lapinot se r\u00e9veille en pleine for\u00eat, il n\u2019en croit ni ses yeux ni ses oreilles\u2026 un gros bonhomme, v\u00eatu de braies bleues et blanches et affubl\u00e9 d\u2019un casque l\u2019apostrophe\u00a0: \u00ab\u00a0Ast\u00e9rix\u00a0!\u00a0\u00bb. Lapinot, incr\u00e9dule, laisse ce curieux personnage en plan et poursuit son chemin. Une malencontreuse rencontre avec une patrouille romaine puis les soins donn\u00e9s par [&hellip;]\" \/>\n<meta property=\"og:url\" content=\"https:\/\/www.lassociation.fr\/en\/catalogue\/les-nouvelles-aventures-de-lapinot-tome-6-par-toutatis\/\" \/>\n<meta property=\"og:site_name\" content=\"L\u2019Association\" \/>\n<meta property=\"article:publisher\" content=\"https:\/\/www.facebook.com\/lhydrelasso\/\" \/>\n<meta property=\"article:modified_time\" content=\"2026-02-04T20:56:19+00:00\" \/>\n<meta property=\"og:image\" content=\"https:\/\/www.lassociation.fr\/backoffice\/wp-content\/uploads\/2022\/04\/LAPINOT6_48cc_couv_AvecSticker.jpg\" \/>\n\t<meta property=\"og:image:width\" content=\"764\" \/>\n\t<meta property=\"og:image:height\" content=\"1000\" \/>\n\t<meta property=\"og:image:type\" content=\"image\/jpeg\" \/>\n<meta name=\"twitter:card\" content=\"summary_large_image\" \/>\n<meta name=\"twitter:site\" content=\"@lassociation\" \/>\n<script type=\"application\/ld+json\" class=\"yoast-schema-graph\">{\"@context\":\"https:\\\/\\\/schema.org\",\"@graph\":[{\"@type\":\"WebPage\",\"@id\":\"https:\\\/\\\/www.lassociation.fr\\\/en\\\/catalogue\\\/les-nouvelles-aventures-de-lapinot-tome-6-par-toutatis\\\/\",\"url\":\"https:\\\/\\\/www.lassociation.fr\\\/en\\\/catalogue\\\/les-nouvelles-aventures-de-lapinot-tome-6-par-toutatis\\\/\",\"name\":\"Nouvelles aventures de Lapinot (Les) [Tome 6] Par Toutatis - L\u2019Association\",\"isPartOf\":{\"@id\":\"https:\\\/\\\/www.lassociation.fr\\\/en\\\/#website\"},\"primaryImageOfPage\":{\"@id\":\"https:\\\/\\\/www.lassociation.fr\\\/en\\\/catalogue\\\/les-nouvelles-aventures-de-lapinot-tome-6-par-toutatis\\\/#primaryimage\"},\"image\":{\"@id\":\"https:\\\/\\\/www.lassociation.fr\\\/en\\\/catalogue\\\/les-nouvelles-aventures-de-lapinot-tome-6-par-toutatis\\\/#primaryimage\"},\"thumbnailUrl\":\"https:\\\/\\\/www.lassociation.fr\\\/backoffice\\\/wp-content\\\/uploads\\\/2022\\\/04\\\/LAPINOT6_48cc_couv_AvecSticker.jpg\",\"datePublished\":\"2022-04-21T15:02:12+00:00\",\"dateModified\":\"2026-02-04T20:56:19+00:00\",\"breadcrumb\":{\"@id\":\"https:\\\/\\\/www.lassociation.fr\\\/en\\\/catalogue\\\/les-nouvelles-aventures-de-lapinot-tome-6-par-toutatis\\\/#breadcrumb\"},\"inLanguage\":\"en-US\",\"potentialAction\":[{\"@type\":\"ReadAction\",\"target\":[\"https:\\\/\\\/www.lassociation.fr\\\/en\\\/catalogue\\\/les-nouvelles-aventures-de-lapinot-tome-6-par-toutatis\\\/\"]}]},{\"@type\":\"ImageObject\",\"inLanguage\":\"en-US\",\"@id\":\"https:\\\/\\\/www.lassociation.fr\\\/en\\\/catalogue\\\/les-nouvelles-aventures-de-lapinot-tome-6-par-toutatis\\\/#primaryimage\",\"url\":\"https:\\\/\\\/www.lassociation.fr\\\/backoffice\\\/wp-content\\\/uploads\\\/2022\\\/04\\\/LAPINOT6_48cc_couv_AvecSticker.jpg\",\"contentUrl\":\"https:\\\/\\\/www.lassociation.fr\\\/backoffice\\\/wp-content\\\/uploads\\\/2022\\\/04\\\/LAPINOT6_48cc_couv_AvecSticker.jpg\",\"width\":764,\"height\":1000},{\"@type\":\"BreadcrumbList\",\"@id\":\"https:\\\/\\\/www.lassociation.fr\\\/en\\\/catalogue\\\/les-nouvelles-aventures-de-lapinot-tome-6-par-toutatis\\\/#breadcrumb\",\"itemListElement\":[{\"@type\":\"ListItem\",\"position\":1,\"name\":\"Accueil\",\"item\":\"https:\\\/\\\/www.lassociation.fr\\\/en\\\/\"},{\"@type\":\"ListItem\",\"position\":2,\"name\":\"Catalog\",\"item\":\"https:\\\/\\\/www.lassociation.fr\\\/en\\\/catalogue\\\/\"},{\"@type\":\"ListItem\",\"position\":3,\"name\":\"Nouvelles aventures de Lapinot (Les) [Tome 6] Par Toutatis\"}]},{\"@type\":\"WebSite\",\"@id\":\"https:\\\/\\\/www.lassociation.fr\\\/en\\\/#website\",\"url\":\"https:\\\/\\\/www.lassociation.fr\\\/en\\\/\",\"name\":\"L\u2019Association\",\"description\":\"Maison d\u2019\u00e9dition fran\u00e7aise de bande dessin\u00e9e, fond\u00e9e en 1990.\",\"publisher\":{\"@id\":\"https:\\\/\\\/www.lassociation.fr\\\/en\\\/#organization\"},\"potentialAction\":[{\"@type\":\"SearchAction\",\"target\":{\"@type\":\"EntryPoint\",\"urlTemplate\":\"https:\\\/\\\/www.lassociation.fr\\\/en\\\/?s={search_term_string}\"},\"query-input\":{\"@type\":\"PropertyValueSpecification\",\"valueRequired\":true,\"valueName\":\"search_term_string\"}}],\"inLanguage\":\"en-US\"},{\"@type\":\"Organization\",\"@id\":\"https:\\\/\\\/www.lassociation.fr\\\/en\\\/#organization\",\"name\":\"L\u2019Association\",\"url\":\"https:\\\/\\\/www.lassociation.fr\\\/en\\\/\",\"logo\":{\"@type\":\"ImageObject\",\"inLanguage\":\"en-US\",\"@id\":\"https:\\\/\\\/www.lassociation.fr\\\/en\\\/#\\\/schema\\\/logo\\\/image\\\/\",\"url\":\"https:\\\/\\\/www.lassociation.fr\\\/backoffice\\\/wp-content\\\/uploads\\\/2019\\\/11\\\/asso_large.png\",\"contentUrl\":\"https:\\\/\\\/www.lassociation.fr\\\/backoffice\\\/wp-content\\\/uploads\\\/2019\\\/11\\\/asso_large.png\",\"width\":1200,\"height\":630,\"caption\":\"L\u2019Association\"},\"image\":{\"@id\":\"https:\\\/\\\/www.lassociation.fr\\\/en\\\/#\\\/schema\\\/logo\\\/image\\\/\"},\"sameAs\":[\"https:\\\/\\\/www.facebook.com\\\/lhydrelasso\\\/\",\"https:\\\/\\\/x.com\\\/lassociation\",\"https:\\\/\\\/www.instagram.com\\\/editions_lassociation\",\"https:\\\/\\\/fr.wikipedia.org\\\/wiki\\\/LAssociation\",\"https:\\\/\\\/www.youtube.com\\\/@editions_lassociation\"]}]}<\/script>","yoast_head_json":{"title":"Nouvelles aventures de Lapinot (Les) [Tome 6] Par Toutatis - L\u2019Association","robots":{"index":"index","follow":"follow","max-snippet":"max-snippet:-1","max-image-preview":"max-image-preview:large","max-video-preview":"max-video-preview:-1"},"canonical":"https:\/\/www.lassociation.fr\/en\/catalogue\/les-nouvelles-aventures-de-lapinot-tome-6-par-toutatis\/","og_locale":"en_US","og_type":"article","og_title":"Nouvelles aventures de Lapinot (Les) [Tome 6] Par Toutatis - L\u2019Association","og_description":"Quand Lapinot se r\u00e9veille en pleine for\u00eat, il n\u2019en croit ni ses yeux ni ses oreilles\u2026 un gros bonhomme, v\u00eatu de braies bleues et blanches et affubl\u00e9 d\u2019un casque l\u2019apostrophe\u00a0: \u00ab\u00a0Ast\u00e9rix\u00a0!\u00a0\u00bb. Lapinot, incr\u00e9dule, laisse ce curieux personnage en plan et poursuit son chemin. Une malencontreuse rencontre avec une patrouille romaine puis les soins donn\u00e9s par [&hellip;]","og_url":"https:\/\/www.lassociation.fr\/en\/catalogue\/les-nouvelles-aventures-de-lapinot-tome-6-par-toutatis\/","og_site_name":"L\u2019Association","article_publisher":"https:\/\/www.facebook.com\/lhydrelasso\/","article_modified_time":"2026-02-04T20:56:19+00:00","og_image":[{"width":764,"height":1000,"url":"https:\/\/www.lassociation.fr\/backoffice\/wp-content\/uploads\/2022\/04\/LAPINOT6_48cc_couv_AvecSticker.jpg","type":"image\/jpeg"}],"twitter_card":"summary_large_image","twitter_site":"@lassociation","schema":{"@context":"https:\/\/schema.org","@graph":[{"@type":"WebPage","@id":"https:\/\/www.lassociation.fr\/en\/catalogue\/les-nouvelles-aventures-de-lapinot-tome-6-par-toutatis\/","url":"https:\/\/www.lassociation.fr\/en\/catalogue\/les-nouvelles-aventures-de-lapinot-tome-6-par-toutatis\/","name":"Nouvelles aventures de Lapinot (Les) [Tome 6] Par Toutatis - L\u2019Association","isPartOf":{"@id":"https:\/\/www.lassociation.fr\/en\/#website"},"primaryImageOfPage":{"@id":"https:\/\/www.lassociation.fr\/en\/catalogue\/les-nouvelles-aventures-de-lapinot-tome-6-par-toutatis\/#primaryimage"},"image":{"@id":"https:\/\/www.lassociation.fr\/en\/catalogue\/les-nouvelles-aventures-de-lapinot-tome-6-par-toutatis\/#primaryimage"},"thumbnailUrl":"https:\/\/www.lassociation.fr\/backoffice\/wp-content\/uploads\/2022\/04\/LAPINOT6_48cc_couv_AvecSticker.jpg","datePublished":"2022-04-21T15:02:12+00:00","dateModified":"2026-02-04T20:56:19+00:00","breadcrumb":{"@id":"https:\/\/www.lassociation.fr\/en\/catalogue\/les-nouvelles-aventures-de-lapinot-tome-6-par-toutatis\/#breadcrumb"},"inLanguage":"en-US","potentialAction":[{"@type":"ReadAction","target":["https:\/\/www.lassociation.fr\/en\/catalogue\/les-nouvelles-aventures-de-lapinot-tome-6-par-toutatis\/"]}]},{"@type":"ImageObject","inLanguage":"en-US","@id":"https:\/\/www.lassociation.fr\/en\/catalogue\/les-nouvelles-aventures-de-lapinot-tome-6-par-toutatis\/#primaryimage","url":"https:\/\/www.lassociation.fr\/backoffice\/wp-content\/uploads\/2022\/04\/LAPINOT6_48cc_couv_AvecSticker.jpg","contentUrl":"https:\/\/www.lassociation.fr\/backoffice\/wp-content\/uploads\/2022\/04\/LAPINOT6_48cc_couv_AvecSticker.jpg","width":764,"height":1000},{"@type":"BreadcrumbList","@id":"https:\/\/www.lassociation.fr\/en\/catalogue\/les-nouvelles-aventures-de-lapinot-tome-6-par-toutatis\/#breadcrumb","itemListElement":[{"@type":"ListItem","position":1,"name":"Accueil","item":"https:\/\/www.lassociation.fr\/en\/"},{"@type":"ListItem","position":2,"name":"Catalog","item":"https:\/\/www.lassociation.fr\/en\/catalogue\/"},{"@type":"ListItem","position":3,"name":"Nouvelles aventures de Lapinot (Les) [Tome 6] Par Toutatis"}]},{"@type":"WebSite","@id":"https:\/\/www.lassociation.fr\/en\/#website","url":"https:\/\/www.lassociation.fr\/en\/","name":"L\u2019Association","description":"Maison d\u2019\u00e9dition fran\u00e7aise de bande dessin\u00e9e, fond\u00e9e en 1990.","publisher":{"@id":"https:\/\/www.lassociation.fr\/en\/#organization"},"potentialAction":[{"@type":"SearchAction","target":{"@type":"EntryPoint","urlTemplate":"https:\/\/www.lassociation.fr\/en\/?s={search_term_string}"},"query-input":{"@type":"PropertyValueSpecification","valueRequired":true,"valueName":"search_term_string"}}],"inLanguage":"en-US"},{"@type":"Organization","@id":"https:\/\/www.lassociation.fr\/en\/#organization","name":"L\u2019Association","url":"https:\/\/www.lassociation.fr\/en\/","logo":{"@type":"ImageObject","inLanguage":"en-US","@id":"https:\/\/www.lassociation.fr\/en\/#\/schema\/logo\/image\/","url":"https:\/\/www.lassociation.fr\/backoffice\/wp-content\/uploads\/2019\/11\/asso_large.png","contentUrl":"https:\/\/www.lassociation.fr\/backoffice\/wp-content\/uploads\/2019\/11\/asso_large.png","width":1200,"height":630,"caption":"L\u2019Association"},"image":{"@id":"https:\/\/www.lassociation.fr\/en\/#\/schema\/logo\/image\/"},"sameAs":["https:\/\/www.facebook.com\/lhydrelasso\/","https:\/\/x.com\/lassociation","https:\/\/www.instagram.com\/editions_lassociation","https:\/\/fr.wikipedia.org\/wiki\/LAssociation","https:\/\/www.youtube.com\/@editions_lassociation"]}]}},"_links":{"self":[{"href":"https:\/\/www.lassociation.fr\/en\/wp-json\/wp\/v2\/product\/21168","targetHints":{"allow":["GET"]}}],"collection":[{"href":"https:\/\/www.lassociation.fr\/en\/wp-json\/wp\/v2\/product"}],"about":[{"href":"https:\/\/www.lassociation.fr\/en\/wp-json\/wp\/v2\/types\/product"}],"wp:featuredmedia":[{"embeddable":true,"href":"https:\/\/www.lassociation.fr\/en\/wp-json\/wp\/v2\/media\/21169"}],"wp:attachment":[{"href":"https:\/\/www.lassociation.fr\/en\/wp-json\/wp\/v2\/media?parent=21168"}],"wp:term":[{"taxonomy":"product_cat","embeddable":true,"href":"https:\/\/www.lassociation.fr\/en\/wp-json\/wp\/v2\/product_cat?post=21168"},{"taxonomy":"product_tag","embeddable":true,"href":"https:\/\/www.lassociation.fr\/en\/wp-json\/wp\/v2\/product_tag?post=21168"}],"curies":[{"name":"wp","href":"https:\/\/api.w.org\/{rel}","templated":true}]}}