{"id":21481,"date":"2022-07-01T16:36:21","date_gmt":"2022-07-01T14:36:21","guid":{"rendered":"https:\/\/www.lassociation.fr\/?post_type=product&#038;p=21481"},"modified":"2026-01-22T11:39:35","modified_gmt":"2026-01-22T10:39:35","slug":"lapin-poche-1","status":"publish","type":"product","link":"https:\/\/www.lassociation.fr\/en\/catalogue\/lapin-poche-1\/","title":{"rendered":"Lapin Poche #1"},"content":{"rendered":"<p>Dans un format carr\u00e9 reprenant celui du c\u00e9l\u00e8bre magazine <em>Pif Poche<\/em>, ce premier num\u00e9ro de <em>Lapin Poche<\/em> r\u00e9unit une vingtaine d\u2019auteurs pilot\u00e9s par l\u2019infatigable Lewis Trondheim.<\/p>\n<p>144 pages de strips, de gags, d\u2019histoires courtes, de jeux de l\u2019esprit et de devinettes pour \u00e9voquer l\u2019enfer de l\u2019\u00e9criture, le paradis de la lecture, ou leurs contraires !<\/p>\n<p>On y croise les livres longtemps discut\u00e9s \u00e0 L\u2019Association mais disparus \u00e0 jamais, des lectures d\u2019enfance traumatiques, Jack Torrance en transe cr\u00e9ative, des philosophes de comptoir, des pendus, des tatou\u00e9s, un chien mort, Lapinot, Richard, Eggman&#8230;<\/p>\n<p>Un pav\u00e9 qui \u00e9clabousse !<\/p>\n<p>&nbsp;<\/p>\n","protected":false},"excerpt":{"rendered":"<p>Dans un format carr\u00e9 reprenant celui du c\u00e9l\u00e8bre magazine Pif Poche, ce premier num\u00e9ro de Lapin Poche r\u00e9unit une vingtaine d\u2019auteurs pilot\u00e9s par l\u2019infatigable Lewis Trondheim. 144 pages de strips, de gags, d\u2019histoires courtes, de jeux de l\u2019esprit et de devinettes pour \u00e9voquer l\u2019enfer de l\u2019\u00e9criture, le paradis de la lecture, ou leurs contraires ! [&hellip;]<\/p>\n","protected":false},"featured_media":21482,"template":"","meta":{"_acf_changed":false},"product_cat":[40],"product_tag":[],"class_list":{"0":"post-21481","1":"product","2":"type-product","3":"status-publish","4":"has-post-thumbnail","6":"product_cat-lapin","7":"member-discount","8":"discount-restricted","10":"first","11":"outofstock","12":"taxable","13":"shipping-taxable","14":"purchasable","15":"product-type-simple"},"acf":[],"yoast_head":"<title>Lapin Poche #1 - L\u2019Association<\/title>\n<meta name=\"robots\" content=\"index, follow, max-snippet:-1, max-image-preview:large, max-video-preview:-1\" \/>\n<link rel=\"canonical\" href=\"https:\/\/www.lassociation.fr\/en\/catalogue\/lapin-poche-1\/\" \/>\n<meta property=\"og:locale\" content=\"en_US\" \/>\n<meta property=\"og:type\" content=\"article\" \/>\n<meta property=\"og:title\" content=\"Lapin Poche #1 - L\u2019Association\" \/>\n<meta property=\"og:description\" content=\"Dans un format carr\u00e9 reprenant celui du c\u00e9l\u00e8bre magazine Pif Poche, ce premier num\u00e9ro de Lapin Poche r\u00e9unit une vingtaine d\u2019auteurs pilot\u00e9s par l\u2019infatigable Lewis Trondheim. 144 pages de strips, de gags, d\u2019histoires courtes, de jeux de l\u2019esprit et de devinettes pour \u00e9voquer l\u2019enfer de l\u2019\u00e9criture, le paradis de la lecture, ou leurs contraires ! [&hellip;]\" \/>\n<meta property=\"og:url\" content=\"https:\/\/www.lassociation.fr\/en\/catalogue\/lapin-poche-1\/\" \/>\n<meta property=\"og:site_name\" content=\"L\u2019Association\" \/>\n<meta property=\"article:publisher\" content=\"https:\/\/www.facebook.com\/lhydrelasso\/\" \/>\n<meta property=\"article:modified_time\" content=\"2026-01-22T10:39:35+00:00\" \/>\n<meta property=\"og:image\" content=\"https:\/\/www.lassociation.fr\/backoffice\/wp-content\/uploads\/2022\/06\/LAPINPOCHE_couvDEF.jpg\" \/>\n\t<meta property=\"og:image:width\" content=\"974\" \/>\n\t<meta property=\"og:image:height\" content=\"1000\" \/>\n\t<meta property=\"og:image:type\" content=\"image\/jpeg\" \/>\n<meta name=\"twitter:card\" content=\"summary_large_image\" \/>\n<meta name=\"twitter:site\" content=\"@lassociation\" \/>\n<script type=\"application\/ld+json\" class=\"yoast-schema-graph\">{\"@context\":\"https:\\\/\\\/schema.org\",\"@graph\":[{\"@type\":\"WebPage\",\"@id\":\"https:\\\/\\\/www.lassociation.fr\\\/en\\\/catalogue\\\/lapin-poche-1\\\/\",\"url\":\"https:\\\/\\\/www.lassociation.fr\\\/en\\\/catalogue\\\/lapin-poche-1\\\/\",\"name\":\"Lapin Poche #1 - L\u2019Association\",\"isPartOf\":{\"@id\":\"https:\\\/\\\/www.lassociation.fr\\\/en\\\/#website\"},\"primaryImageOfPage\":{\"@id\":\"https:\\\/\\\/www.lassociation.fr\\\/en\\\/catalogue\\\/lapin-poche-1\\\/#primaryimage\"},\"image\":{\"@id\":\"https:\\\/\\\/www.lassociation.fr\\\/en\\\/catalogue\\\/lapin-poche-1\\\/#primaryimage\"},\"thumbnailUrl\":\"https:\\\/\\\/www.lassociation.fr\\\/backoffice\\\/wp-content\\\/uploads\\\/2022\\\/06\\\/LAPINPOCHE_couvDEF.jpg\",\"datePublished\":\"2022-07-01T14:36:21+00:00\",\"dateModified\":\"2026-01-22T10:39:35+00:00\",\"breadcrumb\":{\"@id\":\"https:\\\/\\\/www.lassociation.fr\\\/en\\\/catalogue\\\/lapin-poche-1\\\/#breadcrumb\"},\"inLanguage\":\"en-US\",\"potentialAction\":[{\"@type\":\"ReadAction\",\"target\":[\"https:\\\/\\\/www.lassociation.fr\\\/en\\\/catalogue\\\/lapin-poche-1\\\/\"]}]},{\"@type\":\"ImageObject\",\"inLanguage\":\"en-US\",\"@id\":\"https:\\\/\\\/www.lassociation.fr\\\/en\\\/catalogue\\\/lapin-poche-1\\\/#primaryimage\",\"url\":\"https:\\\/\\\/www.lassociation.fr\\\/backoffice\\\/wp-content\\\/uploads\\\/2022\\\/06\\\/LAPINPOCHE_couvDEF.jpg\",\"contentUrl\":\"https:\\\/\\\/www.lassociation.fr\\\/backoffice\\\/wp-content\\\/uploads\\\/2022\\\/06\\\/LAPINPOCHE_couvDEF.jpg\",\"width\":974,\"height\":1000},{\"@type\":\"BreadcrumbList\",\"@id\":\"https:\\\/\\\/www.lassociation.fr\\\/en\\\/catalogue\\\/lapin-poche-1\\\/#breadcrumb\",\"itemListElement\":[{\"@type\":\"ListItem\",\"position\":1,\"name\":\"Accueil\",\"item\":\"https:\\\/\\\/www.lassociation.fr\\\/en\\\/\"},{\"@type\":\"ListItem\",\"position\":2,\"name\":\"Catalog\",\"item\":\"https:\\\/\\\/www.lassociation.fr\\\/en\\\/catalogue\\\/\"},{\"@type\":\"ListItem\",\"position\":3,\"name\":\"Lapin Poche #1\"}]},{\"@type\":\"WebSite\",\"@id\":\"https:\\\/\\\/www.lassociation.fr\\\/en\\\/#website\",\"url\":\"https:\\\/\\\/www.lassociation.fr\\\/en\\\/\",\"name\":\"L\u2019Association\",\"description\":\"Maison d\u2019\u00e9dition fran\u00e7aise de bande dessin\u00e9e, fond\u00e9e en 1990.\",\"publisher\":{\"@id\":\"https:\\\/\\\/www.lassociation.fr\\\/en\\\/#organization\"},\"potentialAction\":[{\"@type\":\"SearchAction\",\"target\":{\"@type\":\"EntryPoint\",\"urlTemplate\":\"https:\\\/\\\/www.lassociation.fr\\\/en\\\/?s={search_term_string}\"},\"query-input\":{\"@type\":\"PropertyValueSpecification\",\"valueRequired\":true,\"valueName\":\"search_term_string\"}}],\"inLanguage\":\"en-US\"},{\"@type\":\"Organization\",\"@id\":\"https:\\\/\\\/www.lassociation.fr\\\/en\\\/#organization\",\"name\":\"L\u2019Association\",\"url\":\"https:\\\/\\\/www.lassociation.fr\\\/en\\\/\",\"logo\":{\"@type\":\"ImageObject\",\"inLanguage\":\"en-US\",\"@id\":\"https:\\\/\\\/www.lassociation.fr\\\/en\\\/#\\\/schema\\\/logo\\\/image\\\/\",\"url\":\"https:\\\/\\\/www.lassociation.fr\\\/backoffice\\\/wp-content\\\/uploads\\\/2019\\\/11\\\/asso_large.png\",\"contentUrl\":\"https:\\\/\\\/www.lassociation.fr\\\/backoffice\\\/wp-content\\\/uploads\\\/2019\\\/11\\\/asso_large.png\",\"width\":1200,\"height\":630,\"caption\":\"L\u2019Association\"},\"image\":{\"@id\":\"https:\\\/\\\/www.lassociation.fr\\\/en\\\/#\\\/schema\\\/logo\\\/image\\\/\"},\"sameAs\":[\"https:\\\/\\\/www.facebook.com\\\/lhydrelasso\\\/\",\"https:\\\/\\\/x.com\\\/lassociation\",\"https:\\\/\\\/www.instagram.com\\\/editions_lassociation\",\"https:\\\/\\\/fr.wikipedia.org\\\/wiki\\\/LAssociation\",\"https:\\\/\\\/www.youtube.com\\\/@editions_lassociation\"]}]}<\/script>","yoast_head_json":{"title":"Lapin Poche #1 - L\u2019Association","robots":{"index":"index","follow":"follow","max-snippet":"max-snippet:-1","max-image-preview":"max-image-preview:large","max-video-preview":"max-video-preview:-1"},"canonical":"https:\/\/www.lassociation.fr\/en\/catalogue\/lapin-poche-1\/","og_locale":"en_US","og_type":"article","og_title":"Lapin Poche #1 - L\u2019Association","og_description":"Dans un format carr\u00e9 reprenant celui du c\u00e9l\u00e8bre magazine Pif Poche, ce premier num\u00e9ro de Lapin Poche r\u00e9unit une vingtaine d\u2019auteurs pilot\u00e9s par l\u2019infatigable Lewis Trondheim. 144 pages de strips, de gags, d\u2019histoires courtes, de jeux de l\u2019esprit et de devinettes pour \u00e9voquer l\u2019enfer de l\u2019\u00e9criture, le paradis de la lecture, ou leurs contraires ! [&hellip;]","og_url":"https:\/\/www.lassociation.fr\/en\/catalogue\/lapin-poche-1\/","og_site_name":"L\u2019Association","article_publisher":"https:\/\/www.facebook.com\/lhydrelasso\/","article_modified_time":"2026-01-22T10:39:35+00:00","og_image":[{"width":974,"height":1000,"url":"https:\/\/www.lassociation.fr\/backoffice\/wp-content\/uploads\/2022\/06\/LAPINPOCHE_couvDEF.jpg","type":"image\/jpeg"}],"twitter_card":"summary_large_image","twitter_site":"@lassociation","schema":{"@context":"https:\/\/schema.org","@graph":[{"@type":"WebPage","@id":"https:\/\/www.lassociation.fr\/en\/catalogue\/lapin-poche-1\/","url":"https:\/\/www.lassociation.fr\/en\/catalogue\/lapin-poche-1\/","name":"Lapin Poche #1 - L\u2019Association","isPartOf":{"@id":"https:\/\/www.lassociation.fr\/en\/#website"},"primaryImageOfPage":{"@id":"https:\/\/www.lassociation.fr\/en\/catalogue\/lapin-poche-1\/#primaryimage"},"image":{"@id":"https:\/\/www.lassociation.fr\/en\/catalogue\/lapin-poche-1\/#primaryimage"},"thumbnailUrl":"https:\/\/www.lassociation.fr\/backoffice\/wp-content\/uploads\/2022\/06\/LAPINPOCHE_couvDEF.jpg","datePublished":"2022-07-01T14:36:21+00:00","dateModified":"2026-01-22T10:39:35+00:00","breadcrumb":{"@id":"https:\/\/www.lassociation.fr\/en\/catalogue\/lapin-poche-1\/#breadcrumb"},"inLanguage":"en-US","potentialAction":[{"@type":"ReadAction","target":["https:\/\/www.lassociation.fr\/en\/catalogue\/lapin-poche-1\/"]}]},{"@type":"ImageObject","inLanguage":"en-US","@id":"https:\/\/www.lassociation.fr\/en\/catalogue\/lapin-poche-1\/#primaryimage","url":"https:\/\/www.lassociation.fr\/backoffice\/wp-content\/uploads\/2022\/06\/LAPINPOCHE_couvDEF.jpg","contentUrl":"https:\/\/www.lassociation.fr\/backoffice\/wp-content\/uploads\/2022\/06\/LAPINPOCHE_couvDEF.jpg","width":974,"height":1000},{"@type":"BreadcrumbList","@id":"https:\/\/www.lassociation.fr\/en\/catalogue\/lapin-poche-1\/#breadcrumb","itemListElement":[{"@type":"ListItem","position":1,"name":"Accueil","item":"https:\/\/www.lassociation.fr\/en\/"},{"@type":"ListItem","position":2,"name":"Catalog","item":"https:\/\/www.lassociation.fr\/en\/catalogue\/"},{"@type":"ListItem","position":3,"name":"Lapin Poche #1"}]},{"@type":"WebSite","@id":"https:\/\/www.lassociation.fr\/en\/#website","url":"https:\/\/www.lassociation.fr\/en\/","name":"L\u2019Association","description":"Maison d\u2019\u00e9dition fran\u00e7aise de bande dessin\u00e9e, fond\u00e9e en 1990.","publisher":{"@id":"https:\/\/www.lassociation.fr\/en\/#organization"},"potentialAction":[{"@type":"SearchAction","target":{"@type":"EntryPoint","urlTemplate":"https:\/\/www.lassociation.fr\/en\/?s={search_term_string}"},"query-input":{"@type":"PropertyValueSpecification","valueRequired":true,"valueName":"search_term_string"}}],"inLanguage":"en-US"},{"@type":"Organization","@id":"https:\/\/www.lassociation.fr\/en\/#organization","name":"L\u2019Association","url":"https:\/\/www.lassociation.fr\/en\/","logo":{"@type":"ImageObject","inLanguage":"en-US","@id":"https:\/\/www.lassociation.fr\/en\/#\/schema\/logo\/image\/","url":"https:\/\/www.lassociation.fr\/backoffice\/wp-content\/uploads\/2019\/11\/asso_large.png","contentUrl":"https:\/\/www.lassociation.fr\/backoffice\/wp-content\/uploads\/2019\/11\/asso_large.png","width":1200,"height":630,"caption":"L\u2019Association"},"image":{"@id":"https:\/\/www.lassociation.fr\/en\/#\/schema\/logo\/image\/"},"sameAs":["https:\/\/www.facebook.com\/lhydrelasso\/","https:\/\/x.com\/lassociation","https:\/\/www.instagram.com\/editions_lassociation","https:\/\/fr.wikipedia.org\/wiki\/LAssociation","https:\/\/www.youtube.com\/@editions_lassociation"]}]}},"_links":{"self":[{"href":"https:\/\/www.lassociation.fr\/en\/wp-json\/wp\/v2\/product\/21481","targetHints":{"allow":["GET"]}}],"collection":[{"href":"https:\/\/www.lassociation.fr\/en\/wp-json\/wp\/v2\/product"}],"about":[{"href":"https:\/\/www.lassociation.fr\/en\/wp-json\/wp\/v2\/types\/product"}],"wp:featuredmedia":[{"embeddable":true,"href":"https:\/\/www.lassociation.fr\/en\/wp-json\/wp\/v2\/media\/21482"}],"wp:attachment":[{"href":"https:\/\/www.lassociation.fr\/en\/wp-json\/wp\/v2\/media?parent=21481"}],"wp:term":[{"taxonomy":"product_cat","embeddable":true,"href":"https:\/\/www.lassociation.fr\/en\/wp-json\/wp\/v2\/product_cat?post=21481"},{"taxonomy":"product_tag","embeddable":true,"href":"https:\/\/www.lassociation.fr\/en\/wp-json\/wp\/v2\/product_tag?post=21481"}],"curies":[{"name":"wp","href":"https:\/\/api.w.org\/{rel}","templated":true}]}}