{"id":21774,"date":"2022-09-27T11:17:07","date_gmt":"2022-09-27T09:17:07","guid":{"rendered":"https:\/\/www.lassociation.fr\/?post_type=product&#038;p=21774"},"modified":"2026-03-05T10:59:51","modified_gmt":"2026-03-05T09:59:51","slug":"mon-lapin-quotidien-23","status":"publish","type":"product","link":"https:\/\/www.lassociation.fr\/en\/catalogue\/mon-lapin-quotidien-23\/","title":{"rendered":"Mon Lapin Quotidien #23"},"content":{"rendered":"<p><span class=\"x_x_x_x_x_x_x_elementToProof x_x_x_x_x_x_elementToProof\">La temp\u00e9rature monte ! Le thermom\u00e8tre s&#8217;emballe ! MLQ vous a mijot\u00e9 un num\u00e9ro hivernal o\u00f9 le volcan voisine la\u00a0glace,\u00a0<span class=\"x_x_x_x_x_x_x_ContentPasted0\">l&#8217;iceberg tutoie Zuckerberg<\/span>, la posologie rivalise\u00a0avec la collapsologie.\u00a0<\/span><\/p>\n<div class=\"x_x_x_x_x_x_x_elementToProof\"><span class=\"x_x_x_x_x_x_x_ContentPasted0\">Un num\u00e9ro chaud-froid, un num\u00e9ro solide et gazeux, un num\u00e9ro sens dessus dessous. Un num\u00e9ro th\u00e9rapeutique afin de traverser l&#8217;hiver avec un karma optimum.\u00a0<\/span><\/div>\n<div class=\"x_x_x_x_x_x_x_elementToProof\"><span class=\"x_x_x_x_x_x_x_ContentPasted0\">Agr\u00e9ment\u00e9 de quatre pages centrales en bichromie rouge et bleue.<\/span><\/div>\n","protected":false},"excerpt":{"rendered":"<p>La temp\u00e9rature monte ! Le thermom\u00e8tre s&#8217;emballe ! MLQ vous a mijot\u00e9 un num\u00e9ro hivernal o\u00f9 le volcan voisine la\u00a0glace,\u00a0l&#8217;iceberg tutoie Zuckerberg, la posologie rivalise\u00a0avec la collapsologie.\u00a0 Un num\u00e9ro chaud-froid, un num\u00e9ro solide et gazeux, un num\u00e9ro sens dessus dessous. Un num\u00e9ro th\u00e9rapeutique afin de traverser l&#8217;hiver avec un karma optimum.\u00a0 Agr\u00e9ment\u00e9 de quatre pages [&hellip;]<\/p>\n","protected":false},"featured_media":21775,"template":"","meta":{"_acf_changed":false},"product_cat":[40],"product_tag":[],"class_list":{"0":"post-21774","1":"product","2":"type-product","3":"status-publish","4":"has-post-thumbnail","6":"product_cat-lapin","7":"member-discount","8":"discount-restricted","10":"first","11":"instock","12":"taxable","13":"shipping-taxable","14":"purchasable","15":"product-type-simple"},"acf":[],"yoast_head":"<title>Mon Lapin Quotidien #23 - L\u2019Association<\/title>\n<meta name=\"robots\" content=\"index, follow, max-snippet:-1, max-image-preview:large, max-video-preview:-1\" \/>\n<link rel=\"canonical\" href=\"https:\/\/www.lassociation.fr\/en\/catalogue\/mon-lapin-quotidien-23\/\" \/>\n<meta property=\"og:locale\" content=\"en_US\" \/>\n<meta property=\"og:type\" content=\"article\" \/>\n<meta property=\"og:title\" content=\"Mon Lapin Quotidien #23 - L\u2019Association\" \/>\n<meta property=\"og:description\" content=\"La temp\u00e9rature monte ! Le thermom\u00e8tre s&#8217;emballe ! MLQ vous a mijot\u00e9 un num\u00e9ro hivernal o\u00f9 le volcan voisine la\u00a0glace,\u00a0l&#8217;iceberg tutoie Zuckerberg, la posologie rivalise\u00a0avec la collapsologie.\u00a0 Un num\u00e9ro chaud-froid, un num\u00e9ro solide et gazeux, un num\u00e9ro sens dessus dessous. Un num\u00e9ro th\u00e9rapeutique afin de traverser l&#8217;hiver avec un karma optimum.\u00a0 Agr\u00e9ment\u00e9 de quatre pages [&hellip;]\" \/>\n<meta property=\"og:url\" content=\"https:\/\/www.lassociation.fr\/en\/catalogue\/mon-lapin-quotidien-23\/\" \/>\n<meta property=\"og:site_name\" content=\"L\u2019Association\" \/>\n<meta property=\"article:publisher\" content=\"https:\/\/www.facebook.com\/lhydrelasso\/\" \/>\n<meta property=\"article:modified_time\" content=\"2026-03-05T09:59:51+00:00\" \/>\n<meta property=\"og:image\" content=\"https:\/\/www.lassociation.fr\/backoffice\/wp-content\/uploads\/2022\/09\/11-MLQ23-DEF-1.jpg\" \/>\n\t<meta property=\"og:image:width\" content=\"707\" \/>\n\t<meta property=\"og:image:height\" content=\"1000\" \/>\n\t<meta property=\"og:image:type\" content=\"image\/jpeg\" \/>\n<meta name=\"twitter:card\" content=\"summary_large_image\" \/>\n<meta name=\"twitter:site\" content=\"@lassociation\" \/>\n<script type=\"application\/ld+json\" class=\"yoast-schema-graph\">{\"@context\":\"https:\\\/\\\/schema.org\",\"@graph\":[{\"@type\":\"WebPage\",\"@id\":\"https:\\\/\\\/www.lassociation.fr\\\/en\\\/catalogue\\\/mon-lapin-quotidien-23\\\/\",\"url\":\"https:\\\/\\\/www.lassociation.fr\\\/en\\\/catalogue\\\/mon-lapin-quotidien-23\\\/\",\"name\":\"Mon Lapin Quotidien #23 - L\u2019Association\",\"isPartOf\":{\"@id\":\"https:\\\/\\\/www.lassociation.fr\\\/en\\\/#website\"},\"primaryImageOfPage\":{\"@id\":\"https:\\\/\\\/www.lassociation.fr\\\/en\\\/catalogue\\\/mon-lapin-quotidien-23\\\/#primaryimage\"},\"image\":{\"@id\":\"https:\\\/\\\/www.lassociation.fr\\\/en\\\/catalogue\\\/mon-lapin-quotidien-23\\\/#primaryimage\"},\"thumbnailUrl\":\"https:\\\/\\\/www.lassociation.fr\\\/backoffice\\\/wp-content\\\/uploads\\\/2022\\\/09\\\/11-MLQ23-DEF-1.jpg\",\"datePublished\":\"2022-09-27T09:17:07+00:00\",\"dateModified\":\"2026-03-05T09:59:51+00:00\",\"breadcrumb\":{\"@id\":\"https:\\\/\\\/www.lassociation.fr\\\/en\\\/catalogue\\\/mon-lapin-quotidien-23\\\/#breadcrumb\"},\"inLanguage\":\"en-US\",\"potentialAction\":[{\"@type\":\"ReadAction\",\"target\":[\"https:\\\/\\\/www.lassociation.fr\\\/en\\\/catalogue\\\/mon-lapin-quotidien-23\\\/\"]}]},{\"@type\":\"ImageObject\",\"inLanguage\":\"en-US\",\"@id\":\"https:\\\/\\\/www.lassociation.fr\\\/en\\\/catalogue\\\/mon-lapin-quotidien-23\\\/#primaryimage\",\"url\":\"https:\\\/\\\/www.lassociation.fr\\\/backoffice\\\/wp-content\\\/uploads\\\/2022\\\/09\\\/11-MLQ23-DEF-1.jpg\",\"contentUrl\":\"https:\\\/\\\/www.lassociation.fr\\\/backoffice\\\/wp-content\\\/uploads\\\/2022\\\/09\\\/11-MLQ23-DEF-1.jpg\",\"width\":707,\"height\":1000},{\"@type\":\"BreadcrumbList\",\"@id\":\"https:\\\/\\\/www.lassociation.fr\\\/en\\\/catalogue\\\/mon-lapin-quotidien-23\\\/#breadcrumb\",\"itemListElement\":[{\"@type\":\"ListItem\",\"position\":1,\"name\":\"Accueil\",\"item\":\"https:\\\/\\\/www.lassociation.fr\\\/en\\\/\"},{\"@type\":\"ListItem\",\"position\":2,\"name\":\"Catalog\",\"item\":\"https:\\\/\\\/www.lassociation.fr\\\/en\\\/catalogue\\\/\"},{\"@type\":\"ListItem\",\"position\":3,\"name\":\"Mon Lapin Quotidien #23\"}]},{\"@type\":\"WebSite\",\"@id\":\"https:\\\/\\\/www.lassociation.fr\\\/en\\\/#website\",\"url\":\"https:\\\/\\\/www.lassociation.fr\\\/en\\\/\",\"name\":\"L\u2019Association\",\"description\":\"Maison d\u2019\u00e9dition fran\u00e7aise de bande dessin\u00e9e, fond\u00e9e en 1990.\",\"publisher\":{\"@id\":\"https:\\\/\\\/www.lassociation.fr\\\/en\\\/#organization\"},\"potentialAction\":[{\"@type\":\"SearchAction\",\"target\":{\"@type\":\"EntryPoint\",\"urlTemplate\":\"https:\\\/\\\/www.lassociation.fr\\\/en\\\/?s={search_term_string}\"},\"query-input\":{\"@type\":\"PropertyValueSpecification\",\"valueRequired\":true,\"valueName\":\"search_term_string\"}}],\"inLanguage\":\"en-US\"},{\"@type\":\"Organization\",\"@id\":\"https:\\\/\\\/www.lassociation.fr\\\/en\\\/#organization\",\"name\":\"L\u2019Association\",\"url\":\"https:\\\/\\\/www.lassociation.fr\\\/en\\\/\",\"logo\":{\"@type\":\"ImageObject\",\"inLanguage\":\"en-US\",\"@id\":\"https:\\\/\\\/www.lassociation.fr\\\/en\\\/#\\\/schema\\\/logo\\\/image\\\/\",\"url\":\"https:\\\/\\\/www.lassociation.fr\\\/backoffice\\\/wp-content\\\/uploads\\\/2019\\\/11\\\/asso_large.png\",\"contentUrl\":\"https:\\\/\\\/www.lassociation.fr\\\/backoffice\\\/wp-content\\\/uploads\\\/2019\\\/11\\\/asso_large.png\",\"width\":1200,\"height\":630,\"caption\":\"L\u2019Association\"},\"image\":{\"@id\":\"https:\\\/\\\/www.lassociation.fr\\\/en\\\/#\\\/schema\\\/logo\\\/image\\\/\"},\"sameAs\":[\"https:\\\/\\\/www.facebook.com\\\/lhydrelasso\\\/\",\"https:\\\/\\\/x.com\\\/lassociation\",\"https:\\\/\\\/www.instagram.com\\\/editions_lassociation\",\"https:\\\/\\\/fr.wikipedia.org\\\/wiki\\\/LAssociation\",\"https:\\\/\\\/www.youtube.com\\\/@editions_lassociation\"]}]}<\/script>","yoast_head_json":{"title":"Mon Lapin Quotidien #23 - L\u2019Association","robots":{"index":"index","follow":"follow","max-snippet":"max-snippet:-1","max-image-preview":"max-image-preview:large","max-video-preview":"max-video-preview:-1"},"canonical":"https:\/\/www.lassociation.fr\/en\/catalogue\/mon-lapin-quotidien-23\/","og_locale":"en_US","og_type":"article","og_title":"Mon Lapin Quotidien #23 - L\u2019Association","og_description":"La temp\u00e9rature monte ! Le thermom\u00e8tre s&#8217;emballe ! MLQ vous a mijot\u00e9 un num\u00e9ro hivernal o\u00f9 le volcan voisine la\u00a0glace,\u00a0l&#8217;iceberg tutoie Zuckerberg, la posologie rivalise\u00a0avec la collapsologie.\u00a0 Un num\u00e9ro chaud-froid, un num\u00e9ro solide et gazeux, un num\u00e9ro sens dessus dessous. Un num\u00e9ro th\u00e9rapeutique afin de traverser l&#8217;hiver avec un karma optimum.\u00a0 Agr\u00e9ment\u00e9 de quatre pages [&hellip;]","og_url":"https:\/\/www.lassociation.fr\/en\/catalogue\/mon-lapin-quotidien-23\/","og_site_name":"L\u2019Association","article_publisher":"https:\/\/www.facebook.com\/lhydrelasso\/","article_modified_time":"2026-03-05T09:59:51+00:00","og_image":[{"width":707,"height":1000,"url":"https:\/\/www.lassociation.fr\/backoffice\/wp-content\/uploads\/2022\/09\/11-MLQ23-DEF-1.jpg","type":"image\/jpeg"}],"twitter_card":"summary_large_image","twitter_site":"@lassociation","schema":{"@context":"https:\/\/schema.org","@graph":[{"@type":"WebPage","@id":"https:\/\/www.lassociation.fr\/en\/catalogue\/mon-lapin-quotidien-23\/","url":"https:\/\/www.lassociation.fr\/en\/catalogue\/mon-lapin-quotidien-23\/","name":"Mon Lapin Quotidien #23 - L\u2019Association","isPartOf":{"@id":"https:\/\/www.lassociation.fr\/en\/#website"},"primaryImageOfPage":{"@id":"https:\/\/www.lassociation.fr\/en\/catalogue\/mon-lapin-quotidien-23\/#primaryimage"},"image":{"@id":"https:\/\/www.lassociation.fr\/en\/catalogue\/mon-lapin-quotidien-23\/#primaryimage"},"thumbnailUrl":"https:\/\/www.lassociation.fr\/backoffice\/wp-content\/uploads\/2022\/09\/11-MLQ23-DEF-1.jpg","datePublished":"2022-09-27T09:17:07+00:00","dateModified":"2026-03-05T09:59:51+00:00","breadcrumb":{"@id":"https:\/\/www.lassociation.fr\/en\/catalogue\/mon-lapin-quotidien-23\/#breadcrumb"},"inLanguage":"en-US","potentialAction":[{"@type":"ReadAction","target":["https:\/\/www.lassociation.fr\/en\/catalogue\/mon-lapin-quotidien-23\/"]}]},{"@type":"ImageObject","inLanguage":"en-US","@id":"https:\/\/www.lassociation.fr\/en\/catalogue\/mon-lapin-quotidien-23\/#primaryimage","url":"https:\/\/www.lassociation.fr\/backoffice\/wp-content\/uploads\/2022\/09\/11-MLQ23-DEF-1.jpg","contentUrl":"https:\/\/www.lassociation.fr\/backoffice\/wp-content\/uploads\/2022\/09\/11-MLQ23-DEF-1.jpg","width":707,"height":1000},{"@type":"BreadcrumbList","@id":"https:\/\/www.lassociation.fr\/en\/catalogue\/mon-lapin-quotidien-23\/#breadcrumb","itemListElement":[{"@type":"ListItem","position":1,"name":"Accueil","item":"https:\/\/www.lassociation.fr\/en\/"},{"@type":"ListItem","position":2,"name":"Catalog","item":"https:\/\/www.lassociation.fr\/en\/catalogue\/"},{"@type":"ListItem","position":3,"name":"Mon Lapin Quotidien #23"}]},{"@type":"WebSite","@id":"https:\/\/www.lassociation.fr\/en\/#website","url":"https:\/\/www.lassociation.fr\/en\/","name":"L\u2019Association","description":"Maison d\u2019\u00e9dition fran\u00e7aise de bande dessin\u00e9e, fond\u00e9e en 1990.","publisher":{"@id":"https:\/\/www.lassociation.fr\/en\/#organization"},"potentialAction":[{"@type":"SearchAction","target":{"@type":"EntryPoint","urlTemplate":"https:\/\/www.lassociation.fr\/en\/?s={search_term_string}"},"query-input":{"@type":"PropertyValueSpecification","valueRequired":true,"valueName":"search_term_string"}}],"inLanguage":"en-US"},{"@type":"Organization","@id":"https:\/\/www.lassociation.fr\/en\/#organization","name":"L\u2019Association","url":"https:\/\/www.lassociation.fr\/en\/","logo":{"@type":"ImageObject","inLanguage":"en-US","@id":"https:\/\/www.lassociation.fr\/en\/#\/schema\/logo\/image\/","url":"https:\/\/www.lassociation.fr\/backoffice\/wp-content\/uploads\/2019\/11\/asso_large.png","contentUrl":"https:\/\/www.lassociation.fr\/backoffice\/wp-content\/uploads\/2019\/11\/asso_large.png","width":1200,"height":630,"caption":"L\u2019Association"},"image":{"@id":"https:\/\/www.lassociation.fr\/en\/#\/schema\/logo\/image\/"},"sameAs":["https:\/\/www.facebook.com\/lhydrelasso\/","https:\/\/x.com\/lassociation","https:\/\/www.instagram.com\/editions_lassociation","https:\/\/fr.wikipedia.org\/wiki\/LAssociation","https:\/\/www.youtube.com\/@editions_lassociation"]}]}},"_links":{"self":[{"href":"https:\/\/www.lassociation.fr\/en\/wp-json\/wp\/v2\/product\/21774","targetHints":{"allow":["GET"]}}],"collection":[{"href":"https:\/\/www.lassociation.fr\/en\/wp-json\/wp\/v2\/product"}],"about":[{"href":"https:\/\/www.lassociation.fr\/en\/wp-json\/wp\/v2\/types\/product"}],"wp:featuredmedia":[{"embeddable":true,"href":"https:\/\/www.lassociation.fr\/en\/wp-json\/wp\/v2\/media\/21775"}],"wp:attachment":[{"href":"https:\/\/www.lassociation.fr\/en\/wp-json\/wp\/v2\/media?parent=21774"}],"wp:term":[{"taxonomy":"product_cat","embeddable":true,"href":"https:\/\/www.lassociation.fr\/en\/wp-json\/wp\/v2\/product_cat?post=21774"},{"taxonomy":"product_tag","embeddable":true,"href":"https:\/\/www.lassociation.fr\/en\/wp-json\/wp\/v2\/product_tag?post=21774"}],"curies":[{"name":"wp","href":"https:\/\/api.w.org\/{rel}","templated":true}]}}