{"id":21895,"date":"2022-11-04T11:14:25","date_gmt":"2022-11-04T10:14:25","guid":{"rendered":"https:\/\/www.lassociation.fr\/?post_type=product&#038;p=21895"},"modified":"2026-04-11T00:16:41","modified_gmt":"2026-04-10T22:16:41","slug":"suicide-total","status":"publish","type":"product","link":"https:\/\/www.lassociation.fr\/en\/catalogue\/suicide-total\/","title":{"rendered":"Suicide total [leporello]"},"content":{"rendered":"<p>Julie Doucet avait promis d\u2019arr\u00eater la bande dessin\u00e9e et l\u2019autobiographie. Voici qu\u2019elle revient sur ses mots avec une fabuleuse fresque immersive. Nous sommes en 1989, Julie a 23 ans, elle r\u00e9alise des fanzines qu\u2019elle distribue dans les librairies ou par correspondance. Elle entame alors une relation \u00e9pistolaire intense avec l\u2019un de ses lecteurs, un Fran\u00e7ais qui fait son service militaire et qu\u2019elle surnomme \u00ab\u00a0le hussard\u00a0\u00bb. Les deux jeunes gens s\u2019\u00e9crivent des centaines de lettres et s\u2019enthousiasment l\u2019un pour l\u2019autre, jusqu\u2019\u00e0 ce qu\u2019un voyage en Europe leur offre l\u2019occasion de se rencontrer en chair et en os&#8230;<\/p>\n<p><em>Suicide total<\/em> se lit et se d\u00e9roule comme un flux ininterrompu. Pas de cases, mais des pages satur\u00e9es dans un entrelacs de visages connus (celui de Julie notamment) et inconnus, d\u2019oiseaux, d\u2019animaux, d\u2019objets vari\u00e9s \u2013 le tout dessin\u00e9 \u00e0 l\u2019encre \u2013 et qui nous emporte comme un fleuve \u00e0 remonter le temps. La machine est un peu rouill\u00e9e au d\u00e9but et l\u2019autrice s\u2019exhorte elle-m\u00eame \u00e0 dessiner, \u00e9voque sa difficult\u00e9 \u00e0 manier les mots, avant de plonger \u2013 et nous avec elle \u2013 dans le flot de ses souvenirs pour ressusciter l\u2019intensit\u00e9 des sentiments pass\u00e9s.<\/p>\n<p>Exit les planches et les cases, <em>Suicide total <\/em>a \u00e9t\u00e9 dessin\u00e9 d\u2019un seul tenant. Afin de rendre au mieux cette performance graphique, le livre se pr\u00e9sente sous la forme d\u2019un leporello qui se d\u00e9roule sur pr\u00e8s de 20 m\u00e8tres.<\/p>\n<blockquote><p><strong><em>Tirage limit\u00e9, imprim\u00e9 et fa\u00e7onn\u00e9 en Italie.<\/em><\/strong><\/p><\/blockquote>\n","protected":false},"excerpt":{"rendered":"<p>Julie Doucet avait promis d\u2019arr\u00eater la bande dessin\u00e9e et l\u2019autobiographie. Voici qu\u2019elle revient sur ses mots avec une fabuleuse fresque immersive. Nous sommes en 1989, Julie a 23 ans, elle r\u00e9alise des fanzines qu\u2019elle distribue dans les librairies ou par correspondance. Elle entame alors une relation \u00e9pistolaire intense avec l\u2019un de ses lecteurs, un Fran\u00e7ais [&hellip;]<\/p>\n","protected":false},"featured_media":21896,"template":"","meta":{"_acf_changed":false},"product_cat":[48],"product_tag":[],"class_list":{"0":"post-21895","1":"product","2":"type-product","3":"status-publish","4":"has-post-thumbnail","6":"product_cat-hors-collection","7":"product_shipping_class-avec-signature","8":"member-discount","9":"discount-restricted","11":"first","12":"instock","13":"taxable","14":"shipping-taxable","15":"purchasable","16":"product-type-simple"},"acf":[],"yoast_head":"<title>Suicide total [leporello] - L\u2019Association<\/title>\n<meta name=\"robots\" content=\"index, follow, max-snippet:-1, max-image-preview:large, max-video-preview:-1\" \/>\n<link rel=\"canonical\" href=\"https:\/\/www.lassociation.fr\/en\/catalogue\/suicide-total\/\" \/>\n<meta property=\"og:locale\" content=\"en_US\" \/>\n<meta property=\"og:type\" content=\"article\" \/>\n<meta property=\"og:title\" content=\"Suicide total [leporello] - L\u2019Association\" \/>\n<meta property=\"og:description\" content=\"Julie Doucet avait promis d\u2019arr\u00eater la bande dessin\u00e9e et l\u2019autobiographie. Voici qu\u2019elle revient sur ses mots avec une fabuleuse fresque immersive. Nous sommes en 1989, Julie a 23 ans, elle r\u00e9alise des fanzines qu\u2019elle distribue dans les librairies ou par correspondance. Elle entame alors une relation \u00e9pistolaire intense avec l\u2019un de ses lecteurs, un Fran\u00e7ais [&hellip;]\" \/>\n<meta property=\"og:url\" content=\"https:\/\/www.lassociation.fr\/en\/catalogue\/suicide-total\/\" \/>\n<meta property=\"og:site_name\" content=\"L\u2019Association\" \/>\n<meta property=\"article:publisher\" content=\"https:\/\/www.facebook.com\/lhydrelasso\/\" \/>\n<meta property=\"article:modified_time\" content=\"2026-04-10T22:16:41+00:00\" \/>\n<meta property=\"og:image\" content=\"https:\/\/www.lassociation.fr\/backoffice\/wp-content\/uploads\/2022\/11\/SuicideTotal_3D_ferme.jpg\" \/>\n\t<meta property=\"og:image:width\" content=\"1000\" \/>\n\t<meta property=\"og:image:height\" content=\"1213\" \/>\n\t<meta property=\"og:image:type\" content=\"image\/jpeg\" \/>\n<meta name=\"twitter:card\" content=\"summary_large_image\" \/>\n<meta name=\"twitter:site\" content=\"@lassociation\" \/>\n<script type=\"application\/ld+json\" class=\"yoast-schema-graph\">{\"@context\":\"https:\\\/\\\/schema.org\",\"@graph\":[{\"@type\":\"WebPage\",\"@id\":\"https:\\\/\\\/www.lassociation.fr\\\/en\\\/catalogue\\\/suicide-total\\\/\",\"url\":\"https:\\\/\\\/www.lassociation.fr\\\/en\\\/catalogue\\\/suicide-total\\\/\",\"name\":\"Suicide total [leporello] - L\u2019Association\",\"isPartOf\":{\"@id\":\"https:\\\/\\\/www.lassociation.fr\\\/en\\\/#website\"},\"primaryImageOfPage\":{\"@id\":\"https:\\\/\\\/www.lassociation.fr\\\/en\\\/catalogue\\\/suicide-total\\\/#primaryimage\"},\"image\":{\"@id\":\"https:\\\/\\\/www.lassociation.fr\\\/en\\\/catalogue\\\/suicide-total\\\/#primaryimage\"},\"thumbnailUrl\":\"https:\\\/\\\/www.lassociation.fr\\\/backoffice\\\/wp-content\\\/uploads\\\/2022\\\/11\\\/SuicideTotal_3D_ferme.jpg\",\"datePublished\":\"2022-11-04T10:14:25+00:00\",\"dateModified\":\"2026-04-10T22:16:41+00:00\",\"breadcrumb\":{\"@id\":\"https:\\\/\\\/www.lassociation.fr\\\/en\\\/catalogue\\\/suicide-total\\\/#breadcrumb\"},\"inLanguage\":\"en-US\",\"potentialAction\":[{\"@type\":\"ReadAction\",\"target\":[\"https:\\\/\\\/www.lassociation.fr\\\/en\\\/catalogue\\\/suicide-total\\\/\"]}]},{\"@type\":\"ImageObject\",\"inLanguage\":\"en-US\",\"@id\":\"https:\\\/\\\/www.lassociation.fr\\\/en\\\/catalogue\\\/suicide-total\\\/#primaryimage\",\"url\":\"https:\\\/\\\/www.lassociation.fr\\\/backoffice\\\/wp-content\\\/uploads\\\/2022\\\/11\\\/SuicideTotal_3D_ferme.jpg\",\"contentUrl\":\"https:\\\/\\\/www.lassociation.fr\\\/backoffice\\\/wp-content\\\/uploads\\\/2022\\\/11\\\/SuicideTotal_3D_ferme.jpg\",\"width\":1000,\"height\":1213},{\"@type\":\"BreadcrumbList\",\"@id\":\"https:\\\/\\\/www.lassociation.fr\\\/en\\\/catalogue\\\/suicide-total\\\/#breadcrumb\",\"itemListElement\":[{\"@type\":\"ListItem\",\"position\":1,\"name\":\"Accueil\",\"item\":\"https:\\\/\\\/www.lassociation.fr\\\/en\\\/\"},{\"@type\":\"ListItem\",\"position\":2,\"name\":\"Catalog\",\"item\":\"https:\\\/\\\/www.lassociation.fr\\\/en\\\/catalogue\\\/\"},{\"@type\":\"ListItem\",\"position\":3,\"name\":\"Suicide total [leporello]\"}]},{\"@type\":\"WebSite\",\"@id\":\"https:\\\/\\\/www.lassociation.fr\\\/en\\\/#website\",\"url\":\"https:\\\/\\\/www.lassociation.fr\\\/en\\\/\",\"name\":\"L\u2019Association\",\"description\":\"Maison d\u2019\u00e9dition fran\u00e7aise de bande dessin\u00e9e, fond\u00e9e en 1990.\",\"publisher\":{\"@id\":\"https:\\\/\\\/www.lassociation.fr\\\/en\\\/#organization\"},\"potentialAction\":[{\"@type\":\"SearchAction\",\"target\":{\"@type\":\"EntryPoint\",\"urlTemplate\":\"https:\\\/\\\/www.lassociation.fr\\\/en\\\/?s={search_term_string}\"},\"query-input\":{\"@type\":\"PropertyValueSpecification\",\"valueRequired\":true,\"valueName\":\"search_term_string\"}}],\"inLanguage\":\"en-US\"},{\"@type\":\"Organization\",\"@id\":\"https:\\\/\\\/www.lassociation.fr\\\/en\\\/#organization\",\"name\":\"L\u2019Association\",\"url\":\"https:\\\/\\\/www.lassociation.fr\\\/en\\\/\",\"logo\":{\"@type\":\"ImageObject\",\"inLanguage\":\"en-US\",\"@id\":\"https:\\\/\\\/www.lassociation.fr\\\/en\\\/#\\\/schema\\\/logo\\\/image\\\/\",\"url\":\"https:\\\/\\\/www.lassociation.fr\\\/backoffice\\\/wp-content\\\/uploads\\\/2019\\\/11\\\/asso_large.png\",\"contentUrl\":\"https:\\\/\\\/www.lassociation.fr\\\/backoffice\\\/wp-content\\\/uploads\\\/2019\\\/11\\\/asso_large.png\",\"width\":1200,\"height\":630,\"caption\":\"L\u2019Association\"},\"image\":{\"@id\":\"https:\\\/\\\/www.lassociation.fr\\\/en\\\/#\\\/schema\\\/logo\\\/image\\\/\"},\"sameAs\":[\"https:\\\/\\\/www.facebook.com\\\/lhydrelasso\\\/\",\"https:\\\/\\\/x.com\\\/lassociation\",\"https:\\\/\\\/www.instagram.com\\\/editions_lassociation\",\"https:\\\/\\\/fr.wikipedia.org\\\/wiki\\\/LAssociation\",\"https:\\\/\\\/www.youtube.com\\\/@editions_lassociation\"]}]}<\/script>","yoast_head_json":{"title":"Suicide total [leporello] - L\u2019Association","robots":{"index":"index","follow":"follow","max-snippet":"max-snippet:-1","max-image-preview":"max-image-preview:large","max-video-preview":"max-video-preview:-1"},"canonical":"https:\/\/www.lassociation.fr\/en\/catalogue\/suicide-total\/","og_locale":"en_US","og_type":"article","og_title":"Suicide total [leporello] - L\u2019Association","og_description":"Julie Doucet avait promis d\u2019arr\u00eater la bande dessin\u00e9e et l\u2019autobiographie. Voici qu\u2019elle revient sur ses mots avec une fabuleuse fresque immersive. Nous sommes en 1989, Julie a 23 ans, elle r\u00e9alise des fanzines qu\u2019elle distribue dans les librairies ou par correspondance. Elle entame alors une relation \u00e9pistolaire intense avec l\u2019un de ses lecteurs, un Fran\u00e7ais [&hellip;]","og_url":"https:\/\/www.lassociation.fr\/en\/catalogue\/suicide-total\/","og_site_name":"L\u2019Association","article_publisher":"https:\/\/www.facebook.com\/lhydrelasso\/","article_modified_time":"2026-04-10T22:16:41+00:00","og_image":[{"width":1000,"height":1213,"url":"https:\/\/www.lassociation.fr\/backoffice\/wp-content\/uploads\/2022\/11\/SuicideTotal_3D_ferme.jpg","type":"image\/jpeg"}],"twitter_card":"summary_large_image","twitter_site":"@lassociation","schema":{"@context":"https:\/\/schema.org","@graph":[{"@type":"WebPage","@id":"https:\/\/www.lassociation.fr\/en\/catalogue\/suicide-total\/","url":"https:\/\/www.lassociation.fr\/en\/catalogue\/suicide-total\/","name":"Suicide total [leporello] - L\u2019Association","isPartOf":{"@id":"https:\/\/www.lassociation.fr\/en\/#website"},"primaryImageOfPage":{"@id":"https:\/\/www.lassociation.fr\/en\/catalogue\/suicide-total\/#primaryimage"},"image":{"@id":"https:\/\/www.lassociation.fr\/en\/catalogue\/suicide-total\/#primaryimage"},"thumbnailUrl":"https:\/\/www.lassociation.fr\/backoffice\/wp-content\/uploads\/2022\/11\/SuicideTotal_3D_ferme.jpg","datePublished":"2022-11-04T10:14:25+00:00","dateModified":"2026-04-10T22:16:41+00:00","breadcrumb":{"@id":"https:\/\/www.lassociation.fr\/en\/catalogue\/suicide-total\/#breadcrumb"},"inLanguage":"en-US","potentialAction":[{"@type":"ReadAction","target":["https:\/\/www.lassociation.fr\/en\/catalogue\/suicide-total\/"]}]},{"@type":"ImageObject","inLanguage":"en-US","@id":"https:\/\/www.lassociation.fr\/en\/catalogue\/suicide-total\/#primaryimage","url":"https:\/\/www.lassociation.fr\/backoffice\/wp-content\/uploads\/2022\/11\/SuicideTotal_3D_ferme.jpg","contentUrl":"https:\/\/www.lassociation.fr\/backoffice\/wp-content\/uploads\/2022\/11\/SuicideTotal_3D_ferme.jpg","width":1000,"height":1213},{"@type":"BreadcrumbList","@id":"https:\/\/www.lassociation.fr\/en\/catalogue\/suicide-total\/#breadcrumb","itemListElement":[{"@type":"ListItem","position":1,"name":"Accueil","item":"https:\/\/www.lassociation.fr\/en\/"},{"@type":"ListItem","position":2,"name":"Catalog","item":"https:\/\/www.lassociation.fr\/en\/catalogue\/"},{"@type":"ListItem","position":3,"name":"Suicide total [leporello]"}]},{"@type":"WebSite","@id":"https:\/\/www.lassociation.fr\/en\/#website","url":"https:\/\/www.lassociation.fr\/en\/","name":"L\u2019Association","description":"Maison d\u2019\u00e9dition fran\u00e7aise de bande dessin\u00e9e, fond\u00e9e en 1990.","publisher":{"@id":"https:\/\/www.lassociation.fr\/en\/#organization"},"potentialAction":[{"@type":"SearchAction","target":{"@type":"EntryPoint","urlTemplate":"https:\/\/www.lassociation.fr\/en\/?s={search_term_string}"},"query-input":{"@type":"PropertyValueSpecification","valueRequired":true,"valueName":"search_term_string"}}],"inLanguage":"en-US"},{"@type":"Organization","@id":"https:\/\/www.lassociation.fr\/en\/#organization","name":"L\u2019Association","url":"https:\/\/www.lassociation.fr\/en\/","logo":{"@type":"ImageObject","inLanguage":"en-US","@id":"https:\/\/www.lassociation.fr\/en\/#\/schema\/logo\/image\/","url":"https:\/\/www.lassociation.fr\/backoffice\/wp-content\/uploads\/2019\/11\/asso_large.png","contentUrl":"https:\/\/www.lassociation.fr\/backoffice\/wp-content\/uploads\/2019\/11\/asso_large.png","width":1200,"height":630,"caption":"L\u2019Association"},"image":{"@id":"https:\/\/www.lassociation.fr\/en\/#\/schema\/logo\/image\/"},"sameAs":["https:\/\/www.facebook.com\/lhydrelasso\/","https:\/\/x.com\/lassociation","https:\/\/www.instagram.com\/editions_lassociation","https:\/\/fr.wikipedia.org\/wiki\/LAssociation","https:\/\/www.youtube.com\/@editions_lassociation"]}]}},"_links":{"self":[{"href":"https:\/\/www.lassociation.fr\/en\/wp-json\/wp\/v2\/product\/21895","targetHints":{"allow":["GET"]}}],"collection":[{"href":"https:\/\/www.lassociation.fr\/en\/wp-json\/wp\/v2\/product"}],"about":[{"href":"https:\/\/www.lassociation.fr\/en\/wp-json\/wp\/v2\/types\/product"}],"wp:featuredmedia":[{"embeddable":true,"href":"https:\/\/www.lassociation.fr\/en\/wp-json\/wp\/v2\/media\/21896"}],"wp:attachment":[{"href":"https:\/\/www.lassociation.fr\/en\/wp-json\/wp\/v2\/media?parent=21895"}],"wp:term":[{"taxonomy":"product_cat","embeddable":true,"href":"https:\/\/www.lassociation.fr\/en\/wp-json\/wp\/v2\/product_cat?post=21895"},{"taxonomy":"product_tag","embeddable":true,"href":"https:\/\/www.lassociation.fr\/en\/wp-json\/wp\/v2\/product_tag?post=21895"}],"curies":[{"name":"wp","href":"https:\/\/api.w.org\/{rel}","templated":true}]}}