{"id":21907,"date":"2022-11-04T12:06:48","date_gmt":"2022-11-04T11:06:48","guid":{"rendered":"https:\/\/www.lassociation.fr\/?post_type=product&#038;p=21907"},"modified":"2026-01-22T11:39:35","modified_gmt":"2026-01-22T10:39:35","slug":"ex-libris","status":"publish","type":"product","link":"https:\/\/www.lassociation.fr\/en\/catalogue\/ex-libris\/","title":{"rendered":"Ex-libris"},"content":{"rendered":"<p>Un myst\u00e9rieux personnage se trouve dans une petite pi\u00e8ce, avec pour seul mobilier un lit, un tapis et une biblioth\u00e8que pleine de bandes dessin\u00e9es dont il entreprend la lecture. \u00c0 mesure qu\u2019il passe d\u2019un ouvrage \u00e0 l\u2019autre, les styles de dessin et les histoires se succ\u00e8dent, nous plongeant dans diff\u00e9rents univers graphiques et narratifs. L\u2019atmosph\u00e8re se fait de plus en plus inqui\u00e9tante, d\u2019autant que certains livres semblent contenir des messages secrets\u2026<\/p>\n<p>Apr\u00e8s<a href=\"https:\/\/www.lassociation.fr\/catalogue\/99-exercices-de-style\/\"><em> 99 exercices de style<\/em><\/a>, Matt Madden se livre ici \u00e0 un nouvel exercice d\u2019influence oubapienne, nous proposant un m\u00e9ta-r\u00e9cit truff\u00e9 de r\u00e9f\u00e9rences aux mondes de la bande dessin\u00e9e et de la litt\u00e9rature. <em>Ex\u2013libris<\/em> rend ainsi hommage \u00e0 des auteurs comme Jorge Luis Borges, Julio Cort\u00e1zar, Vladimir Nabokov ou encore Italo Calvino dont la nouvelle <em>Si par une nuit d&#8217;hiver un voyageur<\/em> a d\u2019ailleurs inspir\u00e9 ce livre. Matt Madden signe avec <em>Ex\u2013libris<\/em> une bande dessin\u00e9e labyrinthique qui se joue des fronti\u00e8res entre le r\u00e9el et l\u2019imaginaire.<\/p>\n","protected":false},"excerpt":{"rendered":"<p>Un myst\u00e9rieux personnage se trouve dans une petite pi\u00e8ce, avec pour seul mobilier un lit, un tapis et une biblioth\u00e8que pleine de bandes dessin\u00e9es dont il entreprend la lecture. \u00c0 mesure qu\u2019il passe d\u2019un ouvrage \u00e0 l\u2019autre, les styles de dessin et les histoires se succ\u00e8dent, nous plongeant dans diff\u00e9rents univers graphiques et narratifs. L\u2019atmosph\u00e8re [&hellip;]<\/p>\n","protected":false},"featured_media":21908,"template":"","meta":{"_acf_changed":false},"product_cat":[48,47],"product_tag":[],"class_list":{"0":"post-21907","1":"product","2":"type-product","3":"status-publish","4":"has-post-thumbnail","6":"product_cat-hors-collection","7":"product_cat-oubapo","8":"member-discount","9":"discount-restricted","11":"first","12":"instock","13":"taxable","14":"shipping-taxable","15":"purchasable","16":"product-type-simple"},"acf":[],"yoast_head":"<title>Ex-libris - L\u2019Association<\/title>\n<meta name=\"robots\" content=\"index, follow, max-snippet:-1, max-image-preview:large, max-video-preview:-1\" \/>\n<link rel=\"canonical\" href=\"https:\/\/www.lassociation.fr\/en\/catalogue\/ex-libris\/\" \/>\n<meta property=\"og:locale\" content=\"en_US\" \/>\n<meta property=\"og:type\" content=\"article\" \/>\n<meta property=\"og:title\" content=\"Ex-libris - L\u2019Association\" \/>\n<meta property=\"og:description\" content=\"Un myst\u00e9rieux personnage se trouve dans une petite pi\u00e8ce, avec pour seul mobilier un lit, un tapis et une biblioth\u00e8que pleine de bandes dessin\u00e9es dont il entreprend la lecture. \u00c0 mesure qu\u2019il passe d\u2019un ouvrage \u00e0 l\u2019autre, les styles de dessin et les histoires se succ\u00e8dent, nous plongeant dans diff\u00e9rents univers graphiques et narratifs. L\u2019atmosph\u00e8re [&hellip;]\" \/>\n<meta property=\"og:url\" content=\"https:\/\/www.lassociation.fr\/en\/catalogue\/ex-libris\/\" \/>\n<meta property=\"og:site_name\" content=\"L\u2019Association\" \/>\n<meta property=\"article:publisher\" content=\"https:\/\/www.facebook.com\/lhydrelasso\/\" \/>\n<meta property=\"article:modified_time\" content=\"2026-01-22T10:39:35+00:00\" \/>\n<meta property=\"og:image\" content=\"https:\/\/www.lassociation.fr\/backoffice\/wp-content\/uploads\/2022\/11\/Ex-Libris_couvDEF.jpg\" \/>\n\t<meta property=\"og:image:width\" content=\"1000\" \/>\n\t<meta property=\"og:image:height\" content=\"1344\" \/>\n\t<meta property=\"og:image:type\" content=\"image\/jpeg\" \/>\n<meta name=\"twitter:card\" content=\"summary_large_image\" \/>\n<meta name=\"twitter:site\" content=\"@lassociation\" \/>\n<script type=\"application\/ld+json\" class=\"yoast-schema-graph\">{\"@context\":\"https:\\\/\\\/schema.org\",\"@graph\":[{\"@type\":\"WebPage\",\"@id\":\"https:\\\/\\\/www.lassociation.fr\\\/en\\\/catalogue\\\/ex-libris\\\/\",\"url\":\"https:\\\/\\\/www.lassociation.fr\\\/en\\\/catalogue\\\/ex-libris\\\/\",\"name\":\"Ex-libris - L\u2019Association\",\"isPartOf\":{\"@id\":\"https:\\\/\\\/www.lassociation.fr\\\/en\\\/#website\"},\"primaryImageOfPage\":{\"@id\":\"https:\\\/\\\/www.lassociation.fr\\\/en\\\/catalogue\\\/ex-libris\\\/#primaryimage\"},\"image\":{\"@id\":\"https:\\\/\\\/www.lassociation.fr\\\/en\\\/catalogue\\\/ex-libris\\\/#primaryimage\"},\"thumbnailUrl\":\"https:\\\/\\\/www.lassociation.fr\\\/backoffice\\\/wp-content\\\/uploads\\\/2022\\\/11\\\/Ex-Libris_couvDEF.jpg\",\"datePublished\":\"2022-11-04T11:06:48+00:00\",\"dateModified\":\"2026-01-22T10:39:35+00:00\",\"breadcrumb\":{\"@id\":\"https:\\\/\\\/www.lassociation.fr\\\/en\\\/catalogue\\\/ex-libris\\\/#breadcrumb\"},\"inLanguage\":\"en-US\",\"potentialAction\":[{\"@type\":\"ReadAction\",\"target\":[\"https:\\\/\\\/www.lassociation.fr\\\/en\\\/catalogue\\\/ex-libris\\\/\"]}]},{\"@type\":\"ImageObject\",\"inLanguage\":\"en-US\",\"@id\":\"https:\\\/\\\/www.lassociation.fr\\\/en\\\/catalogue\\\/ex-libris\\\/#primaryimage\",\"url\":\"https:\\\/\\\/www.lassociation.fr\\\/backoffice\\\/wp-content\\\/uploads\\\/2022\\\/11\\\/Ex-Libris_couvDEF.jpg\",\"contentUrl\":\"https:\\\/\\\/www.lassociation.fr\\\/backoffice\\\/wp-content\\\/uploads\\\/2022\\\/11\\\/Ex-Libris_couvDEF.jpg\",\"width\":1000,\"height\":1344},{\"@type\":\"BreadcrumbList\",\"@id\":\"https:\\\/\\\/www.lassociation.fr\\\/en\\\/catalogue\\\/ex-libris\\\/#breadcrumb\",\"itemListElement\":[{\"@type\":\"ListItem\",\"position\":1,\"name\":\"Accueil\",\"item\":\"https:\\\/\\\/www.lassociation.fr\\\/en\\\/\"},{\"@type\":\"ListItem\",\"position\":2,\"name\":\"Catalog\",\"item\":\"https:\\\/\\\/www.lassociation.fr\\\/en\\\/catalogue\\\/\"},{\"@type\":\"ListItem\",\"position\":3,\"name\":\"Ex-libris\"}]},{\"@type\":\"WebSite\",\"@id\":\"https:\\\/\\\/www.lassociation.fr\\\/en\\\/#website\",\"url\":\"https:\\\/\\\/www.lassociation.fr\\\/en\\\/\",\"name\":\"L\u2019Association\",\"description\":\"Maison d\u2019\u00e9dition fran\u00e7aise de bande dessin\u00e9e, fond\u00e9e en 1990.\",\"publisher\":{\"@id\":\"https:\\\/\\\/www.lassociation.fr\\\/en\\\/#organization\"},\"potentialAction\":[{\"@type\":\"SearchAction\",\"target\":{\"@type\":\"EntryPoint\",\"urlTemplate\":\"https:\\\/\\\/www.lassociation.fr\\\/en\\\/?s={search_term_string}\"},\"query-input\":{\"@type\":\"PropertyValueSpecification\",\"valueRequired\":true,\"valueName\":\"search_term_string\"}}],\"inLanguage\":\"en-US\"},{\"@type\":\"Organization\",\"@id\":\"https:\\\/\\\/www.lassociation.fr\\\/en\\\/#organization\",\"name\":\"L\u2019Association\",\"url\":\"https:\\\/\\\/www.lassociation.fr\\\/en\\\/\",\"logo\":{\"@type\":\"ImageObject\",\"inLanguage\":\"en-US\",\"@id\":\"https:\\\/\\\/www.lassociation.fr\\\/en\\\/#\\\/schema\\\/logo\\\/image\\\/\",\"url\":\"https:\\\/\\\/www.lassociation.fr\\\/backoffice\\\/wp-content\\\/uploads\\\/2019\\\/11\\\/asso_large.png\",\"contentUrl\":\"https:\\\/\\\/www.lassociation.fr\\\/backoffice\\\/wp-content\\\/uploads\\\/2019\\\/11\\\/asso_large.png\",\"width\":1200,\"height\":630,\"caption\":\"L\u2019Association\"},\"image\":{\"@id\":\"https:\\\/\\\/www.lassociation.fr\\\/en\\\/#\\\/schema\\\/logo\\\/image\\\/\"},\"sameAs\":[\"https:\\\/\\\/www.facebook.com\\\/lhydrelasso\\\/\",\"https:\\\/\\\/x.com\\\/lassociation\",\"https:\\\/\\\/www.instagram.com\\\/editions_lassociation\",\"https:\\\/\\\/fr.wikipedia.org\\\/wiki\\\/LAssociation\",\"https:\\\/\\\/www.youtube.com\\\/@editions_lassociation\"]}]}<\/script>","yoast_head_json":{"title":"Ex-libris - L\u2019Association","robots":{"index":"index","follow":"follow","max-snippet":"max-snippet:-1","max-image-preview":"max-image-preview:large","max-video-preview":"max-video-preview:-1"},"canonical":"https:\/\/www.lassociation.fr\/en\/catalogue\/ex-libris\/","og_locale":"en_US","og_type":"article","og_title":"Ex-libris - L\u2019Association","og_description":"Un myst\u00e9rieux personnage se trouve dans une petite pi\u00e8ce, avec pour seul mobilier un lit, un tapis et une biblioth\u00e8que pleine de bandes dessin\u00e9es dont il entreprend la lecture. \u00c0 mesure qu\u2019il passe d\u2019un ouvrage \u00e0 l\u2019autre, les styles de dessin et les histoires se succ\u00e8dent, nous plongeant dans diff\u00e9rents univers graphiques et narratifs. L\u2019atmosph\u00e8re [&hellip;]","og_url":"https:\/\/www.lassociation.fr\/en\/catalogue\/ex-libris\/","og_site_name":"L\u2019Association","article_publisher":"https:\/\/www.facebook.com\/lhydrelasso\/","article_modified_time":"2026-01-22T10:39:35+00:00","og_image":[{"width":1000,"height":1344,"url":"https:\/\/www.lassociation.fr\/backoffice\/wp-content\/uploads\/2022\/11\/Ex-Libris_couvDEF.jpg","type":"image\/jpeg"}],"twitter_card":"summary_large_image","twitter_site":"@lassociation","schema":{"@context":"https:\/\/schema.org","@graph":[{"@type":"WebPage","@id":"https:\/\/www.lassociation.fr\/en\/catalogue\/ex-libris\/","url":"https:\/\/www.lassociation.fr\/en\/catalogue\/ex-libris\/","name":"Ex-libris - L\u2019Association","isPartOf":{"@id":"https:\/\/www.lassociation.fr\/en\/#website"},"primaryImageOfPage":{"@id":"https:\/\/www.lassociation.fr\/en\/catalogue\/ex-libris\/#primaryimage"},"image":{"@id":"https:\/\/www.lassociation.fr\/en\/catalogue\/ex-libris\/#primaryimage"},"thumbnailUrl":"https:\/\/www.lassociation.fr\/backoffice\/wp-content\/uploads\/2022\/11\/Ex-Libris_couvDEF.jpg","datePublished":"2022-11-04T11:06:48+00:00","dateModified":"2026-01-22T10:39:35+00:00","breadcrumb":{"@id":"https:\/\/www.lassociation.fr\/en\/catalogue\/ex-libris\/#breadcrumb"},"inLanguage":"en-US","potentialAction":[{"@type":"ReadAction","target":["https:\/\/www.lassociation.fr\/en\/catalogue\/ex-libris\/"]}]},{"@type":"ImageObject","inLanguage":"en-US","@id":"https:\/\/www.lassociation.fr\/en\/catalogue\/ex-libris\/#primaryimage","url":"https:\/\/www.lassociation.fr\/backoffice\/wp-content\/uploads\/2022\/11\/Ex-Libris_couvDEF.jpg","contentUrl":"https:\/\/www.lassociation.fr\/backoffice\/wp-content\/uploads\/2022\/11\/Ex-Libris_couvDEF.jpg","width":1000,"height":1344},{"@type":"BreadcrumbList","@id":"https:\/\/www.lassociation.fr\/en\/catalogue\/ex-libris\/#breadcrumb","itemListElement":[{"@type":"ListItem","position":1,"name":"Accueil","item":"https:\/\/www.lassociation.fr\/en\/"},{"@type":"ListItem","position":2,"name":"Catalog","item":"https:\/\/www.lassociation.fr\/en\/catalogue\/"},{"@type":"ListItem","position":3,"name":"Ex-libris"}]},{"@type":"WebSite","@id":"https:\/\/www.lassociation.fr\/en\/#website","url":"https:\/\/www.lassociation.fr\/en\/","name":"L\u2019Association","description":"Maison d\u2019\u00e9dition fran\u00e7aise de bande dessin\u00e9e, fond\u00e9e en 1990.","publisher":{"@id":"https:\/\/www.lassociation.fr\/en\/#organization"},"potentialAction":[{"@type":"SearchAction","target":{"@type":"EntryPoint","urlTemplate":"https:\/\/www.lassociation.fr\/en\/?s={search_term_string}"},"query-input":{"@type":"PropertyValueSpecification","valueRequired":true,"valueName":"search_term_string"}}],"inLanguage":"en-US"},{"@type":"Organization","@id":"https:\/\/www.lassociation.fr\/en\/#organization","name":"L\u2019Association","url":"https:\/\/www.lassociation.fr\/en\/","logo":{"@type":"ImageObject","inLanguage":"en-US","@id":"https:\/\/www.lassociation.fr\/en\/#\/schema\/logo\/image\/","url":"https:\/\/www.lassociation.fr\/backoffice\/wp-content\/uploads\/2019\/11\/asso_large.png","contentUrl":"https:\/\/www.lassociation.fr\/backoffice\/wp-content\/uploads\/2019\/11\/asso_large.png","width":1200,"height":630,"caption":"L\u2019Association"},"image":{"@id":"https:\/\/www.lassociation.fr\/en\/#\/schema\/logo\/image\/"},"sameAs":["https:\/\/www.facebook.com\/lhydrelasso\/","https:\/\/x.com\/lassociation","https:\/\/www.instagram.com\/editions_lassociation","https:\/\/fr.wikipedia.org\/wiki\/LAssociation","https:\/\/www.youtube.com\/@editions_lassociation"]}]}},"_links":{"self":[{"href":"https:\/\/www.lassociation.fr\/en\/wp-json\/wp\/v2\/product\/21907","targetHints":{"allow":["GET"]}}],"collection":[{"href":"https:\/\/www.lassociation.fr\/en\/wp-json\/wp\/v2\/product"}],"about":[{"href":"https:\/\/www.lassociation.fr\/en\/wp-json\/wp\/v2\/types\/product"}],"wp:featuredmedia":[{"embeddable":true,"href":"https:\/\/www.lassociation.fr\/en\/wp-json\/wp\/v2\/media\/21908"}],"wp:attachment":[{"href":"https:\/\/www.lassociation.fr\/en\/wp-json\/wp\/v2\/media?parent=21907"}],"wp:term":[{"taxonomy":"product_cat","embeddable":true,"href":"https:\/\/www.lassociation.fr\/en\/wp-json\/wp\/v2\/product_cat?post=21907"},{"taxonomy":"product_tag","embeddable":true,"href":"https:\/\/www.lassociation.fr\/en\/wp-json\/wp\/v2\/product_tag?post=21907"}],"curies":[{"name":"wp","href":"https:\/\/api.w.org\/{rel}","templated":true}]}}