{"id":22857,"date":"2023-03-06T12:21:00","date_gmt":"2023-03-06T11:21:00","guid":{"rendered":"https:\/\/www.lassociation.fr\/?post_type=product&#038;p=22857"},"modified":"2026-04-11T21:43:24","modified_gmt":"2026-04-11T19:43:24","slug":"inuit","status":"publish","type":"product","link":"https:\/\/www.lassociation.fr\/en\/catalogue\/inuit\/","title":{"rendered":"Inuit"},"content":{"rendered":"<p>Vingt ans apr\u00e8s avoir d\u00e9couvert l\u2019art inuit au mus\u00e9e des beaux-arts du Canada, Edmond Baudoin r\u00e9alise avec son ami le dessinateur Troubs, ce grand voyage qu\u2019ils attendaient depuis longtemps : se rendre dans deux territoires peupl\u00e9s par des Inuits, le Labrador et le Nunavut. Un p\u00e9riple aussi compliqu\u00e9 qu\u2019on\u00e9reux car ces r\u00e9gions isol\u00e9es sont difficiles d\u2019acc\u00e8s\u2026<\/p>\n<p>La force des r\u00e9cits de Baudoin et Troubs r\u00e9side dans l\u2019accumulation de t\u00e9moignages et de points de vue vari\u00e9s comme ceux d\u2019une biblioth\u00e9caire, d\u2019un ancien maire, d\u2019un sculpteur, d\u2019un arch\u00e9ologue, d\u2019une activiste\u2026 En assemblant leurs r\u00e9cits, <em>Inuit<\/em> \u00e9voque les probl\u00e8mes \u00e9conomiques, sociaux et \u00e9cologiques que rencontrent ces populations autochtones du nord du continent am\u00e9ricain et surtout, l\u2019angoisse existentielle qui les habite. Car les modes de vie se sont radicalement transform\u00e9s au cours du si\u00e8cle pass\u00e9 \u2013 du fait de la s\u00e9dentarisation et de la colonisation \u2013 et des pans entiers de la culture traditionnelle disparaissent.<\/p>\n<p>Loin d\u2019\u00eatre uniquement un livre de voyage vers des contr\u00e9es lointaines, <em>Inuit\u00a0<\/em>propose un \u00e9tat des lieux po\u00e9tique, non-exhaustif et humaniste de la culture inuite en ce d\u00e9but de XXI<sup>e<\/sup> si\u00e8cle.<\/p>\n","protected":false},"excerpt":{"rendered":"<p>Vingt ans apr\u00e8s avoir d\u00e9couvert l\u2019art inuit au mus\u00e9e des beaux-arts du Canada, Edmond Baudoin r\u00e9alise avec son ami le dessinateur Troubs, ce grand voyage qu\u2019ils attendaient depuis longtemps : se rendre dans deux territoires peupl\u00e9s par des Inuits, le Labrador et le Nunavut. Un p\u00e9riple aussi compliqu\u00e9 qu\u2019on\u00e9reux car ces r\u00e9gions isol\u00e9es sont difficiles [&hellip;]<\/p>\n","protected":false},"featured_media":22858,"template":"","meta":{"_acf_changed":false},"product_cat":[43],"product_tag":[],"class_list":{"0":"post-22857","1":"product","2":"type-product","3":"status-publish","4":"has-post-thumbnail","6":"product_cat-eperluette","7":"member-discount","8":"discount-restricted","10":"first","11":"instock","12":"taxable","13":"shipping-taxable","14":"purchasable","15":"product-type-simple"},"acf":[],"yoast_head":"<title>Inuit - L\u2019Association<\/title>\n<meta name=\"robots\" content=\"index, follow, max-snippet:-1, max-image-preview:large, max-video-preview:-1\" \/>\n<link rel=\"canonical\" href=\"https:\/\/www.lassociation.fr\/en\/catalogue\/inuit\/\" \/>\n<meta property=\"og:locale\" content=\"en_US\" \/>\n<meta property=\"og:type\" content=\"article\" \/>\n<meta property=\"og:title\" content=\"Inuit - L\u2019Association\" \/>\n<meta property=\"og:description\" content=\"Vingt ans apr\u00e8s avoir d\u00e9couvert l\u2019art inuit au mus\u00e9e des beaux-arts du Canada, Edmond Baudoin r\u00e9alise avec son ami le dessinateur Troubs, ce grand voyage qu\u2019ils attendaient depuis longtemps : se rendre dans deux territoires peupl\u00e9s par des Inuits, le Labrador et le Nunavut. Un p\u00e9riple aussi compliqu\u00e9 qu\u2019on\u00e9reux car ces r\u00e9gions isol\u00e9es sont difficiles [&hellip;]\" \/>\n<meta property=\"og:url\" content=\"https:\/\/www.lassociation.fr\/en\/catalogue\/inuit\/\" \/>\n<meta property=\"og:site_name\" content=\"L\u2019Association\" \/>\n<meta property=\"article:publisher\" content=\"https:\/\/www.facebook.com\/lhydrelasso\/\" \/>\n<meta property=\"article:modified_time\" content=\"2026-04-11T19:43:24+00:00\" \/>\n<meta property=\"og:image\" content=\"https:\/\/www.lassociation.fr\/backoffice\/wp-content\/uploads\/2023\/02\/INUIT_Couv_ok.jpg\" \/>\n\t<meta property=\"og:image:width\" content=\"1301\" \/>\n\t<meta property=\"og:image:height\" content=\"1713\" \/>\n\t<meta property=\"og:image:type\" content=\"image\/jpeg\" \/>\n<meta name=\"twitter:card\" content=\"summary_large_image\" \/>\n<meta name=\"twitter:site\" content=\"@lassociation\" \/>\n<script type=\"application\/ld+json\" class=\"yoast-schema-graph\">{\"@context\":\"https:\\\/\\\/schema.org\",\"@graph\":[{\"@type\":\"WebPage\",\"@id\":\"https:\\\/\\\/www.lassociation.fr\\\/en\\\/catalogue\\\/inuit\\\/\",\"url\":\"https:\\\/\\\/www.lassociation.fr\\\/en\\\/catalogue\\\/inuit\\\/\",\"name\":\"Inuit - L\u2019Association\",\"isPartOf\":{\"@id\":\"https:\\\/\\\/www.lassociation.fr\\\/en\\\/#website\"},\"primaryImageOfPage\":{\"@id\":\"https:\\\/\\\/www.lassociation.fr\\\/en\\\/catalogue\\\/inuit\\\/#primaryimage\"},\"image\":{\"@id\":\"https:\\\/\\\/www.lassociation.fr\\\/en\\\/catalogue\\\/inuit\\\/#primaryimage\"},\"thumbnailUrl\":\"https:\\\/\\\/www.lassociation.fr\\\/backoffice\\\/wp-content\\\/uploads\\\/2023\\\/02\\\/INUIT_Couv_ok.jpg\",\"datePublished\":\"2023-03-06T11:21:00+00:00\",\"dateModified\":\"2026-04-11T19:43:24+00:00\",\"breadcrumb\":{\"@id\":\"https:\\\/\\\/www.lassociation.fr\\\/en\\\/catalogue\\\/inuit\\\/#breadcrumb\"},\"inLanguage\":\"en-US\",\"potentialAction\":[{\"@type\":\"ReadAction\",\"target\":[\"https:\\\/\\\/www.lassociation.fr\\\/en\\\/catalogue\\\/inuit\\\/\"]}]},{\"@type\":\"ImageObject\",\"inLanguage\":\"en-US\",\"@id\":\"https:\\\/\\\/www.lassociation.fr\\\/en\\\/catalogue\\\/inuit\\\/#primaryimage\",\"url\":\"https:\\\/\\\/www.lassociation.fr\\\/backoffice\\\/wp-content\\\/uploads\\\/2023\\\/02\\\/INUIT_Couv_ok.jpg\",\"contentUrl\":\"https:\\\/\\\/www.lassociation.fr\\\/backoffice\\\/wp-content\\\/uploads\\\/2023\\\/02\\\/INUIT_Couv_ok.jpg\",\"width\":1301,\"height\":1713},{\"@type\":\"BreadcrumbList\",\"@id\":\"https:\\\/\\\/www.lassociation.fr\\\/en\\\/catalogue\\\/inuit\\\/#breadcrumb\",\"itemListElement\":[{\"@type\":\"ListItem\",\"position\":1,\"name\":\"Accueil\",\"item\":\"https:\\\/\\\/www.lassociation.fr\\\/en\\\/\"},{\"@type\":\"ListItem\",\"position\":2,\"name\":\"Catalog\",\"item\":\"https:\\\/\\\/www.lassociation.fr\\\/en\\\/catalogue\\\/\"},{\"@type\":\"ListItem\",\"position\":3,\"name\":\"Inuit\"}]},{\"@type\":\"WebSite\",\"@id\":\"https:\\\/\\\/www.lassociation.fr\\\/en\\\/#website\",\"url\":\"https:\\\/\\\/www.lassociation.fr\\\/en\\\/\",\"name\":\"L\u2019Association\",\"description\":\"Maison d\u2019\u00e9dition fran\u00e7aise de bande dessin\u00e9e, fond\u00e9e en 1990.\",\"publisher\":{\"@id\":\"https:\\\/\\\/www.lassociation.fr\\\/en\\\/#organization\"},\"potentialAction\":[{\"@type\":\"SearchAction\",\"target\":{\"@type\":\"EntryPoint\",\"urlTemplate\":\"https:\\\/\\\/www.lassociation.fr\\\/en\\\/?s={search_term_string}\"},\"query-input\":{\"@type\":\"PropertyValueSpecification\",\"valueRequired\":true,\"valueName\":\"search_term_string\"}}],\"inLanguage\":\"en-US\"},{\"@type\":\"Organization\",\"@id\":\"https:\\\/\\\/www.lassociation.fr\\\/en\\\/#organization\",\"name\":\"L\u2019Association\",\"url\":\"https:\\\/\\\/www.lassociation.fr\\\/en\\\/\",\"logo\":{\"@type\":\"ImageObject\",\"inLanguage\":\"en-US\",\"@id\":\"https:\\\/\\\/www.lassociation.fr\\\/en\\\/#\\\/schema\\\/logo\\\/image\\\/\",\"url\":\"https:\\\/\\\/www.lassociation.fr\\\/backoffice\\\/wp-content\\\/uploads\\\/2019\\\/11\\\/asso_large.png\",\"contentUrl\":\"https:\\\/\\\/www.lassociation.fr\\\/backoffice\\\/wp-content\\\/uploads\\\/2019\\\/11\\\/asso_large.png\",\"width\":1200,\"height\":630,\"caption\":\"L\u2019Association\"},\"image\":{\"@id\":\"https:\\\/\\\/www.lassociation.fr\\\/en\\\/#\\\/schema\\\/logo\\\/image\\\/\"},\"sameAs\":[\"https:\\\/\\\/www.facebook.com\\\/lhydrelasso\\\/\",\"https:\\\/\\\/x.com\\\/lassociation\",\"https:\\\/\\\/www.instagram.com\\\/editions_lassociation\",\"https:\\\/\\\/fr.wikipedia.org\\\/wiki\\\/LAssociation\",\"https:\\\/\\\/www.youtube.com\\\/@editions_lassociation\"]}]}<\/script>","yoast_head_json":{"title":"Inuit - L\u2019Association","robots":{"index":"index","follow":"follow","max-snippet":"max-snippet:-1","max-image-preview":"max-image-preview:large","max-video-preview":"max-video-preview:-1"},"canonical":"https:\/\/www.lassociation.fr\/en\/catalogue\/inuit\/","og_locale":"en_US","og_type":"article","og_title":"Inuit - L\u2019Association","og_description":"Vingt ans apr\u00e8s avoir d\u00e9couvert l\u2019art inuit au mus\u00e9e des beaux-arts du Canada, Edmond Baudoin r\u00e9alise avec son ami le dessinateur Troubs, ce grand voyage qu\u2019ils attendaient depuis longtemps : se rendre dans deux territoires peupl\u00e9s par des Inuits, le Labrador et le Nunavut. Un p\u00e9riple aussi compliqu\u00e9 qu\u2019on\u00e9reux car ces r\u00e9gions isol\u00e9es sont difficiles [&hellip;]","og_url":"https:\/\/www.lassociation.fr\/en\/catalogue\/inuit\/","og_site_name":"L\u2019Association","article_publisher":"https:\/\/www.facebook.com\/lhydrelasso\/","article_modified_time":"2026-04-11T19:43:24+00:00","og_image":[{"width":1301,"height":1713,"url":"https:\/\/www.lassociation.fr\/backoffice\/wp-content\/uploads\/2023\/02\/INUIT_Couv_ok.jpg","type":"image\/jpeg"}],"twitter_card":"summary_large_image","twitter_site":"@lassociation","schema":{"@context":"https:\/\/schema.org","@graph":[{"@type":"WebPage","@id":"https:\/\/www.lassociation.fr\/en\/catalogue\/inuit\/","url":"https:\/\/www.lassociation.fr\/en\/catalogue\/inuit\/","name":"Inuit - L\u2019Association","isPartOf":{"@id":"https:\/\/www.lassociation.fr\/en\/#website"},"primaryImageOfPage":{"@id":"https:\/\/www.lassociation.fr\/en\/catalogue\/inuit\/#primaryimage"},"image":{"@id":"https:\/\/www.lassociation.fr\/en\/catalogue\/inuit\/#primaryimage"},"thumbnailUrl":"https:\/\/www.lassociation.fr\/backoffice\/wp-content\/uploads\/2023\/02\/INUIT_Couv_ok.jpg","datePublished":"2023-03-06T11:21:00+00:00","dateModified":"2026-04-11T19:43:24+00:00","breadcrumb":{"@id":"https:\/\/www.lassociation.fr\/en\/catalogue\/inuit\/#breadcrumb"},"inLanguage":"en-US","potentialAction":[{"@type":"ReadAction","target":["https:\/\/www.lassociation.fr\/en\/catalogue\/inuit\/"]}]},{"@type":"ImageObject","inLanguage":"en-US","@id":"https:\/\/www.lassociation.fr\/en\/catalogue\/inuit\/#primaryimage","url":"https:\/\/www.lassociation.fr\/backoffice\/wp-content\/uploads\/2023\/02\/INUIT_Couv_ok.jpg","contentUrl":"https:\/\/www.lassociation.fr\/backoffice\/wp-content\/uploads\/2023\/02\/INUIT_Couv_ok.jpg","width":1301,"height":1713},{"@type":"BreadcrumbList","@id":"https:\/\/www.lassociation.fr\/en\/catalogue\/inuit\/#breadcrumb","itemListElement":[{"@type":"ListItem","position":1,"name":"Accueil","item":"https:\/\/www.lassociation.fr\/en\/"},{"@type":"ListItem","position":2,"name":"Catalog","item":"https:\/\/www.lassociation.fr\/en\/catalogue\/"},{"@type":"ListItem","position":3,"name":"Inuit"}]},{"@type":"WebSite","@id":"https:\/\/www.lassociation.fr\/en\/#website","url":"https:\/\/www.lassociation.fr\/en\/","name":"L\u2019Association","description":"Maison d\u2019\u00e9dition fran\u00e7aise de bande dessin\u00e9e, fond\u00e9e en 1990.","publisher":{"@id":"https:\/\/www.lassociation.fr\/en\/#organization"},"potentialAction":[{"@type":"SearchAction","target":{"@type":"EntryPoint","urlTemplate":"https:\/\/www.lassociation.fr\/en\/?s={search_term_string}"},"query-input":{"@type":"PropertyValueSpecification","valueRequired":true,"valueName":"search_term_string"}}],"inLanguage":"en-US"},{"@type":"Organization","@id":"https:\/\/www.lassociation.fr\/en\/#organization","name":"L\u2019Association","url":"https:\/\/www.lassociation.fr\/en\/","logo":{"@type":"ImageObject","inLanguage":"en-US","@id":"https:\/\/www.lassociation.fr\/en\/#\/schema\/logo\/image\/","url":"https:\/\/www.lassociation.fr\/backoffice\/wp-content\/uploads\/2019\/11\/asso_large.png","contentUrl":"https:\/\/www.lassociation.fr\/backoffice\/wp-content\/uploads\/2019\/11\/asso_large.png","width":1200,"height":630,"caption":"L\u2019Association"},"image":{"@id":"https:\/\/www.lassociation.fr\/en\/#\/schema\/logo\/image\/"},"sameAs":["https:\/\/www.facebook.com\/lhydrelasso\/","https:\/\/x.com\/lassociation","https:\/\/www.instagram.com\/editions_lassociation","https:\/\/fr.wikipedia.org\/wiki\/LAssociation","https:\/\/www.youtube.com\/@editions_lassociation"]}]}},"_links":{"self":[{"href":"https:\/\/www.lassociation.fr\/en\/wp-json\/wp\/v2\/product\/22857","targetHints":{"allow":["GET"]}}],"collection":[{"href":"https:\/\/www.lassociation.fr\/en\/wp-json\/wp\/v2\/product"}],"about":[{"href":"https:\/\/www.lassociation.fr\/en\/wp-json\/wp\/v2\/types\/product"}],"wp:featuredmedia":[{"embeddable":true,"href":"https:\/\/www.lassociation.fr\/en\/wp-json\/wp\/v2\/media\/22858"}],"wp:attachment":[{"href":"https:\/\/www.lassociation.fr\/en\/wp-json\/wp\/v2\/media?parent=22857"}],"wp:term":[{"taxonomy":"product_cat","embeddable":true,"href":"https:\/\/www.lassociation.fr\/en\/wp-json\/wp\/v2\/product_cat?post=22857"},{"taxonomy":"product_tag","embeddable":true,"href":"https:\/\/www.lassociation.fr\/en\/wp-json\/wp\/v2\/product_tag?post=22857"}],"curies":[{"name":"wp","href":"https:\/\/api.w.org\/{rel}","templated":true}]}}