{"id":23853,"date":"2024-01-01T16:33:02","date_gmt":"2024-01-01T15:33:02","guid":{"rendered":"https:\/\/www.lassociation.fr\/?post_type=product&#038;p=23853"},"modified":"2026-02-11T05:39:01","modified_gmt":"2026-02-11T04:39:01","slug":"malgre-tout-je-suis-ici","status":"publish","type":"product","link":"https:\/\/www.lassociation.fr\/en\/catalogue\/malgre-tout-je-suis-ici\/","title":{"rendered":"Malgr\u00e9 tout je suis ici"},"content":{"rendered":"<p>Comment dompter la solitude ? Que faire face \u00e0 une amie indiff\u00e9rente ou qui nous trahit\u00a0? De quelle mani\u00e8re r\u00e9agir face au racisme ordinaire ? Quelle est la marche \u00e0 suivre pour concocter de d\u00e9licieux <em>m<\/em><em>andu <\/em>? Faut-il pr\u00e9parer administrativement sa mort\u00a0? Voici quelques-unes des questions existentielles abord\u00e9es par Silki dans <em>Malgr\u00e9 tout je suis ici, <\/em>collection de r\u00e9cits \u00e0 dimension autobiographique.<\/p>\n<p>Arriv\u00e9e en France en 2016 apr\u00e8s plusieurs ann\u00e9es d\u2019\u00e9tudes en Inde, l\u2019autrice sud-cor\u00e9enne \u00e9voque tour \u00e0 tour dans ce recueil les \u00e9carts culturels auxquels elle fait face, les difficult\u00e9s relationnelles rencontr\u00e9es ainsi que les \u00e9motions qui la traversent.\u00a0 Ligne claire, trait plus \u00e9pais, trames, le dessin de Silki mute avec virtuosit\u00e9 au gr\u00e9 des histoires, faisant appara\u00eetre des personnages tant\u00f4t humains tant\u00f4t animaliers, expressifs et bien souvent, hautement r\u00e9confortants. Les r\u00e9cits se succ\u00e8dent pour former le tableau d\u2019un passage \u00e0 l\u2019\u00e2ge adulte sinueux et touchant.<\/p>\n","protected":false},"excerpt":{"rendered":"<p>Comment dompter la solitude ? Que faire face \u00e0 une amie indiff\u00e9rente ou qui nous trahit\u00a0? De quelle mani\u00e8re r\u00e9agir face au racisme ordinaire ? Quelle est la marche \u00e0 suivre pour concocter de d\u00e9licieux mandu ? Faut-il pr\u00e9parer administrativement sa mort\u00a0? Voici quelques-unes des questions existentielles abord\u00e9es par Silki dans Malgr\u00e9 tout je suis [&hellip;]<\/p>\n","protected":false},"featured_media":23854,"template":"","meta":{"_acf_changed":false},"product_cat":[48],"product_tag":[],"class_list":{"0":"post-23853","1":"product","2":"type-product","3":"status-publish","4":"has-post-thumbnail","6":"product_cat-hors-collection","7":"member-discount","8":"discount-restricted","10":"first","11":"instock","12":"taxable","13":"shipping-taxable","14":"purchasable","15":"product-type-simple"},"acf":[],"yoast_head":"<title>Malgr\u00e9 tout je suis ici - L\u2019Association<\/title>\n<meta name=\"robots\" content=\"index, follow, max-snippet:-1, max-image-preview:large, max-video-preview:-1\" \/>\n<link rel=\"canonical\" href=\"https:\/\/www.lassociation.fr\/en\/catalogue\/malgre-tout-je-suis-ici\/\" \/>\n<meta property=\"og:locale\" content=\"en_US\" \/>\n<meta property=\"og:type\" content=\"article\" \/>\n<meta property=\"og:title\" content=\"Malgr\u00e9 tout je suis ici - L\u2019Association\" \/>\n<meta property=\"og:description\" content=\"Comment dompter la solitude ? Que faire face \u00e0 une amie indiff\u00e9rente ou qui nous trahit\u00a0? De quelle mani\u00e8re r\u00e9agir face au racisme ordinaire ? Quelle est la marche \u00e0 suivre pour concocter de d\u00e9licieux mandu ? Faut-il pr\u00e9parer administrativement sa mort\u00a0? Voici quelques-unes des questions existentielles abord\u00e9es par Silki dans Malgr\u00e9 tout je suis [&hellip;]\" \/>\n<meta property=\"og:url\" content=\"https:\/\/www.lassociation.fr\/en\/catalogue\/malgre-tout-je-suis-ici\/\" \/>\n<meta property=\"og:site_name\" content=\"L\u2019Association\" \/>\n<meta property=\"article:publisher\" content=\"https:\/\/www.facebook.com\/lhydrelasso\/\" \/>\n<meta property=\"article:modified_time\" content=\"2026-02-11T04:39:01+00:00\" \/>\n<meta property=\"og:image\" content=\"https:\/\/www.lassociation.fr\/backoffice\/wp-content\/uploads\/2023\/10\/MalgreTout_couvSite.jpg\" \/>\n\t<meta property=\"og:image:width\" content=\"714\" \/>\n\t<meta property=\"og:image:height\" content=\"1000\" \/>\n\t<meta property=\"og:image:type\" content=\"image\/jpeg\" \/>\n<meta name=\"twitter:card\" content=\"summary_large_image\" \/>\n<meta name=\"twitter:site\" content=\"@lassociation\" \/>\n<script type=\"application\/ld+json\" class=\"yoast-schema-graph\">{\"@context\":\"https:\\\/\\\/schema.org\",\"@graph\":[{\"@type\":\"WebPage\",\"@id\":\"https:\\\/\\\/www.lassociation.fr\\\/en\\\/catalogue\\\/malgre-tout-je-suis-ici\\\/\",\"url\":\"https:\\\/\\\/www.lassociation.fr\\\/en\\\/catalogue\\\/malgre-tout-je-suis-ici\\\/\",\"name\":\"Malgr\u00e9 tout je suis ici - L\u2019Association\",\"isPartOf\":{\"@id\":\"https:\\\/\\\/www.lassociation.fr\\\/en\\\/#website\"},\"primaryImageOfPage\":{\"@id\":\"https:\\\/\\\/www.lassociation.fr\\\/en\\\/catalogue\\\/malgre-tout-je-suis-ici\\\/#primaryimage\"},\"image\":{\"@id\":\"https:\\\/\\\/www.lassociation.fr\\\/en\\\/catalogue\\\/malgre-tout-je-suis-ici\\\/#primaryimage\"},\"thumbnailUrl\":\"https:\\\/\\\/www.lassociation.fr\\\/backoffice\\\/wp-content\\\/uploads\\\/2023\\\/10\\\/MalgreTout_couvSite.jpg\",\"datePublished\":\"2024-01-01T15:33:02+00:00\",\"dateModified\":\"2026-02-11T04:39:01+00:00\",\"breadcrumb\":{\"@id\":\"https:\\\/\\\/www.lassociation.fr\\\/en\\\/catalogue\\\/malgre-tout-je-suis-ici\\\/#breadcrumb\"},\"inLanguage\":\"en-US\",\"potentialAction\":[{\"@type\":\"ReadAction\",\"target\":[\"https:\\\/\\\/www.lassociation.fr\\\/en\\\/catalogue\\\/malgre-tout-je-suis-ici\\\/\"]}]},{\"@type\":\"ImageObject\",\"inLanguage\":\"en-US\",\"@id\":\"https:\\\/\\\/www.lassociation.fr\\\/en\\\/catalogue\\\/malgre-tout-je-suis-ici\\\/#primaryimage\",\"url\":\"https:\\\/\\\/www.lassociation.fr\\\/backoffice\\\/wp-content\\\/uploads\\\/2023\\\/10\\\/MalgreTout_couvSite.jpg\",\"contentUrl\":\"https:\\\/\\\/www.lassociation.fr\\\/backoffice\\\/wp-content\\\/uploads\\\/2023\\\/10\\\/MalgreTout_couvSite.jpg\",\"width\":714,\"height\":1000},{\"@type\":\"BreadcrumbList\",\"@id\":\"https:\\\/\\\/www.lassociation.fr\\\/en\\\/catalogue\\\/malgre-tout-je-suis-ici\\\/#breadcrumb\",\"itemListElement\":[{\"@type\":\"ListItem\",\"position\":1,\"name\":\"Accueil\",\"item\":\"https:\\\/\\\/www.lassociation.fr\\\/en\\\/\"},{\"@type\":\"ListItem\",\"position\":2,\"name\":\"Catalog\",\"item\":\"https:\\\/\\\/www.lassociation.fr\\\/en\\\/catalogue\\\/\"},{\"@type\":\"ListItem\",\"position\":3,\"name\":\"Malgr\u00e9 tout je suis ici\"}]},{\"@type\":\"WebSite\",\"@id\":\"https:\\\/\\\/www.lassociation.fr\\\/en\\\/#website\",\"url\":\"https:\\\/\\\/www.lassociation.fr\\\/en\\\/\",\"name\":\"L\u2019Association\",\"description\":\"Maison d\u2019\u00e9dition fran\u00e7aise de bande dessin\u00e9e, fond\u00e9e en 1990.\",\"publisher\":{\"@id\":\"https:\\\/\\\/www.lassociation.fr\\\/en\\\/#organization\"},\"potentialAction\":[{\"@type\":\"SearchAction\",\"target\":{\"@type\":\"EntryPoint\",\"urlTemplate\":\"https:\\\/\\\/www.lassociation.fr\\\/en\\\/?s={search_term_string}\"},\"query-input\":{\"@type\":\"PropertyValueSpecification\",\"valueRequired\":true,\"valueName\":\"search_term_string\"}}],\"inLanguage\":\"en-US\"},{\"@type\":\"Organization\",\"@id\":\"https:\\\/\\\/www.lassociation.fr\\\/en\\\/#organization\",\"name\":\"L\u2019Association\",\"url\":\"https:\\\/\\\/www.lassociation.fr\\\/en\\\/\",\"logo\":{\"@type\":\"ImageObject\",\"inLanguage\":\"en-US\",\"@id\":\"https:\\\/\\\/www.lassociation.fr\\\/en\\\/#\\\/schema\\\/logo\\\/image\\\/\",\"url\":\"https:\\\/\\\/www.lassociation.fr\\\/backoffice\\\/wp-content\\\/uploads\\\/2019\\\/11\\\/asso_large.png\",\"contentUrl\":\"https:\\\/\\\/www.lassociation.fr\\\/backoffice\\\/wp-content\\\/uploads\\\/2019\\\/11\\\/asso_large.png\",\"width\":1200,\"height\":630,\"caption\":\"L\u2019Association\"},\"image\":{\"@id\":\"https:\\\/\\\/www.lassociation.fr\\\/en\\\/#\\\/schema\\\/logo\\\/image\\\/\"},\"sameAs\":[\"https:\\\/\\\/www.facebook.com\\\/lhydrelasso\\\/\",\"https:\\\/\\\/x.com\\\/lassociation\",\"https:\\\/\\\/www.instagram.com\\\/editions_lassociation\",\"https:\\\/\\\/fr.wikipedia.org\\\/wiki\\\/LAssociation\",\"https:\\\/\\\/www.youtube.com\\\/@editions_lassociation\"]}]}<\/script>","yoast_head_json":{"title":"Malgr\u00e9 tout je suis ici - L\u2019Association","robots":{"index":"index","follow":"follow","max-snippet":"max-snippet:-1","max-image-preview":"max-image-preview:large","max-video-preview":"max-video-preview:-1"},"canonical":"https:\/\/www.lassociation.fr\/en\/catalogue\/malgre-tout-je-suis-ici\/","og_locale":"en_US","og_type":"article","og_title":"Malgr\u00e9 tout je suis ici - L\u2019Association","og_description":"Comment dompter la solitude ? Que faire face \u00e0 une amie indiff\u00e9rente ou qui nous trahit\u00a0? De quelle mani\u00e8re r\u00e9agir face au racisme ordinaire ? Quelle est la marche \u00e0 suivre pour concocter de d\u00e9licieux mandu ? Faut-il pr\u00e9parer administrativement sa mort\u00a0? Voici quelques-unes des questions existentielles abord\u00e9es par Silki dans Malgr\u00e9 tout je suis [&hellip;]","og_url":"https:\/\/www.lassociation.fr\/en\/catalogue\/malgre-tout-je-suis-ici\/","og_site_name":"L\u2019Association","article_publisher":"https:\/\/www.facebook.com\/lhydrelasso\/","article_modified_time":"2026-02-11T04:39:01+00:00","og_image":[{"width":714,"height":1000,"url":"https:\/\/www.lassociation.fr\/backoffice\/wp-content\/uploads\/2023\/10\/MalgreTout_couvSite.jpg","type":"image\/jpeg"}],"twitter_card":"summary_large_image","twitter_site":"@lassociation","schema":{"@context":"https:\/\/schema.org","@graph":[{"@type":"WebPage","@id":"https:\/\/www.lassociation.fr\/en\/catalogue\/malgre-tout-je-suis-ici\/","url":"https:\/\/www.lassociation.fr\/en\/catalogue\/malgre-tout-je-suis-ici\/","name":"Malgr\u00e9 tout je suis ici - L\u2019Association","isPartOf":{"@id":"https:\/\/www.lassociation.fr\/en\/#website"},"primaryImageOfPage":{"@id":"https:\/\/www.lassociation.fr\/en\/catalogue\/malgre-tout-je-suis-ici\/#primaryimage"},"image":{"@id":"https:\/\/www.lassociation.fr\/en\/catalogue\/malgre-tout-je-suis-ici\/#primaryimage"},"thumbnailUrl":"https:\/\/www.lassociation.fr\/backoffice\/wp-content\/uploads\/2023\/10\/MalgreTout_couvSite.jpg","datePublished":"2024-01-01T15:33:02+00:00","dateModified":"2026-02-11T04:39:01+00:00","breadcrumb":{"@id":"https:\/\/www.lassociation.fr\/en\/catalogue\/malgre-tout-je-suis-ici\/#breadcrumb"},"inLanguage":"en-US","potentialAction":[{"@type":"ReadAction","target":["https:\/\/www.lassociation.fr\/en\/catalogue\/malgre-tout-je-suis-ici\/"]}]},{"@type":"ImageObject","inLanguage":"en-US","@id":"https:\/\/www.lassociation.fr\/en\/catalogue\/malgre-tout-je-suis-ici\/#primaryimage","url":"https:\/\/www.lassociation.fr\/backoffice\/wp-content\/uploads\/2023\/10\/MalgreTout_couvSite.jpg","contentUrl":"https:\/\/www.lassociation.fr\/backoffice\/wp-content\/uploads\/2023\/10\/MalgreTout_couvSite.jpg","width":714,"height":1000},{"@type":"BreadcrumbList","@id":"https:\/\/www.lassociation.fr\/en\/catalogue\/malgre-tout-je-suis-ici\/#breadcrumb","itemListElement":[{"@type":"ListItem","position":1,"name":"Accueil","item":"https:\/\/www.lassociation.fr\/en\/"},{"@type":"ListItem","position":2,"name":"Catalog","item":"https:\/\/www.lassociation.fr\/en\/catalogue\/"},{"@type":"ListItem","position":3,"name":"Malgr\u00e9 tout je suis ici"}]},{"@type":"WebSite","@id":"https:\/\/www.lassociation.fr\/en\/#website","url":"https:\/\/www.lassociation.fr\/en\/","name":"L\u2019Association","description":"Maison d\u2019\u00e9dition fran\u00e7aise de bande dessin\u00e9e, fond\u00e9e en 1990.","publisher":{"@id":"https:\/\/www.lassociation.fr\/en\/#organization"},"potentialAction":[{"@type":"SearchAction","target":{"@type":"EntryPoint","urlTemplate":"https:\/\/www.lassociation.fr\/en\/?s={search_term_string}"},"query-input":{"@type":"PropertyValueSpecification","valueRequired":true,"valueName":"search_term_string"}}],"inLanguage":"en-US"},{"@type":"Organization","@id":"https:\/\/www.lassociation.fr\/en\/#organization","name":"L\u2019Association","url":"https:\/\/www.lassociation.fr\/en\/","logo":{"@type":"ImageObject","inLanguage":"en-US","@id":"https:\/\/www.lassociation.fr\/en\/#\/schema\/logo\/image\/","url":"https:\/\/www.lassociation.fr\/backoffice\/wp-content\/uploads\/2019\/11\/asso_large.png","contentUrl":"https:\/\/www.lassociation.fr\/backoffice\/wp-content\/uploads\/2019\/11\/asso_large.png","width":1200,"height":630,"caption":"L\u2019Association"},"image":{"@id":"https:\/\/www.lassociation.fr\/en\/#\/schema\/logo\/image\/"},"sameAs":["https:\/\/www.facebook.com\/lhydrelasso\/","https:\/\/x.com\/lassociation","https:\/\/www.instagram.com\/editions_lassociation","https:\/\/fr.wikipedia.org\/wiki\/LAssociation","https:\/\/www.youtube.com\/@editions_lassociation"]}]}},"_links":{"self":[{"href":"https:\/\/www.lassociation.fr\/en\/wp-json\/wp\/v2\/product\/23853","targetHints":{"allow":["GET"]}}],"collection":[{"href":"https:\/\/www.lassociation.fr\/en\/wp-json\/wp\/v2\/product"}],"about":[{"href":"https:\/\/www.lassociation.fr\/en\/wp-json\/wp\/v2\/types\/product"}],"wp:featuredmedia":[{"embeddable":true,"href":"https:\/\/www.lassociation.fr\/en\/wp-json\/wp\/v2\/media\/23854"}],"wp:attachment":[{"href":"https:\/\/www.lassociation.fr\/en\/wp-json\/wp\/v2\/media?parent=23853"}],"wp:term":[{"taxonomy":"product_cat","embeddable":true,"href":"https:\/\/www.lassociation.fr\/en\/wp-json\/wp\/v2\/product_cat?post=23853"},{"taxonomy":"product_tag","embeddable":true,"href":"https:\/\/www.lassociation.fr\/en\/wp-json\/wp\/v2\/product_tag?post=23853"}],"curies":[{"name":"wp","href":"https:\/\/api.w.org\/{rel}","templated":true}]}}