{"id":24406,"date":"2024-02-04T13:37:59","date_gmt":"2024-02-04T12:37:59","guid":{"rendered":"https:\/\/www.lassociation.fr\/?post_type=product&#038;p=24406"},"modified":"2026-01-22T11:39:37","modified_gmt":"2026-01-22T10:39:37","slug":"completement-kafka","status":"publish","type":"product","link":"https:\/\/www.lassociation.fr\/en\/catalogue\/completement-kafka\/","title":{"rendered":"Compl\u00e8tement Kafka"},"content":{"rendered":"<p>Apr\u00e8s s\u2019\u00eatre int\u00e9ress\u00e9 au ma\u00eetre des effets sp\u00e9ciaux japonais Eiji Tsuburaya dans\u00a0<em>Le Rituel,<\/em>\u00a0\u00e0\u00a0<em>Alice aux pays des merveilles<\/em>\u00a0de Lewis Caroll, ou encore \u00e0 l\u2019ouvrage\u00a0<em>Ma\u00eetres anciens<\/em>\u00a0de Thomas Bernard, Nicolas Mahler s\u2019attaque \u00e0 un autre monument de la litt\u00e9rature europ\u00e9enne\u2009: Franz Kafka. Avec humour et irr\u00e9v\u00e9rence, le dessinateur nous fait naviguer \u00e0 travers la vie et l\u2019\u0153uvre de l\u2019auteur du <em>Proc\u00e8s<\/em>, mort il y a tout juste cent ans.<\/p>\n<p>Dans\u00a0<em>Compl\u00e8tement Kafka<\/em>, l\u2019on croise\u2009: la figure du p\u00e8re, imposant et col\u00e9rique, Felice Bauer par deux fois fianc\u00e9e \u00e0 Kafka, Max Brod l\u2019ami de toujours, un ambitieux projet de collection de guides de voyage, des critiques litt\u00e9raires \u00e0 l\u2019enthousiasme ti\u00e8de, des souris cantatrices, ou encore, le rapport ambigu de Kafka au dessin \u2013 lui, dont l\u2019\u0153uvre graphique a par ailleurs \u00e9t\u00e9 r\u00e9v\u00e9l\u00e9e au public il y a quelques ann\u00e9es.<\/p>\n<p>Jouant habilement avec l\u2019image de l\u2019\u00e9crivain f\u00e2ch\u00e9 avec la vie, Nicolas Mahler fait dialoguer les extraits de textes avec des sayn\u00e8tes absurdes et r\u00e9jouissantes, faisant ainsi revivre, sous la forme d\u2019un personnage \u00e0 la silhouette tremblotante, Franz Kafka, auteur prolixe, qui a v\u00e9cu pour \u00e9crire comme l\u2019on respire pour vivre.<\/p>\n","protected":false},"excerpt":{"rendered":"<p>Apr\u00e8s s\u2019\u00eatre int\u00e9ress\u00e9 au ma\u00eetre des effets sp\u00e9ciaux japonais Eiji Tsuburaya dans\u00a0Le Rituel,\u00a0\u00e0\u00a0Alice aux pays des merveilles\u00a0de Lewis Caroll, ou encore \u00e0 l\u2019ouvrage\u00a0Ma\u00eetres anciens\u00a0de Thomas Bernard, Nicolas Mahler s\u2019attaque \u00e0 un autre monument de la litt\u00e9rature europ\u00e9enne\u2009: Franz Kafka. Avec humour et irr\u00e9v\u00e9rence, le dessinateur nous fait naviguer \u00e0 travers la vie et l\u2019\u0153uvre de [&hellip;]<\/p>\n","protected":false},"featured_media":24407,"template":"","meta":{"_acf_changed":false},"product_cat":[41],"product_tag":[],"class_list":{"0":"post-24406","1":"product","2":"type-product","3":"status-publish","4":"has-post-thumbnail","6":"product_cat-ciboulette","7":"member-discount","8":"discount-restricted","10":"first","11":"instock","12":"taxable","13":"shipping-taxable","14":"purchasable","15":"product-type-simple"},"acf":[],"yoast_head":"<title>Compl\u00e8tement Kafka - L\u2019Association<\/title>\n<meta name=\"robots\" content=\"index, follow, max-snippet:-1, max-image-preview:large, max-video-preview:-1\" \/>\n<link rel=\"canonical\" href=\"https:\/\/www.lassociation.fr\/en\/catalogue\/completement-kafka\/\" \/>\n<meta property=\"og:locale\" content=\"en_US\" \/>\n<meta property=\"og:type\" content=\"article\" \/>\n<meta property=\"og:title\" content=\"Compl\u00e8tement Kafka - L\u2019Association\" \/>\n<meta property=\"og:description\" content=\"Apr\u00e8s s\u2019\u00eatre int\u00e9ress\u00e9 au ma\u00eetre des effets sp\u00e9ciaux japonais Eiji Tsuburaya dans\u00a0Le Rituel,\u00a0\u00e0\u00a0Alice aux pays des merveilles\u00a0de Lewis Caroll, ou encore \u00e0 l\u2019ouvrage\u00a0Ma\u00eetres anciens\u00a0de Thomas Bernard, Nicolas Mahler s\u2019attaque \u00e0 un autre monument de la litt\u00e9rature europ\u00e9enne\u2009: Franz Kafka. Avec humour et irr\u00e9v\u00e9rence, le dessinateur nous fait naviguer \u00e0 travers la vie et l\u2019\u0153uvre de [&hellip;]\" \/>\n<meta property=\"og:url\" content=\"https:\/\/www.lassociation.fr\/en\/catalogue\/completement-kafka\/\" \/>\n<meta property=\"og:site_name\" content=\"L\u2019Association\" \/>\n<meta property=\"article:publisher\" content=\"https:\/\/www.facebook.com\/lhydrelasso\/\" \/>\n<meta property=\"article:modified_time\" content=\"2026-01-22T10:39:37+00:00\" \/>\n<meta property=\"og:image\" content=\"https:\/\/www.lassociation.fr\/backoffice\/wp-content\/uploads\/2024\/01\/Kafka_couv.jpg\" \/>\n\t<meta property=\"og:image:width\" content=\"687\" \/>\n\t<meta property=\"og:image:height\" content=\"1000\" \/>\n\t<meta property=\"og:image:type\" content=\"image\/jpeg\" \/>\n<meta name=\"twitter:card\" content=\"summary_large_image\" \/>\n<meta name=\"twitter:site\" content=\"@lassociation\" \/>\n<script type=\"application\/ld+json\" class=\"yoast-schema-graph\">{\"@context\":\"https:\\\/\\\/schema.org\",\"@graph\":[{\"@type\":\"WebPage\",\"@id\":\"https:\\\/\\\/www.lassociation.fr\\\/en\\\/catalogue\\\/completement-kafka\\\/\",\"url\":\"https:\\\/\\\/www.lassociation.fr\\\/en\\\/catalogue\\\/completement-kafka\\\/\",\"name\":\"Compl\u00e8tement Kafka - L\u2019Association\",\"isPartOf\":{\"@id\":\"https:\\\/\\\/www.lassociation.fr\\\/en\\\/#website\"},\"primaryImageOfPage\":{\"@id\":\"https:\\\/\\\/www.lassociation.fr\\\/en\\\/catalogue\\\/completement-kafka\\\/#primaryimage\"},\"image\":{\"@id\":\"https:\\\/\\\/www.lassociation.fr\\\/en\\\/catalogue\\\/completement-kafka\\\/#primaryimage\"},\"thumbnailUrl\":\"https:\\\/\\\/www.lassociation.fr\\\/backoffice\\\/wp-content\\\/uploads\\\/2024\\\/01\\\/Kafka_couv.jpg\",\"datePublished\":\"2024-02-04T12:37:59+00:00\",\"dateModified\":\"2026-01-22T10:39:37+00:00\",\"breadcrumb\":{\"@id\":\"https:\\\/\\\/www.lassociation.fr\\\/en\\\/catalogue\\\/completement-kafka\\\/#breadcrumb\"},\"inLanguage\":\"en-US\",\"potentialAction\":[{\"@type\":\"ReadAction\",\"target\":[\"https:\\\/\\\/www.lassociation.fr\\\/en\\\/catalogue\\\/completement-kafka\\\/\"]}]},{\"@type\":\"ImageObject\",\"inLanguage\":\"en-US\",\"@id\":\"https:\\\/\\\/www.lassociation.fr\\\/en\\\/catalogue\\\/completement-kafka\\\/#primaryimage\",\"url\":\"https:\\\/\\\/www.lassociation.fr\\\/backoffice\\\/wp-content\\\/uploads\\\/2024\\\/01\\\/Kafka_couv.jpg\",\"contentUrl\":\"https:\\\/\\\/www.lassociation.fr\\\/backoffice\\\/wp-content\\\/uploads\\\/2024\\\/01\\\/Kafka_couv.jpg\",\"width\":687,\"height\":1000},{\"@type\":\"BreadcrumbList\",\"@id\":\"https:\\\/\\\/www.lassociation.fr\\\/en\\\/catalogue\\\/completement-kafka\\\/#breadcrumb\",\"itemListElement\":[{\"@type\":\"ListItem\",\"position\":1,\"name\":\"Accueil\",\"item\":\"https:\\\/\\\/www.lassociation.fr\\\/en\\\/\"},{\"@type\":\"ListItem\",\"position\":2,\"name\":\"Catalog\",\"item\":\"https:\\\/\\\/www.lassociation.fr\\\/en\\\/catalogue\\\/\"},{\"@type\":\"ListItem\",\"position\":3,\"name\":\"Compl\u00e8tement Kafka\"}]},{\"@type\":\"WebSite\",\"@id\":\"https:\\\/\\\/www.lassociation.fr\\\/en\\\/#website\",\"url\":\"https:\\\/\\\/www.lassociation.fr\\\/en\\\/\",\"name\":\"L\u2019Association\",\"description\":\"Maison d\u2019\u00e9dition fran\u00e7aise de bande dessin\u00e9e, fond\u00e9e en 1990.\",\"publisher\":{\"@id\":\"https:\\\/\\\/www.lassociation.fr\\\/en\\\/#organization\"},\"potentialAction\":[{\"@type\":\"SearchAction\",\"target\":{\"@type\":\"EntryPoint\",\"urlTemplate\":\"https:\\\/\\\/www.lassociation.fr\\\/en\\\/?s={search_term_string}\"},\"query-input\":{\"@type\":\"PropertyValueSpecification\",\"valueRequired\":true,\"valueName\":\"search_term_string\"}}],\"inLanguage\":\"en-US\"},{\"@type\":\"Organization\",\"@id\":\"https:\\\/\\\/www.lassociation.fr\\\/en\\\/#organization\",\"name\":\"L\u2019Association\",\"url\":\"https:\\\/\\\/www.lassociation.fr\\\/en\\\/\",\"logo\":{\"@type\":\"ImageObject\",\"inLanguage\":\"en-US\",\"@id\":\"https:\\\/\\\/www.lassociation.fr\\\/en\\\/#\\\/schema\\\/logo\\\/image\\\/\",\"url\":\"https:\\\/\\\/www.lassociation.fr\\\/backoffice\\\/wp-content\\\/uploads\\\/2019\\\/11\\\/asso_large.png\",\"contentUrl\":\"https:\\\/\\\/www.lassociation.fr\\\/backoffice\\\/wp-content\\\/uploads\\\/2019\\\/11\\\/asso_large.png\",\"width\":1200,\"height\":630,\"caption\":\"L\u2019Association\"},\"image\":{\"@id\":\"https:\\\/\\\/www.lassociation.fr\\\/en\\\/#\\\/schema\\\/logo\\\/image\\\/\"},\"sameAs\":[\"https:\\\/\\\/www.facebook.com\\\/lhydrelasso\\\/\",\"https:\\\/\\\/x.com\\\/lassociation\",\"https:\\\/\\\/www.instagram.com\\\/editions_lassociation\",\"https:\\\/\\\/fr.wikipedia.org\\\/wiki\\\/LAssociation\",\"https:\\\/\\\/www.youtube.com\\\/@editions_lassociation\"]}]}<\/script>","yoast_head_json":{"title":"Compl\u00e8tement Kafka - L\u2019Association","robots":{"index":"index","follow":"follow","max-snippet":"max-snippet:-1","max-image-preview":"max-image-preview:large","max-video-preview":"max-video-preview:-1"},"canonical":"https:\/\/www.lassociation.fr\/en\/catalogue\/completement-kafka\/","og_locale":"en_US","og_type":"article","og_title":"Compl\u00e8tement Kafka - L\u2019Association","og_description":"Apr\u00e8s s\u2019\u00eatre int\u00e9ress\u00e9 au ma\u00eetre des effets sp\u00e9ciaux japonais Eiji Tsuburaya dans\u00a0Le Rituel,\u00a0\u00e0\u00a0Alice aux pays des merveilles\u00a0de Lewis Caroll, ou encore \u00e0 l\u2019ouvrage\u00a0Ma\u00eetres anciens\u00a0de Thomas Bernard, Nicolas Mahler s\u2019attaque \u00e0 un autre monument de la litt\u00e9rature europ\u00e9enne\u2009: Franz Kafka. Avec humour et irr\u00e9v\u00e9rence, le dessinateur nous fait naviguer \u00e0 travers la vie et l\u2019\u0153uvre de [&hellip;]","og_url":"https:\/\/www.lassociation.fr\/en\/catalogue\/completement-kafka\/","og_site_name":"L\u2019Association","article_publisher":"https:\/\/www.facebook.com\/lhydrelasso\/","article_modified_time":"2026-01-22T10:39:37+00:00","og_image":[{"width":687,"height":1000,"url":"https:\/\/www.lassociation.fr\/backoffice\/wp-content\/uploads\/2024\/01\/Kafka_couv.jpg","type":"image\/jpeg"}],"twitter_card":"summary_large_image","twitter_site":"@lassociation","schema":{"@context":"https:\/\/schema.org","@graph":[{"@type":"WebPage","@id":"https:\/\/www.lassociation.fr\/en\/catalogue\/completement-kafka\/","url":"https:\/\/www.lassociation.fr\/en\/catalogue\/completement-kafka\/","name":"Compl\u00e8tement Kafka - L\u2019Association","isPartOf":{"@id":"https:\/\/www.lassociation.fr\/en\/#website"},"primaryImageOfPage":{"@id":"https:\/\/www.lassociation.fr\/en\/catalogue\/completement-kafka\/#primaryimage"},"image":{"@id":"https:\/\/www.lassociation.fr\/en\/catalogue\/completement-kafka\/#primaryimage"},"thumbnailUrl":"https:\/\/www.lassociation.fr\/backoffice\/wp-content\/uploads\/2024\/01\/Kafka_couv.jpg","datePublished":"2024-02-04T12:37:59+00:00","dateModified":"2026-01-22T10:39:37+00:00","breadcrumb":{"@id":"https:\/\/www.lassociation.fr\/en\/catalogue\/completement-kafka\/#breadcrumb"},"inLanguage":"en-US","potentialAction":[{"@type":"ReadAction","target":["https:\/\/www.lassociation.fr\/en\/catalogue\/completement-kafka\/"]}]},{"@type":"ImageObject","inLanguage":"en-US","@id":"https:\/\/www.lassociation.fr\/en\/catalogue\/completement-kafka\/#primaryimage","url":"https:\/\/www.lassociation.fr\/backoffice\/wp-content\/uploads\/2024\/01\/Kafka_couv.jpg","contentUrl":"https:\/\/www.lassociation.fr\/backoffice\/wp-content\/uploads\/2024\/01\/Kafka_couv.jpg","width":687,"height":1000},{"@type":"BreadcrumbList","@id":"https:\/\/www.lassociation.fr\/en\/catalogue\/completement-kafka\/#breadcrumb","itemListElement":[{"@type":"ListItem","position":1,"name":"Accueil","item":"https:\/\/www.lassociation.fr\/en\/"},{"@type":"ListItem","position":2,"name":"Catalog","item":"https:\/\/www.lassociation.fr\/en\/catalogue\/"},{"@type":"ListItem","position":3,"name":"Compl\u00e8tement Kafka"}]},{"@type":"WebSite","@id":"https:\/\/www.lassociation.fr\/en\/#website","url":"https:\/\/www.lassociation.fr\/en\/","name":"L\u2019Association","description":"Maison d\u2019\u00e9dition fran\u00e7aise de bande dessin\u00e9e, fond\u00e9e en 1990.","publisher":{"@id":"https:\/\/www.lassociation.fr\/en\/#organization"},"potentialAction":[{"@type":"SearchAction","target":{"@type":"EntryPoint","urlTemplate":"https:\/\/www.lassociation.fr\/en\/?s={search_term_string}"},"query-input":{"@type":"PropertyValueSpecification","valueRequired":true,"valueName":"search_term_string"}}],"inLanguage":"en-US"},{"@type":"Organization","@id":"https:\/\/www.lassociation.fr\/en\/#organization","name":"L\u2019Association","url":"https:\/\/www.lassociation.fr\/en\/","logo":{"@type":"ImageObject","inLanguage":"en-US","@id":"https:\/\/www.lassociation.fr\/en\/#\/schema\/logo\/image\/","url":"https:\/\/www.lassociation.fr\/backoffice\/wp-content\/uploads\/2019\/11\/asso_large.png","contentUrl":"https:\/\/www.lassociation.fr\/backoffice\/wp-content\/uploads\/2019\/11\/asso_large.png","width":1200,"height":630,"caption":"L\u2019Association"},"image":{"@id":"https:\/\/www.lassociation.fr\/en\/#\/schema\/logo\/image\/"},"sameAs":["https:\/\/www.facebook.com\/lhydrelasso\/","https:\/\/x.com\/lassociation","https:\/\/www.instagram.com\/editions_lassociation","https:\/\/fr.wikipedia.org\/wiki\/LAssociation","https:\/\/www.youtube.com\/@editions_lassociation"]}]}},"_links":{"self":[{"href":"https:\/\/www.lassociation.fr\/en\/wp-json\/wp\/v2\/product\/24406","targetHints":{"allow":["GET"]}}],"collection":[{"href":"https:\/\/www.lassociation.fr\/en\/wp-json\/wp\/v2\/product"}],"about":[{"href":"https:\/\/www.lassociation.fr\/en\/wp-json\/wp\/v2\/types\/product"}],"wp:featuredmedia":[{"embeddable":true,"href":"https:\/\/www.lassociation.fr\/en\/wp-json\/wp\/v2\/media\/24407"}],"wp:attachment":[{"href":"https:\/\/www.lassociation.fr\/en\/wp-json\/wp\/v2\/media?parent=24406"}],"wp:term":[{"taxonomy":"product_cat","embeddable":true,"href":"https:\/\/www.lassociation.fr\/en\/wp-json\/wp\/v2\/product_cat?post=24406"},{"taxonomy":"product_tag","embeddable":true,"href":"https:\/\/www.lassociation.fr\/en\/wp-json\/wp\/v2\/product_tag?post=24406"}],"curies":[{"name":"wp","href":"https:\/\/api.w.org\/{rel}","templated":true}]}}