{"id":24516,"date":"2024-03-12T14:31:03","date_gmt":"2024-03-12T13:31:03","guid":{"rendered":"https:\/\/www.lassociation.fr\/?post_type=product&#038;p=24516"},"modified":"2026-01-22T11:39:37","modified_gmt":"2026-01-22T10:39:37","slug":"voyages-en-pareidolie","status":"publish","type":"product","link":"https:\/\/www.lassociation.fr\/en\/catalogue\/voyages-en-pareidolie\/","title":{"rendered":"Voyages en par\u00e9idolie"},"content":{"rendered":"<p>\u00ab Nous \u00e9tions \u00e0 l\u2019abri d\u2019un soleil qui plombait l\u2019\u00e9t\u00e9 d\u2019un r\u00e9chauffement climatique consid\u00e9rable dans une ville du sud peu connue du nom de Mont-Tout-Est-Li\u00e9, \u00e0 l\u2019abri des rayons atomisants, \u00e0 l\u2019ombre d\u2019antiques murailles de pierres de l\u2019atelier En traits libres.<\/p>\n<p>Le jeune Janko et moi \u00e9tions en train de nous embarquer dans le dessin d\u2019une de nos affiches de concert, dessin\u00e9e \u00e0 deux donc \u00e0 2 mains (pas \u00e0 4 mains car point ambidextres nous \u00e9tions !), et ce dessins \u00e0 2. Je proposais qu\u2019il se fasse non pas sur une blanche et pure feuille de papier vierge, mais sur de franches et pures empreintes de papiers sculpt\u00e9s par froissages, humect\u00e9s d\u2019encre, et d\u00e9licatement tamponn\u00e9s.<\/p>\n<p>Les empreintes ainsi fournies, en nous illumin\u00e9es par quelque psych\u00e9d\u00e9lique substance douce, se transmut\u00e8rent en de fantastiques figures fantasmagoriques. Les contours des pas de doigts chauss\u00e9s de froissures par Mattt Konture et Janko Sky devenaient cr\u00e9atures !!!<\/p>\n<p>Enchant\u00e9s par ce proc\u00e9d\u00e9, nous entrepr\u00eemes d\u2019en faire un comix. Sandra V\u00e9rine se joignit \u00e0 nous pour comixer, et trouva par recherche internette ce mot-l\u00e0 : PAR\u00c9IDOLIE, qui nomma enfin l\u2019exp\u00e9rience ! Voir du figuratif dans un motif abstrait s\u2019appelle ainsi : PAR\u00c9IDOLIE.<\/p>\n<p>Un de ces beaux soirs de matin du lendemain de l\u2019autre, lors d\u2019une de nos sessions, d\u2019autres amis se joignirent \u00e0 notre pratique graphique de par\u00e9idolisations de monstres multit\u00eates, en festoyant par tabl\u00e9es ! Le troisi\u00e8me \u0153il de la vision par\u00e9idolique exprima le d\u00e9sir de propager la bonne parole en invitant des amis et coll\u00e8gues \u00e0 succomber \u00e0 notre \u00e9pid\u00e9mie de dessinure par\u00e9idolique, que ce soit \u00e0 partir de nos empreintes d\u2019encre, ou en nous confiant leurs propres recherches.<\/p>\n<p>Ce livre est donc le recueil de nos comixtures, un ensemble de planches et de dessins partant de tampons de papiers froiss\u00e9s, nous sugg\u00e9rant figures, cr\u00e9atures, qui, contour\u00e9es de mots et de cases, se font bandes dessin\u00e9es ou\u2026 juste dessins. Le tout formant un monde fantasque et myst\u00e9rieux peupl\u00e9 de myriades d\u2019\u00eatres agglom\u00e9r\u00e9s, hybrides, multiples, interm\u00eal\u00e9s en amas de vies unies\u2026<\/p>\n<p>Nous vous souhaitons de bien beaux voyages en par\u00e9idolie ! \u00bb<\/p>\n<p><strong>Mattt Konture<\/strong><\/p>\n<p><span style=\"color: #808080\">Ce livre contient des pages et dessins de : Sandra V\u00e9rine, Mattt Konture, Janko, Nico Fremz, Manoy, Lilas Mala, Superd\u00e9tergent, Nils Bertho, Vincent Lefebvre, G\u00e9rard Nicollet, Thomas Romarin, Julien Gardon, El Rotringo, Delphine Phan, J\u00e9r\u00e9my Nouhaud, Laure Papini, Jaky La Brune, Nadine Simon, Nigoull, Marine Perraudin, Jo 99, Cain Riot, Lili, Georges Boulard, Jacques Velay, Sylvain, Kitch, Maxime Borowski, Paola Mollet, JC Menu, Louis Gapias, Pakito Bolino, Fanny Saint-Pierre, Gui Mia, Cl\u00e9bar Menratte, Gilles Vignes, Lucas, Alice El Rakun Villani, Karine Castelnau, Freaky Nasa, Gana\u00eblle Maury, Joan Peralta et compagnie\u2026<\/span><\/p>\n","protected":false},"excerpt":{"rendered":"<p>\u00ab Nous \u00e9tions \u00e0 l\u2019abri d\u2019un soleil qui plombait l\u2019\u00e9t\u00e9 d\u2019un r\u00e9chauffement climatique consid\u00e9rable dans une ville du sud peu connue du nom de Mont-Tout-Est-Li\u00e9, \u00e0 l\u2019abri des rayons atomisants, \u00e0 l\u2019ombre d\u2019antiques murailles de pierres de l\u2019atelier En traits libres. Le jeune Janko et moi \u00e9tions en train de nous embarquer dans le dessin [&hellip;]<\/p>\n","protected":false},"featured_media":24517,"template":"","meta":{"_acf_changed":false},"product_cat":[48],"product_tag":[],"class_list":{"0":"post-24516","1":"product","2":"type-product","3":"status-publish","4":"has-post-thumbnail","6":"product_cat-hors-collection","7":"member-discount","8":"discount-restricted","10":"first","11":"outofstock","12":"taxable","13":"shipping-taxable","14":"purchasable","15":"product-type-simple"},"acf":[],"yoast_head":"<title>Voyages en par\u00e9idolie - L\u2019Association<\/title>\n<meta name=\"robots\" content=\"index, follow, max-snippet:-1, max-image-preview:large, max-video-preview:-1\" \/>\n<link rel=\"canonical\" href=\"https:\/\/www.lassociation.fr\/en\/catalogue\/voyages-en-pareidolie\/\" \/>\n<meta property=\"og:locale\" content=\"en_US\" \/>\n<meta property=\"og:type\" content=\"article\" \/>\n<meta property=\"og:title\" content=\"Voyages en par\u00e9idolie - L\u2019Association\" \/>\n<meta property=\"og:description\" content=\"\u00ab Nous \u00e9tions \u00e0 l\u2019abri d\u2019un soleil qui plombait l\u2019\u00e9t\u00e9 d\u2019un r\u00e9chauffement climatique consid\u00e9rable dans une ville du sud peu connue du nom de Mont-Tout-Est-Li\u00e9, \u00e0 l\u2019abri des rayons atomisants, \u00e0 l\u2019ombre d\u2019antiques murailles de pierres de l\u2019atelier En traits libres. Le jeune Janko et moi \u00e9tions en train de nous embarquer dans le dessin [&hellip;]\" \/>\n<meta property=\"og:url\" content=\"https:\/\/www.lassociation.fr\/en\/catalogue\/voyages-en-pareidolie\/\" \/>\n<meta property=\"og:site_name\" content=\"L\u2019Association\" \/>\n<meta property=\"article:publisher\" content=\"https:\/\/www.facebook.com\/lhydrelasso\/\" \/>\n<meta property=\"article:modified_time\" content=\"2026-01-22T10:39:37+00:00\" \/>\n<meta property=\"og:image\" content=\"https:\/\/www.lassociation.fr\/backoffice\/wp-content\/uploads\/2024\/02\/Pareidolie.jpg\" \/>\n\t<meta property=\"og:image:width\" content=\"726\" \/>\n\t<meta property=\"og:image:height\" content=\"1000\" \/>\n\t<meta property=\"og:image:type\" content=\"image\/jpeg\" \/>\n<meta name=\"twitter:card\" content=\"summary_large_image\" \/>\n<meta name=\"twitter:site\" content=\"@lassociation\" \/>\n<script type=\"application\/ld+json\" class=\"yoast-schema-graph\">{\"@context\":\"https:\\\/\\\/schema.org\",\"@graph\":[{\"@type\":\"WebPage\",\"@id\":\"https:\\\/\\\/www.lassociation.fr\\\/en\\\/catalogue\\\/voyages-en-pareidolie\\\/\",\"url\":\"https:\\\/\\\/www.lassociation.fr\\\/en\\\/catalogue\\\/voyages-en-pareidolie\\\/\",\"name\":\"Voyages en par\u00e9idolie - L\u2019Association\",\"isPartOf\":{\"@id\":\"https:\\\/\\\/www.lassociation.fr\\\/en\\\/#website\"},\"primaryImageOfPage\":{\"@id\":\"https:\\\/\\\/www.lassociation.fr\\\/en\\\/catalogue\\\/voyages-en-pareidolie\\\/#primaryimage\"},\"image\":{\"@id\":\"https:\\\/\\\/www.lassociation.fr\\\/en\\\/catalogue\\\/voyages-en-pareidolie\\\/#primaryimage\"},\"thumbnailUrl\":\"https:\\\/\\\/www.lassociation.fr\\\/backoffice\\\/wp-content\\\/uploads\\\/2024\\\/02\\\/Pareidolie.jpg\",\"datePublished\":\"2024-03-12T13:31:03+00:00\",\"dateModified\":\"2026-01-22T10:39:37+00:00\",\"breadcrumb\":{\"@id\":\"https:\\\/\\\/www.lassociation.fr\\\/en\\\/catalogue\\\/voyages-en-pareidolie\\\/#breadcrumb\"},\"inLanguage\":\"en-US\",\"potentialAction\":[{\"@type\":\"ReadAction\",\"target\":[\"https:\\\/\\\/www.lassociation.fr\\\/en\\\/catalogue\\\/voyages-en-pareidolie\\\/\"]}]},{\"@type\":\"ImageObject\",\"inLanguage\":\"en-US\",\"@id\":\"https:\\\/\\\/www.lassociation.fr\\\/en\\\/catalogue\\\/voyages-en-pareidolie\\\/#primaryimage\",\"url\":\"https:\\\/\\\/www.lassociation.fr\\\/backoffice\\\/wp-content\\\/uploads\\\/2024\\\/02\\\/Pareidolie.jpg\",\"contentUrl\":\"https:\\\/\\\/www.lassociation.fr\\\/backoffice\\\/wp-content\\\/uploads\\\/2024\\\/02\\\/Pareidolie.jpg\",\"width\":726,\"height\":1000},{\"@type\":\"BreadcrumbList\",\"@id\":\"https:\\\/\\\/www.lassociation.fr\\\/en\\\/catalogue\\\/voyages-en-pareidolie\\\/#breadcrumb\",\"itemListElement\":[{\"@type\":\"ListItem\",\"position\":1,\"name\":\"Accueil\",\"item\":\"https:\\\/\\\/www.lassociation.fr\\\/en\\\/\"},{\"@type\":\"ListItem\",\"position\":2,\"name\":\"Catalog\",\"item\":\"https:\\\/\\\/www.lassociation.fr\\\/en\\\/catalogue\\\/\"},{\"@type\":\"ListItem\",\"position\":3,\"name\":\"Voyages en par\u00e9idolie\"}]},{\"@type\":\"WebSite\",\"@id\":\"https:\\\/\\\/www.lassociation.fr\\\/en\\\/#website\",\"url\":\"https:\\\/\\\/www.lassociation.fr\\\/en\\\/\",\"name\":\"L\u2019Association\",\"description\":\"Maison d\u2019\u00e9dition fran\u00e7aise de bande dessin\u00e9e, fond\u00e9e en 1990.\",\"publisher\":{\"@id\":\"https:\\\/\\\/www.lassociation.fr\\\/en\\\/#organization\"},\"potentialAction\":[{\"@type\":\"SearchAction\",\"target\":{\"@type\":\"EntryPoint\",\"urlTemplate\":\"https:\\\/\\\/www.lassociation.fr\\\/en\\\/?s={search_term_string}\"},\"query-input\":{\"@type\":\"PropertyValueSpecification\",\"valueRequired\":true,\"valueName\":\"search_term_string\"}}],\"inLanguage\":\"en-US\"},{\"@type\":\"Organization\",\"@id\":\"https:\\\/\\\/www.lassociation.fr\\\/en\\\/#organization\",\"name\":\"L\u2019Association\",\"url\":\"https:\\\/\\\/www.lassociation.fr\\\/en\\\/\",\"logo\":{\"@type\":\"ImageObject\",\"inLanguage\":\"en-US\",\"@id\":\"https:\\\/\\\/www.lassociation.fr\\\/en\\\/#\\\/schema\\\/logo\\\/image\\\/\",\"url\":\"https:\\\/\\\/www.lassociation.fr\\\/backoffice\\\/wp-content\\\/uploads\\\/2019\\\/11\\\/asso_large.png\",\"contentUrl\":\"https:\\\/\\\/www.lassociation.fr\\\/backoffice\\\/wp-content\\\/uploads\\\/2019\\\/11\\\/asso_large.png\",\"width\":1200,\"height\":630,\"caption\":\"L\u2019Association\"},\"image\":{\"@id\":\"https:\\\/\\\/www.lassociation.fr\\\/en\\\/#\\\/schema\\\/logo\\\/image\\\/\"},\"sameAs\":[\"https:\\\/\\\/www.facebook.com\\\/lhydrelasso\\\/\",\"https:\\\/\\\/x.com\\\/lassociation\",\"https:\\\/\\\/www.instagram.com\\\/editions_lassociation\",\"https:\\\/\\\/fr.wikipedia.org\\\/wiki\\\/LAssociation\",\"https:\\\/\\\/www.youtube.com\\\/@editions_lassociation\"]}]}<\/script>","yoast_head_json":{"title":"Voyages en par\u00e9idolie - L\u2019Association","robots":{"index":"index","follow":"follow","max-snippet":"max-snippet:-1","max-image-preview":"max-image-preview:large","max-video-preview":"max-video-preview:-1"},"canonical":"https:\/\/www.lassociation.fr\/en\/catalogue\/voyages-en-pareidolie\/","og_locale":"en_US","og_type":"article","og_title":"Voyages en par\u00e9idolie - L\u2019Association","og_description":"\u00ab Nous \u00e9tions \u00e0 l\u2019abri d\u2019un soleil qui plombait l\u2019\u00e9t\u00e9 d\u2019un r\u00e9chauffement climatique consid\u00e9rable dans une ville du sud peu connue du nom de Mont-Tout-Est-Li\u00e9, \u00e0 l\u2019abri des rayons atomisants, \u00e0 l\u2019ombre d\u2019antiques murailles de pierres de l\u2019atelier En traits libres. Le jeune Janko et moi \u00e9tions en train de nous embarquer dans le dessin [&hellip;]","og_url":"https:\/\/www.lassociation.fr\/en\/catalogue\/voyages-en-pareidolie\/","og_site_name":"L\u2019Association","article_publisher":"https:\/\/www.facebook.com\/lhydrelasso\/","article_modified_time":"2026-01-22T10:39:37+00:00","og_image":[{"width":726,"height":1000,"url":"https:\/\/www.lassociation.fr\/backoffice\/wp-content\/uploads\/2024\/02\/Pareidolie.jpg","type":"image\/jpeg"}],"twitter_card":"summary_large_image","twitter_site":"@lassociation","schema":{"@context":"https:\/\/schema.org","@graph":[{"@type":"WebPage","@id":"https:\/\/www.lassociation.fr\/en\/catalogue\/voyages-en-pareidolie\/","url":"https:\/\/www.lassociation.fr\/en\/catalogue\/voyages-en-pareidolie\/","name":"Voyages en par\u00e9idolie - L\u2019Association","isPartOf":{"@id":"https:\/\/www.lassociation.fr\/en\/#website"},"primaryImageOfPage":{"@id":"https:\/\/www.lassociation.fr\/en\/catalogue\/voyages-en-pareidolie\/#primaryimage"},"image":{"@id":"https:\/\/www.lassociation.fr\/en\/catalogue\/voyages-en-pareidolie\/#primaryimage"},"thumbnailUrl":"https:\/\/www.lassociation.fr\/backoffice\/wp-content\/uploads\/2024\/02\/Pareidolie.jpg","datePublished":"2024-03-12T13:31:03+00:00","dateModified":"2026-01-22T10:39:37+00:00","breadcrumb":{"@id":"https:\/\/www.lassociation.fr\/en\/catalogue\/voyages-en-pareidolie\/#breadcrumb"},"inLanguage":"en-US","potentialAction":[{"@type":"ReadAction","target":["https:\/\/www.lassociation.fr\/en\/catalogue\/voyages-en-pareidolie\/"]}]},{"@type":"ImageObject","inLanguage":"en-US","@id":"https:\/\/www.lassociation.fr\/en\/catalogue\/voyages-en-pareidolie\/#primaryimage","url":"https:\/\/www.lassociation.fr\/backoffice\/wp-content\/uploads\/2024\/02\/Pareidolie.jpg","contentUrl":"https:\/\/www.lassociation.fr\/backoffice\/wp-content\/uploads\/2024\/02\/Pareidolie.jpg","width":726,"height":1000},{"@type":"BreadcrumbList","@id":"https:\/\/www.lassociation.fr\/en\/catalogue\/voyages-en-pareidolie\/#breadcrumb","itemListElement":[{"@type":"ListItem","position":1,"name":"Accueil","item":"https:\/\/www.lassociation.fr\/en\/"},{"@type":"ListItem","position":2,"name":"Catalog","item":"https:\/\/www.lassociation.fr\/en\/catalogue\/"},{"@type":"ListItem","position":3,"name":"Voyages en par\u00e9idolie"}]},{"@type":"WebSite","@id":"https:\/\/www.lassociation.fr\/en\/#website","url":"https:\/\/www.lassociation.fr\/en\/","name":"L\u2019Association","description":"Maison d\u2019\u00e9dition fran\u00e7aise de bande dessin\u00e9e, fond\u00e9e en 1990.","publisher":{"@id":"https:\/\/www.lassociation.fr\/en\/#organization"},"potentialAction":[{"@type":"SearchAction","target":{"@type":"EntryPoint","urlTemplate":"https:\/\/www.lassociation.fr\/en\/?s={search_term_string}"},"query-input":{"@type":"PropertyValueSpecification","valueRequired":true,"valueName":"search_term_string"}}],"inLanguage":"en-US"},{"@type":"Organization","@id":"https:\/\/www.lassociation.fr\/en\/#organization","name":"L\u2019Association","url":"https:\/\/www.lassociation.fr\/en\/","logo":{"@type":"ImageObject","inLanguage":"en-US","@id":"https:\/\/www.lassociation.fr\/en\/#\/schema\/logo\/image\/","url":"https:\/\/www.lassociation.fr\/backoffice\/wp-content\/uploads\/2019\/11\/asso_large.png","contentUrl":"https:\/\/www.lassociation.fr\/backoffice\/wp-content\/uploads\/2019\/11\/asso_large.png","width":1200,"height":630,"caption":"L\u2019Association"},"image":{"@id":"https:\/\/www.lassociation.fr\/en\/#\/schema\/logo\/image\/"},"sameAs":["https:\/\/www.facebook.com\/lhydrelasso\/","https:\/\/x.com\/lassociation","https:\/\/www.instagram.com\/editions_lassociation","https:\/\/fr.wikipedia.org\/wiki\/LAssociation","https:\/\/www.youtube.com\/@editions_lassociation"]}]}},"_links":{"self":[{"href":"https:\/\/www.lassociation.fr\/en\/wp-json\/wp\/v2\/product\/24516","targetHints":{"allow":["GET"]}}],"collection":[{"href":"https:\/\/www.lassociation.fr\/en\/wp-json\/wp\/v2\/product"}],"about":[{"href":"https:\/\/www.lassociation.fr\/en\/wp-json\/wp\/v2\/types\/product"}],"wp:featuredmedia":[{"embeddable":true,"href":"https:\/\/www.lassociation.fr\/en\/wp-json\/wp\/v2\/media\/24517"}],"wp:attachment":[{"href":"https:\/\/www.lassociation.fr\/en\/wp-json\/wp\/v2\/media?parent=24516"}],"wp:term":[{"taxonomy":"product_cat","embeddable":true,"href":"https:\/\/www.lassociation.fr\/en\/wp-json\/wp\/v2\/product_cat?post=24516"},{"taxonomy":"product_tag","embeddable":true,"href":"https:\/\/www.lassociation.fr\/en\/wp-json\/wp\/v2\/product_tag?post=24516"}],"curies":[{"name":"wp","href":"https:\/\/api.w.org\/{rel}","templated":true}]}}