{"id":24615,"date":"2024-04-26T16:28:30","date_gmt":"2024-04-26T14:28:30","guid":{"rendered":"https:\/\/www.lassociation.fr\/?post_type=product&#038;p=24615"},"modified":"2026-04-11T21:43:21","modified_gmt":"2026-04-11T19:43:21","slug":"nunavut","status":"publish","type":"product","link":"https:\/\/www.lassociation.fr\/en\/catalogue\/nunavut\/","title":{"rendered":"Nunavut"},"content":{"rendered":"<p>Dans <em>Nunavut,<\/em> Edmond Baudoin \u00e9voque, \u00e0 l\u2019aide de mots qu\u2019accompagnent les dessins \u00e0 l\u2019encre de Troubs ainsi que les siens, leur voyage au Labrador et au Nunavut, sur les traces de l\u2019art inuit.<\/p>\n<p>Si leur bande dessin\u00e9e commune, <em><strong><a href=\"https:\/\/www.lassociation.fr\/catalogue\/inuit\/\">Inuit<\/a><\/strong>,<\/em> relatait leur p\u00e9riple en donnant la parole aux femmes et aux hommes rencontr\u00e9s, <em>Nunavut<\/em> se pr\u00e9sente comme un essai qui nous (re)plonge dans les coulisses de ce voyage qu\u2019Edmond Baudoin avait, comme il le rappelle, r\u00eav\u00e9 et fantasm\u00e9. Mais dans un contexte postcolonial, les Inuits, dont les cultures sont menac\u00e9es, s\u2019av\u00e8rent difficiles \u00e0 rencontrer.<\/p>\n<p>C\u2019est cette r\u00e9alit\u00e9 complexe qu\u2019explore Baudoin, tout en \u00e9voquant son amiti\u00e9 avec Troubs, l\u2019autre dessinateur \u00ab aux horaires stakhanovistes \u00bb (sic), dont il admire le travail, dressant en filigrane le portrait d\u2019un compagnonnage de longue date, nourri par la curiosit\u00e9 du monde et l\u2019amour du dessin.<\/p>\n<p>&nbsp;<\/p>\n<p><span style=\"color: #0000ff\"><em>Cet ouvrage a \u00e9t\u00e9 publi\u00e9 gr\u00e2ce au soutien de la r\u00e9gion \u00cele-de-France.<\/em><\/span><\/p>\n<p><img loading=\"lazy\" decoding=\"async\" class=\"wp-image-24858 alignleft\" src=\"https:\/\/www.lassociation.fr\/backoffice\/wp-content\/uploads\/2024\/02\/LOGO_RIDF_2019_HD-1-768x281.jpg\" alt=\"\" width=\"167\" height=\"61\" srcset=\"https:\/\/www.lassociation.fr\/backoffice\/wp-content\/uploads\/2024\/02\/LOGO_RIDF_2019_HD-1-768x281.jpg 768w, https:\/\/www.lassociation.fr\/backoffice\/wp-content\/uploads\/2024\/02\/LOGO_RIDF_2019_HD-1-100x37.jpg 100w, https:\/\/www.lassociation.fr\/backoffice\/wp-content\/uploads\/2024\/02\/LOGO_RIDF_2019_HD-1-1536x561.jpg 1536w, https:\/\/www.lassociation.fr\/backoffice\/wp-content\/uploads\/2024\/02\/LOGO_RIDF_2019_HD-1-1200x438.jpg 1200w, https:\/\/www.lassociation.fr\/backoffice\/wp-content\/uploads\/2024\/02\/LOGO_RIDF_2019_HD-1-300x110.jpg 300w, https:\/\/www.lassociation.fr\/backoffice\/wp-content\/uploads\/2024\/02\/LOGO_RIDF_2019_HD-1.jpg 1678w\" sizes=\"auto, (max-width: 167px) 100vw, 167px\" \/><\/p>\n","protected":false},"excerpt":{"rendered":"<p>Dans Nunavut, Edmond Baudoin \u00e9voque, \u00e0 l\u2019aide de mots qu\u2019accompagnent les dessins \u00e0 l\u2019encre de Troubs ainsi que les siens, leur voyage au Labrador et au Nunavut, sur les traces de l\u2019art inuit. Si leur bande dessin\u00e9e commune, Inuit, relatait leur p\u00e9riple en donnant la parole aux femmes et aux hommes rencontr\u00e9s, Nunavut se pr\u00e9sente [&hellip;]<\/p>\n","protected":false},"featured_media":24741,"template":"","meta":{"_acf_changed":false},"product_cat":[48],"product_tag":[],"class_list":{"0":"post-24615","1":"product","2":"type-product","3":"status-publish","4":"has-post-thumbnail","6":"product_cat-hors-collection","7":"member-discount","8":"discount-restricted","10":"first","11":"instock","12":"taxable","13":"shipping-taxable","14":"purchasable","15":"product-type-simple"},"acf":[],"yoast_head":"<title>Nunavut - L\u2019Association<\/title>\n<meta name=\"robots\" content=\"index, follow, max-snippet:-1, max-image-preview:large, max-video-preview:-1\" \/>\n<link rel=\"canonical\" href=\"https:\/\/www.lassociation.fr\/en\/catalogue\/nunavut\/\" \/>\n<meta property=\"og:locale\" content=\"en_US\" \/>\n<meta property=\"og:type\" content=\"article\" \/>\n<meta property=\"og:title\" content=\"Nunavut - L\u2019Association\" \/>\n<meta property=\"og:description\" content=\"Dans Nunavut, Edmond Baudoin \u00e9voque, \u00e0 l\u2019aide de mots qu\u2019accompagnent les dessins \u00e0 l\u2019encre de Troubs ainsi que les siens, leur voyage au Labrador et au Nunavut, sur les traces de l\u2019art inuit. Si leur bande dessin\u00e9e commune, Inuit, relatait leur p\u00e9riple en donnant la parole aux femmes et aux hommes rencontr\u00e9s, Nunavut se pr\u00e9sente [&hellip;]\" \/>\n<meta property=\"og:url\" content=\"https:\/\/www.lassociation.fr\/en\/catalogue\/nunavut\/\" \/>\n<meta property=\"og:site_name\" content=\"L\u2019Association\" \/>\n<meta property=\"article:publisher\" content=\"https:\/\/www.facebook.com\/lhydrelasso\/\" \/>\n<meta property=\"article:modified_time\" content=\"2026-04-11T19:43:21+00:00\" \/>\n<meta property=\"og:image\" content=\"https:\/\/www.lassociation.fr\/backoffice\/wp-content\/uploads\/2024\/02\/Nunavut_CouvDEF.jpg\" \/>\n\t<meta property=\"og:image:width\" content=\"683\" \/>\n\t<meta property=\"og:image:height\" content=\"1000\" \/>\n\t<meta property=\"og:image:type\" content=\"image\/jpeg\" \/>\n<meta name=\"twitter:card\" content=\"summary_large_image\" \/>\n<meta name=\"twitter:site\" content=\"@lassociation\" \/>\n<script type=\"application\/ld+json\" class=\"yoast-schema-graph\">{\"@context\":\"https:\\\/\\\/schema.org\",\"@graph\":[{\"@type\":\"WebPage\",\"@id\":\"https:\\\/\\\/www.lassociation.fr\\\/en\\\/catalogue\\\/nunavut\\\/\",\"url\":\"https:\\\/\\\/www.lassociation.fr\\\/en\\\/catalogue\\\/nunavut\\\/\",\"name\":\"Nunavut - L\u2019Association\",\"isPartOf\":{\"@id\":\"https:\\\/\\\/www.lassociation.fr\\\/en\\\/#website\"},\"primaryImageOfPage\":{\"@id\":\"https:\\\/\\\/www.lassociation.fr\\\/en\\\/catalogue\\\/nunavut\\\/#primaryimage\"},\"image\":{\"@id\":\"https:\\\/\\\/www.lassociation.fr\\\/en\\\/catalogue\\\/nunavut\\\/#primaryimage\"},\"thumbnailUrl\":\"https:\\\/\\\/www.lassociation.fr\\\/backoffice\\\/wp-content\\\/uploads\\\/2024\\\/02\\\/Nunavut_CouvDEF.jpg\",\"datePublished\":\"2024-04-26T14:28:30+00:00\",\"dateModified\":\"2026-04-11T19:43:21+00:00\",\"breadcrumb\":{\"@id\":\"https:\\\/\\\/www.lassociation.fr\\\/en\\\/catalogue\\\/nunavut\\\/#breadcrumb\"},\"inLanguage\":\"en-US\",\"potentialAction\":[{\"@type\":\"ReadAction\",\"target\":[\"https:\\\/\\\/www.lassociation.fr\\\/en\\\/catalogue\\\/nunavut\\\/\"]}]},{\"@type\":\"ImageObject\",\"inLanguage\":\"en-US\",\"@id\":\"https:\\\/\\\/www.lassociation.fr\\\/en\\\/catalogue\\\/nunavut\\\/#primaryimage\",\"url\":\"https:\\\/\\\/www.lassociation.fr\\\/backoffice\\\/wp-content\\\/uploads\\\/2024\\\/02\\\/Nunavut_CouvDEF.jpg\",\"contentUrl\":\"https:\\\/\\\/www.lassociation.fr\\\/backoffice\\\/wp-content\\\/uploads\\\/2024\\\/02\\\/Nunavut_CouvDEF.jpg\",\"width\":683,\"height\":1000},{\"@type\":\"BreadcrumbList\",\"@id\":\"https:\\\/\\\/www.lassociation.fr\\\/en\\\/catalogue\\\/nunavut\\\/#breadcrumb\",\"itemListElement\":[{\"@type\":\"ListItem\",\"position\":1,\"name\":\"Accueil\",\"item\":\"https:\\\/\\\/www.lassociation.fr\\\/en\\\/\"},{\"@type\":\"ListItem\",\"position\":2,\"name\":\"Catalog\",\"item\":\"https:\\\/\\\/www.lassociation.fr\\\/en\\\/catalogue\\\/\"},{\"@type\":\"ListItem\",\"position\":3,\"name\":\"Nunavut\"}]},{\"@type\":\"WebSite\",\"@id\":\"https:\\\/\\\/www.lassociation.fr\\\/en\\\/#website\",\"url\":\"https:\\\/\\\/www.lassociation.fr\\\/en\\\/\",\"name\":\"L\u2019Association\",\"description\":\"Maison d\u2019\u00e9dition fran\u00e7aise de bande dessin\u00e9e, fond\u00e9e en 1990.\",\"publisher\":{\"@id\":\"https:\\\/\\\/www.lassociation.fr\\\/en\\\/#organization\"},\"potentialAction\":[{\"@type\":\"SearchAction\",\"target\":{\"@type\":\"EntryPoint\",\"urlTemplate\":\"https:\\\/\\\/www.lassociation.fr\\\/en\\\/?s={search_term_string}\"},\"query-input\":{\"@type\":\"PropertyValueSpecification\",\"valueRequired\":true,\"valueName\":\"search_term_string\"}}],\"inLanguage\":\"en-US\"},{\"@type\":\"Organization\",\"@id\":\"https:\\\/\\\/www.lassociation.fr\\\/en\\\/#organization\",\"name\":\"L\u2019Association\",\"url\":\"https:\\\/\\\/www.lassociation.fr\\\/en\\\/\",\"logo\":{\"@type\":\"ImageObject\",\"inLanguage\":\"en-US\",\"@id\":\"https:\\\/\\\/www.lassociation.fr\\\/en\\\/#\\\/schema\\\/logo\\\/image\\\/\",\"url\":\"https:\\\/\\\/www.lassociation.fr\\\/backoffice\\\/wp-content\\\/uploads\\\/2019\\\/11\\\/asso_large.png\",\"contentUrl\":\"https:\\\/\\\/www.lassociation.fr\\\/backoffice\\\/wp-content\\\/uploads\\\/2019\\\/11\\\/asso_large.png\",\"width\":1200,\"height\":630,\"caption\":\"L\u2019Association\"},\"image\":{\"@id\":\"https:\\\/\\\/www.lassociation.fr\\\/en\\\/#\\\/schema\\\/logo\\\/image\\\/\"},\"sameAs\":[\"https:\\\/\\\/www.facebook.com\\\/lhydrelasso\\\/\",\"https:\\\/\\\/x.com\\\/lassociation\",\"https:\\\/\\\/www.instagram.com\\\/editions_lassociation\",\"https:\\\/\\\/fr.wikipedia.org\\\/wiki\\\/LAssociation\",\"https:\\\/\\\/www.youtube.com\\\/@editions_lassociation\"]}]}<\/script>","yoast_head_json":{"title":"Nunavut - L\u2019Association","robots":{"index":"index","follow":"follow","max-snippet":"max-snippet:-1","max-image-preview":"max-image-preview:large","max-video-preview":"max-video-preview:-1"},"canonical":"https:\/\/www.lassociation.fr\/en\/catalogue\/nunavut\/","og_locale":"en_US","og_type":"article","og_title":"Nunavut - L\u2019Association","og_description":"Dans Nunavut, Edmond Baudoin \u00e9voque, \u00e0 l\u2019aide de mots qu\u2019accompagnent les dessins \u00e0 l\u2019encre de Troubs ainsi que les siens, leur voyage au Labrador et au Nunavut, sur les traces de l\u2019art inuit. Si leur bande dessin\u00e9e commune, Inuit, relatait leur p\u00e9riple en donnant la parole aux femmes et aux hommes rencontr\u00e9s, Nunavut se pr\u00e9sente [&hellip;]","og_url":"https:\/\/www.lassociation.fr\/en\/catalogue\/nunavut\/","og_site_name":"L\u2019Association","article_publisher":"https:\/\/www.facebook.com\/lhydrelasso\/","article_modified_time":"2026-04-11T19:43:21+00:00","og_image":[{"width":683,"height":1000,"url":"https:\/\/www.lassociation.fr\/backoffice\/wp-content\/uploads\/2024\/02\/Nunavut_CouvDEF.jpg","type":"image\/jpeg"}],"twitter_card":"summary_large_image","twitter_site":"@lassociation","schema":{"@context":"https:\/\/schema.org","@graph":[{"@type":"WebPage","@id":"https:\/\/www.lassociation.fr\/en\/catalogue\/nunavut\/","url":"https:\/\/www.lassociation.fr\/en\/catalogue\/nunavut\/","name":"Nunavut - L\u2019Association","isPartOf":{"@id":"https:\/\/www.lassociation.fr\/en\/#website"},"primaryImageOfPage":{"@id":"https:\/\/www.lassociation.fr\/en\/catalogue\/nunavut\/#primaryimage"},"image":{"@id":"https:\/\/www.lassociation.fr\/en\/catalogue\/nunavut\/#primaryimage"},"thumbnailUrl":"https:\/\/www.lassociation.fr\/backoffice\/wp-content\/uploads\/2024\/02\/Nunavut_CouvDEF.jpg","datePublished":"2024-04-26T14:28:30+00:00","dateModified":"2026-04-11T19:43:21+00:00","breadcrumb":{"@id":"https:\/\/www.lassociation.fr\/en\/catalogue\/nunavut\/#breadcrumb"},"inLanguage":"en-US","potentialAction":[{"@type":"ReadAction","target":["https:\/\/www.lassociation.fr\/en\/catalogue\/nunavut\/"]}]},{"@type":"ImageObject","inLanguage":"en-US","@id":"https:\/\/www.lassociation.fr\/en\/catalogue\/nunavut\/#primaryimage","url":"https:\/\/www.lassociation.fr\/backoffice\/wp-content\/uploads\/2024\/02\/Nunavut_CouvDEF.jpg","contentUrl":"https:\/\/www.lassociation.fr\/backoffice\/wp-content\/uploads\/2024\/02\/Nunavut_CouvDEF.jpg","width":683,"height":1000},{"@type":"BreadcrumbList","@id":"https:\/\/www.lassociation.fr\/en\/catalogue\/nunavut\/#breadcrumb","itemListElement":[{"@type":"ListItem","position":1,"name":"Accueil","item":"https:\/\/www.lassociation.fr\/en\/"},{"@type":"ListItem","position":2,"name":"Catalog","item":"https:\/\/www.lassociation.fr\/en\/catalogue\/"},{"@type":"ListItem","position":3,"name":"Nunavut"}]},{"@type":"WebSite","@id":"https:\/\/www.lassociation.fr\/en\/#website","url":"https:\/\/www.lassociation.fr\/en\/","name":"L\u2019Association","description":"Maison d\u2019\u00e9dition fran\u00e7aise de bande dessin\u00e9e, fond\u00e9e en 1990.","publisher":{"@id":"https:\/\/www.lassociation.fr\/en\/#organization"},"potentialAction":[{"@type":"SearchAction","target":{"@type":"EntryPoint","urlTemplate":"https:\/\/www.lassociation.fr\/en\/?s={search_term_string}"},"query-input":{"@type":"PropertyValueSpecification","valueRequired":true,"valueName":"search_term_string"}}],"inLanguage":"en-US"},{"@type":"Organization","@id":"https:\/\/www.lassociation.fr\/en\/#organization","name":"L\u2019Association","url":"https:\/\/www.lassociation.fr\/en\/","logo":{"@type":"ImageObject","inLanguage":"en-US","@id":"https:\/\/www.lassociation.fr\/en\/#\/schema\/logo\/image\/","url":"https:\/\/www.lassociation.fr\/backoffice\/wp-content\/uploads\/2019\/11\/asso_large.png","contentUrl":"https:\/\/www.lassociation.fr\/backoffice\/wp-content\/uploads\/2019\/11\/asso_large.png","width":1200,"height":630,"caption":"L\u2019Association"},"image":{"@id":"https:\/\/www.lassociation.fr\/en\/#\/schema\/logo\/image\/"},"sameAs":["https:\/\/www.facebook.com\/lhydrelasso\/","https:\/\/x.com\/lassociation","https:\/\/www.instagram.com\/editions_lassociation","https:\/\/fr.wikipedia.org\/wiki\/LAssociation","https:\/\/www.youtube.com\/@editions_lassociation"]}]}},"_links":{"self":[{"href":"https:\/\/www.lassociation.fr\/en\/wp-json\/wp\/v2\/product\/24615","targetHints":{"allow":["GET"]}}],"collection":[{"href":"https:\/\/www.lassociation.fr\/en\/wp-json\/wp\/v2\/product"}],"about":[{"href":"https:\/\/www.lassociation.fr\/en\/wp-json\/wp\/v2\/types\/product"}],"wp:featuredmedia":[{"embeddable":true,"href":"https:\/\/www.lassociation.fr\/en\/wp-json\/wp\/v2\/media\/24741"}],"wp:attachment":[{"href":"https:\/\/www.lassociation.fr\/en\/wp-json\/wp\/v2\/media?parent=24615"}],"wp:term":[{"taxonomy":"product_cat","embeddable":true,"href":"https:\/\/www.lassociation.fr\/en\/wp-json\/wp\/v2\/product_cat?post=24615"},{"taxonomy":"product_tag","embeddable":true,"href":"https:\/\/www.lassociation.fr\/en\/wp-json\/wp\/v2\/product_tag?post=24615"}],"curies":[{"name":"wp","href":"https:\/\/api.w.org\/{rel}","templated":true}]}}