{"id":24866,"date":"2024-04-29T12:16:59","date_gmt":"2024-04-29T10:16:59","guid":{"rendered":"https:\/\/www.lassociation.fr\/?post_type=product&#038;p=24866"},"modified":"2026-02-05T12:57:37","modified_gmt":"2026-02-05T11:57:37","slug":"en-territoire-ennemi","status":"publish","type":"product","link":"https:\/\/www.lassociation.fr\/en\/catalogue\/en-territoire-ennemi\/","title":{"rendered":"En territoire ennemi"},"content":{"rendered":"<p>Alors qu\u2019elle est encore adolescente, Carole prend ses distances avec sa famille catholique et ses valeurs traditionnelles. Solitaire et repli\u00e9e sur elle-m\u00eame, elle entre \u00e0 l\u2019\u00e9cole des beaux-arts de Nantes o\u00f9 peu \u00e0 peu, elle reprend confiance en elle. C\u2019est alors qu\u2019elle rencontre St\u00e9phane. St\u00e9phane est beau, plein d\u2019assurance, et surtout, il s\u2019int\u00e9resse \u00e0 elle. Carole tombe sous le charme et s\u2019investit dans cette relation. Mais rapidement, elle se retrouve isol\u00e9e, coup\u00e9e des autres et du monde, \u00e0 mesure que St\u00e9phane, embrigad\u00e9 par des discours masculinistes trouv\u00e9s sur internet, se transforme&#8230;<\/p>\n<p>Port\u00e9 par un dessin minimaliste et expressif, <em>En territoire ennemi<\/em> expose avec justesse les m\u00e9canismes qui m\u00e8nent progressivement \u00e0 l\u2019isolement pour Carole et \u00e0 l\u2019extr\u00eame droite pour St\u00e9phane. Un r\u00e9cit poignant, brutal et courageux sur la domination masculine sous ses formes les plus insidieuses et radicales.<\/p>\n<p><strong>\ud83c\udfc6 Prix sp\u00e9cial du jury du festival international de la bande dessin\u00e9e d\u2019Angoul\u00eame 2025<\/strong><\/p>\n","protected":false},"excerpt":{"rendered":"<p>Alors qu\u2019elle est encore adolescente, Carole prend ses distances avec sa famille catholique et ses valeurs traditionnelles. Solitaire et repli\u00e9e sur elle-m\u00eame, elle entre \u00e0 l\u2019\u00e9cole des beaux-arts de Nantes o\u00f9 peu \u00e0 peu, elle reprend confiance en elle. C\u2019est alors qu\u2019elle rencontre St\u00e9phane. St\u00e9phane est beau, plein d\u2019assurance, et surtout, il s\u2019int\u00e9resse \u00e0 elle. [&hellip;]<\/p>\n","protected":false},"featured_media":26038,"template":"","meta":{"_acf_changed":false},"product_cat":[41],"product_tag":[],"class_list":{"0":"post-24866","1":"product","2":"type-product","3":"status-publish","4":"has-post-thumbnail","6":"product_cat-ciboulette","7":"member-discount","8":"discount-restricted","10":"first","11":"instock","12":"taxable","13":"shipping-taxable","14":"purchasable","15":"product-type-simple"},"acf":[],"yoast_head":"<title>En territoire ennemi - L\u2019Association<\/title>\n<meta name=\"robots\" content=\"index, follow, max-snippet:-1, max-image-preview:large, max-video-preview:-1\" \/>\n<link rel=\"canonical\" href=\"https:\/\/www.lassociation.fr\/en\/catalogue\/en-territoire-ennemi\/\" \/>\n<meta property=\"og:locale\" content=\"en_US\" \/>\n<meta property=\"og:type\" content=\"article\" \/>\n<meta property=\"og:title\" content=\"En territoire ennemi - L\u2019Association\" \/>\n<meta property=\"og:description\" content=\"Alors qu\u2019elle est encore adolescente, Carole prend ses distances avec sa famille catholique et ses valeurs traditionnelles. Solitaire et repli\u00e9e sur elle-m\u00eame, elle entre \u00e0 l\u2019\u00e9cole des beaux-arts de Nantes o\u00f9 peu \u00e0 peu, elle reprend confiance en elle. C\u2019est alors qu\u2019elle rencontre St\u00e9phane. St\u00e9phane est beau, plein d\u2019assurance, et surtout, il s\u2019int\u00e9resse \u00e0 elle. [&hellip;]\" \/>\n<meta property=\"og:url\" content=\"https:\/\/www.lassociation.fr\/en\/catalogue\/en-territoire-ennemi\/\" \/>\n<meta property=\"og:site_name\" content=\"L\u2019Association\" \/>\n<meta property=\"article:publisher\" content=\"https:\/\/www.facebook.com\/lhydrelasso\/\" \/>\n<meta property=\"article:modified_time\" content=\"2026-02-05T11:57:37+00:00\" \/>\n<meta property=\"og:image\" content=\"https:\/\/www.lassociation.fr\/backoffice\/wp-content\/uploads\/2025\/02\/EnTerritoireEnnemi-PRIX_SPECIAL-ANGOULEME_2025.jpg\" \/>\n\t<meta property=\"og:image:width\" content=\"1200\" \/>\n\t<meta property=\"og:image:height\" content=\"1783\" \/>\n\t<meta property=\"og:image:type\" content=\"image\/jpeg\" \/>\n<meta name=\"twitter:card\" content=\"summary_large_image\" \/>\n<meta name=\"twitter:site\" content=\"@lassociation\" \/>\n<script type=\"application\/ld+json\" class=\"yoast-schema-graph\">{\"@context\":\"https:\\\/\\\/schema.org\",\"@graph\":[{\"@type\":\"WebPage\",\"@id\":\"https:\\\/\\\/www.lassociation.fr\\\/en\\\/catalogue\\\/en-territoire-ennemi\\\/\",\"url\":\"https:\\\/\\\/www.lassociation.fr\\\/en\\\/catalogue\\\/en-territoire-ennemi\\\/\",\"name\":\"En territoire ennemi - L\u2019Association\",\"isPartOf\":{\"@id\":\"https:\\\/\\\/www.lassociation.fr\\\/en\\\/#website\"},\"primaryImageOfPage\":{\"@id\":\"https:\\\/\\\/www.lassociation.fr\\\/en\\\/catalogue\\\/en-territoire-ennemi\\\/#primaryimage\"},\"image\":{\"@id\":\"https:\\\/\\\/www.lassociation.fr\\\/en\\\/catalogue\\\/en-territoire-ennemi\\\/#primaryimage\"},\"thumbnailUrl\":\"https:\\\/\\\/www.lassociation.fr\\\/backoffice\\\/wp-content\\\/uploads\\\/2025\\\/02\\\/EnTerritoireEnnemi-PRIX_SPECIAL-ANGOULEME_2025.jpg\",\"datePublished\":\"2024-04-29T10:16:59+00:00\",\"dateModified\":\"2026-02-05T11:57:37+00:00\",\"breadcrumb\":{\"@id\":\"https:\\\/\\\/www.lassociation.fr\\\/en\\\/catalogue\\\/en-territoire-ennemi\\\/#breadcrumb\"},\"inLanguage\":\"en-US\",\"potentialAction\":[{\"@type\":\"ReadAction\",\"target\":[\"https:\\\/\\\/www.lassociation.fr\\\/en\\\/catalogue\\\/en-territoire-ennemi\\\/\"]}]},{\"@type\":\"ImageObject\",\"inLanguage\":\"en-US\",\"@id\":\"https:\\\/\\\/www.lassociation.fr\\\/en\\\/catalogue\\\/en-territoire-ennemi\\\/#primaryimage\",\"url\":\"https:\\\/\\\/www.lassociation.fr\\\/backoffice\\\/wp-content\\\/uploads\\\/2025\\\/02\\\/EnTerritoireEnnemi-PRIX_SPECIAL-ANGOULEME_2025.jpg\",\"contentUrl\":\"https:\\\/\\\/www.lassociation.fr\\\/backoffice\\\/wp-content\\\/uploads\\\/2025\\\/02\\\/EnTerritoireEnnemi-PRIX_SPECIAL-ANGOULEME_2025.jpg\",\"width\":1200,\"height\":1783},{\"@type\":\"BreadcrumbList\",\"@id\":\"https:\\\/\\\/www.lassociation.fr\\\/en\\\/catalogue\\\/en-territoire-ennemi\\\/#breadcrumb\",\"itemListElement\":[{\"@type\":\"ListItem\",\"position\":1,\"name\":\"Accueil\",\"item\":\"https:\\\/\\\/www.lassociation.fr\\\/en\\\/\"},{\"@type\":\"ListItem\",\"position\":2,\"name\":\"Catalog\",\"item\":\"https:\\\/\\\/www.lassociation.fr\\\/en\\\/catalogue\\\/\"},{\"@type\":\"ListItem\",\"position\":3,\"name\":\"En territoire ennemi\"}]},{\"@type\":\"WebSite\",\"@id\":\"https:\\\/\\\/www.lassociation.fr\\\/en\\\/#website\",\"url\":\"https:\\\/\\\/www.lassociation.fr\\\/en\\\/\",\"name\":\"L\u2019Association\",\"description\":\"Maison d\u2019\u00e9dition fran\u00e7aise de bande dessin\u00e9e, fond\u00e9e en 1990.\",\"publisher\":{\"@id\":\"https:\\\/\\\/www.lassociation.fr\\\/en\\\/#organization\"},\"potentialAction\":[{\"@type\":\"SearchAction\",\"target\":{\"@type\":\"EntryPoint\",\"urlTemplate\":\"https:\\\/\\\/www.lassociation.fr\\\/en\\\/?s={search_term_string}\"},\"query-input\":{\"@type\":\"PropertyValueSpecification\",\"valueRequired\":true,\"valueName\":\"search_term_string\"}}],\"inLanguage\":\"en-US\"},{\"@type\":\"Organization\",\"@id\":\"https:\\\/\\\/www.lassociation.fr\\\/en\\\/#organization\",\"name\":\"L\u2019Association\",\"url\":\"https:\\\/\\\/www.lassociation.fr\\\/en\\\/\",\"logo\":{\"@type\":\"ImageObject\",\"inLanguage\":\"en-US\",\"@id\":\"https:\\\/\\\/www.lassociation.fr\\\/en\\\/#\\\/schema\\\/logo\\\/image\\\/\",\"url\":\"https:\\\/\\\/www.lassociation.fr\\\/backoffice\\\/wp-content\\\/uploads\\\/2019\\\/11\\\/asso_large.png\",\"contentUrl\":\"https:\\\/\\\/www.lassociation.fr\\\/backoffice\\\/wp-content\\\/uploads\\\/2019\\\/11\\\/asso_large.png\",\"width\":1200,\"height\":630,\"caption\":\"L\u2019Association\"},\"image\":{\"@id\":\"https:\\\/\\\/www.lassociation.fr\\\/en\\\/#\\\/schema\\\/logo\\\/image\\\/\"},\"sameAs\":[\"https:\\\/\\\/www.facebook.com\\\/lhydrelasso\\\/\",\"https:\\\/\\\/x.com\\\/lassociation\",\"https:\\\/\\\/www.instagram.com\\\/editions_lassociation\",\"https:\\\/\\\/fr.wikipedia.org\\\/wiki\\\/LAssociation\",\"https:\\\/\\\/www.youtube.com\\\/@editions_lassociation\"]}]}<\/script>","yoast_head_json":{"title":"En territoire ennemi - L\u2019Association","robots":{"index":"index","follow":"follow","max-snippet":"max-snippet:-1","max-image-preview":"max-image-preview:large","max-video-preview":"max-video-preview:-1"},"canonical":"https:\/\/www.lassociation.fr\/en\/catalogue\/en-territoire-ennemi\/","og_locale":"en_US","og_type":"article","og_title":"En territoire ennemi - L\u2019Association","og_description":"Alors qu\u2019elle est encore adolescente, Carole prend ses distances avec sa famille catholique et ses valeurs traditionnelles. Solitaire et repli\u00e9e sur elle-m\u00eame, elle entre \u00e0 l\u2019\u00e9cole des beaux-arts de Nantes o\u00f9 peu \u00e0 peu, elle reprend confiance en elle. C\u2019est alors qu\u2019elle rencontre St\u00e9phane. St\u00e9phane est beau, plein d\u2019assurance, et surtout, il s\u2019int\u00e9resse \u00e0 elle. [&hellip;]","og_url":"https:\/\/www.lassociation.fr\/en\/catalogue\/en-territoire-ennemi\/","og_site_name":"L\u2019Association","article_publisher":"https:\/\/www.facebook.com\/lhydrelasso\/","article_modified_time":"2026-02-05T11:57:37+00:00","og_image":[{"width":1200,"height":1783,"url":"https:\/\/www.lassociation.fr\/backoffice\/wp-content\/uploads\/2025\/02\/EnTerritoireEnnemi-PRIX_SPECIAL-ANGOULEME_2025.jpg","type":"image\/jpeg"}],"twitter_card":"summary_large_image","twitter_site":"@lassociation","schema":{"@context":"https:\/\/schema.org","@graph":[{"@type":"WebPage","@id":"https:\/\/www.lassociation.fr\/en\/catalogue\/en-territoire-ennemi\/","url":"https:\/\/www.lassociation.fr\/en\/catalogue\/en-territoire-ennemi\/","name":"En territoire ennemi - L\u2019Association","isPartOf":{"@id":"https:\/\/www.lassociation.fr\/en\/#website"},"primaryImageOfPage":{"@id":"https:\/\/www.lassociation.fr\/en\/catalogue\/en-territoire-ennemi\/#primaryimage"},"image":{"@id":"https:\/\/www.lassociation.fr\/en\/catalogue\/en-territoire-ennemi\/#primaryimage"},"thumbnailUrl":"https:\/\/www.lassociation.fr\/backoffice\/wp-content\/uploads\/2025\/02\/EnTerritoireEnnemi-PRIX_SPECIAL-ANGOULEME_2025.jpg","datePublished":"2024-04-29T10:16:59+00:00","dateModified":"2026-02-05T11:57:37+00:00","breadcrumb":{"@id":"https:\/\/www.lassociation.fr\/en\/catalogue\/en-territoire-ennemi\/#breadcrumb"},"inLanguage":"en-US","potentialAction":[{"@type":"ReadAction","target":["https:\/\/www.lassociation.fr\/en\/catalogue\/en-territoire-ennemi\/"]}]},{"@type":"ImageObject","inLanguage":"en-US","@id":"https:\/\/www.lassociation.fr\/en\/catalogue\/en-territoire-ennemi\/#primaryimage","url":"https:\/\/www.lassociation.fr\/backoffice\/wp-content\/uploads\/2025\/02\/EnTerritoireEnnemi-PRIX_SPECIAL-ANGOULEME_2025.jpg","contentUrl":"https:\/\/www.lassociation.fr\/backoffice\/wp-content\/uploads\/2025\/02\/EnTerritoireEnnemi-PRIX_SPECIAL-ANGOULEME_2025.jpg","width":1200,"height":1783},{"@type":"BreadcrumbList","@id":"https:\/\/www.lassociation.fr\/en\/catalogue\/en-territoire-ennemi\/#breadcrumb","itemListElement":[{"@type":"ListItem","position":1,"name":"Accueil","item":"https:\/\/www.lassociation.fr\/en\/"},{"@type":"ListItem","position":2,"name":"Catalog","item":"https:\/\/www.lassociation.fr\/en\/catalogue\/"},{"@type":"ListItem","position":3,"name":"En territoire ennemi"}]},{"@type":"WebSite","@id":"https:\/\/www.lassociation.fr\/en\/#website","url":"https:\/\/www.lassociation.fr\/en\/","name":"L\u2019Association","description":"Maison d\u2019\u00e9dition fran\u00e7aise de bande dessin\u00e9e, fond\u00e9e en 1990.","publisher":{"@id":"https:\/\/www.lassociation.fr\/en\/#organization"},"potentialAction":[{"@type":"SearchAction","target":{"@type":"EntryPoint","urlTemplate":"https:\/\/www.lassociation.fr\/en\/?s={search_term_string}"},"query-input":{"@type":"PropertyValueSpecification","valueRequired":true,"valueName":"search_term_string"}}],"inLanguage":"en-US"},{"@type":"Organization","@id":"https:\/\/www.lassociation.fr\/en\/#organization","name":"L\u2019Association","url":"https:\/\/www.lassociation.fr\/en\/","logo":{"@type":"ImageObject","inLanguage":"en-US","@id":"https:\/\/www.lassociation.fr\/en\/#\/schema\/logo\/image\/","url":"https:\/\/www.lassociation.fr\/backoffice\/wp-content\/uploads\/2019\/11\/asso_large.png","contentUrl":"https:\/\/www.lassociation.fr\/backoffice\/wp-content\/uploads\/2019\/11\/asso_large.png","width":1200,"height":630,"caption":"L\u2019Association"},"image":{"@id":"https:\/\/www.lassociation.fr\/en\/#\/schema\/logo\/image\/"},"sameAs":["https:\/\/www.facebook.com\/lhydrelasso\/","https:\/\/x.com\/lassociation","https:\/\/www.instagram.com\/editions_lassociation","https:\/\/fr.wikipedia.org\/wiki\/LAssociation","https:\/\/www.youtube.com\/@editions_lassociation"]}]}},"_links":{"self":[{"href":"https:\/\/www.lassociation.fr\/en\/wp-json\/wp\/v2\/product\/24866","targetHints":{"allow":["GET"]}}],"collection":[{"href":"https:\/\/www.lassociation.fr\/en\/wp-json\/wp\/v2\/product"}],"about":[{"href":"https:\/\/www.lassociation.fr\/en\/wp-json\/wp\/v2\/types\/product"}],"wp:featuredmedia":[{"embeddable":true,"href":"https:\/\/www.lassociation.fr\/en\/wp-json\/wp\/v2\/media\/26038"}],"wp:attachment":[{"href":"https:\/\/www.lassociation.fr\/en\/wp-json\/wp\/v2\/media?parent=24866"}],"wp:term":[{"taxonomy":"product_cat","embeddable":true,"href":"https:\/\/www.lassociation.fr\/en\/wp-json\/wp\/v2\/product_cat?post=24866"},{"taxonomy":"product_tag","embeddable":true,"href":"https:\/\/www.lassociation.fr\/en\/wp-json\/wp\/v2\/product_tag?post=24866"}],"curies":[{"name":"wp","href":"https:\/\/api.w.org\/{rel}","templated":true}]}}